{"id":8265,"date":"2025-09-03T10:35:12","date_gmt":"2025-09-03T10:35:12","guid":{"rendered":"https:\/\/longchangchemical.com\/?post_type=product&#038;p=8265"},"modified":"2025-12-15T09:24:15","modified_gmt":"2025-12-15T09:24:15","slug":"chluminit-262-cas-100011-37-8","status":"publish","type":"product","link":"https:\/\/longchangchemical.com\/tr\/product\/chluminit-262-cas-100011-37-8\/","title":{"rendered":"CHLUMINIT\u00ae 262 \/ Fotoba\u015flat\u0131c\u0131 262 CAS 100011-37-8"},"content":{"rendered":"<table width=\"548\">\n<tbody>\n<tr>\n<td width=\"112\">Kimyasal Ad\u0131<\/td>\n<td width=\"436\">h-cumene)-(h-cyclopentadienyl)iron(II) hexafluoroantimonat<\/td>\n<\/tr>\n<tr>\n<td width=\"112\">CAS NO.<\/td>\n<td width=\"436\">100011-37-8<\/td>\n<\/tr>\n<tr>\n<td width=\"112\">G\u00f6r\u00fcn\u00fc\u015f<\/td>\n<td width=\"436\">Sar\u0131 Toz<\/td>\n<\/tr>\n<tr>\n<td width=\"112\">Safl\u0131k<\/td>\n<td width=\"436\">\u226598%<\/td>\n<\/tr>\n<tr>\n<td width=\"112\">Erime Noktas\u0131<\/td>\n<td width=\"436\">83-85*0<\/td>\n<\/tr>\n<tr>\n<td width=\"112\">Absorpsiyon Zirvesi<\/td>\n<td width=\"436\">300nm 390nm 450nm<\/td>\n<\/tr>\n<tr>\n<td rowspan=\"3\" width=\"112\">Avantajlar<\/td>\n<td width=\"436\">1) Geni\u015f absorpsiyon aral\u0131\u011f\u0131, g\u00f6r\u00fcn\u00fcr \u0131\u015f\u0131k alt\u0131nda k\u00fcrlenebilir<\/td>\n<\/tr>\n<tr>\n<td width=\"436\">2) \u0130yi termal kararl\u0131l\u0131k. Y\u00fcksek \u00e7\u00f6z\u00fcn\u00fcrl\u00fck<\/td>\n<\/tr>\n<tr>\n<td width=\"436\">3) D\u00fc\u015f\u00fck u\u00e7uculuk, hafif koku ve \u00e7evre dostu<\/td>\n<\/tr>\n<tr>\n<td width=\"112\">Uygulama<\/td>\n<td width=\"436\">Fotoba\u015flat\u0131c\u0131 262 g\u00f6r\u00fcn\u00fcr \u0131\u015f\u0131k alt\u0131nda k\u00fcrlenebilir ve LED, UV \u0131\u015f\u0131\u011f\u0131, X-\u0131\u015f\u0131n\u0131 ve lazer ile k\u00fcrleme i\u00e7in \u00e7ok uygundur. Esas olarak UV kaplama, UV m\u00fcrekkep, fotorezist, PCB i\u00e7in a\u015f\u0131nd\u0131rma direnci vb. alanlarda kullan\u0131l\u0131r. Suda \u00e7\u00f6z\u00fcnen fotopolimerler i\u00e7in de uygundur.<\/td>\n<\/tr>\n<\/tbody>\n<\/table>\n<h2><strong><b>\u015eimdi Bize Ula\u015f\u0131n!<\/b><\/strong><\/h2>\n<h4><strong><b>Fiyat veya numune testine ihtiyac\u0131n\u0131z varsa, l\u00fctfen a\u015fa\u011f\u0131daki forma ileti\u015fim bilgilerinizi girin, genellikle 24 saat i\u00e7inde sizinle ileti\u015fime ge\u00e7ece\u011fiz. Bana e-posta da g\u00f6nderebilirsiniz <span style=\"color: #00ccff;\"><a style=\"color: #00ccff;\" href=\"mailto:info@longchangchemical.com\">info@longchangchemical.com<\/a><\/span>\u00a0\u00c7al\u0131\u015fma saatleri i\u00e7inde (8:30 - 6:00 UTC+8 Pzt.~Sat.) veya h\u0131zl\u0131 yan\u0131t almak i\u00e7in web sitesi canl\u0131 sohbetini kullan\u0131n.<\/b><\/strong><\/h4>","protected":false},"excerpt":{"rendered":"<p>Kimyasal Ad\u0131 h-cumene)-(h-cyclopentadienyl)iron(II) hexafluoroantimonat CAS NO. 100011-37-8 G\u00f6r\u00fcn\u00fcm Sar\u0131 Toz Safl\u0131k \u226598% Erime Noktas\u0131 83-85*0 Absorpsiyon Tepe Noktas\u0131 300nm 390nm 450nm Avantajlar\u0131 1) Geni\u015f absorpsiyon aral\u0131\u011f\u0131, g\u00f6r\u00fcn\u00fcr \u0131\u015f\u0131k alt\u0131nda k\u00fcrlenebilir 2) \u0130yi termal stabilite. Y\u00fcksek \u00e7\u00f6z\u00fcn\u00fcrl\u00fck 3) D\u00fc\u015f\u00fck u\u00e7uculuk, hafif kokulu ve \u00e7evre dostu Uygulama Fotoba\u015flat\u0131c\u0131 262 g\u00f6r\u00fcn\u00fcr \u0131\u015f\u0131k alt\u0131nda k\u00fcrlenebilir ve \u00e7ok uygundur [...]<\/p>","protected":false},"featured_media":0,"comment_status":"closed","ping_status":"closed","template":"","meta":[],"product_brand":[],"product_cat":[175,174],"product_tag":[],"class_list":{"0":"post-8265","1":"product","2":"type-product","3":"status-publish","5":"product_cat-cationic-photoinitiator","6":"product_cat-photoinitiator","8":"first","9":"instock","10":"shipping-taxable","11":"product-type-simple"},"yoast_head":"<!-- This site is optimized with the Yoast SEO plugin v25.3.1 - https:\/\/yoast.com\/wordpress\/plugins\/seo\/ -->\n<title>China CHLUMINIT\u00ae 262 \/ Photoinitiator 262 CAS 100011-37-8 Manufacturer - Longchang Chemical<\/title>\n<meta name=\"description\" content=\"CHLUMINIT\u00ae 262 is a key product of Longchang Chemical. We provide the best price. We are the leading manufacturer in China with the best quality and competitive price.\" \/>\n<meta name=\"robots\" content=\"index, follow, max-snippet:-1, max-image-preview:large, max-video-preview:-1\" \/>\n<link rel=\"canonical\" href=\"https:\/\/longchangchemical.com\/tr\/product\/chluminit-262-cas-100011-37-8\/\" \/>\n<meta property=\"og:locale\" content=\"tr_TR\" \/>\n<meta property=\"og:type\" content=\"article\" \/>\n<meta property=\"og:title\" content=\"China CHLUMINIT\u00ae 262 \/ Photoinitiator 262 CAS 100011-37-8 Manufacturer - Longchang Chemical\" \/>\n<meta property=\"og:description\" content=\"CHLUMINIT\u00ae 262 is a key product of Longchang Chemical. We provide the best price. We are the leading manufacturer in China with the best quality and competitive price.\" \/>\n<meta property=\"og:url\" content=\"https:\/\/longchangchemical.com\/tr\/product\/chluminit-262-cas-100011-37-8\/\" \/>\n<meta property=\"og:site_name\" content=\"Longchang Chemical\" \/>\n<meta property=\"article:modified_time\" content=\"2025-12-15T09:24:15+00:00\" \/>\n<meta property=\"og:image\" content=\"https:\/\/longchangchemical.com\/wp-content\/uploads\/2024\/02\/logo-jpeg.jpg\" \/>\n\t<meta property=\"og:image:width\" content=\"1000\" \/>\n\t<meta property=\"og:image:height\" content=\"1000\" \/>\n\t<meta property=\"og:image:type\" content=\"image\/jpeg\" \/>\n<meta name=\"twitter:card\" content=\"summary_large_image\" \/>\n<script type=\"application\/ld+json\" class=\"yoast-schema-graph\">{\"@context\":\"https:\/\/schema.org\",\"@graph\":[{\"@type\":\"WebPage\",\"@id\":\"https:\/\/longchangchemical.com\/product\/chluminit-262-cas-100011-37-8\/\",\"url\":\"https:\/\/longchangchemical.com\/product\/chluminit-262-cas-100011-37-8\/\",\"name\":\"China CHLUMINIT\u00ae 262 \/ Photoinitiator 262 CAS 100011-37-8 Manufacturer - Longchang Chemical\",\"isPartOf\":{\"@id\":\"https:\/\/longchangchemical.com\/#website\"},\"datePublished\":\"2025-09-03T10:35:12+00:00\",\"dateModified\":\"2025-12-15T09:24:15+00:00\",\"description\":\"CHLUMINIT\u00ae 262 is a key product of Longchang Chemical. We provide the best price. We are the leading manufacturer in China with the best quality and competitive price.\",\"breadcrumb\":{\"@id\":\"https:\/\/longchangchemical.com\/product\/chluminit-262-cas-100011-37-8\/#breadcrumb\"},\"inLanguage\":\"tr\",\"potentialAction\":[{\"@type\":\"ReadAction\",\"target\":[\"https:\/\/longchangchemical.com\/product\/chluminit-262-cas-100011-37-8\/\"]}]},{\"@type\":\"BreadcrumbList\",\"@id\":\"https:\/\/longchangchemical.com\/product\/chluminit-262-cas-100011-37-8\/#breadcrumb\",\"itemListElement\":[{\"@type\":\"ListItem\",\"position\":1,\"name\":\"Home\",\"item\":\"https:\/\/longchangchemical.com\/\"},{\"@type\":\"ListItem\",\"position\":2,\"name\":\"Products Longchang\",\"item\":\"https:\/\/longchangchemical.com\/product\/\"},{\"@type\":\"ListItem\",\"position\":3,\"name\":\"CHLUMINIT\u00ae 262 \/ Photoinitiator 262 CAS 100011-37-8\"}]},{\"@type\":\"WebSite\",\"@id\":\"https:\/\/longchangchemical.com\/#website\",\"url\":\"https:\/\/longchangchemical.com\/\",\"name\":\"Longchang Chemical\",\"description\":\"China chemical manufacturer \uff06 supplier\",\"publisher\":{\"@id\":\"https:\/\/longchangchemical.com\/#organization\"},\"potentialAction\":[{\"@type\":\"SearchAction\",\"target\":{\"@type\":\"EntryPoint\",\"urlTemplate\":\"https:\/\/longchangchemical.com\/?s={search_term_string}\"},\"query-input\":{\"@type\":\"PropertyValueSpecification\",\"valueRequired\":true,\"valueName\":\"search_term_string\"}}],\"inLanguage\":\"tr\"},{\"@type\":\"Organization\",\"@id\":\"https:\/\/longchangchemical.com\/#organization\",\"name\":\"Longchang Chemical\",\"url\":\"https:\/\/longchangchemical.com\/\",\"logo\":{\"@type\":\"ImageObject\",\"inLanguage\":\"tr\",\"@id\":\"https:\/\/longchangchemical.com\/#\/schema\/logo\/image\/\",\"url\":\"https:\/\/longchangchemical.com\/wp-content\/uploads\/2020\/08\/cropped-longchang-logo.png\",\"contentUrl\":\"https:\/\/longchangchemical.com\/wp-content\/uploads\/2020\/08\/cropped-longchang-logo.png\",\"width\":512,\"height\":512,\"caption\":\"Longchang Chemical\"},\"image\":{\"@id\":\"https:\/\/longchangchemical.com\/#\/schema\/logo\/image\/\"}}]}<\/script>\n<!-- \/ Yoast SEO plugin. -->","yoast_head_json":{"title":"\u00c7in CHLUMINIT\u00ae 262 \/ Photoinitiator 262 CAS 100011-37-8 \u00dcretici - Longchang Chemical","description":"CHLUMINIT\u00ae 262, Longchang Chemical'\u0131n \u00f6nemli bir \u00fcr\u00fcn\u00fcd\u00fcr. En iyi fiyat\u0131 sa\u011fl\u0131yoruz. En iyi kalite ve rekabet\u00e7i fiyat ile \u00c7in'de lider \u00fcreticiyiz.","robots":{"index":"index","follow":"follow","max-snippet":"max-snippet:-1","max-image-preview":"max-image-preview:large","max-video-preview":"max-video-preview:-1"},"canonical":"https:\/\/longchangchemical.com\/tr\/product\/chluminit-262-cas-100011-37-8\/","og_locale":"tr_TR","og_type":"article","og_title":"China CHLUMINIT\u00ae 262 \/ Photoinitiator 262 CAS 100011-37-8 Manufacturer - Longchang Chemical","og_description":"CHLUMINIT\u00ae 262 is a key product of Longchang Chemical. We provide the best price. We are the leading manufacturer in China with the best quality and competitive price.","og_url":"https:\/\/longchangchemical.com\/tr\/product\/chluminit-262-cas-100011-37-8\/","og_site_name":"Longchang Chemical","article_modified_time":"2025-12-15T09:24:15+00:00","og_image":[{"width":1000,"height":1000,"url":"https:\/\/longchangchemical.com\/wp-content\/uploads\/2024\/02\/logo-jpeg.jpg","type":"image\/jpeg"}],"twitter_card":"summary_large_image","schema":{"@context":"https:\/\/schema.org","@graph":[{"@type":"WebPage","@id":"https:\/\/longchangchemical.com\/product\/chluminit-262-cas-100011-37-8\/","url":"https:\/\/longchangchemical.com\/product\/chluminit-262-cas-100011-37-8\/","name":"\u00c7in CHLUMINIT\u00ae 262 \/ Photoinitiator 262 CAS 100011-37-8 \u00dcretici - Longchang Chemical","isPartOf":{"@id":"https:\/\/longchangchemical.com\/#website"},"datePublished":"2025-09-03T10:35:12+00:00","dateModified":"2025-12-15T09:24:15+00:00","description":"CHLUMINIT\u00ae 262, Longchang Chemical'\u0131n \u00f6nemli bir \u00fcr\u00fcn\u00fcd\u00fcr. En iyi fiyat\u0131 sa\u011fl\u0131yoruz. En iyi kalite ve rekabet\u00e7i fiyat ile \u00c7in'de lider \u00fcreticiyiz.","breadcrumb":{"@id":"https:\/\/longchangchemical.com\/product\/chluminit-262-cas-100011-37-8\/#breadcrumb"},"inLanguage":"tr","potentialAction":[{"@type":"ReadAction","target":["https:\/\/longchangchemical.com\/product\/chluminit-262-cas-100011-37-8\/"]}]},{"@type":"BreadcrumbList","@id":"https:\/\/longchangchemical.com\/product\/chluminit-262-cas-100011-37-8\/#breadcrumb","itemListElement":[{"@type":"ListItem","position":1,"name":"Home","item":"https:\/\/longchangchemical.com\/"},{"@type":"ListItem","position":2,"name":"Products Longchang","item":"https:\/\/longchangchemical.com\/product\/"},{"@type":"ListItem","position":3,"name":"CHLUMINIT\u00ae 262 \/ Photoinitiator 262 CAS 100011-37-8"}]},{"@type":"WebSite","@id":"https:\/\/longchangchemical.com\/#website","url":"https:\/\/longchangchemical.com\/","name":"Longchang Kimya","description":"\u00c7in kimyasal \u00fcreticisi \uff06 tedarik\u00e7isi","publisher":{"@id":"https:\/\/longchangchemical.com\/#organization"},"potentialAction":[{"@type":"SearchAction","target":{"@type":"EntryPoint","urlTemplate":"https:\/\/longchangchemical.com\/?s={search_term_string}"},"query-input":{"@type":"PropertyValueSpecification","valueRequired":true,"valueName":"search_term_string"}}],"inLanguage":"tr"},{"@type":"Organization","@id":"https:\/\/longchangchemical.com\/#organization","name":"Longchang Kimya","url":"https:\/\/longchangchemical.com\/","logo":{"@type":"ImageObject","inLanguage":"tr","@id":"https:\/\/longchangchemical.com\/#\/schema\/logo\/image\/","url":"https:\/\/longchangchemical.com\/wp-content\/uploads\/2020\/08\/cropped-longchang-logo.png","contentUrl":"https:\/\/longchangchemical.com\/wp-content\/uploads\/2020\/08\/cropped-longchang-logo.png","width":512,"height":512,"caption":"Longchang Chemical"},"image":{"@id":"https:\/\/longchangchemical.com\/#\/schema\/logo\/image\/"}}]}},"_links":{"self":[{"href":"https:\/\/longchangchemical.com\/tr\/wp-json\/wp\/v2\/product\/8265","targetHints":{"allow":["GET"]}}],"collection":[{"href":"https:\/\/longchangchemical.com\/tr\/wp-json\/wp\/v2\/product"}],"about":[{"href":"https:\/\/longchangchemical.com\/tr\/wp-json\/wp\/v2\/types\/product"}],"replies":[{"embeddable":true,"href":"https:\/\/longchangchemical.com\/tr\/wp-json\/wp\/v2\/comments?post=8265"}],"wp:attachment":[{"href":"https:\/\/longchangchemical.com\/tr\/wp-json\/wp\/v2\/media?parent=8265"}],"wp:term":[{"taxonomy":"product_brand","embeddable":true,"href":"https:\/\/longchangchemical.com\/tr\/wp-json\/wp\/v2\/product_brand?post=8265"},{"taxonomy":"product_cat","embeddable":true,"href":"https:\/\/longchangchemical.com\/tr\/wp-json\/wp\/v2\/product_cat?post=8265"},{"taxonomy":"product_tag","embeddable":true,"href":"https:\/\/longchangchemical.com\/tr\/wp-json\/wp\/v2\/product_tag?post=8265"}],"curies":[{"name":"wp","href":"https:\/\/api.w.org\/{rel}","templated":true}]}}