{"id":8261,"date":"2025-09-03T09:56:41","date_gmt":"2025-09-03T09:56:41","guid":{"rendered":"https:\/\/longchangchemical.com\/?post_type=product&#038;p=8261"},"modified":"2025-09-03T09:57:02","modified_gmt":"2025-09-03T09:57:02","slug":"chluminit-oxe-06-for-negative-photoresist","status":"publish","type":"product","link":"https:\/\/longchangchemical.com\/tr\/product\/chluminit-oxe-06-for-negative-photoresist\/","title":{"rendered":"CHLUMINIT\u00ae OXE-06 \/ Photoinitiator OXE-06 Negatif fotorezist i\u00e7in"},"content":{"rendered":"<p>LED395nm<\/p>\n<h3><b><span style=\"font-family: Calibri;\">LCD'nin negatif fotorezisti i\u00e7in uygundur, S\u0131f\u0131r VOC emisyonu ile a\u011f\u0131rl\u0131k\u00e7a 35% karbon siyah\u0131 pigmentini tolere edebilir.<\/span><\/b><\/h3>\n<h2><strong><b>\u015eimdi Bize Ula\u015f\u0131n!<\/b><\/strong><\/h2>\n<h4><strong><b>Fiyata ihtiyac\u0131n\u0131z varsa, l\u00fctfen a\u015fa\u011f\u0131daki forma ileti\u015fim bilgilerinizi doldurun, genellikle 24 saat i\u00e7inde sizinle ileti\u015fime ge\u00e7ece\u011fiz. Bana e-posta da g\u00f6nderebilirsiniz <span style=\"color: #00ccff;\"><a style=\"color: #00ccff;\" href=\"mailto:info@longchangchemical.com\">info@longchangchemical.com<\/a><\/span>\u00a0\u00c7al\u0131\u015fma saatleri i\u00e7inde (8:30 - 6:00 UTC+8 Pzt.~Sat.) veya h\u0131zl\u0131 yan\u0131t almak i\u00e7in web sitesi canl\u0131 sohbetini kullan\u0131n.<\/b><\/strong><\/h4>","protected":false},"excerpt":{"rendered":"<p>LED395nm LCD'nin negatif fotorezisti i\u00e7in uygundur, S\u0131f\u0131r VOC emisyonu ile a\u011f\u0131rl\u0131k\u00e7a 35% karbon siyah\u0131 pigmentini tolere edebilir. \u015eimdi Bize Ula\u015f\u0131n! Fiyata ihtiyac\u0131n\u0131z varsa, l\u00fctfen ileti\u015fim bilgilerinizi a\u015fa\u011f\u0131daki forma doldurun, genellikle 24 saat i\u00e7inde sizinle ileti\u015fime ge\u00e7ece\u011fiz. Ayr\u0131ca \u00e7al\u0131\u015fma saatleri i\u00e7inde info@longchangchemical.com adresine e-posta g\u00f6nderebilirsiniz ( 8:30 [...]<\/p>","protected":false},"featured_media":0,"comment_status":"closed","ping_status":"closed","template":"","meta":[],"product_brand":[],"product_cat":[174,177],"product_tag":[],"class_list":{"0":"post-8261","1":"product","2":"type-product","3":"status-publish","5":"product_cat-photoinitiator","6":"product_cat-type-i-free-radical-photoinitiator","8":"first","9":"instock","10":"shipping-taxable","11":"product-type-simple"},"yoast_head":"<!-- This site is optimized with the Yoast SEO plugin v25.3.1 - https:\/\/yoast.com\/wordpress\/plugins\/seo\/ -->\n<title>CHLUMINIT\u00ae OXE-06 \/ Photoinitiator OXE-06 For negative photoresist Manufacturer - Longchang Chemical<\/title>\n<meta name=\"description\" content=\"CHLUMINIT\u00ae OXE-06 \/ Photoinitiator OXE-06 is a key product of Longchang Chemical. We provide the best price. We are the leading manufacturer in China with the best quality and competitive price. Photoinitiator OXE-06 For negative photoresist.\" \/>\n<meta name=\"robots\" content=\"index, follow, max-snippet:-1, max-image-preview:large, max-video-preview:-1\" \/>\n<link rel=\"canonical\" href=\"https:\/\/longchangchemical.com\/tr\/product\/chluminit-oxe-06-for-negative-photoresist\/\" \/>\n<meta property=\"og:locale\" content=\"tr_TR\" \/>\n<meta property=\"og:type\" content=\"article\" \/>\n<meta property=\"og:title\" content=\"CHLUMINIT\u00ae OXE-06 \/ Photoinitiator OXE-06 For negative photoresist Manufacturer - Longchang Chemical\" \/>\n<meta property=\"og:description\" content=\"CHLUMINIT\u00ae OXE-06 \/ Photoinitiator OXE-06 is a key product of Longchang Chemical. We provide the best price. We are the leading manufacturer in China with the best quality and competitive price. Photoinitiator OXE-06 For negative photoresist.\" \/>\n<meta property=\"og:url\" content=\"https:\/\/longchangchemical.com\/tr\/product\/chluminit-oxe-06-for-negative-photoresist\/\" \/>\n<meta property=\"og:site_name\" content=\"Longchang Chemical\" \/>\n<meta property=\"article:modified_time\" content=\"2025-09-03T09:57:02+00:00\" \/>\n<meta property=\"og:image\" content=\"https:\/\/longchangchemical.com\/wp-content\/uploads\/2024\/02\/logo-jpeg.jpg\" \/>\n\t<meta property=\"og:image:width\" content=\"1000\" \/>\n\t<meta property=\"og:image:height\" content=\"1000\" \/>\n\t<meta property=\"og:image:type\" content=\"image\/jpeg\" \/>\n<meta name=\"twitter:card\" content=\"summary_large_image\" \/>\n<script type=\"application\/ld+json\" class=\"yoast-schema-graph\">{\"@context\":\"https:\/\/schema.org\",\"@graph\":[{\"@type\":\"WebPage\",\"@id\":\"https:\/\/longchangchemical.com\/product\/chluminit-oxe-06-for-negative-photoresist\/\",\"url\":\"https:\/\/longchangchemical.com\/product\/chluminit-oxe-06-for-negative-photoresist\/\",\"name\":\"CHLUMINIT\u00ae OXE-06 \/ Photoinitiator OXE-06 For negative photoresist Manufacturer - Longchang Chemical\",\"isPartOf\":{\"@id\":\"https:\/\/longchangchemical.com\/#website\"},\"datePublished\":\"2025-09-03T09:56:41+00:00\",\"dateModified\":\"2025-09-03T09:57:02+00:00\",\"description\":\"CHLUMINIT\u00ae OXE-06 \/ Photoinitiator OXE-06 is a key product of Longchang Chemical. We provide the best price. We are the leading manufacturer in China with the best quality and competitive price. Photoinitiator OXE-06 For negative photoresist.\",\"breadcrumb\":{\"@id\":\"https:\/\/longchangchemical.com\/product\/chluminit-oxe-06-for-negative-photoresist\/#breadcrumb\"},\"inLanguage\":\"tr\",\"potentialAction\":[{\"@type\":\"ReadAction\",\"target\":[\"https:\/\/longchangchemical.com\/product\/chluminit-oxe-06-for-negative-photoresist\/\"]}]},{\"@type\":\"BreadcrumbList\",\"@id\":\"https:\/\/longchangchemical.com\/product\/chluminit-oxe-06-for-negative-photoresist\/#breadcrumb\",\"itemListElement\":[{\"@type\":\"ListItem\",\"position\":1,\"name\":\"Home\",\"item\":\"https:\/\/longchangchemical.com\/\"},{\"@type\":\"ListItem\",\"position\":2,\"name\":\"Products Longchang\",\"item\":\"https:\/\/longchangchemical.com\/product\/\"},{\"@type\":\"ListItem\",\"position\":3,\"name\":\"CHLUMINIT\u00ae OXE-06 \/ Photoinitiator OXE-06 For negative photoresist\"}]},{\"@type\":\"WebSite\",\"@id\":\"https:\/\/longchangchemical.com\/#website\",\"url\":\"https:\/\/longchangchemical.com\/\",\"name\":\"Longchang Chemical\",\"description\":\"China chemical manufacturer \uff06 supplier\",\"publisher\":{\"@id\":\"https:\/\/longchangchemical.com\/#organization\"},\"potentialAction\":[{\"@type\":\"SearchAction\",\"target\":{\"@type\":\"EntryPoint\",\"urlTemplate\":\"https:\/\/longchangchemical.com\/?s={search_term_string}\"},\"query-input\":{\"@type\":\"PropertyValueSpecification\",\"valueRequired\":true,\"valueName\":\"search_term_string\"}}],\"inLanguage\":\"tr\"},{\"@type\":\"Organization\",\"@id\":\"https:\/\/longchangchemical.com\/#organization\",\"name\":\"Longchang Chemical\",\"url\":\"https:\/\/longchangchemical.com\/\",\"logo\":{\"@type\":\"ImageObject\",\"inLanguage\":\"tr\",\"@id\":\"https:\/\/longchangchemical.com\/#\/schema\/logo\/image\/\",\"url\":\"https:\/\/longchangchemical.com\/wp-content\/uploads\/2020\/08\/cropped-longchang-logo.png\",\"contentUrl\":\"https:\/\/longchangchemical.com\/wp-content\/uploads\/2020\/08\/cropped-longchang-logo.png\",\"width\":512,\"height\":512,\"caption\":\"Longchang Chemical\"},\"image\":{\"@id\":\"https:\/\/longchangchemical.com\/#\/schema\/logo\/image\/\"}}]}<\/script>\n<!-- \/ Yoast SEO plugin. -->","yoast_head_json":{"title":"CHLUMINIT\u00ae OXE-06 \/ Fotoba\u015flat\u0131c\u0131 OXE-06 Negatif fotorezist \u00dcreticisi i\u00e7in - Longchang Chemical","description":"CHLUMINIT\u00ae OXE-06 \/ Photoinitiator OXE-06, Longchang Chemical'\u0131n \u00f6nemli bir \u00fcr\u00fcn\u00fcd\u00fcr. En iyi fiyat\u0131 sa\u011fl\u0131yoruz. En iyi kalite ve rekabet\u00e7i fiyat ile \u00c7in'de lider \u00fcreticiyiz. Fotoba\u015flat\u0131c\u0131 OXE-06 Negatif fotorezist i\u00e7in.","robots":{"index":"index","follow":"follow","max-snippet":"max-snippet:-1","max-image-preview":"max-image-preview:large","max-video-preview":"max-video-preview:-1"},"canonical":"https:\/\/longchangchemical.com\/tr\/product\/chluminit-oxe-06-for-negative-photoresist\/","og_locale":"tr_TR","og_type":"article","og_title":"CHLUMINIT\u00ae OXE-06 \/ Photoinitiator OXE-06 For negative photoresist Manufacturer - Longchang Chemical","og_description":"CHLUMINIT\u00ae OXE-06 \/ Photoinitiator OXE-06 is a key product of Longchang Chemical. We provide the best price. We are the leading manufacturer in China with the best quality and competitive price. Photoinitiator OXE-06 For negative photoresist.","og_url":"https:\/\/longchangchemical.com\/tr\/product\/chluminit-oxe-06-for-negative-photoresist\/","og_site_name":"Longchang Chemical","article_modified_time":"2025-09-03T09:57:02+00:00","og_image":[{"width":1000,"height":1000,"url":"https:\/\/longchangchemical.com\/wp-content\/uploads\/2024\/02\/logo-jpeg.jpg","type":"image\/jpeg"}],"twitter_card":"summary_large_image","schema":{"@context":"https:\/\/schema.org","@graph":[{"@type":"WebPage","@id":"https:\/\/longchangchemical.com\/product\/chluminit-oxe-06-for-negative-photoresist\/","url":"https:\/\/longchangchemical.com\/product\/chluminit-oxe-06-for-negative-photoresist\/","name":"CHLUMINIT\u00ae OXE-06 \/ Fotoba\u015flat\u0131c\u0131 OXE-06 Negatif fotorezist \u00dcreticisi i\u00e7in - Longchang Chemical","isPartOf":{"@id":"https:\/\/longchangchemical.com\/#website"},"datePublished":"2025-09-03T09:56:41+00:00","dateModified":"2025-09-03T09:57:02+00:00","description":"CHLUMINIT\u00ae OXE-06 \/ Photoinitiator OXE-06, Longchang Chemical'\u0131n \u00f6nemli bir \u00fcr\u00fcn\u00fcd\u00fcr. En iyi fiyat\u0131 sa\u011fl\u0131yoruz. En iyi kalite ve rekabet\u00e7i fiyat ile \u00c7in'de lider \u00fcreticiyiz. Fotoba\u015flat\u0131c\u0131 OXE-06 Negatif fotorezist i\u00e7in.","breadcrumb":{"@id":"https:\/\/longchangchemical.com\/product\/chluminit-oxe-06-for-negative-photoresist\/#breadcrumb"},"inLanguage":"tr","potentialAction":[{"@type":"ReadAction","target":["https:\/\/longchangchemical.com\/product\/chluminit-oxe-06-for-negative-photoresist\/"]}]},{"@type":"BreadcrumbList","@id":"https:\/\/longchangchemical.com\/product\/chluminit-oxe-06-for-negative-photoresist\/#breadcrumb","itemListElement":[{"@type":"ListItem","position":1,"name":"Home","item":"https:\/\/longchangchemical.com\/"},{"@type":"ListItem","position":2,"name":"Products Longchang","item":"https:\/\/longchangchemical.com\/product\/"},{"@type":"ListItem","position":3,"name":"CHLUMINIT\u00ae OXE-06 \/ Photoinitiator OXE-06 For negative photoresist"}]},{"@type":"WebSite","@id":"https:\/\/longchangchemical.com\/#website","url":"https:\/\/longchangchemical.com\/","name":"Longchang Kimya","description":"\u00c7in kimyasal \u00fcreticisi \uff06 tedarik\u00e7isi","publisher":{"@id":"https:\/\/longchangchemical.com\/#organization"},"potentialAction":[{"@type":"SearchAction","target":{"@type":"EntryPoint","urlTemplate":"https:\/\/longchangchemical.com\/?s={search_term_string}"},"query-input":{"@type":"PropertyValueSpecification","valueRequired":true,"valueName":"search_term_string"}}],"inLanguage":"tr"},{"@type":"Organization","@id":"https:\/\/longchangchemical.com\/#organization","name":"Longchang Kimya","url":"https:\/\/longchangchemical.com\/","logo":{"@type":"ImageObject","inLanguage":"tr","@id":"https:\/\/longchangchemical.com\/#\/schema\/logo\/image\/","url":"https:\/\/longchangchemical.com\/wp-content\/uploads\/2020\/08\/cropped-longchang-logo.png","contentUrl":"https:\/\/longchangchemical.com\/wp-content\/uploads\/2020\/08\/cropped-longchang-logo.png","width":512,"height":512,"caption":"Longchang Chemical"},"image":{"@id":"https:\/\/longchangchemical.com\/#\/schema\/logo\/image\/"}}]}},"_links":{"self":[{"href":"https:\/\/longchangchemical.com\/tr\/wp-json\/wp\/v2\/product\/8261","targetHints":{"allow":["GET"]}}],"collection":[{"href":"https:\/\/longchangchemical.com\/tr\/wp-json\/wp\/v2\/product"}],"about":[{"href":"https:\/\/longchangchemical.com\/tr\/wp-json\/wp\/v2\/types\/product"}],"replies":[{"embeddable":true,"href":"https:\/\/longchangchemical.com\/tr\/wp-json\/wp\/v2\/comments?post=8261"}],"wp:attachment":[{"href":"https:\/\/longchangchemical.com\/tr\/wp-json\/wp\/v2\/media?parent=8261"}],"wp:term":[{"taxonomy":"product_brand","embeddable":true,"href":"https:\/\/longchangchemical.com\/tr\/wp-json\/wp\/v2\/product_brand?post=8261"},{"taxonomy":"product_cat","embeddable":true,"href":"https:\/\/longchangchemical.com\/tr\/wp-json\/wp\/v2\/product_cat?post=8261"},{"taxonomy":"product_tag","embeddable":true,"href":"https:\/\/longchangchemical.com\/tr\/wp-json\/wp\/v2\/product_tag?post=8261"}],"curies":[{"name":"wp","href":"https:\/\/api.w.org\/{rel}","templated":true}]}}