{"id":8221,"date":"2025-06-30T08:54:59","date_gmt":"2025-06-30T08:54:59","guid":{"rendered":"https:\/\/longchangchemical.com\/?post_type=product&#038;p=8221"},"modified":"2025-08-22T11:20:13","modified_gmt":"2025-08-22T11:20:13","slug":"chromeclair-hema-free-gel-polish","status":"publish","type":"product","link":"https:\/\/longchangchemical.com\/tr\/product\/chromeclair-hema-free-gel-polish\/","title":{"rendered":"CHROM\u00c9CLAIR\u00ae HEMA i\u00e7ermez \uff06 TPO i\u00e7ermez \uff06 Di-HEMA i\u00e7ermez \uff06 TMHDC i\u00e7ermez Jel Cila"},"content":{"rendered":"<h1><strong>CHROM\u00c9CLAIR\u00ae HEMA i\u00e7ermez \uff06 TPO i\u00e7ermez \uff06 Di-HEMA i\u00e7ermez \uff06 TMHDC i\u00e7ermez Jel Cila<\/strong><\/h1>\n<p>Geli\u015ftirilmi\u015f Bile\u015fenler: HEMA i\u00e7ermez \uff06 TPO i\u00e7ermez \uff06 Di-HEMA i\u00e7ermez \uff06 TMHDC i\u00e7ermez, AB standartlar\u0131n\u0131 kar\u015f\u0131lar.<\/p>\n<p>Ezber bozan \u015ei\u015fe Tasar\u0131m\u0131: \u015ei\u015fenin alt\u0131ndan ve yanlar\u0131ndan g\u00f6r\u00fcnt\u00fclenen renkler, \u015fi\u015fedeki ojenin rengiyle uyumludur.<\/p>\n<p>Y\u00fckseltilmi\u015f Kapasite: 17ML b\u00fcy\u00fck kapasite, \u00e7e\u015fitli durumlarda ve t\u00fcm y\u0131l boyunca kullan\u0131m i\u00e7in uygundur.<\/p>\n<p>Uzun s\u00fcre kal\u0131c\u0131d\u0131r: CHROM\u00c9CLAIR jel cila 20 g\u00fcnden fazla dayanabilir.<\/p>\n<p>H\u0131zl\u0131 kuruma: UV veya LED t\u0131rnak lambalar\u0131 alt\u0131nda 30 saniye ila 60 saniye aras\u0131nda k\u00fcrlenir.<\/p>\n<p>&nbsp;<\/p>\n<p>&nbsp;<\/p>\n<p>Ba\u015fvuru Talimatlar\u0131:<\/p>\n<p>1. Ad\u0131m T\u0131rnaklar\u0131 temizleyin ve ard\u0131ndan t\u0131rnak y\u00fczeyini normal manik\u00fcr i\u015flemi gibi d\u00fczeltin.<\/p>\n<p>Ad\u0131m 2. Jel cilay\u0131 tamamen \u00e7alkalay\u0131n, jel cila rengini dengeli hale getirebilir. (\u00d6nemli)<\/p>\n<p>Ad\u0131m 3. \u00d6nce baz kat uygulay\u0131n, bu cilan\u0131n daha uzun s\u00fcre kal\u0131c\u0131 olmas\u0131n\u0131 sa\u011flayabilir, UV lamba veya LED lamba ile yakla\u015f\u0131k 60 saniye k\u00fcrleyin. (Gerekli)<\/p>\n<p>Ad\u0131m 4. \u0130lk ince renkli jel tabakas\u0131n\u0131 do\u011frudan uygulay\u0131n, LED lamba veya UV lamba ile 60 saniye boyunca k\u00fcrleyin.<\/p>\n<p>5. Ad\u0131m. \u0130kinci ince renkli jel tabakas\u0131n\u0131 uygulay\u0131n ve hemen ard\u0131ndan UV lamba veya LED lamba ile yakla\u015f\u0131k 60 saniye boyunca k\u00fcrleyin.<\/p>\n<p>Ad\u0131m 6. UV lamba veya LED lamba ile k\u00fcrlenmi\u015f son kat uygulay\u0131n.<\/p>\n<h1><strong><b>\u015eimdi Bize Ula\u015f\u0131n!<\/b><\/strong><\/h1>\n<h4><strong><b>Fiyata ihtiyac\u0131n\u0131z varsa, l\u00fctfen a\u015fa\u011f\u0131daki forma ileti\u015fim bilgilerinizi doldurun, genellikle 24 saat i\u00e7inde sizinle ileti\u015fime ge\u00e7ece\u011fiz. Bana e-posta da g\u00f6nderebilirsiniz <a href=\"mailto:sales@chromeclair.com\"><span style=\"color: #00ccff;\">sales@chromeclair.com<\/span><\/a>\u00a0\u00c7al\u0131\u015fma saatleri i\u00e7inde (8:30 - 6:00 UTC+8 Pzt.~Sat.) veya h\u0131zl\u0131 yan\u0131t almak i\u00e7in web sitesi canl\u0131 sohbetini kullan\u0131n.<\/b><\/strong><\/h4>","protected":false},"excerpt":{"rendered":"<p>HEMA i\u00e7ermeyen \uff06 TPO i\u00e7ermeyen \uff06 Di-HEMA i\u00e7ermeyen \uff06 TMHDC i\u00e7ermeyen Jel Cila Fiyat\u0131 al\u0131n. MEHQ &lt;10PPM \uff01<\/p>\n<p><a href=\"https:\/\/longchangchemical.com\/tr\/product-category\/photoinitiator\/\"><span style=\"color: #00ccff;\">CHLUMINIT\u00ae UV Fotoba\u015flat\u0131c\u0131<\/span><\/a> + <a href=\"https:\/\/longchangchemical.com\/tr\/product-category\/functional-monomers\/\"><span style=\"color: #00ccff;\">CHLUMICRYL\u00ae UV monomerleri<\/span><\/a> + <a href=\"https:\/\/longchangchemical.com\/tr\/product-category\/uv-oligomer\/\"><span style=\"color: #00ccff;\">CHLUMICRYL\u00ae UV Oligomer<\/span><\/a> + Renk = UV Jel Cila<\/p>\n<p>Ambalaj: 17ml\/\u015fi\u015fe; 1KG\/\u015fi\u015fe<\/p>\n<p>Fiyat al: <strong><b><a href=\"mailto:sales@chromeclair.com\"><span style=\"color: #00ccff;\">sales@chromeclair.com<\/span><\/a><\/b><\/strong><\/p>\n<p>Adedi: 1 KG \u015fi\u015fe \/ 7 \u015fi\u015fe 17ml<\/p>","protected":false},"featured_media":8246,"comment_status":"closed","ping_status":"closed","template":"","meta":[],"product_brand":[],"product_cat":[187],"product_tag":[],"class_list":{"0":"post-8221","1":"product","2":"type-product","3":"status-publish","4":"has-post-thumbnail","6":"product_cat-chromeclair-gel-polish","8":"first","9":"instock","10":"shipping-taxable","11":"product-type-simple"},"yoast_head":"<!-- This site is optimized with the Yoast SEO plugin v25.3.1 - https:\/\/yoast.com\/wordpress\/plugins\/seo\/ -->\n<title>Wholesale CHROM\u00c9CLAIR\u00ae HEMA free \uff06 TPO free \uff06 Di-HEMA-Free \uff06 TMHDC-Free Gel Polish price Manufacturer - Longchang Chemical<\/title>\n<meta name=\"description\" content=\"CHROM\u00c9CLAIR\u00ae HEMA free \uff06 TPO free \uff06 Di-HEMA-Free \uff06 TMHDC-Free Gel Polish is a key product of Longchang Chemical. We provide the best price. We are the leading manufacturer in China with the best quality and competitive price.\" \/>\n<meta name=\"robots\" content=\"index, follow, max-snippet:-1, max-image-preview:large, max-video-preview:-1\" \/>\n<link rel=\"canonical\" href=\"https:\/\/longchangchemical.com\/tr\/product\/chromeclair-hema-free-gel-polish\/\" \/>\n<meta property=\"og:locale\" content=\"tr_TR\" \/>\n<meta property=\"og:type\" content=\"article\" \/>\n<meta property=\"og:title\" content=\"Wholesale CHROM\u00c9CLAIR\u00ae HEMA free \uff06 TPO free \uff06 Di-HEMA-Free \uff06 TMHDC-Free Gel Polish price Manufacturer - Longchang Chemical\" \/>\n<meta property=\"og:description\" content=\"CHROM\u00c9CLAIR\u00ae HEMA free \uff06 TPO free \uff06 Di-HEMA-Free \uff06 TMHDC-Free Gel Polish is a key product of Longchang Chemical. We provide the best price. We are the leading manufacturer in China with the best quality and competitive price.\" \/>\n<meta property=\"og:url\" content=\"https:\/\/longchangchemical.com\/tr\/product\/chromeclair-hema-free-gel-polish\/\" \/>\n<meta property=\"og:site_name\" content=\"Longchang Chemical\" \/>\n<meta property=\"article:modified_time\" content=\"2025-08-22T11:20:13+00:00\" \/>\n<meta property=\"og:image\" content=\"https:\/\/longchangchemical.com\/wp-content\/uploads\/2025\/06\/CHROMECLAIR-SR-CL-CE-Color.jpg\" \/>\n\t<meta property=\"og:image:width\" content=\"1670\" \/>\n\t<meta property=\"og:image:height\" content=\"1546\" \/>\n\t<meta property=\"og:image:type\" content=\"image\/jpeg\" \/>\n<meta name=\"twitter:card\" content=\"summary_large_image\" \/>\n<script type=\"application\/ld+json\" class=\"yoast-schema-graph\">{\"@context\":\"https:\/\/schema.org\",\"@graph\":[{\"@type\":\"WebPage\",\"@id\":\"https:\/\/longchangchemical.com\/product\/chromeclair-hema-free-gel-polish\/\",\"url\":\"https:\/\/longchangchemical.com\/product\/chromeclair-hema-free-gel-polish\/\",\"name\":\"Wholesale CHROM\u00c9CLAIR\u00ae HEMA free \uff06 TPO free \uff06 Di-HEMA-Free \uff06 TMHDC-Free Gel Polish price Manufacturer - Longchang Chemical\",\"isPartOf\":{\"@id\":\"https:\/\/longchangchemical.com\/#website\"},\"primaryImageOfPage\":{\"@id\":\"https:\/\/longchangchemical.com\/product\/chromeclair-hema-free-gel-polish\/#primaryimage\"},\"image\":{\"@id\":\"https:\/\/longchangchemical.com\/product\/chromeclair-hema-free-gel-polish\/#primaryimage\"},\"thumbnailUrl\":\"https:\/\/longchangchemical.com\/wp-content\/uploads\/2025\/06\/CHROMECLAIR-SR-CL-CE-Color.jpg\",\"datePublished\":\"2025-06-30T08:54:59+00:00\",\"dateModified\":\"2025-08-22T11:20:13+00:00\",\"description\":\"CHROM\u00c9CLAIR\u00ae HEMA free \uff06 TPO free \uff06 Di-HEMA-Free \uff06 TMHDC-Free Gel Polish is a key product of Longchang Chemical. We provide the best price. We are the leading manufacturer in China with the best quality and competitive price.\",\"breadcrumb\":{\"@id\":\"https:\/\/longchangchemical.com\/product\/chromeclair-hema-free-gel-polish\/#breadcrumb\"},\"inLanguage\":\"tr\",\"potentialAction\":[{\"@type\":\"ReadAction\",\"target\":[\"https:\/\/longchangchemical.com\/product\/chromeclair-hema-free-gel-polish\/\"]}]},{\"@type\":\"ImageObject\",\"inLanguage\":\"tr\",\"@id\":\"https:\/\/longchangchemical.com\/product\/chromeclair-hema-free-gel-polish\/#primaryimage\",\"url\":\"https:\/\/longchangchemical.com\/wp-content\/uploads\/2025\/06\/CHROMECLAIR-SR-CL-CE-Color.jpg\",\"contentUrl\":\"https:\/\/longchangchemical.com\/wp-content\/uploads\/2025\/06\/CHROMECLAIR-SR-CL-CE-Color.jpg\",\"width\":1670,\"height\":1546},{\"@type\":\"BreadcrumbList\",\"@id\":\"https:\/\/longchangchemical.com\/product\/chromeclair-hema-free-gel-polish\/#breadcrumb\",\"itemListElement\":[{\"@type\":\"ListItem\",\"position\":1,\"name\":\"Home\",\"item\":\"https:\/\/longchangchemical.com\/\"},{\"@type\":\"ListItem\",\"position\":2,\"name\":\"Products Longchang\",\"item\":\"https:\/\/longchangchemical.com\/product\/\"},{\"@type\":\"ListItem\",\"position\":3,\"name\":\"CHROM\u00c9CLAIR\u00ae HEMA free \uff06 TPO free \uff06 Di-HEMA-Free \uff06 TMHDC-Free Gel Polish\"}]},{\"@type\":\"WebSite\",\"@id\":\"https:\/\/longchangchemical.com\/#website\",\"url\":\"https:\/\/longchangchemical.com\/\",\"name\":\"Longchang Chemical\",\"description\":\"China chemical manufacturer \uff06 supplier\",\"publisher\":{\"@id\":\"https:\/\/longchangchemical.com\/#organization\"},\"potentialAction\":[{\"@type\":\"SearchAction\",\"target\":{\"@type\":\"EntryPoint\",\"urlTemplate\":\"https:\/\/longchangchemical.com\/?s={search_term_string}\"},\"query-input\":{\"@type\":\"PropertyValueSpecification\",\"valueRequired\":true,\"valueName\":\"search_term_string\"}}],\"inLanguage\":\"tr\"},{\"@type\":\"Organization\",\"@id\":\"https:\/\/longchangchemical.com\/#organization\",\"name\":\"Longchang Chemical\",\"url\":\"https:\/\/longchangchemical.com\/\",\"logo\":{\"@type\":\"ImageObject\",\"inLanguage\":\"tr\",\"@id\":\"https:\/\/longchangchemical.com\/#\/schema\/logo\/image\/\",\"url\":\"https:\/\/longchangchemical.com\/wp-content\/uploads\/2020\/08\/cropped-longchang-logo.png\",\"contentUrl\":\"https:\/\/longchangchemical.com\/wp-content\/uploads\/2020\/08\/cropped-longchang-logo.png\",\"width\":512,\"height\":512,\"caption\":\"Longchang Chemical\"},\"image\":{\"@id\":\"https:\/\/longchangchemical.com\/#\/schema\/logo\/image\/\"}}]}<\/script>\n<!-- \/ Yoast SEO plugin. -->","yoast_head_json":{"title":"Toptan CHROM\u00c9CLAIR\u00ae HEMA i\u00e7ermez \uff06 TPO i\u00e7ermez \uff06 Di-HEMA i\u00e7ermez \uff06 TMHDC i\u00e7ermez Jel Cila fiyat\u0131 \u00dcretici - Longchang Chemical","description":"CHROM\u00c9CLAIR\u00ae HEMA i\u00e7ermeyen \uff06 TPO i\u00e7ermeyen \uff06 Di-HEMA i\u00e7ermeyen \uff06 TMHDC i\u00e7ermeyen Jel Cila, Longchang Chemical'\u0131n \u00f6nemli bir \u00fcr\u00fcn\u00fcd\u00fcr. En iyi fiyat\u0131 sa\u011fl\u0131yoruz. En iyi kalite ve rekabet\u00e7i fiyat ile \u00c7in'in \u00f6nde gelen \u00fcreticisiyiz.","robots":{"index":"index","follow":"follow","max-snippet":"max-snippet:-1","max-image-preview":"max-image-preview:large","max-video-preview":"max-video-preview:-1"},"canonical":"https:\/\/longchangchemical.com\/tr\/product\/chromeclair-hema-free-gel-polish\/","og_locale":"tr_TR","og_type":"article","og_title":"Wholesale CHROM\u00c9CLAIR\u00ae HEMA free \uff06 TPO free \uff06 Di-HEMA-Free \uff06 TMHDC-Free Gel Polish price Manufacturer - Longchang Chemical","og_description":"CHROM\u00c9CLAIR\u00ae HEMA free \uff06 TPO free \uff06 Di-HEMA-Free \uff06 TMHDC-Free Gel Polish is a key product of Longchang Chemical. We provide the best price. We are the leading manufacturer in China with the best quality and competitive price.","og_url":"https:\/\/longchangchemical.com\/tr\/product\/chromeclair-hema-free-gel-polish\/","og_site_name":"Longchang Chemical","article_modified_time":"2025-08-22T11:20:13+00:00","og_image":[{"width":1670,"height":1546,"url":"https:\/\/longchangchemical.com\/wp-content\/uploads\/2025\/06\/CHROMECLAIR-SR-CL-CE-Color.jpg","type":"image\/jpeg"}],"twitter_card":"summary_large_image","schema":{"@context":"https:\/\/schema.org","@graph":[{"@type":"WebPage","@id":"https:\/\/longchangchemical.com\/product\/chromeclair-hema-free-gel-polish\/","url":"https:\/\/longchangchemical.com\/product\/chromeclair-hema-free-gel-polish\/","name":"Toptan CHROM\u00c9CLAIR\u00ae HEMA i\u00e7ermez \uff06 TPO i\u00e7ermez \uff06 Di-HEMA i\u00e7ermez \uff06 TMHDC i\u00e7ermez Jel Cila fiyat\u0131 \u00dcretici - Longchang Chemical","isPartOf":{"@id":"https:\/\/longchangchemical.com\/#website"},"primaryImageOfPage":{"@id":"https:\/\/longchangchemical.com\/product\/chromeclair-hema-free-gel-polish\/#primaryimage"},"image":{"@id":"https:\/\/longchangchemical.com\/product\/chromeclair-hema-free-gel-polish\/#primaryimage"},"thumbnailUrl":"https:\/\/longchangchemical.com\/wp-content\/uploads\/2025\/06\/CHROMECLAIR-SR-CL-CE-Color.jpg","datePublished":"2025-06-30T08:54:59+00:00","dateModified":"2025-08-22T11:20:13+00:00","description":"CHROM\u00c9CLAIR\u00ae HEMA i\u00e7ermeyen \uff06 TPO i\u00e7ermeyen \uff06 Di-HEMA i\u00e7ermeyen \uff06 TMHDC i\u00e7ermeyen Jel Cila, Longchang Chemical'\u0131n \u00f6nemli bir \u00fcr\u00fcn\u00fcd\u00fcr. En iyi fiyat\u0131 sa\u011fl\u0131yoruz. En iyi kalite ve rekabet\u00e7i fiyat ile \u00c7in'in \u00f6nde gelen \u00fcreticisiyiz.","breadcrumb":{"@id":"https:\/\/longchangchemical.com\/product\/chromeclair-hema-free-gel-polish\/#breadcrumb"},"inLanguage":"tr","potentialAction":[{"@type":"ReadAction","target":["https:\/\/longchangchemical.com\/product\/chromeclair-hema-free-gel-polish\/"]}]},{"@type":"ImageObject","inLanguage":"tr","@id":"https:\/\/longchangchemical.com\/product\/chromeclair-hema-free-gel-polish\/#primaryimage","url":"https:\/\/longchangchemical.com\/wp-content\/uploads\/2025\/06\/CHROMECLAIR-SR-CL-CE-Color.jpg","contentUrl":"https:\/\/longchangchemical.com\/wp-content\/uploads\/2025\/06\/CHROMECLAIR-SR-CL-CE-Color.jpg","width":1670,"height":1546},{"@type":"BreadcrumbList","@id":"https:\/\/longchangchemical.com\/product\/chromeclair-hema-free-gel-polish\/#breadcrumb","itemListElement":[{"@type":"ListItem","position":1,"name":"Home","item":"https:\/\/longchangchemical.com\/"},{"@type":"ListItem","position":2,"name":"Products Longchang","item":"https:\/\/longchangchemical.com\/product\/"},{"@type":"ListItem","position":3,"name":"CHROM\u00c9CLAIR\u00ae HEMA free \uff06 TPO free \uff06 Di-HEMA-Free \uff06 TMHDC-Free Gel Polish"}]},{"@type":"WebSite","@id":"https:\/\/longchangchemical.com\/#website","url":"https:\/\/longchangchemical.com\/","name":"Longchang Kimya","description":"\u00c7in kimyasal \u00fcreticisi \uff06 tedarik\u00e7isi","publisher":{"@id":"https:\/\/longchangchemical.com\/#organization"},"potentialAction":[{"@type":"SearchAction","target":{"@type":"EntryPoint","urlTemplate":"https:\/\/longchangchemical.com\/?s={search_term_string}"},"query-input":{"@type":"PropertyValueSpecification","valueRequired":true,"valueName":"search_term_string"}}],"inLanguage":"tr"},{"@type":"Organization","@id":"https:\/\/longchangchemical.com\/#organization","name":"Longchang Kimya","url":"https:\/\/longchangchemical.com\/","logo":{"@type":"ImageObject","inLanguage":"tr","@id":"https:\/\/longchangchemical.com\/#\/schema\/logo\/image\/","url":"https:\/\/longchangchemical.com\/wp-content\/uploads\/2020\/08\/cropped-longchang-logo.png","contentUrl":"https:\/\/longchangchemical.com\/wp-content\/uploads\/2020\/08\/cropped-longchang-logo.png","width":512,"height":512,"caption":"Longchang Chemical"},"image":{"@id":"https:\/\/longchangchemical.com\/#\/schema\/logo\/image\/"}}]}},"_links":{"self":[{"href":"https:\/\/longchangchemical.com\/tr\/wp-json\/wp\/v2\/product\/8221","targetHints":{"allow":["GET"]}}],"collection":[{"href":"https:\/\/longchangchemical.com\/tr\/wp-json\/wp\/v2\/product"}],"about":[{"href":"https:\/\/longchangchemical.com\/tr\/wp-json\/wp\/v2\/types\/product"}],"replies":[{"embeddable":true,"href":"https:\/\/longchangchemical.com\/tr\/wp-json\/wp\/v2\/comments?post=8221"}],"wp:featuredmedia":[{"embeddable":true,"href":"https:\/\/longchangchemical.com\/tr\/wp-json\/wp\/v2\/media\/8246"}],"wp:attachment":[{"href":"https:\/\/longchangchemical.com\/tr\/wp-json\/wp\/v2\/media?parent=8221"}],"wp:term":[{"taxonomy":"product_brand","embeddable":true,"href":"https:\/\/longchangchemical.com\/tr\/wp-json\/wp\/v2\/product_brand?post=8221"},{"taxonomy":"product_cat","embeddable":true,"href":"https:\/\/longchangchemical.com\/tr\/wp-json\/wp\/v2\/product_cat?post=8221"},{"taxonomy":"product_tag","embeddable":true,"href":"https:\/\/longchangchemical.com\/tr\/wp-json\/wp\/v2\/product_tag?post=8221"}],"curies":[{"name":"wp","href":"https:\/\/api.w.org\/{rel}","templated":true}]}}