{"id":8161,"date":"2025-03-28T08:13:14","date_gmt":"2025-03-28T08:13:14","guid":{"rendered":"https:\/\/longchangchemical.com\/?post_type=product&#038;p=8161"},"modified":"2025-09-03T10:07:37","modified_gmt":"2025-09-03T10:07:37","slug":"510-cas-15305-07-4","status":"publish","type":"product","link":"https:\/\/longchangchemical.com\/tr\/product\/510-cas-15305-07-4\/","title":{"rendered":"CHLUMINIT\u00ae 510 \/ Polimerizasyon inhibit\u00f6r\u00fc 510 \/ Omnivadd IN 510 CAS 15305-07-4"},"content":{"rendered":"<h2>Polimerizasyon inhibit\u00f6r\u00fc 510 \/ Omnivadd IN 510 CAS 15305-07-4<\/h2>\n<table class=\"table-1\" cellspacing=\"0\">\n<tbody>\n<tr>\n<td>G\u00f6r\u00fcn\u00fc\u015f<\/td>\n<td>beyaz veya sar\u0131ms\u0131 kristal toz<\/td>\n<\/tr>\n<tr>\n<td>Safl\u0131k (HPLC)<\/td>\n<td>\u226599,5%<\/td>\n<\/tr>\n<tr>\n<td>Erime noktas\u0131<\/td>\n<td>160-172\u2103<\/td>\n<\/tr>\n<tr>\n<td>Losson kuru<\/td>\n<td>\u22640,5%<\/td>\n<\/tr>\n<\/tbody>\n<\/table>\n<p><strong>Uygulama:<\/strong><\/p>\n<p>Polimerizasyon \u0130nhibit\u00f6r\u00fc 510 (CAS No. 15305-07-4), esas olarak olefin re\u00e7inelerinin, doymam\u0131\u015f polyesterlerin, vinil monomerlerin ve akrilatlar\u0131n depolama stabilitesini uzatmak i\u00e7in kullan\u0131lan olduk\u00e7a etkili bir serbest radikal polimerizasyon inhibit\u00f6r\u00fcd\u00fcr. G\u00f6r\u00fcn\u00fc\u015f\u00fc kirli beyaz ila a\u00e7\u0131k sar\u0131 tozdur, genellikle \u00e7\u00f6zelti formunda eklenen monomer i\u00e7inde \u00e7\u00f6z\u00fcl\u00fcr, \u00f6nerilen konsantrasyon 0.01%-0.1%'dir. Sistemde bir renk izi bulunabilmesine ra\u011fmen, nihai \u00fcr\u00fcn\u00fcn performans\u0131 ve g\u00f6r\u00fcn\u00fcm\u00fc \u00fczerinde \u00f6nemli bir etkisi yoktur. Bu \u00fcr\u00fcn kaplamalarda, yap\u0131\u015ft\u0131r\u0131c\u0131larda, fotorezistlerde, m\u00fcrekkeplerde vb. yayg\u0131n olarak kullan\u0131l\u0131r. \u00d6n polimerizasyon reaksiyonunu inhibe ederek, i\u015fleme ve depolama s\u0131ras\u0131nda malzeme stabilitesini etkili bir \u015fekilde geli\u015ftirir.<\/p>\n<p>&nbsp;<\/p>\n<p><strong>Paketleme:<\/strong><\/p>\n<p>20\u300125kgs\/varil veya karton.<\/p>\n<p><strong>Depolama:<\/strong><\/p>\n<p>Do\u011frudan g\u00fcne\u015f \u0131\u015f\u0131\u011f\u0131 almayan serin ve kuru bir yerde saklan\u0131r.<\/p>\n<h2><strong><b>\u015eimdi Bize Ula\u015f\u0131n!<\/b><\/strong><\/h2>\n<h4><strong><b>Fiyat veya Numune testine ihtiyac\u0131n\u0131z varsa, l\u00fctfen a\u015fa\u011f\u0131daki forma ileti\u015fim bilgilerinizi girin, genellikle 24 saat i\u00e7inde sizinle ileti\u015fime ge\u00e7ece\u011fiz.<\/b><\/strong><strong><b>\u00a0Bana e-posta da g\u00f6nderebilirsiniz <span style=\"color: #3366ff;\"><a style=\"color: #3366ff;\" href=\"mailto:info@longchangchemical.com\">info@longchangchemical.com<\/a><\/span> \u00c7al\u0131\u015fma saatleri i\u00e7inde (8:30 - 6:00 UTC+8 Pzt.~Sat.) veya h\u0131zl\u0131 yan\u0131t almak i\u00e7in web sitesi canl\u0131 sohbetini kullan\u0131n.<\/b><\/strong><\/h4>","protected":false},"excerpt":{"rendered":"<p><strong>Cas No.\u00a0<\/strong>\uff1a15305-07-4<\/p>\n<p><strong>Kimyasal Ad\u0131<\/strong>:N-Nitroso-N-fenilhidroksilamin al\u00fcminyum tuzu<\/p>\n<p><strong>E\u015fanlaml\u0131 Ad\u0131:<\/strong>Polimerizasyon inhibit\u00f6r\u00fc 510; \u0130NH\u0130B\u0130T\u00d6R NPAL; GENORAD 19;<\/p>\n<p>Polimer \u0130nhibit\u00f6r\u00fc 510 (CAS No.: 15305-07-4), ultraviyole (UV) k\u00fcrleme sistemleri i\u00e7in \u00f6zel olarak tasarlanm\u0131\u015f olduk\u00e7a etkili bir stabilizat\u00f6rd\u00fcr. Birincil i\u015flevi, depolama s\u0131ras\u0131nda form\u00fclasyonlarda radikal kaynakl\u0131 kendi kendine polimerizasyon reaksiyonlar\u0131n\u0131 bast\u0131rmakt\u0131r. g\u00fc\u00e7l\u00fc bir serbest radikal tutucu olarak, bu bile\u015fik UV kaplamalar\u0131n, m\u00fcrekkeplerin ve di\u011fer form\u00fcle edilmi\u015f \u00fcr\u00fcnlerin depolama stabilitesini \u00f6nemli \u00f6l\u00e7\u00fcde uzat\u0131r ve \u00f6n polimerizasyonun neden oldu\u011fu viskozite art\u0131\u015flar\u0131n\u0131 veya azalan nihai performans\u0131 etkili bir \u015fekilde \u00f6nler.<\/p>\n<p>Bu \u00fcr\u00fcn ola\u011fan\u00fcst\u00fc polimerizasyon inhibisyon etkinli\u011fi ve \u00e7e\u015fitli re\u00e7ineler ve monomer sistemleri ile m\u00fckemmel uyumluluk sergiler. K\u00fcrlenmi\u015f malzemelerin fizikokimyasal \u00f6zelliklerini etkilemeden d\u00fc\u015f\u00fck ilave seviyelerinde bile uzun s\u00fcreli stabil koruma sa\u011flar. Geni\u015f uygulama alan\u0131, \u0131\u015f\u0131kla k\u00fcrlenen kaplamalar, bask\u0131 m\u00fcrekkepleri ve elektronik fotorezistler dahil olmak \u00fczere bir\u00e7ok alan\u0131 kapsar ve UV \u00fcr\u00fcnlerinin proses g\u00fcvenilirli\u011fini ve ticari raf \u00f6mr\u00fc stabilitesini art\u0131rmak i\u00e7in ideal bir se\u00e7imdir.<\/p>","protected":false},"featured_media":8164,"comment_status":"closed","ping_status":"closed","template":"","meta":[],"product_brand":[],"product_cat":[186],"product_tag":[],"class_list":{"0":"post-8161","1":"product","2":"type-product","3":"status-publish","4":"has-post-thumbnail","6":"product_cat-polymerization-inhibitor","8":"first","9":"instock","10":"shipping-taxable","11":"product-type-simple"},"yoast_head":"<!-- This site is optimized with the Yoast SEO plugin v25.3.1 - https:\/\/yoast.com\/wordpress\/plugins\/seo\/ -->\n<title>China CHLUMINIT\u00ae 510 \/ Polymerization inhibitor 510 \/ Omnistab 510 CAS 15305-07-4 Manufacturer - Longchang Chemical<\/title>\n<meta name=\"description\" content=\"CHLUMINIT\u00ae 510 CAS 15305-07-4 is a key product of Longchang Chemical. We provide the best price. We are the leading manufacturer in China with the best quality and competitive price. CHLUMINIT\u00ae 510 can replace Polymerization inhibitor 510; Omnistab 510; Inhibitor 510; INHIBITOR NPAL; GENORAD 19;\" \/>\n<meta name=\"robots\" content=\"index, follow, max-snippet:-1, max-image-preview:large, max-video-preview:-1\" \/>\n<link rel=\"canonical\" href=\"https:\/\/longchangchemical.com\/tr\/product\/510-cas-15305-07-4\/\" \/>\n<meta property=\"og:locale\" content=\"tr_TR\" \/>\n<meta property=\"og:type\" content=\"article\" \/>\n<meta property=\"og:title\" content=\"China CHLUMINIT\u00ae 510 \/ Polymerization inhibitor 510 \/ Omnistab 510 CAS 15305-07-4 Manufacturer - Longchang Chemical\" \/>\n<meta property=\"og:description\" content=\"CHLUMINIT\u00ae 510 CAS 15305-07-4 is a key product of Longchang Chemical. We provide the best price. We are the leading manufacturer in China with the best quality and competitive price. CHLUMINIT\u00ae 510 can replace Polymerization inhibitor 510; Omnistab 510; Inhibitor 510; INHIBITOR NPAL; GENORAD 19;\" \/>\n<meta property=\"og:url\" content=\"https:\/\/longchangchemical.com\/tr\/product\/510-cas-15305-07-4\/\" \/>\n<meta property=\"og:site_name\" content=\"Longchang Chemical\" \/>\n<meta property=\"article:modified_time\" content=\"2025-09-03T10:07:37+00:00\" \/>\n<meta property=\"og:image\" content=\"https:\/\/longchangchemical.com\/wp-content\/uploads\/2025\/03\/Polymerization-inhibitor-510-1.jpg\" \/>\n\t<meta property=\"og:image:width\" content=\"600\" \/>\n\t<meta property=\"og:image:height\" content=\"600\" \/>\n\t<meta property=\"og:image:type\" content=\"image\/jpeg\" \/>\n<meta name=\"twitter:card\" content=\"summary_large_image\" \/>\n<script type=\"application\/ld+json\" class=\"yoast-schema-graph\">{\"@context\":\"https:\/\/schema.org\",\"@graph\":[{\"@type\":\"WebPage\",\"@id\":\"https:\/\/longchangchemical.com\/product\/510-cas-15305-07-4\/\",\"url\":\"https:\/\/longchangchemical.com\/product\/510-cas-15305-07-4\/\",\"name\":\"China CHLUMINIT\u00ae 510 \/ Polymerization inhibitor 510 \/ Omnistab 510 CAS 15305-07-4 Manufacturer - Longchang Chemical\",\"isPartOf\":{\"@id\":\"https:\/\/longchangchemical.com\/#website\"},\"primaryImageOfPage\":{\"@id\":\"https:\/\/longchangchemical.com\/product\/510-cas-15305-07-4\/#primaryimage\"},\"image\":{\"@id\":\"https:\/\/longchangchemical.com\/product\/510-cas-15305-07-4\/#primaryimage\"},\"thumbnailUrl\":\"https:\/\/longchangchemical.com\/wp-content\/uploads\/2025\/03\/Polymerization-inhibitor-510-1.jpg\",\"datePublished\":\"2025-03-28T08:13:14+00:00\",\"dateModified\":\"2025-09-03T10:07:37+00:00\",\"description\":\"CHLUMINIT\u00ae 510 CAS 15305-07-4 is a key product of Longchang Chemical. We provide the best price. We are the leading manufacturer in China with the best quality and competitive price. CHLUMINIT\u00ae 510 can replace Polymerization inhibitor 510; Omnistab 510; Inhibitor 510; INHIBITOR NPAL; GENORAD 19;\",\"breadcrumb\":{\"@id\":\"https:\/\/longchangchemical.com\/product\/510-cas-15305-07-4\/#breadcrumb\"},\"inLanguage\":\"tr\",\"potentialAction\":[{\"@type\":\"ReadAction\",\"target\":[\"https:\/\/longchangchemical.com\/product\/510-cas-15305-07-4\/\"]}]},{\"@type\":\"ImageObject\",\"inLanguage\":\"tr\",\"@id\":\"https:\/\/longchangchemical.com\/product\/510-cas-15305-07-4\/#primaryimage\",\"url\":\"https:\/\/longchangchemical.com\/wp-content\/uploads\/2025\/03\/Polymerization-inhibitor-510-1.jpg\",\"contentUrl\":\"https:\/\/longchangchemical.com\/wp-content\/uploads\/2025\/03\/Polymerization-inhibitor-510-1.jpg\",\"width\":600,\"height\":600,\"caption\":\"Polymerization inhibitor 510\"},{\"@type\":\"BreadcrumbList\",\"@id\":\"https:\/\/longchangchemical.com\/product\/510-cas-15305-07-4\/#breadcrumb\",\"itemListElement\":[{\"@type\":\"ListItem\",\"position\":1,\"name\":\"Home\",\"item\":\"https:\/\/longchangchemical.com\/\"},{\"@type\":\"ListItem\",\"position\":2,\"name\":\"Products Longchang\",\"item\":\"https:\/\/longchangchemical.com\/product\/\"},{\"@type\":\"ListItem\",\"position\":3,\"name\":\"CHLUMINIT\u00ae 510 \/ Polymerization inhibitor 510 \/ Omnivadd IN 510 CAS 15305-07-4\"}]},{\"@type\":\"WebSite\",\"@id\":\"https:\/\/longchangchemical.com\/#website\",\"url\":\"https:\/\/longchangchemical.com\/\",\"name\":\"Longchang Chemical\",\"description\":\"China chemical manufacturer \uff06 supplier\",\"publisher\":{\"@id\":\"https:\/\/longchangchemical.com\/#organization\"},\"potentialAction\":[{\"@type\":\"SearchAction\",\"target\":{\"@type\":\"EntryPoint\",\"urlTemplate\":\"https:\/\/longchangchemical.com\/?s={search_term_string}\"},\"query-input\":{\"@type\":\"PropertyValueSpecification\",\"valueRequired\":true,\"valueName\":\"search_term_string\"}}],\"inLanguage\":\"tr\"},{\"@type\":\"Organization\",\"@id\":\"https:\/\/longchangchemical.com\/#organization\",\"name\":\"Longchang Chemical\",\"url\":\"https:\/\/longchangchemical.com\/\",\"logo\":{\"@type\":\"ImageObject\",\"inLanguage\":\"tr\",\"@id\":\"https:\/\/longchangchemical.com\/#\/schema\/logo\/image\/\",\"url\":\"https:\/\/longchangchemical.com\/wp-content\/uploads\/2020\/08\/cropped-longchang-logo.png\",\"contentUrl\":\"https:\/\/longchangchemical.com\/wp-content\/uploads\/2020\/08\/cropped-longchang-logo.png\",\"width\":512,\"height\":512,\"caption\":\"Longchang Chemical\"},\"image\":{\"@id\":\"https:\/\/longchangchemical.com\/#\/schema\/logo\/image\/\"}}]}<\/script>\n<!-- \/ Yoast SEO plugin. -->","yoast_head_json":{"title":"\u00c7in CHLUMINIT\u00ae 510 \/ Polimerizasyon inhibit\u00f6r\u00fc 510 \/ Omnistab 510 CAS 15305-07-4 \u00dcretici - Longchang Chemical","description":"CHLUMINIT\u00ae 510 CAS 15305-07-4, Longchang Chemical'\u0131n \u00f6nemli bir \u00fcr\u00fcn\u00fcd\u00fcr. En iyi fiyat\u0131 sa\u011fl\u0131yoruz. En iyi kalite ve rekabet\u00e7i fiyat ile \u00c7in'in \u00f6nde gelen \u00fcreticisiyiz. CHLUMINIT\u00ae 510, Polimerizasyon inhibit\u00f6r\u00fc 510'un yerini alabilir; Omnistab 510; \u0130nhibit\u00f6r 510; \u0130NH\u0130B\u0130T\u00d6R NPAL; GENORAD 19;","robots":{"index":"index","follow":"follow","max-snippet":"max-snippet:-1","max-image-preview":"max-image-preview:large","max-video-preview":"max-video-preview:-1"},"canonical":"https:\/\/longchangchemical.com\/tr\/product\/510-cas-15305-07-4\/","og_locale":"tr_TR","og_type":"article","og_title":"China CHLUMINIT\u00ae 510 \/ Polymerization inhibitor 510 \/ Omnistab 510 CAS 15305-07-4 Manufacturer - Longchang Chemical","og_description":"CHLUMINIT\u00ae 510 CAS 15305-07-4 is a key product of Longchang Chemical. We provide the best price. We are the leading manufacturer in China with the best quality and competitive price. CHLUMINIT\u00ae 510 can replace Polymerization inhibitor 510; Omnistab 510; Inhibitor 510; INHIBITOR NPAL; GENORAD 19;","og_url":"https:\/\/longchangchemical.com\/tr\/product\/510-cas-15305-07-4\/","og_site_name":"Longchang Chemical","article_modified_time":"2025-09-03T10:07:37+00:00","og_image":[{"width":600,"height":600,"url":"https:\/\/longchangchemical.com\/wp-content\/uploads\/2025\/03\/Polymerization-inhibitor-510-1.jpg","type":"image\/jpeg"}],"twitter_card":"summary_large_image","schema":{"@context":"https:\/\/schema.org","@graph":[{"@type":"WebPage","@id":"https:\/\/longchangchemical.com\/product\/510-cas-15305-07-4\/","url":"https:\/\/longchangchemical.com\/product\/510-cas-15305-07-4\/","name":"\u00c7in CHLUMINIT\u00ae 510 \/ Polimerizasyon inhibit\u00f6r\u00fc 510 \/ Omnistab 510 CAS 15305-07-4 \u00dcretici - Longchang Chemical","isPartOf":{"@id":"https:\/\/longchangchemical.com\/#website"},"primaryImageOfPage":{"@id":"https:\/\/longchangchemical.com\/product\/510-cas-15305-07-4\/#primaryimage"},"image":{"@id":"https:\/\/longchangchemical.com\/product\/510-cas-15305-07-4\/#primaryimage"},"thumbnailUrl":"https:\/\/longchangchemical.com\/wp-content\/uploads\/2025\/03\/Polymerization-inhibitor-510-1.jpg","datePublished":"2025-03-28T08:13:14+00:00","dateModified":"2025-09-03T10:07:37+00:00","description":"CHLUMINIT\u00ae 510 CAS 15305-07-4, Longchang Chemical'\u0131n \u00f6nemli bir \u00fcr\u00fcn\u00fcd\u00fcr. En iyi fiyat\u0131 sa\u011fl\u0131yoruz. En iyi kalite ve rekabet\u00e7i fiyat ile \u00c7in'in \u00f6nde gelen \u00fcreticisiyiz. CHLUMINIT\u00ae 510, Polimerizasyon inhibit\u00f6r\u00fc 510'un yerini alabilir; Omnistab 510; \u0130nhibit\u00f6r 510; \u0130NH\u0130B\u0130T\u00d6R NPAL; GENORAD 19;","breadcrumb":{"@id":"https:\/\/longchangchemical.com\/product\/510-cas-15305-07-4\/#breadcrumb"},"inLanguage":"tr","potentialAction":[{"@type":"ReadAction","target":["https:\/\/longchangchemical.com\/product\/510-cas-15305-07-4\/"]}]},{"@type":"ImageObject","inLanguage":"tr","@id":"https:\/\/longchangchemical.com\/product\/510-cas-15305-07-4\/#primaryimage","url":"https:\/\/longchangchemical.com\/wp-content\/uploads\/2025\/03\/Polymerization-inhibitor-510-1.jpg","contentUrl":"https:\/\/longchangchemical.com\/wp-content\/uploads\/2025\/03\/Polymerization-inhibitor-510-1.jpg","width":600,"height":600,"caption":"Polymerization inhibitor 510"},{"@type":"BreadcrumbList","@id":"https:\/\/longchangchemical.com\/product\/510-cas-15305-07-4\/#breadcrumb","itemListElement":[{"@type":"ListItem","position":1,"name":"Home","item":"https:\/\/longchangchemical.com\/"},{"@type":"ListItem","position":2,"name":"Products Longchang","item":"https:\/\/longchangchemical.com\/product\/"},{"@type":"ListItem","position":3,"name":"CHLUMINIT\u00ae 510 \/ Polymerization inhibitor 510 \/ Omnivadd IN 510 CAS 15305-07-4"}]},{"@type":"WebSite","@id":"https:\/\/longchangchemical.com\/#website","url":"https:\/\/longchangchemical.com\/","name":"Longchang Kimya","description":"\u00c7in kimyasal \u00fcreticisi \uff06 tedarik\u00e7isi","publisher":{"@id":"https:\/\/longchangchemical.com\/#organization"},"potentialAction":[{"@type":"SearchAction","target":{"@type":"EntryPoint","urlTemplate":"https:\/\/longchangchemical.com\/?s={search_term_string}"},"query-input":{"@type":"PropertyValueSpecification","valueRequired":true,"valueName":"search_term_string"}}],"inLanguage":"tr"},{"@type":"Organization","@id":"https:\/\/longchangchemical.com\/#organization","name":"Longchang Kimya","url":"https:\/\/longchangchemical.com\/","logo":{"@type":"ImageObject","inLanguage":"tr","@id":"https:\/\/longchangchemical.com\/#\/schema\/logo\/image\/","url":"https:\/\/longchangchemical.com\/wp-content\/uploads\/2020\/08\/cropped-longchang-logo.png","contentUrl":"https:\/\/longchangchemical.com\/wp-content\/uploads\/2020\/08\/cropped-longchang-logo.png","width":512,"height":512,"caption":"Longchang Chemical"},"image":{"@id":"https:\/\/longchangchemical.com\/#\/schema\/logo\/image\/"}}]}},"_links":{"self":[{"href":"https:\/\/longchangchemical.com\/tr\/wp-json\/wp\/v2\/product\/8161","targetHints":{"allow":["GET"]}}],"collection":[{"href":"https:\/\/longchangchemical.com\/tr\/wp-json\/wp\/v2\/product"}],"about":[{"href":"https:\/\/longchangchemical.com\/tr\/wp-json\/wp\/v2\/types\/product"}],"replies":[{"embeddable":true,"href":"https:\/\/longchangchemical.com\/tr\/wp-json\/wp\/v2\/comments?post=8161"}],"wp:featuredmedia":[{"embeddable":true,"href":"https:\/\/longchangchemical.com\/tr\/wp-json\/wp\/v2\/media\/8164"}],"wp:attachment":[{"href":"https:\/\/longchangchemical.com\/tr\/wp-json\/wp\/v2\/media?parent=8161"}],"wp:term":[{"taxonomy":"product_brand","embeddable":true,"href":"https:\/\/longchangchemical.com\/tr\/wp-json\/wp\/v2\/product_brand?post=8161"},{"taxonomy":"product_cat","embeddable":true,"href":"https:\/\/longchangchemical.com\/tr\/wp-json\/wp\/v2\/product_cat?post=8161"},{"taxonomy":"product_tag","embeddable":true,"href":"https:\/\/longchangchemical.com\/tr\/wp-json\/wp\/v2\/product_tag?post=8161"}],"curies":[{"name":"wp","href":"https:\/\/api.w.org\/{rel}","templated":true}]}}