{"id":8128,"date":"2025-03-17T06:32:49","date_gmt":"2025-03-17T06:32:49","guid":{"rendered":"https:\/\/longchangchemical.com\/?post_type=product&#038;p=8128"},"modified":"2025-04-01T05:53:14","modified_gmt":"2025-04-01T05:53:14","slug":"light-stabilizer-610","status":"publish","type":"product","link":"https:\/\/longchangchemical.com\/tr\/product\/light-stabilizer-610\/","title":{"rendered":"CHLUMILS\u00ae I\u015f\u0131k Sabitleyici 610"},"content":{"rendered":"<p>I\u015f\u0131k Sabitleyici 610<br \/>\nKimyasal Ad\u0131.<br \/>\nI\u015f\u0131k Sabitleyici 610 (HALS)<br \/>\nG\u00f6r\u00fcn\u00fc\u015f: Kirli beyaz ila a\u00e7\u0131k sar\u0131 kat\u0131<br \/>\nYumu\u015fama noktas\u0131: 70-150\u00b0C<br \/>\n\u00d6zellikler ve uygulama<br \/>\n\u00d6zellikler: Bile\u015fik engellenmi\u015f amin \u0131\u015f\u0131k stabilizat\u00f6r\u00fc, d\u00fc\u015f\u00fck alkali ve d\u00fc\u015f\u00fck u\u00e7uculu\u011fa, migrasyon direncine, y\u00fcksek s\u0131cakl\u0131k direncine vb. sahiptir ve \u00e7o\u011fu polimer ile iyi uyumlulu\u011fa sahiptir.<br \/>\nUygulama: \u00dcr\u00fcn poliolefin malzemeler i\u00e7in uygundur, asidik ortamda daha iyi ya\u015flanma kar\u015f\u0131t\u0131 etki g\u00f6sterebilir, asidik sistemin \u00e7o\u011funda, \u00f6zellikle aside dayan\u0131kl\u0131 maddeler etkisi olan tar\u0131msal filmlerde (asidik pestisitler ve di\u011fer asidik maddeler) kullan\u0131labilir.<\/p>\n<p><strong>I\u015f\u0131k Sabitleyici 610: Detayl\u0131 Fonksiyonlar ve Uygulamalar<\/strong><\/p>\n<p><strong>I\u015f\u0131k Sabitleyici 610<\/strong>\u00a0'ye ait olduk\u00e7a etkili bir \u0131\u015f\u0131k dengeleyicidir.\u00a0<strong>HALS (Hindered Amine Light Stabilizers)<\/strong>\u00a0bile\u015fik s\u0131n\u0131f\u0131. \u00d6ncelikle polimer malzemeleri (plastikler, kaplamalar ve kau\u00e7uk gibi) ultraviyole (UV) radyasyon ve termal oksidasyonun neden oldu\u011fu hasarlardan korumak i\u00e7in kullan\u0131l\u0131r. A\u015fa\u011f\u0131da ayr\u0131nt\u0131l\u0131 i\u015flevleri ve uygulamalar\u0131 yer almaktad\u0131r:<\/p>\n<hr \/>\n<h3><strong>Temel Fonksiyonlar<\/strong><\/h3>\n<ol start=\"1\">\n<li><strong>UV Bozulma Direnci<\/strong>:\n<ul>\n<li>I\u015f\u0131k Sabitleyici 610 UV enerjisini etkili bir \u015fekilde emer ve da\u011f\u0131t\u0131r, UV radyasyonunun neden oldu\u011fu polimer malzemelerin fotodegradasyonunu ve foto-oksidasyonunu \u00f6nler.<\/li>\n<li>Malzemelerin hizmet \u00f6mr\u00fcn\u00fc uzat\u0131r, renk bozulmas\u0131n\u0131, gevrekle\u015fmeyi ve mekanik \u00f6zelliklerin kayb\u0131n\u0131 \u00f6nler.<\/li>\n<\/ul>\n<\/li>\n<li><strong>Serbest Radikal Temizleme<\/strong>:\n<ul>\n<li>Bir HALS \u0131\u015f\u0131k stabilizat\u00f6r\u00fc olarak, UV radyasyonu ve termal oksidasyon taraf\u0131ndan \u00fcretilen serbest radikalleri yakalar, foto-oksidasyon ve termal oksidasyon zincir reaksiyonlar\u0131n\u0131 kesintiye u\u011frat\u0131r, b\u00f6ylece malzemeleri daha fazla hasardan korur.<\/li>\n<\/ul>\n<\/li>\n<li><strong>Termal Kararl\u0131l\u0131k<\/strong>:\n<ul>\n<li>Y\u00fcksek s\u0131cakl\u0131k ko\u015fullar\u0131nda bile istikrarl\u0131 performans\u0131n\u0131 korur, bu da onu \u0131s\u0131 direnci gerektiren uygulamalar i\u00e7in uygun hale getirir.<\/li>\n<\/ul>\n<\/li>\n<li><strong>D\u00fc\u015f\u00fck Volatilite<\/strong>:\n<ul>\n<li>D\u00fc\u015f\u00fck u\u00e7uculuk sergiler, bu da onu y\u00fcksek s\u0131cakl\u0131kta i\u015fleme ve uzun s\u00fcreli kullan\u0131m i\u00e7in uygun hale getirir.<\/li>\n<\/ul>\n<\/li>\n<li><strong>Sinerjik Etkiler<\/strong>:\n<ul>\n<li>Kapsaml\u0131 \u0131\u015f\u0131k ve termal stabilizasyon sa\u011flamak i\u00e7in UV emiciler ve antioksidanlar ile birlikte kullan\u0131labilir.<\/li>\n<\/ul>\n<\/li>\n<\/ol>\n<hr \/>\n<h3><strong>Avantajlar<\/strong><\/h3>\n<ul>\n<li><strong>Y\u00fcksek Verimlilik<\/strong>: Uzun s\u00fcreli UV ve termal oksidasyon korumas\u0131 sa\u011flar.<\/li>\n<li><strong>Uyumluluk<\/strong>: \u00c7e\u015fitli polimerler ve katk\u0131 maddeleri ile uyumludur.<\/li>\n<li><strong>\u00c7evre Dostu<\/strong>: D\u00fc\u015f\u00fck toksisite, \u00e7evresel gereksinimleri kar\u015f\u0131lar.<\/li>\n<li><strong>Is\u0131 Direnci<\/strong>: Y\u00fcksek s\u0131cakl\u0131klar alt\u0131nda istikrarl\u0131 performans.<\/li>\n<li><strong>D\u00fc\u015f\u00fck Volatilite<\/strong>: Y\u00fcksek s\u0131cakl\u0131kta i\u015fleme ve uzun s\u00fcreli kullan\u0131m i\u00e7in uygundur.<\/li>\n<\/ul>\n<hr \/>\n<h3><strong>Kullan\u0131m \u00d6nerileri<\/strong><\/h3>\n<ol start=\"1\">\n<li><strong>Dozaj<\/strong>:\n<ul>\n<li>Tipik dozaj \u015f\u00f6yledir\u00a0<strong>0,1% ila 0,5%<\/strong>\u00a0Uygulama ve malzeme t\u00fcr\u00fcne ba\u011fl\u0131 olarak polimer a\u011f\u0131rl\u0131\u011f\u0131n\u0131n<\/li>\n<\/ul>\n<\/li>\n<li><strong>\u0130\u015fleme S\u0131cakl\u0131\u011f\u0131<\/strong>:\n<ul>\n<li>Geleneksel i\u015fleme s\u0131cakl\u0131klar\u0131 i\u00e7in uygundur ancak termal ayr\u0131\u015fma s\u0131cakl\u0131\u011f\u0131n\u0131 (genellikle 250\u00b0C'nin \u00fczerinde) a\u015fmamal\u0131d\u0131r.<\/li>\n<\/ul>\n<\/li>\n<li><strong>Di\u011fer Katk\u0131 Maddeleri ile Kombinasyon<\/strong>:\n<ul>\n<li>Kapsaml\u0131 koruma i\u00e7in antioksidanlar, UV emiciler ve di\u011fer katk\u0131 maddeleri ile birlikte kullan\u0131labilir.<\/li>\n<\/ul>\n<\/li>\n<\/ol>\n<hr \/>\n<h3><strong>\u00d6nlemler<\/strong><\/h3>\n<ul>\n<li>Y\u00fcksek s\u0131cakl\u0131k ve nemden uzak, serin ve kuru bir yerde saklay\u0131n.<\/li>\n<li>Cilt ve g\u00f6zlerle do\u011frudan temastan ka\u00e7\u0131nmak i\u00e7in koruyucu ekipman kullan\u0131n.<\/li>\n<\/ul>\n<hr \/>\n<p>Light Stabilizer 610, malzemelerin hava ko\u015fullar\u0131na dayan\u0131kl\u0131l\u0131\u011f\u0131n\u0131 ve hizmet \u00f6mr\u00fcn\u00fc \u00f6nemli \u00f6l\u00e7\u00fcde art\u0131ran, UV ve termal oksidasyon korumas\u0131 gerektiren end\u00fcstrilerde yayg\u0131n olarak kullan\u0131lan \u00e7ok y\u00f6nl\u00fc bir \u0131\u015f\u0131k stabilizat\u00f6r\u00fcd\u00fcr.<\/p>\n<h2><strong>\u015eimdi Bize Ula\u015f\u0131n!<\/strong><\/h2>\n<p><strong>COA, MSDS veya TDS'ye ihtiyac\u0131n\u0131z varsa, l\u00fctfen a\u015fa\u011f\u0131daki forma ileti\u015fim bilgilerinizi girin, genellikle 24 saat i\u00e7inde sizinle ileti\u015fime ge\u00e7ece\u011fiz. Bana e-posta da g\u00f6nderebilirsiniz\u00a0<span style=\"color: #00ccff;\"><a style=\"color: #00ccff;\" href=\"mailto:info@longchangchemical.com\">info@longchangchemical.com<\/a><\/span>\u00a0\u00c7al\u0131\u015fma saatleri i\u00e7inde (8:30 - 6:00 UTC+8 Pzt.~Sat.) veya h\u0131zl\u0131 yan\u0131t almak i\u00e7in web sitesi canl\u0131 sohbetini kullan\u0131n.<\/strong><\/p>","protected":false},"excerpt":{"rendered":"<h3><strong>Uygulama Alanlar\u0131<\/strong><\/h3>\n<ol start=\"1\">\n<li><strong>Plastik End\u00fcstrisi<\/strong>:\n<ul>\n<li>Polipropilen (PP), polietilen (PE), poli\u00fcretan (PU), polikarbonat (PC) ve di\u011fer plastik \u00fcr\u00fcnlerde UV radyasyonunun neden oldu\u011fu solma, gevrekle\u015fme ve performans kayb\u0131n\u0131 \u00f6nlemek i\u00e7in kullan\u0131l\u0131r.<\/li>\n<li>Yayg\u0131n uygulamalar: d\u0131\u015f mekan mobilyalar\u0131, otomotiv par\u00e7alar\u0131, plastik filmler, borular, elyaflar vb.<\/li>\n<\/ul>\n<\/li>\n<li><strong>Kaplamalar ve M\u00fcrekkepler<\/strong>:\n<ul>\n<li>Kaplamalar\u0131 ve m\u00fcrekkepleri UV hasar\u0131ndan korur, solmay\u0131 ve tebe\u015firlenmeyi \u00f6nler.<\/li>\n<li>Yayg\u0131n uygulamalar: otomotiv kaplamalar\u0131, mimari kaplamalar, end\u00fcstriyel kaplamalar, vb.<\/li>\n<\/ul>\n<\/li>\n<li><strong>Kau\u00e7uk \u00dcr\u00fcnler<\/strong>:\n<ul>\n<li>Kau\u00e7uk malzemeleri (\u00f6rn. lastikler, contalar) UV radyasyonundan ve ozon hasar\u0131ndan korur.<\/li>\n<\/ul>\n<\/li>\n<li><strong>Tekstil<\/strong>:\n<ul>\n<li>Sentetik liflerin (\u00f6rn. polyester, naylon) \u0131\u015f\u0131k hasl\u0131\u011f\u0131n\u0131 artt\u0131rarak solmas\u0131n\u0131 ve mukavemet kayb\u0131n\u0131 \u00f6nler.<\/li>\n<\/ul>\n<\/li>\n<li><strong>Di\u011fer Alanlar<\/strong>:\n<ul>\n<li>Yap\u0131\u015ft\u0131r\u0131c\u0131larda, dolgu macunlar\u0131nda ve di\u011fer polimer malzemelerde \u0131\u015f\u0131k stabilizasyonu i\u00e7in kullan\u0131labilir.<\/li>\n<\/ul>\n<\/li>\n<\/ol>","protected":false},"featured_media":8129,"comment_status":"closed","ping_status":"closed","template":"","meta":[],"product_brand":[],"product_cat":[104],"product_tag":[],"class_list":{"0":"post-8128","1":"product","2":"type-product","3":"status-publish","4":"has-post-thumbnail","6":"product_cat-light-stabilizer","8":"first","9":"instock","10":"shipping-taxable","11":"product-type-simple"},"yoast_head":"<!-- This site is optimized with the Yoast SEO plugin v25.3.1 - https:\/\/yoast.com\/wordpress\/plugins\/seo\/ -->\n<title>China Light Stabilizer 610 Manufacturer - Longchang Chemical<\/title>\n<meta name=\"description\" content=\"China Light Stabilizer 610 is a key product of Longchang Chemical. We provide the best price. We are the leading manufacturer in China with the best quality and competitive price.\" \/>\n<meta name=\"robots\" content=\"index, follow, max-snippet:-1, max-image-preview:large, max-video-preview:-1\" \/>\n<link rel=\"canonical\" href=\"https:\/\/longchangchemical.com\/tr\/product\/light-stabilizer-610\/\" \/>\n<meta property=\"og:locale\" content=\"tr_TR\" \/>\n<meta property=\"og:type\" content=\"article\" \/>\n<meta property=\"og:title\" content=\"China Light Stabilizer 610 Manufacturer - Longchang Chemical\" \/>\n<meta property=\"og:description\" content=\"China Light Stabilizer 610 is a key product of Longchang Chemical. We provide the best price. We are the leading manufacturer in China with the best quality and competitive price.\" \/>\n<meta property=\"og:url\" content=\"https:\/\/longchangchemical.com\/tr\/product\/light-stabilizer-610\/\" \/>\n<meta property=\"og:site_name\" content=\"Longchang Chemical\" \/>\n<meta property=\"article:modified_time\" content=\"2025-04-01T05:53:14+00:00\" \/>\n<meta property=\"og:image\" content=\"https:\/\/longchangchemical.com\/wp-content\/uploads\/2025\/03\/1-67.png\" \/>\n\t<meta property=\"og:image:width\" content=\"600\" \/>\n\t<meta property=\"og:image:height\" content=\"600\" \/>\n\t<meta property=\"og:image:type\" content=\"image\/png\" \/>\n<meta name=\"twitter:card\" content=\"summary_large_image\" \/>\n<script type=\"application\/ld+json\" class=\"yoast-schema-graph\">{\"@context\":\"https:\/\/schema.org\",\"@graph\":[{\"@type\":\"WebPage\",\"@id\":\"https:\/\/longchangchemical.com\/product\/light-stabilizer-610\/\",\"url\":\"https:\/\/longchangchemical.com\/product\/light-stabilizer-610\/\",\"name\":\"China Light Stabilizer 610 Manufacturer - Longchang Chemical\",\"isPartOf\":{\"@id\":\"https:\/\/longchangchemical.com\/#website\"},\"primaryImageOfPage\":{\"@id\":\"https:\/\/longchangchemical.com\/product\/light-stabilizer-610\/#primaryimage\"},\"image\":{\"@id\":\"https:\/\/longchangchemical.com\/product\/light-stabilizer-610\/#primaryimage\"},\"thumbnailUrl\":\"https:\/\/longchangchemical.com\/wp-content\/uploads\/2025\/03\/1-67.png\",\"datePublished\":\"2025-03-17T06:32:49+00:00\",\"dateModified\":\"2025-04-01T05:53:14+00:00\",\"description\":\"China Light Stabilizer 610 is a key product of Longchang Chemical. We provide the best price. We are the leading manufacturer in China with the best quality and competitive price.\",\"breadcrumb\":{\"@id\":\"https:\/\/longchangchemical.com\/product\/light-stabilizer-610\/#breadcrumb\"},\"inLanguage\":\"tr\",\"potentialAction\":[{\"@type\":\"ReadAction\",\"target\":[\"https:\/\/longchangchemical.com\/product\/light-stabilizer-610\/\"]}]},{\"@type\":\"ImageObject\",\"inLanguage\":\"tr\",\"@id\":\"https:\/\/longchangchemical.com\/product\/light-stabilizer-610\/#primaryimage\",\"url\":\"https:\/\/longchangchemical.com\/wp-content\/uploads\/2025\/03\/1-67.png\",\"contentUrl\":\"https:\/\/longchangchemical.com\/wp-content\/uploads\/2025\/03\/1-67.png\",\"width\":600,\"height\":600},{\"@type\":\"BreadcrumbList\",\"@id\":\"https:\/\/longchangchemical.com\/product\/light-stabilizer-610\/#breadcrumb\",\"itemListElement\":[{\"@type\":\"ListItem\",\"position\":1,\"name\":\"Home\",\"item\":\"https:\/\/longchangchemical.com\/\"},{\"@type\":\"ListItem\",\"position\":2,\"name\":\"Products Longchang\",\"item\":\"https:\/\/longchangchemical.com\/product\/\"},{\"@type\":\"ListItem\",\"position\":3,\"name\":\"CHLUMILS\u00ae Light Stabilizer 610\"}]},{\"@type\":\"WebSite\",\"@id\":\"https:\/\/longchangchemical.com\/#website\",\"url\":\"https:\/\/longchangchemical.com\/\",\"name\":\"Longchang Chemical\",\"description\":\"China chemical manufacturer \uff06 supplier\",\"publisher\":{\"@id\":\"https:\/\/longchangchemical.com\/#organization\"},\"potentialAction\":[{\"@type\":\"SearchAction\",\"target\":{\"@type\":\"EntryPoint\",\"urlTemplate\":\"https:\/\/longchangchemical.com\/?s={search_term_string}\"},\"query-input\":{\"@type\":\"PropertyValueSpecification\",\"valueRequired\":true,\"valueName\":\"search_term_string\"}}],\"inLanguage\":\"tr\"},{\"@type\":\"Organization\",\"@id\":\"https:\/\/longchangchemical.com\/#organization\",\"name\":\"Longchang Chemical\",\"url\":\"https:\/\/longchangchemical.com\/\",\"logo\":{\"@type\":\"ImageObject\",\"inLanguage\":\"tr\",\"@id\":\"https:\/\/longchangchemical.com\/#\/schema\/logo\/image\/\",\"url\":\"https:\/\/longchangchemical.com\/wp-content\/uploads\/2020\/08\/cropped-longchang-logo.png\",\"contentUrl\":\"https:\/\/longchangchemical.com\/wp-content\/uploads\/2020\/08\/cropped-longchang-logo.png\",\"width\":512,\"height\":512,\"caption\":\"Longchang Chemical\"},\"image\":{\"@id\":\"https:\/\/longchangchemical.com\/#\/schema\/logo\/image\/\"}}]}<\/script>\n<!-- \/ Yoast SEO plugin. -->","yoast_head_json":{"title":"\u00c7in I\u015f\u0131k Sabitleyici 610 \u00dcretici - Longchang Chemical","description":"\u00c7in I\u015f\u0131k Sabitleyici 610, Longchang Chemical'\u0131n \u00f6nemli bir \u00fcr\u00fcn\u00fcd\u00fcr. En iyi fiyat\u0131 sa\u011fl\u0131yoruz. En iyi kalite ve rekabet\u00e7i fiyat ile \u00c7in'in \u00f6nde gelen \u00fcreticisiyiz.","robots":{"index":"index","follow":"follow","max-snippet":"max-snippet:-1","max-image-preview":"max-image-preview:large","max-video-preview":"max-video-preview:-1"},"canonical":"https:\/\/longchangchemical.com\/tr\/product\/light-stabilizer-610\/","og_locale":"tr_TR","og_type":"article","og_title":"China Light Stabilizer 610 Manufacturer - Longchang Chemical","og_description":"China Light Stabilizer 610 is a key product of Longchang Chemical. We provide the best price. We are the leading manufacturer in China with the best quality and competitive price.","og_url":"https:\/\/longchangchemical.com\/tr\/product\/light-stabilizer-610\/","og_site_name":"Longchang Chemical","article_modified_time":"2025-04-01T05:53:14+00:00","og_image":[{"width":600,"height":600,"url":"https:\/\/longchangchemical.com\/wp-content\/uploads\/2025\/03\/1-67.png","type":"image\/png"}],"twitter_card":"summary_large_image","schema":{"@context":"https:\/\/schema.org","@graph":[{"@type":"WebPage","@id":"https:\/\/longchangchemical.com\/product\/light-stabilizer-610\/","url":"https:\/\/longchangchemical.com\/product\/light-stabilizer-610\/","name":"\u00c7in I\u015f\u0131k Sabitleyici 610 \u00dcretici - Longchang Chemical","isPartOf":{"@id":"https:\/\/longchangchemical.com\/#website"},"primaryImageOfPage":{"@id":"https:\/\/longchangchemical.com\/product\/light-stabilizer-610\/#primaryimage"},"image":{"@id":"https:\/\/longchangchemical.com\/product\/light-stabilizer-610\/#primaryimage"},"thumbnailUrl":"https:\/\/longchangchemical.com\/wp-content\/uploads\/2025\/03\/1-67.png","datePublished":"2025-03-17T06:32:49+00:00","dateModified":"2025-04-01T05:53:14+00:00","description":"\u00c7in I\u015f\u0131k Sabitleyici 610, Longchang Chemical'\u0131n \u00f6nemli bir \u00fcr\u00fcn\u00fcd\u00fcr. En iyi fiyat\u0131 sa\u011fl\u0131yoruz. En iyi kalite ve rekabet\u00e7i fiyat ile \u00c7in'in \u00f6nde gelen \u00fcreticisiyiz.","breadcrumb":{"@id":"https:\/\/longchangchemical.com\/product\/light-stabilizer-610\/#breadcrumb"},"inLanguage":"tr","potentialAction":[{"@type":"ReadAction","target":["https:\/\/longchangchemical.com\/product\/light-stabilizer-610\/"]}]},{"@type":"ImageObject","inLanguage":"tr","@id":"https:\/\/longchangchemical.com\/product\/light-stabilizer-610\/#primaryimage","url":"https:\/\/longchangchemical.com\/wp-content\/uploads\/2025\/03\/1-67.png","contentUrl":"https:\/\/longchangchemical.com\/wp-content\/uploads\/2025\/03\/1-67.png","width":600,"height":600},{"@type":"BreadcrumbList","@id":"https:\/\/longchangchemical.com\/product\/light-stabilizer-610\/#breadcrumb","itemListElement":[{"@type":"ListItem","position":1,"name":"Home","item":"https:\/\/longchangchemical.com\/"},{"@type":"ListItem","position":2,"name":"Products Longchang","item":"https:\/\/longchangchemical.com\/product\/"},{"@type":"ListItem","position":3,"name":"CHLUMILS\u00ae Light Stabilizer 610"}]},{"@type":"WebSite","@id":"https:\/\/longchangchemical.com\/#website","url":"https:\/\/longchangchemical.com\/","name":"Longchang Kimya","description":"\u00c7in kimyasal \u00fcreticisi \uff06 tedarik\u00e7isi","publisher":{"@id":"https:\/\/longchangchemical.com\/#organization"},"potentialAction":[{"@type":"SearchAction","target":{"@type":"EntryPoint","urlTemplate":"https:\/\/longchangchemical.com\/?s={search_term_string}"},"query-input":{"@type":"PropertyValueSpecification","valueRequired":true,"valueName":"search_term_string"}}],"inLanguage":"tr"},{"@type":"Organization","@id":"https:\/\/longchangchemical.com\/#organization","name":"Longchang Kimya","url":"https:\/\/longchangchemical.com\/","logo":{"@type":"ImageObject","inLanguage":"tr","@id":"https:\/\/longchangchemical.com\/#\/schema\/logo\/image\/","url":"https:\/\/longchangchemical.com\/wp-content\/uploads\/2020\/08\/cropped-longchang-logo.png","contentUrl":"https:\/\/longchangchemical.com\/wp-content\/uploads\/2020\/08\/cropped-longchang-logo.png","width":512,"height":512,"caption":"Longchang Chemical"},"image":{"@id":"https:\/\/longchangchemical.com\/#\/schema\/logo\/image\/"}}]}},"_links":{"self":[{"href":"https:\/\/longchangchemical.com\/tr\/wp-json\/wp\/v2\/product\/8128","targetHints":{"allow":["GET"]}}],"collection":[{"href":"https:\/\/longchangchemical.com\/tr\/wp-json\/wp\/v2\/product"}],"about":[{"href":"https:\/\/longchangchemical.com\/tr\/wp-json\/wp\/v2\/types\/product"}],"replies":[{"embeddable":true,"href":"https:\/\/longchangchemical.com\/tr\/wp-json\/wp\/v2\/comments?post=8128"}],"wp:featuredmedia":[{"embeddable":true,"href":"https:\/\/longchangchemical.com\/tr\/wp-json\/wp\/v2\/media\/8129"}],"wp:attachment":[{"href":"https:\/\/longchangchemical.com\/tr\/wp-json\/wp\/v2\/media?parent=8128"}],"wp:term":[{"taxonomy":"product_brand","embeddable":true,"href":"https:\/\/longchangchemical.com\/tr\/wp-json\/wp\/v2\/product_brand?post=8128"},{"taxonomy":"product_cat","embeddable":true,"href":"https:\/\/longchangchemical.com\/tr\/wp-json\/wp\/v2\/product_cat?post=8128"},{"taxonomy":"product_tag","embeddable":true,"href":"https:\/\/longchangchemical.com\/tr\/wp-json\/wp\/v2\/product_tag?post=8128"}],"curies":[{"name":"wp","href":"https:\/\/api.w.org\/{rel}","templated":true}]}}