{"id":7896,"date":"2025-02-17T10:58:49","date_gmt":"2025-02-17T10:58:49","guid":{"rendered":"https:\/\/longchangchemical.com\/?post_type=product&#038;p=7896"},"modified":"2026-01-12T08:52:59","modified_gmt":"2026-01-12T08:52:59","slug":"light-soda-ash-cas-497-19-8","status":"publish","type":"product","link":"https:\/\/longchangchemical.com\/tr\/product\/light-soda-ash-cas-497-19-8\/","title":{"rendered":"End\u00fcstriyel s\u0131n\u0131f Hafif Soda K\u00fcl\u00fc CAS 497-19-8"},"content":{"rendered":"<h1><strong>End\u00fcstriyel s\u0131n\u0131f Hafif Soda K\u00fcl\u00fc CAS 497-19-8<\/strong><\/h1>\n<table style=\"border-collapse: collapse; width: 402.77pt;\" border=\"0\" width=\"537\" cellspacing=\"0\" cellpadding=\"0\">\n<tbody>\n<tr style=\"height: 30.00pt;\">\n<td class=\"et2\" style=\"height: 30.00pt; width: 229.50pt;\" width=\"306\" height=\"40\">M\u00fclkler<\/td>\n<td class=\"et2\" style=\"width: 173.25pt;\" width=\"231\">Hafif Soda K\u00fcl\u00fc \u00dcr\u00fcn Bilgileri \u00d6zellikleri<\/td>\n<\/tr>\n<tr style=\"height: 15.00pt;\">\n<td class=\"et2\" style=\"height: 15.00pt; width: 229.50pt;\" width=\"306\" height=\"20\">CAS No.<\/td>\n<td class=\"et2\" style=\"width: 173.25pt;\" width=\"231\">497-19-8<\/td>\n<\/tr>\n<tr style=\"height: 15.00pt;\">\n<td class=\"et2\" style=\"height: 15.00pt; width: 229.50pt;\" width=\"306\" height=\"20\">\u00dcr\u00fcn Ad\u0131<\/td>\n<td class=\"et2\" style=\"width: 173.25pt;\" width=\"231\">Hafif soda k\u00fcl\u00fc<\/td>\n<\/tr>\n<tr style=\"height: 15.00pt;\">\n<td class=\"et2\" style=\"height: 15.00pt; width: 229.50pt;\" width=\"306\" height=\"20\">\u0130sim (Takma Ad)<\/td>\n<td class=\"et2\" style=\"width: 173.25pt;\" width=\"231\">Sodyum karbonat<\/td>\n<\/tr>\n<tr style=\"height: 15.00pt;\">\n<td class=\"et2\" style=\"height: 15.00pt; width: 229.50pt;\" width=\"306\" height=\"20\">\u00dcr\u00fcn S\u0131n\u0131f\u0131<\/td>\n<td class=\"et2\" style=\"width: 173.25pt;\" width=\"231\">End\u00fcstriyel s\u0131n\u0131f<\/td>\n<\/tr>\n<tr style=\"height: 15.00pt;\">\n<td class=\"et2\" style=\"height: 15.00pt; width: 229.50pt;\" width=\"306\" height=\"20\">Tehlikeli s\u0131n\u0131f<\/td>\n<td class=\"et2\" style=\"width: 173.25pt;\" width=\"231\">Tehlikeli mal de\u011fildir<\/td>\n<\/tr>\n<tr style=\"height: 15.00pt;\">\n<td class=\"et2\" style=\"height: 15.00pt; width: 229.50pt;\" width=\"306\" height=\"20\">\u0130\u00e7erik<\/td>\n<td class=\"et2\" style=\"width: 173.25pt;\" width=\"231\">\u226599,2%<\/td>\n<\/tr>\n<tr style=\"height: 15.00pt;\">\n<td class=\"et2\" style=\"height: 15.00pt; width: 229.50pt;\" width=\"306\" height=\"20\">Model<\/td>\n<td class=\"et2\" style=\"width: 173.25pt;\" width=\"231\">End\u00fcstriyel s\u0131n\u0131f hafif soda k\u00fcl\u00fc<\/td>\n<\/tr>\n<tr style=\"height: 30.00pt;\">\n<td class=\"et2\" style=\"height: 30.00pt; width: 229.50pt;\" width=\"306\" height=\"40\">\u00dcretici (men\u015fe yeri)<\/td>\n<td class=\"et2\" style=\"width: 173.25pt;\" width=\"231\">Shandong Weifang Binhai Ekonomik Kalk\u0131nma B\u00f6lgesi<\/td>\n<\/tr>\n<tr style=\"height: 15.00pt;\">\n<td class=\"et2\" style=\"height: 15.00pt; width: 229.50pt;\" width=\"306\" height=\"20\">Gran\u00fclerlik<\/td>\n<td class=\"et2\" style=\"width: 173.25pt;\" width=\"231\">100 a\u011f<\/td>\n<\/tr>\n<tr style=\"height: 15.00pt;\">\n<td class=\"et2\" style=\"height: 15.00pt; width: 229.50pt;\" width=\"306\" height=\"20\">Y\u00fcr\u00fctme kalite standard\u0131<\/td>\n<td class=\"et2\" style=\"width: 173.25pt;\" width=\"231\">GB210.1-2004 S\u0131n\u0131f II<\/td>\n<\/tr>\n<tr style=\"height: 15.00pt;\">\n<td class=\"et2\" style=\"height: 15.00pt; width: 229.50pt;\" width=\"306\" height=\"20\">Ana Malzemeler<\/td>\n<td class=\"et2\" style=\"width: 173.25pt;\" width=\"231\">Sodyum karbonat<\/td>\n<\/tr>\n<tr style=\"height: 15.00pt;\">\n<td class=\"et2\" style=\"height: 15.00pt; width: 229.50pt;\" width=\"306\" height=\"20\">Molek\u00fcler form\u00fcl<\/td>\n<td class=\"et2\" style=\"width: 173.25pt;\" width=\"231\">Na2CO3<\/td>\n<\/tr>\n<tr style=\"height: 15.00pt;\">\n<td class=\"et2\" style=\"height: 15.00pt; width: 229.50pt;\" width=\"306\" height=\"20\">G\u00f6r\u00fcn\u00fc\u015f<\/td>\n<td class=\"et2\" style=\"width: 173.25pt;\" width=\"231\">Beyaz toz<\/td>\n<\/tr>\n<tr style=\"height: 15.00pt;\">\n<td class=\"et2\" style=\"height: 15.00pt; width: 229.50pt;\" width=\"306\" height=\"20\">PH de\u011feri<\/td>\n<td class=\"et2\" style=\"width: 173.25pt;\" align=\"right\" width=\"231\">11.6<\/td>\n<\/tr>\n<tr style=\"height: 15.00pt;\">\n<td class=\"et2\" style=\"height: 15.00pt; width: 229.50pt;\" width=\"306\" height=\"20\">EINECS numaras\u0131<\/td>\n<td class=\"et2\" style=\"width: 173.25pt;\" width=\"231\">207-838-8<\/td>\n<\/tr>\n<tr style=\"height: 30.00pt;\">\n<td class=\"et2\" style=\"height: 30.00pt; width: 229.50pt;\" width=\"306\" height=\"40\">\u00dcretim s\u00fcreci<\/td>\n<td class=\"et2\" style=\"width: 173.25pt;\" width=\"231\">Amonyak bazl\u0131 y\u00f6ntem, Union bazl\u0131 y\u00f6ntem<\/td>\n<\/tr>\n<tr style=\"height: 15.00pt;\">\n<td class=\"et2\" style=\"height: 15.00pt; width: 229.50pt;\" width=\"306\" height=\"20\">Raf \u00f6mr\u00fc<\/td>\n<td class=\"et2\" style=\"width: 173.25pt;\" width=\"231\">2 y\u0131l<\/td>\n<\/tr>\n<tr style=\"height: 15.00pt;\">\n<td class=\"et2\" style=\"height: 15.00pt; width: 229.50pt;\" width=\"306\" height=\"20\">Paketleme<\/td>\n<td class=\"et2\" style=\"width: 173.25pt;\" width=\"231\">40kg, 750kg ton paket<\/td>\n<\/tr>\n<tr style=\"height: 15.00pt;\">\n<td class=\"et2\" style=\"height: 15.00pt; width: 229.50pt;\" width=\"306\" height=\"20\">HS Kodu<\/td>\n<td class=\"et2\" style=\"width: 173.25pt;\" align=\"right\" width=\"231\">2836200000<\/td>\n<\/tr>\n<\/tbody>\n<\/table>\n<h2><strong>Hafif Soda K\u00fcl\u00fc Kullan\u0131m\u0131<\/strong><\/h2>\n<p>1, cam end\u00fcstrisi soda k\u00fcl\u00fc t\u00fcketiminin en b\u00fcy\u00fck kayna\u011f\u0131d\u0131r, her ton cam soda k\u00fcl\u00fc t\u00fcketimi 0.2t'dir. Esas olarak d\u00fcz cam, resim t\u00fcp\u00fc cam kabu\u011fu, optik cam vb.<\/p>\n<p>2\u3001Kimya end\u00fcstrisi, metalurji ve benzeri alanlarda kullan\u0131l\u0131r. A\u011f\u0131r soda k\u00fcl\u00fc kullan\u0131m\u0131 alkali tozunu azaltabilir, hammadde t\u00fcketimini azaltabilir, \u00e7al\u0131\u015fma ko\u015fullar\u0131n\u0131 iyile\u015ftirebilir, ayn\u0131 zamanda f\u0131r\u0131n\u0131n hizmet \u00f6mr\u00fcn\u00fc uzatmak i\u00e7in refrakter malzemeler \u00fczerindeki alkali tozunun erozyonunu azalt\u0131rken \u00fcr\u00fcn kalitesini de art\u0131rabilir.<\/p>\n<p>3\u3001Tampon, n\u00f6trle\u015ftirici ve hamur geli\u015ftirici olarak, uygun miktarda kullan\u0131m\u0131n \u00fcretim ihtiya\u00e7lar\u0131na g\u00f6re pasta ve eri\u015fte g\u0131dalar\u0131nda kullan\u0131labilir.<\/p>\n<p>4\u3001Y\u00fcn durulama i\u00e7in deterjan, banyo tuzu ve ila\u00e7, tabaklamada alkali ajan olarak kullan\u0131l\u0131r.<\/p>\n<p>5\u3001G\u0131da end\u00fcstrisinde, amino asitlerin, soya sosunun ve buharda pi\u015firilmi\u015f ekmek, ekmek ve benzeri gibi eri\u015fte yiyeceklerinin \u00fcretimi gibi n\u00f6trle\u015ftirici, hacim artt\u0131r\u0131c\u0131 ajan olarak kullan\u0131l\u0131r. Elastikiyeti ve s\u00fcnekli\u011fi artt\u0131rmak i\u00e7in makarnaya eklenen alkali suya da form\u00fcle edilebilir. Sodyum karbonat ayr\u0131ca monosodyum glutamat \u00fcretmek i\u00e7in de kullan\u0131labilir.<\/p>\n<p>6\u3001Renkli TV i\u00e7in \u00f6zel reaktif<\/p>\n<p>7\u3001\u0130la\u00e7 end\u00fcstrisinde antasit ve ozmotik hafif laksatif olarak kullan\u0131l\u0131r.<\/p>\n<p>8\u3001Kimyasal ve elektrokimyasal ya\u011f giderme, kimyasal bak\u0131r kaplama, al\u00fcminyum a\u015f\u0131nd\u0131rma, al\u00fcminyum ve ala\u015f\u0131m\u0131n elektrolitik parlat\u0131lmas\u0131, al\u00fcminyumun kimyasal oksidasyonu, kapatma sonras\u0131 fosfatlama, i\u015flemler aras\u0131nda pas \u00f6nleme, krom kaplaman\u0131n elektrolitik olarak \u00e7\u0131kar\u0131lmas\u0131 ve krom oksit filminin \u00e7\u0131kar\u0131lmas\u0131 vb. i\u015flemlerde kullan\u0131l\u0131r ve ayr\u0131ca bak\u0131r\u0131n \u00f6n kaplamas\u0131nda, \u00e7elik kaplamada, demir ve \u00e7elik ala\u015f\u0131mlar\u0131n\u0131n elektrolit i\u00e7inde kaplanmas\u0131nda kullan\u0131l\u0131r.<\/p>\n<p>9\u3001Metalurji end\u00fcstrisinde eritme flaks\u0131, cevher haz\u0131rlamada flotasyon maddesi, \u00e7elik yap\u0131m\u0131nda k\u00fck\u00fcrt giderici ve antimon rafinasyonu olarak kullan\u0131l\u0131r.<\/p>\n<p>10\u3001Bask\u0131 ve boyama end\u00fcstrisinde su yumu\u015fat\u0131c\u0131 olarak kullan\u0131l\u0131r.<\/p>\n<p>11\u3001Tabaklama end\u00fcstrisinde hammadde derinin ya\u011fdan ar\u0131nd\u0131r\u0131lmas\u0131, krom tabaklanm\u0131\u015f derinin n\u00f6tralize edilmesi ve krom tabaklama \u00e7\u00f6zeltisinin alkalinitesinin iyile\u015ftirilmesi i\u00e7in kullan\u0131l\u0131r.<\/p>\n<p>12\u3001Asit kalibrasyonu i\u00e7in kar\u015f\u0131la\u015ft\u0131rma \u00f6l\u00e7\u00fct\u00fcn\u00fcn kantitatif analizi. Al\u00fcminyum, s\u00fclf\u00fcr, bak\u0131r, kur\u015fun ve \u00e7inko tayini. \u0130drar ve tam kan glikozunu test edin. \u00c7imentodaki silika yard\u0131mc\u0131 \u00e7\u00f6z\u00fcc\u00fcs\u00fcn\u00fc analiz edin. Metallerin metalografik analizi vb.<\/p>\n<p>&nbsp;<\/p>\n<h2><strong><b>\u015eimdi Bize Ula\u015f\u0131n!<\/b><\/strong><\/h2>\n<h4><strong><b>Fiyat ve Numune Testine ihtiyac\u0131n\u0131z varsa, l\u00fctfen a\u015fa\u011f\u0131daki formda ileti\u015fim bilgilerinizi doldurun, genellikle 24 saat i\u00e7inde sizinle ileti\u015fime ge\u00e7ece\u011fiz. Bana e-posta da g\u00f6nderebilirsiniz <span style=\"color: #00ccff;\"><a style=\"color: #00ccff;\" href=\"mailto:info@longchangchemical.com\">info@longchangchemical.com<\/a><\/span> \u00c7al\u0131\u015fma saatleri i\u00e7inde (8:30 - 6:00 UTC+8 Pzt.~Sat.) veya h\u0131zl\u0131 yan\u0131t almak i\u00e7in web sitesi canl\u0131 sohbetini kullan\u0131n.<\/b><\/strong><\/h4>","protected":false},"excerpt":{"rendered":"<p>\u00dcr\u00fcn Ad\u0131: Hafif soda k\u00fcl\u00fc<\/p>\n<p>CAS No: 497-19-8<\/p>\n<p>\u0130sim (Takma ad): Sodyum karbonat<\/p>\n<p>\u00dcr\u00fcn S\u0131n\u0131f\u0131: End\u00fcstriyel s\u0131n\u0131f<\/p>","protected":false},"featured_media":7897,"comment_status":"closed","ping_status":"closed","template":"","meta":[],"product_brand":[],"product_cat":[109],"product_tag":[],"class_list":{"0":"post-7896","1":"product","2":"type-product","3":"status-publish","4":"has-post-thumbnail","6":"product_cat-water-treatment","8":"first","9":"instock","10":"shipping-taxable","11":"product-type-simple"},"yoast_head":"<!-- This site is optimized with the Yoast SEO plugin v25.3.1 - https:\/\/yoast.com\/wordpress\/plugins\/seo\/ -->\n<title>China Industrial grade Light Soda Ash CAS 497-19-8 Manufacturer - Longchang Chemical<\/title>\n<meta name=\"description\" content=\"Industrial grade Light Soda Ash CAS 497-19-8 is a key product of Longchang Chemical. We provide the best price. We are the leading manufacturer in China with the best quality and competitive price. Other Name: Sodium carbonate\" \/>\n<meta name=\"robots\" content=\"index, follow, max-snippet:-1, max-image-preview:large, max-video-preview:-1\" \/>\n<link rel=\"canonical\" href=\"https:\/\/longchangchemical.com\/tr\/product\/light-soda-ash-cas-497-19-8\/\" \/>\n<meta property=\"og:locale\" content=\"tr_TR\" \/>\n<meta property=\"og:type\" content=\"article\" \/>\n<meta property=\"og:title\" content=\"China Industrial grade Light Soda Ash CAS 497-19-8 Manufacturer - Longchang Chemical\" \/>\n<meta property=\"og:description\" content=\"Industrial grade Light Soda Ash CAS 497-19-8 is a key product of Longchang Chemical. We provide the best price. We are the leading manufacturer in China with the best quality and competitive price. Other Name: Sodium carbonate\" \/>\n<meta property=\"og:url\" content=\"https:\/\/longchangchemical.com\/tr\/product\/light-soda-ash-cas-497-19-8\/\" \/>\n<meta property=\"og:site_name\" content=\"Longchang Chemical\" \/>\n<meta property=\"article:modified_time\" content=\"2026-01-12T08:52:59+00:00\" \/>\n<meta property=\"og:image\" content=\"https:\/\/longchangchemical.com\/wp-content\/uploads\/2025\/02\/Soda-ash-light.jpg\" \/>\n\t<meta property=\"og:image:width\" content=\"225\" \/>\n\t<meta property=\"og:image:height\" content=\"225\" \/>\n\t<meta property=\"og:image:type\" content=\"image\/jpeg\" \/>\n<meta name=\"twitter:card\" content=\"summary_large_image\" \/>\n<script type=\"application\/ld+json\" class=\"yoast-schema-graph\">{\"@context\":\"https:\/\/schema.org\",\"@graph\":[{\"@type\":\"WebPage\",\"@id\":\"https:\/\/longchangchemical.com\/product\/light-soda-ash-cas-497-19-8\/\",\"url\":\"https:\/\/longchangchemical.com\/product\/light-soda-ash-cas-497-19-8\/\",\"name\":\"China Industrial grade Light Soda Ash CAS 497-19-8 Manufacturer - Longchang Chemical\",\"isPartOf\":{\"@id\":\"https:\/\/longchangchemical.com\/#website\"},\"primaryImageOfPage\":{\"@id\":\"https:\/\/longchangchemical.com\/product\/light-soda-ash-cas-497-19-8\/#primaryimage\"},\"image\":{\"@id\":\"https:\/\/longchangchemical.com\/product\/light-soda-ash-cas-497-19-8\/#primaryimage\"},\"thumbnailUrl\":\"https:\/\/longchangchemical.com\/wp-content\/uploads\/2025\/02\/Soda-ash-light.jpg\",\"datePublished\":\"2025-02-17T10:58:49+00:00\",\"dateModified\":\"2026-01-12T08:52:59+00:00\",\"description\":\"Industrial grade Light Soda Ash CAS 497-19-8 is a key product of Longchang Chemical. We provide the best price. We are the leading manufacturer in China with the best quality and competitive price. Other Name: Sodium carbonate\",\"breadcrumb\":{\"@id\":\"https:\/\/longchangchemical.com\/product\/light-soda-ash-cas-497-19-8\/#breadcrumb\"},\"inLanguage\":\"tr\",\"potentialAction\":[{\"@type\":\"ReadAction\",\"target\":[\"https:\/\/longchangchemical.com\/product\/light-soda-ash-cas-497-19-8\/\"]}]},{\"@type\":\"ImageObject\",\"inLanguage\":\"tr\",\"@id\":\"https:\/\/longchangchemical.com\/product\/light-soda-ash-cas-497-19-8\/#primaryimage\",\"url\":\"https:\/\/longchangchemical.com\/wp-content\/uploads\/2025\/02\/Soda-ash-light.jpg\",\"contentUrl\":\"https:\/\/longchangchemical.com\/wp-content\/uploads\/2025\/02\/Soda-ash-light.jpg\",\"width\":225,\"height\":225},{\"@type\":\"BreadcrumbList\",\"@id\":\"https:\/\/longchangchemical.com\/product\/light-soda-ash-cas-497-19-8\/#breadcrumb\",\"itemListElement\":[{\"@type\":\"ListItem\",\"position\":1,\"name\":\"Home\",\"item\":\"https:\/\/longchangchemical.com\/\"},{\"@type\":\"ListItem\",\"position\":2,\"name\":\"Products Longchang\",\"item\":\"https:\/\/longchangchemical.com\/product\/\"},{\"@type\":\"ListItem\",\"position\":3,\"name\":\"Industrial grade Light Soda Ash CAS 497-19-8\"}]},{\"@type\":\"WebSite\",\"@id\":\"https:\/\/longchangchemical.com\/#website\",\"url\":\"https:\/\/longchangchemical.com\/\",\"name\":\"Longchang Chemical\",\"description\":\"China chemical manufacturer \uff06 supplier\",\"publisher\":{\"@id\":\"https:\/\/longchangchemical.com\/#organization\"},\"potentialAction\":[{\"@type\":\"SearchAction\",\"target\":{\"@type\":\"EntryPoint\",\"urlTemplate\":\"https:\/\/longchangchemical.com\/?s={search_term_string}\"},\"query-input\":{\"@type\":\"PropertyValueSpecification\",\"valueRequired\":true,\"valueName\":\"search_term_string\"}}],\"inLanguage\":\"tr\"},{\"@type\":\"Organization\",\"@id\":\"https:\/\/longchangchemical.com\/#organization\",\"name\":\"Longchang Chemical\",\"url\":\"https:\/\/longchangchemical.com\/\",\"logo\":{\"@type\":\"ImageObject\",\"inLanguage\":\"tr\",\"@id\":\"https:\/\/longchangchemical.com\/#\/schema\/logo\/image\/\",\"url\":\"https:\/\/longchangchemical.com\/wp-content\/uploads\/2020\/08\/cropped-longchang-logo.png\",\"contentUrl\":\"https:\/\/longchangchemical.com\/wp-content\/uploads\/2020\/08\/cropped-longchang-logo.png\",\"width\":512,\"height\":512,\"caption\":\"Longchang Chemical\"},\"image\":{\"@id\":\"https:\/\/longchangchemical.com\/#\/schema\/logo\/image\/\"}}]}<\/script>\n<!-- \/ Yoast SEO plugin. -->","yoast_head_json":{"title":"\u00c7in End\u00fcstriyel s\u0131n\u0131f Hafif Soda K\u00fcl\u00fc CAS 497-19-8 \u00dcretici - Longchang Chemical","description":"End\u00fcstriyel s\u0131n\u0131f Hafif Soda K\u00fcl\u00fc CAS 497-19-8, Longchang Chemical'\u0131n \u00f6nemli bir \u00fcr\u00fcn\u00fcd\u00fcr. En iyi fiyat\u0131 sa\u011fl\u0131yoruz. En iyi kalite ve rekabet\u00e7i fiyat ile \u00c7in'in \u00f6nde gelen \u00fcreticisiyiz. Di\u011fer Ad\u0131: Sodyum karbonat","robots":{"index":"index","follow":"follow","max-snippet":"max-snippet:-1","max-image-preview":"max-image-preview:large","max-video-preview":"max-video-preview:-1"},"canonical":"https:\/\/longchangchemical.com\/tr\/product\/light-soda-ash-cas-497-19-8\/","og_locale":"tr_TR","og_type":"article","og_title":"China Industrial grade Light Soda Ash CAS 497-19-8 Manufacturer - Longchang Chemical","og_description":"Industrial grade Light Soda Ash CAS 497-19-8 is a key product of Longchang Chemical. We provide the best price. We are the leading manufacturer in China with the best quality and competitive price. Other Name: Sodium carbonate","og_url":"https:\/\/longchangchemical.com\/tr\/product\/light-soda-ash-cas-497-19-8\/","og_site_name":"Longchang Chemical","article_modified_time":"2026-01-12T08:52:59+00:00","og_image":[{"width":225,"height":225,"url":"https:\/\/longchangchemical.com\/wp-content\/uploads\/2025\/02\/Soda-ash-light.jpg","type":"image\/jpeg"}],"twitter_card":"summary_large_image","schema":{"@context":"https:\/\/schema.org","@graph":[{"@type":"WebPage","@id":"https:\/\/longchangchemical.com\/product\/light-soda-ash-cas-497-19-8\/","url":"https:\/\/longchangchemical.com\/product\/light-soda-ash-cas-497-19-8\/","name":"\u00c7in End\u00fcstriyel s\u0131n\u0131f Hafif Soda K\u00fcl\u00fc CAS 497-19-8 \u00dcretici - Longchang Chemical","isPartOf":{"@id":"https:\/\/longchangchemical.com\/#website"},"primaryImageOfPage":{"@id":"https:\/\/longchangchemical.com\/product\/light-soda-ash-cas-497-19-8\/#primaryimage"},"image":{"@id":"https:\/\/longchangchemical.com\/product\/light-soda-ash-cas-497-19-8\/#primaryimage"},"thumbnailUrl":"https:\/\/longchangchemical.com\/wp-content\/uploads\/2025\/02\/Soda-ash-light.jpg","datePublished":"2025-02-17T10:58:49+00:00","dateModified":"2026-01-12T08:52:59+00:00","description":"End\u00fcstriyel s\u0131n\u0131f Hafif Soda K\u00fcl\u00fc CAS 497-19-8, Longchang Chemical'\u0131n \u00f6nemli bir \u00fcr\u00fcn\u00fcd\u00fcr. En iyi fiyat\u0131 sa\u011fl\u0131yoruz. En iyi kalite ve rekabet\u00e7i fiyat ile \u00c7in'in \u00f6nde gelen \u00fcreticisiyiz. Di\u011fer Ad\u0131: Sodyum karbonat","breadcrumb":{"@id":"https:\/\/longchangchemical.com\/product\/light-soda-ash-cas-497-19-8\/#breadcrumb"},"inLanguage":"tr","potentialAction":[{"@type":"ReadAction","target":["https:\/\/longchangchemical.com\/product\/light-soda-ash-cas-497-19-8\/"]}]},{"@type":"ImageObject","inLanguage":"tr","@id":"https:\/\/longchangchemical.com\/product\/light-soda-ash-cas-497-19-8\/#primaryimage","url":"https:\/\/longchangchemical.com\/wp-content\/uploads\/2025\/02\/Soda-ash-light.jpg","contentUrl":"https:\/\/longchangchemical.com\/wp-content\/uploads\/2025\/02\/Soda-ash-light.jpg","width":225,"height":225},{"@type":"BreadcrumbList","@id":"https:\/\/longchangchemical.com\/product\/light-soda-ash-cas-497-19-8\/#breadcrumb","itemListElement":[{"@type":"ListItem","position":1,"name":"Home","item":"https:\/\/longchangchemical.com\/"},{"@type":"ListItem","position":2,"name":"Products Longchang","item":"https:\/\/longchangchemical.com\/product\/"},{"@type":"ListItem","position":3,"name":"Industrial grade Light Soda Ash CAS 497-19-8"}]},{"@type":"WebSite","@id":"https:\/\/longchangchemical.com\/#website","url":"https:\/\/longchangchemical.com\/","name":"Longchang Kimya","description":"\u00c7in kimyasal \u00fcreticisi \uff06 tedarik\u00e7isi","publisher":{"@id":"https:\/\/longchangchemical.com\/#organization"},"potentialAction":[{"@type":"SearchAction","target":{"@type":"EntryPoint","urlTemplate":"https:\/\/longchangchemical.com\/?s={search_term_string}"},"query-input":{"@type":"PropertyValueSpecification","valueRequired":true,"valueName":"search_term_string"}}],"inLanguage":"tr"},{"@type":"Organization","@id":"https:\/\/longchangchemical.com\/#organization","name":"Longchang Kimya","url":"https:\/\/longchangchemical.com\/","logo":{"@type":"ImageObject","inLanguage":"tr","@id":"https:\/\/longchangchemical.com\/#\/schema\/logo\/image\/","url":"https:\/\/longchangchemical.com\/wp-content\/uploads\/2020\/08\/cropped-longchang-logo.png","contentUrl":"https:\/\/longchangchemical.com\/wp-content\/uploads\/2020\/08\/cropped-longchang-logo.png","width":512,"height":512,"caption":"Longchang Chemical"},"image":{"@id":"https:\/\/longchangchemical.com\/#\/schema\/logo\/image\/"}}]}},"_links":{"self":[{"href":"https:\/\/longchangchemical.com\/tr\/wp-json\/wp\/v2\/product\/7896","targetHints":{"allow":["GET"]}}],"collection":[{"href":"https:\/\/longchangchemical.com\/tr\/wp-json\/wp\/v2\/product"}],"about":[{"href":"https:\/\/longchangchemical.com\/tr\/wp-json\/wp\/v2\/types\/product"}],"replies":[{"embeddable":true,"href":"https:\/\/longchangchemical.com\/tr\/wp-json\/wp\/v2\/comments?post=7896"}],"wp:featuredmedia":[{"embeddable":true,"href":"https:\/\/longchangchemical.com\/tr\/wp-json\/wp\/v2\/media\/7897"}],"wp:attachment":[{"href":"https:\/\/longchangchemical.com\/tr\/wp-json\/wp\/v2\/media?parent=7896"}],"wp:term":[{"taxonomy":"product_brand","embeddable":true,"href":"https:\/\/longchangchemical.com\/tr\/wp-json\/wp\/v2\/product_brand?post=7896"},{"taxonomy":"product_cat","embeddable":true,"href":"https:\/\/longchangchemical.com\/tr\/wp-json\/wp\/v2\/product_cat?post=7896"},{"taxonomy":"product_tag","embeddable":true,"href":"https:\/\/longchangchemical.com\/tr\/wp-json\/wp\/v2\/product_tag?post=7896"}],"curies":[{"name":"wp","href":"https:\/\/api.w.org\/{rel}","templated":true}]}}