{"id":7591,"date":"2024-11-11T06:01:31","date_gmt":"2024-11-11T06:01:31","guid":{"rendered":"https:\/\/longchangchemical.com\/?post_type=product&#038;p=7591"},"modified":"2025-12-16T01:54:30","modified_gmt":"2025-12-16T01:54:30","slug":"photoinitiator-cat-440-cas-60565-88-0","status":"publish","type":"product","link":"https:\/\/longchangchemical.com\/tr\/product\/photoinitiator-cat-440-cas-60565-88-0\/","title":{"rendered":"CHLUMINIT\u00ae CAT-440 \/ Fotoba\u015flat\u0131c\u0131 CAT-440 CAS 60565-88-0"},"content":{"rendered":"<h1>CAT-440<\/h1>\n<p><strong><b>E\u015fanlaml\u0131: <\/b><\/strong>\u00a0Bis(4-metilfenil)iyodonyum hekzaflorofosfat<\/p>\n<p><strong><b>CAS No<\/b><\/strong>:\u00a0\u00a060565-88-0<\/p>\n<p><strong><b>Molek\u00fcler Form\u00fcl:<\/b><\/strong><strong><b>\u00a0<\/b><\/strong>\u00a0C14H14F6IP<\/p>\n<p><strong><b>Genel Bilgiler<\/b><\/strong><strong><b>:<\/b><\/strong><\/p>\n<p>CAT-440, y\u00fcksek ba\u015flat\u0131c\u0131 aktivitesi, h\u0131zl\u0131 k\u00fcrlenme h\u0131z\u0131, iyi y\u00fczey kurumas\u0131, sararma yok, migrasyon yok, koku yok vb. \u00f6zelliklere sahip bir iyodonyum tuzu katyonik fotoba\u015flat\u0131c\u0131d\u0131r. Bir hassasla\u015ft\u0131r\u0131c\u0131 ile kullan\u0131ld\u0131\u011f\u0131nda 365nm ve 385nm'de iyi absorpsiyona sahiptir.<\/p>\n<p><strong><b>\u015eartname<\/b><\/strong><strong><b>:<\/b><\/strong><\/p>\n<table>\n<tbody>\n<tr>\n<td width=\"204\">G\u00f6r\u00fcn\u00fc\u015f<\/td>\n<td width=\"214\">Beyaz kristal toz<\/td>\n<\/tr>\n<tr>\n<td width=\"204\">Safl\u0131k<\/td>\n<td width=\"214\">\u226599%<\/td>\n<\/tr>\n<tr>\n<td width=\"204\">Erime noktas\u0131<\/td>\n<td width=\"214\">165-172\u2103<\/td>\n<\/tr>\n<tr>\n<td width=\"204\">U\u00e7ucu i\u00e7erik<\/td>\n<td width=\"214\">\u22640,5%<\/td>\n<\/tr>\n<\/tbody>\n<\/table>\n<p><strong><b>Kullan\u0131m<\/b><\/strong><strong><b>:<\/b><\/strong><\/p>\n<p>\u00c7o\u011funlukla a\u00e7\u0131k renkli sistemlerde olmak \u00fczere \u00e7e\u015fitli katyonik \u0131\u015f\u0131kla sertle\u015fen sistemlerde kullan\u0131l\u0131r.<\/p>\n<p><strong><b>Paket<\/b><\/strong><strong><b>:<\/b><\/strong><\/p>\n<p>20kgs\/Karton<\/p>\n<p><strong><b>Depolama:<\/b><\/strong><\/p>\n<p>Kuru, temiz, havaland\u0131r\u0131lm\u0131\u015f bir depoda saklay\u0131n.<br \/>\nI\u015f\u0131\u011fa ve \u0131s\u0131ya maruz kalmaktan ka\u00e7\u0131n\u0131n.<br \/>\nTa\u015f\u0131ma s\u0131ras\u0131nda s\u0131z\u0131nt\u0131, ya\u011fmur ve g\u00fcne\u015fi \u00f6nlemek i\u00e7in dikkatli olun.<\/p>\n<h2><strong><b>\u015eimdi Bize Ula\u015f\u0131n!<\/b><\/strong><\/h2>\n<h4><strong><b>Fiyata ihtiyac\u0131n\u0131z varsa, l\u00fctfen a\u015fa\u011f\u0131daki forma ileti\u015fim bilgilerinizi doldurun, genellikle 24 saat i\u00e7inde sizinle ileti\u015fime ge\u00e7ece\u011fiz. Bana e-posta da g\u00f6nderebilirsiniz <span style=\"color: #00ccff;\"><a style=\"color: #00ccff;\" href=\"mailto:info@longchangchemical.com\">info@longchangchemical.com<\/a><\/span>\u00a0mesai saatleri i\u00e7inde (8:30 - 18:00 UTC+8 Pzt.~Sat.) veya h\u0131zl\u0131 yan\u0131t almak i\u00e7in web sitesi canl\u0131 sohbetini kullan\u0131n<\/b><\/strong><\/h4>\n<p>&nbsp;<\/p>\n<table style=\"border-collapse: collapse; width: 435.77pt;\" border=\"0\" width=\"581\" cellspacing=\"0\" cellpadding=\"0\">\n<tbody>\n<tr style=\"height: 13.50pt;\">\n<td style=\"height: 13.50pt; width: 215.25pt;\" width=\"287\" height=\"18\"><a href=\"https:\/\/longchangchemical.com\/tr\/product\/photoinitiator-tpo-cas-75980-60-8\/\"><span style=\"color: #00ccff;\">Fotoba\u015flat\u0131c\u0131 TPO<\/span><\/a><\/td>\n<td style=\"width: 220.50pt;\" width=\"294\">CAS 75980-60-8<\/td>\n<\/tr>\n<tr style=\"height: 13.50pt;\">\n<td style=\"height: 13.50pt;\" height=\"18\"><a href=\"https:\/\/longchangchemical.com\/tr\/product\/cas-270586-78-2\/\"><span style=\"color: #00ccff;\">Fotoba\u015flat\u0131c\u0131 TMO<\/span><\/a><\/td>\n<td>CAS 270586-78-2<\/td>\n<\/tr>\n<tr style=\"height: 13.50pt;\">\n<td style=\"height: 13.50pt;\" height=\"18\"><a href=\"https:\/\/longchangchemical.com\/tr\/product\/photoinitiator-pd-01-cas-579-07-7\/\"><span style=\"color: #00ccff;\">Fotoba\u015flat\u0131c\u0131 PD-01<\/span><\/a><\/td>\n<td>CAS 579-07-7<\/td>\n<\/tr>\n<tr style=\"height: 13.50pt;\">\n<td style=\"height: 13.50pt;\" height=\"18\"><a href=\"https:\/\/longchangchemical.com\/tr\/product\/photoinitiator-pbz-cas-2128-93-0\/\"><span style=\"color: #00ccff;\">Fotoba\u015flat\u0131c\u0131 PBZ<\/span><\/a><\/td>\n<td>CAS 2128-93-0<\/td>\n<\/tr>\n<tr style=\"height: 13.50pt;\">\n<td style=\"height: 13.50pt;\" height=\"18\"><a href=\"https:\/\/longchangchemical.com\/tr\/product\/photoinitiator-oxe-02-cas-478556-66-0\/\"><span style=\"color: #00ccff;\">Fotoba\u015flat\u0131c\u0131 OXE-02<\/span><\/a><\/td>\n<td>CAS 478556-66-0<\/td>\n<\/tr>\n<tr style=\"height: 13.50pt;\">\n<td style=\"height: 13.50pt;\" height=\"18\"><a href=\"https:\/\/longchangchemical.com\/tr\/product\/photoinitiator-ombb\/\"><span style=\"color: #00ccff;\">Fotoba\u015flat\u0131c\u0131 OMBB<\/span><\/a><\/td>\n<td>CAS 606-28-0<\/td>\n<\/tr>\n<tr style=\"height: 13.50pt;\">\n<td style=\"height: 13.50pt;\" height=\"18\"><a href=\"https:\/\/longchangchemical.com\/tr\/product\/photoinitiator-mpbz-6012\/\"><span style=\"color: #00ccff;\">Fotoba\u015flat\u0131c\u0131 MPBZ (6012)<\/span><\/a><\/td>\n<td>CAS 86428-83-3<\/td>\n<\/tr>\n<tr style=\"height: 13.50pt;\">\n<td style=\"height: 13.50pt;\" height=\"18\"><a href=\"https:\/\/longchangchemical.com\/tr\/product\/photoinitiator-mbp-cas-134-84-9\/\"><span style=\"color: #00ccff;\">Fotoba\u015flat\u0131c\u0131 MBP<\/span><\/a><\/td>\n<td>CAS 134-84-9<\/td>\n<\/tr>\n<tr style=\"height: 13.50pt;\">\n<td style=\"height: 13.50pt;\" height=\"18\"><a href=\"https:\/\/longchangchemical.com\/tr\/product\/photoinitiator-mbf-cas-15206-55-0\/\"><span style=\"color: #00ccff;\">Fotoba\u015flat\u0131c\u0131 MBF<\/span><\/a><\/td>\n<td>CAS 15206-55-0<\/td>\n<\/tr>\n<tr style=\"height: 13.50pt;\">\n<td style=\"height: 13.50pt;\" height=\"18\"><a href=\"https:\/\/longchangchemical.com\/tr\/product\/photoinitiator-lap-cas-85073-19-4\/\"><span style=\"color: #00ccff;\">Fotoba\u015flat\u0131c\u0131 LAP<\/span><\/a><\/td>\n<td>CAS 85073-19-4<\/td>\n<\/tr>\n<tr style=\"height: 13.50pt;\">\n<td style=\"height: 13.50pt;\" height=\"18\"><a href=\"https:\/\/longchangchemical.com\/tr\/product\/photoinitiator-itx-cas-5495-84-1\/\"><span style=\"color: #00ccff;\">Fotoba\u015flat\u0131c\u0131 ITX<\/span><\/a><\/td>\n<td>CAS 5495-84-1<\/td>\n<\/tr>\n<tr style=\"height: 13.50pt;\">\n<td style=\"height: 13.50pt;\" height=\"18\"><a href=\"https:\/\/longchangchemical.com\/tr\/product\/photoinitiator-emk\/\"><span style=\"color: #00ccff;\">Fotoba\u015flat\u0131c\u0131 EMK<\/span><\/a><\/td>\n<td>CAS 90-93-7<\/td>\n<\/tr>\n<tr style=\"height: 13.50pt;\">\n<td style=\"height: 13.50pt;\" height=\"18\"><a href=\"https:\/\/longchangchemical.com\/tr\/product\/photoinitiator-eha-cas-21245-02-3\/\"><span style=\"color: #00ccff;\">Fotoba\u015flat\u0131c\u0131 EHA<\/span><\/a><\/td>\n<td>CAS 21245-02-3<\/td>\n<\/tr>\n<tr style=\"height: 13.50pt;\">\n<td style=\"height: 13.50pt;\" height=\"18\"><a href=\"https:\/\/longchangchemical.com\/tr\/product\/photoinitiator-edb-cas-10287-53-3\/\"><span style=\"color: #00ccff;\">Fotoba\u015flat\u0131c\u0131 EDB<\/span><\/a><\/td>\n<td>CAS 10287-53-3<\/td>\n<\/tr>\n<tr style=\"height: 13.50pt;\">\n<td style=\"height: 13.50pt;\" height=\"18\"><a href=\"https:\/\/longchangchemical.com\/tr\/product\/photoinitiator-detx-cas-82799-44-8\/\"><span style=\"color: #00ccff;\">Fotoba\u015flat\u0131c\u0131 DETX<\/span><\/a><\/td>\n<td>CAS 82799-44-8<\/td>\n<\/tr>\n<tr style=\"height: 13.50pt;\">\n<td style=\"height: 13.50pt;\" height=\"18\"><a href=\"https:\/\/longchangchemical.com\/tr\/product\/photoinitiator-cq\/\"><span style=\"color: #00ccff;\">Fotoba\u015flat\u0131c\u0131 CQ \/ Camphorquinone<\/span><\/a><\/td>\n<td>CAS 10373-78-1<\/td>\n<\/tr>\n<tr style=\"height: 13.50pt;\">\n<td style=\"height: 13.50pt;\" height=\"18\"><a href=\"https:\/\/longchangchemical.com\/tr\/product\/photoinitiator-cbp-cas-134-85-0\/\"><span style=\"color: #00ccff;\">Fotoba\u015flat\u0131c\u0131 CBP<\/span><\/a><\/td>\n<td>CAS 134-85-0<\/td>\n<\/tr>\n<tr style=\"height: 13.50pt;\">\n<td style=\"height: 13.50pt;\" height=\"18\"><a href=\"https:\/\/longchangchemical.com\/tr\/product\/photoinitiator-bp-cas-119-61-9\/\"><span style=\"color: #00ccff;\">Fotoba\u015flat\u0131c\u0131 BP \/ Benzofenon<\/span><\/a><\/td>\n<td>CAS 119-61-9<\/td>\n<\/tr>\n<tr style=\"height: 13.50pt;\">\n<td style=\"height: 13.50pt;\" height=\"18\"><a href=\"https:\/\/longchangchemical.com\/tr\/product\/photoinitiator-bms\/\"><span style=\"color: #00ccff;\">Fotoba\u015flat\u0131c\u0131 BMS<\/span><\/a><\/td>\n<td>CAS 83846-85-9<\/td>\n<\/tr>\n<tr style=\"height: 13.50pt;\">\n<td style=\"height: 13.50pt;\" height=\"18\"><a href=\"https:\/\/longchangchemical.com\/tr\/product\/photoinitiator-938\/\"><span style=\"color: #00ccff;\">Fotoba\u015flat\u0131c\u0131 938<\/span><\/a><\/td>\n<td>CAS 61358-25-6<\/td>\n<\/tr>\n<tr style=\"height: 13.50pt;\">\n<td style=\"height: 13.50pt;\" height=\"18\"><a href=\"https:\/\/longchangchemical.com\/tr\/product\/photoinitiator-937-cas-71786-70-4\/\"><span style=\"color: #00ccff;\">Fotoba\u015flat\u0131c\u0131 937<\/span><\/a><\/td>\n<td>CAS 71786-70-4<\/td>\n<\/tr>\n<tr style=\"height: 13.50pt;\">\n<td style=\"height: 13.50pt;\" height=\"18\"><a href=\"https:\/\/longchangchemical.com\/tr\/product\/photoinitiator-819-dw\/\"><span style=\"color: #00ccff;\">Fotoba\u015flat\u0131c\u0131 819 DW<\/span><\/a><\/td>\n<td>CAS 162881-26-7<\/td>\n<\/tr>\n<tr style=\"height: 13.50pt;\">\n<td style=\"height: 13.50pt;\" height=\"18\"><a href=\"https:\/\/longchangchemical.com\/tr\/product\/photoinitiator-819-irgacure-819-cas-162881-26-7\/\"><span style=\"color: #00ccff;\">Fotoba\u015flat\u0131c\u0131 819<\/span><\/a><\/td>\n<td>CAS 162881-26-7<\/td>\n<\/tr>\n<tr style=\"height: 13.50pt;\">\n<td style=\"height: 13.50pt;\" height=\"18\"><a href=\"https:\/\/longchangchemical.com\/tr\/product\/photoinitiator-784-cas-125051-32-3\/\"><span style=\"color: #00ccff;\">Fotoba\u015flat\u0131c\u0131 784<\/span><\/a><\/td>\n<td>CAS 125051-32-3<\/td>\n<\/tr>\n<tr style=\"height: 13.50pt;\">\n<td style=\"height: 13.50pt;\" height=\"18\"><a href=\"https:\/\/longchangchemical.com\/tr\/product\/photoinitiator-754-cas-211510-16-6-442536-99-4\/\"><span style=\"color: #00ccff;\">Fotoba\u015flat\u0131c\u0131 754<\/span><\/a><\/td>\n<td>CAS 211510-16-6 442536-99-4<\/td>\n<\/tr>\n<tr style=\"height: 13.50pt;\">\n<td style=\"height: 13.50pt;\" height=\"18\"><a href=\"https:\/\/longchangchemical.com\/tr\/product\/photoinitiator-6993-cas-71449-78-0\/\"><span style=\"color: #00ccff;\">Fotoba\u015flat\u0131c\u0131 6993<\/span><\/a><\/td>\n<td>CAS 71449-78-0<\/td>\n<\/tr>\n<tr style=\"height: 13.50pt;\">\n<td style=\"height: 13.50pt;\" height=\"18\"><a href=\"https:\/\/longchangchemical.com\/tr\/product\/photoinitiator-6976\/\"><span style=\"color: #00ccff;\">Fotoba\u015flat\u0131c\u0131 6976<\/span><\/a><\/td>\n<td>CAS 71449-78-0 89452-37-9 108-32-7<\/td>\n<\/tr>\n<tr style=\"height: 13.50pt;\">\n<td style=\"height: 13.50pt;\" height=\"18\"><a href=\"https:\/\/longchangchemical.com\/tr\/product\/photoinitiator-379-cas-119344-86-4\/\"><span style=\"color: #00ccff;\">Fotoba\u015flat\u0131c\u0131 379<\/span><\/a><\/td>\n<td>CAS 119344-86-4<\/td>\n<\/tr>\n<tr style=\"height: 13.50pt;\">\n<td style=\"height: 13.50pt;\" height=\"18\"><a href=\"https:\/\/longchangchemical.com\/tr\/product\/photoinitiator-369-cas-119313-12-1\/\"><span style=\"color: #00ccff;\">Fotoba\u015flat\u0131c\u0131 369<\/span><\/a><\/td>\n<td>CAS 119313-12-1<\/td>\n<\/tr>\n<tr style=\"height: 13.50pt;\">\n<td style=\"height: 13.50pt;\" height=\"18\"><span style=\"color: #00ccff;\"><a style=\"color: #00ccff;\" href=\"https:\/\/longchangchemical.com\/tr\/product\/photoinitiator-160\/\">Fotoba\u015flat\u0131c\u0131 160<\/a><\/span><\/td>\n<td>CAS 71868-15-0<\/td>\n<\/tr>\n<tr style=\"height: 13.50pt;\">\n<td style=\"height: 13.50pt;\" height=\"18\"><a href=\"https:\/\/longchangchemical.com\/tr\/product\/photoinitiator-1206\/\"><span style=\"color: #00ccff;\">Fotoba\u015flat\u0131c\u0131 1206<\/span><\/a><\/td>\n<td><\/td>\n<\/tr>\n<tr style=\"height: 13.50pt;\">\n<td style=\"height: 13.50pt;\" height=\"18\"><a href=\"https:\/\/longchangchemical.com\/tr\/product\/irgacure-1173-cas-7473-98-5\/\"><span style=\"color: #00ccff;\">Fotoba\u015flat\u0131c\u0131 1173<\/span><\/a><\/td>\n<td>CAS 7473-98-5<\/td>\n<\/tr>\n<\/tbody>\n<\/table>\n<p>&nbsp;<\/p>","protected":false},"excerpt":{"rendered":"<p><strong>CAT-440<\/strong> y\u00fcksek ba\u015flat\u0131c\u0131 aktivitesi, h\u0131zl\u0131 k\u00fcrlenme h\u0131z\u0131, iyi y\u00fczey kurumas\u0131, sararma yok, migrasyon yok, koku yok, vb. \u00f6zelliklere sahip bir iyodonyum tuzu katyonik fotoba\u015flat\u0131c\u0131d\u0131r. Bir hassasla\u015ft\u0131r\u0131c\u0131 ile kullan\u0131ld\u0131\u011f\u0131nda 365nm ve 385nm'de iyi absorpsiyona sahiptir.<\/p>","protected":false},"featured_media":8062,"comment_status":"open","ping_status":"closed","template":"","meta":[],"product_brand":[],"product_cat":[175,174,176],"product_tag":[],"class_list":{"0":"post-7591","1":"product","2":"type-product","3":"status-publish","4":"has-post-thumbnail","6":"product_cat-cationic-photoinitiator","7":"product_cat-photoinitiator","8":"product_cat-newly-developed-pis","10":"first","11":"instock","12":"shipping-taxable","13":"product-type-simple"},"yoast_head":"<!-- This site is optimized with the Yoast SEO plugin v25.3.1 - https:\/\/yoast.com\/wordpress\/plugins\/seo\/ -->\n<title>CAT-440 Cationic Photoinitiator Cas No 60565-88-0<\/title>\n<meta name=\"description\" content=\"CAT-440 is an iodonium salt cationic photoinitiator with the characteristics of high initiator activity, fast curing speed, good surface drying, no yellowing, no migration, no odor, etc. It has good absorption at 365nm and 385nm when used with a sensitizer, iodonium salt cationic photoinitiator Cas No 60565-88-0,Chemical Name Bis(4-methylphenyl)iodonium hexafluorophosphate,bis(p-tolyl)iodonium hexafluorophosphate,can replace Omnirad 440 ; 440 ;Longchang Chemical is a professional manufacturer and supplier of photoinitiator in China.\" \/>\n<meta name=\"robots\" content=\"index, follow, max-snippet:-1, max-image-preview:large, max-video-preview:-1\" \/>\n<link rel=\"canonical\" href=\"https:\/\/longchangchemical.com\/tr\/product\/photoinitiator-cat-440-cas-60565-88-0\/\" \/>\n<meta property=\"og:locale\" content=\"tr_TR\" \/>\n<meta property=\"og:type\" content=\"article\" \/>\n<meta property=\"og:title\" content=\"CAT-440 Cationic Photoinitiator Cas No 60565-88-0\" \/>\n<meta property=\"og:description\" content=\"CAT-440 is an iodonium salt cationic photoinitiator with the characteristics of high initiator activity, fast curing speed, good surface drying, no yellowing, no migration, no odor, etc. It has good absorption at 365nm and 385nm when used with a sensitizer, iodonium salt cationic photoinitiator Cas No 60565-88-0,Chemical Name Bis(4-methylphenyl)iodonium hexafluorophosphate,bis(p-tolyl)iodonium hexafluorophosphate,can replace Omnirad 440 ; 440 ;Longchang Chemical is a professional manufacturer and supplier of photoinitiator in China.\" \/>\n<meta property=\"og:url\" content=\"https:\/\/longchangchemical.com\/tr\/product\/photoinitiator-cat-440-cas-60565-88-0\/\" \/>\n<meta property=\"og:site_name\" content=\"Longchang Chemical\" \/>\n<meta property=\"article:modified_time\" content=\"2025-12-16T01:54:30+00:00\" \/>\n<meta property=\"og:image\" content=\"https:\/\/longchangchemical.com\/wp-content\/uploads\/2024\/11\/60565-88-0.jpg\" \/>\n\t<meta property=\"og:image:width\" content=\"600\" \/>\n\t<meta property=\"og:image:height\" content=\"600\" \/>\n\t<meta property=\"og:image:type\" content=\"image\/jpeg\" \/>\n<meta name=\"twitter:card\" content=\"summary_large_image\" \/>\n<script type=\"application\/ld+json\" class=\"yoast-schema-graph\">{\"@context\":\"https:\/\/schema.org\",\"@graph\":[{\"@type\":\"WebPage\",\"@id\":\"https:\/\/longchangchemical.com\/product\/photoinitiator-cat-440-cas-60565-88-0\/\",\"url\":\"https:\/\/longchangchemical.com\/product\/photoinitiator-cat-440-cas-60565-88-0\/\",\"name\":\"CAT-440 Cationic Photoinitiator Cas No 60565-88-0\",\"isPartOf\":{\"@id\":\"https:\/\/longchangchemical.com\/#website\"},\"primaryImageOfPage\":{\"@id\":\"https:\/\/longchangchemical.com\/product\/photoinitiator-cat-440-cas-60565-88-0\/#primaryimage\"},\"image\":{\"@id\":\"https:\/\/longchangchemical.com\/product\/photoinitiator-cat-440-cas-60565-88-0\/#primaryimage\"},\"thumbnailUrl\":\"https:\/\/longchangchemical.com\/wp-content\/uploads\/2024\/11\/60565-88-0.jpg\",\"datePublished\":\"2024-11-11T06:01:31+00:00\",\"dateModified\":\"2025-12-16T01:54:30+00:00\",\"description\":\"CAT-440 is an iodonium salt cationic photoinitiator with the characteristics of high initiator activity, fast curing speed, good surface drying, no yellowing, no migration, no odor, etc. It has good absorption at 365nm and 385nm when used with a sensitizer, iodonium salt cationic photoinitiator Cas No 60565-88-0,Chemical Name Bis(4-methylphenyl)iodonium hexafluorophosphate,bis(p-tolyl)iodonium hexafluorophosphate,can replace Omnirad 440 ; 440 ;Longchang Chemical is a professional manufacturer and supplier of photoinitiator in China.\",\"breadcrumb\":{\"@id\":\"https:\/\/longchangchemical.com\/product\/photoinitiator-cat-440-cas-60565-88-0\/#breadcrumb\"},\"inLanguage\":\"tr\",\"potentialAction\":[{\"@type\":\"ReadAction\",\"target\":[\"https:\/\/longchangchemical.com\/product\/photoinitiator-cat-440-cas-60565-88-0\/\"]}]},{\"@type\":\"ImageObject\",\"inLanguage\":\"tr\",\"@id\":\"https:\/\/longchangchemical.com\/product\/photoinitiator-cat-440-cas-60565-88-0\/#primaryimage\",\"url\":\"https:\/\/longchangchemical.com\/wp-content\/uploads\/2024\/11\/60565-88-0.jpg\",\"contentUrl\":\"https:\/\/longchangchemical.com\/wp-content\/uploads\/2024\/11\/60565-88-0.jpg\",\"width\":600,\"height\":600},{\"@type\":\"BreadcrumbList\",\"@id\":\"https:\/\/longchangchemical.com\/product\/photoinitiator-cat-440-cas-60565-88-0\/#breadcrumb\",\"itemListElement\":[{\"@type\":\"ListItem\",\"position\":1,\"name\":\"Home\",\"item\":\"https:\/\/longchangchemical.com\/\"},{\"@type\":\"ListItem\",\"position\":2,\"name\":\"Products Longchang\",\"item\":\"https:\/\/longchangchemical.com\/product\/\"},{\"@type\":\"ListItem\",\"position\":3,\"name\":\"CHLUMINIT\u00ae CAT-440 \/ Photoinitiator CAT-440 CAS\u00a060565-88-0\"}]},{\"@type\":\"WebSite\",\"@id\":\"https:\/\/longchangchemical.com\/#website\",\"url\":\"https:\/\/longchangchemical.com\/\",\"name\":\"Longchang Chemical\",\"description\":\"China chemical manufacturer \uff06 supplier\",\"publisher\":{\"@id\":\"https:\/\/longchangchemical.com\/#organization\"},\"potentialAction\":[{\"@type\":\"SearchAction\",\"target\":{\"@type\":\"EntryPoint\",\"urlTemplate\":\"https:\/\/longchangchemical.com\/?s={search_term_string}\"},\"query-input\":{\"@type\":\"PropertyValueSpecification\",\"valueRequired\":true,\"valueName\":\"search_term_string\"}}],\"inLanguage\":\"tr\"},{\"@type\":\"Organization\",\"@id\":\"https:\/\/longchangchemical.com\/#organization\",\"name\":\"Longchang Chemical\",\"url\":\"https:\/\/longchangchemical.com\/\",\"logo\":{\"@type\":\"ImageObject\",\"inLanguage\":\"tr\",\"@id\":\"https:\/\/longchangchemical.com\/#\/schema\/logo\/image\/\",\"url\":\"https:\/\/longchangchemical.com\/wp-content\/uploads\/2020\/08\/cropped-longchang-logo.png\",\"contentUrl\":\"https:\/\/longchangchemical.com\/wp-content\/uploads\/2020\/08\/cropped-longchang-logo.png\",\"width\":512,\"height\":512,\"caption\":\"Longchang Chemical\"},\"image\":{\"@id\":\"https:\/\/longchangchemical.com\/#\/schema\/logo\/image\/\"}}]}<\/script>\n<!-- \/ Yoast SEO plugin. -->","yoast_head_json":{"title":"CAT-440 Katyonik Fotoba\u015flat\u0131c\u0131 Cas No 60565-88-0","description":"CAT-440, y\u00fcksek ba\u015flat\u0131c\u0131 aktivitesi, h\u0131zl\u0131 k\u00fcrlenme h\u0131z\u0131, iyi y\u00fczey kurumas\u0131, sararma yok, migrasyon yok, koku yok vb. \u00f6zelliklere sahip bir iyodonyum tuzu katyonik fotoba\u015flat\u0131c\u0131d\u0131r. Bir hassasla\u015ft\u0131r\u0131c\u0131 ile kullan\u0131ld\u0131\u011f\u0131nda 365nm ve 385nm'de iyi emilime sahiptir, iyodonyum tuzu katyonik fotoba\u015flat\u0131c\u0131 Cas No 60565-88-0, Kimyasal Ad\u0131 Bis (4-metilfenil) iyodonyum heksaflorofosfat, bis (p-tolil) iyodonyum heksaflorofosfat, Omnirad 440'\u0131n yerini alabilir; 440; Longchang Chemical, \u00c7in'de profesyonel bir fotoba\u015flat\u0131c\u0131 \u00fcreticisi ve tedarik\u00e7isidir.","robots":{"index":"index","follow":"follow","max-snippet":"max-snippet:-1","max-image-preview":"max-image-preview:large","max-video-preview":"max-video-preview:-1"},"canonical":"https:\/\/longchangchemical.com\/tr\/product\/photoinitiator-cat-440-cas-60565-88-0\/","og_locale":"tr_TR","og_type":"article","og_title":"CAT-440 Cationic Photoinitiator Cas No 60565-88-0","og_description":"CAT-440 is an iodonium salt cationic photoinitiator with the characteristics of high initiator activity, fast curing speed, good surface drying, no yellowing, no migration, no odor, etc. It has good absorption at 365nm and 385nm when used with a sensitizer, iodonium salt cationic photoinitiator Cas No 60565-88-0,Chemical Name Bis(4-methylphenyl)iodonium hexafluorophosphate,bis(p-tolyl)iodonium hexafluorophosphate,can replace Omnirad 440 ; 440 ;Longchang Chemical is a professional manufacturer and supplier of photoinitiator in China.","og_url":"https:\/\/longchangchemical.com\/tr\/product\/photoinitiator-cat-440-cas-60565-88-0\/","og_site_name":"Longchang Chemical","article_modified_time":"2025-12-16T01:54:30+00:00","og_image":[{"width":600,"height":600,"url":"https:\/\/longchangchemical.com\/wp-content\/uploads\/2024\/11\/60565-88-0.jpg","type":"image\/jpeg"}],"twitter_card":"summary_large_image","schema":{"@context":"https:\/\/schema.org","@graph":[{"@type":"WebPage","@id":"https:\/\/longchangchemical.com\/product\/photoinitiator-cat-440-cas-60565-88-0\/","url":"https:\/\/longchangchemical.com\/product\/photoinitiator-cat-440-cas-60565-88-0\/","name":"CAT-440 Katyonik Fotoba\u015flat\u0131c\u0131 Cas No 60565-88-0","isPartOf":{"@id":"https:\/\/longchangchemical.com\/#website"},"primaryImageOfPage":{"@id":"https:\/\/longchangchemical.com\/product\/photoinitiator-cat-440-cas-60565-88-0\/#primaryimage"},"image":{"@id":"https:\/\/longchangchemical.com\/product\/photoinitiator-cat-440-cas-60565-88-0\/#primaryimage"},"thumbnailUrl":"https:\/\/longchangchemical.com\/wp-content\/uploads\/2024\/11\/60565-88-0.jpg","datePublished":"2024-11-11T06:01:31+00:00","dateModified":"2025-12-16T01:54:30+00:00","description":"CAT-440, y\u00fcksek ba\u015flat\u0131c\u0131 aktivitesi, h\u0131zl\u0131 k\u00fcrlenme h\u0131z\u0131, iyi y\u00fczey kurumas\u0131, sararma yok, migrasyon yok, koku yok vb. \u00f6zelliklere sahip bir iyodonyum tuzu katyonik fotoba\u015flat\u0131c\u0131d\u0131r. Bir hassasla\u015ft\u0131r\u0131c\u0131 ile kullan\u0131ld\u0131\u011f\u0131nda 365nm ve 385nm'de iyi emilime sahiptir, iyodonyum tuzu katyonik fotoba\u015flat\u0131c\u0131 Cas No 60565-88-0, Kimyasal Ad\u0131 Bis (4-metilfenil) iyodonyum heksaflorofosfat, bis (p-tolil) iyodonyum heksaflorofosfat, Omnirad 440'\u0131n yerini alabilir; 440; Longchang Chemical, \u00c7in'de profesyonel bir fotoba\u015flat\u0131c\u0131 \u00fcreticisi ve tedarik\u00e7isidir.","breadcrumb":{"@id":"https:\/\/longchangchemical.com\/product\/photoinitiator-cat-440-cas-60565-88-0\/#breadcrumb"},"inLanguage":"tr","potentialAction":[{"@type":"ReadAction","target":["https:\/\/longchangchemical.com\/product\/photoinitiator-cat-440-cas-60565-88-0\/"]}]},{"@type":"ImageObject","inLanguage":"tr","@id":"https:\/\/longchangchemical.com\/product\/photoinitiator-cat-440-cas-60565-88-0\/#primaryimage","url":"https:\/\/longchangchemical.com\/wp-content\/uploads\/2024\/11\/60565-88-0.jpg","contentUrl":"https:\/\/longchangchemical.com\/wp-content\/uploads\/2024\/11\/60565-88-0.jpg","width":600,"height":600},{"@type":"BreadcrumbList","@id":"https:\/\/longchangchemical.com\/product\/photoinitiator-cat-440-cas-60565-88-0\/#breadcrumb","itemListElement":[{"@type":"ListItem","position":1,"name":"Home","item":"https:\/\/longchangchemical.com\/"},{"@type":"ListItem","position":2,"name":"Products Longchang","item":"https:\/\/longchangchemical.com\/product\/"},{"@type":"ListItem","position":3,"name":"CHLUMINIT\u00ae CAT-440 \/ Photoinitiator CAT-440 CAS\u00a060565-88-0"}]},{"@type":"WebSite","@id":"https:\/\/longchangchemical.com\/#website","url":"https:\/\/longchangchemical.com\/","name":"Longchang Kimya","description":"\u00c7in kimyasal \u00fcreticisi \uff06 tedarik\u00e7isi","publisher":{"@id":"https:\/\/longchangchemical.com\/#organization"},"potentialAction":[{"@type":"SearchAction","target":{"@type":"EntryPoint","urlTemplate":"https:\/\/longchangchemical.com\/?s={search_term_string}"},"query-input":{"@type":"PropertyValueSpecification","valueRequired":true,"valueName":"search_term_string"}}],"inLanguage":"tr"},{"@type":"Organization","@id":"https:\/\/longchangchemical.com\/#organization","name":"Longchang Kimya","url":"https:\/\/longchangchemical.com\/","logo":{"@type":"ImageObject","inLanguage":"tr","@id":"https:\/\/longchangchemical.com\/#\/schema\/logo\/image\/","url":"https:\/\/longchangchemical.com\/wp-content\/uploads\/2020\/08\/cropped-longchang-logo.png","contentUrl":"https:\/\/longchangchemical.com\/wp-content\/uploads\/2020\/08\/cropped-longchang-logo.png","width":512,"height":512,"caption":"Longchang Chemical"},"image":{"@id":"https:\/\/longchangchemical.com\/#\/schema\/logo\/image\/"}}]}},"_links":{"self":[{"href":"https:\/\/longchangchemical.com\/tr\/wp-json\/wp\/v2\/product\/7591","targetHints":{"allow":["GET"]}}],"collection":[{"href":"https:\/\/longchangchemical.com\/tr\/wp-json\/wp\/v2\/product"}],"about":[{"href":"https:\/\/longchangchemical.com\/tr\/wp-json\/wp\/v2\/types\/product"}],"replies":[{"embeddable":true,"href":"https:\/\/longchangchemical.com\/tr\/wp-json\/wp\/v2\/comments?post=7591"}],"wp:featuredmedia":[{"embeddable":true,"href":"https:\/\/longchangchemical.com\/tr\/wp-json\/wp\/v2\/media\/8062"}],"wp:attachment":[{"href":"https:\/\/longchangchemical.com\/tr\/wp-json\/wp\/v2\/media?parent=7591"}],"wp:term":[{"taxonomy":"product_brand","embeddable":true,"href":"https:\/\/longchangchemical.com\/tr\/wp-json\/wp\/v2\/product_brand?post=7591"},{"taxonomy":"product_cat","embeddable":true,"href":"https:\/\/longchangchemical.com\/tr\/wp-json\/wp\/v2\/product_cat?post=7591"},{"taxonomy":"product_tag","embeddable":true,"href":"https:\/\/longchangchemical.com\/tr\/wp-json\/wp\/v2\/product_tag?post=7591"}],"curies":[{"name":"wp","href":"https:\/\/api.w.org\/{rel}","templated":true}]}}