{"id":7562,"date":"2024-11-11T06:01:20","date_gmt":"2024-11-11T06:01:20","guid":{"rendered":"https:\/\/longchangchemical.com\/?post_type=product&#038;p=7562"},"modified":"2026-05-08T03:00:12","modified_gmt":"2026-05-08T03:00:12","slug":"photoinitiator-mpbz-6012","status":"publish","type":"product","link":"https:\/\/longchangchemical.com\/tr\/product\/photoinitiator-mpbz-6012\/","title":{"rendered":"CHLUMINIT\u00ae MPBZ (6021) \/ Fotoba\u015flat\u0131c\u0131 MPBZ (6012) CAS 86428-83-3"},"content":{"rendered":"<h2>Fotoba\u015flat\u0131c\u0131 MPBZ (6012)<\/h2>\n<p><strong>E\u015fanlaml\u0131\uff1a<\/strong>Fotoba\u015flat\u0131c\u0131 MPBZ, Fotoba\u015flat\u0131c\u0131 6012; 3-metil-4-fenilbenzofenon; bifenil-4-il-(3-metilfenil)metanon<\/p>\n<p><strong><b>\u015eartname<\/b><\/strong><\/p>\n<table>\n<tbody>\n<tr>\n<td width=\"133\">G\u00f6r\u00fcn\u00fc\u015f<\/td>\n<td width=\"165\">beyaz toz<\/td>\n<\/tr>\n<tr>\n<td width=\"133\">Tahlil<\/td>\n<td width=\"165\">99% min<\/td>\n<\/tr>\n<tr>\n<td width=\"133\">Erime Aral\u0131\u011f\u0131<\/td>\n<td width=\"165\">82-84 \u2103<\/td>\n<\/tr>\n<tr>\n<td width=\"133\">Kurutma kayb\u0131<\/td>\n<td width=\"165\">1% maks.<\/td>\n<\/tr>\n<tr>\n<td width=\"133\">Absorpsiyon \u03bb maks<\/td>\n<td width=\"165\">209, 290 <span style=\"font-family: inherit; font-size: inherit;\">nm<\/span><\/td>\n<\/tr>\n<\/tbody>\n<\/table>\n<p>&nbsp;<\/p>\n<p><strong><b>M\u00fclkiyet<\/b><\/strong><\/p>\n<p>MPBZ fotoba\u015flat\u0131c\u0131, radikal (II) tipi kat\u0131 fotoba\u015flat\u0131c\u0131lar aras\u0131nda liderdir. Bu ba\u015flat\u0131c\u0131 son derece etkilidir ve \u00f6zellikle koku a\u00e7\u0131s\u0131ndan m\u00fckemmel \u00f6zelliklere sahiptir. D\u00fc\u015f\u00fck veya hi\u00e7 koku olmamas\u0131 gibi kat\u0131 koku gereksinimleri olan form\u00fclasyonlar i\u00e7in m\u00fckemmel bir se\u00e7imdir.<\/p>\n<p>Pratik uygulama a\u00e7\u0131s\u0131ndan bak\u0131ld\u0131\u011f\u0131nda, geli\u015fmenin izini sigara kutusu m\u00fcrekkep verni\u011fine kadar s\u00fcrebiliriz. Ge\u00e7mi\u015fte, sigara kutusu m\u00fcrekkep verni\u011fi kurutma i\u015flemi s\u0131ras\u0131nda ho\u015f olmayan kokular \u00fcretebiliyordu, bu da sadece kullan\u0131c\u0131 deneyimini etkilemekle kalm\u0131yor, ayn\u0131 zamanda \u00e7evrenin kirlenmesine de neden oluyordu. Fotoba\u015flat\u0131c\u0131 MPBZ'nin ortaya \u00e7\u0131k\u0131\u015f\u0131 bu sorunu m\u00fckemmel bir \u015fekilde \u00e7\u00f6zm\u00fc\u015ft\u00fcr. Sigara kutusu m\u00fcrekkep verni\u011fine uygulanmas\u0131, sigara kutular\u0131n\u0131n \u00fcretimi s\u0131ras\u0131nda olu\u015fan keskin kokuyu ortadan kald\u0131rm\u0131\u015ft\u0131r.<\/p>\n<p>Ayr\u0131ca plastik kaplamalar alan\u0131nda, plastik \u00fcr\u00fcnlerin g\u00fcnl\u00fck hayatta ve end\u00fcstriyel \u00fcretimde yayg\u0131n olarak kullan\u0131ld\u0131\u011f\u0131n\u0131 hepimiz biliyoruz. Geleneksel kaplamalar, \u00e7e\u015fitli kimyasallar\u0131n buharla\u015fmas\u0131 nedeniyle koku \u00fcretebilir; bu da g\u0131da ambalajlar\u0131 ve \u00e7ocuk oyuncaklar\u0131 gibi y\u00fcksek hava kalitesi gereksinimleri olan ortamlarda plastik \u00fcr\u00fcnlerin y\u00fczey i\u015flemi i\u00e7in \u00f6nemli bir sorundur. Fotoba\u015flat\u0131c\u0131 MPBZ plastik kaplamalara yeni bir soluk getirmi\u015ftir. K\u00fcrleme i\u015flemi s\u0131ras\u0131nda kaplamalar\u0131n d\u00fc\u015f\u00fck seviyede kalmas\u0131n\u0131 hatta hi\u00e7 kokmamas\u0131n\u0131 sa\u011flar.<\/p>\n<p>Yap\u0131\u015ft\u0131r\u0131c\u0131 end\u00fcstrisinde, ev dekorasyonunda veya hassas alet montaj\u0131nda kullan\u0131lan baz\u0131 yap\u0131\u015ft\u0131r\u0131c\u0131lar, koku kal\u0131nt\u0131s\u0131 b\u0131rakmalar\u0131 halinde ev sakinleri veya aletlerin kullan\u0131m\u0131 \u00fczerinde olumsuz bir etkiye sahip olabilir. Fotoba\u015flat\u0131c\u0131 MPBZ, yap\u0131\u015ft\u0131r\u0131c\u0131lar\u0131 kullan\u0131mdan sonra ho\u015f olmayan kokulardan ar\u0131nd\u0131r\u0131r.<\/p>\n<p>Litografik ve serigrafi m\u00fcrekkepleri de foto ba\u015flat\u0131c\u0131 MPBZ i\u00e7in \u00f6nemli uygulama alanlar\u0131d\u0131r. \u00d6rne\u011fin \u00fcst d\u00fczey sanat bask\u0131lar\u0131, i\u015fin kalitesini d\u00fc\u015f\u00fcrebilecek herhangi bir koku olmadan canl\u0131 renkler ve net desenler gerektirir. MPBZ kullan\u0131m\u0131 bu ihtiyac\u0131 m\u00fckemmel bir \u015fekilde kar\u015f\u0131lamaktad\u0131r.<\/p>\n<p>Fotoba\u015flat\u0131c\u0131 MPBZ'nin bir amin sinerjisti ile birlikte kullan\u0131lmas\u0131n\u0131n tavsiye edildi\u011fini belirtmek gerekir. Kimyasal olarak konu\u015fursak, ikisinin sinerjik etkisi fotoba\u015flat\u0131c\u0131n\u0131n verimlili\u011fini daha da art\u0131rabilir. Amin sinerjistleri MPBZ'nin sa\u011f kolu gibidir. Birlikte, t\u00fcm fotoba\u015flatma s\u00fcrecini daha p\u00fcr\u00fczs\u00fcz ve daha verimli hale getirirler, b\u00f6ylece MPBZ'nin \u00e7e\u015fitli form\u00fclasyonlardaki rol\u00fcn\u00fc daha iyi oynamas\u0131n\u0131 sa\u011flarlar.<\/p>\n<p><strong><b>Paket: <\/b><\/strong>20kgs\/karton<\/p>\n<p><strong><b>Depolama:<\/b><\/strong><\/p>\n<p>Do\u011frudan g\u00fcne\u015f \u0131\u015f\u0131\u011f\u0131 almayan serin ve kuru bir yerde saklan\u0131r.<\/p>\n<h2><strong><b>\u015eimdi Bize Ula\u015f\u0131n!<\/b><\/strong><\/h2>\n<h4><strong><b>Fiyata ihtiyac\u0131n\u0131z varsa, l\u00fctfen a\u015fa\u011f\u0131daki forma ileti\u015fim bilgilerinizi doldurun, genellikle 24 saat i\u00e7inde sizinle ileti\u015fime ge\u00e7ece\u011fiz. Bana e-posta da g\u00f6nderebilirsiniz <span style=\"color: #00ccff;\"><a style=\"color: #00ccff;\" href=\"mailto:info@longchangchemical.com\">info@longchangchemical.com<\/a><\/span>\u00a0\u00c7al\u0131\u015fma saatleri i\u00e7inde (8:30 - 6:00 UTC+8 Pzt.~Sat.) veya h\u0131zl\u0131 yan\u0131t almak i\u00e7in web sitesi canl\u0131 sohbetini kullan\u0131n.<\/b><\/strong><\/h4>\n<p>&nbsp;<\/p>\n<table style=\"border-collapse: collapse; width: 435.77pt;\" border=\"0\" width=\"581\" cellspacing=\"0\" cellpadding=\"0\">\n<tbody>\n<tr style=\"height: 13.50pt;\">\n<td style=\"height: 13.50pt; width: 215.25pt;\" width=\"287\" height=\"18\"><a href=\"https:\/\/longchangchemical.com\/tr\/product\/photoinitiator-tpo-cas-75980-60-8\/\"><span style=\"color: #00ccff;\">Fotoba\u015flat\u0131c\u0131 TPO<\/span><\/a><\/td>\n<td style=\"width: 220.50pt;\" width=\"294\">CAS 75980-60-8<\/td>\n<\/tr>\n<tr style=\"height: 13.50pt;\">\n<td style=\"height: 13.50pt;\" height=\"18\"><a href=\"https:\/\/longchangchemical.com\/tr\/product\/cas-270586-78-2\/\"><span style=\"color: #00ccff;\">Fotoba\u015flat\u0131c\u0131 TMO<\/span><\/a><\/td>\n<td>CAS 270586-78-2<\/td>\n<\/tr>\n<tr style=\"height: 13.50pt;\">\n<td style=\"height: 13.50pt;\" height=\"18\"><a href=\"https:\/\/longchangchemical.com\/tr\/product\/photoinitiator-pd-01-cas-579-07-7\/\"><span style=\"color: #00ccff;\">Fotoba\u015flat\u0131c\u0131 PD-01<\/span><\/a><\/td>\n<td>CAS 579-07-7<\/td>\n<\/tr>\n<tr style=\"height: 13.50pt;\">\n<td style=\"height: 13.50pt;\" height=\"18\"><a href=\"https:\/\/longchangchemical.com\/tr\/product\/photoinitiator-pbz-cas-2128-93-0\/\"><span style=\"color: #00ccff;\">Fotoba\u015flat\u0131c\u0131 PBZ<\/span><\/a><\/td>\n<td>CAS 2128-93-0<\/td>\n<\/tr>\n<tr style=\"height: 13.50pt;\">\n<td style=\"height: 13.50pt;\" height=\"18\"><a href=\"https:\/\/longchangchemical.com\/tr\/product\/photoinitiator-oxe-02-cas-478556-66-0\/\"><span style=\"color: #00ccff;\">Fotoba\u015flat\u0131c\u0131 OXE-02<\/span><\/a><\/td>\n<td>CAS 478556-66-0<\/td>\n<\/tr>\n<tr style=\"height: 13.50pt;\">\n<td style=\"height: 13.50pt;\" height=\"18\"><a href=\"https:\/\/longchangchemical.com\/tr\/product\/photoinitiator-ombb\/\"><span style=\"color: #00ccff;\">Fotoba\u015flat\u0131c\u0131 OMBB<\/span><\/a><\/td>\n<td>CAS 606-28-0<\/td>\n<\/tr>\n<tr style=\"height: 13.50pt;\">\n<td style=\"height: 13.50pt;\" height=\"18\"><a href=\"https:\/\/longchangchemical.com\/tr\/product\/photoinitiator-mpbz-6012\/\"><span style=\"color: #00ccff;\">Fotoba\u015flat\u0131c\u0131 MPBZ (6012)<\/span><\/a><\/td>\n<td>CAS 86428-83-3<\/td>\n<\/tr>\n<tr style=\"height: 13.50pt;\">\n<td style=\"height: 13.50pt;\" height=\"18\"><a href=\"https:\/\/longchangchemical.com\/tr\/product\/photoinitiator-mbp-cas-134-84-9\/\"><span style=\"color: #00ccff;\">Fotoba\u015flat\u0131c\u0131 MBP<\/span><\/a><\/td>\n<td>CAS 134-84-9<\/td>\n<\/tr>\n<tr style=\"height: 13.50pt;\">\n<td style=\"height: 13.50pt;\" height=\"18\"><a href=\"https:\/\/longchangchemical.com\/tr\/product\/photoinitiator-mbf-cas-15206-55-0\/\"><span style=\"color: #00ccff;\">Fotoba\u015flat\u0131c\u0131 MBF<\/span><\/a><\/td>\n<td>CAS 15206-55-0<\/td>\n<\/tr>\n<tr style=\"height: 13.50pt;\">\n<td style=\"height: 13.50pt;\" height=\"18\"><a href=\"https:\/\/longchangchemical.com\/tr\/product\/photoinitiator-lap-cas-85073-19-4\/\"><span style=\"color: #00ccff;\">Fotoba\u015flat\u0131c\u0131 LAP<\/span><\/a><\/td>\n<td>CAS 85073-19-4<\/td>\n<\/tr>\n<tr style=\"height: 13.50pt;\">\n<td style=\"height: 13.50pt;\" height=\"18\"><a href=\"https:\/\/longchangchemical.com\/tr\/product\/photoinitiator-itx-cas-5495-84-1\/\"><span style=\"color: #00ccff;\">Fotoba\u015flat\u0131c\u0131 ITX<\/span><\/a><\/td>\n<td>CAS 5495-84-1<\/td>\n<\/tr>\n<tr style=\"height: 13.50pt;\">\n<td style=\"height: 13.50pt;\" height=\"18\"><a href=\"https:\/\/longchangchemical.com\/tr\/product\/photoinitiator-emk\/\"><span style=\"color: #00ccff;\">Fotoba\u015flat\u0131c\u0131 EMK<\/span><\/a><\/td>\n<td>CAS 90-93-7<\/td>\n<\/tr>\n<tr style=\"height: 13.50pt;\">\n<td style=\"height: 13.50pt;\" height=\"18\"><a href=\"https:\/\/longchangchemical.com\/tr\/product\/photoinitiator-eha-cas-21245-02-3\/\"><span style=\"color: #00ccff;\">Fotoba\u015flat\u0131c\u0131 EHA<\/span><\/a><\/td>\n<td>CAS 21245-02-3<\/td>\n<\/tr>\n<tr style=\"height: 13.50pt;\">\n<td style=\"height: 13.50pt;\" height=\"18\"><a href=\"https:\/\/longchangchemical.com\/tr\/product\/photoinitiator-edb-cas-10287-53-3\/\"><span style=\"color: #00ccff;\">Fotoba\u015flat\u0131c\u0131 EDB<\/span><\/a><\/td>\n<td>CAS 10287-53-3<\/td>\n<\/tr>\n<tr style=\"height: 13.50pt;\">\n<td style=\"height: 13.50pt;\" height=\"18\"><a href=\"https:\/\/longchangchemical.com\/tr\/product\/photoinitiator-detx-cas-82799-44-8\/\"><span style=\"color: #00ccff;\">Fotoba\u015flat\u0131c\u0131 DETX<\/span><\/a><\/td>\n<td>CAS 82799-44-8<\/td>\n<\/tr>\n<tr style=\"height: 13.50pt;\">\n<td style=\"height: 13.50pt;\" height=\"18\"><a href=\"https:\/\/longchangchemical.com\/tr\/product\/photoinitiator-cq\/\"><span style=\"color: #00ccff;\">Fotoba\u015flat\u0131c\u0131 CQ \/ Camphorquinone<\/span><\/a><\/td>\n<td>CAS 10373-78-1<\/td>\n<\/tr>\n<tr style=\"height: 13.50pt;\">\n<td style=\"height: 13.50pt;\" height=\"18\"><a href=\"https:\/\/longchangchemical.com\/tr\/product\/photoinitiator-cbp-cas-134-85-0\/\"><span style=\"color: #00ccff;\">Fotoba\u015flat\u0131c\u0131 CBP<\/span><\/a><\/td>\n<td>CAS 134-85-0<\/td>\n<\/tr>\n<tr style=\"height: 13.50pt;\">\n<td style=\"height: 13.50pt;\" height=\"18\"><a href=\"https:\/\/longchangchemical.com\/tr\/product\/photoinitiator-bp-cas-119-61-9\/\"><span style=\"color: #00ccff;\">Fotoba\u015flat\u0131c\u0131 BP \/ Benzofenon<\/span><\/a><\/td>\n<td>CAS 119-61-9<\/td>\n<\/tr>\n<tr style=\"height: 13.50pt;\">\n<td style=\"height: 13.50pt;\" height=\"18\"><a href=\"https:\/\/longchangchemical.com\/tr\/product\/photoinitiator-bms\/\"><span style=\"color: #00ccff;\">Fotoba\u015flat\u0131c\u0131 BMS<\/span><\/a><\/td>\n<td>CAS 83846-85-9<\/td>\n<\/tr>\n<tr style=\"height: 13.50pt;\">\n<td style=\"height: 13.50pt;\" height=\"18\"><a href=\"https:\/\/longchangchemical.com\/tr\/product\/photoinitiator-938\/\"><span style=\"color: #00ccff;\">Fotoba\u015flat\u0131c\u0131 938<\/span><\/a><\/td>\n<td>CAS 61358-25-6<\/td>\n<\/tr>\n<tr style=\"height: 13.50pt;\">\n<td style=\"height: 13.50pt;\" height=\"18\"><a href=\"https:\/\/longchangchemical.com\/tr\/product\/photoinitiator-937-cas-71786-70-4\/\"><span style=\"color: #00ccff;\">Fotoba\u015flat\u0131c\u0131 937<\/span><\/a><\/td>\n<td>CAS 71786-70-4<\/td>\n<\/tr>\n<tr style=\"height: 13.50pt;\">\n<td style=\"height: 13.50pt;\" height=\"18\"><a href=\"https:\/\/longchangchemical.com\/tr\/product\/photoinitiator-819-dw\/\"><span style=\"color: #00ccff;\">Fotoba\u015flat\u0131c\u0131 819 DW<\/span><\/a><\/td>\n<td>CAS 162881-26-7<\/td>\n<\/tr>\n<tr style=\"height: 13.50pt;\">\n<td style=\"height: 13.50pt;\" height=\"18\"><a href=\"https:\/\/longchangchemical.com\/tr\/product\/photoinitiator-819-irgacure-819-cas-162881-26-7\/\"><span style=\"color: #00ccff;\">Fotoba\u015flat\u0131c\u0131 819<\/span><\/a><\/td>\n<td>CAS 162881-26-7<\/td>\n<\/tr>\n<tr style=\"height: 13.50pt;\">\n<td style=\"height: 13.50pt;\" height=\"18\"><a href=\"https:\/\/longchangchemical.com\/tr\/product\/photoinitiator-784-cas-125051-32-3\/\"><span style=\"color: #00ccff;\">Fotoba\u015flat\u0131c\u0131 784<\/span><\/a><\/td>\n<td>CAS 125051-32-3<\/td>\n<\/tr>\n<tr style=\"height: 13.50pt;\">\n<td style=\"height: 13.50pt;\" height=\"18\"><a href=\"https:\/\/longchangchemical.com\/tr\/product\/photoinitiator-754-cas-211510-16-6-442536-99-4\/\"><span style=\"color: #00ccff;\">Fotoba\u015flat\u0131c\u0131 754<\/span><\/a><\/td>\n<td>CAS 211510-16-6 442536-99-4<\/td>\n<\/tr>\n<tr style=\"height: 13.50pt;\">\n<td style=\"height: 13.50pt;\" height=\"18\"><a href=\"https:\/\/longchangchemical.com\/tr\/product\/photoinitiator-6993-cas-71449-78-0\/\"><span style=\"color: #00ccff;\">Fotoba\u015flat\u0131c\u0131 6993<\/span><\/a><\/td>\n<td>CAS 71449-78-0<\/td>\n<\/tr>\n<tr style=\"height: 13.50pt;\">\n<td style=\"height: 13.50pt;\" height=\"18\"><a href=\"https:\/\/longchangchemical.com\/tr\/product\/photoinitiator-6976\/\"><span style=\"color: #00ccff;\">Fotoba\u015flat\u0131c\u0131 6976<\/span><\/a><\/td>\n<td>CAS 71449-78-0 89452-37-9 108-32-7<\/td>\n<\/tr>\n<tr style=\"height: 13.50pt;\">\n<td style=\"height: 13.50pt;\" height=\"18\"><a href=\"https:\/\/longchangchemical.com\/tr\/product\/photoinitiator-379-cas-119344-86-4\/\"><span style=\"color: #00ccff;\">Fotoba\u015flat\u0131c\u0131 379<\/span><\/a><\/td>\n<td>CAS 119344-86-4<\/td>\n<\/tr>\n<tr style=\"height: 13.50pt;\">\n<td style=\"height: 13.50pt;\" height=\"18\"><a href=\"https:\/\/longchangchemical.com\/tr\/product\/photoinitiator-369-cas-119313-12-1\/\"><span style=\"color: #00ccff;\">Fotoba\u015flat\u0131c\u0131 369<\/span><\/a><\/td>\n<td>CAS 119313-12-1<\/td>\n<\/tr>\n<tr style=\"height: 13.50pt;\">\n<td style=\"height: 13.50pt;\" height=\"18\"><span style=\"color: #00ccff;\"><a style=\"color: #00ccff;\" href=\"https:\/\/longchangchemical.com\/tr\/product\/photoinitiator-160\/\">Fotoba\u015flat\u0131c\u0131 160<\/a><\/span><\/td>\n<td>CAS 71868-15-0<\/td>\n<\/tr>\n<tr style=\"height: 13.50pt;\">\n<td style=\"height: 13.50pt;\" height=\"18\"><a href=\"https:\/\/longchangchemical.com\/tr\/product\/photoinitiator-1206\/\"><span style=\"color: #00ccff;\">Fotoba\u015flat\u0131c\u0131 1206<\/span><\/a><\/td>\n<td><\/td>\n<\/tr>\n<tr style=\"height: 13.50pt;\">\n<td style=\"height: 13.50pt;\" height=\"18\"><a href=\"https:\/\/longchangchemical.com\/tr\/product\/irgacure-1173-cas-7473-98-5\/\"><span style=\"color: #00ccff;\">Fotoba\u015flat\u0131c\u0131 1173<\/span><\/a><\/td>\n<td>CAS 7473-98-5<\/td>\n<\/tr>\n<\/tbody>\n<\/table>\n<p>&nbsp;<\/p>","protected":false},"excerpt":{"rendered":"<p>MPBZ d\u00fc\u015f\u00fck kokulu bir tip II fotoba\u015flat\u0131c\u0131d\u0131r ve esas olarak t\u00fct\u00fcn, alkol ve g\u0131da ambalajlar\u0131 i\u00e7in bask\u0131 m\u00fcrekkepleri gibi d\u00fc\u015f\u00fck koku ve g\u00fcvenlik gereksinimleri y\u00fcksek olan form\u00fclasyon sistemlerinde kullan\u0131l\u0131r. Amin sinerjistleri ile kullan\u0131m i\u00e7in uygundur. Daha iyi.<br \/>\nGenellikle ekleme miktar\u0131 2%~5%'dir.<\/p>","protected":false},"featured_media":8089,"comment_status":"open","ping_status":"closed","template":"","meta":[],"product_brand":[],"product_cat":[174,176,178],"product_tag":[],"class_list":{"0":"post-7562","1":"product","2":"type-product","3":"status-publish","4":"has-post-thumbnail","6":"product_cat-photoinitiator","7":"product_cat-newly-developed-pis","8":"product_cat-type-ii-free-radical-photoinitiator","10":"first","11":"instock","12":"shipping-taxable","13":"product-type-simple"},"yoast_head":"<!-- This site is optimized with the Yoast SEO plugin v25.3.1 - https:\/\/yoast.com\/wordpress\/plugins\/seo\/ -->\n<title>Photoinitiator MPBZ Cas No 86428-83-3 manufacturer-Longchang Chemical<\/title>\n<meta name=\"description\" content=\"MPBZ ( biphenyl-4-yl-(3-methylphenyl)methanone ) is used as a cationic photoinitiator and is the key product of Longchang Chemical. We are the leading Photoinitaitor manufacturer and supplier in China with the best quanlity and competitive price.\" \/>\n<meta name=\"robots\" content=\"index, follow, max-snippet:-1, max-image-preview:large, max-video-preview:-1\" \/>\n<link rel=\"canonical\" href=\"https:\/\/longchangchemical.com\/tr\/product\/photoinitiator-mpbz-6012\/\" \/>\n<meta property=\"og:locale\" content=\"tr_TR\" \/>\n<meta property=\"og:type\" content=\"article\" \/>\n<meta property=\"og:title\" content=\"Photoinitiator MPBZ Cas No 86428-83-3 manufacturer-Longchang Chemical\" \/>\n<meta property=\"og:description\" content=\"MPBZ ( biphenyl-4-yl-(3-methylphenyl)methanone ) is used as a cationic photoinitiator and is the key product of Longchang Chemical. We are the leading Photoinitaitor manufacturer and supplier in China with the best quanlity and competitive price.\" \/>\n<meta property=\"og:url\" content=\"https:\/\/longchangchemical.com\/tr\/product\/photoinitiator-mpbz-6012\/\" \/>\n<meta property=\"og:site_name\" content=\"Longchang Chemical\" \/>\n<meta property=\"article:modified_time\" content=\"2026-05-08T03:00:12+00:00\" \/>\n<meta property=\"og:image\" content=\"https:\/\/longchangchemical.com\/wp-content\/uploads\/2024\/11\/86428-83-3-1.jpg\" \/>\n\t<meta property=\"og:image:width\" content=\"600\" \/>\n\t<meta property=\"og:image:height\" content=\"600\" \/>\n\t<meta property=\"og:image:type\" content=\"image\/jpeg\" \/>\n<meta name=\"twitter:card\" content=\"summary_large_image\" \/>\n<script type=\"application\/ld+json\" class=\"yoast-schema-graph\">{\"@context\":\"https:\/\/schema.org\",\"@graph\":[{\"@type\":\"WebPage\",\"@id\":\"https:\/\/longchangchemical.com\/product\/photoinitiator-mpbz-6012\/\",\"url\":\"https:\/\/longchangchemical.com\/product\/photoinitiator-mpbz-6012\/\",\"name\":\"Photoinitiator MPBZ Cas No 86428-83-3 manufacturer-Longchang Chemical\",\"isPartOf\":{\"@id\":\"https:\/\/longchangchemical.com\/#website\"},\"primaryImageOfPage\":{\"@id\":\"https:\/\/longchangchemical.com\/product\/photoinitiator-mpbz-6012\/#primaryimage\"},\"image\":{\"@id\":\"https:\/\/longchangchemical.com\/product\/photoinitiator-mpbz-6012\/#primaryimage\"},\"thumbnailUrl\":\"https:\/\/longchangchemical.com\/wp-content\/uploads\/2024\/11\/86428-83-3-1.jpg\",\"datePublished\":\"2024-11-11T06:01:20+00:00\",\"dateModified\":\"2026-05-08T03:00:12+00:00\",\"description\":\"MPBZ ( biphenyl-4-yl-(3-methylphenyl)methanone ) is used as a cationic photoinitiator and is the key product of Longchang Chemical. We are the leading Photoinitaitor manufacturer and supplier in China with the best quanlity and competitive price.\",\"breadcrumb\":{\"@id\":\"https:\/\/longchangchemical.com\/product\/photoinitiator-mpbz-6012\/#breadcrumb\"},\"inLanguage\":\"tr\",\"potentialAction\":[{\"@type\":\"ReadAction\",\"target\":[\"https:\/\/longchangchemical.com\/product\/photoinitiator-mpbz-6012\/\"]}]},{\"@type\":\"ImageObject\",\"inLanguage\":\"tr\",\"@id\":\"https:\/\/longchangchemical.com\/product\/photoinitiator-mpbz-6012\/#primaryimage\",\"url\":\"https:\/\/longchangchemical.com\/wp-content\/uploads\/2024\/11\/86428-83-3-1.jpg\",\"contentUrl\":\"https:\/\/longchangchemical.com\/wp-content\/uploads\/2024\/11\/86428-83-3-1.jpg\",\"width\":600,\"height\":600},{\"@type\":\"BreadcrumbList\",\"@id\":\"https:\/\/longchangchemical.com\/product\/photoinitiator-mpbz-6012\/#breadcrumb\",\"itemListElement\":[{\"@type\":\"ListItem\",\"position\":1,\"name\":\"Home\",\"item\":\"https:\/\/longchangchemical.com\/\"},{\"@type\":\"ListItem\",\"position\":2,\"name\":\"Products Longchang\",\"item\":\"https:\/\/longchangchemical.com\/product\/\"},{\"@type\":\"ListItem\",\"position\":3,\"name\":\"CHLUMINIT\u00ae MPBZ(6021) \/ Photoinitiator MPBZ (6012) CAS 86428-83-3\"}]},{\"@type\":\"WebSite\",\"@id\":\"https:\/\/longchangchemical.com\/#website\",\"url\":\"https:\/\/longchangchemical.com\/\",\"name\":\"Longchang Chemical\",\"description\":\"China chemical manufacturer \uff06 supplier\",\"publisher\":{\"@id\":\"https:\/\/longchangchemical.com\/#organization\"},\"potentialAction\":[{\"@type\":\"SearchAction\",\"target\":{\"@type\":\"EntryPoint\",\"urlTemplate\":\"https:\/\/longchangchemical.com\/?s={search_term_string}\"},\"query-input\":{\"@type\":\"PropertyValueSpecification\",\"valueRequired\":true,\"valueName\":\"search_term_string\"}}],\"inLanguage\":\"tr\"},{\"@type\":\"Organization\",\"@id\":\"https:\/\/longchangchemical.com\/#organization\",\"name\":\"Longchang Chemical\",\"url\":\"https:\/\/longchangchemical.com\/\",\"logo\":{\"@type\":\"ImageObject\",\"inLanguage\":\"tr\",\"@id\":\"https:\/\/longchangchemical.com\/#\/schema\/logo\/image\/\",\"url\":\"https:\/\/longchangchemical.com\/wp-content\/uploads\/2020\/08\/cropped-longchang-logo.png\",\"contentUrl\":\"https:\/\/longchangchemical.com\/wp-content\/uploads\/2020\/08\/cropped-longchang-logo.png\",\"width\":512,\"height\":512,\"caption\":\"Longchang Chemical\"},\"image\":{\"@id\":\"https:\/\/longchangchemical.com\/#\/schema\/logo\/image\/\"}}]}<\/script>\n<!-- \/ Yoast SEO plugin. -->","yoast_head_json":{"title":"Fotoba\u015flat\u0131c\u0131 MPBZ Cas No 86428-83-3 \u00fcretici-Longchang Chemical","description":"MPBZ (bifenil-4-il- (3-metilfenil) metanon) katyonik bir fotoba\u015flat\u0131c\u0131 olarak kullan\u0131l\u0131r ve Longchang Chemical'\u0131n temel \u00fcr\u00fcn\u00fcd\u00fcr. Biz en iyi quanlity ve rekabet\u00e7i fiyat ile \u00c7in'in \u00f6nde gelen Photoinitaitor \u00fcreticisi ve tedarik\u00e7isi vard\u0131r.","robots":{"index":"index","follow":"follow","max-snippet":"max-snippet:-1","max-image-preview":"max-image-preview:large","max-video-preview":"max-video-preview:-1"},"canonical":"https:\/\/longchangchemical.com\/tr\/product\/photoinitiator-mpbz-6012\/","og_locale":"tr_TR","og_type":"article","og_title":"Photoinitiator MPBZ Cas No 86428-83-3 manufacturer-Longchang Chemical","og_description":"MPBZ ( biphenyl-4-yl-(3-methylphenyl)methanone ) is used as a cationic photoinitiator and is the key product of Longchang Chemical. We are the leading Photoinitaitor manufacturer and supplier in China with the best quanlity and competitive price.","og_url":"https:\/\/longchangchemical.com\/tr\/product\/photoinitiator-mpbz-6012\/","og_site_name":"Longchang Chemical","article_modified_time":"2026-05-08T03:00:12+00:00","og_image":[{"width":600,"height":600,"url":"https:\/\/longchangchemical.com\/wp-content\/uploads\/2024\/11\/86428-83-3-1.jpg","type":"image\/jpeg"}],"twitter_card":"summary_large_image","schema":{"@context":"https:\/\/schema.org","@graph":[{"@type":"WebPage","@id":"https:\/\/longchangchemical.com\/product\/photoinitiator-mpbz-6012\/","url":"https:\/\/longchangchemical.com\/product\/photoinitiator-mpbz-6012\/","name":"Fotoba\u015flat\u0131c\u0131 MPBZ Cas No 86428-83-3 \u00fcretici-Longchang Chemical","isPartOf":{"@id":"https:\/\/longchangchemical.com\/#website"},"primaryImageOfPage":{"@id":"https:\/\/longchangchemical.com\/product\/photoinitiator-mpbz-6012\/#primaryimage"},"image":{"@id":"https:\/\/longchangchemical.com\/product\/photoinitiator-mpbz-6012\/#primaryimage"},"thumbnailUrl":"https:\/\/longchangchemical.com\/wp-content\/uploads\/2024\/11\/86428-83-3-1.jpg","datePublished":"2024-11-11T06:01:20+00:00","dateModified":"2026-05-08T03:00:12+00:00","description":"MPBZ (bifenil-4-il- (3-metilfenil) metanon) katyonik bir fotoba\u015flat\u0131c\u0131 olarak kullan\u0131l\u0131r ve Longchang Chemical'\u0131n temel \u00fcr\u00fcn\u00fcd\u00fcr. Biz en iyi quanlity ve rekabet\u00e7i fiyat ile \u00c7in'in \u00f6nde gelen Photoinitaitor \u00fcreticisi ve tedarik\u00e7isi vard\u0131r.","breadcrumb":{"@id":"https:\/\/longchangchemical.com\/product\/photoinitiator-mpbz-6012\/#breadcrumb"},"inLanguage":"tr","potentialAction":[{"@type":"ReadAction","target":["https:\/\/longchangchemical.com\/product\/photoinitiator-mpbz-6012\/"]}]},{"@type":"ImageObject","inLanguage":"tr","@id":"https:\/\/longchangchemical.com\/product\/photoinitiator-mpbz-6012\/#primaryimage","url":"https:\/\/longchangchemical.com\/wp-content\/uploads\/2024\/11\/86428-83-3-1.jpg","contentUrl":"https:\/\/longchangchemical.com\/wp-content\/uploads\/2024\/11\/86428-83-3-1.jpg","width":600,"height":600},{"@type":"BreadcrumbList","@id":"https:\/\/longchangchemical.com\/product\/photoinitiator-mpbz-6012\/#breadcrumb","itemListElement":[{"@type":"ListItem","position":1,"name":"Home","item":"https:\/\/longchangchemical.com\/"},{"@type":"ListItem","position":2,"name":"Products Longchang","item":"https:\/\/longchangchemical.com\/product\/"},{"@type":"ListItem","position":3,"name":"CHLUMINIT\u00ae MPBZ(6021) \/ Photoinitiator MPBZ (6012) CAS 86428-83-3"}]},{"@type":"WebSite","@id":"https:\/\/longchangchemical.com\/#website","url":"https:\/\/longchangchemical.com\/","name":"Longchang Kimya","description":"\u00c7in kimyasal \u00fcreticisi \uff06 tedarik\u00e7isi","publisher":{"@id":"https:\/\/longchangchemical.com\/#organization"},"potentialAction":[{"@type":"SearchAction","target":{"@type":"EntryPoint","urlTemplate":"https:\/\/longchangchemical.com\/?s={search_term_string}"},"query-input":{"@type":"PropertyValueSpecification","valueRequired":true,"valueName":"search_term_string"}}],"inLanguage":"tr"},{"@type":"Organization","@id":"https:\/\/longchangchemical.com\/#organization","name":"Longchang Kimya","url":"https:\/\/longchangchemical.com\/","logo":{"@type":"ImageObject","inLanguage":"tr","@id":"https:\/\/longchangchemical.com\/#\/schema\/logo\/image\/","url":"https:\/\/longchangchemical.com\/wp-content\/uploads\/2020\/08\/cropped-longchang-logo.png","contentUrl":"https:\/\/longchangchemical.com\/wp-content\/uploads\/2020\/08\/cropped-longchang-logo.png","width":512,"height":512,"caption":"Longchang Chemical"},"image":{"@id":"https:\/\/longchangchemical.com\/#\/schema\/logo\/image\/"}}]}},"_links":{"self":[{"href":"https:\/\/longchangchemical.com\/tr\/wp-json\/wp\/v2\/product\/7562","targetHints":{"allow":["GET"]}}],"collection":[{"href":"https:\/\/longchangchemical.com\/tr\/wp-json\/wp\/v2\/product"}],"about":[{"href":"https:\/\/longchangchemical.com\/tr\/wp-json\/wp\/v2\/types\/product"}],"replies":[{"embeddable":true,"href":"https:\/\/longchangchemical.com\/tr\/wp-json\/wp\/v2\/comments?post=7562"}],"wp:featuredmedia":[{"embeddable":true,"href":"https:\/\/longchangchemical.com\/tr\/wp-json\/wp\/v2\/media\/8089"}],"wp:attachment":[{"href":"https:\/\/longchangchemical.com\/tr\/wp-json\/wp\/v2\/media?parent=7562"}],"wp:term":[{"taxonomy":"product_brand","embeddable":true,"href":"https:\/\/longchangchemical.com\/tr\/wp-json\/wp\/v2\/product_brand?post=7562"},{"taxonomy":"product_cat","embeddable":true,"href":"https:\/\/longchangchemical.com\/tr\/wp-json\/wp\/v2\/product_cat?post=7562"},{"taxonomy":"product_tag","embeddable":true,"href":"https:\/\/longchangchemical.com\/tr\/wp-json\/wp\/v2\/product_tag?post=7562"}],"curies":[{"name":"wp","href":"https:\/\/api.w.org\/{rel}","templated":true}]}}