{"id":7555,"date":"2024-11-11T06:01:20","date_gmt":"2024-11-11T06:01:20","guid":{"rendered":"https:\/\/longchangchemical.com\/?post_type=product&#038;p=7555"},"modified":"2025-12-16T04:02:05","modified_gmt":"2025-12-16T04:02:05","slug":"photoinitiator-bp-cas-119-61-9","status":"publish","type":"product","link":"https:\/\/longchangchemical.com\/tr\/product\/photoinitiator-bp-cas-119-61-9\/","title":{"rendered":"Fotoba\u015flat\u0131c\u0131 BP \/ Benzofenon CAS 119-61-9"},"content":{"rendered":"<h1>Fotoba\u015flat\u0131c\u0131 BP CAS 119-61-9<\/h1>\n<p><strong>Kimyasal Ad\u0131: <\/strong>Benzofenon<\/p>\n<p><strong><b>E\u015fanlaml\u0131:<\/b><\/strong> Fotoba\u015flat\u0131c\u0131 BP; BP Flakes; alfa-Oksoditan; Benzoilbenzen; Difenil keton; difenil metanon; Fenil keton<\/p>\n<p><strong>CAS No.<\/strong>:119-61-9<\/p>\n<table>\n<tbody>\n<tr>\n<td width=\"269\">G\u00f6r\u00fcn\u00fc\u015f<\/td>\n<td width=\"347\">Beyaz pullar<\/td>\n<\/tr>\n<tr>\n<td width=\"269\">Safl\u0131k<\/td>\n<td width=\"347\">\u226599,7%<\/td>\n<\/tr>\n<tr>\n<td width=\"269\">Erime Noktas\u0131<\/td>\n<td width=\"347\">46-49 \u2103<\/td>\n<\/tr>\n<tr>\n<td width=\"269\">U\u00e7ucu Maddeler<\/td>\n<td width=\"347\">\u22640,1%<\/td>\n<\/tr>\n<tr>\n<td width=\"269\">Renk (Pt\/Co)<\/td>\n<td width=\"347\">\u226460<\/td>\n<\/tr>\n<\/tbody>\n<\/table>\n<p>&nbsp;<\/p>\n<p><strong><b>Kullan\u0131m<\/b><\/strong><\/p>\n<p>Benzofenon bir ultraviyole radyasyon emici ve ara maddedir Boyalar, m\u00fcrekkepler, yap\u0131\u015ft\u0131r\u0131c\u0131lar vb.<\/p>\n<p>Ayr\u0131ca organik pigmentler, ila\u00e7lar, aromalar ve b\u00f6cek ila\u00e7lar\u0131; ayr\u0131ca stiren inhibit\u00f6r\u00fc ve parf\u00fcmeri bile\u015fi\u011finin fiksatifi.<\/p>\n<p>Tatl\u0131 aromaya baharat vermek i\u00e7in, parf\u00fcm ve sabun aromas\u0131nda yayg\u0131n olarak kullan\u0131l\u0131r.<\/p>\n<p><strong><b>Paket<\/b><\/strong><\/p>\n<p>25KGS kraft ka\u011f\u0131t torba veya al\u0131c\u0131n\u0131n \u00f6zelliklerine g\u00f6re paketleme (Konserve edilebilir).<\/p>\n<p>&nbsp;<\/p>\n<p><strong><b>Raf \u00d6mr\u00fc ve Teslimat<\/b><\/strong><\/p>\n<p>Raf \u00f6mr\u00fc: Do\u011frudan g\u00fcne\u015f \u0131\u015f\u0131\u011f\u0131 almayan serin ve kuru bir yerde saklanan a\u00e7\u0131lmam\u0131\u015f orijinal ambalaj\u0131nda \u00fcretim tarihinden itibaren 24 ay.<\/p>\n<h2><strong><b>\u015eimdi Bize Ula\u015f\u0131n!<\/b><\/strong><\/h2>\n<h4><strong><b>Fiyata ihtiyac\u0131n\u0131z varsa, l\u00fctfen a\u015fa\u011f\u0131daki forma ileti\u015fim bilgilerinizi doldurun, genellikle 24 saat i\u00e7inde sizinle ileti\u015fime ge\u00e7ece\u011fiz. Bana e-posta da g\u00f6nderebilirsiniz <span style=\"color: #00ccff;\"><a style=\"color: #00ccff;\" href=\"mailto:info@longchangchemical.com\">info@longchangchemical.com<\/a><\/span>\u00a0\u00c7al\u0131\u015fma saatleri i\u00e7inde (8:30 - 6:00 UTC+8 Pzt.~Sat.) veya h\u0131zl\u0131 yan\u0131t almak i\u00e7in web sitesi canl\u0131 sohbetini kullan\u0131n.<\/b><\/strong><\/h4>\n<p>&nbsp;<\/p>\n<table style=\"border-collapse: collapse; width: 435.77pt;\" border=\"0\" width=\"581\" cellspacing=\"0\" cellpadding=\"0\">\n<tbody>\n<tr style=\"height: 13.50pt;\">\n<td style=\"height: 13.50pt; width: 215.25pt;\" width=\"287\" height=\"18\"><a href=\"https:\/\/longchangchemical.com\/tr\/product\/photoinitiator-tpo-cas-75980-60-8\/\"><span style=\"color: #00ccff;\">Fotoba\u015flat\u0131c\u0131 TPO<\/span><\/a><\/td>\n<td style=\"width: 220.50pt;\" width=\"294\">CAS 75980-60-8<\/td>\n<\/tr>\n<tr style=\"height: 13.50pt;\">\n<td style=\"height: 13.50pt;\" height=\"18\"><a href=\"https:\/\/longchangchemical.com\/tr\/product\/cas-270586-78-2\/\"><span style=\"color: #00ccff;\">Fotoba\u015flat\u0131c\u0131 TMO<\/span><\/a><\/td>\n<td>CAS 270586-78-2<\/td>\n<\/tr>\n<tr style=\"height: 13.50pt;\">\n<td style=\"height: 13.50pt;\" height=\"18\"><a href=\"https:\/\/longchangchemical.com\/tr\/product\/photoinitiator-pd-01-cas-579-07-7\/\"><span style=\"color: #00ccff;\">Fotoba\u015flat\u0131c\u0131 PD-01<\/span><\/a><\/td>\n<td>CAS 579-07-7<\/td>\n<\/tr>\n<tr style=\"height: 13.50pt;\">\n<td style=\"height: 13.50pt;\" height=\"18\"><a href=\"https:\/\/longchangchemical.com\/tr\/product\/photoinitiator-pbz-cas-2128-93-0\/\"><span style=\"color: #00ccff;\">Fotoba\u015flat\u0131c\u0131 PBZ<\/span><\/a><\/td>\n<td>CAS 2128-93-0<\/td>\n<\/tr>\n<tr style=\"height: 13.50pt;\">\n<td style=\"height: 13.50pt;\" height=\"18\"><a href=\"https:\/\/longchangchemical.com\/tr\/product\/photoinitiator-oxe-02-cas-478556-66-0\/\"><span style=\"color: #00ccff;\">Fotoba\u015flat\u0131c\u0131 OXE-02<\/span><\/a><\/td>\n<td>CAS 478556-66-0<\/td>\n<\/tr>\n<tr style=\"height: 13.50pt;\">\n<td style=\"height: 13.50pt;\" height=\"18\"><a href=\"https:\/\/longchangchemical.com\/tr\/product\/photoinitiator-ombb\/\"><span style=\"color: #00ccff;\">Fotoba\u015flat\u0131c\u0131 OMBB<\/span><\/a><\/td>\n<td>CAS 606-28-0<\/td>\n<\/tr>\n<tr style=\"height: 13.50pt;\">\n<td style=\"height: 13.50pt;\" height=\"18\"><a href=\"https:\/\/longchangchemical.com\/tr\/product\/photoinitiator-mpbz-6012\/\"><span style=\"color: #00ccff;\">Fotoba\u015flat\u0131c\u0131 MPBZ (6012)<\/span><\/a><\/td>\n<td>CAS 86428-83-3<\/td>\n<\/tr>\n<tr style=\"height: 13.50pt;\">\n<td style=\"height: 13.50pt;\" height=\"18\"><a href=\"https:\/\/longchangchemical.com\/tr\/product\/photoinitiator-mbp-cas-134-84-9\/\"><span style=\"color: #00ccff;\">Fotoba\u015flat\u0131c\u0131 MBP<\/span><\/a><\/td>\n<td>CAS 134-84-9<\/td>\n<\/tr>\n<tr style=\"height: 13.50pt;\">\n<td style=\"height: 13.50pt;\" height=\"18\"><a href=\"https:\/\/longchangchemical.com\/tr\/product\/photoinitiator-mbf-cas-15206-55-0\/\"><span style=\"color: #00ccff;\">Fotoba\u015flat\u0131c\u0131 MBF<\/span><\/a><\/td>\n<td>CAS 15206-55-0<\/td>\n<\/tr>\n<tr style=\"height: 13.50pt;\">\n<td style=\"height: 13.50pt;\" height=\"18\"><a href=\"https:\/\/longchangchemical.com\/tr\/product\/photoinitiator-lap-cas-85073-19-4\/\"><span style=\"color: #00ccff;\">Fotoba\u015flat\u0131c\u0131 LAP<\/span><\/a><\/td>\n<td>CAS 85073-19-4<\/td>\n<\/tr>\n<tr style=\"height: 13.50pt;\">\n<td style=\"height: 13.50pt;\" height=\"18\"><a href=\"https:\/\/longchangchemical.com\/tr\/product\/photoinitiator-itx-cas-5495-84-1\/\"><span style=\"color: #00ccff;\">Fotoba\u015flat\u0131c\u0131 ITX<\/span><\/a><\/td>\n<td>CAS 5495-84-1<\/td>\n<\/tr>\n<tr style=\"height: 13.50pt;\">\n<td style=\"height: 13.50pt;\" height=\"18\"><a href=\"https:\/\/longchangchemical.com\/tr\/product\/photoinitiator-emk\/\"><span style=\"color: #00ccff;\">Fotoba\u015flat\u0131c\u0131 EMK<\/span><\/a><\/td>\n<td>CAS 90-93-7<\/td>\n<\/tr>\n<tr style=\"height: 13.50pt;\">\n<td style=\"height: 13.50pt;\" height=\"18\"><a href=\"https:\/\/longchangchemical.com\/tr\/product\/photoinitiator-eha-cas-21245-02-3\/\"><span style=\"color: #00ccff;\">Fotoba\u015flat\u0131c\u0131 EHA<\/span><\/a><\/td>\n<td>CAS 21245-02-3<\/td>\n<\/tr>\n<tr style=\"height: 13.50pt;\">\n<td style=\"height: 13.50pt;\" height=\"18\"><a href=\"https:\/\/longchangchemical.com\/tr\/product\/photoinitiator-edb-cas-10287-53-3\/\"><span style=\"color: #00ccff;\">Fotoba\u015flat\u0131c\u0131 EDB<\/span><\/a><\/td>\n<td>CAS 10287-53-3<\/td>\n<\/tr>\n<tr style=\"height: 13.50pt;\">\n<td style=\"height: 13.50pt;\" height=\"18\"><a href=\"https:\/\/longchangchemical.com\/tr\/product\/photoinitiator-detx-cas-82799-44-8\/\"><span style=\"color: #00ccff;\">Fotoba\u015flat\u0131c\u0131 DETX<\/span><\/a><\/td>\n<td>CAS 82799-44-8<\/td>\n<\/tr>\n<tr style=\"height: 13.50pt;\">\n<td style=\"height: 13.50pt;\" height=\"18\"><a href=\"https:\/\/longchangchemical.com\/tr\/product\/photoinitiator-cq\/\"><span style=\"color: #00ccff;\">Fotoba\u015flat\u0131c\u0131 CQ \/ Camphorquinone<\/span><\/a><\/td>\n<td>CAS 10373-78-1<\/td>\n<\/tr>\n<tr style=\"height: 13.50pt;\">\n<td style=\"height: 13.50pt;\" height=\"18\"><a href=\"https:\/\/longchangchemical.com\/tr\/product\/photoinitiator-cbp-cas-134-85-0\/\"><span style=\"color: #00ccff;\">Fotoba\u015flat\u0131c\u0131 CBP<\/span><\/a><\/td>\n<td>CAS 134-85-0<\/td>\n<\/tr>\n<tr style=\"height: 13.50pt;\">\n<td style=\"height: 13.50pt;\" height=\"18\"><a href=\"https:\/\/longchangchemical.com\/tr\/product\/photoinitiator-bp-cas-119-61-9\/\"><span style=\"color: #00ccff;\">Fotoba\u015flat\u0131c\u0131 BP \/ Benzofenon<\/span><\/a><\/td>\n<td>CAS 119-61-9<\/td>\n<\/tr>\n<tr style=\"height: 13.50pt;\">\n<td style=\"height: 13.50pt;\" height=\"18\"><a href=\"https:\/\/longchangchemical.com\/tr\/product\/photoinitiator-bms\/\"><span style=\"color: #00ccff;\">Fotoba\u015flat\u0131c\u0131 BMS<\/span><\/a><\/td>\n<td>CAS 83846-85-9<\/td>\n<\/tr>\n<tr style=\"height: 13.50pt;\">\n<td style=\"height: 13.50pt;\" height=\"18\"><a href=\"https:\/\/longchangchemical.com\/tr\/product\/photoinitiator-938\/\"><span style=\"color: #00ccff;\">Fotoba\u015flat\u0131c\u0131 938<\/span><\/a><\/td>\n<td>CAS 61358-25-6<\/td>\n<\/tr>\n<tr style=\"height: 13.50pt;\">\n<td style=\"height: 13.50pt;\" height=\"18\"><a href=\"https:\/\/longchangchemical.com\/tr\/product\/photoinitiator-937-cas-71786-70-4\/\"><span style=\"color: #00ccff;\">Fotoba\u015flat\u0131c\u0131 937<\/span><\/a><\/td>\n<td>CAS 71786-70-4<\/td>\n<\/tr>\n<tr style=\"height: 13.50pt;\">\n<td style=\"height: 13.50pt;\" height=\"18\"><a href=\"https:\/\/longchangchemical.com\/tr\/product\/photoinitiator-819-dw\/\"><span style=\"color: #00ccff;\">Fotoba\u015flat\u0131c\u0131 819 DW<\/span><\/a><\/td>\n<td>CAS 162881-26-7<\/td>\n<\/tr>\n<tr style=\"height: 13.50pt;\">\n<td style=\"height: 13.50pt;\" height=\"18\"><a href=\"https:\/\/longchangchemical.com\/tr\/product\/photoinitiator-819-irgacure-819-cas-162881-26-7\/\"><span style=\"color: #00ccff;\">Fotoba\u015flat\u0131c\u0131 819<\/span><\/a><\/td>\n<td>CAS 162881-26-7<\/td>\n<\/tr>\n<tr style=\"height: 13.50pt;\">\n<td style=\"height: 13.50pt;\" height=\"18\"><a href=\"https:\/\/longchangchemical.com\/tr\/product\/photoinitiator-784-cas-125051-32-3\/\"><span style=\"color: #00ccff;\">Fotoba\u015flat\u0131c\u0131 784<\/span><\/a><\/td>\n<td>CAS 125051-32-3<\/td>\n<\/tr>\n<tr style=\"height: 13.50pt;\">\n<td style=\"height: 13.50pt;\" height=\"18\"><a href=\"https:\/\/longchangchemical.com\/tr\/product\/photoinitiator-754-cas-211510-16-6-442536-99-4\/\"><span style=\"color: #00ccff;\">Fotoba\u015flat\u0131c\u0131 754<\/span><\/a><\/td>\n<td>CAS 211510-16-6 442536-99-4<\/td>\n<\/tr>\n<tr style=\"height: 13.50pt;\">\n<td style=\"height: 13.50pt;\" height=\"18\"><a href=\"https:\/\/longchangchemical.com\/tr\/product\/photoinitiator-6993-cas-71449-78-0\/\"><span style=\"color: #00ccff;\">Fotoba\u015flat\u0131c\u0131 6993<\/span><\/a><\/td>\n<td>CAS 71449-78-0<\/td>\n<\/tr>\n<tr style=\"height: 13.50pt;\">\n<td style=\"height: 13.50pt;\" height=\"18\"><a href=\"https:\/\/longchangchemical.com\/tr\/product\/photoinitiator-6976\/\"><span style=\"color: #00ccff;\">Fotoba\u015flat\u0131c\u0131 6976<\/span><\/a><\/td>\n<td>CAS 71449-78-0 89452-37-9 108-32-7<\/td>\n<\/tr>\n<tr style=\"height: 13.50pt;\">\n<td style=\"height: 13.50pt;\" height=\"18\"><a href=\"https:\/\/longchangchemical.com\/tr\/product\/photoinitiator-379-cas-119344-86-4\/\"><span style=\"color: #00ccff;\">Fotoba\u015flat\u0131c\u0131 379<\/span><\/a><\/td>\n<td>CAS 119344-86-4<\/td>\n<\/tr>\n<tr style=\"height: 13.50pt;\">\n<td style=\"height: 13.50pt;\" height=\"18\"><a href=\"https:\/\/longchangchemical.com\/tr\/product\/photoinitiator-369-cas-119313-12-1\/\"><span style=\"color: #00ccff;\">Fotoba\u015flat\u0131c\u0131 369<\/span><\/a><\/td>\n<td>CAS 119313-12-1<\/td>\n<\/tr>\n<tr style=\"height: 13.50pt;\">\n<td style=\"height: 13.50pt;\" height=\"18\"><span style=\"color: #00ccff;\"><a style=\"color: #00ccff;\" href=\"https:\/\/longchangchemical.com\/tr\/product\/photoinitiator-160\/\">Fotoba\u015flat\u0131c\u0131 160<\/a><\/span><\/td>\n<td>CAS 71868-15-0<\/td>\n<\/tr>\n<tr style=\"height: 13.50pt;\">\n<td style=\"height: 13.50pt;\" height=\"18\"><a href=\"https:\/\/longchangchemical.com\/tr\/product\/photoinitiator-1206\/\"><span style=\"color: #00ccff;\">Fotoba\u015flat\u0131c\u0131 1206<\/span><\/a><\/td>\n<td><\/td>\n<\/tr>\n<tr style=\"height: 13.50pt;\">\n<td style=\"height: 13.50pt;\" height=\"18\"><a href=\"https:\/\/longchangchemical.com\/tr\/product\/irgacure-1173-cas-7473-98-5\/\"><span style=\"color: #00ccff;\">Fotoba\u015flat\u0131c\u0131 1173<\/span><\/a><\/td>\n<td>CAS 7473-98-5<\/td>\n<\/tr>\n<\/tbody>\n<\/table>\n<p>&nbsp;<\/p>","protected":false},"excerpt":{"rendered":"<p>BP yayg\u0131n olarak kullan\u0131lan bir fotoba\u015flat\u0131c\u0131d\u0131r ve a\u015fa\u011f\u0131daki polimerizasyon reaksiyonlar\u0131nda kullan\u0131labilir: Tek veya \u00e7ok fonksiyonlu vinil monomerler ile akrilatlar gibi doymam\u0131\u015f prepolimerler. Ayn\u0131 zamanda organik pigmentler, ila\u00e7lar, kokular ve pestisitler i\u00e7in bir ara maddedir. Ayn\u0131 zamanda bir stiren polimerizasyon inhibit\u00f6r\u00fc ve baharatlara tatl\u0131 bir koku verebilen bir parf\u00fcm fiksatifidir. Parf\u00fcm ve sabun esans\u0131nda yayg\u0131n olarak kullan\u0131l\u0131r. Kozmetik sekt\u00f6r\u00fcnde g\u00fcne\u015f koruyucu ya\u011f\/krem olarak kullan\u0131labilir.<\/p>","protected":false},"featured_media":8079,"comment_status":"open","ping_status":"closed","template":"","meta":[],"product_brand":[],"product_cat":[174,178],"product_tag":[],"class_list":{"0":"post-7555","1":"product","2":"type-product","3":"status-publish","4":"has-post-thumbnail","6":"product_cat-photoinitiator","7":"product_cat-type-ii-free-radical-photoinitiator","9":"first","10":"instock","11":"shipping-taxable","12":"product-type-simple"},"yoast_head":"<!-- This site is optimized with the Yoast SEO plugin v25.3.1 - https:\/\/yoast.com\/wordpress\/plugins\/seo\/ -->\n<title>China Benzophenone (Benzoylbenzene) CAS No 119-61-9 manufacturer - Longchang Chemical<\/title>\n<meta name=\"description\" content=\"Photoinitiator BP( Benzophenone) can be used as a photoinitiator and is the key product of Longchang Chemical. We are the leading photoinitiator manufacturer and supplier in China with the best quanlity and competitive price. Photoinitiator BP; BP Flakes; alpha-Oxoditane; Benzoylbenzene; Diphenyl ketone; diphenyl methanone; Phenyl ketone\" \/>\n<meta name=\"robots\" content=\"index, follow, max-snippet:-1, max-image-preview:large, max-video-preview:-1\" \/>\n<link rel=\"canonical\" href=\"https:\/\/longchangchemical.com\/tr\/product\/photoinitiator-bp-cas-119-61-9\/\" \/>\n<meta property=\"og:locale\" content=\"tr_TR\" \/>\n<meta property=\"og:type\" content=\"article\" \/>\n<meta property=\"og:title\" content=\"China Benzophenone (Benzoylbenzene) CAS No 119-61-9 manufacturer - Longchang Chemical\" \/>\n<meta property=\"og:description\" content=\"Photoinitiator BP( Benzophenone) can be used as a photoinitiator and is the key product of Longchang Chemical. We are the leading photoinitiator manufacturer and supplier in China with the best quanlity and competitive price. Photoinitiator BP; BP Flakes; alpha-Oxoditane; Benzoylbenzene; Diphenyl ketone; diphenyl methanone; Phenyl ketone\" \/>\n<meta property=\"og:url\" content=\"https:\/\/longchangchemical.com\/tr\/product\/photoinitiator-bp-cas-119-61-9\/\" \/>\n<meta property=\"og:site_name\" content=\"Longchang Chemical\" \/>\n<meta property=\"article:modified_time\" content=\"2025-12-16T04:02:05+00:00\" \/>\n<meta property=\"og:image\" content=\"https:\/\/longchangchemical.com\/wp-content\/uploads\/2024\/11\/119-61-9.jpg\" \/>\n\t<meta property=\"og:image:width\" content=\"600\" \/>\n\t<meta property=\"og:image:height\" content=\"600\" \/>\n\t<meta property=\"og:image:type\" content=\"image\/jpeg\" \/>\n<meta name=\"twitter:card\" content=\"summary_large_image\" \/>\n<script type=\"application\/ld+json\" class=\"yoast-schema-graph\">{\"@context\":\"https:\/\/schema.org\",\"@graph\":[{\"@type\":\"WebPage\",\"@id\":\"https:\/\/longchangchemical.com\/product\/photoinitiator-bp-cas-119-61-9\/\",\"url\":\"https:\/\/longchangchemical.com\/product\/photoinitiator-bp-cas-119-61-9\/\",\"name\":\"China Benzophenone (Benzoylbenzene) CAS No 119-61-9 manufacturer - Longchang Chemical\",\"isPartOf\":{\"@id\":\"https:\/\/longchangchemical.com\/#website\"},\"primaryImageOfPage\":{\"@id\":\"https:\/\/longchangchemical.com\/product\/photoinitiator-bp-cas-119-61-9\/#primaryimage\"},\"image\":{\"@id\":\"https:\/\/longchangchemical.com\/product\/photoinitiator-bp-cas-119-61-9\/#primaryimage\"},\"thumbnailUrl\":\"https:\/\/longchangchemical.com\/wp-content\/uploads\/2024\/11\/119-61-9.jpg\",\"datePublished\":\"2024-11-11T06:01:20+00:00\",\"dateModified\":\"2025-12-16T04:02:05+00:00\",\"description\":\"Photoinitiator BP( Benzophenone) can be used as a photoinitiator and is the key product of Longchang Chemical. We are the leading photoinitiator manufacturer and supplier in China with the best quanlity and competitive price. Photoinitiator BP; BP Flakes; alpha-Oxoditane; Benzoylbenzene; Diphenyl ketone; diphenyl methanone; Phenyl ketone\",\"breadcrumb\":{\"@id\":\"https:\/\/longchangchemical.com\/product\/photoinitiator-bp-cas-119-61-9\/#breadcrumb\"},\"inLanguage\":\"tr\",\"potentialAction\":[{\"@type\":\"ReadAction\",\"target\":[\"https:\/\/longchangchemical.com\/product\/photoinitiator-bp-cas-119-61-9\/\"]}]},{\"@type\":\"ImageObject\",\"inLanguage\":\"tr\",\"@id\":\"https:\/\/longchangchemical.com\/product\/photoinitiator-bp-cas-119-61-9\/#primaryimage\",\"url\":\"https:\/\/longchangchemical.com\/wp-content\/uploads\/2024\/11\/119-61-9.jpg\",\"contentUrl\":\"https:\/\/longchangchemical.com\/wp-content\/uploads\/2024\/11\/119-61-9.jpg\",\"width\":600,\"height\":600},{\"@type\":\"BreadcrumbList\",\"@id\":\"https:\/\/longchangchemical.com\/product\/photoinitiator-bp-cas-119-61-9\/#breadcrumb\",\"itemListElement\":[{\"@type\":\"ListItem\",\"position\":1,\"name\":\"Home\",\"item\":\"https:\/\/longchangchemical.com\/\"},{\"@type\":\"ListItem\",\"position\":2,\"name\":\"Products Longchang\",\"item\":\"https:\/\/longchangchemical.com\/product\/\"},{\"@type\":\"ListItem\",\"position\":3,\"name\":\"Photoinitiator BP \/ Benzophenone CAS 119-61-9\"}]},{\"@type\":\"WebSite\",\"@id\":\"https:\/\/longchangchemical.com\/#website\",\"url\":\"https:\/\/longchangchemical.com\/\",\"name\":\"Longchang Chemical\",\"description\":\"China chemical manufacturer \uff06 supplier\",\"publisher\":{\"@id\":\"https:\/\/longchangchemical.com\/#organization\"},\"potentialAction\":[{\"@type\":\"SearchAction\",\"target\":{\"@type\":\"EntryPoint\",\"urlTemplate\":\"https:\/\/longchangchemical.com\/?s={search_term_string}\"},\"query-input\":{\"@type\":\"PropertyValueSpecification\",\"valueRequired\":true,\"valueName\":\"search_term_string\"}}],\"inLanguage\":\"tr\"},{\"@type\":\"Organization\",\"@id\":\"https:\/\/longchangchemical.com\/#organization\",\"name\":\"Longchang Chemical\",\"url\":\"https:\/\/longchangchemical.com\/\",\"logo\":{\"@type\":\"ImageObject\",\"inLanguage\":\"tr\",\"@id\":\"https:\/\/longchangchemical.com\/#\/schema\/logo\/image\/\",\"url\":\"https:\/\/longchangchemical.com\/wp-content\/uploads\/2020\/08\/cropped-longchang-logo.png\",\"contentUrl\":\"https:\/\/longchangchemical.com\/wp-content\/uploads\/2020\/08\/cropped-longchang-logo.png\",\"width\":512,\"height\":512,\"caption\":\"Longchang Chemical\"},\"image\":{\"@id\":\"https:\/\/longchangchemical.com\/#\/schema\/logo\/image\/\"}}]}<\/script>\n<!-- \/ Yoast SEO plugin. -->","yoast_head_json":{"title":"\u00c7in Benzofenon (Benzoilbenzen) CAS No 119-61-9 \u00dcretici - Longchang Chemical","description":"Fotoba\u015flat\u0131c\u0131 BP (Benzofenon) bir fotoba\u015flat\u0131c\u0131 olarak kullan\u0131labilir ve Longchang Chemical'\u0131n temel \u00fcr\u00fcn\u00fcd\u00fcr. Biz en iyi quanlity ve rekabet\u00e7i fiyat ile \u00c7in'in \u00f6nde gelen photoinitiator \u00fcreticisi ve tedarik\u00e7isi vard\u0131r. Fotoba\u015flat\u0131c\u0131 BP; BP Flakes; alfa-Oksoditan; Benzoilbenzen; Difenil keton; difenil metanon; Fenil keton","robots":{"index":"index","follow":"follow","max-snippet":"max-snippet:-1","max-image-preview":"max-image-preview:large","max-video-preview":"max-video-preview:-1"},"canonical":"https:\/\/longchangchemical.com\/tr\/product\/photoinitiator-bp-cas-119-61-9\/","og_locale":"tr_TR","og_type":"article","og_title":"China Benzophenone (Benzoylbenzene) CAS No 119-61-9 manufacturer - Longchang Chemical","og_description":"Photoinitiator BP( Benzophenone) can be used as a photoinitiator and is the key product of Longchang Chemical. We are the leading photoinitiator manufacturer and supplier in China with the best quanlity and competitive price. Photoinitiator BP; BP Flakes; alpha-Oxoditane; Benzoylbenzene; Diphenyl ketone; diphenyl methanone; Phenyl ketone","og_url":"https:\/\/longchangchemical.com\/tr\/product\/photoinitiator-bp-cas-119-61-9\/","og_site_name":"Longchang Chemical","article_modified_time":"2025-12-16T04:02:05+00:00","og_image":[{"width":600,"height":600,"url":"https:\/\/longchangchemical.com\/wp-content\/uploads\/2024\/11\/119-61-9.jpg","type":"image\/jpeg"}],"twitter_card":"summary_large_image","schema":{"@context":"https:\/\/schema.org","@graph":[{"@type":"WebPage","@id":"https:\/\/longchangchemical.com\/product\/photoinitiator-bp-cas-119-61-9\/","url":"https:\/\/longchangchemical.com\/product\/photoinitiator-bp-cas-119-61-9\/","name":"\u00c7in Benzofenon (Benzoilbenzen) CAS No 119-61-9 \u00dcretici - Longchang Chemical","isPartOf":{"@id":"https:\/\/longchangchemical.com\/#website"},"primaryImageOfPage":{"@id":"https:\/\/longchangchemical.com\/product\/photoinitiator-bp-cas-119-61-9\/#primaryimage"},"image":{"@id":"https:\/\/longchangchemical.com\/product\/photoinitiator-bp-cas-119-61-9\/#primaryimage"},"thumbnailUrl":"https:\/\/longchangchemical.com\/wp-content\/uploads\/2024\/11\/119-61-9.jpg","datePublished":"2024-11-11T06:01:20+00:00","dateModified":"2025-12-16T04:02:05+00:00","description":"Fotoba\u015flat\u0131c\u0131 BP (Benzofenon) bir fotoba\u015flat\u0131c\u0131 olarak kullan\u0131labilir ve Longchang Chemical'\u0131n temel \u00fcr\u00fcn\u00fcd\u00fcr. Biz en iyi quanlity ve rekabet\u00e7i fiyat ile \u00c7in'in \u00f6nde gelen photoinitiator \u00fcreticisi ve tedarik\u00e7isi vard\u0131r. Fotoba\u015flat\u0131c\u0131 BP; BP Flakes; alfa-Oksoditan; Benzoilbenzen; Difenil keton; difenil metanon; Fenil keton","breadcrumb":{"@id":"https:\/\/longchangchemical.com\/product\/photoinitiator-bp-cas-119-61-9\/#breadcrumb"},"inLanguage":"tr","potentialAction":[{"@type":"ReadAction","target":["https:\/\/longchangchemical.com\/product\/photoinitiator-bp-cas-119-61-9\/"]}]},{"@type":"ImageObject","inLanguage":"tr","@id":"https:\/\/longchangchemical.com\/product\/photoinitiator-bp-cas-119-61-9\/#primaryimage","url":"https:\/\/longchangchemical.com\/wp-content\/uploads\/2024\/11\/119-61-9.jpg","contentUrl":"https:\/\/longchangchemical.com\/wp-content\/uploads\/2024\/11\/119-61-9.jpg","width":600,"height":600},{"@type":"BreadcrumbList","@id":"https:\/\/longchangchemical.com\/product\/photoinitiator-bp-cas-119-61-9\/#breadcrumb","itemListElement":[{"@type":"ListItem","position":1,"name":"Home","item":"https:\/\/longchangchemical.com\/"},{"@type":"ListItem","position":2,"name":"Products Longchang","item":"https:\/\/longchangchemical.com\/product\/"},{"@type":"ListItem","position":3,"name":"Photoinitiator BP \/ Benzophenone CAS 119-61-9"}]},{"@type":"WebSite","@id":"https:\/\/longchangchemical.com\/#website","url":"https:\/\/longchangchemical.com\/","name":"Longchang Kimya","description":"\u00c7in kimyasal \u00fcreticisi \uff06 tedarik\u00e7isi","publisher":{"@id":"https:\/\/longchangchemical.com\/#organization"},"potentialAction":[{"@type":"SearchAction","target":{"@type":"EntryPoint","urlTemplate":"https:\/\/longchangchemical.com\/?s={search_term_string}"},"query-input":{"@type":"PropertyValueSpecification","valueRequired":true,"valueName":"search_term_string"}}],"inLanguage":"tr"},{"@type":"Organization","@id":"https:\/\/longchangchemical.com\/#organization","name":"Longchang Kimya","url":"https:\/\/longchangchemical.com\/","logo":{"@type":"ImageObject","inLanguage":"tr","@id":"https:\/\/longchangchemical.com\/#\/schema\/logo\/image\/","url":"https:\/\/longchangchemical.com\/wp-content\/uploads\/2020\/08\/cropped-longchang-logo.png","contentUrl":"https:\/\/longchangchemical.com\/wp-content\/uploads\/2020\/08\/cropped-longchang-logo.png","width":512,"height":512,"caption":"Longchang Chemical"},"image":{"@id":"https:\/\/longchangchemical.com\/#\/schema\/logo\/image\/"}}]}},"_links":{"self":[{"href":"https:\/\/longchangchemical.com\/tr\/wp-json\/wp\/v2\/product\/7555","targetHints":{"allow":["GET"]}}],"collection":[{"href":"https:\/\/longchangchemical.com\/tr\/wp-json\/wp\/v2\/product"}],"about":[{"href":"https:\/\/longchangchemical.com\/tr\/wp-json\/wp\/v2\/types\/product"}],"replies":[{"embeddable":true,"href":"https:\/\/longchangchemical.com\/tr\/wp-json\/wp\/v2\/comments?post=7555"}],"wp:featuredmedia":[{"embeddable":true,"href":"https:\/\/longchangchemical.com\/tr\/wp-json\/wp\/v2\/media\/8079"}],"wp:attachment":[{"href":"https:\/\/longchangchemical.com\/tr\/wp-json\/wp\/v2\/media?parent=7555"}],"wp:term":[{"taxonomy":"product_brand","embeddable":true,"href":"https:\/\/longchangchemical.com\/tr\/wp-json\/wp\/v2\/product_brand?post=7555"},{"taxonomy":"product_cat","embeddable":true,"href":"https:\/\/longchangchemical.com\/tr\/wp-json\/wp\/v2\/product_cat?post=7555"},{"taxonomy":"product_tag","embeddable":true,"href":"https:\/\/longchangchemical.com\/tr\/wp-json\/wp\/v2\/product_tag?post=7555"}],"curies":[{"name":"wp","href":"https:\/\/api.w.org\/{rel}","templated":true}]}}