{"id":7417,"date":"2024-09-29T13:02:38","date_gmt":"2024-09-29T13:02:38","guid":{"rendered":"https:\/\/longchangchemical.com\/?post_type=product&#038;p=7417"},"modified":"2025-04-01T03:15:41","modified_gmt":"2025-04-01T03:15:41","slug":"tricyclodecanedimethanol-muscomer-cas-26896-48-0","status":"publish","type":"product","link":"https:\/\/longchangchemical.com\/tr\/product\/tricyclodecanedimethanol-muscomer-cas-26896-48-0\/","title":{"rendered":"CHLUMICRYL\u00ae Tricyclodecanedimethanol \/ Muscomer CAS 26896-48-0"},"content":{"rendered":"<p>&nbsp;<\/p>\n<p>\u00fc\u00e7 \u00fcyeli bir halka yap\u0131s\u0131 i\u00e7erir ve poliakrilatlar, polyesterler, epoksi re\u00e7ineler ve poli\u00fcretanlar gibi polimerlerin sentezinde kullan\u0131labilir. Polimerlere iyi yap\u0131\u015fma, y\u00fcksek gerilme mukavemeti, \u0131s\u0131 direnci, hava ko\u015fullar\u0131na dayan\u0131kl\u0131l\u0131k ve darbe direnci kazand\u0131rabilir. \u00dcr\u00fcn ayr\u0131ca y\u00fcksek \u0131\u015f\u0131\u011fa duyarl\u0131l\u0131k, y\u00fcksek \u015feffafl\u0131k, \u0131\u015f\u0131k direnci ve kuru a\u015f\u0131nd\u0131rma direncine sahip uygulama malzemelerini sentezlemek i\u00e7in de kullan\u0131labilir.<\/p>\n<h2><strong><b>\u015eimdi Bize Ula\u015f\u0131n!<\/b><\/strong><\/h2>\n<h4><strong><b>Fiyata ihtiyac\u0131n\u0131z varsa, l\u00fctfen a\u015fa\u011f\u0131daki forma ileti\u015fim bilgilerinizi doldurun, genellikle 24 saat i\u00e7inde sizinle ileti\u015fime ge\u00e7ece\u011fiz. Bana e-posta da g\u00f6nderebilirsiniz\u00a0<span style=\"color: #00ccff;\"><a style=\"color: #00ccff;\" href=\"mailto:info@longchangchemical.com\">info@longchangchemical.com<\/a><\/span>\u00a0\u00c7al\u0131\u015fma saatleri i\u00e7inde (8:30 - 6:00 UTC+8 Pzt.~Sat.) veya h\u0131zl\u0131 yan\u0131t almak i\u00e7in web sitesi canl\u0131 sohbetini kullan\u0131n.<\/b><\/strong><\/h4>","protected":false},"excerpt":{"rendered":"<p>G\u00f6r\u00fcn\u00fcm : Berrak ve \u015feffaf<br \/>\n\u0130\u00e7erik (%) : &gt;97<br \/>\nAsit de\u011feri (mg KOH\/g) : &lt;1<br \/>\nViskozite (25\u2103'de cps): 600-650<br \/>\nMolek\u00fcl a\u011f\u0131rl\u0131\u011f\u0131 (g\/mol) : 192<\/p>\n<h4><strong><b>Bana e-posta g\u00f6nder: <span style=\"color: #00ccff;\"><a style=\"color: #00ccff;\" href=\"mailto:info@longchangchemical.com\">info@longchangchemical.com<\/a><\/span><\/b><\/strong><\/h4>","protected":false},"featured_media":7418,"comment_status":"closed","ping_status":"closed","template":"","meta":[],"product_brand":[],"product_cat":[115],"product_tag":[],"class_list":{"0":"post-7417","1":"product","2":"type-product","3":"status-publish","4":"has-post-thumbnail","6":"product_cat-functional-monomers","8":"first","9":"instock","10":"shipping-taxable","11":"product-type-simple"},"yoast_head":"<!-- This site is optimized with the Yoast SEO plugin v25.3.1 - https:\/\/yoast.com\/wordpress\/plugins\/seo\/ -->\n<title>China CHLUMICRYL\u00ae Tricyclodecanedimethanol \/ Muscomer CAS 26896-48-0 Manufacturer - Longchang Chemical<\/title>\n<meta name=\"description\" content=\"CHLUMICRYL\u00ae Tricyclodecanedimethanol \/ Muscomer CAS 26896-48-0 is a key product of Longchang Chemical. We provide the best price. We are the leading manufacturer in China with the best quality and competitive price.\" \/>\n<meta name=\"robots\" content=\"index, follow, max-snippet:-1, max-image-preview:large, max-video-preview:-1\" \/>\n<link rel=\"canonical\" href=\"https:\/\/longchangchemical.com\/tr\/product\/tricyclodecanedimethanol-muscomer-cas-26896-48-0\/\" \/>\n<meta property=\"og:locale\" content=\"tr_TR\" \/>\n<meta property=\"og:type\" content=\"article\" \/>\n<meta property=\"og:title\" content=\"China CHLUMICRYL\u00ae Tricyclodecanedimethanol \/ Muscomer CAS 26896-48-0 Manufacturer - Longchang Chemical\" \/>\n<meta property=\"og:description\" content=\"CHLUMICRYL\u00ae Tricyclodecanedimethanol \/ Muscomer CAS 26896-48-0 is a key product of Longchang Chemical. We provide the best price. We are the leading manufacturer in China with the best quality and competitive price.\" \/>\n<meta property=\"og:url\" content=\"https:\/\/longchangchemical.com\/tr\/product\/tricyclodecanedimethanol-muscomer-cas-26896-48-0\/\" \/>\n<meta property=\"og:site_name\" content=\"Longchang Chemical\" \/>\n<meta property=\"article:modified_time\" content=\"2025-04-01T03:15:41+00:00\" \/>\n<meta property=\"og:image\" content=\"https:\/\/longchangchemical.com\/wp-content\/uploads\/2024\/09\/Tricyclodecanedimethanol-Muscomer-CAS-26896-48-0.jpg\" \/>\n\t<meta property=\"og:image:width\" content=\"400\" \/>\n\t<meta property=\"og:image:height\" content=\"400\" \/>\n\t<meta property=\"og:image:type\" content=\"image\/jpeg\" \/>\n<meta name=\"twitter:card\" content=\"summary_large_image\" \/>\n<script type=\"application\/ld+json\" class=\"yoast-schema-graph\">{\"@context\":\"https:\/\/schema.org\",\"@graph\":[{\"@type\":\"WebPage\",\"@id\":\"https:\/\/longchangchemical.com\/product\/tricyclodecanedimethanol-muscomer-cas-26896-48-0\/\",\"url\":\"https:\/\/longchangchemical.com\/product\/tricyclodecanedimethanol-muscomer-cas-26896-48-0\/\",\"name\":\"China CHLUMICRYL\u00ae Tricyclodecanedimethanol \/ Muscomer CAS 26896-48-0 Manufacturer - Longchang Chemical\",\"isPartOf\":{\"@id\":\"https:\/\/longchangchemical.com\/#website\"},\"primaryImageOfPage\":{\"@id\":\"https:\/\/longchangchemical.com\/product\/tricyclodecanedimethanol-muscomer-cas-26896-48-0\/#primaryimage\"},\"image\":{\"@id\":\"https:\/\/longchangchemical.com\/product\/tricyclodecanedimethanol-muscomer-cas-26896-48-0\/#primaryimage\"},\"thumbnailUrl\":\"https:\/\/longchangchemical.com\/wp-content\/uploads\/2024\/09\/Tricyclodecanedimethanol-Muscomer-CAS-26896-48-0.jpg\",\"datePublished\":\"2024-09-29T13:02:38+00:00\",\"dateModified\":\"2025-04-01T03:15:41+00:00\",\"description\":\"CHLUMICRYL\u00ae Tricyclodecanedimethanol \/ Muscomer CAS 26896-48-0 is a key product of Longchang Chemical. We provide the best price. We are the leading manufacturer in China with the best quality and competitive price.\",\"breadcrumb\":{\"@id\":\"https:\/\/longchangchemical.com\/product\/tricyclodecanedimethanol-muscomer-cas-26896-48-0\/#breadcrumb\"},\"inLanguage\":\"tr\",\"potentialAction\":[{\"@type\":\"ReadAction\",\"target\":[\"https:\/\/longchangchemical.com\/product\/tricyclodecanedimethanol-muscomer-cas-26896-48-0\/\"]}]},{\"@type\":\"ImageObject\",\"inLanguage\":\"tr\",\"@id\":\"https:\/\/longchangchemical.com\/product\/tricyclodecanedimethanol-muscomer-cas-26896-48-0\/#primaryimage\",\"url\":\"https:\/\/longchangchemical.com\/wp-content\/uploads\/2024\/09\/Tricyclodecanedimethanol-Muscomer-CAS-26896-48-0.jpg\",\"contentUrl\":\"https:\/\/longchangchemical.com\/wp-content\/uploads\/2024\/09\/Tricyclodecanedimethanol-Muscomer-CAS-26896-48-0.jpg\",\"width\":400,\"height\":400,\"caption\":\"Tricyclodecanedimethanol \/ Muscomer CAS 26896-48-0\"},{\"@type\":\"BreadcrumbList\",\"@id\":\"https:\/\/longchangchemical.com\/product\/tricyclodecanedimethanol-muscomer-cas-26896-48-0\/#breadcrumb\",\"itemListElement\":[{\"@type\":\"ListItem\",\"position\":1,\"name\":\"Home\",\"item\":\"https:\/\/longchangchemical.com\/\"},{\"@type\":\"ListItem\",\"position\":2,\"name\":\"Products Longchang\",\"item\":\"https:\/\/longchangchemical.com\/product\/\"},{\"@type\":\"ListItem\",\"position\":3,\"name\":\"CHLUMICRYL\u00ae Tricyclodecanedimethanol \/ Muscomer CAS 26896-48-0\"}]},{\"@type\":\"WebSite\",\"@id\":\"https:\/\/longchangchemical.com\/#website\",\"url\":\"https:\/\/longchangchemical.com\/\",\"name\":\"Longchang Chemical\",\"description\":\"China chemical manufacturer \uff06 supplier\",\"publisher\":{\"@id\":\"https:\/\/longchangchemical.com\/#organization\"},\"potentialAction\":[{\"@type\":\"SearchAction\",\"target\":{\"@type\":\"EntryPoint\",\"urlTemplate\":\"https:\/\/longchangchemical.com\/?s={search_term_string}\"},\"query-input\":{\"@type\":\"PropertyValueSpecification\",\"valueRequired\":true,\"valueName\":\"search_term_string\"}}],\"inLanguage\":\"tr\"},{\"@type\":\"Organization\",\"@id\":\"https:\/\/longchangchemical.com\/#organization\",\"name\":\"Longchang Chemical\",\"url\":\"https:\/\/longchangchemical.com\/\",\"logo\":{\"@type\":\"ImageObject\",\"inLanguage\":\"tr\",\"@id\":\"https:\/\/longchangchemical.com\/#\/schema\/logo\/image\/\",\"url\":\"https:\/\/longchangchemical.com\/wp-content\/uploads\/2020\/08\/cropped-longchang-logo.png\",\"contentUrl\":\"https:\/\/longchangchemical.com\/wp-content\/uploads\/2020\/08\/cropped-longchang-logo.png\",\"width\":512,\"height\":512,\"caption\":\"Longchang Chemical\"},\"image\":{\"@id\":\"https:\/\/longchangchemical.com\/#\/schema\/logo\/image\/\"}}]}<\/script>\n<!-- \/ Yoast SEO plugin. -->","yoast_head_json":{"title":"\u00c7in CHLUMICRYL\u00ae Tricyclodecanedimethanol \/ Muscomer CAS 26896-48-0 \u00dcretici - Longchang Chemical","description":"CHLUMICRYL\u00ae Tricyclodecanedimethanol \/ Muscomer CAS 26896-48-0, Longchang Chemical'\u0131n \u00f6nemli bir \u00fcr\u00fcn\u00fcd\u00fcr. En iyi fiyat\u0131 sa\u011fl\u0131yoruz. En iyi kalite ve rekabet\u00e7i fiyat ile \u00c7in'in \u00f6nde gelen \u00fcreticisiyiz.","robots":{"index":"index","follow":"follow","max-snippet":"max-snippet:-1","max-image-preview":"max-image-preview:large","max-video-preview":"max-video-preview:-1"},"canonical":"https:\/\/longchangchemical.com\/tr\/product\/tricyclodecanedimethanol-muscomer-cas-26896-48-0\/","og_locale":"tr_TR","og_type":"article","og_title":"China CHLUMICRYL\u00ae Tricyclodecanedimethanol \/ Muscomer CAS 26896-48-0 Manufacturer - Longchang Chemical","og_description":"CHLUMICRYL\u00ae Tricyclodecanedimethanol \/ Muscomer CAS 26896-48-0 is a key product of Longchang Chemical. We provide the best price. We are the leading manufacturer in China with the best quality and competitive price.","og_url":"https:\/\/longchangchemical.com\/tr\/product\/tricyclodecanedimethanol-muscomer-cas-26896-48-0\/","og_site_name":"Longchang Chemical","article_modified_time":"2025-04-01T03:15:41+00:00","og_image":[{"width":400,"height":400,"url":"https:\/\/longchangchemical.com\/wp-content\/uploads\/2024\/09\/Tricyclodecanedimethanol-Muscomer-CAS-26896-48-0.jpg","type":"image\/jpeg"}],"twitter_card":"summary_large_image","schema":{"@context":"https:\/\/schema.org","@graph":[{"@type":"WebPage","@id":"https:\/\/longchangchemical.com\/product\/tricyclodecanedimethanol-muscomer-cas-26896-48-0\/","url":"https:\/\/longchangchemical.com\/product\/tricyclodecanedimethanol-muscomer-cas-26896-48-0\/","name":"\u00c7in CHLUMICRYL\u00ae Tricyclodecanedimethanol \/ Muscomer CAS 26896-48-0 \u00dcretici - Longchang Chemical","isPartOf":{"@id":"https:\/\/longchangchemical.com\/#website"},"primaryImageOfPage":{"@id":"https:\/\/longchangchemical.com\/product\/tricyclodecanedimethanol-muscomer-cas-26896-48-0\/#primaryimage"},"image":{"@id":"https:\/\/longchangchemical.com\/product\/tricyclodecanedimethanol-muscomer-cas-26896-48-0\/#primaryimage"},"thumbnailUrl":"https:\/\/longchangchemical.com\/wp-content\/uploads\/2024\/09\/Tricyclodecanedimethanol-Muscomer-CAS-26896-48-0.jpg","datePublished":"2024-09-29T13:02:38+00:00","dateModified":"2025-04-01T03:15:41+00:00","description":"CHLUMICRYL\u00ae Tricyclodecanedimethanol \/ Muscomer CAS 26896-48-0, Longchang Chemical'\u0131n \u00f6nemli bir \u00fcr\u00fcn\u00fcd\u00fcr. En iyi fiyat\u0131 sa\u011fl\u0131yoruz. En iyi kalite ve rekabet\u00e7i fiyat ile \u00c7in'in \u00f6nde gelen \u00fcreticisiyiz.","breadcrumb":{"@id":"https:\/\/longchangchemical.com\/product\/tricyclodecanedimethanol-muscomer-cas-26896-48-0\/#breadcrumb"},"inLanguage":"tr","potentialAction":[{"@type":"ReadAction","target":["https:\/\/longchangchemical.com\/product\/tricyclodecanedimethanol-muscomer-cas-26896-48-0\/"]}]},{"@type":"ImageObject","inLanguage":"tr","@id":"https:\/\/longchangchemical.com\/product\/tricyclodecanedimethanol-muscomer-cas-26896-48-0\/#primaryimage","url":"https:\/\/longchangchemical.com\/wp-content\/uploads\/2024\/09\/Tricyclodecanedimethanol-Muscomer-CAS-26896-48-0.jpg","contentUrl":"https:\/\/longchangchemical.com\/wp-content\/uploads\/2024\/09\/Tricyclodecanedimethanol-Muscomer-CAS-26896-48-0.jpg","width":400,"height":400,"caption":"Tricyclodecanedimethanol \/ Muscomer CAS 26896-48-0"},{"@type":"BreadcrumbList","@id":"https:\/\/longchangchemical.com\/product\/tricyclodecanedimethanol-muscomer-cas-26896-48-0\/#breadcrumb","itemListElement":[{"@type":"ListItem","position":1,"name":"Home","item":"https:\/\/longchangchemical.com\/"},{"@type":"ListItem","position":2,"name":"Products Longchang","item":"https:\/\/longchangchemical.com\/product\/"},{"@type":"ListItem","position":3,"name":"CHLUMICRYL\u00ae Tricyclodecanedimethanol \/ Muscomer CAS 26896-48-0"}]},{"@type":"WebSite","@id":"https:\/\/longchangchemical.com\/#website","url":"https:\/\/longchangchemical.com\/","name":"Longchang Kimya","description":"\u00c7in kimyasal \u00fcreticisi \uff06 tedarik\u00e7isi","publisher":{"@id":"https:\/\/longchangchemical.com\/#organization"},"potentialAction":[{"@type":"SearchAction","target":{"@type":"EntryPoint","urlTemplate":"https:\/\/longchangchemical.com\/?s={search_term_string}"},"query-input":{"@type":"PropertyValueSpecification","valueRequired":true,"valueName":"search_term_string"}}],"inLanguage":"tr"},{"@type":"Organization","@id":"https:\/\/longchangchemical.com\/#organization","name":"Longchang Kimya","url":"https:\/\/longchangchemical.com\/","logo":{"@type":"ImageObject","inLanguage":"tr","@id":"https:\/\/longchangchemical.com\/#\/schema\/logo\/image\/","url":"https:\/\/longchangchemical.com\/wp-content\/uploads\/2020\/08\/cropped-longchang-logo.png","contentUrl":"https:\/\/longchangchemical.com\/wp-content\/uploads\/2020\/08\/cropped-longchang-logo.png","width":512,"height":512,"caption":"Longchang Chemical"},"image":{"@id":"https:\/\/longchangchemical.com\/#\/schema\/logo\/image\/"}}]}},"_links":{"self":[{"href":"https:\/\/longchangchemical.com\/tr\/wp-json\/wp\/v2\/product\/7417","targetHints":{"allow":["GET"]}}],"collection":[{"href":"https:\/\/longchangchemical.com\/tr\/wp-json\/wp\/v2\/product"}],"about":[{"href":"https:\/\/longchangchemical.com\/tr\/wp-json\/wp\/v2\/types\/product"}],"replies":[{"embeddable":true,"href":"https:\/\/longchangchemical.com\/tr\/wp-json\/wp\/v2\/comments?post=7417"}],"wp:featuredmedia":[{"embeddable":true,"href":"https:\/\/longchangchemical.com\/tr\/wp-json\/wp\/v2\/media\/7418"}],"wp:attachment":[{"href":"https:\/\/longchangchemical.com\/tr\/wp-json\/wp\/v2\/media?parent=7417"}],"wp:term":[{"taxonomy":"product_brand","embeddable":true,"href":"https:\/\/longchangchemical.com\/tr\/wp-json\/wp\/v2\/product_brand?post=7417"},{"taxonomy":"product_cat","embeddable":true,"href":"https:\/\/longchangchemical.com\/tr\/wp-json\/wp\/v2\/product_cat?post=7417"},{"taxonomy":"product_tag","embeddable":true,"href":"https:\/\/longchangchemical.com\/tr\/wp-json\/wp\/v2\/product_tag?post=7417"}],"curies":[{"name":"wp","href":"https:\/\/api.w.org\/{rel}","templated":true}]}}