{"id":7340,"date":"2024-09-26T02:49:32","date_gmt":"2024-09-26T02:49:32","guid":{"rendered":"https:\/\/longchangchemical.com\/?post_type=product&#038;p=7340"},"modified":"2024-09-26T02:49:32","modified_gmt":"2024-09-26T02:49:32","slug":"tricyclodecnyl-acetate-cas-5413-60-5","status":"publish","type":"product","link":"https:\/\/longchangchemical.com\/tr\/product\/tricyclodecnyl-acetate-cas-5413-60-5\/","title":{"rendered":"Trisiklodecnyl Asetat CAS 5413-60-5"},"content":{"rendered":"<h1><strong>Trisiklodecnyl Asetat CAS 5413-60-5<\/strong><\/h1>\n<table>\n<tbody>\n<tr>\n<td width=\"284\"><strong>\u00d6\u011eELER<\/strong><\/td>\n<td width=\"284\"><strong>\u015eARTNAME<\/strong><\/td>\n<\/tr>\n<tr>\n<td width=\"284\">Yo\u011funluk<\/td>\n<td width=\"284\">1.0240<\/td>\n<\/tr>\n<tr>\n<td width=\"284\">Kaynama noktas\u0131<\/td>\n<td width=\"284\">288.25\u00b0C<\/td>\n<\/tr>\n<tr>\n<td width=\"284\">G\u00f6r\u00fcn\u00fc\u015f<\/td>\n<td width=\"284\">Renksiz viskoz s\u0131v\u0131<\/td>\n<\/tr>\n<tr>\n<td width=\"284\">Koku<\/td>\n<td width=\"284\">\u00c7i\u00e7eksi, odunsu koku<\/td>\n<\/tr>\n<\/tbody>\n<\/table>\n<p><strong><b>\u00a0<\/b><\/strong><\/p>\n<p><strong><b>Trisiklodecnyl Asetat<\/b><\/strong><strong><b>\u00a0uygulama:<\/b><\/strong><\/p>\n<p>1. Sabun, deterjan, oda spreyi aroma form\u00fcl\u00fcnde yayg\u0131n olarak kullan\u0131l\u0131r. Ayr\u0131ca gardenya, \u00e7an orkidesi, leylak, yasemin, vejetaryen kalp orkidesi, kokulu fi\u011f, lavanta, aldehit kokusu - ah\u015fap kokusu, berrak koku - meyveli koku ve modern yeni aroma tipi koku i\u00e7in de ge\u00e7erlidir, kullan\u0131m uygun oldu\u011fu gibi, \u00e7ok iyi aroma etkisi elde edebilir ve \u00f6zel aromay\u0131 g\u00f6sterir. Yenilebilir aroma olarak kullan\u0131lamaz.<\/p>\n<p>2, kozmetikte kullan\u0131lan lavanta, ah\u015fap, Fu\u015fya, Suzin Orkide ve di\u011fer aromatik tatlar\u0131n mod\u00fclasyonu; alkali ortam\u0131n stabilitesi nedeniyle sabun veya deterjan kokular\u0131 olarak kullan\u0131labilir.<\/p>\n<p><strong><b>Trisiklodecnyl Asetat<\/b><\/strong><strong><b>\u00a0<\/b><\/strong><strong><b>Paketleme ve Nakliye<\/b><\/strong><strong><b>\u00a0<\/b><\/strong><\/p>\n<p>m\u00fc\u015fteri ihtiya\u00e7lar\u0131na g\u00f6re \u00f6zelle\u015ftirilebilir.<\/p>\n<p><strong><b>Trisiklodecnyl Asetat<\/b><\/strong><strong><b>\u00a0Depolama<\/b><\/strong><\/p>\n<p>Temiz, kuru ve serin bir yerde, g\u00fcne\u015f \u0131\u015f\u0131\u011f\u0131ndan, ya\u011fmurdan korunarak saklanmal\u0131d\u0131r.<\/p>\n<h2><strong><b>\u015eimdi Bize Ula\u015f\u0131n!<\/b><\/strong><\/h2>\n<h4><strong><b>Fiyata ihtiyac\u0131n\u0131z varsa, l\u00fctfen a\u015fa\u011f\u0131daki forma ileti\u015fim bilgilerinizi doldurun, genellikle 24 saat i\u00e7inde sizinle ileti\u015fime ge\u00e7ece\u011fiz. Bana e-posta da g\u00f6nderebilirsiniz\u00a0<span style=\"color: #00ccff;\"><a style=\"color: #00ccff;\" href=\"mailto:info@longchangchemical.com\">info@longchangchemical.com<\/a><\/span>\u00a0\u00c7al\u0131\u015fma saatleri i\u00e7inde (8:30 - 6:00 UTC+8 Pzt.~Sat.) veya h\u0131zl\u0131 yan\u0131t almak i\u00e7in web sitesi canl\u0131 sohbetini kullan\u0131n.<\/b><\/strong><\/h4>","protected":false},"excerpt":{"rendered":"<p>Kimyasal Ad\u0131:Trisiklodeknil Asetat<\/p>\n<p>CAS No: 5413-60-5<\/p>\n<p>G\u00f6r\u00fcn\u00fc\u015f: Renksiz ila a\u00e7\u0131k sar\u0131 viskoz s\u0131v\u0131<\/p>\n<p>Test\uff1a\u226597.0%<\/p>","protected":false},"featured_media":7350,"comment_status":"closed","ping_status":"closed","template":"","meta":[],"product_brand":[],"product_cat":[173],"product_tag":[],"class_list":{"0":"post-7340","1":"product","2":"type-product","3":"status-publish","4":"has-post-thumbnail","6":"product_cat-flavors-and-fragrances","8":"first","9":"instock","10":"shipping-taxable","11":"product-type-simple"},"yoast_head":"<!-- This site is optimized with the Yoast SEO plugin v25.3.1 - https:\/\/yoast.com\/wordpress\/plugins\/seo\/ -->\n<title>China Tricyclodecnyl Acetate CAS 5413-60-5 Manufacturer - Longchang Chemical<\/title>\n<meta name=\"description\" content=\"Tricyclodecnyl Acetate CAS 5413-60-5 is a key product of Longchang Chemical. We provide the best price. We are the leading manufacturer in China with the best quality and competitive price.\" \/>\n<meta name=\"robots\" content=\"index, follow, max-snippet:-1, max-image-preview:large, max-video-preview:-1\" \/>\n<link rel=\"canonical\" href=\"https:\/\/longchangchemical.com\/tr\/product\/tricyclodecnyl-acetate-cas-5413-60-5\/\" \/>\n<meta property=\"og:locale\" content=\"tr_TR\" \/>\n<meta property=\"og:type\" content=\"article\" \/>\n<meta property=\"og:title\" content=\"China Tricyclodecnyl Acetate CAS 5413-60-5 Manufacturer - Longchang Chemical\" \/>\n<meta property=\"og:description\" content=\"Tricyclodecnyl Acetate CAS 5413-60-5 is a key product of Longchang Chemical. We provide the best price. We are the leading manufacturer in China with the best quality and competitive price.\" \/>\n<meta property=\"og:url\" content=\"https:\/\/longchangchemical.com\/tr\/product\/tricyclodecnyl-acetate-cas-5413-60-5\/\" \/>\n<meta property=\"og:site_name\" content=\"Longchang Chemical\" \/>\n<meta property=\"og:image\" content=\"https:\/\/longchangchemical.com\/wp-content\/uploads\/2024\/09\/Tricyclodecnyl-Acetate-CAS-5413-60-5.jpg\" \/>\n\t<meta property=\"og:image:width\" content=\"400\" \/>\n\t<meta property=\"og:image:height\" content=\"400\" \/>\n\t<meta property=\"og:image:type\" content=\"image\/jpeg\" \/>\n<meta name=\"twitter:card\" content=\"summary_large_image\" \/>\n<script type=\"application\/ld+json\" class=\"yoast-schema-graph\">{\"@context\":\"https:\/\/schema.org\",\"@graph\":[{\"@type\":\"WebPage\",\"@id\":\"https:\/\/longchangchemical.com\/product\/tricyclodecnyl-acetate-cas-5413-60-5\/\",\"url\":\"https:\/\/longchangchemical.com\/product\/tricyclodecnyl-acetate-cas-5413-60-5\/\",\"name\":\"China Tricyclodecnyl Acetate CAS 5413-60-5 Manufacturer - Longchang Chemical\",\"isPartOf\":{\"@id\":\"https:\/\/longchangchemical.com\/#website\"},\"primaryImageOfPage\":{\"@id\":\"https:\/\/longchangchemical.com\/product\/tricyclodecnyl-acetate-cas-5413-60-5\/#primaryimage\"},\"image\":{\"@id\":\"https:\/\/longchangchemical.com\/product\/tricyclodecnyl-acetate-cas-5413-60-5\/#primaryimage\"},\"thumbnailUrl\":\"https:\/\/longchangchemical.com\/wp-content\/uploads\/2024\/09\/Tricyclodecnyl-Acetate-CAS-5413-60-5.jpg\",\"datePublished\":\"2024-09-26T02:49:32+00:00\",\"description\":\"Tricyclodecnyl Acetate CAS 5413-60-5 is a key product of Longchang Chemical. We provide the best price. We are the leading manufacturer in China with the best quality and competitive price.\",\"breadcrumb\":{\"@id\":\"https:\/\/longchangchemical.com\/product\/tricyclodecnyl-acetate-cas-5413-60-5\/#breadcrumb\"},\"inLanguage\":\"tr\",\"potentialAction\":[{\"@type\":\"ReadAction\",\"target\":[\"https:\/\/longchangchemical.com\/product\/tricyclodecnyl-acetate-cas-5413-60-5\/\"]}]},{\"@type\":\"ImageObject\",\"inLanguage\":\"tr\",\"@id\":\"https:\/\/longchangchemical.com\/product\/tricyclodecnyl-acetate-cas-5413-60-5\/#primaryimage\",\"url\":\"https:\/\/longchangchemical.com\/wp-content\/uploads\/2024\/09\/Tricyclodecnyl-Acetate-CAS-5413-60-5.jpg\",\"contentUrl\":\"https:\/\/longchangchemical.com\/wp-content\/uploads\/2024\/09\/Tricyclodecnyl-Acetate-CAS-5413-60-5.jpg\",\"width\":400,\"height\":400,\"caption\":\"Tricyclodecnyl Acetate CAS 5413-60-5\"},{\"@type\":\"BreadcrumbList\",\"@id\":\"https:\/\/longchangchemical.com\/product\/tricyclodecnyl-acetate-cas-5413-60-5\/#breadcrumb\",\"itemListElement\":[{\"@type\":\"ListItem\",\"position\":1,\"name\":\"Home\",\"item\":\"https:\/\/longchangchemical.com\/\"},{\"@type\":\"ListItem\",\"position\":2,\"name\":\"Products Longchang\",\"item\":\"https:\/\/longchangchemical.com\/product\/\"},{\"@type\":\"ListItem\",\"position\":3,\"name\":\"Tricyclodecnyl Acetate CAS 5413-60-5\"}]},{\"@type\":\"WebSite\",\"@id\":\"https:\/\/longchangchemical.com\/#website\",\"url\":\"https:\/\/longchangchemical.com\/\",\"name\":\"Longchang Chemical\",\"description\":\"China chemical manufacturer \uff06 supplier\",\"publisher\":{\"@id\":\"https:\/\/longchangchemical.com\/#organization\"},\"potentialAction\":[{\"@type\":\"SearchAction\",\"target\":{\"@type\":\"EntryPoint\",\"urlTemplate\":\"https:\/\/longchangchemical.com\/?s={search_term_string}\"},\"query-input\":{\"@type\":\"PropertyValueSpecification\",\"valueRequired\":true,\"valueName\":\"search_term_string\"}}],\"inLanguage\":\"tr\"},{\"@type\":\"Organization\",\"@id\":\"https:\/\/longchangchemical.com\/#organization\",\"name\":\"Longchang Chemical\",\"url\":\"https:\/\/longchangchemical.com\/\",\"logo\":{\"@type\":\"ImageObject\",\"inLanguage\":\"tr\",\"@id\":\"https:\/\/longchangchemical.com\/#\/schema\/logo\/image\/\",\"url\":\"https:\/\/longchangchemical.com\/wp-content\/uploads\/2020\/08\/cropped-longchang-logo.png\",\"contentUrl\":\"https:\/\/longchangchemical.com\/wp-content\/uploads\/2020\/08\/cropped-longchang-logo.png\",\"width\":512,\"height\":512,\"caption\":\"Longchang Chemical\"},\"image\":{\"@id\":\"https:\/\/longchangchemical.com\/#\/schema\/logo\/image\/\"}}]}<\/script>\n<!-- \/ Yoast SEO plugin. -->","yoast_head_json":{"title":"\u00c7in Trisiklodecnyl Asetat CAS 5413-60-5 \u00dcretici - Longchang Chemical","description":"Tricyclodecnyl Acetate CAS 5413-60-5, Longchang Chemical'\u0131n \u00f6nemli bir \u00fcr\u00fcn\u00fcd\u00fcr. En iyi fiyat\u0131 sa\u011fl\u0131yoruz. En iyi kalite ve rekabet\u00e7i fiyat ile \u00c7in'in \u00f6nde gelen \u00fcreticisiyiz.","robots":{"index":"index","follow":"follow","max-snippet":"max-snippet:-1","max-image-preview":"max-image-preview:large","max-video-preview":"max-video-preview:-1"},"canonical":"https:\/\/longchangchemical.com\/tr\/product\/tricyclodecnyl-acetate-cas-5413-60-5\/","og_locale":"tr_TR","og_type":"article","og_title":"China Tricyclodecnyl Acetate CAS 5413-60-5 Manufacturer - Longchang Chemical","og_description":"Tricyclodecnyl Acetate CAS 5413-60-5 is a key product of Longchang Chemical. We provide the best price. We are the leading manufacturer in China with the best quality and competitive price.","og_url":"https:\/\/longchangchemical.com\/tr\/product\/tricyclodecnyl-acetate-cas-5413-60-5\/","og_site_name":"Longchang Chemical","og_image":[{"width":400,"height":400,"url":"https:\/\/longchangchemical.com\/wp-content\/uploads\/2024\/09\/Tricyclodecnyl-Acetate-CAS-5413-60-5.jpg","type":"image\/jpeg"}],"twitter_card":"summary_large_image","schema":{"@context":"https:\/\/schema.org","@graph":[{"@type":"WebPage","@id":"https:\/\/longchangchemical.com\/product\/tricyclodecnyl-acetate-cas-5413-60-5\/","url":"https:\/\/longchangchemical.com\/product\/tricyclodecnyl-acetate-cas-5413-60-5\/","name":"\u00c7in Trisiklodecnyl Asetat CAS 5413-60-5 \u00dcretici - Longchang Chemical","isPartOf":{"@id":"https:\/\/longchangchemical.com\/#website"},"primaryImageOfPage":{"@id":"https:\/\/longchangchemical.com\/product\/tricyclodecnyl-acetate-cas-5413-60-5\/#primaryimage"},"image":{"@id":"https:\/\/longchangchemical.com\/product\/tricyclodecnyl-acetate-cas-5413-60-5\/#primaryimage"},"thumbnailUrl":"https:\/\/longchangchemical.com\/wp-content\/uploads\/2024\/09\/Tricyclodecnyl-Acetate-CAS-5413-60-5.jpg","datePublished":"2024-09-26T02:49:32+00:00","description":"Tricyclodecnyl Acetate CAS 5413-60-5, Longchang Chemical'\u0131n \u00f6nemli bir \u00fcr\u00fcn\u00fcd\u00fcr. En iyi fiyat\u0131 sa\u011fl\u0131yoruz. En iyi kalite ve rekabet\u00e7i fiyat ile \u00c7in'in \u00f6nde gelen \u00fcreticisiyiz.","breadcrumb":{"@id":"https:\/\/longchangchemical.com\/product\/tricyclodecnyl-acetate-cas-5413-60-5\/#breadcrumb"},"inLanguage":"tr","potentialAction":[{"@type":"ReadAction","target":["https:\/\/longchangchemical.com\/product\/tricyclodecnyl-acetate-cas-5413-60-5\/"]}]},{"@type":"ImageObject","inLanguage":"tr","@id":"https:\/\/longchangchemical.com\/product\/tricyclodecnyl-acetate-cas-5413-60-5\/#primaryimage","url":"https:\/\/longchangchemical.com\/wp-content\/uploads\/2024\/09\/Tricyclodecnyl-Acetate-CAS-5413-60-5.jpg","contentUrl":"https:\/\/longchangchemical.com\/wp-content\/uploads\/2024\/09\/Tricyclodecnyl-Acetate-CAS-5413-60-5.jpg","width":400,"height":400,"caption":"Tricyclodecnyl Acetate CAS 5413-60-5"},{"@type":"BreadcrumbList","@id":"https:\/\/longchangchemical.com\/product\/tricyclodecnyl-acetate-cas-5413-60-5\/#breadcrumb","itemListElement":[{"@type":"ListItem","position":1,"name":"Home","item":"https:\/\/longchangchemical.com\/"},{"@type":"ListItem","position":2,"name":"Products Longchang","item":"https:\/\/longchangchemical.com\/product\/"},{"@type":"ListItem","position":3,"name":"Tricyclodecnyl Acetate CAS 5413-60-5"}]},{"@type":"WebSite","@id":"https:\/\/longchangchemical.com\/#website","url":"https:\/\/longchangchemical.com\/","name":"Longchang Kimya","description":"\u00c7in kimyasal \u00fcreticisi \uff06 tedarik\u00e7isi","publisher":{"@id":"https:\/\/longchangchemical.com\/#organization"},"potentialAction":[{"@type":"SearchAction","target":{"@type":"EntryPoint","urlTemplate":"https:\/\/longchangchemical.com\/?s={search_term_string}"},"query-input":{"@type":"PropertyValueSpecification","valueRequired":true,"valueName":"search_term_string"}}],"inLanguage":"tr"},{"@type":"Organization","@id":"https:\/\/longchangchemical.com\/#organization","name":"Longchang Kimya","url":"https:\/\/longchangchemical.com\/","logo":{"@type":"ImageObject","inLanguage":"tr","@id":"https:\/\/longchangchemical.com\/#\/schema\/logo\/image\/","url":"https:\/\/longchangchemical.com\/wp-content\/uploads\/2020\/08\/cropped-longchang-logo.png","contentUrl":"https:\/\/longchangchemical.com\/wp-content\/uploads\/2020\/08\/cropped-longchang-logo.png","width":512,"height":512,"caption":"Longchang Chemical"},"image":{"@id":"https:\/\/longchangchemical.com\/#\/schema\/logo\/image\/"}}]}},"_links":{"self":[{"href":"https:\/\/longchangchemical.com\/tr\/wp-json\/wp\/v2\/product\/7340","targetHints":{"allow":["GET"]}}],"collection":[{"href":"https:\/\/longchangchemical.com\/tr\/wp-json\/wp\/v2\/product"}],"about":[{"href":"https:\/\/longchangchemical.com\/tr\/wp-json\/wp\/v2\/types\/product"}],"replies":[{"embeddable":true,"href":"https:\/\/longchangchemical.com\/tr\/wp-json\/wp\/v2\/comments?post=7340"}],"wp:featuredmedia":[{"embeddable":true,"href":"https:\/\/longchangchemical.com\/tr\/wp-json\/wp\/v2\/media\/7350"}],"wp:attachment":[{"href":"https:\/\/longchangchemical.com\/tr\/wp-json\/wp\/v2\/media?parent=7340"}],"wp:term":[{"taxonomy":"product_brand","embeddable":true,"href":"https:\/\/longchangchemical.com\/tr\/wp-json\/wp\/v2\/product_brand?post=7340"},{"taxonomy":"product_cat","embeddable":true,"href":"https:\/\/longchangchemical.com\/tr\/wp-json\/wp\/v2\/product_cat?post=7340"},{"taxonomy":"product_tag","embeddable":true,"href":"https:\/\/longchangchemical.com\/tr\/wp-json\/wp\/v2\/product_tag?post=7340"}],"curies":[{"name":"wp","href":"https:\/\/api.w.org\/{rel}","templated":true}]}}