{"id":7287,"date":"2024-09-03T06:45:34","date_gmt":"2024-09-03T06:45:34","guid":{"rendered":"https:\/\/longchangchemical.com\/?post_type=product&#038;p=7287"},"modified":"2025-12-16T08:32:18","modified_gmt":"2025-12-16T08:32:18","slug":"beta-amylase-cas-9000-91-3","status":"publish","type":"product","link":"https:\/\/longchangchemical.com\/tr\/product\/beta-amylase-cas-9000-91-3\/","title":{"rendered":"Longzyme\u00ae \u03b2-Amilaz CAS 9000-91-3"},"content":{"rendered":"<h1><strong>Longzyme\u00ae \u03b2-Amilaz CAS 9000-91-3<\/strong><\/h1>\n<p>&nbsp;<\/p>\n<p>Prensip<\/p>\n<p>\u03b2-Amilaz, s\u0131v\u0131la\u015ft\u0131r\u0131lm\u0131\u015f ni\u015fastan\u0131n indirgeyici olmayan ucundan ba\u015flayan ve maltoz birimlerine g\u00f6re s\u0131rayla hidrolize eden bir ekson\u00fckleazd\u0131r, Walden transpozisyon reaksiyonu meydana gelir, b\u00f6ylece \u00fcr\u00fcn \u03b1-tipinden B-tipi maltoza d\u00f6n\u00fc\u015f\u00fcr. Ni\u015fastan\u0131n dal\u0131ndaki a-1,6-glikozidik ba\u011f\u0131 hidrolize edemez ve ni\u015fastan\u0131n ayr\u0131\u015fmas\u0131 1,6 ba\u011f\u0131ndan \u00f6nceki 2~3 glikoz kal\u0131nt\u0131s\u0131nda durur, bu nedenle \u00fcretilen maltoz temelde glikoz i\u00e7ermez.<\/p>\n<p>\u00dcr\u00fcn \u00d6zellikleri<br \/>\n1\u3001S\u0131cakl\u0131k aral\u0131\u011f\u0131: 65\u00b0C'nin alt\u0131nda kararl\u0131d\u0131r, en uygun s\u0131cakl\u0131k 55\u00b0C-60\u00b0C aras\u0131ndad\u0131r.<br \/>\n2, PH de\u011fer aral\u0131\u011f\u0131: etkili pH aral\u0131\u011f\u0131 3.0-6.5, optimum PH de\u011fer aral\u0131\u011f\u0131 5.0-5.6.<br \/>\n3\u3001Yayg\u0131n metal iyonlar\u0131n\u0131n enzim aktivitesi \u00fczerindeki etkileri: d\u00fc\u015f\u00fck CaMg konsantrasyonunun aktive edici etkisi vard\u0131r, Hg, Fe ve oksitleyici ajanlar\u0131n enzim aktivitesi \u00fczerinde inhibe edici etkisi vard\u0131r.<\/p>\n<p>\u00dcr\u00fcn \u00f6zellikleri<\/p>\n<p>1, \u00dcr\u00fcn \u00f6zellikleri: kahverengi s\u0131v\u0131, enzim aktivitesi 700000u \/ mL.<br \/>\nS\u0131v\u0131 enzim pH (25\u2103\u2103): 4.0-6.0, kapasite: \u22641.25g\/mL.<br \/>\n2\u3001Enzim aktivitesinin tan\u0131m\u0131: 1 mL enzim s\u0131v\u0131s\u0131 (veya 19 enzim tozu)<br \/>\npH5.5 ve 60\u2103 ko\u015fullar\u0131nda, saatte 1.10% ni\u015fastan\u0131n hidrolize edilmesiyle olu\u015fan maltoz mg say\u0131s\u0131, u\/mL (u\/g) ile ifade edilen bir enzim aktivite birimidir.<br \/>\n3\u3001\u00dcr\u00fcn standard\u0131: LDZJ03.04-2010 standard\u0131m\u0131z\u0131 uygulay\u0131n.<\/p>\n<p>Uygulama y\u00f6ntemi<\/p>\n<p>En iyi sakarifikasyon ko\u015fullar\u0131 sakarifikasyon s\u00fcresi, pH, s\u0131cakl\u0131k, substrat konsantrasyonu ve enzim dozaj\u0131na ba\u011fl\u0131d\u0131r. Her uygulama \u00fcreticisi kendi ko\u015fullar\u0131na g\u00f6re en uygun proses ko\u015fullar\u0131na karar vermelidir ve \u00f6nerilen genel y\u00f6ntemler a\u015fa\u011f\u0131daki gibidir.<br \/>\n1, maltoz \u015furubunda (\u015furup), bira yap\u0131m\u0131nda, 0,1-0,3L\/t kuru substrat i\u00e7in optimum ko\u015fullar ilk 12-30 saat, ikinci sakarifikasyon 0,5-1 saat.<br \/>\n2, y\u00fcksek maltoz \u015furubu (&gt;70%): Pullulanaz sakkarifikasyonu ile sinerjize edilmesi gerekir. \u00d6nerilen kullan\u0131m: B-amilaz 0.5-1.0L\/t kilobaz, Pullulanaz 0.5-1.0L\/t kilobaz.<br \/>\n0.5-1.0L\/t kuru baz (enzim aktivitesi 1k \u00fcnite olarak say\u0131l\u0131r), 24 saat boyunca sakarifikasyon.<br \/>\n3\u3001Ultra y\u00fcksek maltoz \u015furubu (&gt;90%): Pullulanaz ve maltotrioz enzimi ile sinerjize edilmesi gerekir. \u00d6nerilen kullan\u0131m \u015fekli: \u03b2-amilaz 1,5-2,0L\/t kuru baz, Pullulanaz 1,5-2,8L\/t kilobaz (1.000 \u00fcnite enzim aktivitesi), 24 saat boyunca sakarifikasyon, 1,5-2,0L\/t kilobaz maltotrioz enzimi ekleyin ve 24 saat boyunca sakarifikasyona devam edin.<br \/>\nPaketleme ve depolama<br \/>\nS\u0131v\u0131 plastik bidon, 28kg\/tambur i\u00e7inde paketlenmi\u015ftir. Bu \u00fcr\u00fcn biyolojik olarak aktif bir maddedir, g\u00fc\u00e7l\u00fc \u0131\u015f\u0131k, y\u00fcksek s\u0131cakl\u0131k, g\u00fc\u00e7l\u00fc asit, g\u00fc\u00e7l\u00fc alkali enzim inaktivasyonuna neden olur, do\u011frudan g\u00fcne\u015f \u0131\u015f\u0131\u011f\u0131ndan korunmal\u0131d\u0131r, d\u00fc\u015f\u00fck s\u0131cakl\u0131kta kuru bir yere yerle\u015ftirilmelidir.<\/p>\n<h2><strong><b>\u015eimdi Bize Ula\u015f\u0131n!<\/b><\/strong><\/h2>\n<h4><strong><b>Fiyata ihtiyac\u0131n\u0131z varsa, l\u00fctfen a\u015fa\u011f\u0131daki forma ileti\u015fim bilgilerinizi doldurun, genellikle 24 saat i\u00e7inde sizinle ileti\u015fime ge\u00e7ece\u011fiz. Bana e-posta da g\u00f6nderebilirsiniz\u00a0<span style=\"color: #00ccff;\"><a style=\"color: #00ccff;\" href=\"mailto:info@longchangchemical.com\">info@longchangchemical.com<\/a><\/span>\u00a0\u00c7al\u0131\u015fma saatleri i\u00e7inde (8:30 - 6:00 UTC+8 Pzt.~Sat.) veya h\u0131zl\u0131 yan\u0131t almak i\u00e7in web sitesi canl\u0131 sohbetini kullan\u0131n.<\/b><\/strong><\/h4>\n<table style=\"border-collapse: collapse; width: 326.27pt;\" border=\"0\" width=\"435\" cellspacing=\"0\" cellpadding=\"0\">\n<tbody>\n<tr style=\"height: 13.50pt;\">\n<td class=\"et2\" style=\"height: 13.50pt; width: 164.25pt;\" width=\"219\" height=\"18\"><a href=\"https:\/\/longchangchemical.com\/tr\/product\/compound-glucoamylase-cas-9032-08-0\/\"><span style=\"color: #00ccff;\">Bile\u015fik Glukoamilaz<\/span><\/a><\/td>\n<td class=\"et2\" style=\"width: 162.00pt;\" width=\"216\">9032-08-0<\/td>\n<\/tr>\n<tr style=\"height: 13.50pt;\">\n<td class=\"et2\" style=\"height: 13.50pt;\" height=\"18\"><a href=\"https:\/\/longchangchemical.com\/tr\/product\/pullulanase-cas-9075-68-7\/\"><span style=\"color: #00ccff;\">Pullulanase<\/span><\/a><\/td>\n<td class=\"et2\">9075-68-7<\/td>\n<\/tr>\n<tr style=\"height: 13.50pt;\">\n<td class=\"et2\" style=\"height: 13.50pt;\" height=\"18\"><a href=\"https:\/\/longchangchemical.com\/tr\/product\/xylanase-cas-37278-89-0\/\"><span style=\"color: #00ccff;\">Ksilanaz<\/span><\/a><\/td>\n<td class=\"et2\">37278-89-0<\/td>\n<\/tr>\n<tr style=\"height: 13.50pt;\">\n<td class=\"et2\" style=\"height: 13.50pt;\" height=\"18\"><a href=\"https:\/\/longchangchemical.com\/tr\/product\/cellulase-cas-9012-54-8\/\"><span style=\"color: #00ccff;\">Sel\u00fclaz<\/span><\/a><\/td>\n<td class=\"et2\">9012-54-8<\/td>\n<\/tr>\n<tr style=\"height: 13.50pt;\">\n<td class=\"et2\" style=\"height: 13.50pt;\" height=\"18\"><a href=\"https:\/\/longchangchemical.com\/tr\/product\/naringinase-cas-9068-31-9\/\"><span style=\"color: #00ccff;\">Naringinaz<\/span><\/a><\/td>\n<td class=\"et2\">9068-31-9<\/td>\n<\/tr>\n<tr style=\"height: 13.50pt;\">\n<td class=\"et2\" style=\"height: 13.50pt;\" height=\"18\"><a href=\"https:\/\/longchangchemical.com\/tr\/product\/beta-amylase-cas-9000-91-3\/\"><span style=\"color: #00ccff;\">\u03b2-Amilaz<\/span><\/a><\/td>\n<td class=\"et2\">9000-91-3<\/td>\n<\/tr>\n<tr style=\"height: 13.50pt;\">\n<td class=\"et2\" style=\"height: 13.50pt;\" height=\"18\"><a href=\"https:\/\/longchangchemical.com\/tr\/product\/glucose-oxidase-cas-9001-37-0\/\"><span style=\"color: #00ccff;\">Glikoz oksidaz<\/span><\/a><\/td>\n<td class=\"et2\">9001-37-0<\/td>\n<\/tr>\n<tr style=\"height: 13.50pt;\">\n<td class=\"et2\" style=\"height: 13.50pt;\" height=\"18\">Alfa-Amilaz<\/td>\n<td class=\"et2\">9000-90-2<\/td>\n<\/tr>\n<tr style=\"height: 13.50pt;\">\n<td class=\"et2\" style=\"height: 13.50pt;\" height=\"18\"><a href=\"https:\/\/longchangchemical.com\/tr\/product\/longzyme-acid-pectinase-cas-9032-75-1\/\"><span style=\"color: #00ccff;\">Pektinaz<\/span><\/a><\/td>\n<td class=\"et2\">9032-75-1<\/td>\n<\/tr>\n<tr style=\"height: 13.50pt;\">\n<td class=\"et2\" style=\"height: 13.50pt;\" height=\"18\">Peroksidaz<\/td>\n<td class=\"et2\">9003-99-0<\/td>\n<\/tr>\n<tr style=\"height: 13.50pt;\">\n<td class=\"et2\" style=\"height: 13.50pt;\" height=\"18\"><a href=\"https:\/\/longchangchemical.com\/tr\/product\/lipase-cas-9001-62-1\/\"><span style=\"color: #00ccff;\">Lipaz<\/span><\/a><\/td>\n<td class=\"et2\">9001-62-1<\/td>\n<\/tr>\n<tr style=\"height: 13.50pt;\">\n<td class=\"et2\" style=\"height: 13.50pt;\" height=\"18\"><a href=\"https:\/\/longchangchemical.com\/tr\/product\/catalase-cas-9001-05-2\/\"><span style=\"color: #00ccff;\">Katalaz<\/span><\/a><\/td>\n<td class=\"et4\">9001-05-2<\/td>\n<\/tr>\n<tr style=\"height: 13.50pt;\">\n<td class=\"et2\" style=\"height: 13.50pt;\" height=\"18\"><a href=\"https:\/\/longchangchemical.com\/tr\/product\/tannase-cas-9025-71-2\/\"><span style=\"color: #00ccff;\">TANNASE<\/span><\/a><\/td>\n<td class=\"et2\">9025-71-2<\/td>\n<\/tr>\n<tr style=\"height: 13.50pt;\">\n<td class=\"et2\" style=\"height: 13.50pt;\" height=\"18\"><a href=\"https:\/\/longchangchemical.com\/tr\/product\/elastase-cas-39445-21-1\/\"><span style=\"color: #00ccff;\">Elastaz<\/span><\/a><\/td>\n<td class=\"et2\">39445-21-1<\/td>\n<\/tr>\n<tr style=\"height: 13.50pt;\">\n<td class=\"et2\" style=\"height: 13.50pt;\" height=\"18\"><a href=\"https:\/\/longchangchemical.com\/tr\/product\/urease-cas-9002-13-5\/\"><span style=\"color: #00ccff;\">Urease<\/span><\/a><\/td>\n<td class=\"et2\">9002-13-5<\/td>\n<\/tr>\n<tr style=\"height: 13.50pt;\">\n<td class=\"et2\" style=\"height: 13.50pt;\" height=\"18\"><a href=\"https:\/\/longchangchemical.com\/tr\/product\/dextranase-cas-9025-70-1\/\"><span style=\"color: #00ccff;\">DEXTRANASE<\/span><\/a><\/td>\n<td class=\"et2\">9025-70-1<\/td>\n<\/tr>\n<tr style=\"height: 13.50pt;\">\n<td class=\"et2\" style=\"height: 13.5pt; text-align: left;\" height=\"18\"><a href=\"https:\/\/longchangchemical.com\/tr\/product\/l-lactic-dehydrogenase-cas-9001-60-9\/\"><span style=\"color: #00ccff;\">L-Laktik dehidrojenaz<\/span><\/a><\/td>\n<td class=\"et2\">9001-60-9<\/td>\n<\/tr>\n<tr style=\"height: 13.50pt;\">\n<td class=\"et2\" style=\"height: 13.50pt;\" height=\"18\"><a href=\"https:\/\/longchangchemical.com\/tr\/product\/dehydrogenase-malate-cas-9001-64-3\/\"><span style=\"color: #00ccff;\">Dehidrojenaz malat<\/span><\/a><\/td>\n<td class=\"et2\">9001-64-3<\/td>\n<\/tr>\n<tr style=\"height: 13.50pt;\">\n<td class=\"et2\" style=\"height: 13.50pt;\" height=\"18\"><a href=\"https:\/\/longchangchemical.com\/tr\/product\/cholesterol-oxidase-cas-9028-76-6\/\"><span style=\"color: #00ccff;\">Kolesterol oksidaz<\/span><\/a><\/td>\n<td class=\"et2\">9028-76-6<\/td>\n<\/tr>\n<\/tbody>\n<\/table>","protected":false},"excerpt":{"rendered":"<p>\u03b2-Amilaz, bir dizi bilimsel y\u00f6ntemle bitkilerden ekstrakte edilen ve rafine edilen bir t\u00fcr y\u00fcksek verimli enzim preparat\u0131d\u0131r. Bu \u00fcr\u00fcn saf bir enzim sistemine, y\u00fcksek canl\u0131l\u0131\u011fa, iyi \u0131s\u0131 direncine sahiptir ve kendine \u00f6zg\u00fc bir kokusu yoktur. Bira, sirke yap\u0131m\u0131, y\u00fcksek maltoz \u015furubu, kristalize maltitol ve \u00fcr\u00fcn veya ara \u00fcr\u00fcn olarak maltoz i\u00e7eren di\u011fer \u015feker yap\u0131m\u0131nda yayg\u0131n olarak kullan\u0131l\u0131r.<\/p>\n<p>\u03b2-Amilaz, g\u0131da end\u00fcstrisinde maltoz \u015furubu, bira, ekmek ve benzerlerinin \u00fcretiminde sakarize edici bir ajan olarak kullan\u0131l\u0131r. \u0130la\u00e7 end\u00fcstrisinde \u03b2-amilaz\u0131n \u00f6nemli bir kullan\u0131m\u0131 maltoz \u00fcretimidir, maltozun emilimi ins\u00fcline ba\u011fl\u0131 de\u011fildir, bu nedenle diyabetik hastalar bile \u00f6l\u00e7\u00fcl\u00fc olarak t\u00fcketilebilir. T\u0131pta \u03b2-amilaz, \u03b1-amilaz ile birlikte bir sindirim yard\u0131mc\u0131s\u0131 olarak kullan\u0131labilir.<\/p>\n<div class=\"chemical-th fw-500\">HS: 35079090<\/div>","protected":false},"featured_media":7371,"comment_status":"closed","ping_status":"closed","template":"","meta":[],"product_brand":[],"product_cat":[172],"product_tag":[],"class_list":{"0":"post-7287","1":"product","2":"type-product","3":"status-publish","4":"has-post-thumbnail","6":"product_cat-longzyme-enzyme","8":"first","9":"instock","10":"shipping-taxable","11":"product-type-simple"},"yoast_head":"<!-- This site is optimized with the Yoast SEO plugin v25.3.1 - https:\/\/yoast.com\/wordpress\/plugins\/seo\/ -->\n<title>China Longzyme\u00ae \u03b2-Amylase CAS 9000-91-3 Manufacturer - Longchang Chemical<\/title>\n<meta name=\"description\" content=\"Longzyme\u00ae \u03b2-Amylase CAS 9000-91-3 is a key product of Longchang Chemical. We provide the best price. We are the leading manufacturer in China with the best quality and competitive price. Ohther Name: beta-Amylase\" \/>\n<meta name=\"robots\" content=\"index, follow, max-snippet:-1, max-image-preview:large, max-video-preview:-1\" \/>\n<link rel=\"canonical\" href=\"https:\/\/longchangchemical.com\/tr\/product\/beta-amylase-cas-9000-91-3\/\" \/>\n<meta property=\"og:locale\" content=\"tr_TR\" \/>\n<meta property=\"og:type\" content=\"article\" \/>\n<meta property=\"og:title\" content=\"China Longzyme\u00ae \u03b2-Amylase CAS 9000-91-3 Manufacturer - Longchang Chemical\" \/>\n<meta property=\"og:description\" content=\"Longzyme\u00ae \u03b2-Amylase CAS 9000-91-3 is a key product of Longchang Chemical. We provide the best price. We are the leading manufacturer in China with the best quality and competitive price. Ohther Name: beta-Amylase\" \/>\n<meta property=\"og:url\" content=\"https:\/\/longchangchemical.com\/tr\/product\/beta-amylase-cas-9000-91-3\/\" \/>\n<meta property=\"og:site_name\" content=\"Longchang Chemical\" \/>\n<meta property=\"article:modified_time\" content=\"2025-12-16T08:32:18+00:00\" \/>\n<meta property=\"og:image\" content=\"https:\/\/longchangchemical.com\/wp-content\/uploads\/2024\/09\/beta-amylase-cas-9000-91-3.jpg\" \/>\n\t<meta property=\"og:image:width\" content=\"400\" \/>\n\t<meta property=\"og:image:height\" content=\"400\" \/>\n\t<meta property=\"og:image:type\" content=\"image\/jpeg\" \/>\n<meta name=\"twitter:card\" content=\"summary_large_image\" \/>\n<script type=\"application\/ld+json\" class=\"yoast-schema-graph\">{\"@context\":\"https:\/\/schema.org\",\"@graph\":[{\"@type\":\"WebPage\",\"@id\":\"https:\/\/longchangchemical.com\/product\/beta-amylase-cas-9000-91-3\/\",\"url\":\"https:\/\/longchangchemical.com\/product\/beta-amylase-cas-9000-91-3\/\",\"name\":\"China Longzyme\u00ae \u03b2-Amylase CAS 9000-91-3 Manufacturer - Longchang Chemical\",\"isPartOf\":{\"@id\":\"https:\/\/longchangchemical.com\/#website\"},\"primaryImageOfPage\":{\"@id\":\"https:\/\/longchangchemical.com\/product\/beta-amylase-cas-9000-91-3\/#primaryimage\"},\"image\":{\"@id\":\"https:\/\/longchangchemical.com\/product\/beta-amylase-cas-9000-91-3\/#primaryimage\"},\"thumbnailUrl\":\"https:\/\/longchangchemical.com\/wp-content\/uploads\/2024\/09\/beta-amylase-cas-9000-91-3.jpg\",\"datePublished\":\"2024-09-03T06:45:34+00:00\",\"dateModified\":\"2025-12-16T08:32:18+00:00\",\"description\":\"Longzyme\u00ae \u03b2-Amylase CAS 9000-91-3 is a key product of Longchang Chemical. We provide the best price. We are the leading manufacturer in China with the best quality and competitive price. Ohther Name: beta-Amylase\",\"breadcrumb\":{\"@id\":\"https:\/\/longchangchemical.com\/product\/beta-amylase-cas-9000-91-3\/#breadcrumb\"},\"inLanguage\":\"tr\",\"potentialAction\":[{\"@type\":\"ReadAction\",\"target\":[\"https:\/\/longchangchemical.com\/product\/beta-amylase-cas-9000-91-3\/\"]}]},{\"@type\":\"ImageObject\",\"inLanguage\":\"tr\",\"@id\":\"https:\/\/longchangchemical.com\/product\/beta-amylase-cas-9000-91-3\/#primaryimage\",\"url\":\"https:\/\/longchangchemical.com\/wp-content\/uploads\/2024\/09\/beta-amylase-cas-9000-91-3.jpg\",\"contentUrl\":\"https:\/\/longchangchemical.com\/wp-content\/uploads\/2024\/09\/beta-amylase-cas-9000-91-3.jpg\",\"width\":400,\"height\":400,\"caption\":\"beta-amylase-cas-9000-91-3\"},{\"@type\":\"BreadcrumbList\",\"@id\":\"https:\/\/longchangchemical.com\/product\/beta-amylase-cas-9000-91-3\/#breadcrumb\",\"itemListElement\":[{\"@type\":\"ListItem\",\"position\":1,\"name\":\"Home\",\"item\":\"https:\/\/longchangchemical.com\/\"},{\"@type\":\"ListItem\",\"position\":2,\"name\":\"Products Longchang\",\"item\":\"https:\/\/longchangchemical.com\/product\/\"},{\"@type\":\"ListItem\",\"position\":3,\"name\":\"Longzyme\u00ae \u03b2-Amylase CAS 9000-91-3\"}]},{\"@type\":\"WebSite\",\"@id\":\"https:\/\/longchangchemical.com\/#website\",\"url\":\"https:\/\/longchangchemical.com\/\",\"name\":\"Longchang Chemical\",\"description\":\"China chemical manufacturer \uff06 supplier\",\"publisher\":{\"@id\":\"https:\/\/longchangchemical.com\/#organization\"},\"potentialAction\":[{\"@type\":\"SearchAction\",\"target\":{\"@type\":\"EntryPoint\",\"urlTemplate\":\"https:\/\/longchangchemical.com\/?s={search_term_string}\"},\"query-input\":{\"@type\":\"PropertyValueSpecification\",\"valueRequired\":true,\"valueName\":\"search_term_string\"}}],\"inLanguage\":\"tr\"},{\"@type\":\"Organization\",\"@id\":\"https:\/\/longchangchemical.com\/#organization\",\"name\":\"Longchang Chemical\",\"url\":\"https:\/\/longchangchemical.com\/\",\"logo\":{\"@type\":\"ImageObject\",\"inLanguage\":\"tr\",\"@id\":\"https:\/\/longchangchemical.com\/#\/schema\/logo\/image\/\",\"url\":\"https:\/\/longchangchemical.com\/wp-content\/uploads\/2020\/08\/cropped-longchang-logo.png\",\"contentUrl\":\"https:\/\/longchangchemical.com\/wp-content\/uploads\/2020\/08\/cropped-longchang-logo.png\",\"width\":512,\"height\":512,\"caption\":\"Longchang Chemical\"},\"image\":{\"@id\":\"https:\/\/longchangchemical.com\/#\/schema\/logo\/image\/\"}}]}<\/script>\n<!-- \/ Yoast SEO plugin. -->","yoast_head_json":{"title":"\u00c7in Longzyme\u00ae \u03b2-Amilaz CAS 9000-91-3 \u00dcretici - Longchang Chemical","description":"Longzyme\u00ae \u03b2-Amilaz CAS 9000-91-3, Longchang Chemical'\u0131n \u00f6nemli bir \u00fcr\u00fcn\u00fcd\u00fcr. En iyi fiyat\u0131 sa\u011fl\u0131yoruz. En iyi kalite ve rekabet\u00e7i fiyat ile \u00c7in'in \u00f6nde gelen \u00fcreticisiyiz. Di\u011fer Ad\u0131: beta-Amilaz","robots":{"index":"index","follow":"follow","max-snippet":"max-snippet:-1","max-image-preview":"max-image-preview:large","max-video-preview":"max-video-preview:-1"},"canonical":"https:\/\/longchangchemical.com\/tr\/product\/beta-amylase-cas-9000-91-3\/","og_locale":"tr_TR","og_type":"article","og_title":"China Longzyme\u00ae \u03b2-Amylase CAS 9000-91-3 Manufacturer - Longchang Chemical","og_description":"Longzyme\u00ae \u03b2-Amylase CAS 9000-91-3 is a key product of Longchang Chemical. We provide the best price. We are the leading manufacturer in China with the best quality and competitive price. Ohther Name: beta-Amylase","og_url":"https:\/\/longchangchemical.com\/tr\/product\/beta-amylase-cas-9000-91-3\/","og_site_name":"Longchang Chemical","article_modified_time":"2025-12-16T08:32:18+00:00","og_image":[{"width":400,"height":400,"url":"https:\/\/longchangchemical.com\/wp-content\/uploads\/2024\/09\/beta-amylase-cas-9000-91-3.jpg","type":"image\/jpeg"}],"twitter_card":"summary_large_image","schema":{"@context":"https:\/\/schema.org","@graph":[{"@type":"WebPage","@id":"https:\/\/longchangchemical.com\/product\/beta-amylase-cas-9000-91-3\/","url":"https:\/\/longchangchemical.com\/product\/beta-amylase-cas-9000-91-3\/","name":"\u00c7in Longzyme\u00ae \u03b2-Amilaz CAS 9000-91-3 \u00dcretici - Longchang Chemical","isPartOf":{"@id":"https:\/\/longchangchemical.com\/#website"},"primaryImageOfPage":{"@id":"https:\/\/longchangchemical.com\/product\/beta-amylase-cas-9000-91-3\/#primaryimage"},"image":{"@id":"https:\/\/longchangchemical.com\/product\/beta-amylase-cas-9000-91-3\/#primaryimage"},"thumbnailUrl":"https:\/\/longchangchemical.com\/wp-content\/uploads\/2024\/09\/beta-amylase-cas-9000-91-3.jpg","datePublished":"2024-09-03T06:45:34+00:00","dateModified":"2025-12-16T08:32:18+00:00","description":"Longzyme\u00ae \u03b2-Amilaz CAS 9000-91-3, Longchang Chemical'\u0131n \u00f6nemli bir \u00fcr\u00fcn\u00fcd\u00fcr. En iyi fiyat\u0131 sa\u011fl\u0131yoruz. En iyi kalite ve rekabet\u00e7i fiyat ile \u00c7in'in \u00f6nde gelen \u00fcreticisiyiz. Di\u011fer Ad\u0131: beta-Amilaz","breadcrumb":{"@id":"https:\/\/longchangchemical.com\/product\/beta-amylase-cas-9000-91-3\/#breadcrumb"},"inLanguage":"tr","potentialAction":[{"@type":"ReadAction","target":["https:\/\/longchangchemical.com\/product\/beta-amylase-cas-9000-91-3\/"]}]},{"@type":"ImageObject","inLanguage":"tr","@id":"https:\/\/longchangchemical.com\/product\/beta-amylase-cas-9000-91-3\/#primaryimage","url":"https:\/\/longchangchemical.com\/wp-content\/uploads\/2024\/09\/beta-amylase-cas-9000-91-3.jpg","contentUrl":"https:\/\/longchangchemical.com\/wp-content\/uploads\/2024\/09\/beta-amylase-cas-9000-91-3.jpg","width":400,"height":400,"caption":"beta-amylase-cas-9000-91-3"},{"@type":"BreadcrumbList","@id":"https:\/\/longchangchemical.com\/product\/beta-amylase-cas-9000-91-3\/#breadcrumb","itemListElement":[{"@type":"ListItem","position":1,"name":"Home","item":"https:\/\/longchangchemical.com\/"},{"@type":"ListItem","position":2,"name":"Products Longchang","item":"https:\/\/longchangchemical.com\/product\/"},{"@type":"ListItem","position":3,"name":"Longzyme\u00ae \u03b2-Amylase CAS 9000-91-3"}]},{"@type":"WebSite","@id":"https:\/\/longchangchemical.com\/#website","url":"https:\/\/longchangchemical.com\/","name":"Longchang Kimya","description":"\u00c7in kimyasal \u00fcreticisi \uff06 tedarik\u00e7isi","publisher":{"@id":"https:\/\/longchangchemical.com\/#organization"},"potentialAction":[{"@type":"SearchAction","target":{"@type":"EntryPoint","urlTemplate":"https:\/\/longchangchemical.com\/?s={search_term_string}"},"query-input":{"@type":"PropertyValueSpecification","valueRequired":true,"valueName":"search_term_string"}}],"inLanguage":"tr"},{"@type":"Organization","@id":"https:\/\/longchangchemical.com\/#organization","name":"Longchang Kimya","url":"https:\/\/longchangchemical.com\/","logo":{"@type":"ImageObject","inLanguage":"tr","@id":"https:\/\/longchangchemical.com\/#\/schema\/logo\/image\/","url":"https:\/\/longchangchemical.com\/wp-content\/uploads\/2020\/08\/cropped-longchang-logo.png","contentUrl":"https:\/\/longchangchemical.com\/wp-content\/uploads\/2020\/08\/cropped-longchang-logo.png","width":512,"height":512,"caption":"Longchang Chemical"},"image":{"@id":"https:\/\/longchangchemical.com\/#\/schema\/logo\/image\/"}}]}},"_links":{"self":[{"href":"https:\/\/longchangchemical.com\/tr\/wp-json\/wp\/v2\/product\/7287","targetHints":{"allow":["GET"]}}],"collection":[{"href":"https:\/\/longchangchemical.com\/tr\/wp-json\/wp\/v2\/product"}],"about":[{"href":"https:\/\/longchangchemical.com\/tr\/wp-json\/wp\/v2\/types\/product"}],"replies":[{"embeddable":true,"href":"https:\/\/longchangchemical.com\/tr\/wp-json\/wp\/v2\/comments?post=7287"}],"wp:featuredmedia":[{"embeddable":true,"href":"https:\/\/longchangchemical.com\/tr\/wp-json\/wp\/v2\/media\/7371"}],"wp:attachment":[{"href":"https:\/\/longchangchemical.com\/tr\/wp-json\/wp\/v2\/media?parent=7287"}],"wp:term":[{"taxonomy":"product_brand","embeddable":true,"href":"https:\/\/longchangchemical.com\/tr\/wp-json\/wp\/v2\/product_brand?post=7287"},{"taxonomy":"product_cat","embeddable":true,"href":"https:\/\/longchangchemical.com\/tr\/wp-json\/wp\/v2\/product_cat?post=7287"},{"taxonomy":"product_tag","embeddable":true,"href":"https:\/\/longchangchemical.com\/tr\/wp-json\/wp\/v2\/product_tag?post=7287"}],"curies":[{"name":"wp","href":"https:\/\/api.w.org\/{rel}","templated":true}]}}