{"id":7000,"date":"2024-06-13T02:33:33","date_gmt":"2024-06-13T02:33:33","guid":{"rendered":"https:\/\/longchangchemical.com\/?post_type=product&#038;p=7000"},"modified":"2025-04-01T07:06:52","modified_gmt":"2025-04-01T07:06:52","slug":"df-d952r","status":"publish","type":"product","link":"https:\/\/longchangchemical.com\/tr\/product\/df-d952r\/","title":{"rendered":"CHLUMICRYL\u00ae DF-D952R \/ k\u00f6p\u00fck kesici"},"content":{"rendered":"<h1>K\u00f6p\u00fck kesici-Akrilat kopolimer \u00e7\u00f6zeltisi<\/h1>\n<p><strong><b>\u00dcr\u00fcn Ad\u0131:\u00a0<\/b><\/strong><strong><b>\u00a0\u00a0<\/b><\/strong> DF-D952R<\/p>\n<p><strong>\u015eartname<\/strong><\/p>\n<table width=\"594\" cellspacing=\"0\" cellpadding=\"0\">\n<tbody>\n<tr>\n<td>Kompozisyon<\/td>\n<td>Akrilat kopolimer \u00e7\u00f6zeltisi<\/td>\n<\/tr>\n<tr>\n<td>G\u00f6r\u00fcn\u00fc\u015f<\/td>\n<td>Hafif sar\u0131ms\u0131 berrak s\u0131v\u0131<\/td>\n<\/tr>\n<tr>\n<td>Solvent<\/td>\n<td>Diizob\u00fctil adipat<\/td>\n<\/tr>\n<tr>\n<td>Aktif madde<\/td>\n<td>40%<\/td>\n<\/tr>\n<tr>\n<td>Yo\u011funluk<\/td>\n<td>0,92-0,96 g\/ml (25\u00b11)\u2103<\/td>\n<\/tr>\n<tr>\n<td>Viskozite<\/td>\n<td>20-40s(Tu-4 viscometer)(25\u00b10.2)\u2103<\/td>\n<\/tr>\n<tr>\n<td>Parlama noktas\u0131<\/td>\n<td>\uff1e100\u2103<\/td>\n<\/tr>\n<\/tbody>\n<\/table>\n<p>Not: Bu veri sayfas\u0131 standart de\u011fil tipik sonu\u00e7lar vermek \u00fczere haz\u0131rlanm\u0131\u015ft\u0131r ve COA'ya tabidir.<\/p>\n<p><strong>Uygulama sistemi<\/strong><\/p>\n<p>Solvent bazl\u0131 kaplama\/boya M\u00fcrekkep<\/p>\n<p><strong>M\u00fclkler<\/strong><\/p>\n<p>Yan etki olmaks\u0131z\u0131n m\u00fckemmel k\u00f6p\u00fck \u00f6nleme ve hava alma \u00f6zelli\u011fi.<\/p>\n<p>Vernik hari\u00e7 akrilik, polyester, epoksi, alkid ve di\u011fer sistemlerde kullan\u0131labilir.<\/p>\n<p>TATA DGR'ye tabi de\u011fildir<\/p>\n<p><strong>\u015eirketle\u015fme<\/strong><\/p>\n<p>Sistemin k\u00f6p\u00fck \u00f6nleme, hava alma ve k\u00f6p\u00fck giderme h\u0131z\u0131n\u0131 art\u0131rmak i\u00e7in de\u011firmen baz\u0131na eklenmelidir.<\/p>\n<p><strong>Ekleme \u00f6nerisi<\/strong><\/p>\n<p>Toplam form\u00fclasyona ekleme 0,15-0,8%<\/p>\n<p><strong><b>Paket<\/b><\/strong><strong><b>:<\/b><\/strong><\/p>\n<p>25KG \/ 180KG Tambur<\/p>\n<p><strong><b>Depolama:<\/b><\/strong><\/p>\n<p>Kuru, temiz ve iyi havaland\u0131r\u0131lan bir depoda muhafaza edilecektir.<\/p>\n<p>I\u015f\u0131\u011fa ve \u0131s\u0131ya maruz b\u0131rakmaktan ka\u00e7\u0131n\u0131n.<\/p>\n<p>\u00dcr\u00fcn\u00fc nakliye s\u0131ras\u0131nda s\u0131z\u0131nt\u0131, ya\u011fmur ve g\u00fcne\u015ften korumak.<\/p>\n<p>Orijinal ambalaj\u0131nda 24 ay bozulmadan saklay\u0131n\u0131z. Saklama s\u00fcresini a\u015fan \u00fcr\u00fcnler kontrol edildikten sonra kullan\u0131lmaya devam edilebilir. Kap kullan\u0131mdan hemen sonra kapat\u0131lmal\u0131d\u0131r.<\/p>\n<h2><strong><b>\u015eimdi Bize Ula\u015f\u0131n!<\/b><\/strong><\/h2>\n<h4><strong><b>Fiyata ihtiyac\u0131n\u0131z varsa, l\u00fctfen a\u015fa\u011f\u0131daki forma ileti\u015fim bilgilerinizi doldurun, genellikle 24 saat i\u00e7inde sizinle ileti\u015fime ge\u00e7ece\u011fiz. Bana e-posta da g\u00f6nderebilirsiniz<span style=\"color: #00ccff;\">\u00a0<a style=\"color: #00ccff;\" href=\"mailto:info@longchangchemical.com\">info@longchangchemical.com<\/a>\u00a0<\/span>\u00c7al\u0131\u015fma saatleri i\u00e7inde (8:30 - 6:00 UTC+8 Pzt.~Sat.) veya h\u0131zl\u0131 yan\u0131t almak i\u00e7in web sitesi canl\u0131 sohbetini kullan\u0131n.<\/b><\/strong><\/h4>\n<p>&nbsp;<\/p>","protected":false},"excerpt":{"rendered":"<p>K\u00f6p\u00fck kesici-Akrilat kopolimer \u00e7\u00f6zeltisi \u00e7\u00f6zeltisi \u00dcr\u00fcn Ad\u0131:    DF-D952R Spesifikasyon Bile\u015fim Akrilat kopolimer \u00e7\u00f6zeltisi G\u00f6r\u00fcn\u00fcm Hafif sar\u0131ms\u0131 berrak s\u0131v\u0131 \u00c7\u00f6z\u00fcc\u00fc Diizob\u00fctil adipat Aktif madde 40% Yo\u011funluk 0,92-0,96g\/ml (25\u00b11) \u2103 Viskozite 20-40s (Tu-4 viskozimetre) (25\u00b10,2) \u2103 Parlama noktas\u0131 \uff1e100 \u2103 Not: Bu veri sayfas\u0131 standart de\u011fil tipik sonu\u00e7lar vermek i\u00e7in haz\u0131rlanm\u0131\u015ft\u0131r. Uygulama sistemi Solvent bazl\u0131 kaplama\/boya M\u00fcrekkep \u00d6zellikleri \u25cfM\u00fckemmel k\u00f6p\u00fck \u00f6nleme ve hava alma yetene\u011fi olmadan [...]<\/p>","protected":false},"featured_media":0,"comment_status":"closed","ping_status":"closed","template":"","meta":[],"product_brand":[],"product_cat":[138],"product_tag":[],"class_list":{"0":"post-7000","1":"product","2":"type-product","3":"status-publish","5":"product_cat-coating-and-ink-additives","7":"first","8":"instock","9":"shipping-taxable","10":"product-type-simple"},"yoast_head":"<!-- This site is optimized with the Yoast SEO plugin v25.3.1 - https:\/\/yoast.com\/wordpress\/plugins\/seo\/ -->\n<title>China CHLUMICRYL\u00ae DF-D952R \/ defoamer Manufacturer - Longchang Chemical<\/title>\n<meta name=\"description\" content=\"Polyether siloxane copolymer; Tego Foamex N; Tego Airex 900; Tego Airex 920\" \/>\n<meta name=\"robots\" content=\"index, follow, max-snippet:-1, max-image-preview:large, max-video-preview:-1\" \/>\n<link rel=\"canonical\" href=\"https:\/\/longchangchemical.com\/tr\/product\/df-d952r\/\" \/>\n<meta property=\"og:locale\" content=\"tr_TR\" \/>\n<meta property=\"og:type\" content=\"article\" \/>\n<meta property=\"og:title\" content=\"China CHLUMICRYL\u00ae DF-D952R \/ defoamer Manufacturer - Longchang Chemical\" \/>\n<meta property=\"og:description\" content=\"Polyether siloxane copolymer; Tego Foamex N; Tego Airex 900; Tego Airex 920\" \/>\n<meta property=\"og:url\" content=\"https:\/\/longchangchemical.com\/tr\/product\/df-d952r\/\" \/>\n<meta property=\"og:site_name\" content=\"Longchang Chemical\" \/>\n<meta property=\"article:modified_time\" content=\"2025-04-01T07:06:52+00:00\" \/>\n<meta property=\"og:image\" content=\"https:\/\/longchangchemical.com\/wp-content\/uploads\/2024\/02\/logo-jpeg.jpg\" \/>\n\t<meta property=\"og:image:width\" content=\"1000\" \/>\n\t<meta property=\"og:image:height\" content=\"1000\" \/>\n\t<meta property=\"og:image:type\" content=\"image\/jpeg\" \/>\n<meta name=\"twitter:card\" content=\"summary_large_image\" \/>\n<script type=\"application\/ld+json\" class=\"yoast-schema-graph\">{\"@context\":\"https:\/\/schema.org\",\"@graph\":[{\"@type\":\"WebPage\",\"@id\":\"https:\/\/longchangchemical.com\/product\/df-d952r\/\",\"url\":\"https:\/\/longchangchemical.com\/product\/df-d952r\/\",\"name\":\"China CHLUMICRYL\u00ae DF-D952R \/ defoamer Manufacturer - Longchang Chemical\",\"isPartOf\":{\"@id\":\"https:\/\/longchangchemical.com\/#website\"},\"datePublished\":\"2024-06-13T02:33:33+00:00\",\"dateModified\":\"2025-04-01T07:06:52+00:00\",\"description\":\"Polyether siloxane copolymer; Tego Foamex N; Tego Airex 900; Tego Airex 920\",\"breadcrumb\":{\"@id\":\"https:\/\/longchangchemical.com\/product\/df-d952r\/#breadcrumb\"},\"inLanguage\":\"tr\",\"potentialAction\":[{\"@type\":\"ReadAction\",\"target\":[\"https:\/\/longchangchemical.com\/product\/df-d952r\/\"]}]},{\"@type\":\"BreadcrumbList\",\"@id\":\"https:\/\/longchangchemical.com\/product\/df-d952r\/#breadcrumb\",\"itemListElement\":[{\"@type\":\"ListItem\",\"position\":1,\"name\":\"Home\",\"item\":\"https:\/\/longchangchemical.com\/\"},{\"@type\":\"ListItem\",\"position\":2,\"name\":\"Products Longchang\",\"item\":\"https:\/\/longchangchemical.com\/product\/\"},{\"@type\":\"ListItem\",\"position\":3,\"name\":\"CHLUMICRYL\u00ae DF-D952R \/ defoamer\"}]},{\"@type\":\"WebSite\",\"@id\":\"https:\/\/longchangchemical.com\/#website\",\"url\":\"https:\/\/longchangchemical.com\/\",\"name\":\"Longchang Chemical\",\"description\":\"China chemical manufacturer \uff06 supplier\",\"publisher\":{\"@id\":\"https:\/\/longchangchemical.com\/#organization\"},\"potentialAction\":[{\"@type\":\"SearchAction\",\"target\":{\"@type\":\"EntryPoint\",\"urlTemplate\":\"https:\/\/longchangchemical.com\/?s={search_term_string}\"},\"query-input\":{\"@type\":\"PropertyValueSpecification\",\"valueRequired\":true,\"valueName\":\"search_term_string\"}}],\"inLanguage\":\"tr\"},{\"@type\":\"Organization\",\"@id\":\"https:\/\/longchangchemical.com\/#organization\",\"name\":\"Longchang Chemical\",\"url\":\"https:\/\/longchangchemical.com\/\",\"logo\":{\"@type\":\"ImageObject\",\"inLanguage\":\"tr\",\"@id\":\"https:\/\/longchangchemical.com\/#\/schema\/logo\/image\/\",\"url\":\"https:\/\/longchangchemical.com\/wp-content\/uploads\/2020\/08\/cropped-longchang-logo.png\",\"contentUrl\":\"https:\/\/longchangchemical.com\/wp-content\/uploads\/2020\/08\/cropped-longchang-logo.png\",\"width\":512,\"height\":512,\"caption\":\"Longchang Chemical\"},\"image\":{\"@id\":\"https:\/\/longchangchemical.com\/#\/schema\/logo\/image\/\"}}]}<\/script>\n<!-- \/ Yoast SEO plugin. -->","yoast_head_json":{"title":"\u00c7in CHLUMICRYL\u00ae DF-D952R \/ k\u00f6p\u00fck kesici \u00dcretici - Longchang Chemical","description":"Polieter siloksan kopolimer; Tego Foamex N; Tego Airex 900; Tego Airex 920","robots":{"index":"index","follow":"follow","max-snippet":"max-snippet:-1","max-image-preview":"max-image-preview:large","max-video-preview":"max-video-preview:-1"},"canonical":"https:\/\/longchangchemical.com\/tr\/product\/df-d952r\/","og_locale":"tr_TR","og_type":"article","og_title":"China CHLUMICRYL\u00ae DF-D952R \/ defoamer Manufacturer - Longchang Chemical","og_description":"Polyether siloxane copolymer; Tego Foamex N; Tego Airex 900; Tego Airex 920","og_url":"https:\/\/longchangchemical.com\/tr\/product\/df-d952r\/","og_site_name":"Longchang Chemical","article_modified_time":"2025-04-01T07:06:52+00:00","og_image":[{"width":1000,"height":1000,"url":"https:\/\/longchangchemical.com\/wp-content\/uploads\/2024\/02\/logo-jpeg.jpg","type":"image\/jpeg"}],"twitter_card":"summary_large_image","schema":{"@context":"https:\/\/schema.org","@graph":[{"@type":"WebPage","@id":"https:\/\/longchangchemical.com\/product\/df-d952r\/","url":"https:\/\/longchangchemical.com\/product\/df-d952r\/","name":"\u00c7in CHLUMICRYL\u00ae DF-D952R \/ k\u00f6p\u00fck kesici \u00dcretici - Longchang Chemical","isPartOf":{"@id":"https:\/\/longchangchemical.com\/#website"},"datePublished":"2024-06-13T02:33:33+00:00","dateModified":"2025-04-01T07:06:52+00:00","description":"Polieter siloksan kopolimer; Tego Foamex N; Tego Airex 900; Tego Airex 920","breadcrumb":{"@id":"https:\/\/longchangchemical.com\/product\/df-d952r\/#breadcrumb"},"inLanguage":"tr","potentialAction":[{"@type":"ReadAction","target":["https:\/\/longchangchemical.com\/product\/df-d952r\/"]}]},{"@type":"BreadcrumbList","@id":"https:\/\/longchangchemical.com\/product\/df-d952r\/#breadcrumb","itemListElement":[{"@type":"ListItem","position":1,"name":"Home","item":"https:\/\/longchangchemical.com\/"},{"@type":"ListItem","position":2,"name":"Products Longchang","item":"https:\/\/longchangchemical.com\/product\/"},{"@type":"ListItem","position":3,"name":"CHLUMICRYL\u00ae DF-D952R \/ defoamer"}]},{"@type":"WebSite","@id":"https:\/\/longchangchemical.com\/#website","url":"https:\/\/longchangchemical.com\/","name":"Longchang Kimya","description":"\u00c7in kimyasal \u00fcreticisi \uff06 tedarik\u00e7isi","publisher":{"@id":"https:\/\/longchangchemical.com\/#organization"},"potentialAction":[{"@type":"SearchAction","target":{"@type":"EntryPoint","urlTemplate":"https:\/\/longchangchemical.com\/?s={search_term_string}"},"query-input":{"@type":"PropertyValueSpecification","valueRequired":true,"valueName":"search_term_string"}}],"inLanguage":"tr"},{"@type":"Organization","@id":"https:\/\/longchangchemical.com\/#organization","name":"Longchang Kimya","url":"https:\/\/longchangchemical.com\/","logo":{"@type":"ImageObject","inLanguage":"tr","@id":"https:\/\/longchangchemical.com\/#\/schema\/logo\/image\/","url":"https:\/\/longchangchemical.com\/wp-content\/uploads\/2020\/08\/cropped-longchang-logo.png","contentUrl":"https:\/\/longchangchemical.com\/wp-content\/uploads\/2020\/08\/cropped-longchang-logo.png","width":512,"height":512,"caption":"Longchang Chemical"},"image":{"@id":"https:\/\/longchangchemical.com\/#\/schema\/logo\/image\/"}}]}},"_links":{"self":[{"href":"https:\/\/longchangchemical.com\/tr\/wp-json\/wp\/v2\/product\/7000","targetHints":{"allow":["GET"]}}],"collection":[{"href":"https:\/\/longchangchemical.com\/tr\/wp-json\/wp\/v2\/product"}],"about":[{"href":"https:\/\/longchangchemical.com\/tr\/wp-json\/wp\/v2\/types\/product"}],"replies":[{"embeddable":true,"href":"https:\/\/longchangchemical.com\/tr\/wp-json\/wp\/v2\/comments?post=7000"}],"wp:attachment":[{"href":"https:\/\/longchangchemical.com\/tr\/wp-json\/wp\/v2\/media?parent=7000"}],"wp:term":[{"taxonomy":"product_brand","embeddable":true,"href":"https:\/\/longchangchemical.com\/tr\/wp-json\/wp\/v2\/product_brand?post=7000"},{"taxonomy":"product_cat","embeddable":true,"href":"https:\/\/longchangchemical.com\/tr\/wp-json\/wp\/v2\/product_cat?post=7000"},{"taxonomy":"product_tag","embeddable":true,"href":"https:\/\/longchangchemical.com\/tr\/wp-json\/wp\/v2\/product_tag?post=7000"}],"curies":[{"name":"wp","href":"https:\/\/api.w.org\/{rel}","templated":true}]}}