{"id":6963,"date":"2024-05-22T05:42:08","date_gmt":"2024-05-22T05:42:08","guid":{"rendered":"https:\/\/longchangchemical.com\/?post_type=product&#038;p=6963"},"modified":"2026-05-08T03:00:06","modified_gmt":"2026-05-08T03:00:06","slug":"yeast-extract-cas-8013-01-2","status":"publish","type":"product","link":"https:\/\/longchangchemical.com\/tr\/product\/yeast-extract-cas-8013-01-2\/","title":{"rendered":"Maya \u00d6z\u00fc CAS 8013-01-2"},"content":{"rendered":"<div class=\"col-md-6\">\n<h2><strong>Maya \u00d6z\u00fc CAS 8013-01-2<\/strong><\/h2>\n<p>Maya \u00f6z\u00fct\u00fc, hammadde olarak y\u00fcksek proteinli f\u0131r\u0131nc\u0131 mayas\u0131 veya bira mayas\u0131ndan yap\u0131l\u0131r ve protein, amino asitler, peptitler, peptitler, n\u00fckleik asitler, vitaminler ve eser elementler a\u00e7\u0131s\u0131ndan zengin olan otoliz, enzimoliz, konsantrasyon, kurutma ve di\u011fer i\u015flemlerle yap\u0131l\u0131r. Bio-medium \u00fcr\u00fcnlerinin i\u00e7erikleri.<br \/>\nlcnacure\u00ae Maya \u00f6z\u00fct\u00fc besinler a\u00e7\u0131s\u0131ndan zengindir ve mikrobiyal k\u00fclt\u00fcr end\u00fcstrisinde yayg\u0131n olarak kullan\u0131lmaktad\u0131r ve baz\u0131 \u00f6zellikleri bitki bazl\u0131 et gibi g\u0131da end\u00fcstrisinde de kullan\u0131lmaktad\u0131r.<\/p>\n<ul>\n<li>Ultrafiltrasyon\/mikrofiltrasyon s\u0131n\u0131f\u0131:\u00a0<strong>FM888, FM808, FM818, FM828, FM808<\/strong><\/li>\n<li>Standart kategori:\u00a0<strong>FM902, FM860, LM800, YA801 (Otolize Maya), LD00, FM905<\/strong><\/li>\n<li>G\u0131da end\u00fcstrisi (hayvansal kaynakl\u0131 olmayan):\u00a0<strong>KU012, SA524, VKA246<\/strong><\/li>\n<li>Besin zenginle\u015ftirme kategorisi:\u00a0<strong>FM803, LM802, FM505, LM505<\/strong><\/li>\n<li>Maya \u00f6z\u00fc kuru toz:\u00a0<strong>YI01, YI02<\/strong><\/li>\n<li>H\u00fccre k\u00fclt\u00fcr\u00fc i\u00e7in maya \u00f6z\u00fct\u00fc:<strong>\u00a0CM01, CM02<\/strong><\/li>\n<\/ul>\n<table width=\"521\">\n<tbody>\n<tr>\n<td width=\"199\">E\u015fyalar<\/td>\n<td width=\"322\">Teknik \u00d6zellikler<\/td>\n<\/tr>\n<tr>\n<td width=\"199\">G\u00f6r\u00fcn\u00fc\u015f<\/td>\n<td width=\"322\">Kendine \u00f6zg\u00fc tad\u0131 olan sar\u0131 toz, yok<\/p>\n<p>yabanc\u0131 koku ve g\u00f6r\u00fcn\u00fcr kirlilik<\/td>\n<\/tr>\n<tr>\n<td width=\"199\">PH(8% \u00e7\u00f6zeltisi)<\/td>\n<td width=\"322\">4.5-8<\/td>\n<\/tr>\n<tr>\n<td width=\"199\">Kuru madde (DM), %<\/td>\n<td width=\"322\">\u226594.0<\/td>\n<\/tr>\n<tr>\n<td width=\"199\">Toplam azot\/(DM-NaCl), %<\/td>\n<td width=\"322\">\u22659.0<\/td>\n<\/tr>\n<tr>\n<td width=\"199\">Sodyum klor\u00fcr, %<\/td>\n<td width=\"322\">\u22641.0<\/td>\n<\/tr>\n<tr>\n<td width=\"199\">Aerobik plak say\u0131s\u0131, cfu\/g<\/td>\n<td width=\"322\">\u22645000<\/td>\n<\/tr>\n<tr>\n<td width=\"199\">Koliformlar, cfu\/g<\/td>\n<td width=\"322\">\u226430<\/td>\n<\/tr>\n<tr>\n<td width=\"199\">Clostridium perfringens, cfu\/g<\/td>\n<td width=\"322\">\u226410<\/td>\n<\/tr>\n<tr>\n<td width=\"199\">Mayalar, cfu\/g<\/td>\n<td width=\"322\">&lt;50<\/td>\n<\/tr>\n<tr>\n<td width=\"199\">K\u00fcfler, cfu\/g<\/td>\n<td width=\"322\">\u226450<\/td>\n<\/tr>\n<tr>\n<td width=\"199\">Salmonella, \/25g<\/td>\n<td width=\"322\">Devams\u0131zl\u0131k<\/td>\n<\/tr>\n<tr>\n<td width=\"199\">Escherichia coli, \/25g<\/td>\n<td width=\"322\">Devams\u0131zl\u0131k<\/td>\n<\/tr>\n<tr>\n<td width=\"199\">Staphylococcus aureus, \/25g<\/td>\n<td width=\"322\">Devams\u0131zl\u0131k<\/td>\n<\/tr>\n<\/tbody>\n<\/table>\n<p><strong>\u00a0<\/strong><\/p>\n<p><strong>Maya \u00f6z\u00fc i\u015flevi:<\/strong><\/p>\n<ol>\n<li>G\u0131da end\u00fcstrisinde baharatlar, besin takviyeleri, k\u0131vam artt\u0131r\u0131c\u0131lar vb. i\u00e7in kullan\u0131l\u0131r<\/li>\n<li>Mikrobiyal alanda ortam bile\u015fenleri i\u00e7in kullan\u0131l\u0131r.<\/li>\n<li>T\u0131p alan\u0131nda antibiyotik \u00fcretimi i\u00e7in hammaddeler<\/li>\n<\/ol>\n<p><strong>Maya \u00f6z\u00fc Paketleme ve Nakliye:<\/strong><\/p>\n<p>Ambalaj: 20kg torba.<\/p>\n<p>Teslimat: 5-7 i\u015f g\u00fcn\u00fc i\u00e7inde.<\/p>\n<p><strong>\u00a0<\/strong><\/p>\n<p><strong>Maya \u00f6z\u00fct\u00fc saklama:<\/strong><\/p>\n<p>Do\u011frudan g\u00fcne\u015f \u0131\u015f\u0131\u011f\u0131 almayan serin ve kuru bir yerde saklan\u0131r.<\/p>\n<\/div>\n<div class=\"col-md-6\">\n<h2><strong><b>\u015eimdi Bize Ula\u015f\u0131n!<\/b><\/strong><\/h2>\n<h4><strong><b>\u00d6zelle\u015ftirilmi\u015f hizmetler sunuyoruz, genellikle 24 saat i\u00e7inde sizinle ileti\u015fime ge\u00e7ece\u011fiz. Bana e-posta da g\u00f6nderebilirsiniz <span style=\"color: #00ccff;\"><a style=\"color: #00ccff;\" href=\"mailto:info@longchangchemical.com\">info@longchangchemical.com<\/a><\/span> \u00c7al\u0131\u015fma saatleri i\u00e7inde (8:30 - 6:00 UTC+8 Pzt.~Sat.) veya h\u0131zl\u0131 yan\u0131t almak i\u00e7in web sitesi canl\u0131 sohbetini kullan\u0131n.<\/b><\/strong><\/h4>\n<\/div>","protected":false},"excerpt":{"rendered":"<p>Di\u011fer ad\u0131: Maya \u00f6z\u00fc tozu; Maya \u00f6z\u00fc fermantasyonu<\/p>\n<p>Cas No: 8013-01-2<\/p>\n<p>Uygulama: Mikrobiyal k\u00fclt\u00fcr ortam\u0131; g\u0131da end\u00fcstrisi<\/p>\n<p>Paket: 20kg\/\u00e7anta<\/p>","protected":false},"featured_media":6964,"comment_status":"closed","ping_status":"closed","template":"","meta":[],"product_brand":[],"product_cat":[15],"product_tag":[],"class_list":{"0":"post-6963","1":"product","2":"type-product","3":"status-publish","4":"has-post-thumbnail","6":"product_cat-food-additives","8":"first","9":"instock","10":"shipping-taxable","11":"product-type-simple"},"yoast_head":"<!-- This site is optimized with the Yoast SEO plugin v25.3.1 - https:\/\/yoast.com\/wordpress\/plugins\/seo\/ -->\n<title>China Yeast Extract CAS 8013-01-2 Manufacturer - Longchang Chemical<\/title>\n<meta name=\"description\" content=\"Yeast Extract CAS 8013-01-2 is key product of LongChang Chemical. We provide best price. We are the leading manufacturer in China with the best quanlity and competitive price.\" \/>\n<meta name=\"robots\" content=\"index, follow, max-snippet:-1, max-image-preview:large, max-video-preview:-1\" \/>\n<link rel=\"canonical\" href=\"https:\/\/longchangchemical.com\/tr\/product\/yeast-extract-cas-8013-01-2\/\" \/>\n<meta property=\"og:locale\" content=\"tr_TR\" \/>\n<meta property=\"og:type\" content=\"article\" \/>\n<meta property=\"og:title\" content=\"China Yeast Extract CAS 8013-01-2 Manufacturer - Longchang Chemical\" \/>\n<meta property=\"og:description\" content=\"Yeast Extract CAS 8013-01-2 is key product of LongChang Chemical. We provide best price. We are the leading manufacturer in China with the best quanlity and competitive price.\" \/>\n<meta property=\"og:url\" content=\"https:\/\/longchangchemical.com\/tr\/product\/yeast-extract-cas-8013-01-2\/\" \/>\n<meta property=\"og:site_name\" content=\"Longchang Chemical\" \/>\n<meta property=\"article:modified_time\" content=\"2026-05-08T03:00:06+00:00\" \/>\n<meta property=\"og:image\" content=\"https:\/\/longchangchemical.com\/wp-content\/uploads\/2024\/05\/Yeast-Extracts-manufacturer.jpg\" \/>\n\t<meta property=\"og:image:width\" content=\"800\" \/>\n\t<meta property=\"og:image:height\" content=\"800\" \/>\n\t<meta property=\"og:image:type\" content=\"image\/jpeg\" \/>\n<meta name=\"twitter:card\" content=\"summary_large_image\" \/>\n<script type=\"application\/ld+json\" class=\"yoast-schema-graph\">{\"@context\":\"https:\/\/schema.org\",\"@graph\":[{\"@type\":\"WebPage\",\"@id\":\"https:\/\/longchangchemical.com\/product\/yeast-extract-cas-8013-01-2\/\",\"url\":\"https:\/\/longchangchemical.com\/product\/yeast-extract-cas-8013-01-2\/\",\"name\":\"China Yeast Extract CAS 8013-01-2 Manufacturer - Longchang Chemical\",\"isPartOf\":{\"@id\":\"https:\/\/longchangchemical.com\/#website\"},\"primaryImageOfPage\":{\"@id\":\"https:\/\/longchangchemical.com\/product\/yeast-extract-cas-8013-01-2\/#primaryimage\"},\"image\":{\"@id\":\"https:\/\/longchangchemical.com\/product\/yeast-extract-cas-8013-01-2\/#primaryimage\"},\"thumbnailUrl\":\"https:\/\/longchangchemical.com\/wp-content\/uploads\/2024\/05\/Yeast-Extracts-manufacturer.jpg\",\"datePublished\":\"2024-05-22T05:42:08+00:00\",\"dateModified\":\"2026-05-08T03:00:06+00:00\",\"description\":\"Yeast Extract CAS 8013-01-2 is key product of LongChang Chemical. We provide best price. We are the leading manufacturer in China with the best quanlity and competitive price.\",\"breadcrumb\":{\"@id\":\"https:\/\/longchangchemical.com\/product\/yeast-extract-cas-8013-01-2\/#breadcrumb\"},\"inLanguage\":\"tr\",\"potentialAction\":[{\"@type\":\"ReadAction\",\"target\":[\"https:\/\/longchangchemical.com\/product\/yeast-extract-cas-8013-01-2\/\"]}]},{\"@type\":\"ImageObject\",\"inLanguage\":\"tr\",\"@id\":\"https:\/\/longchangchemical.com\/product\/yeast-extract-cas-8013-01-2\/#primaryimage\",\"url\":\"https:\/\/longchangchemical.com\/wp-content\/uploads\/2024\/05\/Yeast-Extracts-manufacturer.jpg\",\"contentUrl\":\"https:\/\/longchangchemical.com\/wp-content\/uploads\/2024\/05\/Yeast-Extracts-manufacturer.jpg\",\"width\":800,\"height\":800,\"caption\":\"Yeast Extracts manufacturer\"},{\"@type\":\"BreadcrumbList\",\"@id\":\"https:\/\/longchangchemical.com\/product\/yeast-extract-cas-8013-01-2\/#breadcrumb\",\"itemListElement\":[{\"@type\":\"ListItem\",\"position\":1,\"name\":\"Home\",\"item\":\"https:\/\/longchangchemical.com\/\"},{\"@type\":\"ListItem\",\"position\":2,\"name\":\"Products Longchang\",\"item\":\"https:\/\/longchangchemical.com\/product\/\"},{\"@type\":\"ListItem\",\"position\":3,\"name\":\"Yeast Extract CAS 8013-01-2\"}]},{\"@type\":\"WebSite\",\"@id\":\"https:\/\/longchangchemical.com\/#website\",\"url\":\"https:\/\/longchangchemical.com\/\",\"name\":\"Longchang Chemical\",\"description\":\"China chemical manufacturer \uff06 supplier\",\"publisher\":{\"@id\":\"https:\/\/longchangchemical.com\/#organization\"},\"potentialAction\":[{\"@type\":\"SearchAction\",\"target\":{\"@type\":\"EntryPoint\",\"urlTemplate\":\"https:\/\/longchangchemical.com\/?s={search_term_string}\"},\"query-input\":{\"@type\":\"PropertyValueSpecification\",\"valueRequired\":true,\"valueName\":\"search_term_string\"}}],\"inLanguage\":\"tr\"},{\"@type\":\"Organization\",\"@id\":\"https:\/\/longchangchemical.com\/#organization\",\"name\":\"Longchang Chemical\",\"url\":\"https:\/\/longchangchemical.com\/\",\"logo\":{\"@type\":\"ImageObject\",\"inLanguage\":\"tr\",\"@id\":\"https:\/\/longchangchemical.com\/#\/schema\/logo\/image\/\",\"url\":\"https:\/\/longchangchemical.com\/wp-content\/uploads\/2020\/08\/cropped-longchang-logo.png\",\"contentUrl\":\"https:\/\/longchangchemical.com\/wp-content\/uploads\/2020\/08\/cropped-longchang-logo.png\",\"width\":512,\"height\":512,\"caption\":\"Longchang Chemical\"},\"image\":{\"@id\":\"https:\/\/longchangchemical.com\/#\/schema\/logo\/image\/\"}}]}<\/script>\n<!-- \/ Yoast SEO plugin. -->","yoast_head_json":{"title":"\u00c7in Maya \u00d6z\u00fc CAS 8013-01-2 \u00dcretici - Longchang Chemical","description":"Maya \u00d6z\u00fc CAS 8013-01-2, LongChang Chemical'\u0131n temel \u00fcr\u00fcn\u00fcd\u00fcr. En iyi fiyat\u0131 sa\u011fl\u0131yoruz. Biz en iyi quanlity ve rekabet\u00e7i fiyat ile \u00c7in'de lider \u00fcreticisi vard\u0131r.","robots":{"index":"index","follow":"follow","max-snippet":"max-snippet:-1","max-image-preview":"max-image-preview:large","max-video-preview":"max-video-preview:-1"},"canonical":"https:\/\/longchangchemical.com\/tr\/product\/yeast-extract-cas-8013-01-2\/","og_locale":"tr_TR","og_type":"article","og_title":"China Yeast Extract CAS 8013-01-2 Manufacturer - Longchang Chemical","og_description":"Yeast Extract CAS 8013-01-2 is key product of LongChang Chemical. We provide best price. We are the leading manufacturer in China with the best quanlity and competitive price.","og_url":"https:\/\/longchangchemical.com\/tr\/product\/yeast-extract-cas-8013-01-2\/","og_site_name":"Longchang Chemical","article_modified_time":"2026-05-08T03:00:06+00:00","og_image":[{"width":800,"height":800,"url":"https:\/\/longchangchemical.com\/wp-content\/uploads\/2024\/05\/Yeast-Extracts-manufacturer.jpg","type":"image\/jpeg"}],"twitter_card":"summary_large_image","schema":{"@context":"https:\/\/schema.org","@graph":[{"@type":"WebPage","@id":"https:\/\/longchangchemical.com\/product\/yeast-extract-cas-8013-01-2\/","url":"https:\/\/longchangchemical.com\/product\/yeast-extract-cas-8013-01-2\/","name":"\u00c7in Maya \u00d6z\u00fc CAS 8013-01-2 \u00dcretici - Longchang Chemical","isPartOf":{"@id":"https:\/\/longchangchemical.com\/#website"},"primaryImageOfPage":{"@id":"https:\/\/longchangchemical.com\/product\/yeast-extract-cas-8013-01-2\/#primaryimage"},"image":{"@id":"https:\/\/longchangchemical.com\/product\/yeast-extract-cas-8013-01-2\/#primaryimage"},"thumbnailUrl":"https:\/\/longchangchemical.com\/wp-content\/uploads\/2024\/05\/Yeast-Extracts-manufacturer.jpg","datePublished":"2024-05-22T05:42:08+00:00","dateModified":"2026-05-08T03:00:06+00:00","description":"Maya \u00d6z\u00fc CAS 8013-01-2, LongChang Chemical'\u0131n temel \u00fcr\u00fcn\u00fcd\u00fcr. En iyi fiyat\u0131 sa\u011fl\u0131yoruz. Biz en iyi quanlity ve rekabet\u00e7i fiyat ile \u00c7in'de lider \u00fcreticisi vard\u0131r.","breadcrumb":{"@id":"https:\/\/longchangchemical.com\/product\/yeast-extract-cas-8013-01-2\/#breadcrumb"},"inLanguage":"tr","potentialAction":[{"@type":"ReadAction","target":["https:\/\/longchangchemical.com\/product\/yeast-extract-cas-8013-01-2\/"]}]},{"@type":"ImageObject","inLanguage":"tr","@id":"https:\/\/longchangchemical.com\/product\/yeast-extract-cas-8013-01-2\/#primaryimage","url":"https:\/\/longchangchemical.com\/wp-content\/uploads\/2024\/05\/Yeast-Extracts-manufacturer.jpg","contentUrl":"https:\/\/longchangchemical.com\/wp-content\/uploads\/2024\/05\/Yeast-Extracts-manufacturer.jpg","width":800,"height":800,"caption":"Yeast Extracts manufacturer"},{"@type":"BreadcrumbList","@id":"https:\/\/longchangchemical.com\/product\/yeast-extract-cas-8013-01-2\/#breadcrumb","itemListElement":[{"@type":"ListItem","position":1,"name":"Home","item":"https:\/\/longchangchemical.com\/"},{"@type":"ListItem","position":2,"name":"Products Longchang","item":"https:\/\/longchangchemical.com\/product\/"},{"@type":"ListItem","position":3,"name":"Yeast Extract CAS 8013-01-2"}]},{"@type":"WebSite","@id":"https:\/\/longchangchemical.com\/#website","url":"https:\/\/longchangchemical.com\/","name":"Longchang Kimya","description":"\u00c7in kimyasal \u00fcreticisi \uff06 tedarik\u00e7isi","publisher":{"@id":"https:\/\/longchangchemical.com\/#organization"},"potentialAction":[{"@type":"SearchAction","target":{"@type":"EntryPoint","urlTemplate":"https:\/\/longchangchemical.com\/?s={search_term_string}"},"query-input":{"@type":"PropertyValueSpecification","valueRequired":true,"valueName":"search_term_string"}}],"inLanguage":"tr"},{"@type":"Organization","@id":"https:\/\/longchangchemical.com\/#organization","name":"Longchang Kimya","url":"https:\/\/longchangchemical.com\/","logo":{"@type":"ImageObject","inLanguage":"tr","@id":"https:\/\/longchangchemical.com\/#\/schema\/logo\/image\/","url":"https:\/\/longchangchemical.com\/wp-content\/uploads\/2020\/08\/cropped-longchang-logo.png","contentUrl":"https:\/\/longchangchemical.com\/wp-content\/uploads\/2020\/08\/cropped-longchang-logo.png","width":512,"height":512,"caption":"Longchang Chemical"},"image":{"@id":"https:\/\/longchangchemical.com\/#\/schema\/logo\/image\/"}}]}},"_links":{"self":[{"href":"https:\/\/longchangchemical.com\/tr\/wp-json\/wp\/v2\/product\/6963","targetHints":{"allow":["GET"]}}],"collection":[{"href":"https:\/\/longchangchemical.com\/tr\/wp-json\/wp\/v2\/product"}],"about":[{"href":"https:\/\/longchangchemical.com\/tr\/wp-json\/wp\/v2\/types\/product"}],"replies":[{"embeddable":true,"href":"https:\/\/longchangchemical.com\/tr\/wp-json\/wp\/v2\/comments?post=6963"}],"wp:featuredmedia":[{"embeddable":true,"href":"https:\/\/longchangchemical.com\/tr\/wp-json\/wp\/v2\/media\/6964"}],"wp:attachment":[{"href":"https:\/\/longchangchemical.com\/tr\/wp-json\/wp\/v2\/media?parent=6963"}],"wp:term":[{"taxonomy":"product_brand","embeddable":true,"href":"https:\/\/longchangchemical.com\/tr\/wp-json\/wp\/v2\/product_brand?post=6963"},{"taxonomy":"product_cat","embeddable":true,"href":"https:\/\/longchangchemical.com\/tr\/wp-json\/wp\/v2\/product_cat?post=6963"},{"taxonomy":"product_tag","embeddable":true,"href":"https:\/\/longchangchemical.com\/tr\/wp-json\/wp\/v2\/product_tag?post=6963"}],"curies":[{"name":"wp","href":"https:\/\/api.w.org\/{rel}","templated":true}]}}