{"id":6907,"date":"2024-05-07T05:38:50","date_gmt":"2024-05-07T05:38:50","guid":{"rendered":"https:\/\/longchangchemical.com\/?post_type=product&#038;p=6907"},"modified":"2025-12-17T01:55:34","modified_gmt":"2025-12-17T01:55:34","slug":"dimethyldineodecanoatetin-cas-68928-76-7","status":"publish","type":"product","link":"https:\/\/longchangchemical.com\/tr\/product\/dimethyldineodecanoatetin-cas-68928-76-7\/","title":{"rendered":"Dimetildineodekanoatetin CAS 68928-76-7"},"content":{"rendered":"<h1><strong>Dimetildineodekanoatetin CAS 68928-76-7<\/strong><\/h1>\n<p>Kimyasal \u00d6zellikler<\/p>\n<p>Erime Noktas\u0131: -6\u00b0C<\/p>\n<p>Kaynama Noktas\u0131: 760 mmHg'de 265,6\u00b0C<\/p>\n<p>Parlama Noktas\u0131: 153\u00b0C<\/p>\n<p>Yo\u011funluk: 1,14 g\/cm3<\/p>\n<p>Buhar Bas\u0131nc\u0131: 25\u00b0CR'de 0,00263mmHg K\u0131r\u0131lma<\/p>\n<p>\u0130ndeks: 1.47<\/p>\n<p>Suda \u00c7\u00f6z\u00fcn\u00fcrl\u00fck: 25\u2103'de 16,27\u03bcg\/L<\/p>\n<h2><strong>Dimetildineodekanoatetin Kullan\u0131m\u0131<\/strong><\/h2>\n<p>1. Dimetildinodekanoatetin, poli\u00fcretan k\u00f6p\u00fcklerin, kaplamalar\u0131n, yap\u0131\u015ft\u0131r\u0131c\u0131lar\u0131n ve s\u0131zd\u0131rmazl\u0131k maddelerinin \u00fcretiminde etkili bir kataliz\u00f6r olarak kullan\u0131l\u0131r.<\/p>\n<p>2. Dimetildinodekanoatetin, iki bile\u015fenli poli\u00fcretan, polyester, nitro boyalar, m\u00fcrekkepler, sertle\u015ftirme kataliz\u00f6rleri vb. \u0130yi oksidasyon direncine sahiptir.<br \/>\n3. Dimetildinodekanoatetin, poli\u00fcretan plastiklerin, poli\u00fcretan kaplamalar\u0131n, silikon kau\u00e7uk kataliz\u00f6rlerinin, kataliz\u00f6rlerin vb. \u00fcretiminde kullan\u0131l\u0131r.<\/p>\n<p>Organotin kataliz\u00f6r yelpazesinin en y\u00fcksek katalitik aktivitesine sahiptir, \u00e7ok k\u0131sa jel s\u00fcreleri ve yap\u0131\u015fmazl\u0131k s\u00fcreleri elde eder. Aktivitesi dib\u00fctiltin diasetat (DBTDA) ile benzerdir, ancak DBTDA'n\u0131n asetik asit kokusu veya a\u015f\u0131nd\u0131r\u0131c\u0131l\u0131\u011f\u0131 yoktur. D\u00fc\u015f\u00fck dozaj ve d\u00fc\u015f\u00fck maliyet avantajlar\u0131 ile bir\u00e7ok poli\u00fcretan k\u00f6p\u00fck sisteminde DBTDL'nin yerini al\u0131r. DBTDL'den daha d\u00fc\u015f\u00fck bir donma noktas\u0131na ve biraz daha iyi hidroliz direncine sahiptir. H\u0131zl\u0131 k\u00fcrlenen d\u00f6k\u00fcm ve sprey elastomerler i\u00e7in kullan\u0131labilir, oda s\u0131cakl\u0131\u011f\u0131nda k\u00fcrlenen poli\u00fcretan ve silikon sistemlerde kullan\u0131labilir ve \u00f6zellikle alifatik poli\u00fcretan sistemler i\u00e7in uygundur.<\/p>\n<h2><strong>Di\u011fer ad\u0131:<\/strong><\/h2>\n<p>Dimetilbis [(1-oksonodesil)oksi]stannan<\/p>\n<p>dimetiltin dineodekanoat<\/p>\n<p>Dimetildineodekanoatetin<\/p>\n<p>Dimetiltin dineodekanoat<\/p>\n<p>Dimetiltinneodekanoat<\/p>\n<p>&nbsp;<\/p>\n<h2><span style=\"color: #000000;\"><strong><b>\u015eimdi Bize Ula\u015f\u0131n!<\/b><\/strong><\/span><\/h2>\n<h4><span style=\"color: #000000;\"><strong><b>Fiyata ihtiyac\u0131n\u0131z varsa, l\u00fctfen a\u015fa\u011f\u0131daki forma ileti\u015fim bilgilerinizi doldurun, genellikle 24 saat i\u00e7inde sizinle ileti\u015fime ge\u00e7ece\u011fiz. Bana e-posta da g\u00f6nderebilirsiniz <span style=\"color: #00ffff;\"><a style=\"color: #00ffff;\" href=\"mailto:info@longchangchemical.com\">info@longchangchemical.com<\/a><\/span> \u00c7al\u0131\u015fma saatleri i\u00e7inde (8:30 - 6:00 UTC+8 Pzt.~Sat.) veya h\u0131zl\u0131 yan\u0131t almak i\u00e7in web sitesi canl\u0131 sohbetini kullan\u0131n.<\/b><\/strong><\/span><\/h4>\n<p>&nbsp;<\/p>\n<table class=\"aligncenter\" style=\"border-collapse: collapse; width: 326.27pt;\" border=\"0\" width=\"435\" cellspacing=\"0\" cellpadding=\"0\">\n<tbody>\n<tr style=\"height: 13.50pt;\">\n<td class=\"et2\" style=\"height: 13.50pt; width: 164.25pt;\" width=\"219\" height=\"18\"><a href=\"https:\/\/longchangchemical.com\/tr\/product\/stannous-chloride-anhydrous-cas-7772-99-8\/\"><span style=\"color: #00ccff;\">Susuz Stann\u00f6z Klor\u00fcr<\/span><\/a><\/td>\n<td class=\"et2\" style=\"width: 162.00pt;\" width=\"216\">7772-99-8<\/td>\n<\/tr>\n<tr style=\"height: 13.50pt;\">\n<td class=\"et2\" style=\"height: 13.50pt;\" height=\"18\"><a href=\"https:\/\/longchangchemical.com\/tr\/product\/dimethyltin-dichloride-cas-753-73-1\/\"><span style=\"color: #00ccff;\">Dimetiltin Diklor\u00fcr<\/span><\/a><\/td>\n<td class=\"et2\">753-73-1<\/td>\n<\/tr>\n<tr style=\"height: 14.25pt;\">\n<td class=\"et3\" style=\"height: 14.25pt; width: 164.25pt;\" width=\"219\" height=\"19\"><a href=\"https:\/\/longchangchemical.com\/tr\/product\/monobutyltin-oxide-cas-2273-43-0\/\"><span class=\"font2\" style=\"color: #00ccff;\">Monob\u00fctiltin Oksit<\/span><\/a><\/td>\n<td class=\"et4\" style=\"width: 162.00pt;\" width=\"216\">2273-43-0<\/td>\n<\/tr>\n<tr style=\"height: 14.25pt;\">\n<td class=\"et3\" style=\"height: 14.25pt; width: 164.25pt;\" width=\"219\" height=\"19\"><a href=\"https:\/\/longchangchemical.com\/tr\/product\/dibutyltin-oxide-cas-818-08-6\/\"><span class=\"font2\" style=\"color: #00ccff;\">Dib\u00fctiltin Oksit<\/span><\/a><\/td>\n<td class=\"et4\" style=\"width: 162.00pt;\" width=\"216\">818-08-6<\/td>\n<\/tr>\n<tr style=\"height: 14.25pt;\">\n<td class=\"et3\" style=\"height: 14.25pt; width: 164.25pt;\" width=\"219\" height=\"19\"><a href=\"https:\/\/longchangchemical.com\/tr\/product\/tributyltin-oxide-cas-56-35-9\/\"><span class=\"font2\" style=\"color: #00ccff;\">Trib\u00fctiltin Oksit<\/span><\/a><\/td>\n<td class=\"et4\" style=\"width: 162.00pt;\" width=\"216\">56-35-9<\/td>\n<\/tr>\n<tr style=\"height: 14.25pt;\">\n<td class=\"et4\" style=\"height: 14.25pt; width: 164.25pt;\" width=\"219\" height=\"19\"><a href=\"https:\/\/longchangchemical.com\/tr\/product\/tetrabutyl-tin-cas-1461-25-2\/\"><span style=\"color: #00ccff;\">Tetrabutil Kalay<\/span><\/a><\/td>\n<td class=\"et4\" style=\"width: 162.00pt;\" width=\"216\">1461-25-2<\/td>\n<\/tr>\n<tr style=\"height: 14.25pt;\">\n<td class=\"et3\" style=\"height: 14.25pt; width: 164.25pt;\" width=\"219\" height=\"19\"><a href=\"https:\/\/longchangchemical.com\/tr\/product\/butyltin-mercaptide-cas-26410-42-4\/\"><span class=\"font2\" style=\"color: #00ccff;\">Butiltin Merkaptid<\/span><\/a><\/td>\n<td class=\"et4\" style=\"width: 162.00pt;\" width=\"216\">26410-42-4<\/td>\n<\/tr>\n<tr style=\"height: 14.25pt;\">\n<td class=\"et4\" style=\"height: 14.25pt; width: 164.25pt;\" width=\"219\" height=\"19\"><a href=\"https:\/\/longchangchemical.com\/tr\/product\/dibutyltin-diacetate-cas-1067-33-0\/\"><span style=\"color: #00ccff;\">Dib\u00fctiltin Diasetat<\/span><\/a><\/td>\n<td class=\"et5\" style=\"width: 162.00pt;\" width=\"216\">1067-33-0<\/td>\n<\/tr>\n<tr style=\"height: 14.25pt;\">\n<td class=\"et3\" style=\"height: 14.25pt; width: 164.25pt;\" width=\"219\" height=\"19\"><a href=\"https:\/\/longchangchemical.com\/tr\/product\/dibutyltin-dilaurate-dbtdl-cas-77-58-7\/\"><span class=\"font2\" style=\"color: #00ccff;\">Dib\u00fctiltin Dilaurat<\/span><\/a><\/td>\n<td class=\"et6\" style=\"width: 162.00pt;\" width=\"216\"><span class=\"font2\">77-58-7<\/span><\/td>\n<\/tr>\n<tr style=\"height: 15.00pt;\">\n<td class=\"et3\" style=\"height: 15.00pt; width: 164.25pt;\" width=\"219\" height=\"20\"><a href=\"https:\/\/longchangchemical.com\/tr\/product\/dibutyltin-maleate-cas-78-04-2\/\"><span class=\"font2\" style=\"color: #00ccff;\">Dibutiltin Maleat<\/span><\/a><\/td>\n<td class=\"et7\" style=\"width: 162.00pt;\" width=\"216\">78-04-2<\/td>\n<\/tr>\n<tr style=\"height: 14.25pt;\">\n<td class=\"et3\" style=\"height: 14.25pt; width: 164.25pt;\" width=\"219\" height=\"19\"><a href=\"https:\/\/longchangchemical.com\/tr\/product\/monobutyltin-trichloride-cas-1118-46-3\/\"><span class=\"font2\" style=\"color: #00ccff;\">Monob\u00fctiltin Triklor\u00fcr<\/span><\/a><\/td>\n<td class=\"et3\" style=\"width: 162.00pt;\" width=\"216\"><span class=\"font2\">1118-46-3<\/span><\/td>\n<\/tr>\n<tr style=\"height: 14.25pt;\">\n<td class=\"et3\" style=\"height: 14.25pt; width: 164.25pt;\" width=\"219\" height=\"19\"><a href=\"https:\/\/longchangchemical.com\/tr\/product\/dibutyltin-dichloride-cas-683-18-1\/\"><span class=\"font2\" style=\"color: #00ccff;\">Dib\u00fctiltin Diklor\u00fcr<\/span><\/a><\/td>\n<td class=\"et3\" style=\"width: 162.00pt;\" width=\"216\"><span class=\"font2\">683-18-1<\/span><\/td>\n<\/tr>\n<tr style=\"height: 14.25pt;\">\n<td class=\"et3\" style=\"height: 14.25pt; width: 164.25pt;\" width=\"219\" height=\"19\"><a href=\"https:\/\/longchangchemical.com\/tr\/product\/tributyltin-chloride-cas-1461-22-9\/\"><span class=\"font2\" style=\"color: #00ccff;\">Trib\u00fctiltin Klor\u00fcr<\/span><\/a><\/td>\n<td class=\"et3\" style=\"width: 162.00pt;\" width=\"216\"><span class=\"font2\">1461-22-9<\/span><\/td>\n<\/tr>\n<tr style=\"height: 28.50pt;\">\n<td class=\"et3\" style=\"height: 28.50pt; width: 164.25pt;\" width=\"219\" height=\"38\"><a href=\"https:\/\/longchangchemical.com\/tr\/product\/butyltin-tris2-ethylhexanoate-cas-23850-94-4\/\"><span class=\"font2\" style=\"color: #00ccff;\">Butiltin Tris(2-Etilhekzanoat)<\/span><\/a><\/td>\n<td class=\"et3\" style=\"width: 162.00pt;\" width=\"216\"><span class=\"font2\">23850-94-4<\/span><\/td>\n<\/tr>\n<tr style=\"height: 14.25pt;\">\n<td class=\"et3\" style=\"height: 14.25pt; width: 164.25pt;\" width=\"219\" height=\"19\"><a href=\"https:\/\/longchangchemical.com\/tr\/product\/di-n-octyltin-oxide-cas-870-08-6\/\"><span class=\"font2\" style=\"color: #00ccff;\">Di-n-Oktiltin Oksit<\/span><\/a><\/td>\n<td class=\"et3\" style=\"width: 162.00pt;\" width=\"216\"><span class=\"font2\">870-08-6<\/span><\/td>\n<\/tr>\n<tr style=\"height: 14.25pt;\">\n<td class=\"et3\" style=\"height: 14.25pt; width: 164.25pt;\" width=\"219\" height=\"19\"><a href=\"https:\/\/longchangchemical.com\/tr\/product\/dimethyldineodecanoatetin-cas-68928-76-7\/\"><span class=\"font2\" style=\"color: #00ccff;\">Dimetildineodekanoatetin<\/span><\/a><\/td>\n<td class=\"et3\" style=\"width: 162.00pt;\" width=\"216\"><span class=\"font2\">68928-76-7<\/span><\/td>\n<\/tr>\n<tr style=\"height: 14.25pt;\">\n<td class=\"et3\" style=\"height: 14.25pt; width: 164.25pt;\" width=\"219\" height=\"19\"><a href=\"https:\/\/longchangchemical.com\/tr\/product\/otm-cas-26401-97-8\/\"><span class=\"font2\" style=\"color: #00ccff;\">Oktiltin Merkaptid<\/span><\/a><\/td>\n<td class=\"et3\" style=\"width: 162.00pt;\" width=\"216\"><span class=\"font2\">26401-97-8<\/span><\/td>\n<\/tr>\n<\/tbody>\n<\/table>\n<p><!--more--><\/p>\n<p>Poli\u00fcretan Kataliz\u00f6r Se\u00e7im Analizi<\/p>\n<p>Kataliz\u00f6r kullan\u0131m\u0131n\u0131n iki ana amac\u0131 vard\u0131r:<\/p>\n<p>1. Reaksiyonun bekledi\u011fimiz y\u00f6nde ilerlemesini sa\u011flamak;<br \/>\n2, reaksiyon h\u0131z\u0131n\u0131 d\u00fczenlemek, reaksiyon s\u00fcresini k\u0131saltmak ve \u00fcretim verimlili\u011fini art\u0131rmak i\u00e7in.<\/p>\n<p>Poli\u00fcretan k\u00f6p\u00fck kataliz\u00f6r\u00fc se\u00e7iminde, poli\u00fcretan k\u00f6p\u00fck \u00fcr\u00fcnleri esas olarak polieter, izosiyanat, k\u00f6p\u00fcrt\u00fcc\u00fc ajan, kataliz\u00f6r ve benzerlerinden sentezlenir. K\u00f6p\u00fck olu\u015fumunun ana s\u00fcreci genellikle a\u015fa\u011f\u0131daki gibi kabul edilir:<br \/>\n1, k\u00f6p\u00fck \u00fcretmek i\u00e7in poli\u00fcretan reaksiyon sistemindeki fiziksel y\u00f6ntemler ve kimyasal y\u00f6ntemlerle ve k\u00f6p\u00fc\u011f\u00fcn, ana k\u00f6p\u00fckleme y\u00f6nteminin su ve izosiyanat \u00fcretimi oldu\u011fu reaksiyon sisteminde e\u015fit olarak da\u011f\u0131lmas\u0131na izin verin.<br \/>\n2. K\u00f6p\u00fck olu\u0122um s\u00fcreci, k\u00f6p\u00fc\u011f\u00fcn ka\u00e7mas\u0131n\u0131 engellemek i\u00e7in reaksiyon sisteminin viskozitesinin artmas\u0131n\u0131 gerektirir.<br \/>\n3\u3001K\u00f6p\u00fck olu\u015fumu istenen say\u0131 ve boyuta ula\u015ft\u0131\u011f\u0131nda, reaksiyon sisteminin viskozitesinin artmaya devam etmesi ve hatta k\u00f6p\u00fc\u011f\u00fc stabilize etmek ve bir \u00fcr\u00fcne d\u00f6n\u00fc\u015ft\u00fcrmek i\u00e7in bir \u00e7apraz ba\u011flama sistemi olu\u015fturmas\u0131 gerekir.<\/p>\n<p>Bu durumda, reaksiyonu d\u00fczenlemek i\u00e7in en az iki kataliz\u00f6re ihtiyac\u0131m\u0131z var, bir kataliz\u00f6r izosiyanat ve su reaksiyonunu te\u015fvik etmek, yani k\u00f6p\u00fcrme reaksiyonunu te\u015fvik etmek, genellikle amin kataliz\u00f6rleri se\u00e7mek; di\u011feri izosiyanat ve polieter veya alkol reaksiyonunu te\u015fvik etmek, yani poli\u00fcretan molek\u00fcl zinciri b\u00fcy\u00fcmesi ve \u00e7apraz ba\u011flanma reaksiyonu, genellikle metal kataliz\u00f6rleri se\u00e7mektir. Bu nedenle, poli\u00fcretan k\u00f6p\u00fck sentezi s\u00fcrecinde, en iyi sonu\u00e7lar\u0131 elde etmek i\u00e7in sinerjik etkiler \u00fcretmek amac\u0131yla birlikte \u00e7al\u0131\u015fmak \u00fczere genellikle amin kataliz\u00f6rleri ve organometalik kataliz\u00f6rleri se\u00e7iyoruz.<\/p>\n<p>Organometalik kataliz\u00f6rler<\/p>\n<p>Poli\u00fcretan elastomerler ve yap\u0131\u015ft\u0131r\u0131c\u0131lar, kaplamalar, s\u0131zd\u0131rmazl\u0131k malzemeleri, su ge\u00e7irmez kaplamalar, kald\u0131r\u0131m malzemeleri ve di\u011fer form\u00fclasyonlarda, izosiyanat grubu ve hidroksil grubunun yans\u0131mas\u0131n\u0131 te\u015fvik etmede \u00e7ok etkili olan geleneksel organotin ve di\u011fer organometalik kataliz\u00f6rler en yayg\u0131n olarak kullan\u0131lmaktad\u0131r, ancak \u00e7evre koruma gereklilikleri ile \u00e7evre dostu organobismut ve \u00e7inko \u00fcr\u00fcnleri giderek daha yayg\u0131n olarak kullan\u0131lmaktad\u0131r.<\/p>","protected":false},"excerpt":{"rendered":"<p>Temel bilgiler<\/p>\n<p>\u00dcr\u00fcn Ad\u0131: DIMETILDINEODEKANOATETIN<\/p>\n<p>E\u015f anlaml\u0131lar: dimetilbis [(1-oksonodesil) oksi] -stannan; dimetilbis [(1-oksonodesil) oksi] -Stanan; DIMETHYLDINEODECANOATETIN; DIMETHYLTIN DINEODECANOATE;Stannan, dimetilbis(1-oksonodesil)oksi-; Einecs 273-028-6; Neodekanoik asit, 1,1\u2032-(dimetilstannylene) ester; DIMETHYLDINEODECANOATETIN, tech-95<\/p>\n<p>CAS NO:68928-76-7<\/p>\n<p>Molek\u00fcler Form\u00fcl: C22H44O4SnMolek\u00fcler<\/p>\n<p>A\u011f\u0131rl\u0131k: 491,29<\/p>\n<p>EINECS: 273-028-6<\/p>\n<p>\u00dcr\u00fcn Kategorileri: Poli\u00fcretan plastik poli\u00fcretan boya organik silikon kau\u00e7uk kataliz\u00f6r kurutucu ama\u00e7l\u0131 \u00fcretiminde kullan\u0131l\u0131r<\/p>","protected":false},"featured_media":6930,"comment_status":"closed","ping_status":"closed","template":"","meta":[],"product_brand":[],"product_cat":[113],"product_tag":[],"class_list":{"0":"post-6907","1":"product","2":"type-product","3":"status-publish","4":"has-post-thumbnail","6":"product_cat-organic-intermediate","8":"first","9":"instock","10":"shipping-taxable","11":"product-type-simple"},"yoast_head":"<!-- This site is optimized with the Yoast SEO plugin v25.3.1 - https:\/\/yoast.com\/wordpress\/plugins\/seo\/ -->\n<title>China Manufacturer Dimethyldineodecanoatetin CAS 68928-76-7 -Longchang Chemical<\/title>\n<meta name=\"description\" content=\"Dimethyldineodecanoatetin CAS 68928-76-7 is key product of LongChang Chemical. We provide best price. We are the leading manufacturer in China with the best quanlity and competitive price.\" \/>\n<meta name=\"robots\" content=\"index, follow, max-snippet:-1, max-image-preview:large, max-video-preview:-1\" \/>\n<link rel=\"canonical\" href=\"https:\/\/longchangchemical.com\/tr\/product\/dimethyldineodecanoatetin-cas-68928-76-7\/\" \/>\n<meta property=\"og:locale\" content=\"tr_TR\" \/>\n<meta property=\"og:type\" content=\"article\" \/>\n<meta property=\"og:title\" content=\"China Manufacturer Dimethyldineodecanoatetin CAS 68928-76-7 -Longchang Chemical\" \/>\n<meta property=\"og:description\" content=\"Dimethyldineodecanoatetin CAS 68928-76-7 is key product of LongChang Chemical. We provide best price. We are the leading manufacturer in China with the best quanlity and competitive price.\" \/>\n<meta property=\"og:url\" content=\"https:\/\/longchangchemical.com\/tr\/product\/dimethyldineodecanoatetin-cas-68928-76-7\/\" \/>\n<meta property=\"og:site_name\" content=\"Longchang Chemical\" \/>\n<meta property=\"article:modified_time\" content=\"2025-12-17T01:55:34+00:00\" \/>\n<meta property=\"og:image\" content=\"https:\/\/longchangchemical.com\/wp-content\/uploads\/2024\/04\/Dimethyldineodecanoatetin.jpg\" \/>\n\t<meta property=\"og:image:width\" content=\"800\" \/>\n\t<meta property=\"og:image:height\" content=\"800\" \/>\n\t<meta property=\"og:image:type\" content=\"image\/jpeg\" \/>\n<meta name=\"twitter:card\" content=\"summary_large_image\" \/>\n<script type=\"application\/ld+json\" class=\"yoast-schema-graph\">{\"@context\":\"https:\/\/schema.org\",\"@graph\":[{\"@type\":\"WebPage\",\"@id\":\"https:\/\/longchangchemical.com\/product\/dimethyldineodecanoatetin-cas-68928-76-7\/\",\"url\":\"https:\/\/longchangchemical.com\/product\/dimethyldineodecanoatetin-cas-68928-76-7\/\",\"name\":\"China Manufacturer Dimethyldineodecanoatetin CAS 68928-76-7 -Longchang Chemical\",\"isPartOf\":{\"@id\":\"https:\/\/longchangchemical.com\/#website\"},\"primaryImageOfPage\":{\"@id\":\"https:\/\/longchangchemical.com\/product\/dimethyldineodecanoatetin-cas-68928-76-7\/#primaryimage\"},\"image\":{\"@id\":\"https:\/\/longchangchemical.com\/product\/dimethyldineodecanoatetin-cas-68928-76-7\/#primaryimage\"},\"thumbnailUrl\":\"https:\/\/longchangchemical.com\/wp-content\/uploads\/2024\/04\/Dimethyldineodecanoatetin.jpg\",\"datePublished\":\"2024-05-07T05:38:50+00:00\",\"dateModified\":\"2025-12-17T01:55:34+00:00\",\"description\":\"Dimethyldineodecanoatetin CAS 68928-76-7 is key product of LongChang Chemical. We provide best price. We are the leading manufacturer in China with the best quanlity and competitive price.\",\"breadcrumb\":{\"@id\":\"https:\/\/longchangchemical.com\/product\/dimethyldineodecanoatetin-cas-68928-76-7\/#breadcrumb\"},\"inLanguage\":\"tr\",\"potentialAction\":[{\"@type\":\"ReadAction\",\"target\":[\"https:\/\/longchangchemical.com\/product\/dimethyldineodecanoatetin-cas-68928-76-7\/\"]}]},{\"@type\":\"ImageObject\",\"inLanguage\":\"tr\",\"@id\":\"https:\/\/longchangchemical.com\/product\/dimethyldineodecanoatetin-cas-68928-76-7\/#primaryimage\",\"url\":\"https:\/\/longchangchemical.com\/wp-content\/uploads\/2024\/04\/Dimethyldineodecanoatetin.jpg\",\"contentUrl\":\"https:\/\/longchangchemical.com\/wp-content\/uploads\/2024\/04\/Dimethyldineodecanoatetin.jpg\",\"width\":800,\"height\":800,\"caption\":\"Dimethyldineodecanoatetin CAS 68928-76-7\"},{\"@type\":\"BreadcrumbList\",\"@id\":\"https:\/\/longchangchemical.com\/product\/dimethyldineodecanoatetin-cas-68928-76-7\/#breadcrumb\",\"itemListElement\":[{\"@type\":\"ListItem\",\"position\":1,\"name\":\"Home\",\"item\":\"https:\/\/longchangchemical.com\/\"},{\"@type\":\"ListItem\",\"position\":2,\"name\":\"Products Longchang\",\"item\":\"https:\/\/longchangchemical.com\/product\/\"},{\"@type\":\"ListItem\",\"position\":3,\"name\":\"Dimethyldineodecanoatetin CAS 68928-76-7\"}]},{\"@type\":\"WebSite\",\"@id\":\"https:\/\/longchangchemical.com\/#website\",\"url\":\"https:\/\/longchangchemical.com\/\",\"name\":\"Longchang Chemical\",\"description\":\"China chemical manufacturer \uff06 supplier\",\"publisher\":{\"@id\":\"https:\/\/longchangchemical.com\/#organization\"},\"potentialAction\":[{\"@type\":\"SearchAction\",\"target\":{\"@type\":\"EntryPoint\",\"urlTemplate\":\"https:\/\/longchangchemical.com\/?s={search_term_string}\"},\"query-input\":{\"@type\":\"PropertyValueSpecification\",\"valueRequired\":true,\"valueName\":\"search_term_string\"}}],\"inLanguage\":\"tr\"},{\"@type\":\"Organization\",\"@id\":\"https:\/\/longchangchemical.com\/#organization\",\"name\":\"Longchang Chemical\",\"url\":\"https:\/\/longchangchemical.com\/\",\"logo\":{\"@type\":\"ImageObject\",\"inLanguage\":\"tr\",\"@id\":\"https:\/\/longchangchemical.com\/#\/schema\/logo\/image\/\",\"url\":\"https:\/\/longchangchemical.com\/wp-content\/uploads\/2020\/08\/cropped-longchang-logo.png\",\"contentUrl\":\"https:\/\/longchangchemical.com\/wp-content\/uploads\/2020\/08\/cropped-longchang-logo.png\",\"width\":512,\"height\":512,\"caption\":\"Longchang Chemical\"},\"image\":{\"@id\":\"https:\/\/longchangchemical.com\/#\/schema\/logo\/image\/\"}}]}<\/script>\n<!-- \/ Yoast SEO plugin. -->","yoast_head_json":{"title":"\u00c7in \u00dcretici Dimethyldineodecanoatetin CAS 68928-76-7 -Longchang Chemical","description":"Dimetildineodecanoatetin CAS 68928-76-7, LongChang Chemical'\u0131n temel \u00fcr\u00fcn\u00fcd\u00fcr. En iyi fiyat\u0131 sa\u011fl\u0131yoruz. Biz en iyi quanlity ve rekabet\u00e7i fiyat ile \u00c7in'de lider \u00fcreticisi vard\u0131r.","robots":{"index":"index","follow":"follow","max-snippet":"max-snippet:-1","max-image-preview":"max-image-preview:large","max-video-preview":"max-video-preview:-1"},"canonical":"https:\/\/longchangchemical.com\/tr\/product\/dimethyldineodecanoatetin-cas-68928-76-7\/","og_locale":"tr_TR","og_type":"article","og_title":"China Manufacturer Dimethyldineodecanoatetin CAS 68928-76-7 -Longchang Chemical","og_description":"Dimethyldineodecanoatetin CAS 68928-76-7 is key product of LongChang Chemical. We provide best price. We are the leading manufacturer in China with the best quanlity and competitive price.","og_url":"https:\/\/longchangchemical.com\/tr\/product\/dimethyldineodecanoatetin-cas-68928-76-7\/","og_site_name":"Longchang Chemical","article_modified_time":"2025-12-17T01:55:34+00:00","og_image":[{"width":800,"height":800,"url":"https:\/\/longchangchemical.com\/wp-content\/uploads\/2024\/04\/Dimethyldineodecanoatetin.jpg","type":"image\/jpeg"}],"twitter_card":"summary_large_image","schema":{"@context":"https:\/\/schema.org","@graph":[{"@type":"WebPage","@id":"https:\/\/longchangchemical.com\/product\/dimethyldineodecanoatetin-cas-68928-76-7\/","url":"https:\/\/longchangchemical.com\/product\/dimethyldineodecanoatetin-cas-68928-76-7\/","name":"\u00c7in \u00dcretici Dimethyldineodecanoatetin CAS 68928-76-7 -Longchang Chemical","isPartOf":{"@id":"https:\/\/longchangchemical.com\/#website"},"primaryImageOfPage":{"@id":"https:\/\/longchangchemical.com\/product\/dimethyldineodecanoatetin-cas-68928-76-7\/#primaryimage"},"image":{"@id":"https:\/\/longchangchemical.com\/product\/dimethyldineodecanoatetin-cas-68928-76-7\/#primaryimage"},"thumbnailUrl":"https:\/\/longchangchemical.com\/wp-content\/uploads\/2024\/04\/Dimethyldineodecanoatetin.jpg","datePublished":"2024-05-07T05:38:50+00:00","dateModified":"2025-12-17T01:55:34+00:00","description":"Dimetildineodecanoatetin CAS 68928-76-7, LongChang Chemical'\u0131n temel \u00fcr\u00fcn\u00fcd\u00fcr. En iyi fiyat\u0131 sa\u011fl\u0131yoruz. Biz en iyi quanlity ve rekabet\u00e7i fiyat ile \u00c7in'de lider \u00fcreticisi vard\u0131r.","breadcrumb":{"@id":"https:\/\/longchangchemical.com\/product\/dimethyldineodecanoatetin-cas-68928-76-7\/#breadcrumb"},"inLanguage":"tr","potentialAction":[{"@type":"ReadAction","target":["https:\/\/longchangchemical.com\/product\/dimethyldineodecanoatetin-cas-68928-76-7\/"]}]},{"@type":"ImageObject","inLanguage":"tr","@id":"https:\/\/longchangchemical.com\/product\/dimethyldineodecanoatetin-cas-68928-76-7\/#primaryimage","url":"https:\/\/longchangchemical.com\/wp-content\/uploads\/2024\/04\/Dimethyldineodecanoatetin.jpg","contentUrl":"https:\/\/longchangchemical.com\/wp-content\/uploads\/2024\/04\/Dimethyldineodecanoatetin.jpg","width":800,"height":800,"caption":"Dimethyldineodecanoatetin CAS 68928-76-7"},{"@type":"BreadcrumbList","@id":"https:\/\/longchangchemical.com\/product\/dimethyldineodecanoatetin-cas-68928-76-7\/#breadcrumb","itemListElement":[{"@type":"ListItem","position":1,"name":"Home","item":"https:\/\/longchangchemical.com\/"},{"@type":"ListItem","position":2,"name":"Products Longchang","item":"https:\/\/longchangchemical.com\/product\/"},{"@type":"ListItem","position":3,"name":"Dimethyldineodecanoatetin CAS 68928-76-7"}]},{"@type":"WebSite","@id":"https:\/\/longchangchemical.com\/#website","url":"https:\/\/longchangchemical.com\/","name":"Longchang Kimya","description":"\u00c7in kimyasal \u00fcreticisi \uff06 tedarik\u00e7isi","publisher":{"@id":"https:\/\/longchangchemical.com\/#organization"},"potentialAction":[{"@type":"SearchAction","target":{"@type":"EntryPoint","urlTemplate":"https:\/\/longchangchemical.com\/?s={search_term_string}"},"query-input":{"@type":"PropertyValueSpecification","valueRequired":true,"valueName":"search_term_string"}}],"inLanguage":"tr"},{"@type":"Organization","@id":"https:\/\/longchangchemical.com\/#organization","name":"Longchang Kimya","url":"https:\/\/longchangchemical.com\/","logo":{"@type":"ImageObject","inLanguage":"tr","@id":"https:\/\/longchangchemical.com\/#\/schema\/logo\/image\/","url":"https:\/\/longchangchemical.com\/wp-content\/uploads\/2020\/08\/cropped-longchang-logo.png","contentUrl":"https:\/\/longchangchemical.com\/wp-content\/uploads\/2020\/08\/cropped-longchang-logo.png","width":512,"height":512,"caption":"Longchang Chemical"},"image":{"@id":"https:\/\/longchangchemical.com\/#\/schema\/logo\/image\/"}}]}},"_links":{"self":[{"href":"https:\/\/longchangchemical.com\/tr\/wp-json\/wp\/v2\/product\/6907","targetHints":{"allow":["GET"]}}],"collection":[{"href":"https:\/\/longchangchemical.com\/tr\/wp-json\/wp\/v2\/product"}],"about":[{"href":"https:\/\/longchangchemical.com\/tr\/wp-json\/wp\/v2\/types\/product"}],"replies":[{"embeddable":true,"href":"https:\/\/longchangchemical.com\/tr\/wp-json\/wp\/v2\/comments?post=6907"}],"wp:featuredmedia":[{"embeddable":true,"href":"https:\/\/longchangchemical.com\/tr\/wp-json\/wp\/v2\/media\/6930"}],"wp:attachment":[{"href":"https:\/\/longchangchemical.com\/tr\/wp-json\/wp\/v2\/media?parent=6907"}],"wp:term":[{"taxonomy":"product_brand","embeddable":true,"href":"https:\/\/longchangchemical.com\/tr\/wp-json\/wp\/v2\/product_brand?post=6907"},{"taxonomy":"product_cat","embeddable":true,"href":"https:\/\/longchangchemical.com\/tr\/wp-json\/wp\/v2\/product_cat?post=6907"},{"taxonomy":"product_tag","embeddable":true,"href":"https:\/\/longchangchemical.com\/tr\/wp-json\/wp\/v2\/product_tag?post=6907"}],"curies":[{"name":"wp","href":"https:\/\/api.w.org\/{rel}","templated":true}]}}