{"id":6901,"date":"2024-05-10T00:51:08","date_gmt":"2024-05-10T00:51:08","guid":{"rendered":"https:\/\/longchangchemical.com\/?post_type=product&#038;p=6901"},"modified":"2025-12-16T10:09:30","modified_gmt":"2025-12-16T10:09:30","slug":"monobutyltin-trichloride-cas-1118-46-3","status":"publish","type":"product","link":"https:\/\/longchangchemical.com\/tr\/product\/monobutyltin-trichloride-cas-1118-46-3\/","title":{"rendered":"N-b\u00fctiltin triklor\u00fcr \/ Monob\u00fctiltin Triklor\u00fcr CAS 1118-46-3"},"content":{"rendered":"<p style=\"margin: 0px 0px 20px; color: #4a4e57; font-family: Roboto;\"><span style=\"font-weight: bolder;\">Butiltin triklor\u00fcr Detaylar<\/span><\/p>\n<p style=\"margin: 0px 0px 20px; color: #4a4e57; font-family: Roboto;\">Kimyasal Ad\u0131:Butyltin trichloride<\/p>\n<p style=\"margin: 0px 0px 20px; color: #4a4e57; font-family: Roboto;\">CAS No.:1118-46-3<\/p>\n<p style=\"margin: 0px 0px 20px; color: #4a4e57; font-family: Roboto;\">Molek\u00fcler Form\u00fcl: C4H9Cl3Sn<\/p>\n<p style=\"margin: 0px 0px 20px; color: #4a4e57; font-family: Roboto;\">Molek\u00fcl A\u011f\u0131rl\u0131\u011f\u0131:282.18<\/p>\n<p style=\"margin: 0px 0px 20px; color: #4a4e57; font-family: Roboto;\">G\u00f6r\u00fcn\u00fcm:Kahverengi s\u0131v\u0131<\/p>\n<p style=\"margin: 0px 0px 20px; color: #4a4e57; font-family: Roboto;\">Tahlil: 99%min<\/p>\n<p style=\"margin: 0px 0px 20px; color: #4a4e57; font-family: Roboto;\"><span style=\"font-weight: bolder;\">Butiltin triklor\u00fcr Tipik \u00d6zellikler<\/span><\/p>\n<table class=\"table-1\" style=\"max-width: 100%; border-collapse: collapse; border-spacing: 0px; --awb-margin-top: 0; --awb-margin-right: 0; --awb-margin-bottom: 0; --awb-margin-left: 0; margin: var(--awb-margin-top) var(--awb-margin-right) var(--awb-margin-bottom) var(--awb-margin-left); color: #4a4e57; font-family: Roboto;\" cellspacing=\"0\">\n<tbody>\n<tr>\n<td style=\"border: 1px solid #dcdcdc; padding: 10px 20px;\">\u00d6\u011fe<\/td>\n<td style=\"border: 1px solid #dcdcdc; padding: 10px 20px;\">Teknik \u00d6zellikler<\/td>\n<\/tr>\n<tr style=\"background: #f6f6f6;\">\n<td style=\"border: 1px solid #dcdcdc; padding: 10px 20px;\">Renk ve g\u00f6r\u00fcn\u00fcm<\/td>\n<td style=\"border: 1px solid #dcdcdc; padding: 10px 20px;\">Kahverengi s\u0131v\u0131<\/td>\n<\/tr>\n<tr>\n<td style=\"border: 1px solid #dcdcdc; padding: 10px 20px;\">Safl\u0131k<\/td>\n<td style=\"border: 1px solid #dcdcdc; padding: 10px 20px;\">\u226598.0%<\/td>\n<\/tr>\n<tr style=\"background: #f6f6f6;\">\n<td style=\"border: 1px solid #dcdcdc; padding: 10px 20px;\">Su %<\/td>\n<td style=\"border: 1px solid #dcdcdc; padding: 10px 20px;\">-<\/td>\n<\/tr>\n<tr>\n<td style=\"border: 1px solid #dcdcdc; padding: 10px 20px;\">PH<\/td>\n<td style=\"border: 1px solid #dcdcdc; padding: 10px 20px;\">-<\/td>\n<\/tr>\n<\/tbody>\n<\/table>\n<p style=\"margin: 0px 0px 20px; color: #4a4e57; font-family: Roboto;\"><span style=\"font-weight: bolder;\">Butiltin triklor\u00fcr nedir<\/span><\/p>\n<p style=\"margin: 0px 0px 20px; color: #4a4e57; font-family: Roboto;\">Susuz monob\u00fctiltin olarak da bilinen b\u00fctiltin triklor\u00fcr, PVC stabilizat\u00f6rleri i\u00e7in \u00f6nemli bir ara maddedir.<\/p>\n<p style=\"margin: 0px 0px 20px; color: #4a4e57; font-family: Roboto;\"><span style=\"font-weight: bolder;\">Butiltin triklor\u00fcr Kullan\u0131m\u0131<\/span><span style=\"font-weight: bolder;\"><br \/>\n<\/span><\/p>\n<p style=\"margin: 0px 0px 20px; color: #4a4e57; font-family: Roboto;\">1. Cam kaplar\u0131n y\u00fczeyinde s\u0131cak u\u00e7 kaplamas\u0131 olarak kullan\u0131l\u0131r<\/p>\n<p style=\"margin: 0px 0px 20px; color: #4a4e57; font-family: Roboto;\">2. Bira \u015fi\u015feleri i\u00e7in s\u0131cak u\u00e7lu sprey \u015fi\u015fesi olarak kullan\u0131l\u0131r<\/p>\n<p style=\"margin: 0px 0px 20px; color: #4a4e57; font-family: Roboto;\">3. Cam \u00fcr\u00fcnlerin \u00fcretiminde takviye maddesi olarak kullan\u0131l\u0131r<\/p>\n<p style=\"margin: 0px 0px 20px; color: #4a4e57; font-family: Roboto;\"><span style=\"font-weight: bolder;\">Butiltin triklor\u00fcr Paketleme ve Nakliye<\/span><\/p>\n<p style=\"margin: 0px 0px 20px; color: #4a4e57; font-family: Roboto;\">Ambalaj: 50KG\/ bidon<\/p>\n<p style=\"margin: 0px 0px 20px; color: #4a4e57; font-family: Roboto;\">Teslimat: \u00d6demenin al\u0131nmas\u0131ndan 7-10 g\u00fcn sonra<\/p>\n<p style=\"margin: 0px 0px 20px; color: #4a4e57; font-family: Roboto;\"><span style=\"font-weight: bolder;\">Butiltin triklor\u00fcr Depolama<\/span><\/p>\n<p style=\"margin: 0px 0px 20px; color: #4a4e57; font-family: Roboto;\">Paket eksiksiz ve hafif y\u00fckl\u00fcd\u00fcr; depo havaland\u0131r\u0131l\u0131r, a\u00e7\u0131k alevlerden, y\u00fcksek s\u0131cakl\u0131ktan uzak tutulur ve oksidanlardan ve asitlerden ayr\u0131 olarak depolan\u0131r.<\/p>\n<h2><strong>Di\u011fer ad\u0131:<\/strong><\/h2>\n<p>b\u00fctil(trikloro)stannan;<\/p>\n<p>butylstannanetris(ylium) trichloride;<\/p>\n<p>Butyltin Trichloride;<\/p>\n<p>n-b\u00fctiltin triklor\u00fcr;<\/p>\n<p>TRICHLORURE DE MONOBUTYLETAIN;<\/p>\n<p>trichlorure de n-butyletain;<\/p>\n<h2><span style=\"color: #000000;\"><strong><b>\u015eimdi Bize Ula\u015f\u0131n!<\/b><\/strong><\/span><\/h2>\n<h4><span style=\"color: #000000;\"><strong><b>Fiyata ihtiyac\u0131n\u0131z varsa, l\u00fctfen a\u015fa\u011f\u0131daki forma ileti\u015fim bilgilerinizi doldurun, genellikle 24 saat i\u00e7inde sizinle ileti\u015fime ge\u00e7ece\u011fiz. Bana e-posta da g\u00f6nderebilirsiniz <span style=\"color: #00ffff;\"><a style=\"color: #00ffff;\" href=\"mailto:info@longchangchemical.com\">info@longchangchemical.com<\/a><\/span> \u00c7al\u0131\u015fma saatleri i\u00e7inde (8:30 - 6:00 UTC+8 Pzt.~Sat.) veya h\u0131zl\u0131 yan\u0131t almak i\u00e7in web sitesi canl\u0131 sohbetini kullan\u0131n.<\/b><\/strong><\/span><\/h4>\n<p>&nbsp;<\/p>\n<table class=\"aligncenter\" style=\"border-collapse: collapse; width: 326.27pt;\" border=\"0\" width=\"435\" cellspacing=\"0\" cellpadding=\"0\">\n<tbody>\n<tr style=\"height: 13.50pt;\">\n<td class=\"et2\" style=\"height: 13.50pt; width: 164.25pt;\" width=\"219\" height=\"18\"><a href=\"https:\/\/longchangchemical.com\/tr\/product\/stannous-chloride-anhydrous-cas-7772-99-8\/\"><span style=\"color: #00ccff;\">Susuz Stann\u00f6z Klor\u00fcr<\/span><\/a><\/td>\n<td class=\"et2\" style=\"width: 162.00pt;\" width=\"216\">7772-99-8<\/td>\n<\/tr>\n<tr style=\"height: 13.50pt;\">\n<td class=\"et2\" style=\"height: 13.50pt;\" height=\"18\"><a href=\"https:\/\/longchangchemical.com\/tr\/product\/dimethyltin-dichloride-cas-753-73-1\/\"><span style=\"color: #00ccff;\">Dimetiltin Diklor\u00fcr<\/span><\/a><\/td>\n<td class=\"et2\">753-73-1<\/td>\n<\/tr>\n<tr style=\"height: 14.25pt;\">\n<td class=\"et3\" style=\"height: 14.25pt; width: 164.25pt;\" width=\"219\" height=\"19\"><a href=\"https:\/\/longchangchemical.com\/tr\/product\/monobutyltin-oxide-cas-2273-43-0\/\"><span class=\"font2\" style=\"color: #00ccff;\">Monob\u00fctiltin Oksit<\/span><\/a><\/td>\n<td class=\"et4\" style=\"width: 162.00pt;\" width=\"216\">2273-43-0<\/td>\n<\/tr>\n<tr style=\"height: 14.25pt;\">\n<td class=\"et3\" style=\"height: 14.25pt; width: 164.25pt;\" width=\"219\" height=\"19\"><a href=\"https:\/\/longchangchemical.com\/tr\/product\/dibutyltin-oxide-cas-818-08-6\/\"><span class=\"font2\" style=\"color: #00ccff;\">Dib\u00fctiltin Oksit<\/span><\/a><\/td>\n<td class=\"et4\" style=\"width: 162.00pt;\" width=\"216\">818-08-6<\/td>\n<\/tr>\n<tr style=\"height: 14.25pt;\">\n<td class=\"et3\" style=\"height: 14.25pt; width: 164.25pt;\" width=\"219\" height=\"19\"><a href=\"https:\/\/longchangchemical.com\/tr\/product\/tributyltin-oxide-cas-56-35-9\/\"><span class=\"font2\" style=\"color: #00ccff;\">Trib\u00fctiltin Oksit<\/span><\/a><\/td>\n<td class=\"et4\" style=\"width: 162.00pt;\" width=\"216\">56-35-9<\/td>\n<\/tr>\n<tr style=\"height: 14.25pt;\">\n<td class=\"et4\" style=\"height: 14.25pt; width: 164.25pt;\" width=\"219\" height=\"19\"><a href=\"https:\/\/longchangchemical.com\/tr\/product\/tetrabutyl-tin-cas-1461-25-2\/\"><span style=\"color: #00ccff;\">Tetrabutil Kalay<\/span><\/a><\/td>\n<td class=\"et4\" style=\"width: 162.00pt;\" width=\"216\">1461-25-2<\/td>\n<\/tr>\n<tr style=\"height: 14.25pt;\">\n<td class=\"et3\" style=\"height: 14.25pt; width: 164.25pt;\" width=\"219\" height=\"19\"><a href=\"https:\/\/longchangchemical.com\/tr\/product\/butyltin-mercaptide-cas-26410-42-4\/\"><span class=\"font2\" style=\"color: #00ccff;\">Butiltin Merkaptid<\/span><\/a><\/td>\n<td class=\"et4\" style=\"width: 162.00pt;\" width=\"216\">26410-42-4<\/td>\n<\/tr>\n<tr style=\"height: 14.25pt;\">\n<td class=\"et4\" style=\"height: 14.25pt; width: 164.25pt;\" width=\"219\" height=\"19\"><a href=\"https:\/\/longchangchemical.com\/tr\/product\/dibutyltin-diacetate-cas-1067-33-0\/\"><span style=\"color: #00ccff;\">Dib\u00fctiltin Diasetat<\/span><\/a><\/td>\n<td class=\"et5\" style=\"width: 162.00pt;\" width=\"216\">1067-33-0<\/td>\n<\/tr>\n<tr style=\"height: 14.25pt;\">\n<td class=\"et3\" style=\"height: 14.25pt; width: 164.25pt;\" width=\"219\" height=\"19\"><a href=\"https:\/\/longchangchemical.com\/tr\/product\/dibutyltin-dilaurate-dbtdl-cas-77-58-7\/\"><span class=\"font2\" style=\"color: #00ccff;\">Dib\u00fctiltin Dilaurat<\/span><\/a><\/td>\n<td class=\"et6\" style=\"width: 162.00pt;\" width=\"216\"><span class=\"font2\">77-58-7<\/span><\/td>\n<\/tr>\n<tr style=\"height: 15.00pt;\">\n<td class=\"et3\" style=\"height: 15.00pt; width: 164.25pt;\" width=\"219\" height=\"20\"><a href=\"https:\/\/longchangchemical.com\/tr\/product\/dibutyltin-maleate-cas-78-04-2\/\"><span class=\"font2\" style=\"color: #00ccff;\">Dibutiltin Maleat<\/span><\/a><\/td>\n<td class=\"et7\" style=\"width: 162.00pt;\" width=\"216\">78-04-2<\/td>\n<\/tr>\n<tr style=\"height: 14.25pt;\">\n<td class=\"et3\" style=\"height: 14.25pt; width: 164.25pt;\" width=\"219\" height=\"19\"><a href=\"https:\/\/longchangchemical.com\/tr\/product\/monobutyltin-trichloride-cas-1118-46-3\/\"><span class=\"font2\" style=\"color: #00ccff;\">Monob\u00fctiltin Triklor\u00fcr<\/span><\/a><\/td>\n<td class=\"et3\" style=\"width: 162.00pt;\" width=\"216\"><span class=\"font2\">1118-46-3<\/span><\/td>\n<\/tr>\n<tr style=\"height: 14.25pt;\">\n<td class=\"et3\" style=\"height: 14.25pt; width: 164.25pt;\" width=\"219\" height=\"19\"><a href=\"https:\/\/longchangchemical.com\/tr\/product\/dibutyltin-dichloride-cas-683-18-1\/\"><span class=\"font2\" style=\"color: #00ccff;\">Dib\u00fctiltin Diklor\u00fcr<\/span><\/a><\/td>\n<td class=\"et3\" style=\"width: 162.00pt;\" width=\"216\"><span class=\"font2\">683-18-1<\/span><\/td>\n<\/tr>\n<tr style=\"height: 14.25pt;\">\n<td class=\"et3\" style=\"height: 14.25pt; width: 164.25pt;\" width=\"219\" height=\"19\"><a href=\"https:\/\/longchangchemical.com\/tr\/product\/tributyltin-chloride-cas-1461-22-9\/\"><span class=\"font2\" style=\"color: #00ccff;\">Trib\u00fctiltin Klor\u00fcr<\/span><\/a><\/td>\n<td class=\"et3\" style=\"width: 162.00pt;\" width=\"216\"><span class=\"font2\">1461-22-9<\/span><\/td>\n<\/tr>\n<tr style=\"height: 28.50pt;\">\n<td class=\"et3\" style=\"height: 28.50pt; width: 164.25pt;\" width=\"219\" height=\"38\"><a href=\"https:\/\/longchangchemical.com\/tr\/product\/butyltin-tris2-ethylhexanoate-cas-23850-94-4\/\"><span class=\"font2\" style=\"color: #00ccff;\">Butiltin Tris(2-Etilhekzanoat)<\/span><\/a><\/td>\n<td class=\"et3\" style=\"width: 162.00pt;\" width=\"216\"><span class=\"font2\">23850-94-4<\/span><\/td>\n<\/tr>\n<tr style=\"height: 14.25pt;\">\n<td class=\"et3\" style=\"height: 14.25pt; width: 164.25pt;\" width=\"219\" height=\"19\"><a href=\"https:\/\/longchangchemical.com\/tr\/product\/di-n-octyltin-oxide-cas-870-08-6\/\"><span class=\"font2\" style=\"color: #00ccff;\">Di-n-Oktiltin Oksit<\/span><\/a><\/td>\n<td class=\"et3\" style=\"width: 162.00pt;\" width=\"216\"><span class=\"font2\">870-08-6<\/span><\/td>\n<\/tr>\n<tr style=\"height: 14.25pt;\">\n<td class=\"et3\" style=\"height: 14.25pt; width: 164.25pt;\" width=\"219\" height=\"19\"><a href=\"https:\/\/longchangchemical.com\/tr\/product\/dimethyldineodecanoatetin-cas-68928-76-7\/\"><span class=\"font2\" style=\"color: #00ccff;\">Dimetildineodekanoatetin<\/span><\/a><\/td>\n<td class=\"et3\" style=\"width: 162.00pt;\" width=\"216\"><span class=\"font2\">68928-76-7<\/span><\/td>\n<\/tr>\n<tr style=\"height: 14.25pt;\">\n<td class=\"et3\" style=\"height: 14.25pt; width: 164.25pt;\" width=\"219\" height=\"19\"><a href=\"https:\/\/longchangchemical.com\/tr\/product\/otm-cas-26401-97-8\/\"><span class=\"font2\" style=\"color: #00ccff;\">Oktiltin Merkaptid<\/span><\/a><\/td>\n<td class=\"et3\" style=\"width: 162.00pt;\" width=\"216\"><span class=\"font2\">26401-97-8<\/span><\/td>\n<\/tr>\n<\/tbody>\n<\/table>","protected":false},"excerpt":{"rendered":"<p style=\"margin: 0px 0px 20px; color: #4a4e57; font-family: Roboto;\">Kimyasal Ad\u0131:Butyltin trichloride<\/p>\n<p style=\"margin: 0px 0px 20px; color: #4a4e57; font-family: Roboto;\">CAS No.:1118-46-3<\/p>\n<p style=\"margin: 0px 0px 20px; color: #4a4e57; font-family: Roboto;\">Molek\u00fcler Form\u00fcl: C4H9Cl3Sn<\/p>\n<p style=\"margin: 0px 0px 20px; color: #4a4e57; font-family: Roboto;\">Molek\u00fcl A\u011f\u0131rl\u0131\u011f\u0131:282.18<\/p>\n<p style=\"margin: 0px 0px 20px; color: #4a4e57; font-family: Roboto;\">G\u00f6r\u00fcn\u00fcm:Kahverengi s\u0131v\u0131<\/p>\n<p style=\"margin: 0px 0px 20px; color: #4a4e57; font-family: Roboto;\">Tahlil: 99%min<\/p>","protected":false},"featured_media":6924,"comment_status":"closed","ping_status":"closed","template":"","meta":[],"product_brand":[],"product_cat":[113],"product_tag":[],"class_list":{"0":"post-6901","1":"product","2":"type-product","3":"status-publish","4":"has-post-thumbnail","6":"product_cat-organic-intermediate","8":"first","9":"instock","10":"shipping-taxable","11":"product-type-simple"},"yoast_head":"<!-- This site is optimized with the Yoast SEO plugin v25.3.1 - https:\/\/yoast.com\/wordpress\/plugins\/seo\/ -->\n<title>China Monobutyltin Trichloride CAS 1118-46-3 Manufacturer -Longchang Chemical<\/title>\n<meta name=\"description\" content=\"Monobutyltin Trichloride CAS 1118-46-3 is key product of LongChang Chemical. We provide best price. We are the leading manufacturer in China with the best quanlity and competitive price.\" \/>\n<meta name=\"robots\" content=\"index, follow, max-snippet:-1, max-image-preview:large, max-video-preview:-1\" \/>\n<link rel=\"canonical\" href=\"https:\/\/longchangchemical.com\/tr\/product\/monobutyltin-trichloride-cas-1118-46-3\/\" \/>\n<meta property=\"og:locale\" content=\"tr_TR\" \/>\n<meta property=\"og:type\" content=\"article\" \/>\n<meta property=\"og:title\" content=\"China Monobutyltin Trichloride CAS 1118-46-3 Manufacturer -Longchang Chemical\" \/>\n<meta property=\"og:description\" content=\"Monobutyltin Trichloride CAS 1118-46-3 is key product of LongChang Chemical. We provide best price. We are the leading manufacturer in China with the best quanlity and competitive price.\" \/>\n<meta property=\"og:url\" content=\"https:\/\/longchangchemical.com\/tr\/product\/monobutyltin-trichloride-cas-1118-46-3\/\" \/>\n<meta property=\"og:site_name\" content=\"Longchang Chemical\" \/>\n<meta property=\"article:modified_time\" content=\"2025-12-16T10:09:30+00:00\" \/>\n<meta property=\"og:image\" content=\"https:\/\/longchangchemical.com\/wp-content\/uploads\/2024\/05\/Monobutyltin-Trichloride.jpg\" \/>\n\t<meta property=\"og:image:width\" content=\"800\" \/>\n\t<meta property=\"og:image:height\" content=\"800\" \/>\n\t<meta property=\"og:image:type\" content=\"image\/jpeg\" \/>\n<meta name=\"twitter:card\" content=\"summary_large_image\" \/>\n<script type=\"application\/ld+json\" class=\"yoast-schema-graph\">{\"@context\":\"https:\/\/schema.org\",\"@graph\":[{\"@type\":\"WebPage\",\"@id\":\"https:\/\/longchangchemical.com\/product\/monobutyltin-trichloride-cas-1118-46-3\/\",\"url\":\"https:\/\/longchangchemical.com\/product\/monobutyltin-trichloride-cas-1118-46-3\/\",\"name\":\"China Monobutyltin Trichloride CAS 1118-46-3 Manufacturer -Longchang Chemical\",\"isPartOf\":{\"@id\":\"https:\/\/longchangchemical.com\/#website\"},\"primaryImageOfPage\":{\"@id\":\"https:\/\/longchangchemical.com\/product\/monobutyltin-trichloride-cas-1118-46-3\/#primaryimage\"},\"image\":{\"@id\":\"https:\/\/longchangchemical.com\/product\/monobutyltin-trichloride-cas-1118-46-3\/#primaryimage\"},\"thumbnailUrl\":\"https:\/\/longchangchemical.com\/wp-content\/uploads\/2024\/05\/Monobutyltin-Trichloride.jpg\",\"datePublished\":\"2024-05-10T00:51:08+00:00\",\"dateModified\":\"2025-12-16T10:09:30+00:00\",\"description\":\"Monobutyltin Trichloride CAS 1118-46-3 is key product of LongChang Chemical. We provide best price. We are the leading manufacturer in China with the best quanlity and competitive price.\",\"breadcrumb\":{\"@id\":\"https:\/\/longchangchemical.com\/product\/monobutyltin-trichloride-cas-1118-46-3\/#breadcrumb\"},\"inLanguage\":\"tr\",\"potentialAction\":[{\"@type\":\"ReadAction\",\"target\":[\"https:\/\/longchangchemical.com\/product\/monobutyltin-trichloride-cas-1118-46-3\/\"]}]},{\"@type\":\"ImageObject\",\"inLanguage\":\"tr\",\"@id\":\"https:\/\/longchangchemical.com\/product\/monobutyltin-trichloride-cas-1118-46-3\/#primaryimage\",\"url\":\"https:\/\/longchangchemical.com\/wp-content\/uploads\/2024\/05\/Monobutyltin-Trichloride.jpg\",\"contentUrl\":\"https:\/\/longchangchemical.com\/wp-content\/uploads\/2024\/05\/Monobutyltin-Trichloride.jpg\",\"width\":800,\"height\":800,\"caption\":\"Monobutyltin Trichloride CAS 1118-46-3\"},{\"@type\":\"BreadcrumbList\",\"@id\":\"https:\/\/longchangchemical.com\/product\/monobutyltin-trichloride-cas-1118-46-3\/#breadcrumb\",\"itemListElement\":[{\"@type\":\"ListItem\",\"position\":1,\"name\":\"Home\",\"item\":\"https:\/\/longchangchemical.com\/\"},{\"@type\":\"ListItem\",\"position\":2,\"name\":\"Products Longchang\",\"item\":\"https:\/\/longchangchemical.com\/product\/\"},{\"@type\":\"ListItem\",\"position\":3,\"name\":\"N-butyltin trichloride \/ Monobutyltin Trichloride CAS 1118-46-3\"}]},{\"@type\":\"WebSite\",\"@id\":\"https:\/\/longchangchemical.com\/#website\",\"url\":\"https:\/\/longchangchemical.com\/\",\"name\":\"Longchang Chemical\",\"description\":\"China chemical manufacturer \uff06 supplier\",\"publisher\":{\"@id\":\"https:\/\/longchangchemical.com\/#organization\"},\"potentialAction\":[{\"@type\":\"SearchAction\",\"target\":{\"@type\":\"EntryPoint\",\"urlTemplate\":\"https:\/\/longchangchemical.com\/?s={search_term_string}\"},\"query-input\":{\"@type\":\"PropertyValueSpecification\",\"valueRequired\":true,\"valueName\":\"search_term_string\"}}],\"inLanguage\":\"tr\"},{\"@type\":\"Organization\",\"@id\":\"https:\/\/longchangchemical.com\/#organization\",\"name\":\"Longchang Chemical\",\"url\":\"https:\/\/longchangchemical.com\/\",\"logo\":{\"@type\":\"ImageObject\",\"inLanguage\":\"tr\",\"@id\":\"https:\/\/longchangchemical.com\/#\/schema\/logo\/image\/\",\"url\":\"https:\/\/longchangchemical.com\/wp-content\/uploads\/2020\/08\/cropped-longchang-logo.png\",\"contentUrl\":\"https:\/\/longchangchemical.com\/wp-content\/uploads\/2020\/08\/cropped-longchang-logo.png\",\"width\":512,\"height\":512,\"caption\":\"Longchang Chemical\"},\"image\":{\"@id\":\"https:\/\/longchangchemical.com\/#\/schema\/logo\/image\/\"}}]}<\/script>\n<!-- \/ Yoast SEO plugin. -->","yoast_head_json":{"title":"\u00c7in Monobutiltin Triklor\u00fcr CAS 1118-46-3 \u00dcretici -Longchang Chemical","description":"Monobutiltin Triklor\u00fcr CAS 1118-46-3, LongChang Chemical'\u0131n temel \u00fcr\u00fcn\u00fcd\u00fcr. En iyi fiyat\u0131 sa\u011fl\u0131yoruz. Biz en iyi quanlity ve rekabet\u00e7i fiyat ile \u00c7in'de lider \u00fcreticisi vard\u0131r.","robots":{"index":"index","follow":"follow","max-snippet":"max-snippet:-1","max-image-preview":"max-image-preview:large","max-video-preview":"max-video-preview:-1"},"canonical":"https:\/\/longchangchemical.com\/tr\/product\/monobutyltin-trichloride-cas-1118-46-3\/","og_locale":"tr_TR","og_type":"article","og_title":"China Monobutyltin Trichloride CAS 1118-46-3 Manufacturer -Longchang Chemical","og_description":"Monobutyltin Trichloride CAS 1118-46-3 is key product of LongChang Chemical. We provide best price. We are the leading manufacturer in China with the best quanlity and competitive price.","og_url":"https:\/\/longchangchemical.com\/tr\/product\/monobutyltin-trichloride-cas-1118-46-3\/","og_site_name":"Longchang Chemical","article_modified_time":"2025-12-16T10:09:30+00:00","og_image":[{"width":800,"height":800,"url":"https:\/\/longchangchemical.com\/wp-content\/uploads\/2024\/05\/Monobutyltin-Trichloride.jpg","type":"image\/jpeg"}],"twitter_card":"summary_large_image","schema":{"@context":"https:\/\/schema.org","@graph":[{"@type":"WebPage","@id":"https:\/\/longchangchemical.com\/product\/monobutyltin-trichloride-cas-1118-46-3\/","url":"https:\/\/longchangchemical.com\/product\/monobutyltin-trichloride-cas-1118-46-3\/","name":"\u00c7in Monobutiltin Triklor\u00fcr CAS 1118-46-3 \u00dcretici -Longchang Chemical","isPartOf":{"@id":"https:\/\/longchangchemical.com\/#website"},"primaryImageOfPage":{"@id":"https:\/\/longchangchemical.com\/product\/monobutyltin-trichloride-cas-1118-46-3\/#primaryimage"},"image":{"@id":"https:\/\/longchangchemical.com\/product\/monobutyltin-trichloride-cas-1118-46-3\/#primaryimage"},"thumbnailUrl":"https:\/\/longchangchemical.com\/wp-content\/uploads\/2024\/05\/Monobutyltin-Trichloride.jpg","datePublished":"2024-05-10T00:51:08+00:00","dateModified":"2025-12-16T10:09:30+00:00","description":"Monobutiltin Triklor\u00fcr CAS 1118-46-3, LongChang Chemical'\u0131n temel \u00fcr\u00fcn\u00fcd\u00fcr. En iyi fiyat\u0131 sa\u011fl\u0131yoruz. Biz en iyi quanlity ve rekabet\u00e7i fiyat ile \u00c7in'de lider \u00fcreticisi vard\u0131r.","breadcrumb":{"@id":"https:\/\/longchangchemical.com\/product\/monobutyltin-trichloride-cas-1118-46-3\/#breadcrumb"},"inLanguage":"tr","potentialAction":[{"@type":"ReadAction","target":["https:\/\/longchangchemical.com\/product\/monobutyltin-trichloride-cas-1118-46-3\/"]}]},{"@type":"ImageObject","inLanguage":"tr","@id":"https:\/\/longchangchemical.com\/product\/monobutyltin-trichloride-cas-1118-46-3\/#primaryimage","url":"https:\/\/longchangchemical.com\/wp-content\/uploads\/2024\/05\/Monobutyltin-Trichloride.jpg","contentUrl":"https:\/\/longchangchemical.com\/wp-content\/uploads\/2024\/05\/Monobutyltin-Trichloride.jpg","width":800,"height":800,"caption":"Monobutyltin Trichloride CAS 1118-46-3"},{"@type":"BreadcrumbList","@id":"https:\/\/longchangchemical.com\/product\/monobutyltin-trichloride-cas-1118-46-3\/#breadcrumb","itemListElement":[{"@type":"ListItem","position":1,"name":"Home","item":"https:\/\/longchangchemical.com\/"},{"@type":"ListItem","position":2,"name":"Products Longchang","item":"https:\/\/longchangchemical.com\/product\/"},{"@type":"ListItem","position":3,"name":"N-butyltin trichloride \/ Monobutyltin Trichloride CAS 1118-46-3"}]},{"@type":"WebSite","@id":"https:\/\/longchangchemical.com\/#website","url":"https:\/\/longchangchemical.com\/","name":"Longchang Kimya","description":"\u00c7in kimyasal \u00fcreticisi \uff06 tedarik\u00e7isi","publisher":{"@id":"https:\/\/longchangchemical.com\/#organization"},"potentialAction":[{"@type":"SearchAction","target":{"@type":"EntryPoint","urlTemplate":"https:\/\/longchangchemical.com\/?s={search_term_string}"},"query-input":{"@type":"PropertyValueSpecification","valueRequired":true,"valueName":"search_term_string"}}],"inLanguage":"tr"},{"@type":"Organization","@id":"https:\/\/longchangchemical.com\/#organization","name":"Longchang Kimya","url":"https:\/\/longchangchemical.com\/","logo":{"@type":"ImageObject","inLanguage":"tr","@id":"https:\/\/longchangchemical.com\/#\/schema\/logo\/image\/","url":"https:\/\/longchangchemical.com\/wp-content\/uploads\/2020\/08\/cropped-longchang-logo.png","contentUrl":"https:\/\/longchangchemical.com\/wp-content\/uploads\/2020\/08\/cropped-longchang-logo.png","width":512,"height":512,"caption":"Longchang Chemical"},"image":{"@id":"https:\/\/longchangchemical.com\/#\/schema\/logo\/image\/"}}]}},"_links":{"self":[{"href":"https:\/\/longchangchemical.com\/tr\/wp-json\/wp\/v2\/product\/6901","targetHints":{"allow":["GET"]}}],"collection":[{"href":"https:\/\/longchangchemical.com\/tr\/wp-json\/wp\/v2\/product"}],"about":[{"href":"https:\/\/longchangchemical.com\/tr\/wp-json\/wp\/v2\/types\/product"}],"replies":[{"embeddable":true,"href":"https:\/\/longchangchemical.com\/tr\/wp-json\/wp\/v2\/comments?post=6901"}],"wp:featuredmedia":[{"embeddable":true,"href":"https:\/\/longchangchemical.com\/tr\/wp-json\/wp\/v2\/media\/6924"}],"wp:attachment":[{"href":"https:\/\/longchangchemical.com\/tr\/wp-json\/wp\/v2\/media?parent=6901"}],"wp:term":[{"taxonomy":"product_brand","embeddable":true,"href":"https:\/\/longchangchemical.com\/tr\/wp-json\/wp\/v2\/product_brand?post=6901"},{"taxonomy":"product_cat","embeddable":true,"href":"https:\/\/longchangchemical.com\/tr\/wp-json\/wp\/v2\/product_cat?post=6901"},{"taxonomy":"product_tag","embeddable":true,"href":"https:\/\/longchangchemical.com\/tr\/wp-json\/wp\/v2\/product_tag?post=6901"}],"curies":[{"name":"wp","href":"https:\/\/api.w.org\/{rel}","templated":true}]}}