{"id":6899,"date":"2024-05-10T00:33:02","date_gmt":"2024-05-10T00:33:02","guid":{"rendered":"https:\/\/longchangchemical.com\/?post_type=product&#038;p=6899"},"modified":"2026-05-08T08:26:27","modified_gmt":"2026-05-08T08:26:27","slug":"methacrylaldehyde-cas-78-85-3","status":"publish","type":"product","link":"https:\/\/longchangchemical.com\/tr\/product\/methacrylaldehyde-cas-78-85-3\/","title":{"rendered":"metakrilaldehit \/ Metakrolein CAS 78-85-3"},"content":{"rendered":"<h2>metakrilaldehit \/ Metakrolein CAS 78-85-3<\/h2>\n<p>\u00dcr\u00fcn Ad\u0131: 2-Metilakrilaldehit 98%<br \/>\nCAS No: 78-85-3<br \/>\nMolek\u00fcler Form\u00fcl: C4H6O<br \/>\nYap\u0131sal form\u00fcl:<\/p>\n<p><img decoding=\"async\" src=\"http:\/\/www.jinghong-chem.com\/uFile\/121704\/image\/202381103624960.png\" alt=\"\" \/><\/p>\n<table style=\"border-collapse: collapse; width: 223.53pt;\" border=\"0\" width=\"298\" cellspacing=\"0\" cellpadding=\"0\">\n<tbody>\n<tr style=\"height: 15.00pt;\">\n<td class=\"et2\" style=\"height: 15.00pt; width: 90.00pt;\" width=\"120\" height=\"20\">\u00d6\u011fe<\/td>\n<td class=\"et2\" style=\"width: 133.50pt;\" width=\"178\">G\u00f6sterge<\/td>\n<\/tr>\n<tr style=\"height: 29.25pt;\">\n<td class=\"et2\" style=\"height: 29.25pt; width: 90.00pt;\" width=\"120\" height=\"39\">G\u00f6r\u00fcn\u00fc\u015f<\/td>\n<td class=\"et2\" style=\"width: 133.50pt;\" width=\"178\">Hafif sar\u0131 \u015feffaf s\u0131v\u0131<\/td>\n<\/tr>\n<tr style=\"height: 15.00pt;\">\n<td class=\"et2\" style=\"height: 15.00pt; width: 90.00pt;\" width=\"120\" height=\"20\">Safl\u0131k<\/td>\n<td class=\"et2\" style=\"width: 133.50pt;\" width=\"178\"><span class=\"font1\">\u226598.0%<\/span><\/td>\n<\/tr>\n<\/tbody>\n<\/table>\n<h2><strong>Di\u011fer ad\u0131:<\/strong><\/h2>\n<p>2-Metil -2-propenal;<\/p>\n<p>Metakrolein;<\/p>\n<p>metakrilaldehit;<\/p>\n<p>Metil-2-propenal;<\/p>\n<p>&nbsp;<\/p>\n<h2><span style=\"color: #000000;\"><strong><b>\u015eimdi Bize Ula\u015f\u0131n!<\/b><\/strong><\/span><\/h2>\n<h4><span style=\"color: #000000;\"><strong><b>Fiyata ihtiyac\u0131n\u0131z varsa, l\u00fctfen a\u015fa\u011f\u0131daki forma ileti\u015fim bilgilerinizi doldurun, genellikle 24 saat i\u00e7inde sizinle ileti\u015fime ge\u00e7ece\u011fiz. Bana e-posta da g\u00f6nderebilirsiniz <span style=\"color: #00ffff;\"><a style=\"color: #00ffff;\" href=\"mailto:info@longchangchemical.com\">info@longchangchemical.com<\/a><\/span> \u00c7al\u0131\u015fma saatleri i\u00e7inde (8:30 - 6:00 UTC+8 Pzt.~Sat.) veya h\u0131zl\u0131 yan\u0131t almak i\u00e7in web sitesi canl\u0131 sohbetini kullan\u0131n.<\/b><\/strong><\/span><\/h4>","protected":false},"excerpt":{"rendered":"<p>methacrylaldehyde Methacrolein CAS 78-85-3 Solvent is a solvent for industrial processing and formulation use.<\/p>","protected":false},"featured_media":6925,"comment_status":"closed","ping_status":"closed","template":"","meta":[],"product_brand":[],"product_cat":[154],"product_tag":[],"class_list":{"0":"post-6899","1":"product","2":"type-product","3":"status-publish","4":"has-post-thumbnail","6":"product_cat-solvent","8":"first","9":"instock","10":"shipping-taxable","11":"product-type-simple"},"yoast_head":"<!-- This site is optimized with the Yoast SEO plugin v25.3.1 - https:\/\/yoast.com\/wordpress\/plugins\/seo\/ -->\n<title>China methacrylaldehyde \/ Methacrolein CAS 78-85-3 Manufacturer - Longchang Chemical<\/title>\n<meta name=\"description\" content=\"methacrylaldehyde \/ Methacrolein CAS 78-85-3 is a key product of Longchang Chemical. We provide the best price. We are the leading manufacturer in China with the best quality and competitive price. Other Name: 2-Methyl -2-propenal; Methacrolein; methacrylaldehyde; Methyl-2-propenal;\u00a0\" \/>\n<meta name=\"robots\" content=\"index, follow, max-snippet:-1, max-image-preview:large, max-video-preview:-1\" \/>\n<link rel=\"canonical\" href=\"https:\/\/longchangchemical.com\/tr\/product\/methacrylaldehyde-cas-78-85-3\/\" \/>\n<meta property=\"og:locale\" content=\"tr_TR\" \/>\n<meta property=\"og:type\" content=\"article\" \/>\n<meta property=\"og:title\" content=\"China methacrylaldehyde \/ Methacrolein CAS 78-85-3 Manufacturer - Longchang Chemical\" \/>\n<meta property=\"og:description\" content=\"methacrylaldehyde \/ Methacrolein CAS 78-85-3 is a key product of Longchang Chemical. We provide the best price. We are the leading manufacturer in China with the best quality and competitive price. Other Name: 2-Methyl -2-propenal; Methacrolein; methacrylaldehyde; Methyl-2-propenal;\u00a0\" \/>\n<meta property=\"og:url\" content=\"https:\/\/longchangchemical.com\/tr\/product\/methacrylaldehyde-cas-78-85-3\/\" \/>\n<meta property=\"og:site_name\" content=\"Longchang Chemical\" \/>\n<meta property=\"article:modified_time\" content=\"2026-05-08T08:26:27+00:00\" \/>\n<meta property=\"og:image\" content=\"https:\/\/longchangchemical.com\/wp-content\/uploads\/2024\/04\/MethacrylaldehydeMethacrolein.jpg\" \/>\n\t<meta property=\"og:image:width\" content=\"800\" \/>\n\t<meta property=\"og:image:height\" content=\"800\" \/>\n\t<meta property=\"og:image:type\" content=\"image\/jpeg\" \/>\n<meta name=\"twitter:card\" content=\"summary_large_image\" \/>\n<script type=\"application\/ld+json\" class=\"yoast-schema-graph\">{\"@context\":\"https:\/\/schema.org\",\"@graph\":[{\"@type\":\"WebPage\",\"@id\":\"https:\/\/longchangchemical.com\/product\/methacrylaldehyde-cas-78-85-3\/\",\"url\":\"https:\/\/longchangchemical.com\/product\/methacrylaldehyde-cas-78-85-3\/\",\"name\":\"China methacrylaldehyde \/ Methacrolein CAS 78-85-3 Manufacturer - Longchang Chemical\",\"isPartOf\":{\"@id\":\"https:\/\/longchangchemical.com\/#website\"},\"primaryImageOfPage\":{\"@id\":\"https:\/\/longchangchemical.com\/product\/methacrylaldehyde-cas-78-85-3\/#primaryimage\"},\"image\":{\"@id\":\"https:\/\/longchangchemical.com\/product\/methacrylaldehyde-cas-78-85-3\/#primaryimage\"},\"thumbnailUrl\":\"https:\/\/longchangchemical.com\/wp-content\/uploads\/2024\/04\/MethacrylaldehydeMethacrolein.jpg\",\"datePublished\":\"2024-05-10T00:33:02+00:00\",\"dateModified\":\"2026-05-08T08:26:27+00:00\",\"description\":\"methacrylaldehyde \/ Methacrolein CAS 78-85-3 is a key product of Longchang Chemical. We provide the best price. We are the leading manufacturer in China with the best quality and competitive price. Other Name: 2-Methyl -2-propenal; Methacrolein; methacrylaldehyde; Methyl-2-propenal;\u00a0\",\"breadcrumb\":{\"@id\":\"https:\/\/longchangchemical.com\/product\/methacrylaldehyde-cas-78-85-3\/#breadcrumb\"},\"inLanguage\":\"tr\",\"potentialAction\":[{\"@type\":\"ReadAction\",\"target\":[\"https:\/\/longchangchemical.com\/product\/methacrylaldehyde-cas-78-85-3\/\"]}]},{\"@type\":\"ImageObject\",\"inLanguage\":\"tr\",\"@id\":\"https:\/\/longchangchemical.com\/product\/methacrylaldehyde-cas-78-85-3\/#primaryimage\",\"url\":\"https:\/\/longchangchemical.com\/wp-content\/uploads\/2024\/04\/MethacrylaldehydeMethacrolein.jpg\",\"contentUrl\":\"https:\/\/longchangchemical.com\/wp-content\/uploads\/2024\/04\/MethacrylaldehydeMethacrolein.jpg\",\"width\":800,\"height\":800,\"caption\":\"methacrylaldehyde \/ Methacrolein CAS 78-85-3\"},{\"@type\":\"BreadcrumbList\",\"@id\":\"https:\/\/longchangchemical.com\/product\/methacrylaldehyde-cas-78-85-3\/#breadcrumb\",\"itemListElement\":[{\"@type\":\"ListItem\",\"position\":1,\"name\":\"Home\",\"item\":\"https:\/\/longchangchemical.com\/\"},{\"@type\":\"ListItem\",\"position\":2,\"name\":\"Products Longchang\",\"item\":\"https:\/\/longchangchemical.com\/product\/\"},{\"@type\":\"ListItem\",\"position\":3,\"name\":\"methacrylaldehyde \/ Methacrolein CAS 78-85-3\"}]},{\"@type\":\"WebSite\",\"@id\":\"https:\/\/longchangchemical.com\/#website\",\"url\":\"https:\/\/longchangchemical.com\/\",\"name\":\"Longchang Chemical\",\"description\":\"China chemical manufacturer \uff06 supplier\",\"publisher\":{\"@id\":\"https:\/\/longchangchemical.com\/#organization\"},\"potentialAction\":[{\"@type\":\"SearchAction\",\"target\":{\"@type\":\"EntryPoint\",\"urlTemplate\":\"https:\/\/longchangchemical.com\/?s={search_term_string}\"},\"query-input\":{\"@type\":\"PropertyValueSpecification\",\"valueRequired\":true,\"valueName\":\"search_term_string\"}}],\"inLanguage\":\"tr\"},{\"@type\":\"Organization\",\"@id\":\"https:\/\/longchangchemical.com\/#organization\",\"name\":\"Longchang Chemical\",\"url\":\"https:\/\/longchangchemical.com\/\",\"logo\":{\"@type\":\"ImageObject\",\"inLanguage\":\"tr\",\"@id\":\"https:\/\/longchangchemical.com\/#\/schema\/logo\/image\/\",\"url\":\"https:\/\/longchangchemical.com\/wp-content\/uploads\/2020\/08\/cropped-longchang-logo.png\",\"contentUrl\":\"https:\/\/longchangchemical.com\/wp-content\/uploads\/2020\/08\/cropped-longchang-logo.png\",\"width\":512,\"height\":512,\"caption\":\"Longchang Chemical\"},\"image\":{\"@id\":\"https:\/\/longchangchemical.com\/#\/schema\/logo\/image\/\"}}]}<\/script>\n<!-- \/ Yoast SEO plugin. -->","yoast_head_json":{"title":"\u00c7in metakrilaldehit \/ Metakrolein CAS 78-85-3 \u00dcretici - Longchang Chemical","description":"metakrilaldehit \/ Metakrolein CAS 78-85-3, Longchang Chemical'\u0131n \u00f6nemli bir \u00fcr\u00fcn\u00fcd\u00fcr. En iyi fiyat\u0131 sa\u011fl\u0131yoruz. En iyi kalite ve rekabet\u00e7i fiyat ile \u00c7in'in \u00f6nde gelen \u00fcreticisiyiz. Di\u011fer Ad\u0131: 2-Metil -2-propenal; Metakrolein; metakrilaldehit; Metil-2-propenal;\u00a0","robots":{"index":"index","follow":"follow","max-snippet":"max-snippet:-1","max-image-preview":"max-image-preview:large","max-video-preview":"max-video-preview:-1"},"canonical":"https:\/\/longchangchemical.com\/tr\/product\/methacrylaldehyde-cas-78-85-3\/","og_locale":"tr_TR","og_type":"article","og_title":"China methacrylaldehyde \/ Methacrolein CAS 78-85-3 Manufacturer - Longchang Chemical","og_description":"methacrylaldehyde \/ Methacrolein CAS 78-85-3 is a key product of Longchang Chemical. We provide the best price. We are the leading manufacturer in China with the best quality and competitive price. Other Name: 2-Methyl -2-propenal; Methacrolein; methacrylaldehyde; Methyl-2-propenal;\u00a0","og_url":"https:\/\/longchangchemical.com\/tr\/product\/methacrylaldehyde-cas-78-85-3\/","og_site_name":"Longchang Chemical","article_modified_time":"2026-05-08T08:26:27+00:00","og_image":[{"width":800,"height":800,"url":"https:\/\/longchangchemical.com\/wp-content\/uploads\/2024\/04\/MethacrylaldehydeMethacrolein.jpg","type":"image\/jpeg"}],"twitter_card":"summary_large_image","schema":{"@context":"https:\/\/schema.org","@graph":[{"@type":"WebPage","@id":"https:\/\/longchangchemical.com\/product\/methacrylaldehyde-cas-78-85-3\/","url":"https:\/\/longchangchemical.com\/product\/methacrylaldehyde-cas-78-85-3\/","name":"\u00c7in metakrilaldehit \/ Metakrolein CAS 78-85-3 \u00dcretici - Longchang Chemical","isPartOf":{"@id":"https:\/\/longchangchemical.com\/#website"},"primaryImageOfPage":{"@id":"https:\/\/longchangchemical.com\/product\/methacrylaldehyde-cas-78-85-3\/#primaryimage"},"image":{"@id":"https:\/\/longchangchemical.com\/product\/methacrylaldehyde-cas-78-85-3\/#primaryimage"},"thumbnailUrl":"https:\/\/longchangchemical.com\/wp-content\/uploads\/2024\/04\/MethacrylaldehydeMethacrolein.jpg","datePublished":"2024-05-10T00:33:02+00:00","dateModified":"2026-05-08T08:26:27+00:00","description":"metakrilaldehit \/ Metakrolein CAS 78-85-3, Longchang Chemical'\u0131n \u00f6nemli bir \u00fcr\u00fcn\u00fcd\u00fcr. En iyi fiyat\u0131 sa\u011fl\u0131yoruz. En iyi kalite ve rekabet\u00e7i fiyat ile \u00c7in'in \u00f6nde gelen \u00fcreticisiyiz. Di\u011fer Ad\u0131: 2-Metil -2-propenal; Metakrolein; metakrilaldehit; Metil-2-propenal;\u00a0","breadcrumb":{"@id":"https:\/\/longchangchemical.com\/product\/methacrylaldehyde-cas-78-85-3\/#breadcrumb"},"inLanguage":"tr","potentialAction":[{"@type":"ReadAction","target":["https:\/\/longchangchemical.com\/product\/methacrylaldehyde-cas-78-85-3\/"]}]},{"@type":"ImageObject","inLanguage":"tr","@id":"https:\/\/longchangchemical.com\/product\/methacrylaldehyde-cas-78-85-3\/#primaryimage","url":"https:\/\/longchangchemical.com\/wp-content\/uploads\/2024\/04\/MethacrylaldehydeMethacrolein.jpg","contentUrl":"https:\/\/longchangchemical.com\/wp-content\/uploads\/2024\/04\/MethacrylaldehydeMethacrolein.jpg","width":800,"height":800,"caption":"methacrylaldehyde \/ Methacrolein CAS 78-85-3"},{"@type":"BreadcrumbList","@id":"https:\/\/longchangchemical.com\/product\/methacrylaldehyde-cas-78-85-3\/#breadcrumb","itemListElement":[{"@type":"ListItem","position":1,"name":"Home","item":"https:\/\/longchangchemical.com\/"},{"@type":"ListItem","position":2,"name":"Products Longchang","item":"https:\/\/longchangchemical.com\/product\/"},{"@type":"ListItem","position":3,"name":"methacrylaldehyde \/ Methacrolein CAS 78-85-3"}]},{"@type":"WebSite","@id":"https:\/\/longchangchemical.com\/#website","url":"https:\/\/longchangchemical.com\/","name":"Longchang Kimya","description":"\u00c7in kimyasal \u00fcreticisi \uff06 tedarik\u00e7isi","publisher":{"@id":"https:\/\/longchangchemical.com\/#organization"},"potentialAction":[{"@type":"SearchAction","target":{"@type":"EntryPoint","urlTemplate":"https:\/\/longchangchemical.com\/?s={search_term_string}"},"query-input":{"@type":"PropertyValueSpecification","valueRequired":true,"valueName":"search_term_string"}}],"inLanguage":"tr"},{"@type":"Organization","@id":"https:\/\/longchangchemical.com\/#organization","name":"Longchang Kimya","url":"https:\/\/longchangchemical.com\/","logo":{"@type":"ImageObject","inLanguage":"tr","@id":"https:\/\/longchangchemical.com\/#\/schema\/logo\/image\/","url":"https:\/\/longchangchemical.com\/wp-content\/uploads\/2020\/08\/cropped-longchang-logo.png","contentUrl":"https:\/\/longchangchemical.com\/wp-content\/uploads\/2020\/08\/cropped-longchang-logo.png","width":512,"height":512,"caption":"Longchang Chemical"},"image":{"@id":"https:\/\/longchangchemical.com\/#\/schema\/logo\/image\/"}}]}},"_links":{"self":[{"href":"https:\/\/longchangchemical.com\/tr\/wp-json\/wp\/v2\/product\/6899","targetHints":{"allow":["GET"]}}],"collection":[{"href":"https:\/\/longchangchemical.com\/tr\/wp-json\/wp\/v2\/product"}],"about":[{"href":"https:\/\/longchangchemical.com\/tr\/wp-json\/wp\/v2\/types\/product"}],"replies":[{"embeddable":true,"href":"https:\/\/longchangchemical.com\/tr\/wp-json\/wp\/v2\/comments?post=6899"}],"wp:featuredmedia":[{"embeddable":true,"href":"https:\/\/longchangchemical.com\/tr\/wp-json\/wp\/v2\/media\/6925"}],"wp:attachment":[{"href":"https:\/\/longchangchemical.com\/tr\/wp-json\/wp\/v2\/media?parent=6899"}],"wp:term":[{"taxonomy":"product_brand","embeddable":true,"href":"https:\/\/longchangchemical.com\/tr\/wp-json\/wp\/v2\/product_brand?post=6899"},{"taxonomy":"product_cat","embeddable":true,"href":"https:\/\/longchangchemical.com\/tr\/wp-json\/wp\/v2\/product_cat?post=6899"},{"taxonomy":"product_tag","embeddable":true,"href":"https:\/\/longchangchemical.com\/tr\/wp-json\/wp\/v2\/product_tag?post=6899"}],"curies":[{"name":"wp","href":"https:\/\/api.w.org\/{rel}","templated":true}]}}