{"id":6893,"date":"2024-04-29T01:51:00","date_gmt":"2024-04-29T01:51:00","guid":{"rendered":"https:\/\/longchangchemical.com\/?post_type=product&#038;p=6893"},"modified":"2025-12-17T02:07:40","modified_gmt":"2025-12-17T02:07:40","slug":"stannous-chloride-anhydrous-cas-7772-99-8","status":"publish","type":"product","link":"https:\/\/longchangchemical.com\/tr\/product\/stannous-chloride-anhydrous-cas-7772-99-8\/","title":{"rendered":"Stannous Chloride susuz CAS 7772-99-8"},"content":{"rendered":"<h1>Stannous Chloride susuz CAS 7772-99-8<\/h1>\n<h1 style=\"font-family: Roboto; font-weight: var(--h2_typography-font-weight); line-height: var(--h2_typography-line-height); font-size: var(--h2_typography-font-size); color: var(--h2_typography-color); margin-top: var(--h2_typography-margin-top); margin-bottom: var(--h2_typography-margin-bottom);\">Molek\u00fcler Fom\u00fcl:Cl2Sn<\/h1>\n<h1 style=\"font-family: Roboto; font-weight: var(--h2_typography-font-weight); line-height: var(--h2_typography-line-height); font-size: var(--h2_typography-font-size); color: var(--h2_typography-color); margin-top: var(--h2_typography-margin-top); margin-bottom: var(--h2_typography-margin-bottom);\">Molek\u00fcler A\u011f\u0131rl\u0131k: 189.62<\/h1>\n<p style=\"margin: 0px 0px 20px; color: #4a4e57; font-family: Roboto;\">G\u00f6r\u00fcn\u00fcm:Beyaz toz<\/p>\n<p style=\"margin: 0px 0px 20px; color: #4a4e57; font-family: Roboto;\">\u0130\u00e7erik: 99%<\/p>\n<p style=\"margin: 0px 0px 20px; color: #4a4e57; font-family: Roboto;\"><span style=\"font-weight: bolder;\">Stannous Chloride anhydrousTipik \u00d6zellikler<\/span><\/p>\n<table class=\"table-1\" style=\"max-width: 100%; border-collapse: collapse; border-spacing: 0px; --awb-margin-top: 0; --awb-margin-right: 0; --awb-margin-bottom: 0; --awb-margin-left: 0; margin: var(--awb-margin-top) var(--awb-margin-right) var(--awb-margin-bottom) var(--awb-margin-left); color: #4a4e57; font-family: Roboto; width: 540.781px;\" cellspacing=\"0\">\n<tbody>\n<tr>\n<td style=\"border: 1px solid #dcdcdc; padding: 10px 20px; width: 271.858px;\"><span style=\"font-weight: bolder;\">\u00d6\u011fe<\/span><\/td>\n<td style=\"border: 1px solid #dcdcdc; padding: 10px 20px; width: 169.809px;\"><span style=\"font-weight: bolder;\">Teknik \u00d6zellikler<\/span><\/td>\n<td style=\"border: 1px solid #dcdcdc; padding: 10px 20px; width: 98.0035px;\"><span style=\"font-weight: bolder;\">Sonu\u00e7lar<\/span><\/td>\n<\/tr>\n<tr style=\"background: #f6f6f6;\">\n<td style=\"border: 1px solid #dcdcdc; padding: 10px 20px; width: 271.858px;\">SnCl2%<\/td>\n<td style=\"border: 1px solid #dcdcdc; padding: 10px 20px; width: 169.809px;\">\u226598.5%<\/td>\n<td style=\"border: 1px solid #dcdcdc; padding: 10px 20px; width: 98.0035px;\">99.38<\/td>\n<\/tr>\n<tr>\n<td style=\"border: 1px solid #dcdcdc; padding: 10px 20px; width: 271.858px;\">Cu%<\/td>\n<td style=\"border: 1px solid #dcdcdc; padding: 10px 20px; width: 169.809px;\">\u22640.002<\/td>\n<td style=\"border: 1px solid #dcdcdc; padding: 10px 20px; width: 98.0035px;\">0.0002<\/td>\n<\/tr>\n<tr style=\"background: #f6f6f6;\">\n<td style=\"border: 1px solid #dcdcdc; padding: 10px 20px; width: 271.858px;\">Pb%<\/td>\n<td style=\"border: 1px solid #dcdcdc; padding: 10px 20px; width: 169.809px;\">\u22640.03<\/td>\n<td style=\"border: 1px solid #dcdcdc; padding: 10px 20px; width: 98.0035px;\">0.0032<\/td>\n<\/tr>\n<tr>\n<td style=\"border: 1px solid #dcdcdc; padding: 10px 20px; width: 271.858px;\">Fe%<\/td>\n<td style=\"border: 1px solid #dcdcdc; padding: 10px 20px; width: 169.809px;\">\u22640.03<\/td>\n<td style=\"border: 1px solid #dcdcdc; padding: 10px 20px; width: 98.0035px;\">0.0047<\/td>\n<\/tr>\n<tr style=\"background: #f6f6f6;\">\n<td style=\"border: 1px solid #dcdcdc; padding: 10px 20px; width: 271.858px;\">SnO4<sup>2-<\/sup>%<\/td>\n<td style=\"border: 1px solid #dcdcdc; padding: 10px 20px; width: 169.809px;\">\u22640.1<\/td>\n<td style=\"border: 1px solid #dcdcdc; padding: 10px 20px; width: 98.0035px;\">0.0008<\/td>\n<\/tr>\n<tr>\n<td style=\"border: 1px solid #dcdcdc; padding: 10px 20px; width: 271.858px;\">Alkali Metal Alkali Toprak Metal (K Na)%<\/td>\n<td style=\"border: 1px solid #dcdcdc; padding: 10px 20px; width: 169.809px;\">\u22640.1<\/td>\n<td style=\"border: 1px solid #dcdcdc; padding: 10px 20px; width: 98.0035px;\">0.010<\/td>\n<\/tr>\n<tr style=\"background: #f6f6f6;\">\n<td style=\"border: 1px solid #dcdcdc; padding: 10px 20px; width: 271.858px;\">Yanma Kayb\u0131%<\/td>\n<td style=\"border: 1px solid #dcdcdc; padding: 10px 20px; width: 169.809px;\">\u22640.5<\/td>\n<td style=\"border: 1px solid #dcdcdc; padding: 10px 20px; width: 98.0035px;\">0.2750<\/td>\n<\/tr>\n<tr>\n<td style=\"border: 1px solid #dcdcdc; padding: 10px 20px; width: 271.858px;\">Sonu\u00e7<\/td>\n<td style=\"border: 1px solid #dcdcdc; padding: 10px 20px; width: 267.812px;\" colspan=\"2\">Sonu\u00e7lar kurumsal standartlarla uyumludur<\/td>\n<\/tr>\n<\/tbody>\n<\/table>\n<p style=\"margin: 0px 0px 20px; color: #4a4e57; font-family: Roboto;\"><span style=\"font-weight: bolder;\">Stannous Chloride susuz Kullan\u0131m<\/span><\/p>\n<p style=\"margin: 0px 0px 20px; color: #4a4e57; font-family: Roboto;\">G\u00fcm\u00fc\u015f, arsenik, molibden, vb. tayini i\u00e7in kullan\u0131l\u0131r, ayr\u0131ca mordan, indirgeyici ajan olarak da kullan\u0131l\u0131r.<\/p>\n<p style=\"margin: 0px 0px 20px; color: #4a4e57; font-family: Roboto;\"><span style=\"font-weight: bolder;\">Stannous Chloride susuz Paket<\/span><\/p>\n<p style=\"margin: 0px 0px 20px; color: #4a4e57; font-family: Roboto;\">25kg\/ bidon<\/p>\n<h2><strong>Di\u011fer ad\u0131:<\/strong><\/h2>\n<p>diklorostannan;<br \/>\ndiklorotin;<br \/>\nEstocat 150;<br \/>\nSusuz Stannous Chloride;<br \/>\nStannous chloride;<br \/>\nSTANNOUS CHLORIDE;<br \/>\nKalay klor\u00fcr;<br \/>\nKalay diklor\u00fcr;<br \/>\nKalayII klor\u00fcr;<\/p>\n<h3>\u015eimdi Bize Ula\u015f\u0131n!<\/h3>\n<h3>Fiyat veya numune testine ihtiyac\u0131n\u0131z varsa, l\u00fctfen bize e-posta g\u00f6nderin <span style=\"color: #0267c1;\"><a style=\"color: #0267c1;\" href=\"mailto:info@longchangchemical.com\"><strong>info@longchangchemical.com<\/strong><\/a><\/span>veya h\u0131zl\u0131 yan\u0131t almak i\u00e7in web sitesi canl\u0131 sohbetini kullan\u0131n.<\/h3>","protected":false},"excerpt":{"rendered":"<p style=\"margin: 0px 0px 20px; color: #4a4e57; font-family: Roboto;\">Kimyasal Ad\u0131: Susuz Stann\u00f6z Klor\u00fcr<\/p>\n<p style=\"margin: 0px 0px 20px; color: #4a4e57; font-family: Roboto;\">CAS: 7772-99-8<\/p>\n<p style=\"margin: 0px 0px 20px; color: #4a4e57; font-family: Roboto;\">G\u00f6r\u00fcn\u00fc\u015f: Beyaz toz<\/p>\n<p style=\"margin: 0px 0px 20px; color: #4a4e57; font-family: Roboto;\">\u0130\u00e7erik: 99%<\/p>","protected":false},"featured_media":6913,"comment_status":"closed","ping_status":"closed","template":"","meta":[],"product_brand":[],"product_cat":[113],"product_tag":[],"class_list":{"0":"post-6893","1":"product","2":"type-product","3":"status-publish","4":"has-post-thumbnail","6":"product_cat-organic-intermediate","8":"first","9":"instock","10":"shipping-taxable","11":"product-type-simple"},"yoast_head":"<!-- This site is optimized with the Yoast SEO plugin v25.3.1 - https:\/\/yoast.com\/wordpress\/plugins\/seo\/ -->\n<title>China Stannous Chloride anhydrous cas 7772-99-8 Manufacturer CAS 7772-99-8 -Longchang Chemical<\/title>\n<meta name=\"description\" content=\"Stannous Chloride anhydrous is key product of LongChang Chemical. We provide best price. We are the leading manufacturer in China with the best quanlity and competitive price. Other Name: dichlorostannane;\u00a0dichlorotin;\u00a0Estocat 150;\u00a0Stannous Chloride anhydrous;\u00a0Stannous chloride;\u00a0STANNOUS CHLORIDE;\u00a0tin chloride;\u00a0Tin dichloride;\u00a0TinII chloride;\u00a0\" \/>\n<meta name=\"robots\" content=\"index, follow, max-snippet:-1, max-image-preview:large, max-video-preview:-1\" \/>\n<link rel=\"canonical\" href=\"https:\/\/longchangchemical.com\/tr\/product\/stannous-chloride-anhydrous-cas-7772-99-8\/\" \/>\n<meta property=\"og:locale\" content=\"tr_TR\" \/>\n<meta property=\"og:type\" content=\"article\" \/>\n<meta property=\"og:title\" content=\"China Stannous Chloride anhydrous cas 7772-99-8 Manufacturer CAS 7772-99-8 -Longchang Chemical\" \/>\n<meta property=\"og:description\" content=\"Stannous Chloride anhydrous is key product of LongChang Chemical. We provide best price. We are the leading manufacturer in China with the best quanlity and competitive price. Other Name: dichlorostannane;\u00a0dichlorotin;\u00a0Estocat 150;\u00a0Stannous Chloride anhydrous;\u00a0Stannous chloride;\u00a0STANNOUS CHLORIDE;\u00a0tin chloride;\u00a0Tin dichloride;\u00a0TinII chloride;\u00a0\" \/>\n<meta property=\"og:url\" content=\"https:\/\/longchangchemical.com\/tr\/product\/stannous-chloride-anhydrous-cas-7772-99-8\/\" \/>\n<meta property=\"og:site_name\" content=\"Longchang Chemical\" \/>\n<meta property=\"article:modified_time\" content=\"2025-12-17T02:07:40+00:00\" \/>\n<meta property=\"og:image\" content=\"https:\/\/longchangchemical.com\/wp-content\/uploads\/2024\/04\/Stannous-Chloride-Anhydrous.jpg\" \/>\n\t<meta property=\"og:image:width\" content=\"800\" \/>\n\t<meta property=\"og:image:height\" content=\"800\" \/>\n\t<meta property=\"og:image:type\" content=\"image\/jpeg\" \/>\n<meta name=\"twitter:card\" content=\"summary_large_image\" \/>\n<script type=\"application\/ld+json\" class=\"yoast-schema-graph\">{\"@context\":\"https:\/\/schema.org\",\"@graph\":[{\"@type\":\"WebPage\",\"@id\":\"https:\/\/longchangchemical.com\/product\/stannous-chloride-anhydrous-cas-7772-99-8\/\",\"url\":\"https:\/\/longchangchemical.com\/product\/stannous-chloride-anhydrous-cas-7772-99-8\/\",\"name\":\"China Stannous Chloride anhydrous cas 7772-99-8 Manufacturer CAS 7772-99-8 -Longchang Chemical\",\"isPartOf\":{\"@id\":\"https:\/\/longchangchemical.com\/#website\"},\"primaryImageOfPage\":{\"@id\":\"https:\/\/longchangchemical.com\/product\/stannous-chloride-anhydrous-cas-7772-99-8\/#primaryimage\"},\"image\":{\"@id\":\"https:\/\/longchangchemical.com\/product\/stannous-chloride-anhydrous-cas-7772-99-8\/#primaryimage\"},\"thumbnailUrl\":\"https:\/\/longchangchemical.com\/wp-content\/uploads\/2024\/04\/Stannous-Chloride-Anhydrous.jpg\",\"datePublished\":\"2024-04-29T01:51:00+00:00\",\"dateModified\":\"2025-12-17T02:07:40+00:00\",\"description\":\"Stannous Chloride anhydrous is key product of LongChang Chemical. We provide best price. We are the leading manufacturer in China with the best quanlity and competitive price. Other Name: dichlorostannane;\u00a0dichlorotin;\u00a0Estocat 150;\u00a0Stannous Chloride anhydrous;\u00a0Stannous chloride;\u00a0STANNOUS CHLORIDE;\u00a0tin chloride;\u00a0Tin dichloride;\u00a0TinII chloride;\u00a0\",\"breadcrumb\":{\"@id\":\"https:\/\/longchangchemical.com\/product\/stannous-chloride-anhydrous-cas-7772-99-8\/#breadcrumb\"},\"inLanguage\":\"tr\",\"potentialAction\":[{\"@type\":\"ReadAction\",\"target\":[\"https:\/\/longchangchemical.com\/product\/stannous-chloride-anhydrous-cas-7772-99-8\/\"]}]},{\"@type\":\"ImageObject\",\"inLanguage\":\"tr\",\"@id\":\"https:\/\/longchangchemical.com\/product\/stannous-chloride-anhydrous-cas-7772-99-8\/#primaryimage\",\"url\":\"https:\/\/longchangchemical.com\/wp-content\/uploads\/2024\/04\/Stannous-Chloride-Anhydrous.jpg\",\"contentUrl\":\"https:\/\/longchangchemical.com\/wp-content\/uploads\/2024\/04\/Stannous-Chloride-Anhydrous.jpg\",\"width\":800,\"height\":800},{\"@type\":\"BreadcrumbList\",\"@id\":\"https:\/\/longchangchemical.com\/product\/stannous-chloride-anhydrous-cas-7772-99-8\/#breadcrumb\",\"itemListElement\":[{\"@type\":\"ListItem\",\"position\":1,\"name\":\"Home\",\"item\":\"https:\/\/longchangchemical.com\/\"},{\"@type\":\"ListItem\",\"position\":2,\"name\":\"Products Longchang\",\"item\":\"https:\/\/longchangchemical.com\/product\/\"},{\"@type\":\"ListItem\",\"position\":3,\"name\":\"Stannous Chloride anhydrous CAS 7772-99-8\"}]},{\"@type\":\"WebSite\",\"@id\":\"https:\/\/longchangchemical.com\/#website\",\"url\":\"https:\/\/longchangchemical.com\/\",\"name\":\"Longchang Chemical\",\"description\":\"China chemical manufacturer \uff06 supplier\",\"publisher\":{\"@id\":\"https:\/\/longchangchemical.com\/#organization\"},\"potentialAction\":[{\"@type\":\"SearchAction\",\"target\":{\"@type\":\"EntryPoint\",\"urlTemplate\":\"https:\/\/longchangchemical.com\/?s={search_term_string}\"},\"query-input\":{\"@type\":\"PropertyValueSpecification\",\"valueRequired\":true,\"valueName\":\"search_term_string\"}}],\"inLanguage\":\"tr\"},{\"@type\":\"Organization\",\"@id\":\"https:\/\/longchangchemical.com\/#organization\",\"name\":\"Longchang Chemical\",\"url\":\"https:\/\/longchangchemical.com\/\",\"logo\":{\"@type\":\"ImageObject\",\"inLanguage\":\"tr\",\"@id\":\"https:\/\/longchangchemical.com\/#\/schema\/logo\/image\/\",\"url\":\"https:\/\/longchangchemical.com\/wp-content\/uploads\/2020\/08\/cropped-longchang-logo.png\",\"contentUrl\":\"https:\/\/longchangchemical.com\/wp-content\/uploads\/2020\/08\/cropped-longchang-logo.png\",\"width\":512,\"height\":512,\"caption\":\"Longchang Chemical\"},\"image\":{\"@id\":\"https:\/\/longchangchemical.com\/#\/schema\/logo\/image\/\"}}]}<\/script>\n<!-- \/ Yoast SEO plugin. -->","yoast_head_json":{"title":"\u00c7in Stannous Chloride anhydrous cas 7772-99-8 \u00dcretici CAS 7772-99-8 -Longchang Chemical","description":"Stannous Chloride anhydrous, LongChang Chemical'\u0131n temel \u00fcr\u00fcn\u00fcd\u00fcr. En iyi fiyat\u0131 sa\u011fl\u0131yoruz. Biz en iyi quanlity ve rekabet\u00e7i fiyat ile \u00c7in'de lider \u00fcreticisi vard\u0131r. Di\u011fer Ad\u0131: diklorostannan; diklorotin; Estocat 150; Stannous Chloride susuz; Stannous klor\u00fcr; STANNOUS KLOR\u00dcR; kalay klor\u00fcr; Kalay diklor\u00fcr; KalayII klor\u00fcr;\u00a0","robots":{"index":"index","follow":"follow","max-snippet":"max-snippet:-1","max-image-preview":"max-image-preview:large","max-video-preview":"max-video-preview:-1"},"canonical":"https:\/\/longchangchemical.com\/tr\/product\/stannous-chloride-anhydrous-cas-7772-99-8\/","og_locale":"tr_TR","og_type":"article","og_title":"China Stannous Chloride anhydrous cas 7772-99-8 Manufacturer CAS 7772-99-8 -Longchang Chemical","og_description":"Stannous Chloride anhydrous is key product of LongChang Chemical. We provide best price. We are the leading manufacturer in China with the best quanlity and competitive price. Other Name: dichlorostannane;\u00a0dichlorotin;\u00a0Estocat 150;\u00a0Stannous Chloride anhydrous;\u00a0Stannous chloride;\u00a0STANNOUS CHLORIDE;\u00a0tin chloride;\u00a0Tin dichloride;\u00a0TinII chloride;\u00a0","og_url":"https:\/\/longchangchemical.com\/tr\/product\/stannous-chloride-anhydrous-cas-7772-99-8\/","og_site_name":"Longchang Chemical","article_modified_time":"2025-12-17T02:07:40+00:00","og_image":[{"width":800,"height":800,"url":"https:\/\/longchangchemical.com\/wp-content\/uploads\/2024\/04\/Stannous-Chloride-Anhydrous.jpg","type":"image\/jpeg"}],"twitter_card":"summary_large_image","schema":{"@context":"https:\/\/schema.org","@graph":[{"@type":"WebPage","@id":"https:\/\/longchangchemical.com\/product\/stannous-chloride-anhydrous-cas-7772-99-8\/","url":"https:\/\/longchangchemical.com\/product\/stannous-chloride-anhydrous-cas-7772-99-8\/","name":"\u00c7in Stannous Chloride anhydrous cas 7772-99-8 \u00dcretici CAS 7772-99-8 -Longchang Chemical","isPartOf":{"@id":"https:\/\/longchangchemical.com\/#website"},"primaryImageOfPage":{"@id":"https:\/\/longchangchemical.com\/product\/stannous-chloride-anhydrous-cas-7772-99-8\/#primaryimage"},"image":{"@id":"https:\/\/longchangchemical.com\/product\/stannous-chloride-anhydrous-cas-7772-99-8\/#primaryimage"},"thumbnailUrl":"https:\/\/longchangchemical.com\/wp-content\/uploads\/2024\/04\/Stannous-Chloride-Anhydrous.jpg","datePublished":"2024-04-29T01:51:00+00:00","dateModified":"2025-12-17T02:07:40+00:00","description":"Stannous Chloride anhydrous, LongChang Chemical'\u0131n temel \u00fcr\u00fcn\u00fcd\u00fcr. En iyi fiyat\u0131 sa\u011fl\u0131yoruz. Biz en iyi quanlity ve rekabet\u00e7i fiyat ile \u00c7in'de lider \u00fcreticisi vard\u0131r. Di\u011fer Ad\u0131: diklorostannan; diklorotin; Estocat 150; Stannous Chloride susuz; Stannous klor\u00fcr; STANNOUS KLOR\u00dcR; kalay klor\u00fcr; Kalay diklor\u00fcr; KalayII klor\u00fcr;\u00a0","breadcrumb":{"@id":"https:\/\/longchangchemical.com\/product\/stannous-chloride-anhydrous-cas-7772-99-8\/#breadcrumb"},"inLanguage":"tr","potentialAction":[{"@type":"ReadAction","target":["https:\/\/longchangchemical.com\/product\/stannous-chloride-anhydrous-cas-7772-99-8\/"]}]},{"@type":"ImageObject","inLanguage":"tr","@id":"https:\/\/longchangchemical.com\/product\/stannous-chloride-anhydrous-cas-7772-99-8\/#primaryimage","url":"https:\/\/longchangchemical.com\/wp-content\/uploads\/2024\/04\/Stannous-Chloride-Anhydrous.jpg","contentUrl":"https:\/\/longchangchemical.com\/wp-content\/uploads\/2024\/04\/Stannous-Chloride-Anhydrous.jpg","width":800,"height":800},{"@type":"BreadcrumbList","@id":"https:\/\/longchangchemical.com\/product\/stannous-chloride-anhydrous-cas-7772-99-8\/#breadcrumb","itemListElement":[{"@type":"ListItem","position":1,"name":"Home","item":"https:\/\/longchangchemical.com\/"},{"@type":"ListItem","position":2,"name":"Products Longchang","item":"https:\/\/longchangchemical.com\/product\/"},{"@type":"ListItem","position":3,"name":"Stannous Chloride anhydrous CAS 7772-99-8"}]},{"@type":"WebSite","@id":"https:\/\/longchangchemical.com\/#website","url":"https:\/\/longchangchemical.com\/","name":"Longchang Kimya","description":"\u00c7in kimyasal \u00fcreticisi \uff06 tedarik\u00e7isi","publisher":{"@id":"https:\/\/longchangchemical.com\/#organization"},"potentialAction":[{"@type":"SearchAction","target":{"@type":"EntryPoint","urlTemplate":"https:\/\/longchangchemical.com\/?s={search_term_string}"},"query-input":{"@type":"PropertyValueSpecification","valueRequired":true,"valueName":"search_term_string"}}],"inLanguage":"tr"},{"@type":"Organization","@id":"https:\/\/longchangchemical.com\/#organization","name":"Longchang Kimya","url":"https:\/\/longchangchemical.com\/","logo":{"@type":"ImageObject","inLanguage":"tr","@id":"https:\/\/longchangchemical.com\/#\/schema\/logo\/image\/","url":"https:\/\/longchangchemical.com\/wp-content\/uploads\/2020\/08\/cropped-longchang-logo.png","contentUrl":"https:\/\/longchangchemical.com\/wp-content\/uploads\/2020\/08\/cropped-longchang-logo.png","width":512,"height":512,"caption":"Longchang Chemical"},"image":{"@id":"https:\/\/longchangchemical.com\/#\/schema\/logo\/image\/"}}]}},"_links":{"self":[{"href":"https:\/\/longchangchemical.com\/tr\/wp-json\/wp\/v2\/product\/6893","targetHints":{"allow":["GET"]}}],"collection":[{"href":"https:\/\/longchangchemical.com\/tr\/wp-json\/wp\/v2\/product"}],"about":[{"href":"https:\/\/longchangchemical.com\/tr\/wp-json\/wp\/v2\/types\/product"}],"replies":[{"embeddable":true,"href":"https:\/\/longchangchemical.com\/tr\/wp-json\/wp\/v2\/comments?post=6893"}],"wp:featuredmedia":[{"embeddable":true,"href":"https:\/\/longchangchemical.com\/tr\/wp-json\/wp\/v2\/media\/6913"}],"wp:attachment":[{"href":"https:\/\/longchangchemical.com\/tr\/wp-json\/wp\/v2\/media?parent=6893"}],"wp:term":[{"taxonomy":"product_brand","embeddable":true,"href":"https:\/\/longchangchemical.com\/tr\/wp-json\/wp\/v2\/product_brand?post=6893"},{"taxonomy":"product_cat","embeddable":true,"href":"https:\/\/longchangchemical.com\/tr\/wp-json\/wp\/v2\/product_cat?post=6893"},{"taxonomy":"product_tag","embeddable":true,"href":"https:\/\/longchangchemical.com\/tr\/wp-json\/wp\/v2\/product_tag?post=6893"}],"curies":[{"name":"wp","href":"https:\/\/api.w.org\/{rel}","templated":true}]}}