{"id":6764,"date":"2024-03-22T06:14:09","date_gmt":"2024-03-22T06:14:09","guid":{"rendered":"https:\/\/longchangchemical.com\/?post_type=product&#038;p=6764"},"modified":"2025-12-17T02:26:44","modified_gmt":"2025-12-17T02:26:44","slug":"amp-95-cas-124-68-5","status":"publish","type":"product","link":"https:\/\/longchangchemical.com\/tr\/product\/amp-95-cas-124-68-5\/","title":{"rendered":"AMP-95 CAS 124-68-5"},"content":{"rendered":"<p><strong>2-Amino-2-metil-1-propanol Detay<\/strong><\/p>\n<p>Kimyasal Ad\u0131: AMP-95 MULTIFUCTION ORGANIK-AMIN MADDESI<\/p>\n<p>CAS No: 124-68-5<\/p>\n<p>Molek\u00fcler Fom\u00fcl: C4H11NO<\/p>\n<p>Kimyasal Yap\u0131:\u00a0<img decoding=\"async\" class=\"alignnone wp-image-195152 size-full\" src=\"https:\/\/longchangchemical.com\/wp-content\/uploads\/2023\/12\/2-Amino-2-methyl-1-propanol-CAS-124-68-5.png\" alt=\"2-Amino-2-metil-1-propanol CAS 124-68-5\" width=\"160\" height=\"86\" \/><\/p>\n<p>Molek\u00fcl a\u011f\u0131rl\u0131\u011f\u0131: 89,14<\/p>\n<p>G\u00f6r\u00fcn\u00fc\u015f: Renksiz veya a\u00e7\u0131k sar\u0131 \u015feffaf s\u0131v\u0131, mekanik safs\u0131zl\u0131k yok<\/p>\n<p><b>AMP-95 Tipik \u00d6zellikler:<\/b><\/p>\n<p><a href=\"https:\/\/longchangchemical.com\/wp-content\/uploads\/2023\/12\/2-Amino-2-methyl-1-propanol-CAS-124-68-5-1.png\" data-caption=\"\"><img decoding=\"async\" class=\"alignnone size-full wp-image-195153\" src=\"https:\/\/longchangchemical.com\/wp-content\/uploads\/2023\/12\/2-Amino-2-methyl-1-propanol-CAS-124-68-5-1.png\" sizes=\"(max-width: 635px) 100vw, 635px\" srcset=\"https:\/\/longchangchemical.com\/wp-content\/uploads\/2023\/12\/2-Amino-2-methyl-1-propanol-CAS-124-68-5-1-500x170.png 500w, https:\/\/longchangchemical.com\/wp-content\/uploads\/2023\/12\/2-Amino-2-methyl-1-propanol-CAS-124-68-5-1.png 635w\" alt=\"2-Amino-2-metil-1-propanol CAS 124-68-5\" width=\"635\" height=\"216\" \/><\/a><\/p>\n<p><b>AMP-95 Kullan\u0131m:<\/b><\/p>\n<p>1. \u00c7e\u015fitli lateks boya t\u00fcrleri<\/p>\n<p>2. Su bazl\u0131 end\u00fcstriyel boya<\/p>\n<p>3. Sentetik em\u00fclsiyon<\/p>\n<p>4. Su bazl\u0131 yap\u0131\u015ft\u0131r\u0131c\u0131lar<\/p>\n<p><b>Kullan\u0131m y\u00f6ntemi<\/b><\/p>\n<p>1 Dozaj, form\u00fcl\u00fcn toplam a\u011f\u0131rl\u0131\u011f\u0131n\u0131n 0.1~1.0%'sidir.<\/p>\n<p>2 Toplam miktar\u0131n 1\/3~1\/2'sini hamur haline getirme a\u015famas\u0131nda ekleyin ve geri kalan\u0131n\u0131 boya kar\u0131\u015ft\u0131rma a\u015famas\u0131nda ekleyin.<\/p>\n<p>3 Hamurla\u015ft\u0131rma a\u015famas\u0131nda dispersan ile suya ekleyin ve tam \u00e7\u00f6z\u00fcnmeden sonra h\u0131zl\u0131 kar\u0131\u015ft\u0131rma alt\u0131nda s\u0131rayla pigment dolgu maddesi ekleyin. H\u0131zl\u0131 kar\u0131\u015ft\u0131rma alt\u0131nda s\u0131rayla pigment dolgu maddesi ekleyin<\/p>\n<p>4 Boya kar\u0131\u015ft\u0131rma a\u015famas\u0131nda, \u00f6nce 2~5 kat su ile seyreltin ve ard\u0131ndan kar\u0131\u015ft\u0131rarak yava\u015f\u00e7a ekleyin.<\/p>\n<p><b>AMP-95 Ambalaj:<\/b><\/p>\n<p>Ambalaj: 200kg\/varil veya 1ton\/varil<\/p>\n<p><b>AMP-95 Depolama<\/b><b>\uff1a<\/b><\/p>\n<p>Do\u011frudan g\u00fcne\u015f \u0131\u015f\u0131\u011f\u0131 ve sudan uzak, serin ve kuru bir yerde saklan\u0131r<\/p>\n<p>Havaland\u0131rmal\u0131 depo, D\u00fc\u015f\u00fck s\u0131cakl\u0131kta kurutma.<\/p>\n<h2><strong><b>\u015eimdi Bize Ula\u015f\u0131n!<\/b><\/strong><\/h2>\n<h4><strong><b>Fiyata ihtiyac\u0131n\u0131z varsa, l\u00fctfen a\u015fa\u011f\u0131daki forma ileti\u015fim bilgilerinizi doldurun, genellikle 24 saat i\u00e7inde sizinle ileti\u015fime ge\u00e7ece\u011fiz. Bana e-posta da g\u00f6nderebilirsiniz\u00a0<span style=\"color: #00ccff;\"><a style=\"color: #00ccff;\" href=\"mailto:info@longchangchemical.com\">info@longchangchemical.com<\/a>\u00a0<\/span>\u00c7al\u0131\u015fma saatleri i\u00e7inde (8:30 - 6:00 UTC+8 Pzt.~Sat.) veya h\u0131zl\u0131 yan\u0131t almak i\u00e7in web sitesi canl\u0131 sohbetini kullan\u0131n.<\/b><\/strong><\/h4>\n<p><!--more--><\/p>\n<p>Fiziksel \u00d6zellikler<\/p>\n<p>&nbsp;<\/p>\n<p>Fiziksel \u00f6zellikler kataliz\u00f6r\u00fcn \u015feklini, yap\u0131s\u0131n\u0131, yo\u011funlu\u011funu, par\u00e7ac\u0131k boyutunu ve di\u011fer \u00f6zelliklerini g\u00f6sterir. Genellikle be\u015f ana \u00f6\u011fe i\u00e7erirler: spesifik y\u00fczey alan\u0131, g\u00f6zenek hacmi, g\u00f6r\u00fcn\u00fcr y\u0131\u011f\u0131n yo\u011funlu\u011fu, a\u015f\u0131nma indeksi ve elek bile\u015fimi. Bunlar a\u015fa\u011f\u0131da k\u0131saca a\u00e7\u0131klanm\u0131\u015ft\u0131r:<\/p>\n<p>&nbsp;<\/p>\n<p>1 \u3001 Spesifik y\u00fczey alan\u0131<\/p>\n<p>Kataliz\u00f6r\u00fcn spesifik y\u00fczey alan\u0131, i\u00e7 y\u00fczey alan\u0131 ve d\u0131\u015f y\u00fczey alan\u0131n\u0131n toplam\u0131d\u0131r. \u0130\u00e7 y\u00fczey alan\u0131 kataliz\u00f6r\u00fcn mikro g\u00f6zeneklerinin i\u00e7indeki y\u00fczey alan\u0131n\u0131 ifade ederken, d\u0131\u015f y\u00fczey alan\u0131 kataliz\u00f6r\u00fcn mikro g\u00f6zeneklerinin d\u0131\u015f\u0131ndaki y\u00fczey alan\u0131n\u0131 ifade eder ve genellikle i\u00e7 y\u00fczey alan\u0131 d\u0131\u015f y\u00fczey alan\u0131ndan \u00e7ok daha b\u00fcy\u00fckt\u00fcr. Kataliz\u00f6r\u00fcn birim a\u011f\u0131rl\u0131\u011f\u0131 ba\u015f\u0131na d\u00fc\u015fen y\u00fczey alan\u0131na spesifik y\u00fczey alan\u0131 denir.<\/p>\n<p>&nbsp;<\/p>\n<p>Spesifik y\u00fczey alan\u0131, kataliz\u00f6r\u00fcn performans\u0131n\u0131 \u00f6l\u00e7mek i\u00e7in \u00f6nemli bir indekstir. Farkl\u0131 ta\u015f\u0131y\u0131c\u0131lar ve haz\u0131rlama s\u00fcre\u00e7leri nedeniyle farkl\u0131 \u00fcr\u00fcnler i\u00e7in spesifik y\u00fczey alan\u0131 ile aktivite aras\u0131nda do\u011frudan bir ili\u015fki yoktur.<\/p>\n<p>Spesifik y\u00fczey alan\u0131n\u0131 belirlemek i\u00e7in kullan\u0131lan y\u00f6ntem azot adsorpsiyon kapasitesi y\u00f6ntemidir.<\/p>\n<p>&nbsp;<\/p>\n<p>2\u3001G\u00f6zenek hacmi<\/p>\n<p>&nbsp;<\/p>\n<p>G\u00f6zenek hacmi, kataliz\u00f6r\u00fcn g\u00f6zenek yap\u0131s\u0131n\u0131 tan\u0131mlayan fiziksel bir niceliktir. G\u00f6zenek yap\u0131s\u0131 sadece kataliz\u00f6r\u00fcn aktivitesini ve se\u00e7icili\u011fini etkilemekle kalmaz, ayn\u0131 zamanda kataliz\u00f6r\u00fcn mekanik mukavemetini, \u00f6mr\u00fcn\u00fc ve \u0131s\u0131 direncini de etkiler.<\/p>\n<p>&nbsp;<\/p>\n<p>G\u00f6zenek hacmi, g\u00f6zenekli kataliz\u00f6r partik\u00fcllerindeki mikro g\u00f6zeneklerin hacminin toplam\u0131d\u0131r ve birimi ml\/g'd\u0131r. G\u00f6zenek hacminin boyutu esas olarak kataliz\u00f6rdeki ta\u015f\u0131y\u0131c\u0131 ile yak\u0131ndan ili\u015fkilidir. Ayn\u0131 tip kataliz\u00f6r i\u00e7in, kullan\u0131m s\u0131ras\u0131nda g\u00f6zenek \u00e7ap\u0131 artarken g\u00f6zenek hacmi azal\u0131r.<\/p>\n<p>&nbsp;<\/p>\n<p>G\u00f6zenek hacmi su damlas\u0131 y\u00f6ntemiyle \u00f6l\u00e7\u00fcl\u00fcr.<\/p>\n<p>&nbsp;<\/p>\n<p>3. A\u015f\u0131nma indeksi<\/p>\n<p>&nbsp;<\/p>\n<p>M\u00fckemmel bir FCC kataliz\u00f6r\u00fc, y\u00fcksek aktivite ve iyi se\u00e7icili\u011fe ek olarak, a\u015f\u0131nmaya kar\u015f\u0131 belirli bir mekanik dayan\u0131ma da sahip olmal\u0131d\u0131r. Zay\u0131f mekanik mukavemete sahip bir kataliz\u00f6r sadece \u00e7al\u0131\u015fma s\u0131ras\u0131nda \u00e7ok fazla kayba neden olmaz, kataliz\u00f6r dozaj\u0131n\u0131 art\u0131r\u0131r ve \u00e7evreyi kirletir, ayn\u0131 zamanda kataliz\u00f6r\u00fcn seyreltik ve yo\u011fun fazlardaki makul da\u011f\u0131l\u0131m\u0131na ciddi \u015fekilde zarar verir ve hatta \u00fcretim \u00fcnitesini \u00e7al\u0131\u015famaz hale getirir.<\/p>\n<p>&nbsp;<\/p>\n<p>Kataliz\u00f6r a\u015f\u0131nma mukavemetinin boyutu, haz\u0131rlama s\u00fcrecindeki ba\u011flay\u0131c\u0131 t\u00fcr\u00fcne g\u00f6re belirlenir. Genellikle, ba\u011flay\u0131c\u0131 olarak al\u00fcminyum sol i\u00e7eren kataliz\u00f6r en iyi mukavemete ve en k\u00fc\u00e7\u00fck a\u015f\u0131nma indeksine sahipken, ba\u011flay\u0131c\u0131 olarak tamamen sentetik silika-al\u00fcminyum sol i\u00e7eren kataliz\u00f6r en k\u00f6t\u00fc mukavemete ve b\u00fcy\u00fck a\u015f\u0131nma indeksine sahiptir.<\/p>\n<p>&nbsp;<\/p>\n<p>\u015eu anda, mikrok\u00fcre kataliz\u00f6rlerin a\u015f\u0131nma mukavemetini de\u011ferlendirmek i\u00e7in 'a\u015f\u0131nma indeksi' kullan\u0131lmaktad\u0131r. \u00d6l\u00e7\u00fcm y\u00f6ntemi a\u015fa\u011f\u0131daki gibidir: A\u015f\u0131nma indeksi \u00f6l\u00e7\u00fcm cihaz\u0131na belirli miktarda kataliz\u00f6r koyun ve ard\u0131ndan kataliz\u00f6r\u00fc sabit gaz h\u0131z\u0131 alt\u0131nda 5 saat boyunca \u00fcfleyin, ilk saatte \u00fcflenen 15\u03bc k\u0131sm\u0131n\u0131n a\u011f\u0131rl\u0131\u011f\u0131n\u0131n orijinal numunelerinde saat ba\u015f\u0131na \u00fcflenen &lt;15\u03bc numunelerin y\u00fczdesi) ve ard\u0131ndan %h-1 cinsinden kataliz\u00f6r\u00fcn a\u015f\u0131nma indeksini hesaplay\u0131n ve ard\u0131ndan %h-1 cinsinden a\u015f\u0131nma indeksini hesaplay\u0131n. Birim %h-1&#039;dir.<\/p>\n<p>Kataliz\u00f6r a\u015f\u0131nma indeksini analiz etmek i\u00e7in mevcut y\u00f6ntem d\u00fcz t\u00fcp y\u00f6ntemidir.<\/p>\n<p>&nbsp;<\/p>\n<p>4. Par\u00e7ac\u0131k boyutu da\u011f\u0131l\u0131m\u0131 (eleme)<\/p>\n<p>&nbsp;<\/p>\n<p>FCC kataliz\u00f6r\u00fc, iyi ak\u0131\u015fkanla\u015fma sa\u011flamak i\u00e7in iyi partik\u00fcl boyutu da\u011f\u0131l\u0131m\u0131na sahip olmal\u0131d\u0131r. Genellikle kataliz\u00f6r partik\u00fcllerinin 25%'den fazla 80\u03bcm olmamas\u0131 istenir.<\/p>\n<p>Ak\u0131\u015fkan halde, kataliz\u00f6r taraf\u0131ndan a\u015f\u0131nma ve darbe yoluyla \u00fcretilen &lt;20\u03bcm ince toz, siklon ay\u0131r\u0131c\u0131dan kolayca ka\u00e7abilir. Genel olarak, kataliz\u00f6r a\u015f\u0131nma direnci ne kadar k\u00f6t\u00fcyse, akma da o kadar ciddi olur. FCC operasyonunda, \u00fcretimi dengelemek i\u00e7in, bu ka\u00e7ak kataliz\u00f6r\u00fc s\u00fcrekli olarak yenilemek gerekir. Kataliz\u00f6r daha fazla ince taneci\u011fe sahipse, daha az g\u00fc\u00e7l\u00fcyse ve daha fazla ka\u00e7ak varsa, yenilenmesi gereken taze kataliz\u00f6r miktar\u0131 daha fazla olacak ve \u00fcretim maliyeti artacakt\u0131r. Kataliz\u00f6r partik\u00fclleri ne kadar ince olursa, \u00fcnitede kalma s\u00fcresi o kadar k\u0131sa olur; daha iri kataliz\u00f6r partik\u00fcllerinin \u00fcnitede kalma s\u00fcresi uzar ve aktiviteleri azal\u0131r. Bu nedenle, cihaz\u0131n denge aktivite seviyesini korumak i\u00e7in, normal t\u00fckenme kataliz\u00f6r\u00fcn\u00fcn yenilenmesine ek olarak, uygun bo\u015faltma da \u00e7ok gereklidir.<\/p>\n<p>&nbsp;<\/p>\n<p>\u015eu anda, kataliz\u00f6r\u00fcn elenmesini belirlemek i\u00e7in kullan\u0131lan cihaz lazer par\u00e7ac\u0131k boyutland\u0131r\u0131c\u0131d\u0131r.<\/p>\n<p>&nbsp;<\/p>\n<p>5 \u3001 G\u00f6r\u00fcn\u00fcr y\u0131\u011f\u0131n yo\u011funlu\u011fu<\/p>\n<p>&nbsp;<\/p>\n<p>Kataliz\u00f6r yo\u011funlu\u011funun boyutu, ak\u0131\u015fkanla\u015ft\u0131rma performans\u0131, ak\u0131\u015fkan yata\u011f\u0131n \u00f6l\u00e7\u00fcm\u00fc, ekipman\u0131n boyutu ve kataliz\u00f6r\u00fcn \u00f6l\u00e7\u00fcm\u00fc \u00fczerinde etkilidir. Genellikle, kataliz\u00f6r yo\u011funlu\u011fu, yayg\u0131n olarak istifleme \u00f6zg\u00fcl a\u011f\u0131rl\u0131\u011f\u0131 olarak bilinen g\u00f6r\u00fcn\u00fcr y\u0131\u011f\u0131n yo\u011funlu\u011fu ile ifade edilir.<\/p>\n<p>&nbsp;<\/p>\n<p>Normal \u00fcretimde, kataliz\u00f6r\u00fcn g\u00f6r\u00fcn\u00fcr y\u0131\u011f\u0131n yo\u011funlu\u011funu analiz etmek i\u00e7in kullan\u0131lan alet, i\u00e7 \u00e7ap\u0131 20 mm olan ve tam olarak 25 ml \u00f6l\u00e7e\u011finde kesilmi\u015f ve ta\u015flanm\u0131\u015f 25 ml'lik bir \u00f6l\u00e7\u00fcm silindiridir. \u00d6l\u00e7\u00fcm, silindirin bir huninin alt\u0131na yerle\u015ftirilmesi, numunenin s\u00fcrekli olarak silindiri doldurmas\u0131 ve 30 saniye i\u00e7inde ta\u015fmas\u0131 i\u00e7in huninin \u00fczerine d\u00f6k\u00fclmesi, fazla kataliz\u00f6r\u00fcn bir spatula ile kaz\u0131nmas\u0131, kataliz\u00f6r\u00fcn silindirin d\u0131\u015f\u0131ndan silinmesi ve tart\u0131lmas\u0131yla yap\u0131l\u0131r. Buradan kataliz\u00f6r\u00fcn g\u00f6r\u00fcn\u00fcr y\u0131\u011f\u0131n yo\u011funlu\u011fu hesaplanm\u0131\u015ft\u0131r. Birim mililitre ba\u015f\u0131na gramd\u0131r.<\/p>\n<p>&nbsp;<\/p>","protected":false},"excerpt":{"rendered":"<p>Kimyasal Ad\u0131: AMP-95 MULTIFUCTION ORGANIK-AMIN MADDESI<\/p>\n<p>CAS No: 124-68-5<\/p>\n<p>Molek\u00fcler Fom\u00fcl: C4H11NO<\/p>\n<p>Molek\u00fcl a\u011f\u0131rl\u0131\u011f\u0131: 89,14<\/p>\n<p>G\u00f6r\u00fcn\u00fc\u015f: Renksiz veya a\u00e7\u0131k sar\u0131 \u015feffaf s\u0131v\u0131, mekanik safs\u0131zl\u0131k yok<\/p>","protected":false},"featured_media":6738,"comment_status":"open","ping_status":"closed","template":"","meta":[],"product_brand":[],"product_cat":[69],"product_tag":[],"class_list":{"0":"post-6764","1":"product","2":"type-product","3":"status-publish","4":"has-post-thumbnail","6":"product_cat-catalysts-chemical-auxiliary-agents","8":"first","9":"instock","10":"shipping-taxable","11":"product-type-simple"},"yoast_head":"<!-- This site is optimized with the Yoast SEO plugin v25.3.1 - https:\/\/yoast.com\/wordpress\/plugins\/seo\/ -->\n<title>China AMP-95 CAS 124-68-5 Manufacturer - Longchang Chemical<\/title>\n<meta name=\"description\" content=\"AMP-95 CAS 124-68-5 is a key product of Longchang Chemical. We provide the best price. We are the leading manufacturer in China with the best quality and competitive price.\" \/>\n<meta name=\"robots\" content=\"index, follow, max-snippet:-1, max-image-preview:large, max-video-preview:-1\" \/>\n<link rel=\"canonical\" href=\"https:\/\/longchangchemical.com\/tr\/product\/amp-95-cas-124-68-5\/\" \/>\n<meta property=\"og:locale\" content=\"tr_TR\" \/>\n<meta property=\"og:type\" content=\"article\" \/>\n<meta property=\"og:title\" content=\"China AMP-95 CAS 124-68-5 Manufacturer - Longchang Chemical\" \/>\n<meta property=\"og:description\" content=\"AMP-95 CAS 124-68-5 is a key product of Longchang Chemical. We provide the best price. We are the leading manufacturer in China with the best quality and competitive price.\" \/>\n<meta property=\"og:url\" content=\"https:\/\/longchangchemical.com\/tr\/product\/amp-95-cas-124-68-5\/\" \/>\n<meta property=\"og:site_name\" content=\"Longchang Chemical\" \/>\n<meta property=\"article:modified_time\" content=\"2025-12-17T02:26:44+00:00\" \/>\n<meta property=\"og:image\" content=\"https:\/\/longchangchemical.com\/wp-content\/uploads\/2024\/03\/APE-Chemical.jpg\" \/>\n\t<meta property=\"og:image:width\" content=\"495\" \/>\n\t<meta property=\"og:image:height\" content=\"660\" \/>\n\t<meta property=\"og:image:type\" content=\"image\/jpeg\" \/>\n<meta name=\"twitter:card\" content=\"summary_large_image\" \/>\n<script type=\"application\/ld+json\" class=\"yoast-schema-graph\">{\"@context\":\"https:\/\/schema.org\",\"@graph\":[{\"@type\":\"WebPage\",\"@id\":\"https:\/\/longchangchemical.com\/product\/amp-95-cas-124-68-5\/\",\"url\":\"https:\/\/longchangchemical.com\/product\/amp-95-cas-124-68-5\/\",\"name\":\"China AMP-95 CAS 124-68-5 Manufacturer - Longchang Chemical\",\"isPartOf\":{\"@id\":\"https:\/\/longchangchemical.com\/#website\"},\"primaryImageOfPage\":{\"@id\":\"https:\/\/longchangchemical.com\/product\/amp-95-cas-124-68-5\/#primaryimage\"},\"image\":{\"@id\":\"https:\/\/longchangchemical.com\/product\/amp-95-cas-124-68-5\/#primaryimage\"},\"thumbnailUrl\":\"https:\/\/longchangchemical.com\/wp-content\/uploads\/2024\/03\/APE-Chemical.jpg\",\"datePublished\":\"2024-03-22T06:14:09+00:00\",\"dateModified\":\"2025-12-17T02:26:44+00:00\",\"description\":\"AMP-95 CAS 124-68-5 is a key product of Longchang Chemical. We provide the best price. We are the leading manufacturer in China with the best quality and competitive price.\",\"breadcrumb\":{\"@id\":\"https:\/\/longchangchemical.com\/product\/amp-95-cas-124-68-5\/#breadcrumb\"},\"inLanguage\":\"tr\",\"potentialAction\":[{\"@type\":\"ReadAction\",\"target\":[\"https:\/\/longchangchemical.com\/product\/amp-95-cas-124-68-5\/\"]}]},{\"@type\":\"ImageObject\",\"inLanguage\":\"tr\",\"@id\":\"https:\/\/longchangchemical.com\/product\/amp-95-cas-124-68-5\/#primaryimage\",\"url\":\"https:\/\/longchangchemical.com\/wp-content\/uploads\/2024\/03\/APE-Chemical.jpg\",\"contentUrl\":\"https:\/\/longchangchemical.com\/wp-content\/uploads\/2024\/03\/APE-Chemical.jpg\",\"width\":495,\"height\":660},{\"@type\":\"BreadcrumbList\",\"@id\":\"https:\/\/longchangchemical.com\/product\/amp-95-cas-124-68-5\/#breadcrumb\",\"itemListElement\":[{\"@type\":\"ListItem\",\"position\":1,\"name\":\"Home\",\"item\":\"https:\/\/longchangchemical.com\/\"},{\"@type\":\"ListItem\",\"position\":2,\"name\":\"Products Longchang\",\"item\":\"https:\/\/longchangchemical.com\/product\/\"},{\"@type\":\"ListItem\",\"position\":3,\"name\":\"AMP-95 CAS 124-68-5\"}]},{\"@type\":\"WebSite\",\"@id\":\"https:\/\/longchangchemical.com\/#website\",\"url\":\"https:\/\/longchangchemical.com\/\",\"name\":\"Longchang Chemical\",\"description\":\"China chemical manufacturer \uff06 supplier\",\"publisher\":{\"@id\":\"https:\/\/longchangchemical.com\/#organization\"},\"potentialAction\":[{\"@type\":\"SearchAction\",\"target\":{\"@type\":\"EntryPoint\",\"urlTemplate\":\"https:\/\/longchangchemical.com\/?s={search_term_string}\"},\"query-input\":{\"@type\":\"PropertyValueSpecification\",\"valueRequired\":true,\"valueName\":\"search_term_string\"}}],\"inLanguage\":\"tr\"},{\"@type\":\"Organization\",\"@id\":\"https:\/\/longchangchemical.com\/#organization\",\"name\":\"Longchang Chemical\",\"url\":\"https:\/\/longchangchemical.com\/\",\"logo\":{\"@type\":\"ImageObject\",\"inLanguage\":\"tr\",\"@id\":\"https:\/\/longchangchemical.com\/#\/schema\/logo\/image\/\",\"url\":\"https:\/\/longchangchemical.com\/wp-content\/uploads\/2020\/08\/cropped-longchang-logo.png\",\"contentUrl\":\"https:\/\/longchangchemical.com\/wp-content\/uploads\/2020\/08\/cropped-longchang-logo.png\",\"width\":512,\"height\":512,\"caption\":\"Longchang Chemical\"},\"image\":{\"@id\":\"https:\/\/longchangchemical.com\/#\/schema\/logo\/image\/\"}}]}<\/script>\n<!-- \/ Yoast SEO plugin. -->","yoast_head_json":{"title":"\u00c7in AMP-95 CAS 124-68-5 \u00dcretici - Longchang Chemical","description":"AMP-95 CAS 124-68-5, Longchang Chemical'\u0131n \u00f6nemli bir \u00fcr\u00fcn\u00fcd\u00fcr. En iyi fiyat\u0131 sa\u011fl\u0131yoruz. En iyi kalite ve rekabet\u00e7i fiyat ile \u00c7in'in \u00f6nde gelen \u00fcreticisiyiz.","robots":{"index":"index","follow":"follow","max-snippet":"max-snippet:-1","max-image-preview":"max-image-preview:large","max-video-preview":"max-video-preview:-1"},"canonical":"https:\/\/longchangchemical.com\/tr\/product\/amp-95-cas-124-68-5\/","og_locale":"tr_TR","og_type":"article","og_title":"China AMP-95 CAS 124-68-5 Manufacturer - Longchang Chemical","og_description":"AMP-95 CAS 124-68-5 is a key product of Longchang Chemical. We provide the best price. We are the leading manufacturer in China with the best quality and competitive price.","og_url":"https:\/\/longchangchemical.com\/tr\/product\/amp-95-cas-124-68-5\/","og_site_name":"Longchang Chemical","article_modified_time":"2025-12-17T02:26:44+00:00","og_image":[{"width":495,"height":660,"url":"https:\/\/longchangchemical.com\/wp-content\/uploads\/2024\/03\/APE-Chemical.jpg","type":"image\/jpeg"}],"twitter_card":"summary_large_image","schema":{"@context":"https:\/\/schema.org","@graph":[{"@type":"WebPage","@id":"https:\/\/longchangchemical.com\/product\/amp-95-cas-124-68-5\/","url":"https:\/\/longchangchemical.com\/product\/amp-95-cas-124-68-5\/","name":"\u00c7in AMP-95 CAS 124-68-5 \u00dcretici - Longchang Chemical","isPartOf":{"@id":"https:\/\/longchangchemical.com\/#website"},"primaryImageOfPage":{"@id":"https:\/\/longchangchemical.com\/product\/amp-95-cas-124-68-5\/#primaryimage"},"image":{"@id":"https:\/\/longchangchemical.com\/product\/amp-95-cas-124-68-5\/#primaryimage"},"thumbnailUrl":"https:\/\/longchangchemical.com\/wp-content\/uploads\/2024\/03\/APE-Chemical.jpg","datePublished":"2024-03-22T06:14:09+00:00","dateModified":"2025-12-17T02:26:44+00:00","description":"AMP-95 CAS 124-68-5, Longchang Chemical'\u0131n \u00f6nemli bir \u00fcr\u00fcn\u00fcd\u00fcr. En iyi fiyat\u0131 sa\u011fl\u0131yoruz. En iyi kalite ve rekabet\u00e7i fiyat ile \u00c7in'in \u00f6nde gelen \u00fcreticisiyiz.","breadcrumb":{"@id":"https:\/\/longchangchemical.com\/product\/amp-95-cas-124-68-5\/#breadcrumb"},"inLanguage":"tr","potentialAction":[{"@type":"ReadAction","target":["https:\/\/longchangchemical.com\/product\/amp-95-cas-124-68-5\/"]}]},{"@type":"ImageObject","inLanguage":"tr","@id":"https:\/\/longchangchemical.com\/product\/amp-95-cas-124-68-5\/#primaryimage","url":"https:\/\/longchangchemical.com\/wp-content\/uploads\/2024\/03\/APE-Chemical.jpg","contentUrl":"https:\/\/longchangchemical.com\/wp-content\/uploads\/2024\/03\/APE-Chemical.jpg","width":495,"height":660},{"@type":"BreadcrumbList","@id":"https:\/\/longchangchemical.com\/product\/amp-95-cas-124-68-5\/#breadcrumb","itemListElement":[{"@type":"ListItem","position":1,"name":"Home","item":"https:\/\/longchangchemical.com\/"},{"@type":"ListItem","position":2,"name":"Products Longchang","item":"https:\/\/longchangchemical.com\/product\/"},{"@type":"ListItem","position":3,"name":"AMP-95 CAS 124-68-5"}]},{"@type":"WebSite","@id":"https:\/\/longchangchemical.com\/#website","url":"https:\/\/longchangchemical.com\/","name":"Longchang Kimya","description":"\u00c7in kimyasal \u00fcreticisi \uff06 tedarik\u00e7isi","publisher":{"@id":"https:\/\/longchangchemical.com\/#organization"},"potentialAction":[{"@type":"SearchAction","target":{"@type":"EntryPoint","urlTemplate":"https:\/\/longchangchemical.com\/?s={search_term_string}"},"query-input":{"@type":"PropertyValueSpecification","valueRequired":true,"valueName":"search_term_string"}}],"inLanguage":"tr"},{"@type":"Organization","@id":"https:\/\/longchangchemical.com\/#organization","name":"Longchang Kimya","url":"https:\/\/longchangchemical.com\/","logo":{"@type":"ImageObject","inLanguage":"tr","@id":"https:\/\/longchangchemical.com\/#\/schema\/logo\/image\/","url":"https:\/\/longchangchemical.com\/wp-content\/uploads\/2020\/08\/cropped-longchang-logo.png","contentUrl":"https:\/\/longchangchemical.com\/wp-content\/uploads\/2020\/08\/cropped-longchang-logo.png","width":512,"height":512,"caption":"Longchang Chemical"},"image":{"@id":"https:\/\/longchangchemical.com\/#\/schema\/logo\/image\/"}}]}},"_links":{"self":[{"href":"https:\/\/longchangchemical.com\/tr\/wp-json\/wp\/v2\/product\/6764","targetHints":{"allow":["GET"]}}],"collection":[{"href":"https:\/\/longchangchemical.com\/tr\/wp-json\/wp\/v2\/product"}],"about":[{"href":"https:\/\/longchangchemical.com\/tr\/wp-json\/wp\/v2\/types\/product"}],"replies":[{"embeddable":true,"href":"https:\/\/longchangchemical.com\/tr\/wp-json\/wp\/v2\/comments?post=6764"}],"wp:featuredmedia":[{"embeddable":true,"href":"https:\/\/longchangchemical.com\/tr\/wp-json\/wp\/v2\/media\/6738"}],"wp:attachment":[{"href":"https:\/\/longchangchemical.com\/tr\/wp-json\/wp\/v2\/media?parent=6764"}],"wp:term":[{"taxonomy":"product_brand","embeddable":true,"href":"https:\/\/longchangchemical.com\/tr\/wp-json\/wp\/v2\/product_brand?post=6764"},{"taxonomy":"product_cat","embeddable":true,"href":"https:\/\/longchangchemical.com\/tr\/wp-json\/wp\/v2\/product_cat?post=6764"},{"taxonomy":"product_tag","embeddable":true,"href":"https:\/\/longchangchemical.com\/tr\/wp-json\/wp\/v2\/product_tag?post=6764"}],"curies":[{"name":"wp","href":"https:\/\/api.w.org\/{rel}","templated":true}]}}