{"id":6763,"date":"2024-03-22T06:14:18","date_gmt":"2024-03-22T06:14:18","guid":{"rendered":"https:\/\/longchangchemical.com\/?post_type=product&#038;p=6763"},"modified":"2026-01-12T06:28:04","modified_gmt":"2026-01-12T06:28:04","slug":"n-methylpyrrolidone-cas-872-50-4","status":"publish","type":"product","link":"https:\/\/longchangchemical.com\/tr\/product\/n-methylpyrrolidone-cas-872-50-4\/","title":{"rendered":"N-Metilpirolidon CAS 872-50-4"},"content":{"rendered":"<p>Kimyasal ad\u0131: N-Metil-Pirolidon; NMP<br \/>\nCas:872-50-4<br \/>\nForm\u00fcl:C5H9NO<\/p>\n<p><strong>\u00d6zellikler:<\/strong><\/p>\n<table class=\"table-1\">\n<tbody>\n<tr>\n<td width=\"127\"><strong>\u00d6\u011fe<\/strong><\/td>\n<td width=\"144\"><strong>End\u00fcstri S\u0131n\u0131f\u0131<\/strong><\/td>\n<td width=\"144\"><strong>Aramid S\u0131n\u0131f\u0131<\/strong><\/td>\n<td width=\"144\"><strong>Elektronik\u00a0<\/strong><strong>G<\/strong><strong>rade<\/strong><\/td>\n<td width=\"144\"><strong>Reaktif\u00a0<\/strong><strong>G<\/strong><strong>rade<\/strong><\/td>\n<\/tr>\n<tr>\n<td width=\"127\">Safl\u0131k (%)<\/td>\n<td width=\"144\">\u226599.8<\/td>\n<td width=\"144\">\u226599.9<\/td>\n<td width=\"144\">\u226599.9<\/td>\n<td width=\"144\">\u226599.9<\/td>\n<\/tr>\n<tr>\n<td width=\"127\">Renk (Hazen)<\/td>\n<td width=\"144\">\u226420<\/td>\n<td width=\"144\">\u226415<\/td>\n<td width=\"144\">\u226410<\/td>\n<td width=\"144\">\u22648<\/td>\n<\/tr>\n<tr>\n<td width=\"127\">Su \u0130\u00e7eri\u011fi (%)<\/td>\n<td width=\"144\">\u22640.03<\/td>\n<td width=\"144\">\u22640.02<\/td>\n<td width=\"144\">\u22640.01<\/td>\n<td width=\"144\">\u22640.008<\/td>\n<\/tr>\n<tr>\n<td width=\"127\">Yo\u011funluk (25 \u2103'de) \uff08g\/cm3\uff09<\/td>\n<td width=\"144\">1.032\uff5e1.035<\/td>\n<td width=\"144\">1.032\uff5e1.035<\/td>\n<td width=\"144\">1.032\uff5e1.035<\/td>\n<td width=\"144\">1.032\uff5e1.035<\/td>\n<\/tr>\n<\/tbody>\n<\/table>\n<h2><strong>Uygulama:<\/strong><\/h2>\n<p>Bu \u00fcr\u00fcn \u00f6nemli bir kimyasal hammaddedir. G\u00fc\u00e7l\u00fc se\u00e7icili\u011fe ve iyi stabiliteye sahip polar bir \u00e7\u00f6z\u00fcc\u00fcd\u00fcr. D\u00fc\u015f\u00fck toksisiteye, y\u00fcksek kaynama noktas\u0131na, g\u00fc\u00e7l\u00fc \u00e7\u00f6z\u00fcn\u00fcrl\u00fc\u011fe, yan\u0131c\u0131 olmayan, biyolojik olarak par\u00e7alanabilir, geri d\u00f6n\u00fc\u015ft\u00fcr\u00fclebilir, kullan\u0131m\u0131 g\u00fcvenli ve \u00e7oklu form\u00fclasyonlar\u0131n ve kullan\u0131mlar\u0131n avantajlar\u0131 i\u00e7in uygundur. Petrokimya, pestisit, ila\u00e7, elektronik malzemeler ve di\u011fer alanlarda yayg\u0131n olarak kullan\u0131lmaktad\u0131r.<\/p>\n<p>1. Polar aprotik transfer \u00e7\u00f6z\u00fcc\u00fcs\u00fc.<\/p>\n<p>2. Poliviniliden flor\u00fcr, lityum iyon ikincil pil elektrot malzemelerinin \u00e7\u00f6z\u00fcc\u00fcs\u00fc olarak aromatik ekstraksiyon, asetilen, olefin, diolefin safla\u015ft\u0131r\u0131lmas\u0131nda yayg\u0131n olarak kullan\u0131l\u0131r,<\/p>\n<p>3. Sentez gaz\u0131 k\u00fck\u00fcrt giderme i\u015fleminde, ya\u011flama ya\u011f\u0131n\u0131n rafine edilmesinde, ya\u011flama antifriz maddesi olarak, bir olefin \u00f6z\u00fctleyici, \u00e7\u00f6z\u00fcnmeyen plasti\u011fin polimerizasyonu i\u00e7in \u00e7\u00f6z\u00fcc\u00fc, tar\u0131msal herbisitler, yal\u0131t\u0131m malzemeleri, entegre devrelerin \u00fcretimi, yar\u0131 iletken end\u00fcstrisinin hassas aletleri, devre kartlar\u0131n\u0131n temizlenmesinde, PVC'nin egzoz gaz\u0131n\u0131n geri d\u00f6n\u00fc\u015ft\u00fcr\u00fclmesinde, temizlik maddeleri, boya katk\u0131 maddeleri, dispersiyon maddeleri vb. Ayr\u0131ca polimer i\u00e7in \u00e7\u00f6z\u00fcc\u00fc ve m\u00fchendislik plastikleri ve aramid elyaflar gibi polimerizasyon reaksiyonlar\u0131 i\u00e7in ortam olarak kullan\u0131l\u0131r. Pestisitlerde, ila\u00e7larda ve temizlik maddelerinde vb. de kullan\u0131labilir.<\/p>\n<p>4. Aromatik ekstraksiyon, asetilen konsantrasyonu, b\u00fctadienin ayr\u0131lmas\u0131 ve sentetik gaz k\u00fck\u00fcrt giderme i\u015flemi i\u00e7in ekstraksiyon maddesi olarak yayg\u0131n \u015fekilde kullan\u0131lan m\u00fckemmel bir ekstraksiyon \u00e7\u00f6z\u00fcc\u00fcs\u00fc.<\/p>\n<h2><strong>Paketleme:<\/strong><\/h2>\n<p>4 kg'l\u0131k plastik galon \u015fi\u015fe<br \/>\n200KG\/Galvanizli Demir Varil veya plastik varil<br \/>\nIBC TAMBUR; ISO TANK;<\/p>\n<h2><strong>Depolama:<\/strong><\/h2>\n<p>G\u00f6lgeli, serin ve havaland\u0131rmas\u0131 olan bir depoda muhafaza ediniz. Ate\u015f ve \u0131s\u0131 kayna\u011f\u0131ndan uzakta. Oksitleyicilerden ayr\u0131 tutun.<br \/>\nY\u00fckleme ve bo\u015faltma s\u0131ras\u0131nda dikkatli olun. Paket formunun hasar g\u00f6rmesini \u00f6nleyin. S\u0131z\u0131nt\u0131dan ka\u00e7\u0131n\u0131n.<\/p>\n<h2><strong>Di\u011fer ad\u0131:<\/strong><\/h2>\n<p>1-Metil-2-pirolidinon;<\/p>\n<p>N-Metilpirolidon;<\/p>\n<p>1-Metilpirolidinon;<\/p>\n<p>Microposit 2001;<\/p>\n<p>N-Metil-2-pirolidinon;<\/p>\n<p>Metil pirolidon;<\/p>\n<p>N-Metil-2-pirolidon<\/p>\n<h2><strong><b>\u015eimdi Bize Ula\u015f\u0131n!<\/b><\/strong><\/h2>\n<h4><strong><b>Fiyata ihtiyac\u0131n\u0131z varsa, l\u00fctfen a\u015fa\u011f\u0131daki forma ileti\u015fim bilgilerinizi doldurun, genellikle 24 saat i\u00e7inde sizinle ileti\u015fime ge\u00e7ece\u011fiz. Bana e-posta da g\u00f6nderebilirsiniz\u00a0<span style=\"color: #00ccff;\"><a style=\"color: #00ccff;\" href=\"mailto:info@longchangchemical.com\">info@longchangchemical.com<\/a>\u00a0<\/span>\u00c7al\u0131\u015fma saatleri i\u00e7inde (8:30 - 6:00 UTC+8 Pzt.~Sat.) veya h\u0131zl\u0131 yan\u0131t almak i\u00e7in web sitesi canl\u0131 sohbetini kullan\u0131n.<\/b><\/strong><\/h4>","protected":false},"excerpt":{"rendered":"<p>Kimyasal Ad\u0131:1-Metil-2-pirolidinon<\/p>\n<p>CAS No: 872-50-4<br \/>\nMolek\u00fcler Fom\u00fcl:C5H9NO<\/p>\n<p>Kimyasal Yap\u0131:<img decoding=\"async\" title=\"1-Metil-2-pirolidinon Yap\u0131s\u0131\" src=\"https:\/\/www.longchangchemical.com\/wp-content\/uploads\/product-details\/20200617319789.png\" alt=\"1-Metil-2-pirolidinon Yap\u0131s\u0131\" width=\"69\" height=\"77\" border=\"0\" vspace=\"0\" \/><\/p>\n<p>Molek\u00fcl a\u011f\u0131rl\u0131\u011f\u0131: 99,13<\/p>\n<p>G\u00f6r\u00fcn\u00fc\u015f: Renksiz s\u0131v\u0131<\/p>","protected":false},"featured_media":6738,"comment_status":"open","ping_status":"closed","template":"","meta":[],"product_brand":[],"product_cat":[154],"product_tag":[],"class_list":{"0":"post-6763","1":"product","2":"type-product","3":"status-publish","4":"has-post-thumbnail","6":"product_cat-solvent","8":"first","9":"instock","10":"shipping-taxable","11":"product-type-simple"},"yoast_head":"<!-- This site is optimized with the Yoast SEO plugin v25.3.1 - https:\/\/yoast.com\/wordpress\/plugins\/seo\/ -->\n<title>China N-Methylpyrrolidone CAS 872-50-4 Manufacturer - Longchang Chemical<\/title>\n<meta name=\"description\" content=\"N-Methylpyrrolidone CAS 872-50-4 is a key product of Longchang Chemical. We provide the best price. We are the leading manufacturer in China with the best quality and competitive price.\" \/>\n<meta name=\"robots\" content=\"index, follow, max-snippet:-1, max-image-preview:large, max-video-preview:-1\" \/>\n<link rel=\"canonical\" href=\"https:\/\/longchangchemical.com\/tr\/product\/n-methylpyrrolidone-cas-872-50-4\/\" \/>\n<meta property=\"og:locale\" content=\"tr_TR\" \/>\n<meta property=\"og:type\" content=\"article\" \/>\n<meta property=\"og:title\" content=\"China N-Methylpyrrolidone CAS 872-50-4 Manufacturer - Longchang Chemical\" \/>\n<meta property=\"og:description\" content=\"N-Methylpyrrolidone CAS 872-50-4 is a key product of Longchang Chemical. We provide the best price. We are the leading manufacturer in China with the best quality and competitive price.\" \/>\n<meta property=\"og:url\" content=\"https:\/\/longchangchemical.com\/tr\/product\/n-methylpyrrolidone-cas-872-50-4\/\" \/>\n<meta property=\"og:site_name\" content=\"Longchang Chemical\" \/>\n<meta property=\"article:modified_time\" content=\"2026-01-12T06:28:04+00:00\" \/>\n<meta property=\"og:image\" content=\"https:\/\/longchangchemical.com\/wp-content\/uploads\/2024\/03\/APE-Chemical.jpg\" \/>\n\t<meta property=\"og:image:width\" content=\"495\" \/>\n\t<meta property=\"og:image:height\" content=\"660\" \/>\n\t<meta property=\"og:image:type\" content=\"image\/jpeg\" \/>\n<meta name=\"twitter:card\" content=\"summary_large_image\" \/>\n<script type=\"application\/ld+json\" class=\"yoast-schema-graph\">{\"@context\":\"https:\/\/schema.org\",\"@graph\":[{\"@type\":\"WebPage\",\"@id\":\"https:\/\/longchangchemical.com\/product\/n-methylpyrrolidone-cas-872-50-4\/\",\"url\":\"https:\/\/longchangchemical.com\/product\/n-methylpyrrolidone-cas-872-50-4\/\",\"name\":\"China N-Methylpyrrolidone CAS 872-50-4 Manufacturer - Longchang Chemical\",\"isPartOf\":{\"@id\":\"https:\/\/longchangchemical.com\/#website\"},\"primaryImageOfPage\":{\"@id\":\"https:\/\/longchangchemical.com\/product\/n-methylpyrrolidone-cas-872-50-4\/#primaryimage\"},\"image\":{\"@id\":\"https:\/\/longchangchemical.com\/product\/n-methylpyrrolidone-cas-872-50-4\/#primaryimage\"},\"thumbnailUrl\":\"https:\/\/longchangchemical.com\/wp-content\/uploads\/2024\/03\/APE-Chemical.jpg\",\"datePublished\":\"2024-03-22T06:14:18+00:00\",\"dateModified\":\"2026-01-12T06:28:04+00:00\",\"description\":\"N-Methylpyrrolidone CAS 872-50-4 is a key product of Longchang Chemical. We provide the best price. We are the leading manufacturer in China with the best quality and competitive price.\",\"breadcrumb\":{\"@id\":\"https:\/\/longchangchemical.com\/product\/n-methylpyrrolidone-cas-872-50-4\/#breadcrumb\"},\"inLanguage\":\"tr\",\"potentialAction\":[{\"@type\":\"ReadAction\",\"target\":[\"https:\/\/longchangchemical.com\/product\/n-methylpyrrolidone-cas-872-50-4\/\"]}]},{\"@type\":\"ImageObject\",\"inLanguage\":\"tr\",\"@id\":\"https:\/\/longchangchemical.com\/product\/n-methylpyrrolidone-cas-872-50-4\/#primaryimage\",\"url\":\"https:\/\/longchangchemical.com\/wp-content\/uploads\/2024\/03\/APE-Chemical.jpg\",\"contentUrl\":\"https:\/\/longchangchemical.com\/wp-content\/uploads\/2024\/03\/APE-Chemical.jpg\",\"width\":495,\"height\":660},{\"@type\":\"BreadcrumbList\",\"@id\":\"https:\/\/longchangchemical.com\/product\/n-methylpyrrolidone-cas-872-50-4\/#breadcrumb\",\"itemListElement\":[{\"@type\":\"ListItem\",\"position\":1,\"name\":\"Home\",\"item\":\"https:\/\/longchangchemical.com\/\"},{\"@type\":\"ListItem\",\"position\":2,\"name\":\"Products Longchang\",\"item\":\"https:\/\/longchangchemical.com\/product\/\"},{\"@type\":\"ListItem\",\"position\":3,\"name\":\"N-Methylpyrrolidone CAS 872-50-4\"}]},{\"@type\":\"WebSite\",\"@id\":\"https:\/\/longchangchemical.com\/#website\",\"url\":\"https:\/\/longchangchemical.com\/\",\"name\":\"Longchang Chemical\",\"description\":\"China chemical manufacturer \uff06 supplier\",\"publisher\":{\"@id\":\"https:\/\/longchangchemical.com\/#organization\"},\"potentialAction\":[{\"@type\":\"SearchAction\",\"target\":{\"@type\":\"EntryPoint\",\"urlTemplate\":\"https:\/\/longchangchemical.com\/?s={search_term_string}\"},\"query-input\":{\"@type\":\"PropertyValueSpecification\",\"valueRequired\":true,\"valueName\":\"search_term_string\"}}],\"inLanguage\":\"tr\"},{\"@type\":\"Organization\",\"@id\":\"https:\/\/longchangchemical.com\/#organization\",\"name\":\"Longchang Chemical\",\"url\":\"https:\/\/longchangchemical.com\/\",\"logo\":{\"@type\":\"ImageObject\",\"inLanguage\":\"tr\",\"@id\":\"https:\/\/longchangchemical.com\/#\/schema\/logo\/image\/\",\"url\":\"https:\/\/longchangchemical.com\/wp-content\/uploads\/2020\/08\/cropped-longchang-logo.png\",\"contentUrl\":\"https:\/\/longchangchemical.com\/wp-content\/uploads\/2020\/08\/cropped-longchang-logo.png\",\"width\":512,\"height\":512,\"caption\":\"Longchang Chemical\"},\"image\":{\"@id\":\"https:\/\/longchangchemical.com\/#\/schema\/logo\/image\/\"}}]}<\/script>\n<!-- \/ Yoast SEO plugin. -->","yoast_head_json":{"title":"\u00c7in N-Metilpirolidon CAS 872-50-4 \u00dcretici - Longchang Chemical","description":"N-Metilpirolidon CAS 872-50-4, Longchang Chemical'\u0131n \u00f6nemli bir \u00fcr\u00fcn\u00fcd\u00fcr. En iyi fiyat\u0131 sa\u011fl\u0131yoruz. En iyi kalite ve rekabet\u00e7i fiyat ile \u00c7in'in \u00f6nde gelen \u00fcreticisiyiz.","robots":{"index":"index","follow":"follow","max-snippet":"max-snippet:-1","max-image-preview":"max-image-preview:large","max-video-preview":"max-video-preview:-1"},"canonical":"https:\/\/longchangchemical.com\/tr\/product\/n-methylpyrrolidone-cas-872-50-4\/","og_locale":"tr_TR","og_type":"article","og_title":"China N-Methylpyrrolidone CAS 872-50-4 Manufacturer - Longchang Chemical","og_description":"N-Methylpyrrolidone CAS 872-50-4 is a key product of Longchang Chemical. We provide the best price. We are the leading manufacturer in China with the best quality and competitive price.","og_url":"https:\/\/longchangchemical.com\/tr\/product\/n-methylpyrrolidone-cas-872-50-4\/","og_site_name":"Longchang Chemical","article_modified_time":"2026-01-12T06:28:04+00:00","og_image":[{"width":495,"height":660,"url":"https:\/\/longchangchemical.com\/wp-content\/uploads\/2024\/03\/APE-Chemical.jpg","type":"image\/jpeg"}],"twitter_card":"summary_large_image","schema":{"@context":"https:\/\/schema.org","@graph":[{"@type":"WebPage","@id":"https:\/\/longchangchemical.com\/product\/n-methylpyrrolidone-cas-872-50-4\/","url":"https:\/\/longchangchemical.com\/product\/n-methylpyrrolidone-cas-872-50-4\/","name":"\u00c7in N-Metilpirolidon CAS 872-50-4 \u00dcretici - Longchang Chemical","isPartOf":{"@id":"https:\/\/longchangchemical.com\/#website"},"primaryImageOfPage":{"@id":"https:\/\/longchangchemical.com\/product\/n-methylpyrrolidone-cas-872-50-4\/#primaryimage"},"image":{"@id":"https:\/\/longchangchemical.com\/product\/n-methylpyrrolidone-cas-872-50-4\/#primaryimage"},"thumbnailUrl":"https:\/\/longchangchemical.com\/wp-content\/uploads\/2024\/03\/APE-Chemical.jpg","datePublished":"2024-03-22T06:14:18+00:00","dateModified":"2026-01-12T06:28:04+00:00","description":"N-Metilpirolidon CAS 872-50-4, Longchang Chemical'\u0131n \u00f6nemli bir \u00fcr\u00fcn\u00fcd\u00fcr. En iyi fiyat\u0131 sa\u011fl\u0131yoruz. En iyi kalite ve rekabet\u00e7i fiyat ile \u00c7in'in \u00f6nde gelen \u00fcreticisiyiz.","breadcrumb":{"@id":"https:\/\/longchangchemical.com\/product\/n-methylpyrrolidone-cas-872-50-4\/#breadcrumb"},"inLanguage":"tr","potentialAction":[{"@type":"ReadAction","target":["https:\/\/longchangchemical.com\/product\/n-methylpyrrolidone-cas-872-50-4\/"]}]},{"@type":"ImageObject","inLanguage":"tr","@id":"https:\/\/longchangchemical.com\/product\/n-methylpyrrolidone-cas-872-50-4\/#primaryimage","url":"https:\/\/longchangchemical.com\/wp-content\/uploads\/2024\/03\/APE-Chemical.jpg","contentUrl":"https:\/\/longchangchemical.com\/wp-content\/uploads\/2024\/03\/APE-Chemical.jpg","width":495,"height":660},{"@type":"BreadcrumbList","@id":"https:\/\/longchangchemical.com\/product\/n-methylpyrrolidone-cas-872-50-4\/#breadcrumb","itemListElement":[{"@type":"ListItem","position":1,"name":"Home","item":"https:\/\/longchangchemical.com\/"},{"@type":"ListItem","position":2,"name":"Products Longchang","item":"https:\/\/longchangchemical.com\/product\/"},{"@type":"ListItem","position":3,"name":"N-Methylpyrrolidone CAS 872-50-4"}]},{"@type":"WebSite","@id":"https:\/\/longchangchemical.com\/#website","url":"https:\/\/longchangchemical.com\/","name":"Longchang Kimya","description":"\u00c7in kimyasal \u00fcreticisi \uff06 tedarik\u00e7isi","publisher":{"@id":"https:\/\/longchangchemical.com\/#organization"},"potentialAction":[{"@type":"SearchAction","target":{"@type":"EntryPoint","urlTemplate":"https:\/\/longchangchemical.com\/?s={search_term_string}"},"query-input":{"@type":"PropertyValueSpecification","valueRequired":true,"valueName":"search_term_string"}}],"inLanguage":"tr"},{"@type":"Organization","@id":"https:\/\/longchangchemical.com\/#organization","name":"Longchang Kimya","url":"https:\/\/longchangchemical.com\/","logo":{"@type":"ImageObject","inLanguage":"tr","@id":"https:\/\/longchangchemical.com\/#\/schema\/logo\/image\/","url":"https:\/\/longchangchemical.com\/wp-content\/uploads\/2020\/08\/cropped-longchang-logo.png","contentUrl":"https:\/\/longchangchemical.com\/wp-content\/uploads\/2020\/08\/cropped-longchang-logo.png","width":512,"height":512,"caption":"Longchang Chemical"},"image":{"@id":"https:\/\/longchangchemical.com\/#\/schema\/logo\/image\/"}}]}},"_links":{"self":[{"href":"https:\/\/longchangchemical.com\/tr\/wp-json\/wp\/v2\/product\/6763","targetHints":{"allow":["GET"]}}],"collection":[{"href":"https:\/\/longchangchemical.com\/tr\/wp-json\/wp\/v2\/product"}],"about":[{"href":"https:\/\/longchangchemical.com\/tr\/wp-json\/wp\/v2\/types\/product"}],"replies":[{"embeddable":true,"href":"https:\/\/longchangchemical.com\/tr\/wp-json\/wp\/v2\/comments?post=6763"}],"wp:featuredmedia":[{"embeddable":true,"href":"https:\/\/longchangchemical.com\/tr\/wp-json\/wp\/v2\/media\/6738"}],"wp:attachment":[{"href":"https:\/\/longchangchemical.com\/tr\/wp-json\/wp\/v2\/media?parent=6763"}],"wp:term":[{"taxonomy":"product_brand","embeddable":true,"href":"https:\/\/longchangchemical.com\/tr\/wp-json\/wp\/v2\/product_brand?post=6763"},{"taxonomy":"product_cat","embeddable":true,"href":"https:\/\/longchangchemical.com\/tr\/wp-json\/wp\/v2\/product_cat?post=6763"},{"taxonomy":"product_tag","embeddable":true,"href":"https:\/\/longchangchemical.com\/tr\/wp-json\/wp\/v2\/product_tag?post=6763"}],"curies":[{"name":"wp","href":"https:\/\/api.w.org\/{rel}","templated":true}]}}