{"id":6753,"date":"2024-03-20T05:50:39","date_gmt":"2024-03-20T05:50:39","guid":{"rendered":"https:\/\/longchangchemical.com\/?post_type=product&#038;p=6753"},"modified":"2026-01-12T06:30:14","modified_gmt":"2026-01-12T06:30:14","slug":"butyl-carbitol-n-butyl-carbitol-cas-112-34-5","status":"publish","type":"product","link":"https:\/\/longchangchemical.com\/tr\/product\/butyl-carbitol-n-butyl-carbitol-cas-112-34-5\/","title":{"rendered":"Butil karbitol \/ n-Butil karbitol CAS 112-34-5"},"content":{"rendered":"<p><strong>Butil karbitol H\u0131zl\u0131 Ayr\u0131nt\u0131lar<\/strong><\/p>\n<p>Kimyasal Ad\u0131: Butil karbitol<\/p>\n<p>CAS: 112-34-5<\/p>\n<p>Molek\u00fcler Fom\u00fcl: C8H18O3<\/p>\n<p>Molek\u00fcler A\u011f\u0131rl\u0131k: 162.23<\/p>\n<p>G\u00f6r\u00fcn\u00fc\u015f: Renksiz S\u0131v\u0131<\/p>\n<p>Safl\u0131k: 99,5%<\/p>\n<p><strong>Tipik \u00d6zellikler<\/strong><\/p>\n<table class=\"table-1\">\n<tbody>\n<tr>\n<td>Erime noktas\u0131<\/td>\n<td>-68\u00b0C(lit.)-68\u00b0C(lit.)<\/td>\n<\/tr>\n<tr>\n<td>Kaynama noktas\u0131<\/td>\n<td>231\u00b0C (lit.)<\/td>\n<\/tr>\n<tr>\n<td>Yo\u011funluk<\/td>\n<td>0.967g\/mLat25\u00b0C (lit.)<\/td>\n<\/tr>\n<tr>\n<td>Buhar yo\u011funlu\u011fu<\/td>\n<td>5.6 (vsair)<\/td>\n<\/tr>\n<tr>\n<td>Buhar bas\u0131nc\u0131<\/td>\n<td>30mmHg (130\u00b0C)<\/td>\n<\/tr>\n<tr>\n<td>K\u0131r\u0131lma indisi<\/td>\n<td>n20\/D1.432<\/td>\n<\/tr>\n<\/tbody>\n<\/table>\n<p><strong>Kullan\u0131m<\/strong><\/p>\n<p>Nitrosel\u00fcloz, vernik, matbaa m\u00fcrekkebi, ya\u011f, re\u00e7ine vb. i\u00e7in \u00e7\u00f6z\u00fcc\u00fc olarak ve sentetik plastikler i\u00e7in ara madde olarak kullan\u0131l\u0131r.<\/p>\n<p>Dietilen glikol b\u00fctil eter esas olarak kaplamalarda, boyalarda, re\u00e7inelerde vb. bir \u00e7\u00f6z\u00fcc\u00fc olarak kullan\u0131l\u0131r. Ayr\u0131ca plastikle\u015ftiriciler i\u00e7in bir ara madde ve hidrolik fren s\u0131v\u0131lar\u0131 i\u00e7in bir seyreltici olarak kullan\u0131l\u0131r.<\/p>\n<p><strong>Storge<\/strong><\/p>\n<p>30\u00b0C'nin alt\u0131nda saklay\u0131n.<\/p>\n<h2>Di\u011fer ad\u0131:<\/h2>\n<p>Butildiglikol;<\/p>\n<p>2-(2-Butoxyetoxy)ethanol;<\/p>\n<p>Dietilen glikol b\u00fctil eter;<\/p>\n<p>n-B\u00fctil karbitol;<\/p>\n<p>&nbsp;<\/p>\n<p><span style=\"color: #0267c1;\"><!--more--><\/span><\/p>\n<blockquote>\n<h3>\u015eimdi Bize Ula\u015f\u0131n!<\/h3>\n<h3>Fiyat veya numune testine ihtiyac\u0131n\u0131z varsa, l\u00fctfen bize e-posta g\u00f6nderin <span style=\"color: #0267c1;\"><a style=\"color: #0267c1;\" href=\"mailto:info@longchangchemical.com\"><strong>info@longchangchemical.com<\/strong><\/a><\/span>veya h\u0131zl\u0131 yan\u0131t almak i\u00e7in web sitesi canl\u0131 sohbetini kullan\u0131n.<\/h3>\n<\/blockquote>\n<p>&nbsp;<\/p>","protected":false},"excerpt":{"rendered":"<p>Kimyasal Ad\u0131: Butil karbitol<\/p>\n<p>CAS: 112-34-5<\/p>\n<p>Molek\u00fcler Fom\u00fcl: C8H18O3<\/p>\n<p>Molek\u00fcler A\u011f\u0131rl\u0131k: 162.23<\/p>\n<p>G\u00f6r\u00fcn\u00fc\u015f: Renksiz S\u0131v\u0131<\/p>\n<p>Safl\u0131k: 99,5%<\/p>","protected":false},"featured_media":0,"comment_status":"open","ping_status":"closed","template":"","meta":[],"product_brand":[],"product_cat":[154],"product_tag":[],"class_list":{"0":"post-6753","1":"product","2":"type-product","3":"status-publish","5":"product_cat-solvent","7":"first","8":"instock","9":"shipping-taxable","10":"product-type-simple"},"yoast_head":"<!-- This site is optimized with the Yoast SEO plugin v25.3.1 - https:\/\/yoast.com\/wordpress\/plugins\/seo\/ -->\n<title>China Butyl carbitol \/ n-Butyl carbitol CAS 112-34-5 Manufacturer - Longchang Chemical<\/title>\n<meta name=\"description\" content=\"Butyl carbitol \/ n-Butyl carbitol CAS 112-34-5 is a key product of Longchang Chemical. We provide the best price. We are the leading manufacturer in China with the best quality and competitive price.\" \/>\n<meta name=\"robots\" content=\"index, follow, max-snippet:-1, max-image-preview:large, max-video-preview:-1\" \/>\n<link rel=\"canonical\" href=\"https:\/\/longchangchemical.com\/tr\/product\/butyl-carbitol-n-butyl-carbitol-cas-112-34-5\/\" \/>\n<meta property=\"og:locale\" content=\"tr_TR\" \/>\n<meta property=\"og:type\" content=\"article\" \/>\n<meta property=\"og:title\" content=\"China Butyl carbitol \/ n-Butyl carbitol CAS 112-34-5 Manufacturer - Longchang Chemical\" \/>\n<meta property=\"og:description\" content=\"Butyl carbitol \/ n-Butyl carbitol CAS 112-34-5 is a key product of Longchang Chemical. We provide the best price. We are the leading manufacturer in China with the best quality and competitive price.\" \/>\n<meta property=\"og:url\" content=\"https:\/\/longchangchemical.com\/tr\/product\/butyl-carbitol-n-butyl-carbitol-cas-112-34-5\/\" \/>\n<meta property=\"og:site_name\" content=\"Longchang Chemical\" \/>\n<meta property=\"article:modified_time\" content=\"2026-01-12T06:30:14+00:00\" \/>\n<meta property=\"og:image\" content=\"https:\/\/longchangchemical.com\/wp-content\/uploads\/2024\/02\/logo-jpeg.jpg\" \/>\n\t<meta property=\"og:image:width\" content=\"1000\" \/>\n\t<meta property=\"og:image:height\" content=\"1000\" \/>\n\t<meta property=\"og:image:type\" content=\"image\/jpeg\" \/>\n<meta name=\"twitter:card\" content=\"summary_large_image\" \/>\n<script type=\"application\/ld+json\" class=\"yoast-schema-graph\">{\"@context\":\"https:\/\/schema.org\",\"@graph\":[{\"@type\":\"WebPage\",\"@id\":\"https:\/\/longchangchemical.com\/product\/butyl-carbitol-n-butyl-carbitol-cas-112-34-5\/\",\"url\":\"https:\/\/longchangchemical.com\/product\/butyl-carbitol-n-butyl-carbitol-cas-112-34-5\/\",\"name\":\"China Butyl carbitol \/ n-Butyl carbitol CAS 112-34-5 Manufacturer - Longchang Chemical\",\"isPartOf\":{\"@id\":\"https:\/\/longchangchemical.com\/#website\"},\"datePublished\":\"2024-03-20T05:50:39+00:00\",\"dateModified\":\"2026-01-12T06:30:14+00:00\",\"description\":\"Butyl carbitol \/ n-Butyl carbitol CAS 112-34-5 is a key product of Longchang Chemical. We provide the best price. We are the leading manufacturer in China with the best quality and competitive price.\",\"breadcrumb\":{\"@id\":\"https:\/\/longchangchemical.com\/product\/butyl-carbitol-n-butyl-carbitol-cas-112-34-5\/#breadcrumb\"},\"inLanguage\":\"tr\",\"potentialAction\":[{\"@type\":\"ReadAction\",\"target\":[\"https:\/\/longchangchemical.com\/product\/butyl-carbitol-n-butyl-carbitol-cas-112-34-5\/\"]}]},{\"@type\":\"BreadcrumbList\",\"@id\":\"https:\/\/longchangchemical.com\/product\/butyl-carbitol-n-butyl-carbitol-cas-112-34-5\/#breadcrumb\",\"itemListElement\":[{\"@type\":\"ListItem\",\"position\":1,\"name\":\"Home\",\"item\":\"https:\/\/longchangchemical.com\/\"},{\"@type\":\"ListItem\",\"position\":2,\"name\":\"Products Longchang\",\"item\":\"https:\/\/longchangchemical.com\/product\/\"},{\"@type\":\"ListItem\",\"position\":3,\"name\":\"Butyl carbitol \/ n-Butyl carbitol CAS 112-34-5\"}]},{\"@type\":\"WebSite\",\"@id\":\"https:\/\/longchangchemical.com\/#website\",\"url\":\"https:\/\/longchangchemical.com\/\",\"name\":\"Longchang Chemical\",\"description\":\"China chemical manufacturer \uff06 supplier\",\"publisher\":{\"@id\":\"https:\/\/longchangchemical.com\/#organization\"},\"potentialAction\":[{\"@type\":\"SearchAction\",\"target\":{\"@type\":\"EntryPoint\",\"urlTemplate\":\"https:\/\/longchangchemical.com\/?s={search_term_string}\"},\"query-input\":{\"@type\":\"PropertyValueSpecification\",\"valueRequired\":true,\"valueName\":\"search_term_string\"}}],\"inLanguage\":\"tr\"},{\"@type\":\"Organization\",\"@id\":\"https:\/\/longchangchemical.com\/#organization\",\"name\":\"Longchang Chemical\",\"url\":\"https:\/\/longchangchemical.com\/\",\"logo\":{\"@type\":\"ImageObject\",\"inLanguage\":\"tr\",\"@id\":\"https:\/\/longchangchemical.com\/#\/schema\/logo\/image\/\",\"url\":\"https:\/\/longchangchemical.com\/wp-content\/uploads\/2020\/08\/cropped-longchang-logo.png\",\"contentUrl\":\"https:\/\/longchangchemical.com\/wp-content\/uploads\/2020\/08\/cropped-longchang-logo.png\",\"width\":512,\"height\":512,\"caption\":\"Longchang Chemical\"},\"image\":{\"@id\":\"https:\/\/longchangchemical.com\/#\/schema\/logo\/image\/\"}}]}<\/script>\n<!-- \/ Yoast SEO plugin. -->","yoast_head_json":{"title":"\u00c7in Butil karbitol \/ n-Butil karbitol CAS 112-34-5 \u00dcretici - Longchang Chemical","description":"Butil karbitol \/ n-Butil karbitol CAS 112-34-5, Longchang Chemical'\u0131n \u00f6nemli bir \u00fcr\u00fcn\u00fcd\u00fcr. En iyi fiyat\u0131 sa\u011fl\u0131yoruz. En iyi kalite ve rekabet\u00e7i fiyat ile \u00c7in'in \u00f6nde gelen \u00fcreticisiyiz.","robots":{"index":"index","follow":"follow","max-snippet":"max-snippet:-1","max-image-preview":"max-image-preview:large","max-video-preview":"max-video-preview:-1"},"canonical":"https:\/\/longchangchemical.com\/tr\/product\/butyl-carbitol-n-butyl-carbitol-cas-112-34-5\/","og_locale":"tr_TR","og_type":"article","og_title":"China Butyl carbitol \/ n-Butyl carbitol CAS 112-34-5 Manufacturer - Longchang Chemical","og_description":"Butyl carbitol \/ n-Butyl carbitol CAS 112-34-5 is a key product of Longchang Chemical. We provide the best price. We are the leading manufacturer in China with the best quality and competitive price.","og_url":"https:\/\/longchangchemical.com\/tr\/product\/butyl-carbitol-n-butyl-carbitol-cas-112-34-5\/","og_site_name":"Longchang Chemical","article_modified_time":"2026-01-12T06:30:14+00:00","og_image":[{"width":1000,"height":1000,"url":"https:\/\/longchangchemical.com\/wp-content\/uploads\/2024\/02\/logo-jpeg.jpg","type":"image\/jpeg"}],"twitter_card":"summary_large_image","schema":{"@context":"https:\/\/schema.org","@graph":[{"@type":"WebPage","@id":"https:\/\/longchangchemical.com\/product\/butyl-carbitol-n-butyl-carbitol-cas-112-34-5\/","url":"https:\/\/longchangchemical.com\/product\/butyl-carbitol-n-butyl-carbitol-cas-112-34-5\/","name":"\u00c7in Butil karbitol \/ n-Butil karbitol CAS 112-34-5 \u00dcretici - Longchang Chemical","isPartOf":{"@id":"https:\/\/longchangchemical.com\/#website"},"datePublished":"2024-03-20T05:50:39+00:00","dateModified":"2026-01-12T06:30:14+00:00","description":"Butil karbitol \/ n-Butil karbitol CAS 112-34-5, Longchang Chemical'\u0131n \u00f6nemli bir \u00fcr\u00fcn\u00fcd\u00fcr. En iyi fiyat\u0131 sa\u011fl\u0131yoruz. En iyi kalite ve rekabet\u00e7i fiyat ile \u00c7in'in \u00f6nde gelen \u00fcreticisiyiz.","breadcrumb":{"@id":"https:\/\/longchangchemical.com\/product\/butyl-carbitol-n-butyl-carbitol-cas-112-34-5\/#breadcrumb"},"inLanguage":"tr","potentialAction":[{"@type":"ReadAction","target":["https:\/\/longchangchemical.com\/product\/butyl-carbitol-n-butyl-carbitol-cas-112-34-5\/"]}]},{"@type":"BreadcrumbList","@id":"https:\/\/longchangchemical.com\/product\/butyl-carbitol-n-butyl-carbitol-cas-112-34-5\/#breadcrumb","itemListElement":[{"@type":"ListItem","position":1,"name":"Home","item":"https:\/\/longchangchemical.com\/"},{"@type":"ListItem","position":2,"name":"Products Longchang","item":"https:\/\/longchangchemical.com\/product\/"},{"@type":"ListItem","position":3,"name":"Butyl carbitol \/ n-Butyl carbitol CAS 112-34-5"}]},{"@type":"WebSite","@id":"https:\/\/longchangchemical.com\/#website","url":"https:\/\/longchangchemical.com\/","name":"Longchang Kimya","description":"\u00c7in kimyasal \u00fcreticisi \uff06 tedarik\u00e7isi","publisher":{"@id":"https:\/\/longchangchemical.com\/#organization"},"potentialAction":[{"@type":"SearchAction","target":{"@type":"EntryPoint","urlTemplate":"https:\/\/longchangchemical.com\/?s={search_term_string}"},"query-input":{"@type":"PropertyValueSpecification","valueRequired":true,"valueName":"search_term_string"}}],"inLanguage":"tr"},{"@type":"Organization","@id":"https:\/\/longchangchemical.com\/#organization","name":"Longchang Kimya","url":"https:\/\/longchangchemical.com\/","logo":{"@type":"ImageObject","inLanguage":"tr","@id":"https:\/\/longchangchemical.com\/#\/schema\/logo\/image\/","url":"https:\/\/longchangchemical.com\/wp-content\/uploads\/2020\/08\/cropped-longchang-logo.png","contentUrl":"https:\/\/longchangchemical.com\/wp-content\/uploads\/2020\/08\/cropped-longchang-logo.png","width":512,"height":512,"caption":"Longchang Chemical"},"image":{"@id":"https:\/\/longchangchemical.com\/#\/schema\/logo\/image\/"}}]}},"_links":{"self":[{"href":"https:\/\/longchangchemical.com\/tr\/wp-json\/wp\/v2\/product\/6753","targetHints":{"allow":["GET"]}}],"collection":[{"href":"https:\/\/longchangchemical.com\/tr\/wp-json\/wp\/v2\/product"}],"about":[{"href":"https:\/\/longchangchemical.com\/tr\/wp-json\/wp\/v2\/types\/product"}],"replies":[{"embeddable":true,"href":"https:\/\/longchangchemical.com\/tr\/wp-json\/wp\/v2\/comments?post=6753"}],"wp:attachment":[{"href":"https:\/\/longchangchemical.com\/tr\/wp-json\/wp\/v2\/media?parent=6753"}],"wp:term":[{"taxonomy":"product_brand","embeddable":true,"href":"https:\/\/longchangchemical.com\/tr\/wp-json\/wp\/v2\/product_brand?post=6753"},{"taxonomy":"product_cat","embeddable":true,"href":"https:\/\/longchangchemical.com\/tr\/wp-json\/wp\/v2\/product_cat?post=6753"},{"taxonomy":"product_tag","embeddable":true,"href":"https:\/\/longchangchemical.com\/tr\/wp-json\/wp\/v2\/product_tag?post=6753"}],"curies":[{"name":"wp","href":"https:\/\/api.w.org\/{rel}","templated":true}]}}