{"id":6729,"date":"2024-03-15T02:51:48","date_gmt":"2024-03-15T02:51:48","guid":{"rendered":"https:\/\/longchangchemical.com\/?post_type=product&#038;p=6729"},"modified":"2024-07-17T12:32:34","modified_gmt":"2024-07-17T12:32:34","slug":"ape-cas-1471-17-6","status":"publish","type":"product","link":"https:\/\/longchangchemical.com\/tr\/product\/ape-cas-1471-17-6\/","title":{"rendered":"Pentaeritritol trialil eter \/ Alil Pentaeritritol \/ APE CAS 1471-17-6 CAS 91648-24-7"},"content":{"rendered":"<div class=\"col-md-6\">\n<p><strong>E\u015fanlaml\u0131 Ad\u0131:<\/strong>1-(2-naftalenil)-N-feniletanimin; Triallylpentaeritritol; 3-(alliloksi)-2,2-bis[(alliloksi)metil]propanol; Pentaeritritiltriallylether; 3-alliloksi-2,2-bis(alliloksimetil)propan-1-ol; 3-prop-2-enoksi-2,2-bis(prop-2-enoksimetil)propan-1-ol<\/p>\n<p>&nbsp;<\/p>\n<p><strong>Spec:<\/strong><\/p>\n<table>\n<tbody>\n<tr>\n<td width=\"321\"><strong>\u00d6\u011fe<\/strong><\/td>\n<td width=\"270\"><strong>Teknik \u00d6zellikler<\/strong><\/td>\n<\/tr>\n<tr>\n<td width=\"321\">Renk, Pt-Co<\/td>\n<td width=\"270\">\u226450<\/td>\n<\/tr>\n<tr>\n<td width=\"321\">Viskozite, mpa.s 23\u2103<\/td>\n<td width=\"270\">10~30<\/td>\n<\/tr>\n<tr>\n<td width=\"321\">Hidroksil de\u011feri, mgKOH\/g<\/td>\n<td width=\"270\">230~260<\/td>\n<\/tr>\n<tr>\n<td width=\"321\">Peroksit i\u00e7eri\u011fi , ppm<\/td>\n<td width=\"270\">\u226420<\/td>\n<\/tr>\n<tr>\n<td width=\"321\">Alil eter, %<\/td>\n<td width=\"270\">\u226598<\/td>\n<\/tr>\n<tr>\n<td width=\"321\">Pentaeritritol dialil eter, %<\/td>\n<td width=\"270\">\u226426<\/td>\n<\/tr>\n<tr>\n<td width=\"321\">Pentaeritritol trialil eter, %<\/td>\n<td width=\"270\">\u226574<\/td>\n<\/tr>\n<\/tbody>\n<\/table>\n<p><strong>\u00a0<\/strong><\/p>\n<p><strong>Uygulama:<\/strong><\/p>\n<p>Kal\u0131nla\u015ft\u0131r\u0131c\u0131 ve \u00e7apraz ba\u011flay\u0131c\u0131 olarak kullan\u0131l\u0131r<\/p>\n<p>S\u00fcper emici akrilik re\u00e7ine (SAP)-doymam\u0131\u015f polyester (UPR) re\u00e7ine-ultraviyole k\u00fcrlenen yal\u0131t\u0131m re\u00e7inesi-Karbomer re\u00e7ine vb. toz boya ba\u011flay\u0131c\u0131lar\u0131nda ve em\u00fclsiyon kaplamalarda da kullan\u0131labilir.<\/p>\n<p><strong>Paketleme ve Nakliye:<\/strong><\/p>\n<p>S\u0131v\u0131: 25kg veya 200kgs\/davul.<\/p>\n<p>Toz: 20kg\/karton veya 25kg\/\u00e7anta<\/p>\n<p><strong>Depolama:<\/strong><\/p>\n<p>Do\u011frudan g\u00fcne\u015f \u0131\u015f\u0131\u011f\u0131 almayan serin ve kuru bir yerde saklan\u0131r.<\/p>\n<\/div>\n<div class=\"col-md-6\">\n<h2><strong><b>\u015eimdi Bize Ula\u015f\u0131n!<\/b><\/strong><\/h2>\n<h4><strong><b>Fiyata ihtiyac\u0131n\u0131z varsa, l\u00fctfen a\u015fa\u011f\u0131daki forma ileti\u015fim bilgilerinizi doldurun, genellikle 24 saat i\u00e7inde sizinle ileti\u015fime ge\u00e7ece\u011fiz. Bana e-posta da g\u00f6nderebilirsiniz\u00a0<span style=\"color: #00ccff;\"><a style=\"color: #00ccff;\" href=\"mailto:info@longchangchemical.com\">info@longchangchemical.com<\/a>\u00a0<\/span>\u00c7al\u0131\u015fma saatleri i\u00e7inde (8:30 - 6:00 UTC+8 Pzt.~Sat.) veya h\u0131zl\u0131 yan\u0131t almak i\u00e7in web sitesi canl\u0131 sohbetini kullan\u0131n.<\/b><\/strong><\/h4>\n<\/div>","protected":false},"excerpt":{"rendered":"<p>Kimyasal ad\u0131: Pentaeritritol trialil eter \/ Alil Pentaeritritol<\/p>\n<p>Cas No: 1471-17-6<\/p>\n<p>CAS 91648-24-7<\/p>\n<p>Molek\u00fcler form\u00fcl: C14H24O4<\/p>\n<p>Molek\u00fcl a\u011f\u0131rl\u0131\u011f\u0131: 256,34<\/p>","protected":false},"featured_media":6738,"comment_status":"open","ping_status":"closed","template":"","meta":[],"product_brand":[],"product_cat":[69],"product_tag":[],"class_list":{"0":"post-6729","1":"product","2":"type-product","3":"status-publish","4":"has-post-thumbnail","6":"product_cat-catalysts-chemical-auxiliary-agents","8":"first","9":"instock","10":"shipping-taxable","11":"product-type-simple"},"yoast_head":"<!-- This site is optimized with the Yoast SEO plugin v25.3.1 - https:\/\/yoast.com\/wordpress\/plugins\/seo\/ -->\n<title>China Allyl Pentaerythritol (Pentaerythritol triallyl ether) manufacturer Cas 1471-17-6 - Longchang Chemical<\/title>\n<meta name=\"description\" content=\"APE can replace NEOALLYLP-30 ,used as a crosslinker and Thickener. We are the leading crosslinking agent manufacturer and supplier in China with the best quanlity and competitive price.\" \/>\n<meta name=\"robots\" content=\"index, follow, max-snippet:-1, max-image-preview:large, max-video-preview:-1\" \/>\n<link rel=\"canonical\" href=\"https:\/\/longchangchemical.com\/tr\/product\/ape-cas-1471-17-6\/\" \/>\n<meta property=\"og:locale\" content=\"tr_TR\" \/>\n<meta property=\"og:type\" content=\"article\" \/>\n<meta property=\"og:title\" content=\"China Allyl Pentaerythritol (Pentaerythritol triallyl ether) manufacturer Cas 1471-17-6 - Longchang Chemical\" \/>\n<meta property=\"og:description\" content=\"APE can replace NEOALLYLP-30 ,used as a crosslinker and Thickener. We are the leading crosslinking agent manufacturer and supplier in China with the best quanlity and competitive price.\" \/>\n<meta property=\"og:url\" content=\"https:\/\/longchangchemical.com\/tr\/product\/ape-cas-1471-17-6\/\" \/>\n<meta property=\"og:site_name\" content=\"Longchang Chemical\" \/>\n<meta property=\"article:modified_time\" content=\"2024-07-17T12:32:34+00:00\" \/>\n<meta property=\"og:image\" content=\"https:\/\/longchangchemical.com\/wp-content\/uploads\/2024\/03\/APE-Chemical.jpg\" \/>\n\t<meta property=\"og:image:width\" content=\"495\" \/>\n\t<meta property=\"og:image:height\" content=\"660\" \/>\n\t<meta property=\"og:image:type\" content=\"image\/jpeg\" \/>\n<meta name=\"twitter:card\" content=\"summary_large_image\" \/>\n<script type=\"application\/ld+json\" class=\"yoast-schema-graph\">{\"@context\":\"https:\/\/schema.org\",\"@graph\":[{\"@type\":\"WebPage\",\"@id\":\"https:\/\/longchangchemical.com\/product\/ape-cas-1471-17-6\/\",\"url\":\"https:\/\/longchangchemical.com\/product\/ape-cas-1471-17-6\/\",\"name\":\"China Allyl Pentaerythritol (Pentaerythritol triallyl ether) manufacturer Cas 1471-17-6 - Longchang Chemical\",\"isPartOf\":{\"@id\":\"https:\/\/longchangchemical.com\/#website\"},\"primaryImageOfPage\":{\"@id\":\"https:\/\/longchangchemical.com\/product\/ape-cas-1471-17-6\/#primaryimage\"},\"image\":{\"@id\":\"https:\/\/longchangchemical.com\/product\/ape-cas-1471-17-6\/#primaryimage\"},\"thumbnailUrl\":\"https:\/\/longchangchemical.com\/wp-content\/uploads\/2024\/03\/APE-Chemical.jpg\",\"datePublished\":\"2024-03-15T02:51:48+00:00\",\"dateModified\":\"2024-07-17T12:32:34+00:00\",\"description\":\"APE can replace NEOALLYLP-30 ,used as a crosslinker and Thickener. We are the leading crosslinking agent manufacturer and supplier in China with the best quanlity and competitive price.\",\"breadcrumb\":{\"@id\":\"https:\/\/longchangchemical.com\/product\/ape-cas-1471-17-6\/#breadcrumb\"},\"inLanguage\":\"tr\",\"potentialAction\":[{\"@type\":\"ReadAction\",\"target\":[\"https:\/\/longchangchemical.com\/product\/ape-cas-1471-17-6\/\"]}]},{\"@type\":\"ImageObject\",\"inLanguage\":\"tr\",\"@id\":\"https:\/\/longchangchemical.com\/product\/ape-cas-1471-17-6\/#primaryimage\",\"url\":\"https:\/\/longchangchemical.com\/wp-content\/uploads\/2024\/03\/APE-Chemical.jpg\",\"contentUrl\":\"https:\/\/longchangchemical.com\/wp-content\/uploads\/2024\/03\/APE-Chemical.jpg\",\"width\":495,\"height\":660},{\"@type\":\"BreadcrumbList\",\"@id\":\"https:\/\/longchangchemical.com\/product\/ape-cas-1471-17-6\/#breadcrumb\",\"itemListElement\":[{\"@type\":\"ListItem\",\"position\":1,\"name\":\"Home\",\"item\":\"https:\/\/longchangchemical.com\/\"},{\"@type\":\"ListItem\",\"position\":2,\"name\":\"Products Longchang\",\"item\":\"https:\/\/longchangchemical.com\/product\/\"},{\"@type\":\"ListItem\",\"position\":3,\"name\":\"Pentaerythritol triallyl ether \/ Allyl Pentaerythritol \/ APE CAS 1471-17-6 CAS 91648-24-7\"}]},{\"@type\":\"WebSite\",\"@id\":\"https:\/\/longchangchemical.com\/#website\",\"url\":\"https:\/\/longchangchemical.com\/\",\"name\":\"Longchang Chemical\",\"description\":\"China chemical manufacturer \uff06 supplier\",\"publisher\":{\"@id\":\"https:\/\/longchangchemical.com\/#organization\"},\"potentialAction\":[{\"@type\":\"SearchAction\",\"target\":{\"@type\":\"EntryPoint\",\"urlTemplate\":\"https:\/\/longchangchemical.com\/?s={search_term_string}\"},\"query-input\":{\"@type\":\"PropertyValueSpecification\",\"valueRequired\":true,\"valueName\":\"search_term_string\"}}],\"inLanguage\":\"tr\"},{\"@type\":\"Organization\",\"@id\":\"https:\/\/longchangchemical.com\/#organization\",\"name\":\"Longchang Chemical\",\"url\":\"https:\/\/longchangchemical.com\/\",\"logo\":{\"@type\":\"ImageObject\",\"inLanguage\":\"tr\",\"@id\":\"https:\/\/longchangchemical.com\/#\/schema\/logo\/image\/\",\"url\":\"https:\/\/longchangchemical.com\/wp-content\/uploads\/2020\/08\/cropped-longchang-logo.png\",\"contentUrl\":\"https:\/\/longchangchemical.com\/wp-content\/uploads\/2020\/08\/cropped-longchang-logo.png\",\"width\":512,\"height\":512,\"caption\":\"Longchang Chemical\"},\"image\":{\"@id\":\"https:\/\/longchangchemical.com\/#\/schema\/logo\/image\/\"}}]}<\/script>\n<!-- \/ Yoast SEO plugin. -->","yoast_head_json":{"title":"\u00c7in Allyl Pentaerythritol (Pentaerythritol triallyl eter) \u00fcreticisi Cas 1471-17-6 - Longchang Chemical","description":"APE, \u00e7apraz ba\u011flay\u0131c\u0131 ve kal\u0131nla\u015ft\u0131r\u0131c\u0131 olarak kullan\u0131lan NEOALLYLP-30'un yerini alabilir. Biz en iyi quanlity ve rekabet\u00e7i fiyat ile \u00c7in'in \u00f6nde gelen \u00e7apraz ba\u011flay\u0131c\u0131 ajan \u00fcreticisi ve tedarik\u00e7isi vard\u0131r.","robots":{"index":"index","follow":"follow","max-snippet":"max-snippet:-1","max-image-preview":"max-image-preview:large","max-video-preview":"max-video-preview:-1"},"canonical":"https:\/\/longchangchemical.com\/tr\/product\/ape-cas-1471-17-6\/","og_locale":"tr_TR","og_type":"article","og_title":"China Allyl Pentaerythritol (Pentaerythritol triallyl ether) manufacturer Cas 1471-17-6 - Longchang Chemical","og_description":"APE can replace NEOALLYLP-30 ,used as a crosslinker and Thickener. We are the leading crosslinking agent manufacturer and supplier in China with the best quanlity and competitive price.","og_url":"https:\/\/longchangchemical.com\/tr\/product\/ape-cas-1471-17-6\/","og_site_name":"Longchang Chemical","article_modified_time":"2024-07-17T12:32:34+00:00","og_image":[{"width":495,"height":660,"url":"https:\/\/longchangchemical.com\/wp-content\/uploads\/2024\/03\/APE-Chemical.jpg","type":"image\/jpeg"}],"twitter_card":"summary_large_image","schema":{"@context":"https:\/\/schema.org","@graph":[{"@type":"WebPage","@id":"https:\/\/longchangchemical.com\/product\/ape-cas-1471-17-6\/","url":"https:\/\/longchangchemical.com\/product\/ape-cas-1471-17-6\/","name":"\u00c7in Allyl Pentaerythritol (Pentaerythritol triallyl eter) \u00fcreticisi Cas 1471-17-6 - Longchang Chemical","isPartOf":{"@id":"https:\/\/longchangchemical.com\/#website"},"primaryImageOfPage":{"@id":"https:\/\/longchangchemical.com\/product\/ape-cas-1471-17-6\/#primaryimage"},"image":{"@id":"https:\/\/longchangchemical.com\/product\/ape-cas-1471-17-6\/#primaryimage"},"thumbnailUrl":"https:\/\/longchangchemical.com\/wp-content\/uploads\/2024\/03\/APE-Chemical.jpg","datePublished":"2024-03-15T02:51:48+00:00","dateModified":"2024-07-17T12:32:34+00:00","description":"APE, \u00e7apraz ba\u011flay\u0131c\u0131 ve kal\u0131nla\u015ft\u0131r\u0131c\u0131 olarak kullan\u0131lan NEOALLYLP-30'un yerini alabilir. Biz en iyi quanlity ve rekabet\u00e7i fiyat ile \u00c7in'in \u00f6nde gelen \u00e7apraz ba\u011flay\u0131c\u0131 ajan \u00fcreticisi ve tedarik\u00e7isi vard\u0131r.","breadcrumb":{"@id":"https:\/\/longchangchemical.com\/product\/ape-cas-1471-17-6\/#breadcrumb"},"inLanguage":"tr","potentialAction":[{"@type":"ReadAction","target":["https:\/\/longchangchemical.com\/product\/ape-cas-1471-17-6\/"]}]},{"@type":"ImageObject","inLanguage":"tr","@id":"https:\/\/longchangchemical.com\/product\/ape-cas-1471-17-6\/#primaryimage","url":"https:\/\/longchangchemical.com\/wp-content\/uploads\/2024\/03\/APE-Chemical.jpg","contentUrl":"https:\/\/longchangchemical.com\/wp-content\/uploads\/2024\/03\/APE-Chemical.jpg","width":495,"height":660},{"@type":"BreadcrumbList","@id":"https:\/\/longchangchemical.com\/product\/ape-cas-1471-17-6\/#breadcrumb","itemListElement":[{"@type":"ListItem","position":1,"name":"Home","item":"https:\/\/longchangchemical.com\/"},{"@type":"ListItem","position":2,"name":"Products Longchang","item":"https:\/\/longchangchemical.com\/product\/"},{"@type":"ListItem","position":3,"name":"Pentaerythritol triallyl ether \/ Allyl Pentaerythritol \/ APE CAS 1471-17-6 CAS 91648-24-7"}]},{"@type":"WebSite","@id":"https:\/\/longchangchemical.com\/#website","url":"https:\/\/longchangchemical.com\/","name":"Longchang Kimya","description":"\u00c7in kimyasal \u00fcreticisi \uff06 tedarik\u00e7isi","publisher":{"@id":"https:\/\/longchangchemical.com\/#organization"},"potentialAction":[{"@type":"SearchAction","target":{"@type":"EntryPoint","urlTemplate":"https:\/\/longchangchemical.com\/?s={search_term_string}"},"query-input":{"@type":"PropertyValueSpecification","valueRequired":true,"valueName":"search_term_string"}}],"inLanguage":"tr"},{"@type":"Organization","@id":"https:\/\/longchangchemical.com\/#organization","name":"Longchang Kimya","url":"https:\/\/longchangchemical.com\/","logo":{"@type":"ImageObject","inLanguage":"tr","@id":"https:\/\/longchangchemical.com\/#\/schema\/logo\/image\/","url":"https:\/\/longchangchemical.com\/wp-content\/uploads\/2020\/08\/cropped-longchang-logo.png","contentUrl":"https:\/\/longchangchemical.com\/wp-content\/uploads\/2020\/08\/cropped-longchang-logo.png","width":512,"height":512,"caption":"Longchang Chemical"},"image":{"@id":"https:\/\/longchangchemical.com\/#\/schema\/logo\/image\/"}}]}},"_links":{"self":[{"href":"https:\/\/longchangchemical.com\/tr\/wp-json\/wp\/v2\/product\/6729","targetHints":{"allow":["GET"]}}],"collection":[{"href":"https:\/\/longchangchemical.com\/tr\/wp-json\/wp\/v2\/product"}],"about":[{"href":"https:\/\/longchangchemical.com\/tr\/wp-json\/wp\/v2\/types\/product"}],"replies":[{"embeddable":true,"href":"https:\/\/longchangchemical.com\/tr\/wp-json\/wp\/v2\/comments?post=6729"}],"wp:featuredmedia":[{"embeddable":true,"href":"https:\/\/longchangchemical.com\/tr\/wp-json\/wp\/v2\/media\/6738"}],"wp:attachment":[{"href":"https:\/\/longchangchemical.com\/tr\/wp-json\/wp\/v2\/media?parent=6729"}],"wp:term":[{"taxonomy":"product_brand","embeddable":true,"href":"https:\/\/longchangchemical.com\/tr\/wp-json\/wp\/v2\/product_brand?post=6729"},{"taxonomy":"product_cat","embeddable":true,"href":"https:\/\/longchangchemical.com\/tr\/wp-json\/wp\/v2\/product_cat?post=6729"},{"taxonomy":"product_tag","embeddable":true,"href":"https:\/\/longchangchemical.com\/tr\/wp-json\/wp\/v2\/product_tag?post=6729"}],"curies":[{"name":"wp","href":"https:\/\/api.w.org\/{rel}","templated":true}]}}