{"id":6679,"date":"2024-03-04T03:14:42","date_gmt":"2024-03-04T03:14:42","guid":{"rendered":"https:\/\/longchangchemical.com\/?post_type=product&#038;p=6679"},"modified":"2026-01-12T09:22:17","modified_gmt":"2026-01-12T09:22:17","slug":"dml-cas-46917-07-1","status":"publish","type":"product","link":"https:\/\/longchangchemical.com\/tr\/product\/dml-cas-46917-07-1\/","title":{"rendered":"Metakriloil Oksietil Dimetilbenzil Amonyum Klor\u00fcr \/ DML CAS 46917-07-1"},"content":{"rendered":"<table style=\"border-collapse: collapse; width: 351.02pt;\" border=\"0\" width=\"468\" cellspacing=\"0\" cellpadding=\"0\">\n<tbody>\n<tr style=\"height: 13.50pt;\">\n<td style=\"height: 13.50pt; width: 139.50pt;\" width=\"186\" height=\"18\">Safl\u0131k:<\/td>\n<td style=\"width: 211.50pt;\" width=\"282\">\u226560%\u00b11(GC)<\/td>\n<\/tr>\n<tr style=\"height: 13.50pt;\">\n<td style=\"height: 13.50pt;\" height=\"18\">Asit de\u011feri:<\/td>\n<td>\u22640.02% (metakrilik asit)<\/td>\n<\/tr>\n<tr style=\"height: 13.50pt;\">\n<td style=\"height: 13.50pt;\" height=\"18\">Renk:<\/td>\n<td>\u226450 (Pt-Co)<\/td>\n<\/tr>\n<tr style=\"height: 13.50pt;\">\n<td style=\"height: 13.50pt;\" height=\"18\">G\u00f6r\u00fcn\u00fc\u015f:<\/td>\n<td>renksiz \u015feffaf s\u0131v\u0131<\/td>\n<\/tr>\n<tr style=\"height: 13.50pt;\">\n<td style=\"height: 13.50pt;\" height=\"18\">Molek\u00fcl a\u011f\u0131rl\u0131\u011f\u0131:<\/td>\n<td>283,80 g\/mol<\/td>\n<\/tr>\n<tr style=\"height: 13.50pt;\">\n<td style=\"height: 13.50pt;\" height=\"18\">Yo\u011funluk:<\/td>\n<td>1.088 \u00b0C<\/td>\n<\/tr>\n<tr style=\"height: 13.50pt;\">\n<td style=\"height: 13.50pt;\" height=\"18\">Kaynama noktas\u0131:<\/td>\n<td>&gt;100 \u00b0C<\/td>\n<\/tr>\n<\/tbody>\n<\/table>\n<h2><\/h2>\n<h2><strong>Metakriloil Oksietil Dimetilbenzil Amonyum Klor\u00fcr \/ DML Ambalajlama, ta\u015f\u0131ma ve depolama<\/strong><\/h2>\n<p>\u00dcr\u00fcn paketleme \u00f6zellikleri: 1100kg. Ta\u015f\u0131ma s\u0131ras\u0131nda g\u00fcne\u015ften, ya\u011fmurdan ve y\u00fcksek s\u0131cakl\u0131ktan korunmal\u0131d\u0131r. \u00dcr\u00fcn serin, \u0131\u015f\u0131k ge\u00e7irmez ve havaland\u0131r\u0131lm\u0131\u015f bir yerde, ate\u015f kayna\u011f\u0131ndan uzakta depolanmal\u0131d\u0131r. \u00dcr\u00fcn\u00fcn 25\u2103 alt\u0131nda depolama s\u00fcresi 6 ayd\u0131r.<\/p>\n<h2><strong><b>\u015eimdi Bize Ula\u015f\u0131n!<\/b><\/strong><\/h2>\n<h4><strong><b>Fiyata ihtiyac\u0131n\u0131z varsa, l\u00fctfen a\u015fa\u011f\u0131daki forma ileti\u015fim bilgilerinizi doldurun, genellikle 24 saat i\u00e7inde sizinle ileti\u015fime ge\u00e7ece\u011fiz. Bana e-posta da g\u00f6nderebilirsiniz\u00a0<span style=\"color: #00ccff;\"><a style=\"color: #00ccff;\" href=\"mailto:info@longchangchemical.com\">info@longchangchemical.com<\/a>\u00a0<\/span>\u00c7al\u0131\u015fma saatleri i\u00e7inde (8:30 - 6:00 UTC+8 Pzt.~Sat.) veya h\u0131zl\u0131 yan\u0131t almak i\u00e7in web sitesi canl\u0131 sohbetini kullan\u0131n.<\/b><\/strong><\/h4>","protected":false},"excerpt":{"rendered":"<p>\u0130ngilizce ad\u0131: Methacryloyl Oxyethyl Dimethylbenzyl Ammonium Chloride DML<br \/>\nCAS No: 46917-07-1<br \/>\nMolek\u00fcler Form\u00fcl: C15H22ClNO2<\/p>","protected":false},"featured_media":0,"comment_status":"open","ping_status":"closed","template":"","meta":[],"product_brand":[],"product_cat":[109],"product_tag":[],"class_list":{"0":"post-6679","1":"product","2":"type-product","3":"status-publish","5":"product_cat-water-treatment","7":"first","8":"instock","9":"shipping-taxable","10":"product-type-simple"},"yoast_head":"<!-- This site is optimized with the Yoast SEO plugin v25.3.1 - https:\/\/yoast.com\/wordpress\/plugins\/seo\/ -->\n<title>China Methacryloyl Oxyethyl Dimethylbenzyl Ammonium Chloride Manufacturer DML CAS 46917-07-1 - Longchang Chemical<\/title>\n<meta name=\"description\" content=\"Methacryloxyethyl dimethyl benzyl ammonium chloride is used as a water treatment agent, textile chemicals, paper-making auxiliaries and is the key product of Longchang Chemical. We are the leading manufacturer and supplier in China with the best quanlity and competitive price.\" \/>\n<meta name=\"robots\" content=\"index, follow, max-snippet:-1, max-image-preview:large, max-video-preview:-1\" \/>\n<link rel=\"canonical\" href=\"https:\/\/longchangchemical.com\/tr\/product\/dml-cas-46917-07-1\/\" \/>\n<meta property=\"og:locale\" content=\"tr_TR\" \/>\n<meta property=\"og:type\" content=\"article\" \/>\n<meta property=\"og:title\" content=\"China Methacryloyl Oxyethyl Dimethylbenzyl Ammonium Chloride Manufacturer DML CAS 46917-07-1 - Longchang Chemical\" \/>\n<meta property=\"og:description\" content=\"Methacryloxyethyl dimethyl benzyl ammonium chloride is used as a water treatment agent, textile chemicals, paper-making auxiliaries and is the key product of Longchang Chemical. We are the leading manufacturer and supplier in China with the best quanlity and competitive price.\" \/>\n<meta property=\"og:url\" content=\"https:\/\/longchangchemical.com\/tr\/product\/dml-cas-46917-07-1\/\" \/>\n<meta property=\"og:site_name\" content=\"Longchang Chemical\" \/>\n<meta property=\"article:modified_time\" content=\"2026-01-12T09:22:17+00:00\" \/>\n<meta property=\"og:image\" content=\"https:\/\/longchangchemical.com\/wp-content\/uploads\/2024\/02\/logo-jpeg.jpg\" \/>\n\t<meta property=\"og:image:width\" content=\"1000\" \/>\n\t<meta property=\"og:image:height\" content=\"1000\" \/>\n\t<meta property=\"og:image:type\" content=\"image\/jpeg\" \/>\n<meta name=\"twitter:card\" content=\"summary_large_image\" \/>\n<script type=\"application\/ld+json\" class=\"yoast-schema-graph\">{\"@context\":\"https:\/\/schema.org\",\"@graph\":[{\"@type\":\"WebPage\",\"@id\":\"https:\/\/longchangchemical.com\/product\/dml-cas-46917-07-1\/\",\"url\":\"https:\/\/longchangchemical.com\/product\/dml-cas-46917-07-1\/\",\"name\":\"China Methacryloyl Oxyethyl Dimethylbenzyl Ammonium Chloride Manufacturer DML CAS 46917-07-1 - Longchang Chemical\",\"isPartOf\":{\"@id\":\"https:\/\/longchangchemical.com\/#website\"},\"datePublished\":\"2024-03-04T03:14:42+00:00\",\"dateModified\":\"2026-01-12T09:22:17+00:00\",\"description\":\"Methacryloxyethyl dimethyl benzyl ammonium chloride is used as a water treatment agent, textile chemicals, paper-making auxiliaries and is the key product of Longchang Chemical. We are the leading manufacturer and supplier in China with the best quanlity and competitive price.\",\"breadcrumb\":{\"@id\":\"https:\/\/longchangchemical.com\/product\/dml-cas-46917-07-1\/#breadcrumb\"},\"inLanguage\":\"tr\",\"potentialAction\":[{\"@type\":\"ReadAction\",\"target\":[\"https:\/\/longchangchemical.com\/product\/dml-cas-46917-07-1\/\"]}]},{\"@type\":\"BreadcrumbList\",\"@id\":\"https:\/\/longchangchemical.com\/product\/dml-cas-46917-07-1\/#breadcrumb\",\"itemListElement\":[{\"@type\":\"ListItem\",\"position\":1,\"name\":\"Home\",\"item\":\"https:\/\/longchangchemical.com\/\"},{\"@type\":\"ListItem\",\"position\":2,\"name\":\"Products Longchang\",\"item\":\"https:\/\/longchangchemical.com\/product\/\"},{\"@type\":\"ListItem\",\"position\":3,\"name\":\"Methacryloyl Oxyethyl Dimethylbenzyl Ammonium Chloride \/ DML CAS 46917-07-1\"}]},{\"@type\":\"WebSite\",\"@id\":\"https:\/\/longchangchemical.com\/#website\",\"url\":\"https:\/\/longchangchemical.com\/\",\"name\":\"Longchang Chemical\",\"description\":\"China chemical manufacturer \uff06 supplier\",\"publisher\":{\"@id\":\"https:\/\/longchangchemical.com\/#organization\"},\"potentialAction\":[{\"@type\":\"SearchAction\",\"target\":{\"@type\":\"EntryPoint\",\"urlTemplate\":\"https:\/\/longchangchemical.com\/?s={search_term_string}\"},\"query-input\":{\"@type\":\"PropertyValueSpecification\",\"valueRequired\":true,\"valueName\":\"search_term_string\"}}],\"inLanguage\":\"tr\"},{\"@type\":\"Organization\",\"@id\":\"https:\/\/longchangchemical.com\/#organization\",\"name\":\"Longchang Chemical\",\"url\":\"https:\/\/longchangchemical.com\/\",\"logo\":{\"@type\":\"ImageObject\",\"inLanguage\":\"tr\",\"@id\":\"https:\/\/longchangchemical.com\/#\/schema\/logo\/image\/\",\"url\":\"https:\/\/longchangchemical.com\/wp-content\/uploads\/2020\/08\/cropped-longchang-logo.png\",\"contentUrl\":\"https:\/\/longchangchemical.com\/wp-content\/uploads\/2020\/08\/cropped-longchang-logo.png\",\"width\":512,\"height\":512,\"caption\":\"Longchang Chemical\"},\"image\":{\"@id\":\"https:\/\/longchangchemical.com\/#\/schema\/logo\/image\/\"}}]}<\/script>\n<!-- \/ Yoast SEO plugin. -->","yoast_head_json":{"title":"\u00c7in Methacryloyl Oxyethyl Dimethylbenzyl Ammonium Chloride \u00dcretici DML CAS 46917-07-1 - Longchang Chemical","description":"Metakriloksietil dimetil benzil amonyum klor\u00fcr, su ar\u0131tma maddesi, tekstil kimyasallar\u0131, ka\u011f\u0131t yap\u0131m yard\u0131mc\u0131lar\u0131 olarak kullan\u0131l\u0131r ve Longchang Chemical'\u0131n temel \u00fcr\u00fcn\u00fcd\u00fcr. Biz en iyi quanlity ve rekabet\u00e7i fiyat ile \u00c7in'de lider \u00fcretici ve tedarik\u00e7i vard\u0131r.","robots":{"index":"index","follow":"follow","max-snippet":"max-snippet:-1","max-image-preview":"max-image-preview:large","max-video-preview":"max-video-preview:-1"},"canonical":"https:\/\/longchangchemical.com\/tr\/product\/dml-cas-46917-07-1\/","og_locale":"tr_TR","og_type":"article","og_title":"China Methacryloyl Oxyethyl Dimethylbenzyl Ammonium Chloride Manufacturer DML CAS 46917-07-1 - Longchang Chemical","og_description":"Methacryloxyethyl dimethyl benzyl ammonium chloride is used as a water treatment agent, textile chemicals, paper-making auxiliaries and is the key product of Longchang Chemical. We are the leading manufacturer and supplier in China with the best quanlity and competitive price.","og_url":"https:\/\/longchangchemical.com\/tr\/product\/dml-cas-46917-07-1\/","og_site_name":"Longchang Chemical","article_modified_time":"2026-01-12T09:22:17+00:00","og_image":[{"width":1000,"height":1000,"url":"https:\/\/longchangchemical.com\/wp-content\/uploads\/2024\/02\/logo-jpeg.jpg","type":"image\/jpeg"}],"twitter_card":"summary_large_image","schema":{"@context":"https:\/\/schema.org","@graph":[{"@type":"WebPage","@id":"https:\/\/longchangchemical.com\/product\/dml-cas-46917-07-1\/","url":"https:\/\/longchangchemical.com\/product\/dml-cas-46917-07-1\/","name":"\u00c7in Methacryloyl Oxyethyl Dimethylbenzyl Ammonium Chloride \u00dcretici DML CAS 46917-07-1 - Longchang Chemical","isPartOf":{"@id":"https:\/\/longchangchemical.com\/#website"},"datePublished":"2024-03-04T03:14:42+00:00","dateModified":"2026-01-12T09:22:17+00:00","description":"Metakriloksietil dimetil benzil amonyum klor\u00fcr, su ar\u0131tma maddesi, tekstil kimyasallar\u0131, ka\u011f\u0131t yap\u0131m yard\u0131mc\u0131lar\u0131 olarak kullan\u0131l\u0131r ve Longchang Chemical'\u0131n temel \u00fcr\u00fcn\u00fcd\u00fcr. Biz en iyi quanlity ve rekabet\u00e7i fiyat ile \u00c7in'de lider \u00fcretici ve tedarik\u00e7i vard\u0131r.","breadcrumb":{"@id":"https:\/\/longchangchemical.com\/product\/dml-cas-46917-07-1\/#breadcrumb"},"inLanguage":"tr","potentialAction":[{"@type":"ReadAction","target":["https:\/\/longchangchemical.com\/product\/dml-cas-46917-07-1\/"]}]},{"@type":"BreadcrumbList","@id":"https:\/\/longchangchemical.com\/product\/dml-cas-46917-07-1\/#breadcrumb","itemListElement":[{"@type":"ListItem","position":1,"name":"Home","item":"https:\/\/longchangchemical.com\/"},{"@type":"ListItem","position":2,"name":"Products Longchang","item":"https:\/\/longchangchemical.com\/product\/"},{"@type":"ListItem","position":3,"name":"Methacryloyl Oxyethyl Dimethylbenzyl Ammonium Chloride \/ DML CAS 46917-07-1"}]},{"@type":"WebSite","@id":"https:\/\/longchangchemical.com\/#website","url":"https:\/\/longchangchemical.com\/","name":"Longchang Kimya","description":"\u00c7in kimyasal \u00fcreticisi \uff06 tedarik\u00e7isi","publisher":{"@id":"https:\/\/longchangchemical.com\/#organization"},"potentialAction":[{"@type":"SearchAction","target":{"@type":"EntryPoint","urlTemplate":"https:\/\/longchangchemical.com\/?s={search_term_string}"},"query-input":{"@type":"PropertyValueSpecification","valueRequired":true,"valueName":"search_term_string"}}],"inLanguage":"tr"},{"@type":"Organization","@id":"https:\/\/longchangchemical.com\/#organization","name":"Longchang Kimya","url":"https:\/\/longchangchemical.com\/","logo":{"@type":"ImageObject","inLanguage":"tr","@id":"https:\/\/longchangchemical.com\/#\/schema\/logo\/image\/","url":"https:\/\/longchangchemical.com\/wp-content\/uploads\/2020\/08\/cropped-longchang-logo.png","contentUrl":"https:\/\/longchangchemical.com\/wp-content\/uploads\/2020\/08\/cropped-longchang-logo.png","width":512,"height":512,"caption":"Longchang Chemical"},"image":{"@id":"https:\/\/longchangchemical.com\/#\/schema\/logo\/image\/"}}]}},"_links":{"self":[{"href":"https:\/\/longchangchemical.com\/tr\/wp-json\/wp\/v2\/product\/6679","targetHints":{"allow":["GET"]}}],"collection":[{"href":"https:\/\/longchangchemical.com\/tr\/wp-json\/wp\/v2\/product"}],"about":[{"href":"https:\/\/longchangchemical.com\/tr\/wp-json\/wp\/v2\/types\/product"}],"replies":[{"embeddable":true,"href":"https:\/\/longchangchemical.com\/tr\/wp-json\/wp\/v2\/comments?post=6679"}],"wp:attachment":[{"href":"https:\/\/longchangchemical.com\/tr\/wp-json\/wp\/v2\/media?parent=6679"}],"wp:term":[{"taxonomy":"product_brand","embeddable":true,"href":"https:\/\/longchangchemical.com\/tr\/wp-json\/wp\/v2\/product_brand?post=6679"},{"taxonomy":"product_cat","embeddable":true,"href":"https:\/\/longchangchemical.com\/tr\/wp-json\/wp\/v2\/product_cat?post=6679"},{"taxonomy":"product_tag","embeddable":true,"href":"https:\/\/longchangchemical.com\/tr\/wp-json\/wp\/v2\/product_tag?post=6679"}],"curies":[{"name":"wp","href":"https:\/\/api.w.org\/{rel}","templated":true}]}}