{"id":6677,"date":"2024-03-01T10:14:12","date_gmt":"2024-03-01T10:14:12","guid":{"rendered":"https:\/\/longchangchemical.com\/?post_type=product&#038;p=6677"},"modified":"2026-01-12T06:32:18","modified_gmt":"2026-01-12T06:32:18","slug":"dibutyl-ether-cas-142-96-1","status":"publish","type":"product","link":"https:\/\/longchangchemical.com\/tr\/product\/dibutyl-ether-cas-142-96-1\/","title":{"rendered":"Dib\u00fctil Eter \/ n-B\u00fctil Eter CAS 142-96-1"},"content":{"rendered":"<table width=\"610\">\n<tbody>\n<tr>\n<td width=\"190\">Asit de\u011feri (MAA olarak):<\/td>\n<td width=\"420\">\u22640.02\uff05<\/td>\n<\/tr>\n<tr>\n<td>G\u00f6r\u00fcn\u00fc\u015f:<\/td>\n<td>eter benzeri kokulu renksiz s\u0131v\u0131<\/td>\n<\/tr>\n<tr>\n<td>Kaynama noktas\u0131:<\/td>\n<td>142-143 \u00b0C (lit.)<\/td>\n<\/tr>\n<tr>\n<td>Renk:<\/td>\n<td>\u226450(Pt-Co)<\/td>\n<\/tr>\n<tr>\n<td>Parlama Noktas\u0131:<\/td>\n<td>77 \u00b0F<\/td>\n<\/tr>\n<tr>\n<td>Erime noktas\u0131:<\/td>\n<td>\u00a0-98 \u00b0C (lit.)<\/td>\n<\/tr>\n<tr>\n<td>Molek\u00fcl a\u011f\u0131rl\u0131\u011f\u0131:<\/td>\n<td>130,22 g\/mol<\/td>\n<\/tr>\n<tr>\n<td>Molek\u00fcl a\u011f\u0131rl\u0131\u011f\u0131:<\/td>\n<td>130,22 g\/mol Yo\u011funluk: 25 \u00b0C'de 0,764 g\/mL (lit.)<\/td>\n<\/tr>\n<tr>\n<td>Safl\u0131k:<\/td>\n<td>\u226599,5%(GC)<\/td>\n<\/tr>\n<tr>\n<td>K\u0131r\u0131lma indisi:<\/td>\n<td>n20\/D 1.399 (lit.)<\/td>\n<\/tr>\n<tr>\n<td>Viskozite:<\/td>\n<td>0,741 mPa-s (15 \u00b0C)<\/td>\n<\/tr>\n<tr>\n<td>Su i\u00e7eri\u011fi:<\/td>\n<td>\u22640.05\uff05<\/td>\n<\/tr>\n<\/tbody>\n<\/table>\n<p>&nbsp;<\/p>\n<h2><strong>n-B\u00fctil Eter Uygulama Alanlar\u0131<\/strong><\/h2>\n<p>n-B\u00fctil Eter, elektronik s\u0131n\u0131f temizleyicilerde ve farmas\u00f6tik \u00e7\u00f6z\u00fcc\u00fclerde kullan\u0131l\u0131r.<\/p>\n<h2><strong>n-B\u00fctil Eter'in ambalajlanmas\u0131, ta\u015f\u0131nmas\u0131 ve depolanmas\u0131<\/strong><\/h2>\n<p>\u00dcr\u00fcn paketleme \u00f6zellikleri: 150kg.<br \/>\nTa\u015f\u0131ma s\u0131ras\u0131nda g\u00fcne\u015ften, ya\u011fmurdan ve y\u00fcksek s\u0131cakl\u0131ktan korunmal\u0131d\u0131r.<br \/>\n\u00dcr\u00fcn serin, \u0131\u015f\u0131k ge\u00e7irmez ve havaland\u0131r\u0131lm\u0131\u015f bir yerde, ate\u015f kayna\u011f\u0131ndan uzakta saklanmal\u0131d\u0131r.<br \/>\n\u00dcr\u00fcn\u00fcn depolama s\u00fcresi 25\u00b0C'de 6 ayd\u0131r.<\/p>\n<h2><strong><b>\u015eimdi Bize Ula\u015f\u0131n!<\/b><\/strong><\/h2>\n<h4><strong><b>Fiyata ihtiyac\u0131n\u0131z varsa, l\u00fctfen a\u015fa\u011f\u0131daki forma ileti\u015fim bilgilerinizi doldurun, genellikle 24 saat i\u00e7inde sizinle ileti\u015fime ge\u00e7ece\u011fiz. Bana e-posta da g\u00f6nderebilirsiniz\u00a0<span style=\"color: #00ccff;\"><a style=\"color: #00ccff;\" href=\"mailto:info@longchangchemical.com\">info@longchangchemical.com<\/a>\u00a0<\/span>\u00c7al\u0131\u015fma saatleri i\u00e7inde (8:30 - 6:00 UTC+8 Pzt.~Sat.) veya h\u0131zl\u0131 yan\u0131t almak i\u00e7in web sitesi canl\u0131 sohbetini kullan\u0131n.<\/b><\/strong><\/h4>","protected":false},"excerpt":{"rendered":"<p>\u0130ngilizce ad\u0131: Di-n-butyl ether \/ DBE<br \/>\nCAS No: 142-96-1<br \/>\nMolek\u00fcler Form\u00fcl: C8H18O<\/p>","protected":false},"featured_media":0,"comment_status":"open","ping_status":"closed","template":"","meta":[],"product_brand":[],"product_cat":[154],"product_tag":[],"class_list":{"0":"post-6677","1":"product","2":"type-product","3":"status-publish","5":"product_cat-solvent","7":"first","8":"instock","9":"shipping-taxable","10":"product-type-simple"},"yoast_head":"<!-- This site is optimized with the Yoast SEO plugin v25.3.1 - https:\/\/yoast.com\/wordpress\/plugins\/seo\/ -->\n<title>China Dibutyl Ether Manufacturer CAS 142-96-1 - Longchang Chemical<\/title>\n<meta name=\"description\" content=\"n-Butyl Ether \/ Dibutyl Ether is used in electronic grade cleaners and pharmaceutical solvents and is the key product of Longchang Chemical. We are the leading manufacturer and supplier in China with the best quanlity and competitive price.\" \/>\n<meta name=\"robots\" content=\"index, follow, max-snippet:-1, max-image-preview:large, max-video-preview:-1\" \/>\n<link rel=\"canonical\" href=\"https:\/\/longchangchemical.com\/tr\/product\/dibutyl-ether-cas-142-96-1\/\" \/>\n<meta property=\"og:locale\" content=\"tr_TR\" \/>\n<meta property=\"og:type\" content=\"article\" \/>\n<meta property=\"og:title\" content=\"China Dibutyl Ether Manufacturer CAS 142-96-1 - Longchang Chemical\" \/>\n<meta property=\"og:description\" content=\"n-Butyl Ether \/ Dibutyl Ether is used in electronic grade cleaners and pharmaceutical solvents and is the key product of Longchang Chemical. We are the leading manufacturer and supplier in China with the best quanlity and competitive price.\" \/>\n<meta property=\"og:url\" content=\"https:\/\/longchangchemical.com\/tr\/product\/dibutyl-ether-cas-142-96-1\/\" \/>\n<meta property=\"og:site_name\" content=\"Longchang Chemical\" \/>\n<meta property=\"article:modified_time\" content=\"2026-01-12T06:32:18+00:00\" \/>\n<meta property=\"og:image\" content=\"https:\/\/longchangchemical.com\/wp-content\/uploads\/2024\/02\/logo-jpeg.jpg\" \/>\n\t<meta property=\"og:image:width\" content=\"1000\" \/>\n\t<meta property=\"og:image:height\" content=\"1000\" \/>\n\t<meta property=\"og:image:type\" content=\"image\/jpeg\" \/>\n<meta name=\"twitter:card\" content=\"summary_large_image\" \/>\n<script type=\"application\/ld+json\" class=\"yoast-schema-graph\">{\"@context\":\"https:\/\/schema.org\",\"@graph\":[{\"@type\":\"WebPage\",\"@id\":\"https:\/\/longchangchemical.com\/product\/dibutyl-ether-cas-142-96-1\/\",\"url\":\"https:\/\/longchangchemical.com\/product\/dibutyl-ether-cas-142-96-1\/\",\"name\":\"China Dibutyl Ether Manufacturer CAS 142-96-1 - Longchang Chemical\",\"isPartOf\":{\"@id\":\"https:\/\/longchangchemical.com\/#website\"},\"datePublished\":\"2024-03-01T10:14:12+00:00\",\"dateModified\":\"2026-01-12T06:32:18+00:00\",\"description\":\"n-Butyl Ether \/ Dibutyl Ether is used in electronic grade cleaners and pharmaceutical solvents and is the key product of Longchang Chemical. We are the leading manufacturer and supplier in China with the best quanlity and competitive price.\",\"breadcrumb\":{\"@id\":\"https:\/\/longchangchemical.com\/product\/dibutyl-ether-cas-142-96-1\/#breadcrumb\"},\"inLanguage\":\"tr\",\"potentialAction\":[{\"@type\":\"ReadAction\",\"target\":[\"https:\/\/longchangchemical.com\/product\/dibutyl-ether-cas-142-96-1\/\"]}]},{\"@type\":\"BreadcrumbList\",\"@id\":\"https:\/\/longchangchemical.com\/product\/dibutyl-ether-cas-142-96-1\/#breadcrumb\",\"itemListElement\":[{\"@type\":\"ListItem\",\"position\":1,\"name\":\"Home\",\"item\":\"https:\/\/longchangchemical.com\/\"},{\"@type\":\"ListItem\",\"position\":2,\"name\":\"Products Longchang\",\"item\":\"https:\/\/longchangchemical.com\/product\/\"},{\"@type\":\"ListItem\",\"position\":3,\"name\":\"Dibutyl Ether \/ n-Butyl Ether CAS 142-96-1\"}]},{\"@type\":\"WebSite\",\"@id\":\"https:\/\/longchangchemical.com\/#website\",\"url\":\"https:\/\/longchangchemical.com\/\",\"name\":\"Longchang Chemical\",\"description\":\"China chemical manufacturer \uff06 supplier\",\"publisher\":{\"@id\":\"https:\/\/longchangchemical.com\/#organization\"},\"potentialAction\":[{\"@type\":\"SearchAction\",\"target\":{\"@type\":\"EntryPoint\",\"urlTemplate\":\"https:\/\/longchangchemical.com\/?s={search_term_string}\"},\"query-input\":{\"@type\":\"PropertyValueSpecification\",\"valueRequired\":true,\"valueName\":\"search_term_string\"}}],\"inLanguage\":\"tr\"},{\"@type\":\"Organization\",\"@id\":\"https:\/\/longchangchemical.com\/#organization\",\"name\":\"Longchang Chemical\",\"url\":\"https:\/\/longchangchemical.com\/\",\"logo\":{\"@type\":\"ImageObject\",\"inLanguage\":\"tr\",\"@id\":\"https:\/\/longchangchemical.com\/#\/schema\/logo\/image\/\",\"url\":\"https:\/\/longchangchemical.com\/wp-content\/uploads\/2020\/08\/cropped-longchang-logo.png\",\"contentUrl\":\"https:\/\/longchangchemical.com\/wp-content\/uploads\/2020\/08\/cropped-longchang-logo.png\",\"width\":512,\"height\":512,\"caption\":\"Longchang Chemical\"},\"image\":{\"@id\":\"https:\/\/longchangchemical.com\/#\/schema\/logo\/image\/\"}}]}<\/script>\n<!-- \/ Yoast SEO plugin. -->","yoast_head_json":{"title":"\u00c7in Dibutil Eter \u00dcreticisi CAS 142-96-1 - Longchang Chemical","description":"n-Butil Eter \/ Dibutil Eter, elektronik s\u0131n\u0131f temizleyicilerde ve farmas\u00f6tik \u00e7\u00f6z\u00fcc\u00fclerde kullan\u0131l\u0131r ve Longchang Chemical'\u0131n temel \u00fcr\u00fcn\u00fcd\u00fcr. Biz en iyi quanlity ve rekabet\u00e7i fiyat ile \u00c7in'de lider \u00fcretici ve tedarik\u00e7i vard\u0131r.","robots":{"index":"index","follow":"follow","max-snippet":"max-snippet:-1","max-image-preview":"max-image-preview:large","max-video-preview":"max-video-preview:-1"},"canonical":"https:\/\/longchangchemical.com\/tr\/product\/dibutyl-ether-cas-142-96-1\/","og_locale":"tr_TR","og_type":"article","og_title":"China Dibutyl Ether Manufacturer CAS 142-96-1 - Longchang Chemical","og_description":"n-Butyl Ether \/ Dibutyl Ether is used in electronic grade cleaners and pharmaceutical solvents and is the key product of Longchang Chemical. We are the leading manufacturer and supplier in China with the best quanlity and competitive price.","og_url":"https:\/\/longchangchemical.com\/tr\/product\/dibutyl-ether-cas-142-96-1\/","og_site_name":"Longchang Chemical","article_modified_time":"2026-01-12T06:32:18+00:00","og_image":[{"width":1000,"height":1000,"url":"https:\/\/longchangchemical.com\/wp-content\/uploads\/2024\/02\/logo-jpeg.jpg","type":"image\/jpeg"}],"twitter_card":"summary_large_image","schema":{"@context":"https:\/\/schema.org","@graph":[{"@type":"WebPage","@id":"https:\/\/longchangchemical.com\/product\/dibutyl-ether-cas-142-96-1\/","url":"https:\/\/longchangchemical.com\/product\/dibutyl-ether-cas-142-96-1\/","name":"\u00c7in Dibutil Eter \u00dcreticisi CAS 142-96-1 - Longchang Chemical","isPartOf":{"@id":"https:\/\/longchangchemical.com\/#website"},"datePublished":"2024-03-01T10:14:12+00:00","dateModified":"2026-01-12T06:32:18+00:00","description":"n-Butil Eter \/ Dibutil Eter, elektronik s\u0131n\u0131f temizleyicilerde ve farmas\u00f6tik \u00e7\u00f6z\u00fcc\u00fclerde kullan\u0131l\u0131r ve Longchang Chemical'\u0131n temel \u00fcr\u00fcn\u00fcd\u00fcr. Biz en iyi quanlity ve rekabet\u00e7i fiyat ile \u00c7in'de lider \u00fcretici ve tedarik\u00e7i vard\u0131r.","breadcrumb":{"@id":"https:\/\/longchangchemical.com\/product\/dibutyl-ether-cas-142-96-1\/#breadcrumb"},"inLanguage":"tr","potentialAction":[{"@type":"ReadAction","target":["https:\/\/longchangchemical.com\/product\/dibutyl-ether-cas-142-96-1\/"]}]},{"@type":"BreadcrumbList","@id":"https:\/\/longchangchemical.com\/product\/dibutyl-ether-cas-142-96-1\/#breadcrumb","itemListElement":[{"@type":"ListItem","position":1,"name":"Home","item":"https:\/\/longchangchemical.com\/"},{"@type":"ListItem","position":2,"name":"Products Longchang","item":"https:\/\/longchangchemical.com\/product\/"},{"@type":"ListItem","position":3,"name":"Dibutyl Ether \/ n-Butyl Ether CAS 142-96-1"}]},{"@type":"WebSite","@id":"https:\/\/longchangchemical.com\/#website","url":"https:\/\/longchangchemical.com\/","name":"Longchang Kimya","description":"\u00c7in kimyasal \u00fcreticisi \uff06 tedarik\u00e7isi","publisher":{"@id":"https:\/\/longchangchemical.com\/#organization"},"potentialAction":[{"@type":"SearchAction","target":{"@type":"EntryPoint","urlTemplate":"https:\/\/longchangchemical.com\/?s={search_term_string}"},"query-input":{"@type":"PropertyValueSpecification","valueRequired":true,"valueName":"search_term_string"}}],"inLanguage":"tr"},{"@type":"Organization","@id":"https:\/\/longchangchemical.com\/#organization","name":"Longchang Kimya","url":"https:\/\/longchangchemical.com\/","logo":{"@type":"ImageObject","inLanguage":"tr","@id":"https:\/\/longchangchemical.com\/#\/schema\/logo\/image\/","url":"https:\/\/longchangchemical.com\/wp-content\/uploads\/2020\/08\/cropped-longchang-logo.png","contentUrl":"https:\/\/longchangchemical.com\/wp-content\/uploads\/2020\/08\/cropped-longchang-logo.png","width":512,"height":512,"caption":"Longchang Chemical"},"image":{"@id":"https:\/\/longchangchemical.com\/#\/schema\/logo\/image\/"}}]}},"_links":{"self":[{"href":"https:\/\/longchangchemical.com\/tr\/wp-json\/wp\/v2\/product\/6677","targetHints":{"allow":["GET"]}}],"collection":[{"href":"https:\/\/longchangchemical.com\/tr\/wp-json\/wp\/v2\/product"}],"about":[{"href":"https:\/\/longchangchemical.com\/tr\/wp-json\/wp\/v2\/types\/product"}],"replies":[{"embeddable":true,"href":"https:\/\/longchangchemical.com\/tr\/wp-json\/wp\/v2\/comments?post=6677"}],"wp:attachment":[{"href":"https:\/\/longchangchemical.com\/tr\/wp-json\/wp\/v2\/media?parent=6677"}],"wp:term":[{"taxonomy":"product_brand","embeddable":true,"href":"https:\/\/longchangchemical.com\/tr\/wp-json\/wp\/v2\/product_brand?post=6677"},{"taxonomy":"product_cat","embeddable":true,"href":"https:\/\/longchangchemical.com\/tr\/wp-json\/wp\/v2\/product_cat?post=6677"},{"taxonomy":"product_tag","embeddable":true,"href":"https:\/\/longchangchemical.com\/tr\/wp-json\/wp\/v2\/product_tag?post=6677"}],"curies":[{"name":"wp","href":"https:\/\/api.w.org\/{rel}","templated":true}]}}