{"id":6673,"date":"2024-03-01T07:02:49","date_gmt":"2024-03-01T07:02:49","guid":{"rendered":"https:\/\/longchangchemical.com\/?post_type=product&#038;p=6673"},"modified":"2026-01-12T06:35:53","modified_gmt":"2026-01-12T06:35:53","slug":"methyl-perfluoroisobutyl-ether-cas-163702-08-7","status":"publish","type":"product","link":"https:\/\/longchangchemical.com\/tr\/product\/methyl-perfluoroisobutyl-ether-cas-163702-08-7\/","title":{"rendered":"Metil Perfloroizob\u00fctil Eter CAS 163702-08-7"},"content":{"rendered":"<h1><strong>Metil Perfloroizob\u00fctil Eter CAS 163702-08-7 \u00a0 \u00a0 \u00a0<\/strong><\/h1>\n<table>\n<tbody>\n<tr>\n<td width=\"206\">Tahlil<\/td>\n<td width=\"305\">\u226599,00%MIN<\/td>\n<\/tr>\n<tr>\n<td width=\"206\"><strong>\u00a0<\/strong><\/p>\n<p>G\u00f6r\u00fcn\u00fc\u015f<\/td>\n<td width=\"305\">Renksiz \u015feffaf s\u0131v\u0131<\/td>\n<\/tr>\n<tr>\n<td width=\"206\">Asit de\u011feri (hidroklorik asit)<\/td>\n<td width=\"305\">\u226410ppm<\/td>\n<\/tr>\n<tr>\n<td width=\"206\">Su (KF)<\/td>\n<td width=\"305\">\u226450ppm<\/td>\n<\/tr>\n<tr>\n<td width=\"206\">Cl-<\/td>\n<td width=\"305\">\u226410ppm<\/td>\n<\/tr>\n<tr>\n<td width=\"206\">Evaporatif kal\u0131nt\u0131<\/td>\n<td width=\"305\">\u00d6nemli bir kal\u0131nt\u0131 yok<\/td>\n<\/tr>\n<\/tbody>\n<\/table>\n<p>&nbsp;<\/p>\n<p>Ambalaj: 25kg\/davul.<\/p>\n<p>&nbsp;<\/p>\n<p>Fonksiyon:<\/p>\n<p>Perflorobutil metil eter, ferahlat\u0131c\u0131 kozmetik form\u00fclasyonlarda kullan\u0131lan hafif bir \u00e7\u00f6z\u00fcc\u00fcd\u00fcr. Bir\u00e7ok bile\u015fenle \u00e7\u00f6z\u00fcnebilen flor i\u00e7eren bir eter \u00e7\u00f6z\u00fcc\u00fcd\u00fcr. \u0130yi kayganl\u0131\u011fa sahip oldu\u011fu ve ya\u011fl\u0131 form\u00fcllerin \u00e7\u00f6z\u00fcc\u00fcs\u00fc i\u00e7in \u00e7ok uygun oldu\u011fu d\u00fc\u015f\u00fcn\u00fclmektedir.<\/p>\n<p>Uygulama:<\/p>\n<p>&nbsp;<\/p>\n<p>Perflorobutil metil eter esas olarak kozmetik ve cilt bak\u0131m \u00fcr\u00fcnlerinde \u00e7\u00f6z\u00fcc\u00fc ve yumu\u015fat\u0131c\u0131 olarak kullan\u0131l\u0131r. Risk katsay\u0131s\u0131 1'dir. Nispeten g\u00fcvenlidir ve g\u00fcvenle kullan\u0131labilir. Genellikle hamile kad\u0131nlar \u00fczerinde etkisi yoktur. Perflorobutil metil eterin aknesi yoktur.<\/p>\n<p>&nbsp;<\/p>\n<p>Depolama:<\/p>\n<p>Kuru, temiz ve iyi havaland\u0131r\u0131lan bir depoda muhafaza edilecektir.<\/p>\n<p>I\u015f\u0131\u011fa ve \u0131s\u0131ya maruz b\u0131rakmaktan ka\u00e7\u0131n\u0131n.<\/p>\n<p>\u00dcr\u00fcn\u00fc nakliye s\u0131ras\u0131nda s\u0131z\u0131nt\u0131, ya\u011fmur ve g\u00fcne\u015ften korumak.<\/p>\n<h2><strong><b>\u015eimdi Bize Ula\u015f\u0131n!<\/b><\/strong><\/h2>\n<h4><strong><b>Fiyata ihtiyac\u0131n\u0131z varsa, l\u00fctfen a\u015fa\u011f\u0131daki forma ileti\u015fim bilgilerinizi doldurun, genellikle 24 saat i\u00e7inde sizinle ileti\u015fime ge\u00e7ece\u011fiz. Bana e-posta da g\u00f6nderebilirsiniz\u00a0<span style=\"color: #00ccff;\"><a style=\"color: #00ccff;\" href=\"mailto:info@longchangchemical.com\">info@longchangchemical.com<\/a>\u00a0<\/span>\u00c7al\u0131\u015fma saatleri i\u00e7inde (8:30 - 6:00 UTC+8 Pzt.~Sat.) veya h\u0131zl\u0131 yan\u0131t almak i\u00e7in web sitesi canl\u0131 sohbetini kullan\u0131n.<\/b><\/strong><\/h4>","protected":false},"excerpt":{"rendered":"<p>\u00dcr\u00fcn Ad\u0131: MET\u0130L PERFLUOROBUT\u0130L ETER\u3001MET\u0130LNONAFLUORO\u0130SOBUT\u0130LETER\u3001Perfloroisobutil metil eter<\/p>\n<p>CAS No: 163702-08-7<\/p>\n<p>Molek\u00fcler Form\u00fcl\uff1aC5H3F9O<\/p>\n<p>Molek\u00fcl a\u011f\u0131rl\u0131\u011f\u0131\uff1a250,06<\/p>\n<p>Molek\u00fcler Yap\u0131:<\/p>\n[caption id=\"attachment_6674\" align=\"alignnone\" width=\"289\"]<img decoding=\"async\" class=\"size-full wp-image-6674\" src=\"https:\/\/longchangchemical.com\/wp-content\/uploads\/2024\/03\/163702-08-7.png\" alt=\"163702-08-7\" width=\"289\" height=\"143\" \/> 163702-08-7[\/caption]","protected":false},"featured_media":6712,"comment_status":"open","ping_status":"closed","template":"","meta":[],"product_brand":[],"product_cat":[154],"product_tag":[],"class_list":{"0":"post-6673","1":"product","2":"type-product","3":"status-publish","4":"has-post-thumbnail","6":"product_cat-solvent","8":"first","9":"instock","10":"shipping-taxable","11":"product-type-simple"},"yoast_head":"<!-- This site is optimized with the Yoast SEO plugin v25.3.1 - https:\/\/yoast.com\/wordpress\/plugins\/seo\/ -->\n<title>China Methyl Perfluoroisobutyl Ether Manufacturer CAS 163702-08-7 - Longchang Chemical<\/title>\n<meta name=\"description\" content=\"Methyl Perfluoroisobutyl Ether Manufacturer can be used Precision electronic circuit board cleaner and is the key product of Longchang Chemical. We are the leading manufacturer and supplier in China with the best quanlity and competitive price.\" \/>\n<meta name=\"robots\" content=\"index, follow, max-snippet:-1, max-image-preview:large, max-video-preview:-1\" \/>\n<link rel=\"canonical\" href=\"https:\/\/longchangchemical.com\/tr\/product\/methyl-perfluoroisobutyl-ether-cas-163702-08-7\/\" \/>\n<meta property=\"og:locale\" content=\"tr_TR\" \/>\n<meta property=\"og:type\" content=\"article\" \/>\n<meta property=\"og:title\" content=\"China Methyl Perfluoroisobutyl Ether Manufacturer CAS 163702-08-7 - Longchang Chemical\" \/>\n<meta property=\"og:description\" content=\"Methyl Perfluoroisobutyl Ether Manufacturer can be used Precision electronic circuit board cleaner and is the key product of Longchang Chemical. We are the leading manufacturer and supplier in China with the best quanlity and competitive price.\" \/>\n<meta property=\"og:url\" content=\"https:\/\/longchangchemical.com\/tr\/product\/methyl-perfluoroisobutyl-ether-cas-163702-08-7\/\" \/>\n<meta property=\"og:site_name\" content=\"Longchang Chemical\" \/>\n<meta property=\"article:modified_time\" content=\"2026-01-12T06:35:53+00:00\" \/>\n<meta property=\"og:image\" content=\"https:\/\/longchangchemical.com\/wp-content\/uploads\/2024\/03\/Methyl-Perfluoroisobutyl-Ether-CAS-163702-08-7-1.jpg\" \/>\n\t<meta property=\"og:image:width\" content=\"800\" \/>\n\t<meta property=\"og:image:height\" content=\"800\" \/>\n\t<meta property=\"og:image:type\" content=\"image\/jpeg\" \/>\n<meta name=\"twitter:card\" content=\"summary_large_image\" \/>\n<script type=\"application\/ld+json\" class=\"yoast-schema-graph\">{\"@context\":\"https:\/\/schema.org\",\"@graph\":[{\"@type\":\"WebPage\",\"@id\":\"https:\/\/longchangchemical.com\/product\/methyl-perfluoroisobutyl-ether-cas-163702-08-7\/\",\"url\":\"https:\/\/longchangchemical.com\/product\/methyl-perfluoroisobutyl-ether-cas-163702-08-7\/\",\"name\":\"China Methyl Perfluoroisobutyl Ether Manufacturer CAS 163702-08-7 - Longchang Chemical\",\"isPartOf\":{\"@id\":\"https:\/\/longchangchemical.com\/#website\"},\"primaryImageOfPage\":{\"@id\":\"https:\/\/longchangchemical.com\/product\/methyl-perfluoroisobutyl-ether-cas-163702-08-7\/#primaryimage\"},\"image\":{\"@id\":\"https:\/\/longchangchemical.com\/product\/methyl-perfluoroisobutyl-ether-cas-163702-08-7\/#primaryimage\"},\"thumbnailUrl\":\"https:\/\/longchangchemical.com\/wp-content\/uploads\/2024\/03\/Methyl-Perfluoroisobutyl-Ether-CAS-163702-08-7-1.jpg\",\"datePublished\":\"2024-03-01T07:02:49+00:00\",\"dateModified\":\"2026-01-12T06:35:53+00:00\",\"description\":\"Methyl Perfluoroisobutyl Ether Manufacturer can be used Precision electronic circuit board cleaner and is the key product of Longchang Chemical. We are the leading manufacturer and supplier in China with the best quanlity and competitive price.\",\"breadcrumb\":{\"@id\":\"https:\/\/longchangchemical.com\/product\/methyl-perfluoroisobutyl-ether-cas-163702-08-7\/#breadcrumb\"},\"inLanguage\":\"tr\",\"potentialAction\":[{\"@type\":\"ReadAction\",\"target\":[\"https:\/\/longchangchemical.com\/product\/methyl-perfluoroisobutyl-ether-cas-163702-08-7\/\"]}]},{\"@type\":\"ImageObject\",\"inLanguage\":\"tr\",\"@id\":\"https:\/\/longchangchemical.com\/product\/methyl-perfluoroisobutyl-ether-cas-163702-08-7\/#primaryimage\",\"url\":\"https:\/\/longchangchemical.com\/wp-content\/uploads\/2024\/03\/Methyl-Perfluoroisobutyl-Ether-CAS-163702-08-7-1.jpg\",\"contentUrl\":\"https:\/\/longchangchemical.com\/wp-content\/uploads\/2024\/03\/Methyl-Perfluoroisobutyl-Ether-CAS-163702-08-7-1.jpg\",\"width\":800,\"height\":800},{\"@type\":\"BreadcrumbList\",\"@id\":\"https:\/\/longchangchemical.com\/product\/methyl-perfluoroisobutyl-ether-cas-163702-08-7\/#breadcrumb\",\"itemListElement\":[{\"@type\":\"ListItem\",\"position\":1,\"name\":\"Home\",\"item\":\"https:\/\/longchangchemical.com\/\"},{\"@type\":\"ListItem\",\"position\":2,\"name\":\"Products Longchang\",\"item\":\"https:\/\/longchangchemical.com\/product\/\"},{\"@type\":\"ListItem\",\"position\":3,\"name\":\"Methyl Perfluoroisobutyl Ether CAS 163702-08-7\"}]},{\"@type\":\"WebSite\",\"@id\":\"https:\/\/longchangchemical.com\/#website\",\"url\":\"https:\/\/longchangchemical.com\/\",\"name\":\"Longchang Chemical\",\"description\":\"China chemical manufacturer \uff06 supplier\",\"publisher\":{\"@id\":\"https:\/\/longchangchemical.com\/#organization\"},\"potentialAction\":[{\"@type\":\"SearchAction\",\"target\":{\"@type\":\"EntryPoint\",\"urlTemplate\":\"https:\/\/longchangchemical.com\/?s={search_term_string}\"},\"query-input\":{\"@type\":\"PropertyValueSpecification\",\"valueRequired\":true,\"valueName\":\"search_term_string\"}}],\"inLanguage\":\"tr\"},{\"@type\":\"Organization\",\"@id\":\"https:\/\/longchangchemical.com\/#organization\",\"name\":\"Longchang Chemical\",\"url\":\"https:\/\/longchangchemical.com\/\",\"logo\":{\"@type\":\"ImageObject\",\"inLanguage\":\"tr\",\"@id\":\"https:\/\/longchangchemical.com\/#\/schema\/logo\/image\/\",\"url\":\"https:\/\/longchangchemical.com\/wp-content\/uploads\/2020\/08\/cropped-longchang-logo.png\",\"contentUrl\":\"https:\/\/longchangchemical.com\/wp-content\/uploads\/2020\/08\/cropped-longchang-logo.png\",\"width\":512,\"height\":512,\"caption\":\"Longchang Chemical\"},\"image\":{\"@id\":\"https:\/\/longchangchemical.com\/#\/schema\/logo\/image\/\"}}]}<\/script>\n<!-- \/ Yoast SEO plugin. -->","yoast_head_json":{"title":"\u00c7in Metil Perfloroizob\u00fctil Eter \u00dcreticisi CAS 163702-08-7 - Longchang Chemical","description":"Metil Perfloroizob\u00fctil Eter \u00dcreticisi, Hassas elektronik devre kart\u0131 temizleyicisi olarak kullan\u0131labilir ve Longchang Chemical'\u0131n temel \u00fcr\u00fcn\u00fcd\u00fcr. Biz en iyi quanlity ve rekabet\u00e7i fiyat ile \u00c7in'de lider \u00fcretici ve tedarik\u00e7i vard\u0131r.","robots":{"index":"index","follow":"follow","max-snippet":"max-snippet:-1","max-image-preview":"max-image-preview:large","max-video-preview":"max-video-preview:-1"},"canonical":"https:\/\/longchangchemical.com\/tr\/product\/methyl-perfluoroisobutyl-ether-cas-163702-08-7\/","og_locale":"tr_TR","og_type":"article","og_title":"China Methyl Perfluoroisobutyl Ether Manufacturer CAS 163702-08-7 - Longchang Chemical","og_description":"Methyl Perfluoroisobutyl Ether Manufacturer can be used Precision electronic circuit board cleaner and is the key product of Longchang Chemical. We are the leading manufacturer and supplier in China with the best quanlity and competitive price.","og_url":"https:\/\/longchangchemical.com\/tr\/product\/methyl-perfluoroisobutyl-ether-cas-163702-08-7\/","og_site_name":"Longchang Chemical","article_modified_time":"2026-01-12T06:35:53+00:00","og_image":[{"width":800,"height":800,"url":"https:\/\/longchangchemical.com\/wp-content\/uploads\/2024\/03\/Methyl-Perfluoroisobutyl-Ether-CAS-163702-08-7-1.jpg","type":"image\/jpeg"}],"twitter_card":"summary_large_image","schema":{"@context":"https:\/\/schema.org","@graph":[{"@type":"WebPage","@id":"https:\/\/longchangchemical.com\/product\/methyl-perfluoroisobutyl-ether-cas-163702-08-7\/","url":"https:\/\/longchangchemical.com\/product\/methyl-perfluoroisobutyl-ether-cas-163702-08-7\/","name":"\u00c7in Metil Perfloroizob\u00fctil Eter \u00dcreticisi CAS 163702-08-7 - Longchang Chemical","isPartOf":{"@id":"https:\/\/longchangchemical.com\/#website"},"primaryImageOfPage":{"@id":"https:\/\/longchangchemical.com\/product\/methyl-perfluoroisobutyl-ether-cas-163702-08-7\/#primaryimage"},"image":{"@id":"https:\/\/longchangchemical.com\/product\/methyl-perfluoroisobutyl-ether-cas-163702-08-7\/#primaryimage"},"thumbnailUrl":"https:\/\/longchangchemical.com\/wp-content\/uploads\/2024\/03\/Methyl-Perfluoroisobutyl-Ether-CAS-163702-08-7-1.jpg","datePublished":"2024-03-01T07:02:49+00:00","dateModified":"2026-01-12T06:35:53+00:00","description":"Metil Perfloroizob\u00fctil Eter \u00dcreticisi, Hassas elektronik devre kart\u0131 temizleyicisi olarak kullan\u0131labilir ve Longchang Chemical'\u0131n temel \u00fcr\u00fcn\u00fcd\u00fcr. Biz en iyi quanlity ve rekabet\u00e7i fiyat ile \u00c7in'de lider \u00fcretici ve tedarik\u00e7i vard\u0131r.","breadcrumb":{"@id":"https:\/\/longchangchemical.com\/product\/methyl-perfluoroisobutyl-ether-cas-163702-08-7\/#breadcrumb"},"inLanguage":"tr","potentialAction":[{"@type":"ReadAction","target":["https:\/\/longchangchemical.com\/product\/methyl-perfluoroisobutyl-ether-cas-163702-08-7\/"]}]},{"@type":"ImageObject","inLanguage":"tr","@id":"https:\/\/longchangchemical.com\/product\/methyl-perfluoroisobutyl-ether-cas-163702-08-7\/#primaryimage","url":"https:\/\/longchangchemical.com\/wp-content\/uploads\/2024\/03\/Methyl-Perfluoroisobutyl-Ether-CAS-163702-08-7-1.jpg","contentUrl":"https:\/\/longchangchemical.com\/wp-content\/uploads\/2024\/03\/Methyl-Perfluoroisobutyl-Ether-CAS-163702-08-7-1.jpg","width":800,"height":800},{"@type":"BreadcrumbList","@id":"https:\/\/longchangchemical.com\/product\/methyl-perfluoroisobutyl-ether-cas-163702-08-7\/#breadcrumb","itemListElement":[{"@type":"ListItem","position":1,"name":"Home","item":"https:\/\/longchangchemical.com\/"},{"@type":"ListItem","position":2,"name":"Products Longchang","item":"https:\/\/longchangchemical.com\/product\/"},{"@type":"ListItem","position":3,"name":"Methyl Perfluoroisobutyl Ether CAS 163702-08-7"}]},{"@type":"WebSite","@id":"https:\/\/longchangchemical.com\/#website","url":"https:\/\/longchangchemical.com\/","name":"Longchang Kimya","description":"\u00c7in kimyasal \u00fcreticisi \uff06 tedarik\u00e7isi","publisher":{"@id":"https:\/\/longchangchemical.com\/#organization"},"potentialAction":[{"@type":"SearchAction","target":{"@type":"EntryPoint","urlTemplate":"https:\/\/longchangchemical.com\/?s={search_term_string}"},"query-input":{"@type":"PropertyValueSpecification","valueRequired":true,"valueName":"search_term_string"}}],"inLanguage":"tr"},{"@type":"Organization","@id":"https:\/\/longchangchemical.com\/#organization","name":"Longchang Kimya","url":"https:\/\/longchangchemical.com\/","logo":{"@type":"ImageObject","inLanguage":"tr","@id":"https:\/\/longchangchemical.com\/#\/schema\/logo\/image\/","url":"https:\/\/longchangchemical.com\/wp-content\/uploads\/2020\/08\/cropped-longchang-logo.png","contentUrl":"https:\/\/longchangchemical.com\/wp-content\/uploads\/2020\/08\/cropped-longchang-logo.png","width":512,"height":512,"caption":"Longchang Chemical"},"image":{"@id":"https:\/\/longchangchemical.com\/#\/schema\/logo\/image\/"}}]}},"_links":{"self":[{"href":"https:\/\/longchangchemical.com\/tr\/wp-json\/wp\/v2\/product\/6673","targetHints":{"allow":["GET"]}}],"collection":[{"href":"https:\/\/longchangchemical.com\/tr\/wp-json\/wp\/v2\/product"}],"about":[{"href":"https:\/\/longchangchemical.com\/tr\/wp-json\/wp\/v2\/types\/product"}],"replies":[{"embeddable":true,"href":"https:\/\/longchangchemical.com\/tr\/wp-json\/wp\/v2\/comments?post=6673"}],"wp:featuredmedia":[{"embeddable":true,"href":"https:\/\/longchangchemical.com\/tr\/wp-json\/wp\/v2\/media\/6712"}],"wp:attachment":[{"href":"https:\/\/longchangchemical.com\/tr\/wp-json\/wp\/v2\/media?parent=6673"}],"wp:term":[{"taxonomy":"product_brand","embeddable":true,"href":"https:\/\/longchangchemical.com\/tr\/wp-json\/wp\/v2\/product_brand?post=6673"},{"taxonomy":"product_cat","embeddable":true,"href":"https:\/\/longchangchemical.com\/tr\/wp-json\/wp\/v2\/product_cat?post=6673"},{"taxonomy":"product_tag","embeddable":true,"href":"https:\/\/longchangchemical.com\/tr\/wp-json\/wp\/v2\/product_tag?post=6673"}],"curies":[{"name":"wp","href":"https:\/\/api.w.org\/{rel}","templated":true}]}}