{"id":6671,"date":"2024-02-28T08:07:48","date_gmt":"2024-02-28T08:07:48","guid":{"rendered":"https:\/\/longchangchemical.com\/?post_type=product&#038;p=6671"},"modified":"2026-05-08T03:00:02","modified_gmt":"2026-05-08T03:00:02","slug":"l-carnitine-cas-541-15-1","status":"publish","type":"product","link":"https:\/\/longchangchemical.com\/tr\/product\/l-carnitine-cas-541-15-1\/","title":{"rendered":"l-karnitin CAS 541-15-1"},"content":{"rendered":"<h2><strong>l-karnitin CAS 541-15-1<\/strong><\/h2>\n<p>&nbsp;<\/p>\n<table class=\"table-1\" cellspacing=\"0\">\n<tbody>\n<tr>\n<td>\u00d6\u011fe<\/td>\n<td>\u015eartname<\/td>\n<\/tr>\n<tr>\n<td>G\u00f6r\u00fcn\u00fc\u015f<\/td>\n<td>Beyaz Kristaller veya Beyaz Kristal Toz<\/td>\n<\/tr>\n<tr>\n<td>Spesifik rotasyon<\/td>\n<td>-29.0~-32.0\u00b0<\/td>\n<\/tr>\n<tr>\n<td>PH<\/td>\n<td>5.5~9.5<\/td>\n<\/tr>\n<tr>\n<td>Su<\/td>\n<td>\u22644.0%<\/td>\n<\/tr>\n<tr>\n<td>Ate\u015fleme \u00fczerinde kal\u0131nt\u0131<\/td>\n<td>\u22640,5%<\/td>\n<\/tr>\n<tr>\n<td>Kal\u0131nt\u0131 \u00e7\u00f6z\u00fcc\u00fcler<\/td>\n<td>\u22640,5%<\/td>\n<\/tr>\n<tr>\n<td>Sodyum<\/td>\n<td>\u22640,1%<\/td>\n<\/tr>\n<tr>\n<td>Potasyum<\/td>\n<td>\u22640,2%<\/td>\n<\/tr>\n<tr>\n<td>Klor\u00fcr<\/td>\n<td>\u22640,4%<\/td>\n<\/tr>\n<\/tbody>\n<\/table>\n<p>&nbsp;<\/p>\n<p><strong>L-karnitin Kullan\u0131m\u0131<br \/>\n<\/strong><\/p>\n<div>1. Ya\u011f asitlerinin ta\u015f\u0131nmas\u0131n\u0131 ve oksidasyonunu te\u015fvik eder<br \/>\n2. Sperm olgunla\u015fmas\u0131n\u0131 h\u0131zland\u0131r\u0131r ve canl\u0131l\u0131\u011f\u0131 art\u0131r\u0131r<br \/>\n3. V\u00fccudun tolerans\u0131n\u0131 geli\u015ftirir<\/div>\n<div><\/div>\n<div><strong>Paketleme<\/strong>:25kg \/\u00e7anta \/karton<\/div>\n<div>\n<h2><strong><b>\u015eimdi Bize Ula\u015f\u0131n!<\/b><\/strong><\/h2>\n<h4><strong><b>Fiyata ihtiyac\u0131n\u0131z varsa, l\u00fctfen a\u015fa\u011f\u0131daki forma ileti\u015fim bilgilerinizi doldurun, genellikle 24 saat i\u00e7inde sizinle ileti\u015fime ge\u00e7ece\u011fiz. Bana e-posta da g\u00f6nderebilirsiniz\u00a0<span style=\"color: #00ccff;\"><a style=\"color: #00ccff;\" href=\"mailto:info@longchangchemical.com\">info@longchangchemical.com<\/a>\u00a0<\/span>\u00c7al\u0131\u015fma saatleri i\u00e7inde (8:30 - 6:00 UTC+8 Pzt.~Sat.) veya h\u0131zl\u0131 yan\u0131t almak i\u00e7in web sitesi canl\u0131 sohbetini kullan\u0131n.<\/b><\/strong><\/h4>\n<\/div>","protected":false},"excerpt":{"rendered":"<p>Kimyasal Ad\u0131:L-karnitin<\/p>\n<p>CAS No.:541-15-1<\/p>\n<p>Molek\u00fcler Form\u00fcl: C7H15NO3<\/p>\n<p>Molek\u00fcler A\u011f\u0131rl\u0131k:161.2<\/p>\n<p>G\u00f6r\u00fcn\u00fcm:Beyaz toz<\/p>","protected":false},"featured_media":6710,"comment_status":"open","ping_status":"closed","template":"","meta":[],"product_brand":[],"product_cat":[15],"product_tag":[],"class_list":{"0":"post-6671","1":"product","2":"type-product","3":"status-publish","4":"has-post-thumbnail","6":"product_cat-food-additives","8":"first","9":"instock","10":"shipping-taxable","11":"product-type-simple"},"yoast_head":"<!-- This site is optimized with the Yoast SEO plugin v25.3.1 - https:\/\/yoast.com\/wordpress\/plugins\/seo\/ -->\n<title>China l-carnitine Manufacturer CAS 541-15-1 supplier - Longchang Chemical<\/title>\n<meta name=\"description\" content=\"l-carnitine can be used as a Vitamin-like substances that promote the conversion of fat into energy and is the key product of Longchang Chemical. We are the leading manufacturer and supplier in China with the best quanlity and competitive price.\" \/>\n<meta name=\"robots\" content=\"index, follow, max-snippet:-1, max-image-preview:large, max-video-preview:-1\" \/>\n<link rel=\"canonical\" href=\"https:\/\/longchangchemical.com\/tr\/product\/l-carnitine-cas-541-15-1\/\" \/>\n<meta property=\"og:locale\" content=\"tr_TR\" \/>\n<meta property=\"og:type\" content=\"article\" \/>\n<meta property=\"og:title\" content=\"China l-carnitine Manufacturer CAS 541-15-1 supplier - Longchang Chemical\" \/>\n<meta property=\"og:description\" content=\"l-carnitine can be used as a Vitamin-like substances that promote the conversion of fat into energy and is the key product of Longchang Chemical. We are the leading manufacturer and supplier in China with the best quanlity and competitive price.\" \/>\n<meta property=\"og:url\" content=\"https:\/\/longchangchemical.com\/tr\/product\/l-carnitine-cas-541-15-1\/\" \/>\n<meta property=\"og:site_name\" content=\"Longchang Chemical\" \/>\n<meta property=\"article:modified_time\" content=\"2026-05-08T03:00:02+00:00\" \/>\n<meta property=\"og:image\" content=\"https:\/\/longchangchemical.com\/wp-content\/uploads\/2024\/02\/l-carnitine-CAS-541-15-1.jpg\" \/>\n\t<meta property=\"og:image:width\" content=\"800\" \/>\n\t<meta property=\"og:image:height\" content=\"800\" \/>\n\t<meta property=\"og:image:type\" content=\"image\/jpeg\" \/>\n<meta name=\"twitter:card\" content=\"summary_large_image\" \/>\n<script type=\"application\/ld+json\" class=\"yoast-schema-graph\">{\"@context\":\"https:\/\/schema.org\",\"@graph\":[{\"@type\":\"WebPage\",\"@id\":\"https:\/\/longchangchemical.com\/product\/l-carnitine-cas-541-15-1\/\",\"url\":\"https:\/\/longchangchemical.com\/product\/l-carnitine-cas-541-15-1\/\",\"name\":\"China l-carnitine Manufacturer CAS 541-15-1 supplier - Longchang Chemical\",\"isPartOf\":{\"@id\":\"https:\/\/longchangchemical.com\/#website\"},\"primaryImageOfPage\":{\"@id\":\"https:\/\/longchangchemical.com\/product\/l-carnitine-cas-541-15-1\/#primaryimage\"},\"image\":{\"@id\":\"https:\/\/longchangchemical.com\/product\/l-carnitine-cas-541-15-1\/#primaryimage\"},\"thumbnailUrl\":\"https:\/\/longchangchemical.com\/wp-content\/uploads\/2024\/02\/l-carnitine-CAS-541-15-1.jpg\",\"datePublished\":\"2024-02-28T08:07:48+00:00\",\"dateModified\":\"2026-05-08T03:00:02+00:00\",\"description\":\"l-carnitine can be used as a Vitamin-like substances that promote the conversion of fat into energy and is the key product of Longchang Chemical. We are the leading manufacturer and supplier in China with the best quanlity and competitive price.\",\"breadcrumb\":{\"@id\":\"https:\/\/longchangchemical.com\/product\/l-carnitine-cas-541-15-1\/#breadcrumb\"},\"inLanguage\":\"tr\",\"potentialAction\":[{\"@type\":\"ReadAction\",\"target\":[\"https:\/\/longchangchemical.com\/product\/l-carnitine-cas-541-15-1\/\"]}]},{\"@type\":\"ImageObject\",\"inLanguage\":\"tr\",\"@id\":\"https:\/\/longchangchemical.com\/product\/l-carnitine-cas-541-15-1\/#primaryimage\",\"url\":\"https:\/\/longchangchemical.com\/wp-content\/uploads\/2024\/02\/l-carnitine-CAS-541-15-1.jpg\",\"contentUrl\":\"https:\/\/longchangchemical.com\/wp-content\/uploads\/2024\/02\/l-carnitine-CAS-541-15-1.jpg\",\"width\":800,\"height\":800,\"caption\":\"l-carnitine CAS 541-15-1\"},{\"@type\":\"BreadcrumbList\",\"@id\":\"https:\/\/longchangchemical.com\/product\/l-carnitine-cas-541-15-1\/#breadcrumb\",\"itemListElement\":[{\"@type\":\"ListItem\",\"position\":1,\"name\":\"Home\",\"item\":\"https:\/\/longchangchemical.com\/\"},{\"@type\":\"ListItem\",\"position\":2,\"name\":\"Products Longchang\",\"item\":\"https:\/\/longchangchemical.com\/product\/\"},{\"@type\":\"ListItem\",\"position\":3,\"name\":\"l-carnitine CAS 541-15-1\"}]},{\"@type\":\"WebSite\",\"@id\":\"https:\/\/longchangchemical.com\/#website\",\"url\":\"https:\/\/longchangchemical.com\/\",\"name\":\"Longchang Chemical\",\"description\":\"China chemical manufacturer \uff06 supplier\",\"publisher\":{\"@id\":\"https:\/\/longchangchemical.com\/#organization\"},\"potentialAction\":[{\"@type\":\"SearchAction\",\"target\":{\"@type\":\"EntryPoint\",\"urlTemplate\":\"https:\/\/longchangchemical.com\/?s={search_term_string}\"},\"query-input\":{\"@type\":\"PropertyValueSpecification\",\"valueRequired\":true,\"valueName\":\"search_term_string\"}}],\"inLanguage\":\"tr\"},{\"@type\":\"Organization\",\"@id\":\"https:\/\/longchangchemical.com\/#organization\",\"name\":\"Longchang Chemical\",\"url\":\"https:\/\/longchangchemical.com\/\",\"logo\":{\"@type\":\"ImageObject\",\"inLanguage\":\"tr\",\"@id\":\"https:\/\/longchangchemical.com\/#\/schema\/logo\/image\/\",\"url\":\"https:\/\/longchangchemical.com\/wp-content\/uploads\/2020\/08\/cropped-longchang-logo.png\",\"contentUrl\":\"https:\/\/longchangchemical.com\/wp-content\/uploads\/2020\/08\/cropped-longchang-logo.png\",\"width\":512,\"height\":512,\"caption\":\"Longchang Chemical\"},\"image\":{\"@id\":\"https:\/\/longchangchemical.com\/#\/schema\/logo\/image\/\"}}]}<\/script>\n<!-- \/ Yoast SEO plugin. -->","yoast_head_json":{"title":"\u00c7in l-karnitin \u00dcretici CAS 541-15-1 Tedarik\u00e7i - Longchang Chemical","description":"l-karnitin, ya\u011f\u0131n enerjiye d\u00f6n\u00fc\u015f\u00fcm\u00fcn\u00fc te\u015fvik eden Vitamin benzeri maddeler olarak kullan\u0131labilir ve Longchang Chemical'\u0131n temel \u00fcr\u00fcn\u00fcd\u00fcr. Biz en iyi quanlity ve rekabet\u00e7i fiyat ile \u00c7in'de lider \u00fcretici ve tedarik\u00e7i vard\u0131r.","robots":{"index":"index","follow":"follow","max-snippet":"max-snippet:-1","max-image-preview":"max-image-preview:large","max-video-preview":"max-video-preview:-1"},"canonical":"https:\/\/longchangchemical.com\/tr\/product\/l-carnitine-cas-541-15-1\/","og_locale":"tr_TR","og_type":"article","og_title":"China l-carnitine Manufacturer CAS 541-15-1 supplier - Longchang Chemical","og_description":"l-carnitine can be used as a Vitamin-like substances that promote the conversion of fat into energy and is the key product of Longchang Chemical. We are the leading manufacturer and supplier in China with the best quanlity and competitive price.","og_url":"https:\/\/longchangchemical.com\/tr\/product\/l-carnitine-cas-541-15-1\/","og_site_name":"Longchang Chemical","article_modified_time":"2026-05-08T03:00:02+00:00","og_image":[{"width":800,"height":800,"url":"https:\/\/longchangchemical.com\/wp-content\/uploads\/2024\/02\/l-carnitine-CAS-541-15-1.jpg","type":"image\/jpeg"}],"twitter_card":"summary_large_image","schema":{"@context":"https:\/\/schema.org","@graph":[{"@type":"WebPage","@id":"https:\/\/longchangchemical.com\/product\/l-carnitine-cas-541-15-1\/","url":"https:\/\/longchangchemical.com\/product\/l-carnitine-cas-541-15-1\/","name":"\u00c7in l-karnitin \u00dcretici CAS 541-15-1 Tedarik\u00e7i - Longchang Chemical","isPartOf":{"@id":"https:\/\/longchangchemical.com\/#website"},"primaryImageOfPage":{"@id":"https:\/\/longchangchemical.com\/product\/l-carnitine-cas-541-15-1\/#primaryimage"},"image":{"@id":"https:\/\/longchangchemical.com\/product\/l-carnitine-cas-541-15-1\/#primaryimage"},"thumbnailUrl":"https:\/\/longchangchemical.com\/wp-content\/uploads\/2024\/02\/l-carnitine-CAS-541-15-1.jpg","datePublished":"2024-02-28T08:07:48+00:00","dateModified":"2026-05-08T03:00:02+00:00","description":"l-karnitin, ya\u011f\u0131n enerjiye d\u00f6n\u00fc\u015f\u00fcm\u00fcn\u00fc te\u015fvik eden Vitamin benzeri maddeler olarak kullan\u0131labilir ve Longchang Chemical'\u0131n temel \u00fcr\u00fcn\u00fcd\u00fcr. Biz en iyi quanlity ve rekabet\u00e7i fiyat ile \u00c7in'de lider \u00fcretici ve tedarik\u00e7i vard\u0131r.","breadcrumb":{"@id":"https:\/\/longchangchemical.com\/product\/l-carnitine-cas-541-15-1\/#breadcrumb"},"inLanguage":"tr","potentialAction":[{"@type":"ReadAction","target":["https:\/\/longchangchemical.com\/product\/l-carnitine-cas-541-15-1\/"]}]},{"@type":"ImageObject","inLanguage":"tr","@id":"https:\/\/longchangchemical.com\/product\/l-carnitine-cas-541-15-1\/#primaryimage","url":"https:\/\/longchangchemical.com\/wp-content\/uploads\/2024\/02\/l-carnitine-CAS-541-15-1.jpg","contentUrl":"https:\/\/longchangchemical.com\/wp-content\/uploads\/2024\/02\/l-carnitine-CAS-541-15-1.jpg","width":800,"height":800,"caption":"l-carnitine CAS 541-15-1"},{"@type":"BreadcrumbList","@id":"https:\/\/longchangchemical.com\/product\/l-carnitine-cas-541-15-1\/#breadcrumb","itemListElement":[{"@type":"ListItem","position":1,"name":"Home","item":"https:\/\/longchangchemical.com\/"},{"@type":"ListItem","position":2,"name":"Products Longchang","item":"https:\/\/longchangchemical.com\/product\/"},{"@type":"ListItem","position":3,"name":"l-carnitine CAS 541-15-1"}]},{"@type":"WebSite","@id":"https:\/\/longchangchemical.com\/#website","url":"https:\/\/longchangchemical.com\/","name":"Longchang Kimya","description":"\u00c7in kimyasal \u00fcreticisi \uff06 tedarik\u00e7isi","publisher":{"@id":"https:\/\/longchangchemical.com\/#organization"},"potentialAction":[{"@type":"SearchAction","target":{"@type":"EntryPoint","urlTemplate":"https:\/\/longchangchemical.com\/?s={search_term_string}"},"query-input":{"@type":"PropertyValueSpecification","valueRequired":true,"valueName":"search_term_string"}}],"inLanguage":"tr"},{"@type":"Organization","@id":"https:\/\/longchangchemical.com\/#organization","name":"Longchang Kimya","url":"https:\/\/longchangchemical.com\/","logo":{"@type":"ImageObject","inLanguage":"tr","@id":"https:\/\/longchangchemical.com\/#\/schema\/logo\/image\/","url":"https:\/\/longchangchemical.com\/wp-content\/uploads\/2020\/08\/cropped-longchang-logo.png","contentUrl":"https:\/\/longchangchemical.com\/wp-content\/uploads\/2020\/08\/cropped-longchang-logo.png","width":512,"height":512,"caption":"Longchang Chemical"},"image":{"@id":"https:\/\/longchangchemical.com\/#\/schema\/logo\/image\/"}}]}},"_links":{"self":[{"href":"https:\/\/longchangchemical.com\/tr\/wp-json\/wp\/v2\/product\/6671","targetHints":{"allow":["GET"]}}],"collection":[{"href":"https:\/\/longchangchemical.com\/tr\/wp-json\/wp\/v2\/product"}],"about":[{"href":"https:\/\/longchangchemical.com\/tr\/wp-json\/wp\/v2\/types\/product"}],"replies":[{"embeddable":true,"href":"https:\/\/longchangchemical.com\/tr\/wp-json\/wp\/v2\/comments?post=6671"}],"wp:featuredmedia":[{"embeddable":true,"href":"https:\/\/longchangchemical.com\/tr\/wp-json\/wp\/v2\/media\/6710"}],"wp:attachment":[{"href":"https:\/\/longchangchemical.com\/tr\/wp-json\/wp\/v2\/media?parent=6671"}],"wp:term":[{"taxonomy":"product_brand","embeddable":true,"href":"https:\/\/longchangchemical.com\/tr\/wp-json\/wp\/v2\/product_brand?post=6671"},{"taxonomy":"product_cat","embeddable":true,"href":"https:\/\/longchangchemical.com\/tr\/wp-json\/wp\/v2\/product_cat?post=6671"},{"taxonomy":"product_tag","embeddable":true,"href":"https:\/\/longchangchemical.com\/tr\/wp-json\/wp\/v2\/product_tag?post=6671"}],"curies":[{"name":"wp","href":"https:\/\/api.w.org\/{rel}","templated":true}]}}