{"id":6646,"date":"2024-02-19T06:44:48","date_gmt":"2024-02-19T06:44:48","guid":{"rendered":"https:\/\/longchangchemical.com\/?post_type=product&#038;p=6646"},"modified":"2024-08-01T07:00:26","modified_gmt":"2024-08-01T07:00:26","slug":"3-hpp-ceppa-cas-14657-64-8","status":"publish","type":"product","link":"https:\/\/longchangchemical.com\/tr\/product\/3-hpp-ceppa-cas-14657-64-8\/","title":{"rendered":"Lcflare\u00ae 3-HPP\/CEPPA"},"content":{"rendered":"<h1>Lcflare\u00ae 3-HPP\/CEPPA<\/h1>\n<p><strong>E\u015fanlaml\u0131:<\/strong>\u00a03-Hidroksifenilfosfinil-propanoik asit; 2-karboksil etil (fenil) fosfinik Asit<\/p>\n<p><strong>Cas No.<\/strong>:14657-64-8<\/p>\n<p><strong>\u00d6zellikler:\u00a0<\/strong><strong>\u00a0\u00a0\u00a0\u00a0\u00a0\u00a0\u00a0\u00a0\u00a0\u00a0<\/strong>\u00a0<strong>\u00a0\u00a0\u00a0\u00a0<\/strong><\/p>\n<table>\n<tbody>\n<tr>\n<td width=\"183\"><strong><b>3-HPP\/CEPPA<\/b><\/strong><\/td>\n<td width=\"272\">Kat\u0131 form<\/td>\n<\/tr>\n<tr>\n<td width=\"183\">G\u00f6r\u00fcn\u00fc\u015f<\/td>\n<td width=\"272\">Beyaz Kristal<\/td>\n<\/tr>\n<tr>\n<td width=\"183\">\u0130\u00e7erik (HPLC)<\/td>\n<td width=\"272\">\u226599,5%<\/td>\n<\/tr>\n<tr>\n<td width=\"183\">Erime Noktas\u0131 (DSC, \u00b0C)<\/td>\n<td width=\"272\">\u2265158<\/td>\n<\/tr>\n<tr>\n<td width=\"183\">Demir \u0130\u00e7eri\u011fi (%)<\/td>\n<td width=\"272\">\u22640.02<\/td>\n<\/tr>\n<tr>\n<td width=\"183\">Fosfor i\u00e7eri\u011fi (%)<\/td>\n<td width=\"272\">14,0\u00b10,5%<\/td>\n<\/tr>\n<tr>\n<td width=\"183\">Klor\u00fcr iyonu i\u00e7eri\u011fi (%)<\/td>\n<td width=\"272\">\u226410ppm<\/td>\n<\/tr>\n<tr>\n<td width=\"183\">Asit De\u011feri (mg KOH\/g)<\/td>\n<td width=\"272\">522.0\u00b14.0<\/td>\n<\/tr>\n<tr>\n<td width=\"183\">Nem (K.F ,%)<\/td>\n<td width=\"272\">\u22640.1<\/td>\n<\/tr>\n<\/tbody>\n<\/table>\n<p><strong> Polyester (PET) elyaf\u0131n alev geciktiricisi \u015fu anda esas olarak alev geciktiriciler eklemek veya alev geciktirici bir etki oynamak i\u00e7in alev geciktiricileri molek\u00fcler yap\u0131ya reaksiyona sokmak i\u00e7in kullan\u0131lmaktad\u0131r. Katk\u0131 maddesi halojensiz alev geciktiriciler polyester poliye etkili bir \u015fekilde yap\u0131\u015famaz Alev geciktirici etki genellikle ester elyaf ipli\u011fi \u00fczerinde zay\u0131ft\u0131r veya alev geciktirici etki s\u00fcrd\u00fcr\u00fclemez ve kal\u0131c\u0131 alev geciktirici i\u015flevi yoktur; ve 3-HPP \/ CEPPA fosforlu alev geciktirici reaktif halojensiz alev geciktiricidir, prensibi Tereftalik asit (PTA) ve etilen glikol (EG) ile kopolimerizasyon yoluyla sentezlenen kal\u0131c\u0131 bir alev geciktirici polyester polyester \u00e7iptir. 3-HPP\/CEPPA polimerizasyon reaksiyonuna kat\u0131ld\u0131\u011f\u0131 i\u00e7in makromolek\u00fcler bir yap\u0131 olu\u015fur, b\u00f6ylece bu \u00fcr\u00fcn elde edilir Alev geciktirici polyester \u00e7ipler iyi e\u011frilebilirli\u011fe ve kal\u0131c\u0131 alev geciktiricili\u011fe sahiptir; bu \u00fcr\u00fcn y\u00fcksek alev geciktirici element fosfor i\u00e7eri\u011fine (14.5%) ve iyi alev geciktirici etkiye sahiptir. Alev geciktirici polyester sentezlenirken, 3-HPP \/ CEPPA alev geciktiriciden yap\u0131lm\u0131\u015f 4-5% ( (A\u011f\u0131rl\u0131k y\u00fczdesi) polyester elyaf yongalar\u0131 ekleyin, oksijen indeksi 32-33%'ye ula\u015fabilir; reaktivite iyidir ve y\u00fcksek molek\u00fcler a\u011f\u0131rl\u0131kl\u0131 polyester yongalar elde edilebilir; toksik olmayan ve tats\u0131z, y\u00fcksek \u0131s\u0131 Stabilitesi, oksidasyon stabilitesi ve su direnci ile. Bu \u00fcr\u00fcn \u00f6zellikle polyester yonga \u00fcreticilerinin y\u00fcksek kaliteli alev geciktirici polyester yongalar \u00fcretmesi i\u00e7in uygundur.<\/strong><\/p>\n<p><strong>Paketleme<\/strong>25kg \/ torba \/ karton veya 500kgs \/ torba.<\/p>\n<p><strong>Uygulama:<\/strong><\/p>\n<p>\u00c7evre dostu alev geciktirici, polyester \u00e7ipler, filamentler, kesik elyaflar, kuma\u015flar ve filmler gibi kal\u0131c\u0131 alev geciktirici poli\u00fcretan \u00fcr\u00fcnlerin \u00fcretimi i\u00e7in uygundur. Elde edilen poli\u00fcretan \u00e7ipler iyi renk tonuna ve iyi e\u011frilebilirli\u011fe sahiptir. Geleneksel PET ile kar\u015f\u0131la\u015ft\u0131r\u0131ld\u0131\u011f\u0131nda, bu \u00fcr\u00fcn eklendikten sonra alev geciktirici polyester \u00fcr\u00fcnlerin e\u011frilebilirli\u011fi, geleneksel polyester cipslerle ayn\u0131 e\u011firme ve gerilme \u00f6zelliklerine sahiptir. Alev geciktirici polyester \u00fcr\u00fcnler M\u00fckemmel termal stabiliteye sahiptir, e\u011firme i\u015flemi s\u0131ras\u0131nda ayr\u0131\u015fmaz ve e\u011firme yerinde kendine \u00f6zg\u00fc bir kokusu yoktur. Polyester \u00fcr\u00fcnlerin antistatik performans\u0131n\u0131 art\u0131rabilir ve iyi e\u011frilebilirli\u011fe sahiptir. Elyaf iyi dokuma \u00f6zelliklerine sahiptir ve herhangi bir e\u011firme i\u015fleminden ge\u00e7irilebilir. \u0130pek sistemi e\u011firme i\u015flemini ger\u00e7ekle\u015ftirir ve kuma\u015f kal\u0131c\u0131 alev geciktirici \u00f6zellikler elde edebilir. PTA ve EG ile kopolimerize edildi\u011finde, katk\u0131 miktar\u0131 2.5 ~ 4.5%, alev geciktirici polyester yongalar\u0131n fosfor i\u00e7eri\u011fi 0.35-0.60% ve e\u011firme kuma\u015f\u0131ndan sonra alev geciktirici oksijen indeksi 30 ~ 36%'dir. Tekstil alev geciktirici, e\u011firme alev geciktirici, kimyasal elyaf alev geciktirici, \u00e7e\u015fitli giyim malzemeleri, dekoratif kuma\u015flar vb. gibi alev geciktirici alanlarda yayg\u0131n olarak kullan\u0131lmaktad\u0131r.<\/p>\n<p><strong><b>Depolama:<\/b><\/strong><\/p>\n<p>Kuru, temiz ve iyi havaland\u0131r\u0131lan bir depoda muhafaza edilecektir.<\/p>\n<p>I\u015f\u0131\u011fa ve \u0131s\u0131ya maruz b\u0131rakmaktan ka\u00e7\u0131n\u0131n.<\/p>\n<p>\u00dcr\u00fcn\u00fc nakliye s\u0131ras\u0131nda s\u0131z\u0131nt\u0131, ya\u011fmur ve g\u00fcne\u015ften korumak.<\/p>\n<h2><strong><b>\u015eimdi Bize Ula\u015f\u0131n!<\/b><\/strong><\/h2>\n<h4><strong><b>Fiyata ihtiyac\u0131n\u0131z varsa, l\u00fctfen a\u015fa\u011f\u0131daki forma ileti\u015fim bilgilerinizi doldurun, genellikle 24 saat i\u00e7inde sizinle ileti\u015fime ge\u00e7ece\u011fiz. Bana e-posta da g\u00f6nderebilirsiniz\u00a0<span style=\"color: #00ccff;\"><a style=\"color: #00ccff;\" href=\"mailto:info@longchangchemical.com\">info@longchangchemical.com<\/a>\u00a0<\/span>\u00c7al\u0131\u015fma saatleri i\u00e7inde (8:30 - 6:00 UTC+8 Pzt.~Sat.) veya h\u0131zl\u0131 yan\u0131t almak i\u00e7in web sitesi canl\u0131 sohbetini kullan\u0131n.<\/b><\/strong><\/h4>","protected":false},"excerpt":{"rendered":"<p>Kimyasal Ad\u0131: 3-Hidroksifenilfosfinil-propanoik asit<\/p>\n<p>Cas No: 14657-64-8<\/p>\n<p>Form\u00fcl: C9H11O4P<\/p>\n<p>Paket: 25kg \/ torba \/ karton veya 500kgs \/ torba.<\/p>","protected":false},"featured_media":0,"comment_status":"open","ping_status":"closed","template":"","meta":[],"product_brand":[],"product_cat":[153],"product_tag":[],"class_list":{"0":"post-6646","1":"product","2":"type-product","3":"status-publish","5":"product_cat-Lcflare-flame-retardant","7":"first","8":"instock","9":"shipping-taxable","10":"product-type-simple"},"yoast_head":"<!-- This site is optimized with the Yoast SEO plugin v25.3.1 - https:\/\/yoast.com\/wordpress\/plugins\/seo\/ -->\n<title>Flame retardant 3-HPP \/ CEPPA ( 3-Hydroxyphenylphosphinyl-propanoic acid ) manufacturer - Longchang Chemical<\/title>\n<meta name=\"description\" content=\"Lcflare\u00ae 3-HPP \/ CEPPA ( 2-carboxyl ethyl(phenyl)phosphinic Acid ) CAS 14657-64-8 can be used as a Flame retardant and is the key product of Longchang chemical. We are the leading Flame retardant manufacturer and supplier in China with the best quanlity and competitive price.\" \/>\n<meta name=\"robots\" content=\"index, follow, max-snippet:-1, max-image-preview:large, max-video-preview:-1\" \/>\n<link rel=\"canonical\" href=\"https:\/\/longchangchemical.com\/tr\/product\/3-hpp-ceppa-cas-14657-64-8\/\" \/>\n<meta property=\"og:locale\" content=\"tr_TR\" \/>\n<meta property=\"og:type\" content=\"article\" \/>\n<meta property=\"og:title\" content=\"Flame retardant 3-HPP \/ CEPPA ( 3-Hydroxyphenylphosphinyl-propanoic acid ) manufacturer - Longchang Chemical\" \/>\n<meta property=\"og:description\" content=\"Lcflare\u00ae 3-HPP \/ CEPPA ( 2-carboxyl ethyl(phenyl)phosphinic Acid ) CAS 14657-64-8 can be used as a Flame retardant and is the key product of Longchang chemical. We are the leading Flame retardant manufacturer and supplier in China with the best quanlity and competitive price.\" \/>\n<meta property=\"og:url\" content=\"https:\/\/longchangchemical.com\/tr\/product\/3-hpp-ceppa-cas-14657-64-8\/\" \/>\n<meta property=\"og:site_name\" content=\"Longchang Chemical\" \/>\n<meta property=\"article:modified_time\" content=\"2024-08-01T07:00:26+00:00\" \/>\n<meta property=\"og:image\" content=\"https:\/\/longchangchemical.com\/wp-content\/uploads\/2024\/02\/Lcflare\u00ae-3-HPPCEPPA.jpg\" \/>\n\t<meta property=\"og:image:width\" content=\"800\" \/>\n\t<meta property=\"og:image:height\" content=\"800\" \/>\n\t<meta property=\"og:image:type\" content=\"image\/jpeg\" \/>\n<meta name=\"twitter:card\" content=\"summary_large_image\" \/>\n<script type=\"application\/ld+json\" class=\"yoast-schema-graph\">{\"@context\":\"https:\/\/schema.org\",\"@graph\":[{\"@type\":\"WebPage\",\"@id\":\"https:\/\/longchangchemical.com\/product\/3-hpp-ceppa-cas-14657-64-8\/\",\"url\":\"https:\/\/longchangchemical.com\/product\/3-hpp-ceppa-cas-14657-64-8\/\",\"name\":\"Flame retardant 3-HPP \/ CEPPA ( 3-Hydroxyphenylphosphinyl-propanoic acid ) manufacturer - Longchang Chemical\",\"isPartOf\":{\"@id\":\"https:\/\/longchangchemical.com\/#website\"},\"datePublished\":\"2024-02-19T06:44:48+00:00\",\"dateModified\":\"2024-08-01T07:00:26+00:00\",\"description\":\"Lcflare\u00ae 3-HPP \/ CEPPA ( 2-carboxyl ethyl(phenyl)phosphinic Acid ) CAS 14657-64-8 can be used as a Flame retardant and is the key product of Longchang chemical. We are the leading Flame retardant manufacturer and supplier in China with the best quanlity and competitive price.\",\"breadcrumb\":{\"@id\":\"https:\/\/longchangchemical.com\/product\/3-hpp-ceppa-cas-14657-64-8\/#breadcrumb\"},\"inLanguage\":\"tr\",\"potentialAction\":[{\"@type\":\"ReadAction\",\"target\":[\"https:\/\/longchangchemical.com\/product\/3-hpp-ceppa-cas-14657-64-8\/\"]}]},{\"@type\":\"BreadcrumbList\",\"@id\":\"https:\/\/longchangchemical.com\/product\/3-hpp-ceppa-cas-14657-64-8\/#breadcrumb\",\"itemListElement\":[{\"@type\":\"ListItem\",\"position\":1,\"name\":\"Home\",\"item\":\"https:\/\/longchangchemical.com\/\"},{\"@type\":\"ListItem\",\"position\":2,\"name\":\"Products Longchang\",\"item\":\"https:\/\/longchangchemical.com\/product\/\"},{\"@type\":\"ListItem\",\"position\":3,\"name\":\"Lcflare\u00ae 3-HPP\/CEPPA\"}]},{\"@type\":\"WebSite\",\"@id\":\"https:\/\/longchangchemical.com\/#website\",\"url\":\"https:\/\/longchangchemical.com\/\",\"name\":\"Longchang Chemical\",\"description\":\"China chemical manufacturer \uff06 supplier\",\"publisher\":{\"@id\":\"https:\/\/longchangchemical.com\/#organization\"},\"potentialAction\":[{\"@type\":\"SearchAction\",\"target\":{\"@type\":\"EntryPoint\",\"urlTemplate\":\"https:\/\/longchangchemical.com\/?s={search_term_string}\"},\"query-input\":{\"@type\":\"PropertyValueSpecification\",\"valueRequired\":true,\"valueName\":\"search_term_string\"}}],\"inLanguage\":\"tr\"},{\"@type\":\"Organization\",\"@id\":\"https:\/\/longchangchemical.com\/#organization\",\"name\":\"Longchang Chemical\",\"url\":\"https:\/\/longchangchemical.com\/\",\"logo\":{\"@type\":\"ImageObject\",\"inLanguage\":\"tr\",\"@id\":\"https:\/\/longchangchemical.com\/#\/schema\/logo\/image\/\",\"url\":\"https:\/\/longchangchemical.com\/wp-content\/uploads\/2020\/08\/cropped-longchang-logo.png\",\"contentUrl\":\"https:\/\/longchangchemical.com\/wp-content\/uploads\/2020\/08\/cropped-longchang-logo.png\",\"width\":512,\"height\":512,\"caption\":\"Longchang Chemical\"},\"image\":{\"@id\":\"https:\/\/longchangchemical.com\/#\/schema\/logo\/image\/\"}}]}<\/script>\n<!-- \/ Yoast SEO plugin. -->","yoast_head_json":{"title":"Alev geciktirici 3-HPP \/ CEPPA (3-Hidroksifenilfosfinil-propanoik asit) \u00fcreticisi - Longchang Chemical","description":"Lcflare\u00ae 3-HPP \/ CEPPA (2-karboksil etil (fenil) fosfinik Asit) CAS 14657-64-8 Alev geciktirici olarak kullan\u0131labilir ve Longchang kimyasal\u0131n anahtar \u00fcr\u00fcn\u00fcd\u00fcr. Biz en iyi quanlity ve rekabet\u00e7i fiyat ile \u00c7in'in \u00f6nde gelen Alev geciktirici \u00fcreticisi ve tedarik\u00e7isi vard\u0131r.","robots":{"index":"index","follow":"follow","max-snippet":"max-snippet:-1","max-image-preview":"max-image-preview:large","max-video-preview":"max-video-preview:-1"},"canonical":"https:\/\/longchangchemical.com\/tr\/product\/3-hpp-ceppa-cas-14657-64-8\/","og_locale":"tr_TR","og_type":"article","og_title":"Flame retardant 3-HPP \/ CEPPA ( 3-Hydroxyphenylphosphinyl-propanoic acid ) manufacturer - Longchang Chemical","og_description":"Lcflare\u00ae 3-HPP \/ CEPPA ( 2-carboxyl ethyl(phenyl)phosphinic Acid ) CAS 14657-64-8 can be used as a Flame retardant and is the key product of Longchang chemical. We are the leading Flame retardant manufacturer and supplier in China with the best quanlity and competitive price.","og_url":"https:\/\/longchangchemical.com\/tr\/product\/3-hpp-ceppa-cas-14657-64-8\/","og_site_name":"Longchang Chemical","article_modified_time":"2024-08-01T07:00:26+00:00","og_image":[{"width":800,"height":800,"url":"https:\/\/longchangchemical.com\/wp-content\/uploads\/2024\/02\/Lcflare\u00ae-3-HPPCEPPA.jpg","type":"image\/jpeg"}],"twitter_card":"summary_large_image","schema":{"@context":"https:\/\/schema.org","@graph":[{"@type":"WebPage","@id":"https:\/\/longchangchemical.com\/product\/3-hpp-ceppa-cas-14657-64-8\/","url":"https:\/\/longchangchemical.com\/product\/3-hpp-ceppa-cas-14657-64-8\/","name":"Alev geciktirici 3-HPP \/ CEPPA (3-Hidroksifenilfosfinil-propanoik asit) \u00fcreticisi - Longchang Chemical","isPartOf":{"@id":"https:\/\/longchangchemical.com\/#website"},"datePublished":"2024-02-19T06:44:48+00:00","dateModified":"2024-08-01T07:00:26+00:00","description":"Lcflare\u00ae 3-HPP \/ CEPPA (2-karboksil etil (fenil) fosfinik Asit) CAS 14657-64-8 Alev geciktirici olarak kullan\u0131labilir ve Longchang kimyasal\u0131n anahtar \u00fcr\u00fcn\u00fcd\u00fcr. Biz en iyi quanlity ve rekabet\u00e7i fiyat ile \u00c7in'in \u00f6nde gelen Alev geciktirici \u00fcreticisi ve tedarik\u00e7isi vard\u0131r.","breadcrumb":{"@id":"https:\/\/longchangchemical.com\/product\/3-hpp-ceppa-cas-14657-64-8\/#breadcrumb"},"inLanguage":"tr","potentialAction":[{"@type":"ReadAction","target":["https:\/\/longchangchemical.com\/product\/3-hpp-ceppa-cas-14657-64-8\/"]}]},{"@type":"BreadcrumbList","@id":"https:\/\/longchangchemical.com\/product\/3-hpp-ceppa-cas-14657-64-8\/#breadcrumb","itemListElement":[{"@type":"ListItem","position":1,"name":"Home","item":"https:\/\/longchangchemical.com\/"},{"@type":"ListItem","position":2,"name":"Products Longchang","item":"https:\/\/longchangchemical.com\/product\/"},{"@type":"ListItem","position":3,"name":"Lcflare\u00ae 3-HPP\/CEPPA"}]},{"@type":"WebSite","@id":"https:\/\/longchangchemical.com\/#website","url":"https:\/\/longchangchemical.com\/","name":"Longchang Kimya","description":"\u00c7in kimyasal \u00fcreticisi \uff06 tedarik\u00e7isi","publisher":{"@id":"https:\/\/longchangchemical.com\/#organization"},"potentialAction":[{"@type":"SearchAction","target":{"@type":"EntryPoint","urlTemplate":"https:\/\/longchangchemical.com\/?s={search_term_string}"},"query-input":{"@type":"PropertyValueSpecification","valueRequired":true,"valueName":"search_term_string"}}],"inLanguage":"tr"},{"@type":"Organization","@id":"https:\/\/longchangchemical.com\/#organization","name":"Longchang Kimya","url":"https:\/\/longchangchemical.com\/","logo":{"@type":"ImageObject","inLanguage":"tr","@id":"https:\/\/longchangchemical.com\/#\/schema\/logo\/image\/","url":"https:\/\/longchangchemical.com\/wp-content\/uploads\/2020\/08\/cropped-longchang-logo.png","contentUrl":"https:\/\/longchangchemical.com\/wp-content\/uploads\/2020\/08\/cropped-longchang-logo.png","width":512,"height":512,"caption":"Longchang Chemical"},"image":{"@id":"https:\/\/longchangchemical.com\/#\/schema\/logo\/image\/"}}]}},"_links":{"self":[{"href":"https:\/\/longchangchemical.com\/tr\/wp-json\/wp\/v2\/product\/6646","targetHints":{"allow":["GET"]}}],"collection":[{"href":"https:\/\/longchangchemical.com\/tr\/wp-json\/wp\/v2\/product"}],"about":[{"href":"https:\/\/longchangchemical.com\/tr\/wp-json\/wp\/v2\/types\/product"}],"replies":[{"embeddable":true,"href":"https:\/\/longchangchemical.com\/tr\/wp-json\/wp\/v2\/comments?post=6646"}],"wp:attachment":[{"href":"https:\/\/longchangchemical.com\/tr\/wp-json\/wp\/v2\/media?parent=6646"}],"wp:term":[{"taxonomy":"product_brand","embeddable":true,"href":"https:\/\/longchangchemical.com\/tr\/wp-json\/wp\/v2\/product_brand?post=6646"},{"taxonomy":"product_cat","embeddable":true,"href":"https:\/\/longchangchemical.com\/tr\/wp-json\/wp\/v2\/product_cat?post=6646"},{"taxonomy":"product_tag","embeddable":true,"href":"https:\/\/longchangchemical.com\/tr\/wp-json\/wp\/v2\/product_tag?post=6646"}],"curies":[{"name":"wp","href":"https:\/\/api.w.org\/{rel}","templated":true}]}}