{"id":6600,"date":"2024-02-05T09:06:27","date_gmt":"2024-02-05T09:06:27","guid":{"rendered":"https:\/\/longchangchemical.com\/?post_type=product&#038;p=6600"},"modified":"2025-12-17T02:45:46","modified_gmt":"2025-12-17T02:45:46","slug":"dps-cas-18880-36-9","status":"publish","type":"product","link":"https:\/\/longchangchemical.com\/tr\/product\/dps-cas-18880-36-9\/","title":{"rendered":"N,N-Dimetil-ditiyokarbamil propil s\u00fclfonik asit sodyum tuzu \/ DPS CAS 18880-36-9"},"content":{"rendered":"<h1><strong>N,N-Dimetil-ditiyokarbamil propil s\u00fclfonik asit sodyum tuzu \/ DPS CAS 18880-36-9<\/strong><\/h1>\n<p>DPS, parlak s\u00fcnek kaplamalar elde etmek i\u00e7in polieter ve \u0131slat\u0131c\u0131 maddeler gibi y\u00fczey aktif maddelerle veya di\u011fer s\u00fclf\u00fcr i\u00e7eren parlat\u0131c\u0131larla birlikte bak\u0131r kaplama parlat\u0131c\u0131s\u0131 olarak kullan\u0131l\u0131r. De\u011ferli metallerin kimyasal kaplamas\u0131nda ve elektrokaplama stabilizat\u00f6r\u00fc olarak da kullan\u0131labilir. Ana i\u015flevi h\u0131zl\u0131 \u0131\u015f\u0131k \u00fcretmektir ve kaplama \u00e7\u00f6zeltisinin stabilitesi iyidir.<\/p>\n<p>&nbsp;<\/p>\n<p><strong><b>Standart<\/b><\/strong><\/p>\n<table>\n<tbody>\n<tr>\n<td width=\"229\">\u00d6\u011fe<\/td>\n<td width=\"224\">\u015eartname<\/td>\n<\/tr>\n<tr>\n<td width=\"229\">G\u00f6r\u00fcn\u00fc\u015f<\/td>\n<td width=\"224\">Beyazdan a\u00e7\u0131k sar\u0131ya g\u00fc\u00e7<\/td>\n<\/tr>\n<tr>\n<td width=\"229\">\u00c7\u00f6z\u00fcn\u00fcrl\u00fck (5% sulu \u00e7\u00f6zelti):<\/td>\n<td width=\"224\">\u015eeffaf ve berrak<\/td>\n<\/tr>\n<tr>\n<td width=\"229\">Safl\u0131k (HPLC)<\/td>\n<td width=\"224\">\u226599.0%<\/td>\n<\/tr>\n<tr>\n<td width=\"229\">Nem<\/td>\n<td width=\"224\">\uff1c 1.0%<\/td>\n<\/tr>\n<\/tbody>\n<\/table>\n<p><strong><b>\u00a0<\/b><\/strong><\/p>\n<p><strong>Uygulama: <\/strong><\/p>\n<p>DPS, bak\u0131r kaplama i\u00e7in parlat\u0131c\u0131 ve elektrokaplama katk\u0131 maddeleri i\u00e7in bir ara madde olarak kullan\u0131l\u0131r.<\/p>\n<p>&nbsp;<\/p>\n<p><strong><b>P<\/b><\/strong><strong><b>ackag<\/b><\/strong><strong><b>e<\/b><\/strong><strong><b>:<\/b><\/strong>25kgs\/Davul; 50kgs\/Davul<\/p>\n<p><strong><b>\u00a0<\/b><\/strong><\/p>\n<p><strong><b>Depolama: <\/b><\/strong><\/p>\n<p>Nem ve ya\u011fmurdan korunur.<\/p>\n<p>Ta\u015f\u0131ma s\u0131ras\u0131nda ambalaj\u0131n k\u0131r\u0131lmas\u0131n\u0131 \u00f6nleyin.<\/p>\n<p>Kuru ve havaland\u0131r\u0131lm\u0131\u015f bir depoda saklay\u0131n.<\/p>\n<h2><strong><b>\u015eimdi Bize Ula\u015f\u0131n!<\/b><\/strong><\/h2>\n<h4><strong><b>Fiyata ihtiyac\u0131n\u0131z varsa, l\u00fctfen a\u015fa\u011f\u0131daki forma ileti\u015fim bilgilerinizi doldurun, genellikle 24 saat i\u00e7inde sizinle ileti\u015fime ge\u00e7ece\u011fiz. Bana e-posta da g\u00f6nderebilirsiniz\u00a0<span style=\"color: #00ccff;\"><a style=\"color: #00ccff;\" href=\"mailto:info@longchangchemical.com\">info@longchangchemical.com<\/a>\u00a0<\/span>\u00c7al\u0131\u015fma saatleri i\u00e7inde (8:30 - 6:00 UTC+8 Pzt.~Sat.) veya h\u0131zl\u0131 yan\u0131t almak i\u00e7in web sitesi canl\u0131 sohbetini kullan\u0131n.<\/b><\/strong><\/h4>","protected":false},"excerpt":{"rendered":"<p><strong>Kimyasal Ad\u0131:<\/strong>\u00a0N,N-Dimetil-ditiyokarbamil propil s\u00fclfonik asit sodyum tuzu<\/p>\n<p><strong>E\u015fanlaml\u0131: <\/strong>Sodyum 3-[(dimetilamino)tiyoksometil]tiyo]propanes\u00fclfonat; DPS<\/p>\n<p><strong>CAS No:<\/strong>\u00a018880-36-9<\/p>\n<p><strong>MF<\/strong>: C6H12NNaO3S3\u00a0 <strong>MW<\/strong><strong>: <\/strong>265.4<\/p>\n<p><strong>Molek\u00fcler yap\u0131\uff1a<img decoding=\"async\" class=\"alignnone size-full wp-image-6601\" src=\"https:\/\/longchangchemical.com\/wp-content\/uploads\/2024\/02\/DPS.png\" alt=\"\" width=\"299\" height=\"148\" \/><\/strong><\/p>\n<p><strong><b>\u00a0<\/b><\/strong><\/p>","protected":false},"featured_media":6717,"comment_status":"open","ping_status":"closed","template":"","meta":[],"product_brand":[],"product_cat":[135],"product_tag":[],"class_list":{"0":"post-6600","1":"product","2":"type-product","3":"status-publish","4":"has-post-thumbnail","6":"product_cat-santicor-corrosion-inhibitor","8":"first","9":"instock","10":"shipping-taxable","11":"product-type-simple"},"yoast_head":"<!-- This site is optimized with the Yoast SEO plugin v25.3.1 - https:\/\/yoast.com\/wordpress\/plugins\/seo\/ -->\n<title>China N,N-Dimethyl-dithiocarbamyl propyl sulfonic acid sodium salt \/ DPS CAS 18880-36-9 Manufacturer - Longchang Chemical<\/title>\n<meta name=\"description\" content=\"N,N-Dimethyl-dithiocarbamyl propyl sulfonic acid sodium salt \/ DPS CAS 18880-36-9 is a key product of Longchang Chemical. We provide the best price. We are the leading manufacturer in China with the best quality and competitive price.\" \/>\n<meta name=\"robots\" content=\"index, follow, max-snippet:-1, max-image-preview:large, max-video-preview:-1\" \/>\n<link rel=\"canonical\" href=\"https:\/\/longchangchemical.com\/tr\/product\/dps-cas-18880-36-9\/\" \/>\n<meta property=\"og:locale\" content=\"tr_TR\" \/>\n<meta property=\"og:type\" content=\"article\" \/>\n<meta property=\"og:title\" content=\"China N,N-Dimethyl-dithiocarbamyl propyl sulfonic acid sodium salt \/ DPS CAS 18880-36-9 Manufacturer - Longchang Chemical\" \/>\n<meta property=\"og:description\" content=\"N,N-Dimethyl-dithiocarbamyl propyl sulfonic acid sodium salt \/ DPS CAS 18880-36-9 is a key product of Longchang Chemical. We provide the best price. We are the leading manufacturer in China with the best quality and competitive price.\" \/>\n<meta property=\"og:url\" content=\"https:\/\/longchangchemical.com\/tr\/product\/dps-cas-18880-36-9\/\" \/>\n<meta property=\"og:site_name\" content=\"Longchang Chemical\" \/>\n<meta property=\"article:modified_time\" content=\"2025-12-17T02:45:46+00:00\" \/>\n<meta property=\"og:image\" content=\"https:\/\/longchangchemical.com\/wp-content\/uploads\/2024\/02\/DPS.jpg\" \/>\n\t<meta property=\"og:image:width\" content=\"800\" \/>\n\t<meta property=\"og:image:height\" content=\"800\" \/>\n\t<meta property=\"og:image:type\" content=\"image\/jpeg\" \/>\n<meta name=\"twitter:card\" content=\"summary_large_image\" \/>\n<script type=\"application\/ld+json\" class=\"yoast-schema-graph\">{\"@context\":\"https:\/\/schema.org\",\"@graph\":[{\"@type\":\"WebPage\",\"@id\":\"https:\/\/longchangchemical.com\/product\/dps-cas-18880-36-9\/\",\"url\":\"https:\/\/longchangchemical.com\/product\/dps-cas-18880-36-9\/\",\"name\":\"China N,N-Dimethyl-dithiocarbamyl propyl sulfonic acid sodium salt \/ DPS CAS 18880-36-9 Manufacturer - Longchang Chemical\",\"isPartOf\":{\"@id\":\"https:\/\/longchangchemical.com\/#website\"},\"primaryImageOfPage\":{\"@id\":\"https:\/\/longchangchemical.com\/product\/dps-cas-18880-36-9\/#primaryimage\"},\"image\":{\"@id\":\"https:\/\/longchangchemical.com\/product\/dps-cas-18880-36-9\/#primaryimage\"},\"thumbnailUrl\":\"https:\/\/longchangchemical.com\/wp-content\/uploads\/2024\/02\/DPS.jpg\",\"datePublished\":\"2024-02-05T09:06:27+00:00\",\"dateModified\":\"2025-12-17T02:45:46+00:00\",\"description\":\"N,N-Dimethyl-dithiocarbamyl propyl sulfonic acid sodium salt \/ DPS CAS 18880-36-9 is a key product of Longchang Chemical. We provide the best price. We are the leading manufacturer in China with the best quality and competitive price.\",\"breadcrumb\":{\"@id\":\"https:\/\/longchangchemical.com\/product\/dps-cas-18880-36-9\/#breadcrumb\"},\"inLanguage\":\"tr\",\"potentialAction\":[{\"@type\":\"ReadAction\",\"target\":[\"https:\/\/longchangchemical.com\/product\/dps-cas-18880-36-9\/\"]}]},{\"@type\":\"ImageObject\",\"inLanguage\":\"tr\",\"@id\":\"https:\/\/longchangchemical.com\/product\/dps-cas-18880-36-9\/#primaryimage\",\"url\":\"https:\/\/longchangchemical.com\/wp-content\/uploads\/2024\/02\/DPS.jpg\",\"contentUrl\":\"https:\/\/longchangchemical.com\/wp-content\/uploads\/2024\/02\/DPS.jpg\",\"width\":800,\"height\":800},{\"@type\":\"BreadcrumbList\",\"@id\":\"https:\/\/longchangchemical.com\/product\/dps-cas-18880-36-9\/#breadcrumb\",\"itemListElement\":[{\"@type\":\"ListItem\",\"position\":1,\"name\":\"Home\",\"item\":\"https:\/\/longchangchemical.com\/\"},{\"@type\":\"ListItem\",\"position\":2,\"name\":\"Products Longchang\",\"item\":\"https:\/\/longchangchemical.com\/product\/\"},{\"@type\":\"ListItem\",\"position\":3,\"name\":\"N,N-Dimethyl-dithiocarbamyl propyl sulfonic acid sodium salt \/ DPS CAS 18880-36-9\"}]},{\"@type\":\"WebSite\",\"@id\":\"https:\/\/longchangchemical.com\/#website\",\"url\":\"https:\/\/longchangchemical.com\/\",\"name\":\"Longchang Chemical\",\"description\":\"China chemical manufacturer \uff06 supplier\",\"publisher\":{\"@id\":\"https:\/\/longchangchemical.com\/#organization\"},\"potentialAction\":[{\"@type\":\"SearchAction\",\"target\":{\"@type\":\"EntryPoint\",\"urlTemplate\":\"https:\/\/longchangchemical.com\/?s={search_term_string}\"},\"query-input\":{\"@type\":\"PropertyValueSpecification\",\"valueRequired\":true,\"valueName\":\"search_term_string\"}}],\"inLanguage\":\"tr\"},{\"@type\":\"Organization\",\"@id\":\"https:\/\/longchangchemical.com\/#organization\",\"name\":\"Longchang Chemical\",\"url\":\"https:\/\/longchangchemical.com\/\",\"logo\":{\"@type\":\"ImageObject\",\"inLanguage\":\"tr\",\"@id\":\"https:\/\/longchangchemical.com\/#\/schema\/logo\/image\/\",\"url\":\"https:\/\/longchangchemical.com\/wp-content\/uploads\/2020\/08\/cropped-longchang-logo.png\",\"contentUrl\":\"https:\/\/longchangchemical.com\/wp-content\/uploads\/2020\/08\/cropped-longchang-logo.png\",\"width\":512,\"height\":512,\"caption\":\"Longchang Chemical\"},\"image\":{\"@id\":\"https:\/\/longchangchemical.com\/#\/schema\/logo\/image\/\"}}]}<\/script>\n<!-- \/ Yoast SEO plugin. -->","yoast_head_json":{"title":"\u00c7in N,N-Dimetil-ditiyokarbamil propil s\u00fclfonik asit sodyum tuzu \/ DPS CAS 18880-36-9 \u00dcretici - Longchang Chemical","description":"N, N-Dimetil-ditiyokarbamil propil s\u00fclfonik asit sodyum tuzu \/ DPS CAS 18880-36-9, Longchang Chemical'\u0131n \u00f6nemli bir \u00fcr\u00fcn\u00fcd\u00fcr. En iyi fiyat\u0131 sa\u011fl\u0131yoruz. En iyi kalite ve rekabet\u00e7i fiyat ile \u00c7in'in \u00f6nde gelen \u00fcreticisiyiz.","robots":{"index":"index","follow":"follow","max-snippet":"max-snippet:-1","max-image-preview":"max-image-preview:large","max-video-preview":"max-video-preview:-1"},"canonical":"https:\/\/longchangchemical.com\/tr\/product\/dps-cas-18880-36-9\/","og_locale":"tr_TR","og_type":"article","og_title":"China N,N-Dimethyl-dithiocarbamyl propyl sulfonic acid sodium salt \/ DPS CAS 18880-36-9 Manufacturer - Longchang Chemical","og_description":"N,N-Dimethyl-dithiocarbamyl propyl sulfonic acid sodium salt \/ DPS CAS 18880-36-9 is a key product of Longchang Chemical. We provide the best price. We are the leading manufacturer in China with the best quality and competitive price.","og_url":"https:\/\/longchangchemical.com\/tr\/product\/dps-cas-18880-36-9\/","og_site_name":"Longchang Chemical","article_modified_time":"2025-12-17T02:45:46+00:00","og_image":[{"width":800,"height":800,"url":"https:\/\/longchangchemical.com\/wp-content\/uploads\/2024\/02\/DPS.jpg","type":"image\/jpeg"}],"twitter_card":"summary_large_image","schema":{"@context":"https:\/\/schema.org","@graph":[{"@type":"WebPage","@id":"https:\/\/longchangchemical.com\/product\/dps-cas-18880-36-9\/","url":"https:\/\/longchangchemical.com\/product\/dps-cas-18880-36-9\/","name":"\u00c7in N,N-Dimetil-ditiyokarbamil propil s\u00fclfonik asit sodyum tuzu \/ DPS CAS 18880-36-9 \u00dcretici - Longchang Chemical","isPartOf":{"@id":"https:\/\/longchangchemical.com\/#website"},"primaryImageOfPage":{"@id":"https:\/\/longchangchemical.com\/product\/dps-cas-18880-36-9\/#primaryimage"},"image":{"@id":"https:\/\/longchangchemical.com\/product\/dps-cas-18880-36-9\/#primaryimage"},"thumbnailUrl":"https:\/\/longchangchemical.com\/wp-content\/uploads\/2024\/02\/DPS.jpg","datePublished":"2024-02-05T09:06:27+00:00","dateModified":"2025-12-17T02:45:46+00:00","description":"N, N-Dimetil-ditiyokarbamil propil s\u00fclfonik asit sodyum tuzu \/ DPS CAS 18880-36-9, Longchang Chemical'\u0131n \u00f6nemli bir \u00fcr\u00fcn\u00fcd\u00fcr. En iyi fiyat\u0131 sa\u011fl\u0131yoruz. En iyi kalite ve rekabet\u00e7i fiyat ile \u00c7in'in \u00f6nde gelen \u00fcreticisiyiz.","breadcrumb":{"@id":"https:\/\/longchangchemical.com\/product\/dps-cas-18880-36-9\/#breadcrumb"},"inLanguage":"tr","potentialAction":[{"@type":"ReadAction","target":["https:\/\/longchangchemical.com\/product\/dps-cas-18880-36-9\/"]}]},{"@type":"ImageObject","inLanguage":"tr","@id":"https:\/\/longchangchemical.com\/product\/dps-cas-18880-36-9\/#primaryimage","url":"https:\/\/longchangchemical.com\/wp-content\/uploads\/2024\/02\/DPS.jpg","contentUrl":"https:\/\/longchangchemical.com\/wp-content\/uploads\/2024\/02\/DPS.jpg","width":800,"height":800},{"@type":"BreadcrumbList","@id":"https:\/\/longchangchemical.com\/product\/dps-cas-18880-36-9\/#breadcrumb","itemListElement":[{"@type":"ListItem","position":1,"name":"Home","item":"https:\/\/longchangchemical.com\/"},{"@type":"ListItem","position":2,"name":"Products Longchang","item":"https:\/\/longchangchemical.com\/product\/"},{"@type":"ListItem","position":3,"name":"N,N-Dimethyl-dithiocarbamyl propyl sulfonic acid sodium salt \/ DPS CAS 18880-36-9"}]},{"@type":"WebSite","@id":"https:\/\/longchangchemical.com\/#website","url":"https:\/\/longchangchemical.com\/","name":"Longchang Kimya","description":"\u00c7in kimyasal \u00fcreticisi \uff06 tedarik\u00e7isi","publisher":{"@id":"https:\/\/longchangchemical.com\/#organization"},"potentialAction":[{"@type":"SearchAction","target":{"@type":"EntryPoint","urlTemplate":"https:\/\/longchangchemical.com\/?s={search_term_string}"},"query-input":{"@type":"PropertyValueSpecification","valueRequired":true,"valueName":"search_term_string"}}],"inLanguage":"tr"},{"@type":"Organization","@id":"https:\/\/longchangchemical.com\/#organization","name":"Longchang Kimya","url":"https:\/\/longchangchemical.com\/","logo":{"@type":"ImageObject","inLanguage":"tr","@id":"https:\/\/longchangchemical.com\/#\/schema\/logo\/image\/","url":"https:\/\/longchangchemical.com\/wp-content\/uploads\/2020\/08\/cropped-longchang-logo.png","contentUrl":"https:\/\/longchangchemical.com\/wp-content\/uploads\/2020\/08\/cropped-longchang-logo.png","width":512,"height":512,"caption":"Longchang Chemical"},"image":{"@id":"https:\/\/longchangchemical.com\/#\/schema\/logo\/image\/"}}]}},"_links":{"self":[{"href":"https:\/\/longchangchemical.com\/tr\/wp-json\/wp\/v2\/product\/6600","targetHints":{"allow":["GET"]}}],"collection":[{"href":"https:\/\/longchangchemical.com\/tr\/wp-json\/wp\/v2\/product"}],"about":[{"href":"https:\/\/longchangchemical.com\/tr\/wp-json\/wp\/v2\/types\/product"}],"replies":[{"embeddable":true,"href":"https:\/\/longchangchemical.com\/tr\/wp-json\/wp\/v2\/comments?post=6600"}],"wp:featuredmedia":[{"embeddable":true,"href":"https:\/\/longchangchemical.com\/tr\/wp-json\/wp\/v2\/media\/6717"}],"wp:attachment":[{"href":"https:\/\/longchangchemical.com\/tr\/wp-json\/wp\/v2\/media?parent=6600"}],"wp:term":[{"taxonomy":"product_brand","embeddable":true,"href":"https:\/\/longchangchemical.com\/tr\/wp-json\/wp\/v2\/product_brand?post=6600"},{"taxonomy":"product_cat","embeddable":true,"href":"https:\/\/longchangchemical.com\/tr\/wp-json\/wp\/v2\/product_cat?post=6600"},{"taxonomy":"product_tag","embeddable":true,"href":"https:\/\/longchangchemical.com\/tr\/wp-json\/wp\/v2\/product_tag?post=6600"}],"curies":[{"name":"wp","href":"https:\/\/api.w.org\/{rel}","templated":true}]}}