{"id":6597,"date":"2024-02-05T08:42:45","date_gmt":"2024-02-05T08:42:45","guid":{"rendered":"https:\/\/longchangchemical.com\/?post_type=product&#038;p=6597"},"modified":"2025-12-17T02:50:36","modified_gmt":"2025-12-17T02:50:36","slug":"mps-cas-17636-10-1","status":"publish","type":"product","link":"https:\/\/longchangchemical.com\/tr\/product\/mps-cas-17636-10-1\/","title":{"rendered":"Sodyum 3-merkaptopropanes\u00fclfonat\/ MPS CAS 17636-10-1"},"content":{"rendered":"<h1><strong>Sodyum 3-merkaptopropanes\u00fclfonat\/ MPS CAS 17636-10-1<\/strong><\/h1>\n<p>MPS, bak\u0131r y\u00fczeyin korozyon direncini art\u0131rabilir ve parlak ve s\u00fcnek kaplama tabakas\u0131 elde etmek i\u00e7in polieter ile birlikte kullan\u0131labilir.<\/p>\n<p>&nbsp;<\/p>\n<p><strong><b>Standart<\/b><\/strong><\/p>\n<table>\n<tbody>\n<tr>\n<td width=\"229\">\u00d6\u011fe<\/td>\n<td width=\"224\">\u015eartname<\/td>\n<\/tr>\n<tr>\n<td width=\"229\">G\u00f6r\u00fcn\u00fc\u015f<\/td>\n<td width=\"224\">Beyazdan a\u00e7\u0131k sar\u0131ya g\u00fc\u00e7<\/td>\n<\/tr>\n<tr>\n<td width=\"229\">\u00c7\u00f6z\u00fcn\u00fcrl\u00fck (5% sulu \u00e7\u00f6zelti):<\/td>\n<td width=\"224\">\u015eeffaf ve berrak<\/td>\n<\/tr>\n<tr>\n<td width=\"229\">Safl\u0131k (HPLC)<\/td>\n<td width=\"224\">\uff1e99.0%<\/td>\n<\/tr>\n<tr>\n<td width=\"229\">Nem<\/td>\n<td width=\"224\">\uff1c 1.0%<\/td>\n<\/tr>\n<\/tbody>\n<\/table>\n<p><strong><b>\u00a0<\/b><\/strong><\/p>\n<p><strong>Uygulama: <\/strong><\/p>\n<p>MPS, \u00f6zellikle bask\u0131l\u0131 devre kartlar\u0131n\u0131n kaplanmas\u0131 i\u00e7in bak\u0131r parlat\u0131c\u0131lar\u0131n haz\u0131rlanmas\u0131nda elektrokaplama katk\u0131 maddelerinde bir ara madde olarak kullan\u0131l\u0131r.<\/p>\n<p>&nbsp;<\/p>\n<p><strong><b>P<\/b><\/strong><strong><b>ackag<\/b><\/strong><strong><b>e<\/b><\/strong><strong><b>:<\/b><\/strong>25kgs\/Davul; 50kgs\/Davul<\/p>\n<p><strong><b>\u00a0<\/b><\/strong><\/p>\n<p><strong><b>Depolama: <\/b><\/strong><\/p>\n<p>Nem ve ya\u011fmurdan korunur.<\/p>\n<p>Ta\u015f\u0131ma s\u0131ras\u0131nda ambalaj\u0131n k\u0131r\u0131lmas\u0131n\u0131 \u00f6nleyin.<\/p>\n<p>Kuru ve havaland\u0131r\u0131lm\u0131\u015f bir depoda saklay\u0131n.<\/p>\n<h2><strong><b>\u015eimdi Bize Ula\u015f\u0131n!<\/b><\/strong><\/h2>\n<h4><strong><b>Fiyata ihtiyac\u0131n\u0131z varsa, l\u00fctfen a\u015fa\u011f\u0131daki forma ileti\u015fim bilgilerinizi doldurun, genellikle 24 saat i\u00e7inde sizinle ileti\u015fime ge\u00e7ece\u011fiz. Bana e-posta da g\u00f6nderebilirsiniz\u00a0<span style=\"color: #00ccff;\"><a style=\"color: #00ccff;\" href=\"mailto:info@longchangchemical.com\">info@longchangchemical.com<\/a>\u00a0<\/span>\u00c7al\u0131\u015fma saatleri i\u00e7inde (8:30 - 6:00 UTC+8 Pzt.~Sat.) veya h\u0131zl\u0131 yan\u0131t almak i\u00e7in web sitesi canl\u0131 sohbetini kullan\u0131n.<\/b><\/strong><\/h4>","protected":false},"excerpt":{"rendered":"<p><strong>Kimyasal Ad\u0131:<\/strong>\u00a03-Merkapto-1-propan s\u00fclfonik asit sodyum tuzu<\/p>\n<p><strong>E\u015fanlaml\u0131: <\/strong>Sodyum 3-merkaptopropanes\u00fclfonat; MPS<\/p>\n<p><strong>CAS No:<\/strong>\u00a017636-10-1<\/p>\n<p><strong>MF<\/strong>: C3H7O3S2Na\u00a0\u00a0 <strong>MW<\/strong><strong>: <\/strong>178.2<\/p>\n<p><strong>Molek\u00fcler yap\u0131\uff1a<\/strong><img decoding=\"async\" class=\"alignnone size-full wp-image-6598\" src=\"https:\/\/longchangchemical.com\/wp-content\/uploads\/2024\/02\/MPS.png\" alt=\"\" width=\"384\" height=\"230\" \/><\/p>","protected":false},"featured_media":6598,"comment_status":"open","ping_status":"closed","template":"","meta":[],"product_brand":[],"product_cat":[135],"product_tag":[],"class_list":{"0":"post-6597","1":"product","2":"type-product","3":"status-publish","4":"has-post-thumbnail","6":"product_cat-santicor-corrosion-inhibitor","8":"first","9":"instock","10":"shipping-taxable","11":"product-type-simple"},"yoast_head":"<!-- This site is optimized with the Yoast SEO plugin v25.3.1 - https:\/\/yoast.com\/wordpress\/plugins\/seo\/ -->\n<title>China MPS Chemical Manufacturer - CAS 17636-10-1 supplier - Longchang Chemical<\/title>\n<meta name=\"description\" content=\"Sodium 3-mercaptopropanesulphonate is used as an intermediate in electroplating additives for the preparation of copper brighteners, Longchang Chemical can Offer the best price.\" \/>\n<meta name=\"robots\" content=\"index, follow, max-snippet:-1, max-image-preview:large, max-video-preview:-1\" \/>\n<link rel=\"canonical\" href=\"https:\/\/longchangchemical.com\/tr\/product\/mps-cas-17636-10-1\/\" \/>\n<meta property=\"og:locale\" content=\"tr_TR\" \/>\n<meta property=\"og:type\" content=\"article\" \/>\n<meta property=\"og:title\" content=\"China MPS Chemical Manufacturer - CAS 17636-10-1 supplier - Longchang Chemical\" \/>\n<meta property=\"og:description\" content=\"Sodium 3-mercaptopropanesulphonate is used as an intermediate in electroplating additives for the preparation of copper brighteners, Longchang Chemical can Offer the best price.\" \/>\n<meta property=\"og:url\" content=\"https:\/\/longchangchemical.com\/tr\/product\/mps-cas-17636-10-1\/\" \/>\n<meta property=\"og:site_name\" content=\"Longchang Chemical\" \/>\n<meta property=\"article:modified_time\" content=\"2025-12-17T02:50:36+00:00\" \/>\n<meta property=\"og:image\" content=\"https:\/\/longchangchemical.com\/wp-content\/uploads\/2024\/02\/MPS.png\" \/>\n\t<meta property=\"og:image:width\" content=\"384\" \/>\n\t<meta property=\"og:image:height\" content=\"230\" \/>\n\t<meta property=\"og:image:type\" content=\"image\/png\" \/>\n<meta name=\"twitter:card\" content=\"summary_large_image\" \/>\n<script type=\"application\/ld+json\" class=\"yoast-schema-graph\">{\"@context\":\"https:\/\/schema.org\",\"@graph\":[{\"@type\":\"WebPage\",\"@id\":\"https:\/\/longchangchemical.com\/product\/mps-cas-17636-10-1\/\",\"url\":\"https:\/\/longchangchemical.com\/product\/mps-cas-17636-10-1\/\",\"name\":\"China MPS Chemical Manufacturer - CAS 17636-10-1 supplier - Longchang Chemical\",\"isPartOf\":{\"@id\":\"https:\/\/longchangchemical.com\/#website\"},\"primaryImageOfPage\":{\"@id\":\"https:\/\/longchangchemical.com\/product\/mps-cas-17636-10-1\/#primaryimage\"},\"image\":{\"@id\":\"https:\/\/longchangchemical.com\/product\/mps-cas-17636-10-1\/#primaryimage\"},\"thumbnailUrl\":\"https:\/\/longchangchemical.com\/wp-content\/uploads\/2024\/02\/MPS.png\",\"datePublished\":\"2024-02-05T08:42:45+00:00\",\"dateModified\":\"2025-12-17T02:50:36+00:00\",\"description\":\"Sodium 3-mercaptopropanesulphonate is used as an intermediate in electroplating additives for the preparation of copper brighteners, Longchang Chemical can Offer the best price.\",\"breadcrumb\":{\"@id\":\"https:\/\/longchangchemical.com\/product\/mps-cas-17636-10-1\/#breadcrumb\"},\"inLanguage\":\"tr\",\"potentialAction\":[{\"@type\":\"ReadAction\",\"target\":[\"https:\/\/longchangchemical.com\/product\/mps-cas-17636-10-1\/\"]}]},{\"@type\":\"ImageObject\",\"inLanguage\":\"tr\",\"@id\":\"https:\/\/longchangchemical.com\/product\/mps-cas-17636-10-1\/#primaryimage\",\"url\":\"https:\/\/longchangchemical.com\/wp-content\/uploads\/2024\/02\/MPS.png\",\"contentUrl\":\"https:\/\/longchangchemical.com\/wp-content\/uploads\/2024\/02\/MPS.png\",\"width\":384,\"height\":230},{\"@type\":\"BreadcrumbList\",\"@id\":\"https:\/\/longchangchemical.com\/product\/mps-cas-17636-10-1\/#breadcrumb\",\"itemListElement\":[{\"@type\":\"ListItem\",\"position\":1,\"name\":\"Home\",\"item\":\"https:\/\/longchangchemical.com\/\"},{\"@type\":\"ListItem\",\"position\":2,\"name\":\"Products Longchang\",\"item\":\"https:\/\/longchangchemical.com\/product\/\"},{\"@type\":\"ListItem\",\"position\":3,\"name\":\"Sodium 3-mercaptopropanesulphonate\/ MPS CAS 17636-10-1\"}]},{\"@type\":\"WebSite\",\"@id\":\"https:\/\/longchangchemical.com\/#website\",\"url\":\"https:\/\/longchangchemical.com\/\",\"name\":\"Longchang Chemical\",\"description\":\"China chemical manufacturer \uff06 supplier\",\"publisher\":{\"@id\":\"https:\/\/longchangchemical.com\/#organization\"},\"potentialAction\":[{\"@type\":\"SearchAction\",\"target\":{\"@type\":\"EntryPoint\",\"urlTemplate\":\"https:\/\/longchangchemical.com\/?s={search_term_string}\"},\"query-input\":{\"@type\":\"PropertyValueSpecification\",\"valueRequired\":true,\"valueName\":\"search_term_string\"}}],\"inLanguage\":\"tr\"},{\"@type\":\"Organization\",\"@id\":\"https:\/\/longchangchemical.com\/#organization\",\"name\":\"Longchang Chemical\",\"url\":\"https:\/\/longchangchemical.com\/\",\"logo\":{\"@type\":\"ImageObject\",\"inLanguage\":\"tr\",\"@id\":\"https:\/\/longchangchemical.com\/#\/schema\/logo\/image\/\",\"url\":\"https:\/\/longchangchemical.com\/wp-content\/uploads\/2020\/08\/cropped-longchang-logo.png\",\"contentUrl\":\"https:\/\/longchangchemical.com\/wp-content\/uploads\/2020\/08\/cropped-longchang-logo.png\",\"width\":512,\"height\":512,\"caption\":\"Longchang Chemical\"},\"image\":{\"@id\":\"https:\/\/longchangchemical.com\/#\/schema\/logo\/image\/\"}}]}<\/script>\n<!-- \/ Yoast SEO plugin. -->","yoast_head_json":{"title":"\u00c7in MPS Kimyasal \u00dcreticisi - CAS 17636-10-1 tedarik\u00e7isi - Longchang Chemical","description":"Sodyum 3-merkaptopropanes\u00fclfonat, bak\u0131r parlat\u0131c\u0131lar\u0131n haz\u0131rlanmas\u0131 i\u00e7in elektrokaplama katk\u0131 maddelerinde bir ara \u00fcr\u00fcn olarak kullan\u0131l\u0131r, Longchang Chemical en iyi fiyat\u0131 sunabilir.","robots":{"index":"index","follow":"follow","max-snippet":"max-snippet:-1","max-image-preview":"max-image-preview:large","max-video-preview":"max-video-preview:-1"},"canonical":"https:\/\/longchangchemical.com\/tr\/product\/mps-cas-17636-10-1\/","og_locale":"tr_TR","og_type":"article","og_title":"China MPS Chemical Manufacturer - CAS 17636-10-1 supplier - Longchang Chemical","og_description":"Sodium 3-mercaptopropanesulphonate is used as an intermediate in electroplating additives for the preparation of copper brighteners, Longchang Chemical can Offer the best price.","og_url":"https:\/\/longchangchemical.com\/tr\/product\/mps-cas-17636-10-1\/","og_site_name":"Longchang Chemical","article_modified_time":"2025-12-17T02:50:36+00:00","og_image":[{"width":384,"height":230,"url":"https:\/\/longchangchemical.com\/wp-content\/uploads\/2024\/02\/MPS.png","type":"image\/png"}],"twitter_card":"summary_large_image","schema":{"@context":"https:\/\/schema.org","@graph":[{"@type":"WebPage","@id":"https:\/\/longchangchemical.com\/product\/mps-cas-17636-10-1\/","url":"https:\/\/longchangchemical.com\/product\/mps-cas-17636-10-1\/","name":"\u00c7in MPS Kimyasal \u00dcreticisi - CAS 17636-10-1 tedarik\u00e7isi - Longchang Chemical","isPartOf":{"@id":"https:\/\/longchangchemical.com\/#website"},"primaryImageOfPage":{"@id":"https:\/\/longchangchemical.com\/product\/mps-cas-17636-10-1\/#primaryimage"},"image":{"@id":"https:\/\/longchangchemical.com\/product\/mps-cas-17636-10-1\/#primaryimage"},"thumbnailUrl":"https:\/\/longchangchemical.com\/wp-content\/uploads\/2024\/02\/MPS.png","datePublished":"2024-02-05T08:42:45+00:00","dateModified":"2025-12-17T02:50:36+00:00","description":"Sodyum 3-merkaptopropanes\u00fclfonat, bak\u0131r parlat\u0131c\u0131lar\u0131n haz\u0131rlanmas\u0131 i\u00e7in elektrokaplama katk\u0131 maddelerinde bir ara \u00fcr\u00fcn olarak kullan\u0131l\u0131r, Longchang Chemical en iyi fiyat\u0131 sunabilir.","breadcrumb":{"@id":"https:\/\/longchangchemical.com\/product\/mps-cas-17636-10-1\/#breadcrumb"},"inLanguage":"tr","potentialAction":[{"@type":"ReadAction","target":["https:\/\/longchangchemical.com\/product\/mps-cas-17636-10-1\/"]}]},{"@type":"ImageObject","inLanguage":"tr","@id":"https:\/\/longchangchemical.com\/product\/mps-cas-17636-10-1\/#primaryimage","url":"https:\/\/longchangchemical.com\/wp-content\/uploads\/2024\/02\/MPS.png","contentUrl":"https:\/\/longchangchemical.com\/wp-content\/uploads\/2024\/02\/MPS.png","width":384,"height":230},{"@type":"BreadcrumbList","@id":"https:\/\/longchangchemical.com\/product\/mps-cas-17636-10-1\/#breadcrumb","itemListElement":[{"@type":"ListItem","position":1,"name":"Home","item":"https:\/\/longchangchemical.com\/"},{"@type":"ListItem","position":2,"name":"Products Longchang","item":"https:\/\/longchangchemical.com\/product\/"},{"@type":"ListItem","position":3,"name":"Sodium 3-mercaptopropanesulphonate\/ MPS CAS 17636-10-1"}]},{"@type":"WebSite","@id":"https:\/\/longchangchemical.com\/#website","url":"https:\/\/longchangchemical.com\/","name":"Longchang Kimya","description":"\u00c7in kimyasal \u00fcreticisi \uff06 tedarik\u00e7isi","publisher":{"@id":"https:\/\/longchangchemical.com\/#organization"},"potentialAction":[{"@type":"SearchAction","target":{"@type":"EntryPoint","urlTemplate":"https:\/\/longchangchemical.com\/?s={search_term_string}"},"query-input":{"@type":"PropertyValueSpecification","valueRequired":true,"valueName":"search_term_string"}}],"inLanguage":"tr"},{"@type":"Organization","@id":"https:\/\/longchangchemical.com\/#organization","name":"Longchang Kimya","url":"https:\/\/longchangchemical.com\/","logo":{"@type":"ImageObject","inLanguage":"tr","@id":"https:\/\/longchangchemical.com\/#\/schema\/logo\/image\/","url":"https:\/\/longchangchemical.com\/wp-content\/uploads\/2020\/08\/cropped-longchang-logo.png","contentUrl":"https:\/\/longchangchemical.com\/wp-content\/uploads\/2020\/08\/cropped-longchang-logo.png","width":512,"height":512,"caption":"Longchang Chemical"},"image":{"@id":"https:\/\/longchangchemical.com\/#\/schema\/logo\/image\/"}}]}},"_links":{"self":[{"href":"https:\/\/longchangchemical.com\/tr\/wp-json\/wp\/v2\/product\/6597","targetHints":{"allow":["GET"]}}],"collection":[{"href":"https:\/\/longchangchemical.com\/tr\/wp-json\/wp\/v2\/product"}],"about":[{"href":"https:\/\/longchangchemical.com\/tr\/wp-json\/wp\/v2\/types\/product"}],"replies":[{"embeddable":true,"href":"https:\/\/longchangchemical.com\/tr\/wp-json\/wp\/v2\/comments?post=6597"}],"wp:featuredmedia":[{"embeddable":true,"href":"https:\/\/longchangchemical.com\/tr\/wp-json\/wp\/v2\/media\/6598"}],"wp:attachment":[{"href":"https:\/\/longchangchemical.com\/tr\/wp-json\/wp\/v2\/media?parent=6597"}],"wp:term":[{"taxonomy":"product_brand","embeddable":true,"href":"https:\/\/longchangchemical.com\/tr\/wp-json\/wp\/v2\/product_brand?post=6597"},{"taxonomy":"product_cat","embeddable":true,"href":"https:\/\/longchangchemical.com\/tr\/wp-json\/wp\/v2\/product_cat?post=6597"},{"taxonomy":"product_tag","embeddable":true,"href":"https:\/\/longchangchemical.com\/tr\/wp-json\/wp\/v2\/product_tag?post=6597"}],"curies":[{"name":"wp","href":"https:\/\/api.w.org\/{rel}","templated":true}]}}