{"id":6595,"date":"2024-02-05T08:03:22","date_gmt":"2024-02-05T08:03:22","guid":{"rendered":"https:\/\/longchangchemical.com\/?post_type=product&#038;p=6595"},"modified":"2025-12-17T02:56:24","modified_gmt":"2025-12-17T02:56:24","slug":"sodium-molybdate-cas-7631-95-0","status":"publish","type":"product","link":"https:\/\/longchangchemical.com\/tr\/product\/sodium-molybdate-cas-7631-95-0\/","title":{"rendered":"Sodyum molibdat \/ Disodyum molibdat CAS 7631-95-0"},"content":{"rendered":"<h1><strong>Sodyum molibdat \/ Disodyum molibdat CAS 7631-95-0<\/strong><\/h1>\n<p>Sodyum molibdat renksiz bir fosfor pul kristalidir. Suda kolayca \u00e7\u00f6z\u00fcn\u00fcr, asetonda \u00e7\u00f6z\u00fcnmez, kristalle\u015fme suyunu gidermek i\u00e7in 100 santigrat derece. Alkaloidler ve di\u011fer madde reaktifleri, boyalar, molibden k\u0131rm\u0131z\u0131s\u0131 pigmentler, kataliz\u00f6rler, molibden tuzlar\u0131 ve g\u00fcne\u015f \u0131\u015f\u0131\u011f\u0131na dayan\u0131kl\u0131 renk \u00e7\u00f6kelticilerin \u00fcretiminde kullan\u0131l\u0131r. Ayr\u0131ca alev geciktiricilerin \u00fcretimi i\u00e7in bir hammadde ve kirlilik i\u00e7ermeyen so\u011futma suyu sistemleri i\u00e7in bir metal korozyon inhibit\u00f6r\u00fcd\u00fcr.<\/p>\n<p>&nbsp;<\/p>\n<p><strong><b>Standart<\/b><\/strong><\/p>\n<table>\n<tbody>\n<tr>\n<td width=\"189\">\u00d6\u011fe<\/td>\n<td width=\"264\">\u015eartname<\/td>\n<\/tr>\n<tr>\n<td width=\"189\">G\u00f6r\u00fcn\u00fc\u015f<\/td>\n<td width=\"264\">Beyaz kat\u0131<\/td>\n<\/tr>\n<tr>\n<td width=\"189\">Mo<\/td>\n<td width=\"264\">\u226539<\/td>\n<\/tr>\n<tr>\n<td width=\"189\">Fe<\/td>\n<td width=\"264\">\u22640.005<\/td>\n<\/tr>\n<tr>\n<td width=\"189\">SO<sub>4<\/sub><\/td>\n<td width=\"264\">\u22640.1<\/td>\n<\/tr>\n<tr>\n<td width=\"189\">As<\/td>\n<td width=\"264\">\u22640.001<\/td>\n<\/tr>\n<tr>\n<td width=\"189\">Cl<\/td>\n<td width=\"264\">\u22640.02<\/td>\n<\/tr>\n<tr>\n<td width=\"189\">Nem<\/td>\n<td width=\"264\">\u22640.05<\/td>\n<\/tr>\n<tr>\n<td width=\"189\">PH<\/td>\n<td width=\"264\">8.5-9<\/td>\n<\/tr>\n<\/tbody>\n<\/table>\n<p><strong><b>\u00a0<\/b><\/strong><\/p>\n<p><strong>Uygulama: <\/strong><\/p>\n<p>Alkaloidler, boyar maddeler, g\u00fcbreler, pigmentler, kataliz\u00f6rler, alev geciktiriciler ve kirlilik i\u00e7ermeyen so\u011futma suyu sistemleri i\u00e7in metal inhibit\u00f6rlerinin yan\u0131 s\u0131ra galvaniz cilas\u0131 ve kimyasal reaktiflerin \u00fcretiminde kullan\u0131l\u0131r.<\/p>\n<p>&nbsp;<\/p>\n<p><strong><b>P<\/b><\/strong><strong><b>ackag<\/b><\/strong><strong><b>e<\/b><\/strong><strong><b>:<\/b><\/strong>25kgs\/Davul; 50kgs\/Davul<\/p>\n<p><strong><b>\u00a0<\/b><\/strong><\/p>\n<p><strong><b>Depolama: <\/b><\/strong><\/p>\n<p>Serin, kuru ve havaland\u0131r\u0131lm\u0131\u015f bir yerde saklan\u0131r.<\/p>\n<h2><strong><b>\u015eimdi Bize Ula\u015f\u0131n!<\/b><\/strong><\/h2>\n<h4><strong><b>Fiyata ihtiyac\u0131n\u0131z varsa, l\u00fctfen a\u015fa\u011f\u0131daki forma ileti\u015fim bilgilerinizi doldurun, genellikle 24 saat i\u00e7inde sizinle ileti\u015fime ge\u00e7ece\u011fiz. Bana e-posta da g\u00f6nderebilirsiniz\u00a0<span style=\"color: #00ccff;\"><a style=\"color: #00ccff;\" href=\"mailto:info@longchangchemical.com\">info@longchangchemical.com<\/a>\u00a0<\/span>\u00c7al\u0131\u015fma saatleri i\u00e7inde (8:30 - 6:00 UTC+8 Pzt.~Sat.) veya h\u0131zl\u0131 yan\u0131t almak i\u00e7in web sitesi canl\u0131 sohbetini kullan\u0131n.<\/b><\/strong><\/h4>","protected":false},"excerpt":{"rendered":"<p><strong>Kimyasal Ad\u0131:<\/strong>\u00a0Sodyum molibdat<\/p>\n<p><strong>E\u015fanlaml\u0131: <\/strong>Disodyum molibdat<\/p>\n<p><strong>CAS No:<\/strong>\u00a07631-95-0<\/p>\n<p><strong>MF<\/strong>: MoNa2O4\u00a0 <strong>MW<\/strong><strong>: <\/strong>205.91714<\/p>\n<p><strong>Molek\u00fcler yap\u0131\uff1a<img decoding=\"async\" class=\"alignnone size-full wp-image-6596\" src=\"https:\/\/longchangchemical.com\/wp-content\/uploads\/2024\/02\/Sodium-molybdate.png\" alt=\"\" width=\"165\" height=\"86\" \/><\/strong><\/p>\n<p><strong><b>\u00a0<\/b><\/strong><\/p>","protected":false},"featured_media":6715,"comment_status":"open","ping_status":"closed","template":"","meta":[],"product_brand":[],"product_cat":[135],"product_tag":[],"class_list":{"0":"post-6595","1":"product","2":"type-product","3":"status-publish","4":"has-post-thumbnail","6":"product_cat-santicor-corrosion-inhibitor","8":"first","9":"instock","10":"shipping-taxable","11":"product-type-simple"},"yoast_head":"<!-- This site is optimized with the Yoast SEO plugin v25.3.1 - https:\/\/yoast.com\/wordpress\/plugins\/seo\/ -->\n<title>China Sodium molybdate Manufacturer \/ Disodium molybdate supplier CAS 7631-95-0 - Longchang Chemical<\/title>\n<meta name=\"description\" content=\"Sodium molybdate Used in the manufacture of alkaloids, dyestuffs, fertilisers, pigments, catalysts, flame retardants and metal inhibitors for pollution-free cooling water systems, as well as in galvanising polish and chemical reagents.\" \/>\n<meta name=\"robots\" content=\"index, follow, max-snippet:-1, max-image-preview:large, max-video-preview:-1\" \/>\n<link rel=\"canonical\" href=\"https:\/\/longchangchemical.com\/tr\/product\/sodium-molybdate-cas-7631-95-0\/\" \/>\n<meta property=\"og:locale\" content=\"tr_TR\" \/>\n<meta property=\"og:type\" content=\"article\" \/>\n<meta property=\"og:title\" content=\"China Sodium molybdate Manufacturer \/ Disodium molybdate supplier CAS 7631-95-0 - Longchang Chemical\" \/>\n<meta property=\"og:description\" content=\"Sodium molybdate Used in the manufacture of alkaloids, dyestuffs, fertilisers, pigments, catalysts, flame retardants and metal inhibitors for pollution-free cooling water systems, as well as in galvanising polish and chemical reagents.\" \/>\n<meta property=\"og:url\" content=\"https:\/\/longchangchemical.com\/tr\/product\/sodium-molybdate-cas-7631-95-0\/\" \/>\n<meta property=\"og:site_name\" content=\"Longchang Chemical\" \/>\n<meta property=\"article:modified_time\" content=\"2025-12-17T02:56:24+00:00\" \/>\n<meta property=\"og:image\" content=\"https:\/\/longchangchemical.com\/wp-content\/uploads\/2024\/02\/Sodium-molybdate-Disodium-molybdate-CAS-7631-95-0.jpg\" \/>\n\t<meta property=\"og:image:width\" content=\"800\" \/>\n\t<meta property=\"og:image:height\" content=\"800\" \/>\n\t<meta property=\"og:image:type\" content=\"image\/jpeg\" \/>\n<meta name=\"twitter:card\" content=\"summary_large_image\" \/>\n<script type=\"application\/ld+json\" class=\"yoast-schema-graph\">{\"@context\":\"https:\/\/schema.org\",\"@graph\":[{\"@type\":\"WebPage\",\"@id\":\"https:\/\/longchangchemical.com\/product\/sodium-molybdate-cas-7631-95-0\/\",\"url\":\"https:\/\/longchangchemical.com\/product\/sodium-molybdate-cas-7631-95-0\/\",\"name\":\"China Sodium molybdate Manufacturer \/ Disodium molybdate supplier CAS 7631-95-0 - Longchang Chemical\",\"isPartOf\":{\"@id\":\"https:\/\/longchangchemical.com\/#website\"},\"primaryImageOfPage\":{\"@id\":\"https:\/\/longchangchemical.com\/product\/sodium-molybdate-cas-7631-95-0\/#primaryimage\"},\"image\":{\"@id\":\"https:\/\/longchangchemical.com\/product\/sodium-molybdate-cas-7631-95-0\/#primaryimage\"},\"thumbnailUrl\":\"https:\/\/longchangchemical.com\/wp-content\/uploads\/2024\/02\/Sodium-molybdate-Disodium-molybdate-CAS-7631-95-0.jpg\",\"datePublished\":\"2024-02-05T08:03:22+00:00\",\"dateModified\":\"2025-12-17T02:56:24+00:00\",\"description\":\"Sodium molybdate Used in the manufacture of alkaloids, dyestuffs, fertilisers, pigments, catalysts, flame retardants and metal inhibitors for pollution-free cooling water systems, as well as in galvanising polish and chemical reagents.\",\"breadcrumb\":{\"@id\":\"https:\/\/longchangchemical.com\/product\/sodium-molybdate-cas-7631-95-0\/#breadcrumb\"},\"inLanguage\":\"tr\",\"potentialAction\":[{\"@type\":\"ReadAction\",\"target\":[\"https:\/\/longchangchemical.com\/product\/sodium-molybdate-cas-7631-95-0\/\"]}]},{\"@type\":\"ImageObject\",\"inLanguage\":\"tr\",\"@id\":\"https:\/\/longchangchemical.com\/product\/sodium-molybdate-cas-7631-95-0\/#primaryimage\",\"url\":\"https:\/\/longchangchemical.com\/wp-content\/uploads\/2024\/02\/Sodium-molybdate-Disodium-molybdate-CAS-7631-95-0.jpg\",\"contentUrl\":\"https:\/\/longchangchemical.com\/wp-content\/uploads\/2024\/02\/Sodium-molybdate-Disodium-molybdate-CAS-7631-95-0.jpg\",\"width\":800,\"height\":800},{\"@type\":\"BreadcrumbList\",\"@id\":\"https:\/\/longchangchemical.com\/product\/sodium-molybdate-cas-7631-95-0\/#breadcrumb\",\"itemListElement\":[{\"@type\":\"ListItem\",\"position\":1,\"name\":\"Home\",\"item\":\"https:\/\/longchangchemical.com\/\"},{\"@type\":\"ListItem\",\"position\":2,\"name\":\"Products Longchang\",\"item\":\"https:\/\/longchangchemical.com\/product\/\"},{\"@type\":\"ListItem\",\"position\":3,\"name\":\"Sodium molybdate \/ Disodium molybdate CAS 7631-95-0\"}]},{\"@type\":\"WebSite\",\"@id\":\"https:\/\/longchangchemical.com\/#website\",\"url\":\"https:\/\/longchangchemical.com\/\",\"name\":\"Longchang Chemical\",\"description\":\"China chemical manufacturer \uff06 supplier\",\"publisher\":{\"@id\":\"https:\/\/longchangchemical.com\/#organization\"},\"potentialAction\":[{\"@type\":\"SearchAction\",\"target\":{\"@type\":\"EntryPoint\",\"urlTemplate\":\"https:\/\/longchangchemical.com\/?s={search_term_string}\"},\"query-input\":{\"@type\":\"PropertyValueSpecification\",\"valueRequired\":true,\"valueName\":\"search_term_string\"}}],\"inLanguage\":\"tr\"},{\"@type\":\"Organization\",\"@id\":\"https:\/\/longchangchemical.com\/#organization\",\"name\":\"Longchang Chemical\",\"url\":\"https:\/\/longchangchemical.com\/\",\"logo\":{\"@type\":\"ImageObject\",\"inLanguage\":\"tr\",\"@id\":\"https:\/\/longchangchemical.com\/#\/schema\/logo\/image\/\",\"url\":\"https:\/\/longchangchemical.com\/wp-content\/uploads\/2020\/08\/cropped-longchang-logo.png\",\"contentUrl\":\"https:\/\/longchangchemical.com\/wp-content\/uploads\/2020\/08\/cropped-longchang-logo.png\",\"width\":512,\"height\":512,\"caption\":\"Longchang Chemical\"},\"image\":{\"@id\":\"https:\/\/longchangchemical.com\/#\/schema\/logo\/image\/\"}}]}<\/script>\n<!-- \/ Yoast SEO plugin. -->","yoast_head_json":{"title":"\u00c7in Sodyum molibdat \u00dcretici \/ Disodyum molibdat tedarik\u00e7isi CAS 7631-95-0 - Longchang Chemical","description":"Sodyum molibdat Alkaloidler, boyar maddeler, g\u00fcbreler, pigmentler, kataliz\u00f6rler, alev geciktiriciler ve kirlilik i\u00e7ermeyen so\u011futma suyu sistemleri i\u00e7in metal inhibit\u00f6rlerinin yan\u0131 s\u0131ra galvaniz cilas\u0131 ve kimyasal reaktiflerin \u00fcretiminde kullan\u0131l\u0131r.","robots":{"index":"index","follow":"follow","max-snippet":"max-snippet:-1","max-image-preview":"max-image-preview:large","max-video-preview":"max-video-preview:-1"},"canonical":"https:\/\/longchangchemical.com\/tr\/product\/sodium-molybdate-cas-7631-95-0\/","og_locale":"tr_TR","og_type":"article","og_title":"China Sodium molybdate Manufacturer \/ Disodium molybdate supplier CAS 7631-95-0 - Longchang Chemical","og_description":"Sodium molybdate Used in the manufacture of alkaloids, dyestuffs, fertilisers, pigments, catalysts, flame retardants and metal inhibitors for pollution-free cooling water systems, as well as in galvanising polish and chemical reagents.","og_url":"https:\/\/longchangchemical.com\/tr\/product\/sodium-molybdate-cas-7631-95-0\/","og_site_name":"Longchang Chemical","article_modified_time":"2025-12-17T02:56:24+00:00","og_image":[{"width":800,"height":800,"url":"https:\/\/longchangchemical.com\/wp-content\/uploads\/2024\/02\/Sodium-molybdate-Disodium-molybdate-CAS-7631-95-0.jpg","type":"image\/jpeg"}],"twitter_card":"summary_large_image","schema":{"@context":"https:\/\/schema.org","@graph":[{"@type":"WebPage","@id":"https:\/\/longchangchemical.com\/product\/sodium-molybdate-cas-7631-95-0\/","url":"https:\/\/longchangchemical.com\/product\/sodium-molybdate-cas-7631-95-0\/","name":"\u00c7in Sodyum molibdat \u00dcretici \/ Disodyum molibdat tedarik\u00e7isi CAS 7631-95-0 - Longchang Chemical","isPartOf":{"@id":"https:\/\/longchangchemical.com\/#website"},"primaryImageOfPage":{"@id":"https:\/\/longchangchemical.com\/product\/sodium-molybdate-cas-7631-95-0\/#primaryimage"},"image":{"@id":"https:\/\/longchangchemical.com\/product\/sodium-molybdate-cas-7631-95-0\/#primaryimage"},"thumbnailUrl":"https:\/\/longchangchemical.com\/wp-content\/uploads\/2024\/02\/Sodium-molybdate-Disodium-molybdate-CAS-7631-95-0.jpg","datePublished":"2024-02-05T08:03:22+00:00","dateModified":"2025-12-17T02:56:24+00:00","description":"Sodyum molibdat Alkaloidler, boyar maddeler, g\u00fcbreler, pigmentler, kataliz\u00f6rler, alev geciktiriciler ve kirlilik i\u00e7ermeyen so\u011futma suyu sistemleri i\u00e7in metal inhibit\u00f6rlerinin yan\u0131 s\u0131ra galvaniz cilas\u0131 ve kimyasal reaktiflerin \u00fcretiminde kullan\u0131l\u0131r.","breadcrumb":{"@id":"https:\/\/longchangchemical.com\/product\/sodium-molybdate-cas-7631-95-0\/#breadcrumb"},"inLanguage":"tr","potentialAction":[{"@type":"ReadAction","target":["https:\/\/longchangchemical.com\/product\/sodium-molybdate-cas-7631-95-0\/"]}]},{"@type":"ImageObject","inLanguage":"tr","@id":"https:\/\/longchangchemical.com\/product\/sodium-molybdate-cas-7631-95-0\/#primaryimage","url":"https:\/\/longchangchemical.com\/wp-content\/uploads\/2024\/02\/Sodium-molybdate-Disodium-molybdate-CAS-7631-95-0.jpg","contentUrl":"https:\/\/longchangchemical.com\/wp-content\/uploads\/2024\/02\/Sodium-molybdate-Disodium-molybdate-CAS-7631-95-0.jpg","width":800,"height":800},{"@type":"BreadcrumbList","@id":"https:\/\/longchangchemical.com\/product\/sodium-molybdate-cas-7631-95-0\/#breadcrumb","itemListElement":[{"@type":"ListItem","position":1,"name":"Home","item":"https:\/\/longchangchemical.com\/"},{"@type":"ListItem","position":2,"name":"Products Longchang","item":"https:\/\/longchangchemical.com\/product\/"},{"@type":"ListItem","position":3,"name":"Sodium molybdate \/ Disodium molybdate CAS 7631-95-0"}]},{"@type":"WebSite","@id":"https:\/\/longchangchemical.com\/#website","url":"https:\/\/longchangchemical.com\/","name":"Longchang Kimya","description":"\u00c7in kimyasal \u00fcreticisi \uff06 tedarik\u00e7isi","publisher":{"@id":"https:\/\/longchangchemical.com\/#organization"},"potentialAction":[{"@type":"SearchAction","target":{"@type":"EntryPoint","urlTemplate":"https:\/\/longchangchemical.com\/?s={search_term_string}"},"query-input":{"@type":"PropertyValueSpecification","valueRequired":true,"valueName":"search_term_string"}}],"inLanguage":"tr"},{"@type":"Organization","@id":"https:\/\/longchangchemical.com\/#organization","name":"Longchang Kimya","url":"https:\/\/longchangchemical.com\/","logo":{"@type":"ImageObject","inLanguage":"tr","@id":"https:\/\/longchangchemical.com\/#\/schema\/logo\/image\/","url":"https:\/\/longchangchemical.com\/wp-content\/uploads\/2020\/08\/cropped-longchang-logo.png","contentUrl":"https:\/\/longchangchemical.com\/wp-content\/uploads\/2020\/08\/cropped-longchang-logo.png","width":512,"height":512,"caption":"Longchang Chemical"},"image":{"@id":"https:\/\/longchangchemical.com\/#\/schema\/logo\/image\/"}}]}},"_links":{"self":[{"href":"https:\/\/longchangchemical.com\/tr\/wp-json\/wp\/v2\/product\/6595","targetHints":{"allow":["GET"]}}],"collection":[{"href":"https:\/\/longchangchemical.com\/tr\/wp-json\/wp\/v2\/product"}],"about":[{"href":"https:\/\/longchangchemical.com\/tr\/wp-json\/wp\/v2\/types\/product"}],"replies":[{"embeddable":true,"href":"https:\/\/longchangchemical.com\/tr\/wp-json\/wp\/v2\/comments?post=6595"}],"wp:featuredmedia":[{"embeddable":true,"href":"https:\/\/longchangchemical.com\/tr\/wp-json\/wp\/v2\/media\/6715"}],"wp:attachment":[{"href":"https:\/\/longchangchemical.com\/tr\/wp-json\/wp\/v2\/media?parent=6595"}],"wp:term":[{"taxonomy":"product_brand","embeddable":true,"href":"https:\/\/longchangchemical.com\/tr\/wp-json\/wp\/v2\/product_brand?post=6595"},{"taxonomy":"product_cat","embeddable":true,"href":"https:\/\/longchangchemical.com\/tr\/wp-json\/wp\/v2\/product_cat?post=6595"},{"taxonomy":"product_tag","embeddable":true,"href":"https:\/\/longchangchemical.com\/tr\/wp-json\/wp\/v2\/product_tag?post=6595"}],"curies":[{"name":"wp","href":"https:\/\/api.w.org\/{rel}","templated":true}]}}