{"id":6582,"date":"2024-02-05T06:12:11","date_gmt":"2024-02-05T06:12:11","guid":{"rendered":"https:\/\/longchangchemical.com\/?post_type=product&#038;p=6582"},"modified":"2026-05-08T03:00:01","modified_gmt":"2026-05-08T03:00:01","slug":"hmf-cas-67-47-0","status":"publish","type":"product","link":"https:\/\/longchangchemical.com\/tr\/product\/hmf-cas-67-47-0\/","title":{"rendered":"Hidroksimetilfurfural \/ HMF CAS 67-47-0"},"content":{"rendered":"<h2><strong>Hidroksimetilfurfural \/ HMF CAS 67-47-0<\/strong><\/h2>\n<p>5-Hidroksimetilfurfural \u00f6nemli bir kimyasal hammaddedir. Molek\u00fcl\u00fcnde bir aldehit grubu ve bir hidroksimetil grubu i\u00e7erir ve hidrojenasyon, oksidatif dehidrojenasyon, esterifikasyon, halojenasyon, polimerizasyon, hidroliz ve di\u011fer kimyasal reaksiyonlar yoluyla farmas\u00f6tikler, re\u00e7ineli plastikler, dizel yak\u0131t katk\u0131 maddeleri vb. dahil olmak \u00fczere bir\u00e7ok yararl\u0131 bile\u015fi\u011fin ve yeni polimer malzemenin sentezi i\u00e7in kullan\u0131labilir. \u00d6zellikle, furandikarboksilik asit bazl\u0131 biyobazl\u0131 PEF polyesterleri, petrol bazl\u0131 PET'ten (polietilen tereftalat) daha \u00fcst\u00fcn bir\u00e7ok \u00f6zellik g\u00f6stermi\u015ftir.<\/p>\n<p>&nbsp;<\/p>\n<p><strong><b>Standart<\/b><\/strong><\/p>\n<table>\n<tbody>\n<tr>\n<td width=\"189\">\u00d6\u011fe<\/td>\n<td width=\"264\">\u015eartname<\/td>\n<\/tr>\n<tr>\n<td width=\"189\">G\u00f6r\u00fcn\u00fc\u015f<\/td>\n<td width=\"264\">Kahverengi ve sar\u0131 kat\u0131<\/td>\n<\/tr>\n<tr>\n<td width=\"189\">Erime noktas\u0131<\/td>\n<td width=\"264\">28-34 \u00b0C<\/td>\n<\/tr>\n<tr>\n<td width=\"189\">Kaynama noktas\u0131<\/td>\n<td width=\"264\">1 mm Hg'de 114-116 \u00b0C<\/td>\n<\/tr>\n<tr>\n<td width=\"189\">Yo\u011funluk<\/td>\n<td width=\"264\">25 \u00b0C'de 1,243 g\/mL<\/td>\n<\/tr>\n<\/tbody>\n<\/table>\n<p><strong><b>\u00a0<\/b><\/strong><\/p>\n<p><strong>Uygulama: <\/strong><\/p>\n<p>Par\u00e7alanabilir plastik ambalajlarda, \u00f6zel fonksiyonel malzemelerde, y\u00fczey aktif maddelerde, aroma ve kokularda ve di\u011fer ince kimyasallar veya ila\u00e7 end\u00fcstrilerinde kullan\u0131labilir.<\/p>\n<p>&nbsp;<\/p>\n<p><strong><b>P<\/b><\/strong><strong><b>ackag<\/b><\/strong><strong><b>e<\/b><\/strong><strong><b>:<\/b><\/strong>25kgs\/Davul<\/p>\n<p><strong><b>\u00a0<\/b><\/strong><\/p>\n<p><strong><b>Depolama: <\/b><\/strong><\/p>\n<p>G\u00fc\u00e7l\u00fc nem emilimi ile hava, \u0131\u015f\u0131k ve \u0131s\u0131ya kar\u015f\u0131 hassast\u0131r.<\/p>\n<p>M\u00fch\u00fcrlenir ve d\u00fc\u015f\u00fck s\u0131cakl\u0131kta (&lt;0 \u2103) saklan\u0131r.<\/p>\n<h2><strong><b>\u015eimdi Bize Ula\u015f\u0131n!<\/b><\/strong><\/h2>\n<h4><strong><b>Fiyata ihtiyac\u0131n\u0131z varsa, l\u00fctfen a\u015fa\u011f\u0131daki forma ileti\u015fim bilgilerinizi doldurun, genellikle 24 saat i\u00e7inde sizinle ileti\u015fime ge\u00e7ece\u011fiz. Bana e-posta da g\u00f6nderebilirsiniz\u00a0<span style=\"color: #00ccff;\"><a style=\"color: #00ccff;\" href=\"mailto:info@longchangchemical.com\">info@longchangchemical.com<\/a>\u00a0<\/span>\u00c7al\u0131\u015fma saatleri i\u00e7inde (8:30 - 6:00 UTC+8 Pzt.~Sat.) veya h\u0131zl\u0131 yan\u0131t almak i\u00e7in web sitesi canl\u0131 sohbetini kullan\u0131n.<\/b><\/strong><\/h4>\n<p>&nbsp;<\/p>\n<p><!--more--><\/p>\n<p>\u00c7evrenin Korunmas\u0131nda Kataliz\u00f6rlerin Uygulanmas\u0131na \u0130li\u015fkin Ara\u015ft\u0131rmalarda \u0130lerleme<\/p>\n<p>1. \u00c7evre Koruma Kataliz\u00f6rlerinin Tan\u0131m\u0131 \u00c7evre koruma kataliz\u00f6rleri, zehirli ve tehlikeli maddeleri do\u011frudan veya dolayl\u0131 bir \u015fekilde ar\u0131tarak, zarars\u0131z hale getirerek veya azaltarak \u00e7evredeki ortam\u0131 korumak ve iyile\u015ftirmek amac\u0131yla kullan\u0131lan kataliz\u00f6rleri ifade eder. \u00c7evre koruma kataliz\u00f6rlerinin kapsam\u0131, zararl\u0131 yan \u00fcr\u00fcnler \u00fcretmek istemeyen veya \u00fcretmeyen katalitik sentez s\u00fcre\u00e7leri de dahil olmak \u00fczere geni\u015f anlamda \u00e7evre korumaya faydal\u0131 olan t\u00fcm kataliz\u00f6rler olarak d\u00fc\u015f\u00fcn\u00fclebilir; dar anlamda ise sera etkisinin iyile\u015ftirilmesi, ozon tabakas\u0131n\u0131n incelmesi, asit ya\u011fmurlar\u0131n\u0131n kapsam\u0131n\u0131n geni\u015fletilmesi ve su k\u00fctlelerinin kirlenmesi ile ilgili kataliz\u00f6r t\u00fcrleridir. \u00c7evresel kataliz\u00f6rler do\u011frudan ve dolayl\u0131 olarak ikiye ayr\u0131l\u0131r. \u00d6rne\u011fin, egzoz gaz\u0131ndan azot oksitleri (NOX) uzakla\u015ft\u0131rmak i\u00e7in kullan\u0131lan kataliz\u00f6r do\u011frudan olana aittir; ve yanma s\u00fcrecinde NOX \u00fcretimini engellemek i\u00e7in kullan\u0131lan kataliz\u00f6r dolayl\u0131 olana aittir.<\/p>\n<p>2.1 Az yakan ara\u00e7lar i\u00e7in kataliz\u00f6rler Dizel motorlar az yakma ko\u015fullar\u0131 alt\u0131nda \u00e7al\u0131\u015ft\u0131r\u0131ld\u0131\u011f\u0131nda, benzinli motorlar\u0131n hava-yak\u0131t oran\u0131 (havan\u0131n yak\u0131ta oran\u0131) 17:1'den b\u00fcy\u00fck, hatta daha y\u00fcksektir. Bu durumda motor g\u00fcc\u00fc performans\u0131 b\u00fcy\u00fck \u00f6l\u00e7\u00fcde iyile\u015ftirilebilir ve CO, hidrokarbon ve CO2 emisyonlar\u0131 azalt\u0131labilir, ancak NOx emisyonlar\u0131 b\u00fcy\u00fck \u00f6l\u00e7\u00fcde artar. \u015eu anda pop\u00fcler olan \u00fc\u00e7 etkili de\u011ferli metal kataliz\u00f6rler i\u00e7in, bu kadar y\u00fcksek bir hava-yak\u0131t oran\u0131 normal \u00e7al\u0131\u015fma aral\u0131\u011f\u0131n\u0131n \u00f6tesindedir, bu nedenle NOx'in azalt\u0131lmas\u0131n\u0131 etkili bir \u015fekilde iyile\u015ftiremez. Bu nedenle, zay\u0131f ko\u015fullar alt\u0131nda NOx d\u00f6n\u00fc\u015f\u00fcm\u00fcn\u00fc iyile\u015ftirebilecek yeni otomotiv kataliz\u00f6rleri geli\u015ftirilmelidir ve NOx'in zay\u0131f ko\u015fullar alt\u0131nda katalitik olarak azalt\u0131lmas\u0131 ara\u015ft\u0131rmac\u0131lar\u0131n ilgisini \u00e7ekmi\u015ftir. Bu kataliz\u00f6r ba\u015far\u0131l\u0131 bir \u015fekilde ara\u015ft\u0131r\u0131ld\u0131\u011f\u0131nda, dizel motorlu ara\u00e7larda ve ya\u011f bak\u0131m\u0131ndan fakir benzinli motorlarda yayg\u0131n olarak kullan\u0131lacakt\u0131r.<\/p>\n<p>2.2 Baca gaz\u0131 des\u00fclf\u00fcrizasyonu \u00fczerine ara\u015ft\u0131rma Baca gaz\u0131 des\u00fclf\u00fcrizasyonu i\u00e7in en iyi y\u00f6ntem SO2'nin elementel s\u00fclf\u00fcre se\u00e7ici katalitik indirgenmesidir. Bu y\u00f6ntem sadece baca gaz\u0131ndaki SO2 kirlili\u011finin kayna\u011f\u0131n\u0131 ortadan kald\u0131rmakla kalmaz, ayn\u0131 zamanda \u00fcr\u00fcn\u00fc, yani sadece ta\u015f\u0131nmas\u0131 kolay de\u011fil ayn\u0131 zamanda yeniden kullan\u0131labilen kat\u0131 elementel s\u00fclf\u00fcr\u00fc de geri kazan\u0131r. \u015eu anda, SO2'nin elementel s\u00fclf\u00fcre se\u00e7ici katalitik indirgenmesi y\u00f6ntemlerinin \u00e7o\u011fu ara\u015ft\u0131rma a\u015famas\u0131ndad\u0131r. Sorunlar, baca gaz\u0131ndaki fazla oksijenin indirgeme i\u015flemine kar\u0131\u015fmas\u0131 ve kataliz\u00f6r\u00fcn zehirlenmesidir.<\/p>\n<p>2.3 Y\u00fcksek konsantrasyonlu bozunmayan organik at\u0131k sular\u0131n katalitik oksidasyonla ar\u0131t\u0131lmas\u0131 \u0130la\u00e7, kimya ve boya end\u00fcstrilerinin geli\u015fmesiyle birlikte, kirleticilerin y\u00fcksek toksisitesi, y\u00fcksek kirletici konsantrasyonu, biyolojik olarak bozunmas\u0131 zor ve y\u00fcksek inorganik tuz i\u00e7eri\u011fi ile karakterize edilen y\u00fcksek konsantrasyonlu bozunmayan at\u0131k sular giderek daha fazla ortaya \u00e7\u0131kmaktad\u0131r. Bu t\u00fcr at\u0131k sular\u0131 ar\u0131tmak i\u00e7in en etkili y\u00f6ntemlerden biri kimyasal oksidasyondur. \u015eu anda, y\u00fcksek verimli \u0131slak katalitik oksidasyon teknolojisi pop\u00fcler bir ara\u015ft\u0131rma konusudur. Bu y\u00f6ntem, at\u0131k suyun biyokimyas\u0131n\u0131 iyile\u015ftirmek i\u00e7in sudaki organik kirleticileri do\u011frudan oksitleyebilir veya sudaki b\u00fcy\u00fck molek\u00fcll\u00fc organik kirleticileri k\u00fc\u00e7\u00fck molek\u00fcll\u00fc organik kirleticilere oksitleyebilir. Biyokimyasal ar\u0131tma ile sudaki organik kirleticiler daha iyi giderilebilir. Bu y\u00f6ntem genellikle organik kirleticilerin katalitik oksidasyonunu artt\u0131rmak i\u00e7in kullan\u0131l\u0131r oksidanlar kullan\u0131labilir: hava, hidrojen peroksit, ozon, sodyum hipoklorit ve klor dioksit ve di\u011fer oksidanlar. Bu y\u00f6ntemin anahtar\u0131, y\u00fcksek verimli homojen olmayan oksidasyon kataliz\u00f6rlerinin geli\u015ftirilmesidir.<\/p>\n<p>2.4 \u00c7evre koruma kataliz\u00f6rlerinin t\u00fcrleri ve mevcut durumda kullan\u0131m\u0131 Yery\u00fcz\u00fcnde bir\u00e7ok \u00e7evre sorunu vard\u0131r ve \u015fu anda acilen \u00e7\u00f6z\u00fclmesi gereken sorunlar \u015funlard\u0131r: sera etkisi, ozon tabakas\u0131n\u0131n tahrip olmas\u0131, asit ya\u011fmurlar\u0131n\u0131n kapsam\u0131n\u0131n geni\u015flemesi, a\u011f\u0131r metallerin ve di\u011fer \u00e7evre kirleticilerin emisyonu, tropikal ya\u011fmur ormanlar\u0131n\u0131n azalmas\u0131 ve topra\u011f\u0131n \u00e7\u00f6lle\u015fmesi vb. Bunlardan ilk \u00fc\u00e7\u00fc d\u00fcnyadaki en \u00f6nemli sorunlard\u0131r. Bu sorunlar\u0131n ilk \u00fc\u00e7\u00fc atmosfere sal\u0131nan kimyasal maddelerden kaynaklanmaktad\u0131r. \u00d6rne\u011fin, karbondioksit (CO2), metan (CH4) ve azot oksit (N2O) sera etkisi ile ilgilidir, Freon ve N2O ozon tabakas\u0131n\u0131 tahrip eder ve k\u00fck\u00fcrt dioksit (SO2) ve NOX asit ya\u011fmuru ve fotokimyasal smog olu\u015fumunda ana fakt\u00f6rlerdir ve bunlar esas olarak kimyasal y\u00f6ntemlerle ortadan kald\u0131r\u0131labilir veya azalt\u0131labilir. Yukar\u0131daki kirleticilerin emisyon s\u00fcrecinde yer alan reaktan miktar\u0131n\u0131n d\u00fc\u015f\u00fck olmas\u0131, reaksiyon s\u0131cakl\u0131\u011f\u0131n\u0131n \u00e7ok y\u00fcksek veya \u00e7ok d\u00fc\u015f\u00fck olmas\u0131 ve reaktanlar ile kataliz\u00f6r aras\u0131ndaki temas s\u00fcresinin \u00f6zellikle k\u0131sa olmas\u0131 vb. nedenlerle, di\u011fer kimyasal reaksiyonlarda kullan\u0131lan kataliz\u00f6rlerle kar\u015f\u0131la\u015ft\u0131r\u0131ld\u0131\u011f\u0131nda \u00e7evresel kataliz\u00f6rlerin \u00fcretimi daha zordur ve kataliz\u00f6rlerin aktivitesi, se\u00e7icili\u011fi ve dayan\u0131kl\u0131l\u0131\u011f\u0131 konusunda daha y\u00fcksek gereksinimleri vard\u0131r.<\/p>\n<p>2.5 Yeni \u00c7evre Koruma Kataliz\u00f6rleri<\/p>\n<p>2.5.1 Silikat Malzemeler Montmorillonit gibi do\u011fal kil, molek\u00fcler elek benzeri bir yap\u0131ya sahiptir ve kanalizasyondaki a\u011f\u0131r metal iyonlar\u0131n\u0131n ar\u0131t\u0131lmas\u0131 i\u00e7in bir kataliz\u00f6r ta\u015f\u0131y\u0131c\u0131 ve iyi bir adsorband\u0131r. Otomobil egzoz ar\u0131t\u0131m\u0131, baca gaz\u0131 des\u00fclf\u00fcrizasyonu, denitrifikasyon ve organik at\u0131k gaz\u0131n katalitik yanmas\u0131 gibi \u00e7evre koruma kataliz\u00f6rlerinin ta\u015f\u0131y\u0131c\u0131s\u0131 olarak yayg\u0131n \u015fekilde kullan\u0131lmaktad\u0131r.<\/p>\n<p>2.5.2 TiO2, genellikle kataliz\u00f6r ta\u015f\u0131y\u0131c\u0131 olarak kullan\u0131lan, iyi \u0131\u015f\u0131\u011fa duyarl\u0131 iletkenli\u011fe sahip N tipi bir yar\u0131 iletkendir. Art\u0131k TiO2 fotokataliz\u00f6r ve elektrot kataliz\u00f6r\u00fc olarak yayg\u0131n bir \u015fekilde kullan\u0131lmaktad\u0131r. Aktif TiO2 ile kaplanm\u0131\u015f kendi kendini temizleyen cam, fayans, mobilya ve perde bezi, g\u00fcne\u015f \u0131\u015f\u0131\u011f\u0131 ve \u0131\u015f\u0131k \u0131\u015f\u0131n\u0131m\u0131 alt\u0131nda i\u00e7 mekan havas\u0131n\u0131 otomatik olarak katalize eder ve temizler.<\/p>\n<p>2.5.3 Biyokatalitik s\u00fcre\u00e7 genellikle hammadde olarak toksik olmayan ve zarars\u0131z biyolojik materyallere dayan\u0131r, bunlar oda s\u0131cakl\u0131\u011f\u0131nda ve bas\u0131n\u00e7ta reaksiyona sokulabilir ve s\u00fcre\u00e7 basittir. Biyokataliz\u00f6rler, y\u00fcksek d\u00f6n\u00fc\u015f\u00fcm oranlar\u0131, y\u00fcksek \u00f6zg\u00fcll\u00fckleri, d\u00fc\u015f\u00fck yan \u00fcr\u00fcnleri ve tekrarlanan kullan\u0131mlar\u0131 nedeniyle ideal ye\u015fil kataliz\u00f6rlerdir. 2.5.4 Oda s\u0131cakl\u0131\u011f\u0131ndaki iyonik s\u0131v\u0131 hem asit kataliz\u00f6r\u00fc hem de ye\u015fil bir \u00e7\u00f6z\u00fcc\u00fc olarak kullan\u0131labilir. Kolay \u00fcretim, d\u00fc\u015f\u00fck toksisite, d\u00fc\u015f\u00fck fiyat, yan\u0131c\u0131 olmama, ayarlanabilir performans vb. avantajlar\u0131 ile kimya end\u00fcstrisinde bir devrime neden olma potansiyeline ve end\u00fcstriyel uygulama i\u00e7in iyi beklentilere sahip \u00e7evre dostu bir kataliz\u00f6r olaca\u011f\u0131 tahmin edilmektedir.<\/p>","protected":false},"excerpt":{"rendered":"<p><strong>Kimyasal Ad\u0131:<\/strong>\u00a05-Hidroksimetilfurfural<\/p>\n<p><strong>E\u015fanlaml\u0131: <\/strong>5-(Hidroksimetil)-2-furaldehit, HMF<\/p>\n<p><strong>CAS No:<\/strong>\u00a067-47-0<\/p>\n<p><strong>MF<\/strong>: C6H6O3\u00a0 <strong>MW<\/strong><strong>: <\/strong>126.11<\/p>\n<p>&nbsp;<\/p>","protected":false},"featured_media":6721,"comment_status":"open","ping_status":"closed","template":"","meta":[],"product_brand":[],"product_cat":[69],"product_tag":[],"class_list":{"0":"post-6582","1":"product","2":"type-product","3":"status-publish","4":"has-post-thumbnail","6":"product_cat-catalysts-chemical-auxiliary-agents","8":"first","9":"instock","10":"shipping-taxable","11":"product-type-simple"},"yoast_head":"<!-- This site is optimized with the Yoast SEO plugin v25.3.1 - https:\/\/yoast.com\/wordpress\/plugins\/seo\/ -->\n<title>China Hydroxymethylfurfural Manufacturer \/ HMF supplier CAS 67-47-0 - Longchang Chemical<\/title>\n<meta name=\"description\" content=\"5-HMF is an organic compound derived from dehydration of certain sugars (hexoses). This yellow, low-melting solid is highly water-soluble. Buy 5-HMF from Longchang Chemical.\" \/>\n<meta name=\"robots\" content=\"index, follow, max-snippet:-1, max-image-preview:large, max-video-preview:-1\" \/>\n<link rel=\"canonical\" href=\"https:\/\/longchangchemical.com\/tr\/product\/hmf-cas-67-47-0\/\" \/>\n<meta property=\"og:locale\" content=\"tr_TR\" \/>\n<meta property=\"og:type\" content=\"article\" \/>\n<meta property=\"og:title\" content=\"China Hydroxymethylfurfural Manufacturer \/ HMF supplier CAS 67-47-0 - Longchang Chemical\" \/>\n<meta property=\"og:description\" content=\"5-HMF is an organic compound derived from dehydration of certain sugars (hexoses). This yellow, low-melting solid is highly water-soluble. Buy 5-HMF from Longchang Chemical.\" \/>\n<meta property=\"og:url\" content=\"https:\/\/longchangchemical.com\/tr\/product\/hmf-cas-67-47-0\/\" \/>\n<meta property=\"og:site_name\" content=\"Longchang Chemical\" \/>\n<meta property=\"article:modified_time\" content=\"2026-05-08T03:00:01+00:00\" \/>\n<meta property=\"og:image\" content=\"https:\/\/longchangchemical.com\/wp-content\/uploads\/2024\/02\/Hydroxymethylfurfural-HMF-CAS-67-47-0.jpg\" \/>\n\t<meta property=\"og:image:width\" content=\"800\" \/>\n\t<meta property=\"og:image:height\" content=\"800\" \/>\n\t<meta property=\"og:image:type\" content=\"image\/jpeg\" \/>\n<meta name=\"twitter:card\" content=\"summary_large_image\" \/>\n<script type=\"application\/ld+json\" class=\"yoast-schema-graph\">{\"@context\":\"https:\/\/schema.org\",\"@graph\":[{\"@type\":\"WebPage\",\"@id\":\"https:\/\/longchangchemical.com\/product\/hmf-cas-67-47-0\/\",\"url\":\"https:\/\/longchangchemical.com\/product\/hmf-cas-67-47-0\/\",\"name\":\"China Hydroxymethylfurfural Manufacturer \/ HMF supplier CAS 67-47-0 - Longchang Chemical\",\"isPartOf\":{\"@id\":\"https:\/\/longchangchemical.com\/#website\"},\"primaryImageOfPage\":{\"@id\":\"https:\/\/longchangchemical.com\/product\/hmf-cas-67-47-0\/#primaryimage\"},\"image\":{\"@id\":\"https:\/\/longchangchemical.com\/product\/hmf-cas-67-47-0\/#primaryimage\"},\"thumbnailUrl\":\"https:\/\/longchangchemical.com\/wp-content\/uploads\/2024\/02\/Hydroxymethylfurfural-HMF-CAS-67-47-0.jpg\",\"datePublished\":\"2024-02-05T06:12:11+00:00\",\"dateModified\":\"2026-05-08T03:00:01+00:00\",\"description\":\"5-HMF is an organic compound derived from dehydration of certain sugars (hexoses). This yellow, low-melting solid is highly water-soluble. Buy 5-HMF from Longchang Chemical.\",\"breadcrumb\":{\"@id\":\"https:\/\/longchangchemical.com\/product\/hmf-cas-67-47-0\/#breadcrumb\"},\"inLanguage\":\"tr\",\"potentialAction\":[{\"@type\":\"ReadAction\",\"target\":[\"https:\/\/longchangchemical.com\/product\/hmf-cas-67-47-0\/\"]}]},{\"@type\":\"ImageObject\",\"inLanguage\":\"tr\",\"@id\":\"https:\/\/longchangchemical.com\/product\/hmf-cas-67-47-0\/#primaryimage\",\"url\":\"https:\/\/longchangchemical.com\/wp-content\/uploads\/2024\/02\/Hydroxymethylfurfural-HMF-CAS-67-47-0.jpg\",\"contentUrl\":\"https:\/\/longchangchemical.com\/wp-content\/uploads\/2024\/02\/Hydroxymethylfurfural-HMF-CAS-67-47-0.jpg\",\"width\":800,\"height\":800},{\"@type\":\"BreadcrumbList\",\"@id\":\"https:\/\/longchangchemical.com\/product\/hmf-cas-67-47-0\/#breadcrumb\",\"itemListElement\":[{\"@type\":\"ListItem\",\"position\":1,\"name\":\"Home\",\"item\":\"https:\/\/longchangchemical.com\/\"},{\"@type\":\"ListItem\",\"position\":2,\"name\":\"Products Longchang\",\"item\":\"https:\/\/longchangchemical.com\/product\/\"},{\"@type\":\"ListItem\",\"position\":3,\"name\":\"Hydroxymethylfurfural \/ HMF CAS 67-47-0\"}]},{\"@type\":\"WebSite\",\"@id\":\"https:\/\/longchangchemical.com\/#website\",\"url\":\"https:\/\/longchangchemical.com\/\",\"name\":\"Longchang Chemical\",\"description\":\"China chemical manufacturer \uff06 supplier\",\"publisher\":{\"@id\":\"https:\/\/longchangchemical.com\/#organization\"},\"potentialAction\":[{\"@type\":\"SearchAction\",\"target\":{\"@type\":\"EntryPoint\",\"urlTemplate\":\"https:\/\/longchangchemical.com\/?s={search_term_string}\"},\"query-input\":{\"@type\":\"PropertyValueSpecification\",\"valueRequired\":true,\"valueName\":\"search_term_string\"}}],\"inLanguage\":\"tr\"},{\"@type\":\"Organization\",\"@id\":\"https:\/\/longchangchemical.com\/#organization\",\"name\":\"Longchang Chemical\",\"url\":\"https:\/\/longchangchemical.com\/\",\"logo\":{\"@type\":\"ImageObject\",\"inLanguage\":\"tr\",\"@id\":\"https:\/\/longchangchemical.com\/#\/schema\/logo\/image\/\",\"url\":\"https:\/\/longchangchemical.com\/wp-content\/uploads\/2020\/08\/cropped-longchang-logo.png\",\"contentUrl\":\"https:\/\/longchangchemical.com\/wp-content\/uploads\/2020\/08\/cropped-longchang-logo.png\",\"width\":512,\"height\":512,\"caption\":\"Longchang Chemical\"},\"image\":{\"@id\":\"https:\/\/longchangchemical.com\/#\/schema\/logo\/image\/\"}}]}<\/script>\n<!-- \/ Yoast SEO plugin. -->","yoast_head_json":{"title":"\u00c7in Hidroksimetilfurfural \u00dcreticisi \/ HMF tedarik\u00e7isi CAS 67-47-0 - Longchang Chemical","description":"5-HMF, belirli \u015fekerlerin (heksozlar) dehidrasyonundan elde edilen organik bir bile\u015fiktir. Bu sar\u0131, d\u00fc\u015f\u00fck erime noktal\u0131 kat\u0131, suda y\u00fcksek oranda \u00e7\u00f6z\u00fcn\u00fcr. Longchang Chemical'dan 5-HMF sat\u0131n al\u0131n.","robots":{"index":"index","follow":"follow","max-snippet":"max-snippet:-1","max-image-preview":"max-image-preview:large","max-video-preview":"max-video-preview:-1"},"canonical":"https:\/\/longchangchemical.com\/tr\/product\/hmf-cas-67-47-0\/","og_locale":"tr_TR","og_type":"article","og_title":"China Hydroxymethylfurfural Manufacturer \/ HMF supplier CAS 67-47-0 - Longchang Chemical","og_description":"5-HMF is an organic compound derived from dehydration of certain sugars (hexoses). This yellow, low-melting solid is highly water-soluble. Buy 5-HMF from Longchang Chemical.","og_url":"https:\/\/longchangchemical.com\/tr\/product\/hmf-cas-67-47-0\/","og_site_name":"Longchang Chemical","article_modified_time":"2026-05-08T03:00:01+00:00","og_image":[{"width":800,"height":800,"url":"https:\/\/longchangchemical.com\/wp-content\/uploads\/2024\/02\/Hydroxymethylfurfural-HMF-CAS-67-47-0.jpg","type":"image\/jpeg"}],"twitter_card":"summary_large_image","schema":{"@context":"https:\/\/schema.org","@graph":[{"@type":"WebPage","@id":"https:\/\/longchangchemical.com\/product\/hmf-cas-67-47-0\/","url":"https:\/\/longchangchemical.com\/product\/hmf-cas-67-47-0\/","name":"\u00c7in Hidroksimetilfurfural \u00dcreticisi \/ HMF tedarik\u00e7isi CAS 67-47-0 - Longchang Chemical","isPartOf":{"@id":"https:\/\/longchangchemical.com\/#website"},"primaryImageOfPage":{"@id":"https:\/\/longchangchemical.com\/product\/hmf-cas-67-47-0\/#primaryimage"},"image":{"@id":"https:\/\/longchangchemical.com\/product\/hmf-cas-67-47-0\/#primaryimage"},"thumbnailUrl":"https:\/\/longchangchemical.com\/wp-content\/uploads\/2024\/02\/Hydroxymethylfurfural-HMF-CAS-67-47-0.jpg","datePublished":"2024-02-05T06:12:11+00:00","dateModified":"2026-05-08T03:00:01+00:00","description":"5-HMF, belirli \u015fekerlerin (heksozlar) dehidrasyonundan elde edilen organik bir bile\u015fiktir. Bu sar\u0131, d\u00fc\u015f\u00fck erime noktal\u0131 kat\u0131, suda y\u00fcksek oranda \u00e7\u00f6z\u00fcn\u00fcr. Longchang Chemical'dan 5-HMF sat\u0131n al\u0131n.","breadcrumb":{"@id":"https:\/\/longchangchemical.com\/product\/hmf-cas-67-47-0\/#breadcrumb"},"inLanguage":"tr","potentialAction":[{"@type":"ReadAction","target":["https:\/\/longchangchemical.com\/product\/hmf-cas-67-47-0\/"]}]},{"@type":"ImageObject","inLanguage":"tr","@id":"https:\/\/longchangchemical.com\/product\/hmf-cas-67-47-0\/#primaryimage","url":"https:\/\/longchangchemical.com\/wp-content\/uploads\/2024\/02\/Hydroxymethylfurfural-HMF-CAS-67-47-0.jpg","contentUrl":"https:\/\/longchangchemical.com\/wp-content\/uploads\/2024\/02\/Hydroxymethylfurfural-HMF-CAS-67-47-0.jpg","width":800,"height":800},{"@type":"BreadcrumbList","@id":"https:\/\/longchangchemical.com\/product\/hmf-cas-67-47-0\/#breadcrumb","itemListElement":[{"@type":"ListItem","position":1,"name":"Home","item":"https:\/\/longchangchemical.com\/"},{"@type":"ListItem","position":2,"name":"Products Longchang","item":"https:\/\/longchangchemical.com\/product\/"},{"@type":"ListItem","position":3,"name":"Hydroxymethylfurfural \/ HMF CAS 67-47-0"}]},{"@type":"WebSite","@id":"https:\/\/longchangchemical.com\/#website","url":"https:\/\/longchangchemical.com\/","name":"Longchang Kimya","description":"\u00c7in kimyasal \u00fcreticisi \uff06 tedarik\u00e7isi","publisher":{"@id":"https:\/\/longchangchemical.com\/#organization"},"potentialAction":[{"@type":"SearchAction","target":{"@type":"EntryPoint","urlTemplate":"https:\/\/longchangchemical.com\/?s={search_term_string}"},"query-input":{"@type":"PropertyValueSpecification","valueRequired":true,"valueName":"search_term_string"}}],"inLanguage":"tr"},{"@type":"Organization","@id":"https:\/\/longchangchemical.com\/#organization","name":"Longchang Kimya","url":"https:\/\/longchangchemical.com\/","logo":{"@type":"ImageObject","inLanguage":"tr","@id":"https:\/\/longchangchemical.com\/#\/schema\/logo\/image\/","url":"https:\/\/longchangchemical.com\/wp-content\/uploads\/2020\/08\/cropped-longchang-logo.png","contentUrl":"https:\/\/longchangchemical.com\/wp-content\/uploads\/2020\/08\/cropped-longchang-logo.png","width":512,"height":512,"caption":"Longchang Chemical"},"image":{"@id":"https:\/\/longchangchemical.com\/#\/schema\/logo\/image\/"}}]}},"_links":{"self":[{"href":"https:\/\/longchangchemical.com\/tr\/wp-json\/wp\/v2\/product\/6582","targetHints":{"allow":["GET"]}}],"collection":[{"href":"https:\/\/longchangchemical.com\/tr\/wp-json\/wp\/v2\/product"}],"about":[{"href":"https:\/\/longchangchemical.com\/tr\/wp-json\/wp\/v2\/types\/product"}],"replies":[{"embeddable":true,"href":"https:\/\/longchangchemical.com\/tr\/wp-json\/wp\/v2\/comments?post=6582"}],"wp:featuredmedia":[{"embeddable":true,"href":"https:\/\/longchangchemical.com\/tr\/wp-json\/wp\/v2\/media\/6721"}],"wp:attachment":[{"href":"https:\/\/longchangchemical.com\/tr\/wp-json\/wp\/v2\/media?parent=6582"}],"wp:term":[{"taxonomy":"product_brand","embeddable":true,"href":"https:\/\/longchangchemical.com\/tr\/wp-json\/wp\/v2\/product_brand?post=6582"},{"taxonomy":"product_cat","embeddable":true,"href":"https:\/\/longchangchemical.com\/tr\/wp-json\/wp\/v2\/product_cat?post=6582"},{"taxonomy":"product_tag","embeddable":true,"href":"https:\/\/longchangchemical.com\/tr\/wp-json\/wp\/v2\/product_tag?post=6582"}],"curies":[{"name":"wp","href":"https:\/\/api.w.org\/{rel}","templated":true}]}}