{"id":6360,"date":"2023-12-27T08:52:36","date_gmt":"2023-12-27T08:52:36","guid":{"rendered":"https:\/\/longchangchemical.com\/?post_type=product&#038;p=6360"},"modified":"2024-04-28T02:39:48","modified_gmt":"2024-04-28T02:39:48","slug":"sodium-pyroantimonate-cas-12507-68-5","status":"publish","type":"product","link":"https:\/\/longchangchemical.com\/tr\/product\/sodium-pyroantimonate-cas-12507-68-5\/","title":{"rendered":"Sodyum Pirantimonat CAS 12507-68-5"},"content":{"rendered":"<h1><strong>Sodyum Pirantimonat CAS 12507-68-5<\/strong><\/h1>\n<table>\n<tbody>\n<tr>\n<td width=\"189\">\u00d6\u011fe<\/td>\n<td width=\"264\">\u015eartname<\/td>\n<\/tr>\n<tr>\n<td width=\"189\">G\u00f6r\u00fcn\u00fc\u015f<\/td>\n<td width=\"264\">Beyaz g\u00fc\u00e7<\/td>\n<\/tr>\n<tr>\n<td width=\"189\">Sb(Sb2O3)<\/td>\n<td width=\"264\">58,4\u00b10,8%<\/td>\n<\/tr>\n<tr>\n<td width=\"189\">Na<sub>2<\/sub>O<\/td>\n<td width=\"264\">12-13%<\/td>\n<\/tr>\n<tr>\n<td width=\"189\">Fe<sub>2<\/sub>O<sub>3<\/sub><\/td>\n<td width=\"264\">\u22640,01%<\/td>\n<\/tr>\n<tr>\n<td width=\"189\">As<sub>2<\/sub>O<sub>3<\/sub><\/td>\n<td width=\"264\">\u22640,02%<\/td>\n<\/tr>\n<tr>\n<td width=\"189\">PbO<\/td>\n<td width=\"264\">\uff1c 0,10%<\/td>\n<\/tr>\n<tr>\n<td width=\"189\">Nem<\/td>\n<td width=\"264\">\u22640.30<\/td>\n<\/tr>\n<\/tbody>\n<\/table>\n<h2><strong>Sodyum Pyroantimonate Uygulama:<\/strong><\/h2>\n<p>Sodyum pirantimonat, antimonun inorganik bir tuz bile\u015fi\u011fidir, d\u00fc\u015f\u00fck toksisiteye sahiptir, antimon oksit gibi antimon \u00fcr\u00fcnlerinden alkali ve \u00fcretim yoluyla \u00fcretilir. G\u00f6r\u00fcn\u00fc\u015f beyaz tozdur, iki \u00e7e\u015fit gran\u00fcler kristalizasyon ve e\u015f eksenli kristalizasyon vard\u0131r. Erime noktas\u0131 1200 \u2103, kaynama noktas\u0131 1400 \u2103'dir. Tartarik asitte \u00e7\u00f6z\u00fcn\u00fcr, sodyum s\u00fclf\u00fcr \u00e7\u00f6zeltisi, konsantre, alkolde az \u00e7\u00f6z\u00fcn\u00fcr, amonyum tuzu, asetik asitte \u00e7\u00f6z\u00fcnmez, seyreltik alkali ve seyreltik inorganik asit, so\u011fuk suda \u00e7\u00f6z\u00fcnmez. \u0130yi kimyasal stabilite.<\/p>\n<p>Sodyum pirantimonat esas olarak fotovoltaik g\u00fcne\u015f cam\u0131, siyah beyaz ve renkli ekran t\u00fcp cam\u0131 i\u00e7in berrakla\u015ft\u0131r\u0131c\u0131 ve k\u00f6p\u00fck giderici ajan olarak kullan\u0131l\u0131r. Cam elyaf, m\u00fccevher cam\u0131, y\u00fcksek dereceli cam sofra tak\u0131m\u0131 ve di\u011fer y\u00fcksek dereceli cam ar\u0131t\u0131c\u0131 k\u00f6p\u00fck giderici ve daha yayg\u0131n olarak m\u00fchendislik termoplastiklerinde, alev geciktirici elektronik ekipman kabuklar\u0131, alev geciktirici arabalar, alev geciktirici teller gibi kau\u00e7uk alev geciktiricilerde kullan\u0131l\u0131r. Ayr\u0131ca tekstil, plastik ve yap\u0131 malzemeleri i\u00e7in alev geciktirici olarak kullan\u0131l\u0131r. D\u00fcnyada antimon oksit yerine ar\u0131nd\u0131r\u0131c\u0131 ajan olarak yayg\u0131n olarak kullan\u0131lmaktad\u0131r.<\/p>\n<p>Uluslararas\u0131 pazarda antimon oksit yerine alev geciktirici olarak yayg\u0131n bir \u015fekilde kullan\u0131lmaktad\u0131r. Daha m\u00fckemmel teknik performansa sahip oldu\u011fu bilimsel deneyler ve \u00fcretim ile do\u011frulanm\u0131\u015ft\u0131r. Daha m\u00fckemmel alev geciktiriciye sahip t\u00fcm polimerlerde kullan\u0131l\u0131r, daha d\u00fc\u015f\u00fck \u0131\u015f\u0131k geciktirici ve daha d\u00fc\u015f\u00fck renklendirme mukavemetine sahip doymu\u015f polyester ve m\u00fchendislik termoplastiklerinde kullan\u0131l\u0131r, hassas polimerlerde (\u00f6rne\u011fin PET) bir avantaj olan d\u00fc\u015f\u00fck reaktivite \u00f6zelliklerine sahiptir ve yayg\u0131n olarak kullan\u0131lan antimon oksit alev geciktirici, i\u015flem s\u00fcrecinde depolimerizasyona e\u011filimlidir.<\/p>\n<p>&nbsp;<\/p>\n<h2><strong><b>Sodyum Pirantimonat P<\/b><\/strong><strong><b>ackag<\/b><\/strong><strong><b>e<\/b><\/strong><\/h2>\n<p>25kgs\/torba; 1000kgs\/torba<\/p>\n<p><strong><b>\u00a0<\/b><\/strong><\/p>\n<h2><strong><b>Sodyum Pirantimonat Depolama: <\/b><\/strong><\/h2>\n<p>Nem ve ya\u011fmurdan korunur.<\/p>\n<p>Ta\u015f\u0131ma s\u0131ras\u0131nda ambalaj\u0131n k\u0131r\u0131lmas\u0131n\u0131 \u00f6nleyin.<\/p>\n<p>Kuru ve havaland\u0131r\u0131lm\u0131\u015f bir depoda saklay\u0131n.<\/p>","protected":false},"excerpt":{"rendered":"<p>Kimyasal Ad\u0131: Sodyum Pirantimonat<br \/>\nCAS No: 12507-68-5<br \/>\nMF: NaSb(OH)6 MW: 246,75<\/p>","protected":false},"featured_media":0,"comment_status":"open","ping_status":"closed","template":"","meta":[],"product_brand":[],"product_cat":[153],"product_tag":[],"class_list":{"0":"post-6360","1":"product","2":"type-product","3":"status-publish","5":"product_cat-Lcflare-flame-retardant","7":"first","8":"instock","9":"shipping-taxable","10":"product-type-simple"},"yoast_head":"<!-- This site is optimized with the Yoast SEO plugin v25.3.1 - https:\/\/yoast.com\/wordpress\/plugins\/seo\/ -->\n<title>China Sodium Pyroantimonate Manufacturer CAS 12507-68-5 - Longchang Chemical<\/title>\n<meta name=\"description\" content=\"Buy Sodium pyroantimonate cas 12507-68-5 from Longchang Chemical. leading Distributor supplier of Sodium tolyltriazole.\" \/>\n<meta name=\"robots\" content=\"index, follow, max-snippet:-1, max-image-preview:large, max-video-preview:-1\" \/>\n<link rel=\"canonical\" href=\"https:\/\/longchangchemical.com\/tr\/product\/sodium-pyroantimonate-cas-12507-68-5\/\" \/>\n<meta property=\"og:locale\" content=\"tr_TR\" \/>\n<meta property=\"og:type\" content=\"article\" \/>\n<meta property=\"og:title\" content=\"China Sodium Pyroantimonate Manufacturer CAS 12507-68-5 - Longchang Chemical\" \/>\n<meta property=\"og:description\" content=\"Buy Sodium pyroantimonate cas 12507-68-5 from Longchang Chemical. leading Distributor supplier of Sodium tolyltriazole.\" \/>\n<meta property=\"og:url\" content=\"https:\/\/longchangchemical.com\/tr\/product\/sodium-pyroantimonate-cas-12507-68-5\/\" \/>\n<meta property=\"og:site_name\" content=\"Longchang Chemical\" \/>\n<meta property=\"article:modified_time\" content=\"2024-04-28T02:39:48+00:00\" \/>\n<meta property=\"og:image\" content=\"https:\/\/longchangchemical.com\/wp-content\/uploads\/2024\/02\/logo-jpeg.jpg\" \/>\n\t<meta property=\"og:image:width\" content=\"1000\" \/>\n\t<meta property=\"og:image:height\" content=\"1000\" \/>\n\t<meta property=\"og:image:type\" content=\"image\/jpeg\" \/>\n<meta name=\"twitter:card\" content=\"summary_large_image\" \/>\n<script type=\"application\/ld+json\" class=\"yoast-schema-graph\">{\"@context\":\"https:\/\/schema.org\",\"@graph\":[{\"@type\":\"WebPage\",\"@id\":\"https:\/\/longchangchemical.com\/product\/sodium-pyroantimonate-cas-12507-68-5\/\",\"url\":\"https:\/\/longchangchemical.com\/product\/sodium-pyroantimonate-cas-12507-68-5\/\",\"name\":\"China Sodium Pyroantimonate Manufacturer CAS 12507-68-5 - Longchang Chemical\",\"isPartOf\":{\"@id\":\"https:\/\/longchangchemical.com\/#website\"},\"datePublished\":\"2023-12-27T08:52:36+00:00\",\"dateModified\":\"2024-04-28T02:39:48+00:00\",\"description\":\"Buy Sodium pyroantimonate cas 12507-68-5 from Longchang Chemical. leading Distributor supplier of Sodium tolyltriazole.\",\"breadcrumb\":{\"@id\":\"https:\/\/longchangchemical.com\/product\/sodium-pyroantimonate-cas-12507-68-5\/#breadcrumb\"},\"inLanguage\":\"tr\",\"potentialAction\":[{\"@type\":\"ReadAction\",\"target\":[\"https:\/\/longchangchemical.com\/product\/sodium-pyroantimonate-cas-12507-68-5\/\"]}]},{\"@type\":\"BreadcrumbList\",\"@id\":\"https:\/\/longchangchemical.com\/product\/sodium-pyroantimonate-cas-12507-68-5\/#breadcrumb\",\"itemListElement\":[{\"@type\":\"ListItem\",\"position\":1,\"name\":\"Home\",\"item\":\"https:\/\/longchangchemical.com\/\"},{\"@type\":\"ListItem\",\"position\":2,\"name\":\"Products Longchang\",\"item\":\"https:\/\/longchangchemical.com\/product\/\"},{\"@type\":\"ListItem\",\"position\":3,\"name\":\"Sodium Pyroantimonate CAS 12507-68-5\"}]},{\"@type\":\"WebSite\",\"@id\":\"https:\/\/longchangchemical.com\/#website\",\"url\":\"https:\/\/longchangchemical.com\/\",\"name\":\"Longchang Chemical\",\"description\":\"China chemical manufacturer \uff06 supplier\",\"publisher\":{\"@id\":\"https:\/\/longchangchemical.com\/#organization\"},\"potentialAction\":[{\"@type\":\"SearchAction\",\"target\":{\"@type\":\"EntryPoint\",\"urlTemplate\":\"https:\/\/longchangchemical.com\/?s={search_term_string}\"},\"query-input\":{\"@type\":\"PropertyValueSpecification\",\"valueRequired\":true,\"valueName\":\"search_term_string\"}}],\"inLanguage\":\"tr\"},{\"@type\":\"Organization\",\"@id\":\"https:\/\/longchangchemical.com\/#organization\",\"name\":\"Longchang Chemical\",\"url\":\"https:\/\/longchangchemical.com\/\",\"logo\":{\"@type\":\"ImageObject\",\"inLanguage\":\"tr\",\"@id\":\"https:\/\/longchangchemical.com\/#\/schema\/logo\/image\/\",\"url\":\"https:\/\/longchangchemical.com\/wp-content\/uploads\/2020\/08\/cropped-longchang-logo.png\",\"contentUrl\":\"https:\/\/longchangchemical.com\/wp-content\/uploads\/2020\/08\/cropped-longchang-logo.png\",\"width\":512,\"height\":512,\"caption\":\"Longchang Chemical\"},\"image\":{\"@id\":\"https:\/\/longchangchemical.com\/#\/schema\/logo\/image\/\"}}]}<\/script>\n<!-- \/ Yoast SEO plugin. -->","yoast_head_json":{"title":"\u00c7in Sodyum Pirantimonat \u00dcreticisi CAS 12507-68-5 - Longchang Chemical","description":"Longchang Chemical'dan Sodyum pirantimonat cas 12507-68-5 sat\u0131n al\u0131n. lider Distrib\u00fct\u00f6r Sodyum tolyltriazole tedarik\u00e7isi.","robots":{"index":"index","follow":"follow","max-snippet":"max-snippet:-1","max-image-preview":"max-image-preview:large","max-video-preview":"max-video-preview:-1"},"canonical":"https:\/\/longchangchemical.com\/tr\/product\/sodium-pyroantimonate-cas-12507-68-5\/","og_locale":"tr_TR","og_type":"article","og_title":"China Sodium Pyroantimonate Manufacturer CAS 12507-68-5 - Longchang Chemical","og_description":"Buy Sodium pyroantimonate cas 12507-68-5 from Longchang Chemical. leading Distributor supplier of Sodium tolyltriazole.","og_url":"https:\/\/longchangchemical.com\/tr\/product\/sodium-pyroantimonate-cas-12507-68-5\/","og_site_name":"Longchang Chemical","article_modified_time":"2024-04-28T02:39:48+00:00","og_image":[{"width":1000,"height":1000,"url":"https:\/\/longchangchemical.com\/wp-content\/uploads\/2024\/02\/logo-jpeg.jpg","type":"image\/jpeg"}],"twitter_card":"summary_large_image","schema":{"@context":"https:\/\/schema.org","@graph":[{"@type":"WebPage","@id":"https:\/\/longchangchemical.com\/product\/sodium-pyroantimonate-cas-12507-68-5\/","url":"https:\/\/longchangchemical.com\/product\/sodium-pyroantimonate-cas-12507-68-5\/","name":"\u00c7in Sodyum Pirantimonat \u00dcreticisi CAS 12507-68-5 - Longchang Chemical","isPartOf":{"@id":"https:\/\/longchangchemical.com\/#website"},"datePublished":"2023-12-27T08:52:36+00:00","dateModified":"2024-04-28T02:39:48+00:00","description":"Longchang Chemical'dan Sodyum pirantimonat cas 12507-68-5 sat\u0131n al\u0131n. lider Distrib\u00fct\u00f6r Sodyum tolyltriazole tedarik\u00e7isi.","breadcrumb":{"@id":"https:\/\/longchangchemical.com\/product\/sodium-pyroantimonate-cas-12507-68-5\/#breadcrumb"},"inLanguage":"tr","potentialAction":[{"@type":"ReadAction","target":["https:\/\/longchangchemical.com\/product\/sodium-pyroantimonate-cas-12507-68-5\/"]}]},{"@type":"BreadcrumbList","@id":"https:\/\/longchangchemical.com\/product\/sodium-pyroantimonate-cas-12507-68-5\/#breadcrumb","itemListElement":[{"@type":"ListItem","position":1,"name":"Home","item":"https:\/\/longchangchemical.com\/"},{"@type":"ListItem","position":2,"name":"Products Longchang","item":"https:\/\/longchangchemical.com\/product\/"},{"@type":"ListItem","position":3,"name":"Sodium Pyroantimonate CAS 12507-68-5"}]},{"@type":"WebSite","@id":"https:\/\/longchangchemical.com\/#website","url":"https:\/\/longchangchemical.com\/","name":"Longchang Kimya","description":"\u00c7in kimyasal \u00fcreticisi \uff06 tedarik\u00e7isi","publisher":{"@id":"https:\/\/longchangchemical.com\/#organization"},"potentialAction":[{"@type":"SearchAction","target":{"@type":"EntryPoint","urlTemplate":"https:\/\/longchangchemical.com\/?s={search_term_string}"},"query-input":{"@type":"PropertyValueSpecification","valueRequired":true,"valueName":"search_term_string"}}],"inLanguage":"tr"},{"@type":"Organization","@id":"https:\/\/longchangchemical.com\/#organization","name":"Longchang Kimya","url":"https:\/\/longchangchemical.com\/","logo":{"@type":"ImageObject","inLanguage":"tr","@id":"https:\/\/longchangchemical.com\/#\/schema\/logo\/image\/","url":"https:\/\/longchangchemical.com\/wp-content\/uploads\/2020\/08\/cropped-longchang-logo.png","contentUrl":"https:\/\/longchangchemical.com\/wp-content\/uploads\/2020\/08\/cropped-longchang-logo.png","width":512,"height":512,"caption":"Longchang Chemical"},"image":{"@id":"https:\/\/longchangchemical.com\/#\/schema\/logo\/image\/"}}]}},"_links":{"self":[{"href":"https:\/\/longchangchemical.com\/tr\/wp-json\/wp\/v2\/product\/6360","targetHints":{"allow":["GET"]}}],"collection":[{"href":"https:\/\/longchangchemical.com\/tr\/wp-json\/wp\/v2\/product"}],"about":[{"href":"https:\/\/longchangchemical.com\/tr\/wp-json\/wp\/v2\/types\/product"}],"replies":[{"embeddable":true,"href":"https:\/\/longchangchemical.com\/tr\/wp-json\/wp\/v2\/comments?post=6360"}],"wp:attachment":[{"href":"https:\/\/longchangchemical.com\/tr\/wp-json\/wp\/v2\/media?parent=6360"}],"wp:term":[{"taxonomy":"product_brand","embeddable":true,"href":"https:\/\/longchangchemical.com\/tr\/wp-json\/wp\/v2\/product_brand?post=6360"},{"taxonomy":"product_cat","embeddable":true,"href":"https:\/\/longchangchemical.com\/tr\/wp-json\/wp\/v2\/product_cat?post=6360"},{"taxonomy":"product_tag","embeddable":true,"href":"https:\/\/longchangchemical.com\/tr\/wp-json\/wp\/v2\/product_tag?post=6360"}],"curies":[{"name":"wp","href":"https:\/\/api.w.org\/{rel}","templated":true}]}}