{"id":6250,"date":"2023-10-10T07:16:17","date_gmt":"2023-10-10T07:16:17","guid":{"rendered":"https:\/\/longchangchemical.com\/?post_type=product&#038;p=6250"},"modified":"2025-04-01T07:07:21","modified_gmt":"2025-04-01T07:07:21","slug":"agesin-ag-d9000","status":"publish","type":"product","link":"https:\/\/longchangchemical.com\/tr\/product\/agesin-ag-d9000\/","title":{"rendered":"CHLUMICRYL\u00ae AG-D9000 \/ Grafiti \u00f6nleyici katk\u0131 maddesi Hidroksi gruplu polidimetilsiloksan"},"content":{"rendered":"<div class=\"col-md-6\">\n<p><strong>\u00dcr\u00fcn Numaras\u0131<\/strong>: AG-D9000<\/p>\n<p><strong>E\u015fde\u011fer alternatifler<\/strong>:Tego Protect 5000<\/p>\n<p><strong>\u015eartname<\/strong><\/p>\n<table width=\"100%\" cellspacing=\"0\" cellpadding=\"0\">\n<tbody>\n<tr>\n<td>Kompozisyon<\/td>\n<td>hidroksi gruplu polidimetilsiloksan<\/td>\n<\/tr>\n<tr>\n<td>G\u00f6r\u00fcn\u00fc\u015f<\/td>\n<td>hafif sar\u0131ms\u0131 berrak s\u0131v\u0131<\/td>\n<\/tr>\n<tr>\n<td>Solvent<\/td>\n<td>--<\/td>\n<\/tr>\n<tr>\n<td>Aktif madde<\/td>\n<td>100%<\/td>\n<\/tr>\n<tr>\n<td>Yo\u011funluk<\/td>\n<td>0,95-0,99 g\/ml (25\u00b11)\u2103<\/td>\n<\/tr>\n<tr>\n<td>Viskozite<\/td>\n<td>10-40s(Tu-4 viscometer)(25\u00b10.2)\u2103<\/td>\n<\/tr>\n<tr>\n<td>Hidroksil de\u011feri<\/td>\n<td>45-60 mg KOH\/g<\/td>\n<\/tr>\n<tr>\n<td>Asit de\u011feri<\/td>\n<td>\u22640,5 mg KOH\/g<\/td>\n<\/tr>\n<tr>\n<td>Parlama noktas\u0131<\/td>\n<td>\uff1e100\u2103<\/td>\n<\/tr>\n<\/tbody>\n<\/table>\n<p>Not: Bu veri sayfas\u0131 standart de\u011fil tipik sonu\u00e7lar vermek \u00fczere haz\u0131rlanm\u0131\u015ft\u0131r ve COA'ya tabidir.<\/p>\n<p><strong>Uygulama sistemi<\/strong><\/p>\n<p>Solvent bazl\u0131<\/p>\n<p><strong>M\u00fclkler<\/strong><\/p>\n<p>Y\u00fczey grafiti \u00f6nleme ve temizlenebilirli\u011fi art\u0131r\u0131n.<br \/>\nSu temas a\u00e7\u0131s\u0131n\u0131 iyile\u015ftirir. M\u00fckemmel blokaj direnci, mark\u00f6r kalemden silinme direnci, hidrofobiklik ve oleofobiklik.<br \/>\n\u0130ki paketli sistemde (d\u00fc\u015f\u00fck s\u0131cakl\u0131kta pi\u015firme) kullan\u0131ld\u0131\u011f\u0131nda, y\u00fcksek hidroksil de\u011ferine sahip akrilik re\u00e7ine kullanman\u0131z\u0131 ve anti-grafiti \u00f6zelli\u011fini geli\u015ftirmek i\u00e7in pi\u015firme s\u00fcresini uzatman\u0131z\u0131 \u00f6neririz. Vernikte kullanmadan \u00f6nce uyumlulu\u011fu de\u011ferlendirmek i\u00e7in.<br \/>\nKsilen ile 10-20%'ye seyreltilir, ard\u0131ndan sisteme eklenir. E\u015fit \u015fekilde kar\u0131\u015ft\u0131r\u0131n.<\/p>\n<p><strong>\u015eirketle\u015fme<\/strong><\/p>\n<p>Kaplama sistemindeki ile ayn\u0131 \u00f6nceden seyreltilmi\u015f solvent ile eklenmesi kolayd\u0131r. Ekleme sonras\u0131 olabilir.<\/p>\n<p><strong>Ekleme \u00f6nerisi<\/strong><\/p>\n<p>Toplam form\u00fclasyona ekleme 0,5-3%<\/p>\n<p><strong>paket<\/strong><\/p>\n<p>25KG \/ 180KG<\/p>\n<p><strong><b>Depolama:<\/b><\/strong><\/p>\n<div>\n<p>Kuru, temiz ve iyi havaland\u0131r\u0131lan bir depoda muhafaza edilecektir.<\/p>\n<p>I\u015f\u0131\u011fa ve \u0131s\u0131ya maruz b\u0131rakmaktan ka\u00e7\u0131n\u0131n.<\/p>\n<p>\u00dcr\u00fcn\u00fc nakliye s\u0131ras\u0131nda s\u0131z\u0131nt\u0131, ya\u011fmur ve g\u00fcne\u015ften korumak.<\/p>\n<\/div>\n<\/div>\n<div class=\"col-md-6\">\n<h3>Detaylar<\/h3>\n<\/div>","protected":false},"excerpt":{"rendered":"<p>\u00dcr\u00fcn tan\u0131m\u0131: Hidroksi gruplu polidimetilsiloksan<\/p>\n<p>E\u015fde\u011fer alternatifler: Tego Protect 5000<\/p>\n<p>Uygulama sistemi: Solvent bazl\u0131<\/p>\n<p>Viskozite: 10-40s (Tu-4 viskozimetre) (25\u00b10,2)\u2103<\/p>\n<p>Paket: 25KG veya 180KG\/davul<\/p>","protected":false},"featured_media":0,"comment_status":"closed","ping_status":"closed","template":"","meta":[],"product_brand":[],"product_cat":[138,149],"product_tag":[],"class_list":{"0":"post-6250","1":"product","2":"type-product","3":"status-publish","5":"product_cat-coating-and-ink-additives","6":"product_cat-anti-graffiti-additive","8":"first","9":"instock","10":"shipping-taxable","11":"product-type-simple"},"yoast_head":"<!-- This site is optimized with the Yoast SEO plugin v25.3.1 - https:\/\/yoast.com\/wordpress\/plugins\/seo\/ -->\n<title>China CHLUMICRYL\u00ae AG-D9000 \/ Anti-graffiti additive Polydimethylsiloxane with hydroxy group Manufacturer - Longchang Chemical<\/title>\n<meta name=\"description\" content=\"CHLUMICRYL\u00ae AG-D9000 \/ Anti-graffiti additive Polydimethylsiloxane with hydroxy group is a key product of Longchang Chemical. We provide the best price. We are the leading manufacturer in China with the best quality and competitive price.\" \/>\n<meta name=\"robots\" content=\"index, follow, max-snippet:-1, max-image-preview:large, max-video-preview:-1\" \/>\n<link rel=\"canonical\" href=\"https:\/\/longchangchemical.com\/tr\/product\/agesin-ag-d9000\/\" \/>\n<meta property=\"og:locale\" content=\"tr_TR\" \/>\n<meta property=\"og:type\" content=\"article\" \/>\n<meta property=\"og:title\" content=\"China CHLUMICRYL\u00ae AG-D9000 \/ Anti-graffiti additive Polydimethylsiloxane with hydroxy group Manufacturer - Longchang Chemical\" \/>\n<meta property=\"og:description\" content=\"CHLUMICRYL\u00ae AG-D9000 \/ Anti-graffiti additive Polydimethylsiloxane with hydroxy group is a key product of Longchang Chemical. We provide the best price. We are the leading manufacturer in China with the best quality and competitive price.\" \/>\n<meta property=\"og:url\" content=\"https:\/\/longchangchemical.com\/tr\/product\/agesin-ag-d9000\/\" \/>\n<meta property=\"og:site_name\" content=\"Longchang Chemical\" \/>\n<meta property=\"article:modified_time\" content=\"2025-04-01T07:07:21+00:00\" \/>\n<meta property=\"og:image\" content=\"https:\/\/longchangchemical.com\/wp-content\/uploads\/2024\/02\/logo-jpeg.jpg\" \/>\n\t<meta property=\"og:image:width\" content=\"1000\" \/>\n\t<meta property=\"og:image:height\" content=\"1000\" \/>\n\t<meta property=\"og:image:type\" content=\"image\/jpeg\" \/>\n<meta name=\"twitter:card\" content=\"summary_large_image\" \/>\n<script type=\"application\/ld+json\" class=\"yoast-schema-graph\">{\"@context\":\"https:\/\/schema.org\",\"@graph\":[{\"@type\":\"WebPage\",\"@id\":\"https:\/\/longchangchemical.com\/product\/agesin-ag-d9000\/\",\"url\":\"https:\/\/longchangchemical.com\/product\/agesin-ag-d9000\/\",\"name\":\"China CHLUMICRYL\u00ae AG-D9000 \/ Anti-graffiti additive Polydimethylsiloxane with hydroxy group Manufacturer - Longchang Chemical\",\"isPartOf\":{\"@id\":\"https:\/\/longchangchemical.com\/#website\"},\"datePublished\":\"2023-10-10T07:16:17+00:00\",\"dateModified\":\"2025-04-01T07:07:21+00:00\",\"description\":\"CHLUMICRYL\u00ae AG-D9000 \/ Anti-graffiti additive Polydimethylsiloxane with hydroxy group is a key product of Longchang Chemical. We provide the best price. We are the leading manufacturer in China with the best quality and competitive price.\",\"breadcrumb\":{\"@id\":\"https:\/\/longchangchemical.com\/product\/agesin-ag-d9000\/#breadcrumb\"},\"inLanguage\":\"tr\",\"potentialAction\":[{\"@type\":\"ReadAction\",\"target\":[\"https:\/\/longchangchemical.com\/product\/agesin-ag-d9000\/\"]}]},{\"@type\":\"BreadcrumbList\",\"@id\":\"https:\/\/longchangchemical.com\/product\/agesin-ag-d9000\/#breadcrumb\",\"itemListElement\":[{\"@type\":\"ListItem\",\"position\":1,\"name\":\"Home\",\"item\":\"https:\/\/longchangchemical.com\/\"},{\"@type\":\"ListItem\",\"position\":2,\"name\":\"Products Longchang\",\"item\":\"https:\/\/longchangchemical.com\/product\/\"},{\"@type\":\"ListItem\",\"position\":3,\"name\":\"CHLUMICRYL\u00ae AG-D9000 \/ Anti-graffiti additive Polydimethylsiloxane with hydroxy group\"}]},{\"@type\":\"WebSite\",\"@id\":\"https:\/\/longchangchemical.com\/#website\",\"url\":\"https:\/\/longchangchemical.com\/\",\"name\":\"Longchang Chemical\",\"description\":\"China chemical manufacturer \uff06 supplier\",\"publisher\":{\"@id\":\"https:\/\/longchangchemical.com\/#organization\"},\"potentialAction\":[{\"@type\":\"SearchAction\",\"target\":{\"@type\":\"EntryPoint\",\"urlTemplate\":\"https:\/\/longchangchemical.com\/?s={search_term_string}\"},\"query-input\":{\"@type\":\"PropertyValueSpecification\",\"valueRequired\":true,\"valueName\":\"search_term_string\"}}],\"inLanguage\":\"tr\"},{\"@type\":\"Organization\",\"@id\":\"https:\/\/longchangchemical.com\/#organization\",\"name\":\"Longchang Chemical\",\"url\":\"https:\/\/longchangchemical.com\/\",\"logo\":{\"@type\":\"ImageObject\",\"inLanguage\":\"tr\",\"@id\":\"https:\/\/longchangchemical.com\/#\/schema\/logo\/image\/\",\"url\":\"https:\/\/longchangchemical.com\/wp-content\/uploads\/2020\/08\/cropped-longchang-logo.png\",\"contentUrl\":\"https:\/\/longchangchemical.com\/wp-content\/uploads\/2020\/08\/cropped-longchang-logo.png\",\"width\":512,\"height\":512,\"caption\":\"Longchang Chemical\"},\"image\":{\"@id\":\"https:\/\/longchangchemical.com\/#\/schema\/logo\/image\/\"}}]}<\/script>\n<!-- \/ Yoast SEO plugin. -->","yoast_head_json":{"title":"\u00c7in CHLUMICRYL\u00ae AG-D9000 \/ Anti-graffiti katk\u0131 maddesi Hidroksi gruplu Polidimetilsiloksan \u00dcretici - Longchang Chemical","description":"CHLUMICRYL\u00ae AG-D9000 \/ Anti-graffiti katk\u0131 maddesi Hidroksi gruplu Polidimetilsiloksan, Longchang Chemical'\u0131n \u00f6nemli bir \u00fcr\u00fcn\u00fcd\u00fcr. En iyi fiyat\u0131 sa\u011fl\u0131yoruz. En iyi kalite ve rekabet\u00e7i fiyat ile \u00c7in'de lider \u00fcreticiyiz.","robots":{"index":"index","follow":"follow","max-snippet":"max-snippet:-1","max-image-preview":"max-image-preview:large","max-video-preview":"max-video-preview:-1"},"canonical":"https:\/\/longchangchemical.com\/tr\/product\/agesin-ag-d9000\/","og_locale":"tr_TR","og_type":"article","og_title":"China CHLUMICRYL\u00ae AG-D9000 \/ Anti-graffiti additive Polydimethylsiloxane with hydroxy group Manufacturer - Longchang Chemical","og_description":"CHLUMICRYL\u00ae AG-D9000 \/ Anti-graffiti additive Polydimethylsiloxane with hydroxy group is a key product of Longchang Chemical. We provide the best price. We are the leading manufacturer in China with the best quality and competitive price.","og_url":"https:\/\/longchangchemical.com\/tr\/product\/agesin-ag-d9000\/","og_site_name":"Longchang Chemical","article_modified_time":"2025-04-01T07:07:21+00:00","og_image":[{"width":1000,"height":1000,"url":"https:\/\/longchangchemical.com\/wp-content\/uploads\/2024\/02\/logo-jpeg.jpg","type":"image\/jpeg"}],"twitter_card":"summary_large_image","schema":{"@context":"https:\/\/schema.org","@graph":[{"@type":"WebPage","@id":"https:\/\/longchangchemical.com\/product\/agesin-ag-d9000\/","url":"https:\/\/longchangchemical.com\/product\/agesin-ag-d9000\/","name":"\u00c7in CHLUMICRYL\u00ae AG-D9000 \/ Anti-graffiti katk\u0131 maddesi Hidroksi gruplu Polidimetilsiloksan \u00dcretici - Longchang Chemical","isPartOf":{"@id":"https:\/\/longchangchemical.com\/#website"},"datePublished":"2023-10-10T07:16:17+00:00","dateModified":"2025-04-01T07:07:21+00:00","description":"CHLUMICRYL\u00ae AG-D9000 \/ Anti-graffiti katk\u0131 maddesi Hidroksi gruplu Polidimetilsiloksan, Longchang Chemical'\u0131n \u00f6nemli bir \u00fcr\u00fcn\u00fcd\u00fcr. En iyi fiyat\u0131 sa\u011fl\u0131yoruz. En iyi kalite ve rekabet\u00e7i fiyat ile \u00c7in'de lider \u00fcreticiyiz.","breadcrumb":{"@id":"https:\/\/longchangchemical.com\/product\/agesin-ag-d9000\/#breadcrumb"},"inLanguage":"tr","potentialAction":[{"@type":"ReadAction","target":["https:\/\/longchangchemical.com\/product\/agesin-ag-d9000\/"]}]},{"@type":"BreadcrumbList","@id":"https:\/\/longchangchemical.com\/product\/agesin-ag-d9000\/#breadcrumb","itemListElement":[{"@type":"ListItem","position":1,"name":"Home","item":"https:\/\/longchangchemical.com\/"},{"@type":"ListItem","position":2,"name":"Products Longchang","item":"https:\/\/longchangchemical.com\/product\/"},{"@type":"ListItem","position":3,"name":"CHLUMICRYL\u00ae AG-D9000 \/ Anti-graffiti additive Polydimethylsiloxane with hydroxy group"}]},{"@type":"WebSite","@id":"https:\/\/longchangchemical.com\/#website","url":"https:\/\/longchangchemical.com\/","name":"Longchang Kimya","description":"\u00c7in kimyasal \u00fcreticisi \uff06 tedarik\u00e7isi","publisher":{"@id":"https:\/\/longchangchemical.com\/#organization"},"potentialAction":[{"@type":"SearchAction","target":{"@type":"EntryPoint","urlTemplate":"https:\/\/longchangchemical.com\/?s={search_term_string}"},"query-input":{"@type":"PropertyValueSpecification","valueRequired":true,"valueName":"search_term_string"}}],"inLanguage":"tr"},{"@type":"Organization","@id":"https:\/\/longchangchemical.com\/#organization","name":"Longchang Kimya","url":"https:\/\/longchangchemical.com\/","logo":{"@type":"ImageObject","inLanguage":"tr","@id":"https:\/\/longchangchemical.com\/#\/schema\/logo\/image\/","url":"https:\/\/longchangchemical.com\/wp-content\/uploads\/2020\/08\/cropped-longchang-logo.png","contentUrl":"https:\/\/longchangchemical.com\/wp-content\/uploads\/2020\/08\/cropped-longchang-logo.png","width":512,"height":512,"caption":"Longchang Chemical"},"image":{"@id":"https:\/\/longchangchemical.com\/#\/schema\/logo\/image\/"}}]}},"_links":{"self":[{"href":"https:\/\/longchangchemical.com\/tr\/wp-json\/wp\/v2\/product\/6250","targetHints":{"allow":["GET"]}}],"collection":[{"href":"https:\/\/longchangchemical.com\/tr\/wp-json\/wp\/v2\/product"}],"about":[{"href":"https:\/\/longchangchemical.com\/tr\/wp-json\/wp\/v2\/types\/product"}],"replies":[{"embeddable":true,"href":"https:\/\/longchangchemical.com\/tr\/wp-json\/wp\/v2\/comments?post=6250"}],"wp:attachment":[{"href":"https:\/\/longchangchemical.com\/tr\/wp-json\/wp\/v2\/media?parent=6250"}],"wp:term":[{"taxonomy":"product_brand","embeddable":true,"href":"https:\/\/longchangchemical.com\/tr\/wp-json\/wp\/v2\/product_brand?post=6250"},{"taxonomy":"product_cat","embeddable":true,"href":"https:\/\/longchangchemical.com\/tr\/wp-json\/wp\/v2\/product_cat?post=6250"},{"taxonomy":"product_tag","embeddable":true,"href":"https:\/\/longchangchemical.com\/tr\/wp-json\/wp\/v2\/product_tag?post=6250"}],"curies":[{"name":"wp","href":"https:\/\/api.w.org\/{rel}","templated":true}]}}