{"id":6242,"date":"2023-09-21T09:38:03","date_gmt":"2023-09-21T09:38:03","guid":{"rendered":"https:\/\/longchangchemical.com\/?post_type=product&#038;p=6242"},"modified":"2025-12-15T06:52:17","modified_gmt":"2025-12-15T06:52:17","slug":"dbp-dibutyl-phthalate-cas-84-74-2","status":"publish","type":"product","link":"https:\/\/longchangchemical.com\/tr\/product\/dbp-dibutyl-phthalate-cas-84-74-2\/","title":{"rendered":"CHLUMIFLEX\u00ae DBP \/ Dib\u00fctil ftalat CAS 84-74-2"},"content":{"rendered":"<p>&nbsp;<\/p>\n<div class=\"table\">\n<table cellspacing=\"0\">\n<tbody>\n<tr>\n<td>\u00d6\u011fe<\/td>\n<td>Sonu\u00e7<\/td>\n<\/tr>\n<tr>\n<td>G\u00f6r\u00fcn\u00fc\u015f<\/td>\n<td>\u00a0Renksiz \u015feffaf s\u0131v\u0131<\/td>\n<\/tr>\n<tr>\n<td>Safl\u0131k<\/td>\n<td>99.0 dakika<\/td>\n<\/tr>\n<tr>\n<td>Asit Balue (KOH ile)<\/td>\n<td>0.15%Max<\/td>\n<\/tr>\n<tr>\n<td>Parlama noktas\u0131<\/td>\n<td>160\u2103Min<\/td>\n<\/tr>\n<tr>\n<td>Yo\u011funluk g\/cm3<\/td>\n<td>1.044-1.048<\/td>\n<\/tr>\n<tr>\n<td>Su<\/td>\n<td>0,2%Max<\/td>\n<\/tr>\n<tr>\n<td>Renk, APHA<\/td>\n<td>35Max<\/td>\n<\/tr>\n<\/tbody>\n<\/table>\n<\/div>\n<p>&nbsp;<\/p>\n<p>&nbsp;<\/p>\n<p><strong>Dib\u00fctil ftalat<\/strong><strong>\u00a0<\/strong><strong>Kullan\u0131m\uff1a<\/strong><\/p>\n<p>Esas olarak nitrosel\u00fcloz, asetat elyaf, PVC vb. i\u00e7in plastikle\u015ftirici olarak kullan\u0131l\u0131r<\/p>\n<p><strong>Dib\u00fctil ftalat\u00a0<\/strong><strong>Paketleme ve Nakliye\uff1a<\/strong><\/p>\n<p>180KG\/tambur veya al\u0131c\u0131n\u0131n gereksinimlerine g\u00f6re<\/p>\n<p><strong>Dib\u00fctil ftalat\u00a0<\/strong><strong>Depolama:<\/strong><\/p>\n<p>2-8 \u2103 \uff0c Ambalaj\u0131 tamamlay\u0131n ve dikkatli kullan\u0131n; Depo havaland\u0131r\u0131lmal\u0131, a\u00e7\u0131k ate\u015ften, y\u00fcksek s\u0131cakl\u0131ktan uzak tutulmal\u0131 ve oksidandan ayr\u0131 depolanmal\u0131d\u0131r<\/p>","protected":false},"excerpt":{"rendered":"<p>&nbsp; Madde Sonu\u00e7 G\u00f6r\u00fcn\u00fcm Renksiz \u015feffaf s\u0131v\u0131 Safl\u0131k 99.0min Asit Balue (KOH ile) 0.15%Max Parlama noktas\u0131 160\u2103Min Yo\u011funluk g\/cm3 1.044-1.048 Su 0.2%Max Renk, APHA 35Max Dibutil ftalat Kullan\u0131m\u0131 \uff1a Esas olarak nitrosel\u00fcloz, asetat elyaf, PVC vb. i\u00e7in plastikle\u015ftirici olarak kullan\u0131l\u0131r Dibutil ftalat Paketleme ve Nakliye \uff1a 180KG \/ varil veya al\u0131c\u0131n\u0131n gereksinimlerine g\u00f6re Dibutil ftalat Depolama: 2-8 \u2103 \uff0c Paketi tamamlay\u0131n ve \u00f6zenle kullan\u0131n; Depo [...]<\/p>","protected":false},"featured_media":0,"comment_status":"open","ping_status":"closed","template":"","meta":[],"product_brand":[],"product_cat":[111],"product_tag":[],"class_list":{"0":"post-6242","1":"product","2":"type-product","3":"status-publish","5":"product_cat-plasticizer","7":"first","8":"instock","9":"shipping-taxable","10":"product-type-simple"},"yoast_head":"<!-- This site is optimized with the Yoast SEO plugin v25.3.1 - https:\/\/yoast.com\/wordpress\/plugins\/seo\/ -->\n<title>China CHLUMIFLEX\u00ae DBP \/ Dibutyl phthalate CAS 84-74-2 Manufacturer - Longchang Chemical<\/title>\n<meta name=\"description\" content=\"CHLUMIFLEX\u00ae DBP \/ Dibutyl phthalate CAS 84-74-2 is a key product of Longchang Chemical. We provide the best price. We are the leading manufacturer in China with the best quality and competitive price.\" \/>\n<meta name=\"robots\" content=\"index, follow, max-snippet:-1, max-image-preview:large, max-video-preview:-1\" \/>\n<link rel=\"canonical\" href=\"https:\/\/longchangchemical.com\/tr\/product\/dbp-dibutyl-phthalate-cas-84-74-2\/\" \/>\n<meta property=\"og:locale\" content=\"tr_TR\" \/>\n<meta property=\"og:type\" content=\"article\" \/>\n<meta property=\"og:title\" content=\"China CHLUMIFLEX\u00ae DBP \/ Dibutyl phthalate CAS 84-74-2 Manufacturer - Longchang Chemical\" \/>\n<meta property=\"og:description\" content=\"CHLUMIFLEX\u00ae DBP \/ Dibutyl phthalate CAS 84-74-2 is a key product of Longchang Chemical. We provide the best price. We are the leading manufacturer in China with the best quality and competitive price.\" \/>\n<meta property=\"og:url\" content=\"https:\/\/longchangchemical.com\/tr\/product\/dbp-dibutyl-phthalate-cas-84-74-2\/\" \/>\n<meta property=\"og:site_name\" content=\"Longchang Chemical\" \/>\n<meta property=\"article:modified_time\" content=\"2025-12-15T06:52:17+00:00\" \/>\n<meta property=\"og:image\" content=\"https:\/\/longchangchemical.com\/wp-content\/uploads\/2024\/02\/logo-jpeg.jpg\" \/>\n\t<meta property=\"og:image:width\" content=\"1000\" \/>\n\t<meta property=\"og:image:height\" content=\"1000\" \/>\n\t<meta property=\"og:image:type\" content=\"image\/jpeg\" \/>\n<meta name=\"twitter:card\" content=\"summary_large_image\" \/>\n<script type=\"application\/ld+json\" class=\"yoast-schema-graph\">{\"@context\":\"https:\/\/schema.org\",\"@graph\":[{\"@type\":\"WebPage\",\"@id\":\"https:\/\/longchangchemical.com\/product\/dbp-dibutyl-phthalate-cas-84-74-2\/\",\"url\":\"https:\/\/longchangchemical.com\/product\/dbp-dibutyl-phthalate-cas-84-74-2\/\",\"name\":\"China CHLUMIFLEX\u00ae DBP \/ Dibutyl phthalate CAS 84-74-2 Manufacturer - Longchang Chemical\",\"isPartOf\":{\"@id\":\"https:\/\/longchangchemical.com\/#website\"},\"datePublished\":\"2023-09-21T09:38:03+00:00\",\"dateModified\":\"2025-12-15T06:52:17+00:00\",\"description\":\"CHLUMIFLEX\u00ae DBP \/ Dibutyl phthalate CAS 84-74-2 is a key product of Longchang Chemical. We provide the best price. We are the leading manufacturer in China with the best quality and competitive price.\",\"breadcrumb\":{\"@id\":\"https:\/\/longchangchemical.com\/product\/dbp-dibutyl-phthalate-cas-84-74-2\/#breadcrumb\"},\"inLanguage\":\"tr\",\"potentialAction\":[{\"@type\":\"ReadAction\",\"target\":[\"https:\/\/longchangchemical.com\/product\/dbp-dibutyl-phthalate-cas-84-74-2\/\"]}]},{\"@type\":\"BreadcrumbList\",\"@id\":\"https:\/\/longchangchemical.com\/product\/dbp-dibutyl-phthalate-cas-84-74-2\/#breadcrumb\",\"itemListElement\":[{\"@type\":\"ListItem\",\"position\":1,\"name\":\"Home\",\"item\":\"https:\/\/longchangchemical.com\/\"},{\"@type\":\"ListItem\",\"position\":2,\"name\":\"Products Longchang\",\"item\":\"https:\/\/longchangchemical.com\/product\/\"},{\"@type\":\"ListItem\",\"position\":3,\"name\":\"CHLUMIFLEX\u00ae DBP \/ Dibutyl phthalate CAS 84-74-2\"}]},{\"@type\":\"WebSite\",\"@id\":\"https:\/\/longchangchemical.com\/#website\",\"url\":\"https:\/\/longchangchemical.com\/\",\"name\":\"Longchang Chemical\",\"description\":\"China chemical manufacturer \uff06 supplier\",\"publisher\":{\"@id\":\"https:\/\/longchangchemical.com\/#organization\"},\"potentialAction\":[{\"@type\":\"SearchAction\",\"target\":{\"@type\":\"EntryPoint\",\"urlTemplate\":\"https:\/\/longchangchemical.com\/?s={search_term_string}\"},\"query-input\":{\"@type\":\"PropertyValueSpecification\",\"valueRequired\":true,\"valueName\":\"search_term_string\"}}],\"inLanguage\":\"tr\"},{\"@type\":\"Organization\",\"@id\":\"https:\/\/longchangchemical.com\/#organization\",\"name\":\"Longchang Chemical\",\"url\":\"https:\/\/longchangchemical.com\/\",\"logo\":{\"@type\":\"ImageObject\",\"inLanguage\":\"tr\",\"@id\":\"https:\/\/longchangchemical.com\/#\/schema\/logo\/image\/\",\"url\":\"https:\/\/longchangchemical.com\/wp-content\/uploads\/2020\/08\/cropped-longchang-logo.png\",\"contentUrl\":\"https:\/\/longchangchemical.com\/wp-content\/uploads\/2020\/08\/cropped-longchang-logo.png\",\"width\":512,\"height\":512,\"caption\":\"Longchang Chemical\"},\"image\":{\"@id\":\"https:\/\/longchangchemical.com\/#\/schema\/logo\/image\/\"}}]}<\/script>\n<!-- \/ Yoast SEO plugin. -->","yoast_head_json":{"title":"\u00c7in CHLUMIFLEX\u00ae DBP \/ Dibutil ftalat CAS 84-74-2 \u00dcretici - Longchang Chemical","description":"CHLUMIFLEX\u00ae DBP \/ Dibutyl phthalate CAS 84-74-2, Longchang Chemical'\u0131n \u00f6nemli bir \u00fcr\u00fcn\u00fcd\u00fcr. En iyi fiyat\u0131 sa\u011fl\u0131yoruz. En iyi kalite ve rekabet\u00e7i fiyat ile \u00c7in'in \u00f6nde gelen \u00fcreticisiyiz.","robots":{"index":"index","follow":"follow","max-snippet":"max-snippet:-1","max-image-preview":"max-image-preview:large","max-video-preview":"max-video-preview:-1"},"canonical":"https:\/\/longchangchemical.com\/tr\/product\/dbp-dibutyl-phthalate-cas-84-74-2\/","og_locale":"tr_TR","og_type":"article","og_title":"China CHLUMIFLEX\u00ae DBP \/ Dibutyl phthalate CAS 84-74-2 Manufacturer - Longchang Chemical","og_description":"CHLUMIFLEX\u00ae DBP \/ Dibutyl phthalate CAS 84-74-2 is a key product of Longchang Chemical. We provide the best price. We are the leading manufacturer in China with the best quality and competitive price.","og_url":"https:\/\/longchangchemical.com\/tr\/product\/dbp-dibutyl-phthalate-cas-84-74-2\/","og_site_name":"Longchang Chemical","article_modified_time":"2025-12-15T06:52:17+00:00","og_image":[{"width":1000,"height":1000,"url":"https:\/\/longchangchemical.com\/wp-content\/uploads\/2024\/02\/logo-jpeg.jpg","type":"image\/jpeg"}],"twitter_card":"summary_large_image","schema":{"@context":"https:\/\/schema.org","@graph":[{"@type":"WebPage","@id":"https:\/\/longchangchemical.com\/product\/dbp-dibutyl-phthalate-cas-84-74-2\/","url":"https:\/\/longchangchemical.com\/product\/dbp-dibutyl-phthalate-cas-84-74-2\/","name":"\u00c7in CHLUMIFLEX\u00ae DBP \/ Dibutil ftalat CAS 84-74-2 \u00dcretici - Longchang Chemical","isPartOf":{"@id":"https:\/\/longchangchemical.com\/#website"},"datePublished":"2023-09-21T09:38:03+00:00","dateModified":"2025-12-15T06:52:17+00:00","description":"CHLUMIFLEX\u00ae DBP \/ Dibutyl phthalate CAS 84-74-2, Longchang Chemical'\u0131n \u00f6nemli bir \u00fcr\u00fcn\u00fcd\u00fcr. En iyi fiyat\u0131 sa\u011fl\u0131yoruz. En iyi kalite ve rekabet\u00e7i fiyat ile \u00c7in'in \u00f6nde gelen \u00fcreticisiyiz.","breadcrumb":{"@id":"https:\/\/longchangchemical.com\/product\/dbp-dibutyl-phthalate-cas-84-74-2\/#breadcrumb"},"inLanguage":"tr","potentialAction":[{"@type":"ReadAction","target":["https:\/\/longchangchemical.com\/product\/dbp-dibutyl-phthalate-cas-84-74-2\/"]}]},{"@type":"BreadcrumbList","@id":"https:\/\/longchangchemical.com\/product\/dbp-dibutyl-phthalate-cas-84-74-2\/#breadcrumb","itemListElement":[{"@type":"ListItem","position":1,"name":"Home","item":"https:\/\/longchangchemical.com\/"},{"@type":"ListItem","position":2,"name":"Products Longchang","item":"https:\/\/longchangchemical.com\/product\/"},{"@type":"ListItem","position":3,"name":"CHLUMIFLEX\u00ae DBP \/ Dibutyl phthalate CAS 84-74-2"}]},{"@type":"WebSite","@id":"https:\/\/longchangchemical.com\/#website","url":"https:\/\/longchangchemical.com\/","name":"Longchang Kimya","description":"\u00c7in kimyasal \u00fcreticisi \uff06 tedarik\u00e7isi","publisher":{"@id":"https:\/\/longchangchemical.com\/#organization"},"potentialAction":[{"@type":"SearchAction","target":{"@type":"EntryPoint","urlTemplate":"https:\/\/longchangchemical.com\/?s={search_term_string}"},"query-input":{"@type":"PropertyValueSpecification","valueRequired":true,"valueName":"search_term_string"}}],"inLanguage":"tr"},{"@type":"Organization","@id":"https:\/\/longchangchemical.com\/#organization","name":"Longchang Kimya","url":"https:\/\/longchangchemical.com\/","logo":{"@type":"ImageObject","inLanguage":"tr","@id":"https:\/\/longchangchemical.com\/#\/schema\/logo\/image\/","url":"https:\/\/longchangchemical.com\/wp-content\/uploads\/2020\/08\/cropped-longchang-logo.png","contentUrl":"https:\/\/longchangchemical.com\/wp-content\/uploads\/2020\/08\/cropped-longchang-logo.png","width":512,"height":512,"caption":"Longchang Chemical"},"image":{"@id":"https:\/\/longchangchemical.com\/#\/schema\/logo\/image\/"}}]}},"_links":{"self":[{"href":"https:\/\/longchangchemical.com\/tr\/wp-json\/wp\/v2\/product\/6242","targetHints":{"allow":["GET"]}}],"collection":[{"href":"https:\/\/longchangchemical.com\/tr\/wp-json\/wp\/v2\/product"}],"about":[{"href":"https:\/\/longchangchemical.com\/tr\/wp-json\/wp\/v2\/types\/product"}],"replies":[{"embeddable":true,"href":"https:\/\/longchangchemical.com\/tr\/wp-json\/wp\/v2\/comments?post=6242"}],"wp:attachment":[{"href":"https:\/\/longchangchemical.com\/tr\/wp-json\/wp\/v2\/media?parent=6242"}],"wp:term":[{"taxonomy":"product_brand","embeddable":true,"href":"https:\/\/longchangchemical.com\/tr\/wp-json\/wp\/v2\/product_brand?post=6242"},{"taxonomy":"product_cat","embeddable":true,"href":"https:\/\/longchangchemical.com\/tr\/wp-json\/wp\/v2\/product_cat?post=6242"},{"taxonomy":"product_tag","embeddable":true,"href":"https:\/\/longchangchemical.com\/tr\/wp-json\/wp\/v2\/product_tag?post=6242"}],"curies":[{"name":"wp","href":"https:\/\/api.w.org\/{rel}","templated":true}]}}