{"id":6238,"date":"2023-09-14T07:58:33","date_gmt":"2023-09-14T07:58:33","guid":{"rendered":"https:\/\/longchangchemical.com\/?post_type=product&#038;p=6238"},"modified":"2025-04-01T07:07:27","modified_gmt":"2025-04-01T07:07:27","slug":"agesin-dp-d264r-2","status":"publish","type":"product","link":"https:\/\/longchangchemical.com\/tr\/product\/agesin-dp-d264r-2\/","title":{"rendered":"CHLUMICRYL\u00ae DP-D264R \/ Pigment afinite gruplar\u0131na sahip y\u00fcksek M.W. blok tarz\u0131 kopolimer \u00e7\u00f6zeltisi"},"content":{"rendered":"<p><strong>\u00dcr\u00fcn Numaras\u0131<\/strong>: DP-D264R<\/p>\n<p><strong>E\u015fde\u011fer alternatifler-<\/strong>\u00a0Elementis Disponer 983<\/p>\n<p><strong>\u015eartname<\/strong><\/p>\n<table width=\"100%\" cellspacing=\"0\" cellpadding=\"0\">\n<tbody>\n<tr>\n<td>Kompozisyon<\/td>\n<td>Pigment afinite gruplar\u0131na sahip y\u00fcksek M.W. blok tarz\u0131 kopolimer \u00e7\u00f6zeltisi<\/td>\n<\/tr>\n<tr>\n<td>G\u00f6r\u00fcn\u00fc\u015f<\/td>\n<td>\u015eeffaf ila hafif sar\u0131ms\u0131 berrak s\u0131v\u0131<\/td>\n<\/tr>\n<tr>\n<td>Solvent<\/td>\n<td>Dibazik ester<\/td>\n<\/tr>\n<tr>\n<td>Aktif madde<\/td>\n<td>63%<\/td>\n<\/tr>\n<tr>\n<td>Yo\u011funluk<\/td>\n<td>1,10-1,14 g\/ml (25\u00b11)\u2103<\/td>\n<\/tr>\n<tr>\n<td>Viskozite<\/td>\n<td>\u2265Q(Kabarc\u0131k viskozimetresi)(25\u00b10,2)\u2103<\/td>\n<\/tr>\n<tr>\n<td>Parlama noktas\u0131<\/td>\n<td>\uff1e100\u2103<\/td>\n<\/tr>\n<\/tbody>\n<\/table>\n<p>Not: Bu veri sayfas\u0131 standart de\u011fil tipik sonu\u00e7lar vermek \u00fczere haz\u0131rlanm\u0131\u015ft\u0131r ve COA'ya tabidir.<\/p>\n<p><strong>Uygulama sistemi<\/strong><\/p>\n<p>Solvent bazl\u0131<\/p>\n<p><strong>M\u00fclkler<\/strong><\/p>\n<p>Y\u00fcksek M.W. blok tarz\u0131 dispersan, pigment afinite grubu ve pigment y\u00fczeyi ve d\u00fc\u015f\u00fck M.W polimer ortam\u0131n\u0131n etkile\u015fimi ile etkilidir.<br \/>\nD\u00fc\u015f\u00fck M.W.'nin neden oldu\u011fu bariyer film, pigment partik\u00fclleri aras\u0131ndaki \u00e7ekim kuvvetini azalt\u0131r, b\u00f6ylece dispersiyon i\u00e7in daha iyi bir stabilite elde edilir.<\/p>\n<p>Karbon siyah\u0131 i\u00e7in m\u00fckemmel renk olu\u015fturma yetene\u011fi ve parlakl\u0131k.<\/p>\n<p>Termoplastik akrilik boyalar hari\u00e7, 2'li paket ve termoset sistemler i\u00e7in uygundur<\/p>\n<p><strong>\u015eirketle\u015fme<\/strong><\/p>\n<p>Pigmentler eklenmeden \u00f6nce de\u011firmen baz\u0131na dahil edilmelidir.<\/p>\n<p><strong>Ekleme \u00f6nerisi<\/strong><\/p>\n<p>\u0130norganik pigment 1-10%<br \/>\nOrganik pigment 15-35%<br \/>\nKarbon siyah\u0131 25-100%<\/p>\n<p><strong>paket<\/strong><\/p>\n<p>25KG \/ 180KG<\/p>\n<p><strong><b>Depolama:<\/b><\/strong><\/p>\n<div>\n<p>Kuru, temiz ve iyi havaland\u0131r\u0131lan bir depoda muhafaza edilecektir.<\/p>\n<p>I\u015f\u0131\u011fa ve \u0131s\u0131ya maruz b\u0131rakmaktan ka\u00e7\u0131n\u0131n.<\/p>\n<p>\u00dcr\u00fcn\u00fc nakliye s\u0131ras\u0131nda s\u0131z\u0131nt\u0131, ya\u011fmur ve g\u00fcne\u015ften korumak.<\/p>\n<\/div>","protected":false},"excerpt":{"rendered":"<p>\u00dcr\u00fcn tan\u0131m\u0131: Pigment afinite gruplar\u0131na sahip y\u00fcksek M.W. blok tarz\u0131 kopolimer \u00e7\u00f6zeltisi<\/p>\n<p>E\u015fde\u011fer alternatifler: Elementis Disponer 983<\/p>\n<p>Uygulama sistemi: Solvent bazl\u0131<\/p>\n<p>Viskozite: \u2265Q (Kabarc\u0131k viskozimetresi) (25\u00b10,2)\u2103<\/p>\n<p>Paket: 25KG veya 180KG\/davul<\/p>","protected":false},"featured_media":0,"comment_status":"closed","ping_status":"closed","template":"","meta":[],"product_brand":[],"product_cat":[138,150],"product_tag":[],"class_list":{"0":"post-6238","1":"product","2":"type-product","3":"status-publish","5":"product_cat-coating-and-ink-additives","6":"product_cat-dispersant","8":"first","9":"instock","10":"shipping-taxable","11":"product-type-simple"},"yoast_head":"<!-- This site is optimized with the Yoast SEO plugin v25.3.1 - https:\/\/yoast.com\/wordpress\/plugins\/seo\/ -->\n<title>DP-D264R High M.W. block style copolymer solution with | Longchang Chemical<\/title>\n<meta name=\"description\" content=\"DP-D264R High M.W. block style copolymer solution with pigment affinity groups Coating Additive is a coating additive for coatings, inks and specialty\" \/>\n<meta name=\"robots\" content=\"index, follow, max-snippet:-1, max-image-preview:large, max-video-preview:-1\" \/>\n<link rel=\"canonical\" href=\"https:\/\/longchangchemical.com\/tr\/product\/agesin-dp-d264r-2\/\" \/>\n<meta property=\"og:locale\" content=\"tr_TR\" \/>\n<meta property=\"og:type\" content=\"article\" \/>\n<meta property=\"og:title\" content=\"DP-D264R High M.W. block style copolymer solution with | Longchang Chemical\" \/>\n<meta property=\"og:description\" content=\"DP-D264R High M.W. block style copolymer solution with pigment affinity groups Coating Additive is a coating additive for coatings, inks and specialty\" \/>\n<meta property=\"og:url\" content=\"https:\/\/longchangchemical.com\/tr\/product\/agesin-dp-d264r-2\/\" \/>\n<meta property=\"og:site_name\" content=\"Longchang Chemical\" \/>\n<meta property=\"article:modified_time\" content=\"2025-04-01T07:07:27+00:00\" \/>\n<meta property=\"og:image\" content=\"https:\/\/longchangchemical.com\/wp-content\/uploads\/2024\/02\/logo-jpeg.jpg\" \/>\n\t<meta property=\"og:image:width\" content=\"1000\" \/>\n\t<meta property=\"og:image:height\" content=\"1000\" \/>\n\t<meta property=\"og:image:type\" content=\"image\/jpeg\" \/>\n<meta name=\"twitter:card\" content=\"summary_large_image\" \/>\n<script type=\"application\/ld+json\" class=\"yoast-schema-graph\">{\"@context\":\"https:\/\/schema.org\",\"@graph\":[{\"@type\":\"WebPage\",\"@id\":\"https:\/\/longchangchemical.com\/product\/agesin-dp-d264r-2\/\",\"url\":\"https:\/\/longchangchemical.com\/product\/agesin-dp-d264r-2\/\",\"name\":\"DP-D264R High M.W. block style copolymer solution with | Longchang Chemical\",\"isPartOf\":{\"@id\":\"https:\/\/longchangchemical.com\/#website\"},\"datePublished\":\"2023-09-14T07:58:33+00:00\",\"dateModified\":\"2025-04-01T07:07:27+00:00\",\"description\":\"DP-D264R High M.W. block style copolymer solution with pigment affinity groups Coating Additive is a coating additive for coatings, inks and specialty\",\"breadcrumb\":{\"@id\":\"https:\/\/longchangchemical.com\/product\/agesin-dp-d264r-2\/#breadcrumb\"},\"inLanguage\":\"tr\",\"potentialAction\":[{\"@type\":\"ReadAction\",\"target\":[\"https:\/\/longchangchemical.com\/product\/agesin-dp-d264r-2\/\"]}]},{\"@type\":\"BreadcrumbList\",\"@id\":\"https:\/\/longchangchemical.com\/product\/agesin-dp-d264r-2\/#breadcrumb\",\"itemListElement\":[{\"@type\":\"ListItem\",\"position\":1,\"name\":\"Home\",\"item\":\"https:\/\/longchangchemical.com\/\"},{\"@type\":\"ListItem\",\"position\":2,\"name\":\"Products Longchang\",\"item\":\"https:\/\/longchangchemical.com\/product\/\"},{\"@type\":\"ListItem\",\"position\":3,\"name\":\"CHLUMICRYL\u00ae DP-D264R \/ High M.W. block style copolymer solution with pigment affinity groups\"}]},{\"@type\":\"WebSite\",\"@id\":\"https:\/\/longchangchemical.com\/#website\",\"url\":\"https:\/\/longchangchemical.com\/\",\"name\":\"Longchang Chemical\",\"description\":\"China chemical manufacturer \uff06 supplier\",\"publisher\":{\"@id\":\"https:\/\/longchangchemical.com\/#organization\"},\"potentialAction\":[{\"@type\":\"SearchAction\",\"target\":{\"@type\":\"EntryPoint\",\"urlTemplate\":\"https:\/\/longchangchemical.com\/?s={search_term_string}\"},\"query-input\":{\"@type\":\"PropertyValueSpecification\",\"valueRequired\":true,\"valueName\":\"search_term_string\"}}],\"inLanguage\":\"tr\"},{\"@type\":\"Organization\",\"@id\":\"https:\/\/longchangchemical.com\/#organization\",\"name\":\"Longchang Chemical\",\"url\":\"https:\/\/longchangchemical.com\/\",\"logo\":{\"@type\":\"ImageObject\",\"inLanguage\":\"tr\",\"@id\":\"https:\/\/longchangchemical.com\/#\/schema\/logo\/image\/\",\"url\":\"https:\/\/longchangchemical.com\/wp-content\/uploads\/2020\/08\/cropped-longchang-logo.png\",\"contentUrl\":\"https:\/\/longchangchemical.com\/wp-content\/uploads\/2020\/08\/cropped-longchang-logo.png\",\"width\":512,\"height\":512,\"caption\":\"Longchang Chemical\"},\"image\":{\"@id\":\"https:\/\/longchangchemical.com\/#\/schema\/logo\/image\/\"}}]}<\/script>\n<!-- \/ Yoast SEO plugin. -->","yoast_head_json":{"title":"DP-D264R High M.W. block style copolymer solution with | Longchang Chemical","description":"DP-D264R High M.W. block style copolymer solution with pigment affinity groups Coating Additive is a coating additive for coatings, inks and specialty","robots":{"index":"index","follow":"follow","max-snippet":"max-snippet:-1","max-image-preview":"max-image-preview:large","max-video-preview":"max-video-preview:-1"},"canonical":"https:\/\/longchangchemical.com\/tr\/product\/agesin-dp-d264r-2\/","og_locale":"tr_TR","og_type":"article","og_title":"DP-D264R High M.W. block style copolymer solution with | Longchang Chemical","og_description":"DP-D264R High M.W. block style copolymer solution with pigment affinity groups Coating Additive is a coating additive for coatings, inks and specialty","og_url":"https:\/\/longchangchemical.com\/tr\/product\/agesin-dp-d264r-2\/","og_site_name":"Longchang Chemical","article_modified_time":"2025-04-01T07:07:27+00:00","og_image":[{"width":1000,"height":1000,"url":"https:\/\/longchangchemical.com\/wp-content\/uploads\/2024\/02\/logo-jpeg.jpg","type":"image\/jpeg"}],"twitter_card":"summary_large_image","schema":{"@context":"https:\/\/schema.org","@graph":[{"@type":"WebPage","@id":"https:\/\/longchangchemical.com\/product\/agesin-dp-d264r-2\/","url":"https:\/\/longchangchemical.com\/product\/agesin-dp-d264r-2\/","name":"DP-D264R High M.W. block style copolymer solution with | Longchang Chemical","isPartOf":{"@id":"https:\/\/longchangchemical.com\/#website"},"datePublished":"2023-09-14T07:58:33+00:00","dateModified":"2025-04-01T07:07:27+00:00","description":"DP-D264R High M.W. block style copolymer solution with pigment affinity groups Coating Additive is a coating additive for coatings, inks and specialty","breadcrumb":{"@id":"https:\/\/longchangchemical.com\/product\/agesin-dp-d264r-2\/#breadcrumb"},"inLanguage":"tr","potentialAction":[{"@type":"ReadAction","target":["https:\/\/longchangchemical.com\/product\/agesin-dp-d264r-2\/"]}]},{"@type":"BreadcrumbList","@id":"https:\/\/longchangchemical.com\/product\/agesin-dp-d264r-2\/#breadcrumb","itemListElement":[{"@type":"ListItem","position":1,"name":"Home","item":"https:\/\/longchangchemical.com\/"},{"@type":"ListItem","position":2,"name":"Products Longchang","item":"https:\/\/longchangchemical.com\/product\/"},{"@type":"ListItem","position":3,"name":"CHLUMICRYL\u00ae DP-D264R \/ High M.W. block style copolymer solution with pigment affinity groups"}]},{"@type":"WebSite","@id":"https:\/\/longchangchemical.com\/#website","url":"https:\/\/longchangchemical.com\/","name":"Longchang Kimya","description":"\u00c7in kimyasal \u00fcreticisi \uff06 tedarik\u00e7isi","publisher":{"@id":"https:\/\/longchangchemical.com\/#organization"},"potentialAction":[{"@type":"SearchAction","target":{"@type":"EntryPoint","urlTemplate":"https:\/\/longchangchemical.com\/?s={search_term_string}"},"query-input":{"@type":"PropertyValueSpecification","valueRequired":true,"valueName":"search_term_string"}}],"inLanguage":"tr"},{"@type":"Organization","@id":"https:\/\/longchangchemical.com\/#organization","name":"Longchang Kimya","url":"https:\/\/longchangchemical.com\/","logo":{"@type":"ImageObject","inLanguage":"tr","@id":"https:\/\/longchangchemical.com\/#\/schema\/logo\/image\/","url":"https:\/\/longchangchemical.com\/wp-content\/uploads\/2020\/08\/cropped-longchang-logo.png","contentUrl":"https:\/\/longchangchemical.com\/wp-content\/uploads\/2020\/08\/cropped-longchang-logo.png","width":512,"height":512,"caption":"Longchang Chemical"},"image":{"@id":"https:\/\/longchangchemical.com\/#\/schema\/logo\/image\/"}}]}},"_links":{"self":[{"href":"https:\/\/longchangchemical.com\/tr\/wp-json\/wp\/v2\/product\/6238","targetHints":{"allow":["GET"]}}],"collection":[{"href":"https:\/\/longchangchemical.com\/tr\/wp-json\/wp\/v2\/product"}],"about":[{"href":"https:\/\/longchangchemical.com\/tr\/wp-json\/wp\/v2\/types\/product"}],"replies":[{"embeddable":true,"href":"https:\/\/longchangchemical.com\/tr\/wp-json\/wp\/v2\/comments?post=6238"}],"wp:attachment":[{"href":"https:\/\/longchangchemical.com\/tr\/wp-json\/wp\/v2\/media?parent=6238"}],"wp:term":[{"taxonomy":"product_brand","embeddable":true,"href":"https:\/\/longchangchemical.com\/tr\/wp-json\/wp\/v2\/product_brand?post=6238"},{"taxonomy":"product_cat","embeddable":true,"href":"https:\/\/longchangchemical.com\/tr\/wp-json\/wp\/v2\/product_cat?post=6238"},{"taxonomy":"product_tag","embeddable":true,"href":"https:\/\/longchangchemical.com\/tr\/wp-json\/wp\/v2\/product_tag?post=6238"}],"curies":[{"name":"wp","href":"https:\/\/api.w.org\/{rel}","templated":true}]}}