{"id":6205,"date":"2023-08-18T07:59:18","date_gmt":"2023-08-18T07:59:18","guid":{"rendered":"https:\/\/longchangchemical.com\/?post_type=product&#038;p=6205"},"modified":"2026-05-08T08:26:25","modified_gmt":"2026-05-08T08:26:25","slug":"uv-5151-cas-104810-48-2","status":"publish","type":"product","link":"https:\/\/longchangchemical.com\/tr\/product\/uv-5151-cas-104810-48-2\/","title":{"rendered":"CHLUMILS\u00ae UV 5151 \/ I\u015f\u0131k stabilizat\u00f6r\u00fc 5151 CAS 104810-48-2"},"content":{"rendered":"<h2><strong>UV 5151 \/ I\u015f\u0131k stabilizat\u00f6r\u00fc 5151 CAS 104810-48-2<\/strong><\/h2>\n<table style=\"border-collapse: collapse; width: 366.77pt;\" border=\"0\" width=\"489\" cellspacing=\"0\" cellpadding=\"0\">\n<tbody>\n<tr style=\"height: 17.25pt;\">\n<td class=\"et2\" style=\"height: 17.25pt; width: 164.25pt;\" width=\"219\" height=\"23\">G\u00f6r\u00fcn\u00fc\u015f<\/td>\n<td class=\"et3\" style=\"width: 202.50pt;\" width=\"270\">Kehribar renkli viskoz s\u0131v\u0131<\/td>\n<\/tr>\n<tr style=\"height: 17.25pt;\">\n<td class=\"et2\" style=\"height: 17.25pt; width: 164.25pt;\" width=\"219\" height=\"23\">\u0130\u00e7erik<\/td>\n<td class=\"et3\" style=\"width: 202.50pt;\" width=\"270\">\u226593%<\/td>\n<\/tr>\n<tr style=\"height: 17.25pt;\">\n<td class=\"et2\" style=\"height: 17.25pt; width: 164.25pt;\" width=\"219\" height=\"23\">Viskozite@20<span class=\"font3\">\u2103<\/span><\/td>\n<td class=\"et3\" style=\"width: 202.50pt;\" width=\"270\">7000mPa.s<\/td>\n<\/tr>\n<tr style=\"height: 17.25pt;\">\n<td class=\"et2\" style=\"height: 17.25pt; width: 164.25pt;\" width=\"219\" height=\"23\">Yo\u011funluk<\/td>\n<td class=\"et3\" style=\"width: 202.50pt;\" width=\"270\">1.10g\/cm3<\/td>\n<\/tr>\n<tr style=\"height: 17.25pt;\">\n<td class=\"et2\" style=\"height: 17.25pt; width: 164.25pt;\" width=\"219\" height=\"23\">K\u00fcl<\/td>\n<td class=\"et3\" style=\"width: 202.50pt;\" width=\"270\">\u22640,1%<\/td>\n<\/tr>\n<tr style=\"height: 17.25pt;\">\n<td class=\"et2\" style=\"height: 17.25pt; width: 164.25pt;\" width=\"219\" height=\"23\">Volatilite<\/td>\n<td class=\"et3\" style=\"width: 202.50pt;\" width=\"270\">\u22640,5%<\/td>\n<\/tr>\n<tr style=\"height: 17.25pt;\">\n<td class=\"et4\" style=\"height: 34.50pt; width: 164.25pt;\" rowspan=\"2\" width=\"219\" height=\"46\">Ge\u00e7irgenlik<\/td>\n<td class=\"et3\" style=\"width: 202.50pt;\" width=\"270\">460nm\u226595%<\/td>\n<\/tr>\n<tr style=\"height: 17.25pt;\">\n<td class=\"et3\" style=\"width: 202.50pt;\" width=\"270\">500nm\u226597%<\/td>\n<\/tr>\n<tr style=\"height: 17.25pt;\">\n<td class=\"et2\" style=\"height: 17.25pt; width: 164.25pt;\" width=\"219\" height=\"23\">Ambalaj \u00f6zellikleri<\/td>\n<td class=\"et3\" style=\"width: 202.50pt;\" width=\"270\">25kg 200kg<\/td>\n<\/tr>\n<\/tbody>\n<\/table>\n<h2><strong>UV 5151 Kullan\u0131m\u0131<\/strong><\/h2>\n<p>I\u015f\u0131k stabilizat\u00f6r\u00fc UV5151, iyi uyumluluk, d\u00fc\u015f\u00fck u\u00e7uculuk, iyi da\u011f\u0131l\u0131m, d\u00fc\u015f\u00fck migrasyon, iyi termal stabilite ve y\u00fcksek \u0131\u015f\u0131k stabilitesi ile karakterize edilen s\u0131v\u0131 hidroksifenilbenzotriazol UV emici ve s\u0131v\u0131 engellenmi\u015f amin \u0131\u015f\u0131k stabilizat\u00f6r\u00fcn\u00fcn sinerjik bir kar\u0131\u015f\u0131m\u0131d\u0131r. \u00d6zel hidroksil grubu, sulu sistemi em\u00fclsifiye etmesi kolay, sulu sistemde dispersiyon, dietilen glikol dietil eter gibi sulu \u00e7\u00f6z\u00fcc\u00fcler i\u00e7inde \u00e7\u00f6z\u00fclerek elde edilebilir. Otomotiv kaplamalar\u0131n\u0131n, end\u00fcstriyel kaplamalar\u0131n, ah\u015fap kaplamalar\u0131n, \u00f6zellikle su bazl\u0131 kaplamalar\u0131n y\u00fcksek s\u0131cakl\u0131kta pi\u015firme ve sert gereksinimleri i\u00e7in uygundur.<\/p>\n<p>&nbsp;<\/p>\n<p><span style=\"color: #0267c1;\"><!--more--><\/span><\/p>\n<blockquote>\n<h3>\u015eimdi Bize Ula\u015f\u0131n!<\/h3>\n<h3>Fiyat veya numune testine ihtiyac\u0131n\u0131z varsa, l\u00fctfen bize e-posta g\u00f6nderin <span style=\"color: #0267c1;\"><a style=\"color: #0267c1;\" href=\"mailto:info@longchangchemical.com\"><strong>info@longchangchemical.com<\/strong><\/a><\/span>veya h\u0131zl\u0131 yan\u0131t almak i\u00e7in web sitesi canl\u0131 sohbetini kullan\u0131n.<\/h3>\n<\/blockquote>\n<p>&nbsp;<\/p>","protected":false},"excerpt":{"rendered":"<p>UV 5151 Light stabilizer 5151 CAS 104810-48-2 is a light stabilizer for polyolefin, coating and outdoor polymer systems. Key properties include which is characterized by good compatibility, low volatility, and good dispersion.<\/p>","protected":false},"featured_media":6206,"comment_status":"open","ping_status":"closed","template":"","meta":[],"product_brand":[],"product_cat":[104],"product_tag":[],"class_list":{"0":"post-6205","1":"product","2":"type-product","3":"status-publish","4":"has-post-thumbnail","6":"product_cat-light-stabilizer","8":"first","9":"instock","10":"shipping-taxable","11":"product-type-simple"},"yoast_head":"<!-- This site is optimized with the Yoast SEO plugin v25.3.1 - https:\/\/yoast.com\/wordpress\/plugins\/seo\/ -->\n<title>China UV 5151 \/ Light stabilizer 5151 CAS 104810-48-2 Manufacturer - Longchang Chemical<\/title>\n<meta name=\"description\" content=\"UV 5151 \/ Light stabilizer 5151 CAS 104810-48-2 is a key product of Longchang Chemical. We provide the best price. We are the leading manufacturer in China with the best quality and competitive price.\" \/>\n<meta name=\"robots\" content=\"index, follow, max-snippet:-1, max-image-preview:large, max-video-preview:-1\" \/>\n<link rel=\"canonical\" href=\"https:\/\/longchangchemical.com\/tr\/product\/uv-5151-cas-104810-48-2\/\" \/>\n<meta property=\"og:locale\" content=\"tr_TR\" \/>\n<meta property=\"og:type\" content=\"article\" \/>\n<meta property=\"og:title\" content=\"China UV 5151 \/ Light stabilizer 5151 CAS 104810-48-2 Manufacturer - Longchang Chemical\" \/>\n<meta property=\"og:description\" content=\"UV 5151 \/ Light stabilizer 5151 CAS 104810-48-2 is a key product of Longchang Chemical. We provide the best price. We are the leading manufacturer in China with the best quality and competitive price.\" \/>\n<meta property=\"og:url\" content=\"https:\/\/longchangchemical.com\/tr\/product\/uv-5151-cas-104810-48-2\/\" \/>\n<meta property=\"og:site_name\" content=\"Longchang Chemical\" \/>\n<meta property=\"article:modified_time\" content=\"2026-05-08T08:26:25+00:00\" \/>\n<meta property=\"og:image\" content=\"https:\/\/longchangchemical.com\/wp-content\/uploads\/2023\/08\/UV-5151.png\" \/>\n\t<meta property=\"og:image:width\" content=\"440\" \/>\n\t<meta property=\"og:image:height\" content=\"747\" \/>\n\t<meta property=\"og:image:type\" content=\"image\/png\" \/>\n<meta name=\"twitter:card\" content=\"summary_large_image\" \/>\n<script type=\"application\/ld+json\" class=\"yoast-schema-graph\">{\"@context\":\"https:\/\/schema.org\",\"@graph\":[{\"@type\":\"WebPage\",\"@id\":\"https:\/\/longchangchemical.com\/product\/uv-5151-cas-104810-48-2\/\",\"url\":\"https:\/\/longchangchemical.com\/product\/uv-5151-cas-104810-48-2\/\",\"name\":\"China UV 5151 \/ Light stabilizer 5151 CAS 104810-48-2 Manufacturer - Longchang Chemical\",\"isPartOf\":{\"@id\":\"https:\/\/longchangchemical.com\/#website\"},\"primaryImageOfPage\":{\"@id\":\"https:\/\/longchangchemical.com\/product\/uv-5151-cas-104810-48-2\/#primaryimage\"},\"image\":{\"@id\":\"https:\/\/longchangchemical.com\/product\/uv-5151-cas-104810-48-2\/#primaryimage\"},\"thumbnailUrl\":\"https:\/\/longchangchemical.com\/wp-content\/uploads\/2023\/08\/UV-5151.png\",\"datePublished\":\"2023-08-18T07:59:18+00:00\",\"dateModified\":\"2026-05-08T08:26:25+00:00\",\"description\":\"UV 5151 \/ Light stabilizer 5151 CAS 104810-48-2 is a key product of Longchang Chemical. We provide the best price. We are the leading manufacturer in China with the best quality and competitive price.\",\"breadcrumb\":{\"@id\":\"https:\/\/longchangchemical.com\/product\/uv-5151-cas-104810-48-2\/#breadcrumb\"},\"inLanguage\":\"tr\",\"potentialAction\":[{\"@type\":\"ReadAction\",\"target\":[\"https:\/\/longchangchemical.com\/product\/uv-5151-cas-104810-48-2\/\"]}]},{\"@type\":\"ImageObject\",\"inLanguage\":\"tr\",\"@id\":\"https:\/\/longchangchemical.com\/product\/uv-5151-cas-104810-48-2\/#primaryimage\",\"url\":\"https:\/\/longchangchemical.com\/wp-content\/uploads\/2023\/08\/UV-5151.png\",\"contentUrl\":\"https:\/\/longchangchemical.com\/wp-content\/uploads\/2023\/08\/UV-5151.png\",\"width\":440,\"height\":747},{\"@type\":\"BreadcrumbList\",\"@id\":\"https:\/\/longchangchemical.com\/product\/uv-5151-cas-104810-48-2\/#breadcrumb\",\"itemListElement\":[{\"@type\":\"ListItem\",\"position\":1,\"name\":\"Home\",\"item\":\"https:\/\/longchangchemical.com\/\"},{\"@type\":\"ListItem\",\"position\":2,\"name\":\"Products Longchang\",\"item\":\"https:\/\/longchangchemical.com\/product\/\"},{\"@type\":\"ListItem\",\"position\":3,\"name\":\"CHLUMILS\u00ae UV 5151 \/ Light stabilizer 5151 CAS 104810-48-2\"}]},{\"@type\":\"WebSite\",\"@id\":\"https:\/\/longchangchemical.com\/#website\",\"url\":\"https:\/\/longchangchemical.com\/\",\"name\":\"Longchang Chemical\",\"description\":\"China chemical manufacturer \uff06 supplier\",\"publisher\":{\"@id\":\"https:\/\/longchangchemical.com\/#organization\"},\"potentialAction\":[{\"@type\":\"SearchAction\",\"target\":{\"@type\":\"EntryPoint\",\"urlTemplate\":\"https:\/\/longchangchemical.com\/?s={search_term_string}\"},\"query-input\":{\"@type\":\"PropertyValueSpecification\",\"valueRequired\":true,\"valueName\":\"search_term_string\"}}],\"inLanguage\":\"tr\"},{\"@type\":\"Organization\",\"@id\":\"https:\/\/longchangchemical.com\/#organization\",\"name\":\"Longchang Chemical\",\"url\":\"https:\/\/longchangchemical.com\/\",\"logo\":{\"@type\":\"ImageObject\",\"inLanguage\":\"tr\",\"@id\":\"https:\/\/longchangchemical.com\/#\/schema\/logo\/image\/\",\"url\":\"https:\/\/longchangchemical.com\/wp-content\/uploads\/2020\/08\/cropped-longchang-logo.png\",\"contentUrl\":\"https:\/\/longchangchemical.com\/wp-content\/uploads\/2020\/08\/cropped-longchang-logo.png\",\"width\":512,\"height\":512,\"caption\":\"Longchang Chemical\"},\"image\":{\"@id\":\"https:\/\/longchangchemical.com\/#\/schema\/logo\/image\/\"}}]}<\/script>\n<!-- \/ Yoast SEO plugin. -->","yoast_head_json":{"title":"\u00c7in UV 5151 \/ I\u015f\u0131k stabilizat\u00f6r\u00fc 5151 CAS 104810-48-2 \u00dcretici - Longchang Chemical","description":"UV 5151 \/ I\u015f\u0131k stabilizat\u00f6r\u00fc 5151 CAS 104810-48-2, Longchang Chemical'\u0131n \u00f6nemli bir \u00fcr\u00fcn\u00fcd\u00fcr. En iyi fiyat\u0131 sa\u011fl\u0131yoruz. En iyi kalite ve rekabet\u00e7i fiyat ile \u00c7in'in \u00f6nde gelen \u00fcreticisiyiz.","robots":{"index":"index","follow":"follow","max-snippet":"max-snippet:-1","max-image-preview":"max-image-preview:large","max-video-preview":"max-video-preview:-1"},"canonical":"https:\/\/longchangchemical.com\/tr\/product\/uv-5151-cas-104810-48-2\/","og_locale":"tr_TR","og_type":"article","og_title":"China UV 5151 \/ Light stabilizer 5151 CAS 104810-48-2 Manufacturer - Longchang Chemical","og_description":"UV 5151 \/ Light stabilizer 5151 CAS 104810-48-2 is a key product of Longchang Chemical. We provide the best price. We are the leading manufacturer in China with the best quality and competitive price.","og_url":"https:\/\/longchangchemical.com\/tr\/product\/uv-5151-cas-104810-48-2\/","og_site_name":"Longchang Chemical","article_modified_time":"2026-05-08T08:26:25+00:00","og_image":[{"width":440,"height":747,"url":"https:\/\/longchangchemical.com\/wp-content\/uploads\/2023\/08\/UV-5151.png","type":"image\/png"}],"twitter_card":"summary_large_image","schema":{"@context":"https:\/\/schema.org","@graph":[{"@type":"WebPage","@id":"https:\/\/longchangchemical.com\/product\/uv-5151-cas-104810-48-2\/","url":"https:\/\/longchangchemical.com\/product\/uv-5151-cas-104810-48-2\/","name":"\u00c7in UV 5151 \/ I\u015f\u0131k stabilizat\u00f6r\u00fc 5151 CAS 104810-48-2 \u00dcretici - Longchang Chemical","isPartOf":{"@id":"https:\/\/longchangchemical.com\/#website"},"primaryImageOfPage":{"@id":"https:\/\/longchangchemical.com\/product\/uv-5151-cas-104810-48-2\/#primaryimage"},"image":{"@id":"https:\/\/longchangchemical.com\/product\/uv-5151-cas-104810-48-2\/#primaryimage"},"thumbnailUrl":"https:\/\/longchangchemical.com\/wp-content\/uploads\/2023\/08\/UV-5151.png","datePublished":"2023-08-18T07:59:18+00:00","dateModified":"2026-05-08T08:26:25+00:00","description":"UV 5151 \/ I\u015f\u0131k stabilizat\u00f6r\u00fc 5151 CAS 104810-48-2, Longchang Chemical'\u0131n \u00f6nemli bir \u00fcr\u00fcn\u00fcd\u00fcr. En iyi fiyat\u0131 sa\u011fl\u0131yoruz. En iyi kalite ve rekabet\u00e7i fiyat ile \u00c7in'in \u00f6nde gelen \u00fcreticisiyiz.","breadcrumb":{"@id":"https:\/\/longchangchemical.com\/product\/uv-5151-cas-104810-48-2\/#breadcrumb"},"inLanguage":"tr","potentialAction":[{"@type":"ReadAction","target":["https:\/\/longchangchemical.com\/product\/uv-5151-cas-104810-48-2\/"]}]},{"@type":"ImageObject","inLanguage":"tr","@id":"https:\/\/longchangchemical.com\/product\/uv-5151-cas-104810-48-2\/#primaryimage","url":"https:\/\/longchangchemical.com\/wp-content\/uploads\/2023\/08\/UV-5151.png","contentUrl":"https:\/\/longchangchemical.com\/wp-content\/uploads\/2023\/08\/UV-5151.png","width":440,"height":747},{"@type":"BreadcrumbList","@id":"https:\/\/longchangchemical.com\/product\/uv-5151-cas-104810-48-2\/#breadcrumb","itemListElement":[{"@type":"ListItem","position":1,"name":"Home","item":"https:\/\/longchangchemical.com\/"},{"@type":"ListItem","position":2,"name":"Products Longchang","item":"https:\/\/longchangchemical.com\/product\/"},{"@type":"ListItem","position":3,"name":"CHLUMILS\u00ae UV 5151 \/ Light stabilizer 5151 CAS 104810-48-2"}]},{"@type":"WebSite","@id":"https:\/\/longchangchemical.com\/#website","url":"https:\/\/longchangchemical.com\/","name":"Longchang Kimya","description":"\u00c7in kimyasal \u00fcreticisi \uff06 tedarik\u00e7isi","publisher":{"@id":"https:\/\/longchangchemical.com\/#organization"},"potentialAction":[{"@type":"SearchAction","target":{"@type":"EntryPoint","urlTemplate":"https:\/\/longchangchemical.com\/?s={search_term_string}"},"query-input":{"@type":"PropertyValueSpecification","valueRequired":true,"valueName":"search_term_string"}}],"inLanguage":"tr"},{"@type":"Organization","@id":"https:\/\/longchangchemical.com\/#organization","name":"Longchang Kimya","url":"https:\/\/longchangchemical.com\/","logo":{"@type":"ImageObject","inLanguage":"tr","@id":"https:\/\/longchangchemical.com\/#\/schema\/logo\/image\/","url":"https:\/\/longchangchemical.com\/wp-content\/uploads\/2020\/08\/cropped-longchang-logo.png","contentUrl":"https:\/\/longchangchemical.com\/wp-content\/uploads\/2020\/08\/cropped-longchang-logo.png","width":512,"height":512,"caption":"Longchang Chemical"},"image":{"@id":"https:\/\/longchangchemical.com\/#\/schema\/logo\/image\/"}}]}},"_links":{"self":[{"href":"https:\/\/longchangchemical.com\/tr\/wp-json\/wp\/v2\/product\/6205","targetHints":{"allow":["GET"]}}],"collection":[{"href":"https:\/\/longchangchemical.com\/tr\/wp-json\/wp\/v2\/product"}],"about":[{"href":"https:\/\/longchangchemical.com\/tr\/wp-json\/wp\/v2\/types\/product"}],"replies":[{"embeddable":true,"href":"https:\/\/longchangchemical.com\/tr\/wp-json\/wp\/v2\/comments?post=6205"}],"wp:featuredmedia":[{"embeddable":true,"href":"https:\/\/longchangchemical.com\/tr\/wp-json\/wp\/v2\/media\/6206"}],"wp:attachment":[{"href":"https:\/\/longchangchemical.com\/tr\/wp-json\/wp\/v2\/media?parent=6205"}],"wp:term":[{"taxonomy":"product_brand","embeddable":true,"href":"https:\/\/longchangchemical.com\/tr\/wp-json\/wp\/v2\/product_brand?post=6205"},{"taxonomy":"product_cat","embeddable":true,"href":"https:\/\/longchangchemical.com\/tr\/wp-json\/wp\/v2\/product_cat?post=6205"},{"taxonomy":"product_tag","embeddable":true,"href":"https:\/\/longchangchemical.com\/tr\/wp-json\/wp\/v2\/product_tag?post=6205"}],"curies":[{"name":"wp","href":"https:\/\/api.w.org\/{rel}","templated":true}]}}