{"id":6195,"date":"2023-07-28T07:17:59","date_gmt":"2023-07-28T07:17:59","guid":{"rendered":"https:\/\/longchangchemical.com\/?post_type=product&#038;p=6195"},"modified":"2025-04-01T07:07:46","modified_gmt":"2025-04-01T07:07:46","slug":"agesinfs-d8950br","status":"publish","type":"product","link":"https:\/\/longchangchemical.com\/tr\/product\/agesinfs-d8950br\/","title":{"rendered":"CHLUMICRYL\u00ae FS-D8950BR"},"content":{"rendered":"<h1>Florokarbon kopolimer \u00e7\u00f6zeltisi<\/h1>\n<p><strong>\u00dcr\u00fcn Numaras\u0131<\/strong>: FS-D8950BR<\/p>\n<p><strong>E\u015fde\u011fer alternatifler<\/strong>:BASF EFKA 3650 ( FS-D8950BR daha iyi b\u00fcz\u00fclme \u00f6nleme \u00f6zelli\u011fine sahiptir.)<\/p>\n<p><strong>\u015eartname<\/strong><\/p>\n<table border=\"0\" width=\"100%\" cellspacing=\"0\">\n<tbody>\n<tr>\n<td valign=\"top\" width=\"339\">Kompozisyon<\/td>\n<td colspan=\"2\" valign=\"top\" width=\"339\">Florokarbon kopolimer \u00e7\u00f6zeltisi<\/td>\n<\/tr>\n<tr>\n<td valign=\"top\" width=\"339\">G\u00f6r\u00fcn\u00fc\u015f<\/td>\n<td colspan=\"2\" valign=\"top\" width=\"339\">\n<p align=\"justify\">\u015eeffaf ila hafif sar\u0131ms\u0131 berrak s\u0131v\u0131<\/p>\n<\/td>\n<\/tr>\n<tr>\n<td valign=\"top\" width=\"339\">Solvent<\/td>\n<td colspan=\"2\" valign=\"top\" width=\"339\">Dibazik ester<\/td>\n<\/tr>\n<tr>\n<td valign=\"top\" width=\"339\">Aktif madde<\/td>\n<td colspan=\"2\" valign=\"top\" width=\"339\">50%<\/td>\n<\/tr>\n<tr>\n<td valign=\"top\" width=\"339\">Yo\u011funluk<\/td>\n<td colspan=\"2\" valign=\"top\" width=\"339\">1,14-1,18 g\/ml (25\u00b11)\u2103<\/td>\n<\/tr>\n<tr>\n<td valign=\"top\" width=\"339\">Viskozite<\/td>\n<td colspan=\"2\" valign=\"top\" width=\"339\">\n<p align=\"justify\">6-40s(Tu-4 viscometer)(25\u00b10.2)\u2103<\/p>\n<\/td>\n<\/tr>\n<tr>\n<td valign=\"top\" width=\"339\">Parlama noktas\u0131<\/td>\n<td colspan=\"2\" valign=\"top\" width=\"339\">\uff1e100\u2103<\/td>\n<\/tr>\n<\/tbody>\n<\/table>\n<p><strong>\u00a0<\/strong>Not: Bu veri sayfas\u0131 standart de\u011fil tipik sonu\u00e7lar vermek \u00fczere haz\u0131rlanm\u0131\u015ft\u0131r ve COA'ya tabidir.<\/p>\n<p><strong>Uygulama sistemi<\/strong><\/p>\n<p>Solvent bazl\u0131 UV k\u00fcrleme<\/p>\n<p><strong>M\u00fclkler<\/strong><\/p>\n<p>Vernikte iyi uyumluluk.<br \/>\n\u0130yi uzun dalga dengeleme. Portakal kabu\u011fu fenomenini \u00f6nler.<br \/>\nM\u00fckemmel anti-cratering yetene\u011fi.<br \/>\nGeni\u015f alan p\u00fcsk\u00fcrtme i\u00e7in uygundur, k\u00f6p\u00fck inhibisyonu yoktur.<br \/>\nBadminton raketleri gibi \u00e7oklu renklerin \u0131slak p\u00fcsk\u00fcrt\u00fclmesi ve kurutulmas\u0131ndan sonra, renkler aras\u0131ndaki renk kanallanmas\u0131 olgusu \u00f6nlenebilir ve ortadan kald\u0131r\u0131labilir.\u00a0<strong>\u00a0<\/strong><\/p>\n<p><strong>\u015eirketle\u015fme<\/strong><strong>\u00a0<\/strong><strong>\u00a0<\/strong><\/p>\n<p>Sonradan ekleme de dahil olmak \u00fczere \u00fcretim s\u00fcrecinin herhangi bir a\u015famas\u0131nda eklenebilir.<strong>\u00a0<\/strong><strong>\u00a0<\/strong><\/p>\n<p><strong>Ekleme \u00f6nerisi<\/strong><strong>\u00a0<\/strong><strong>\u00a0<\/strong><\/p>\n<p>Toplam form\u00fclasyona ekleme 0.1-1.0%<strong>\u00a0<\/strong><strong>\u00a0<\/strong><\/p>\n<p><strong>Depolama kararl\u0131l\u0131\u011f\u0131<\/strong><\/p>\n<p>Orijinal ambalaj\u0131nda 24 ay bozulmadan saklay\u0131n\u0131z. Saklama s\u00fcresini a\u015fan \u00fcr\u00fcnler kontrol edildikten sonra kullan\u0131lmaya devam edilebilir. Kap kullan\u0131mdan hemen sonra kapat\u0131lmal\u0131d\u0131r.<\/p>\n<p><strong>Tavsiye ba\u015fvurusu<\/strong><\/p>\n<table border=\"0\" width=\"100%\" cellspacing=\"0\">\n<tbody>\n<tr>\n<td colspan=\"3\" valign=\"top\" width=\"331\">Vernikte \u015feffafl\u0131k<\/td>\n<td valign=\"top\" width=\"331\">4<\/td>\n<\/tr>\n<tr>\n<td colspan=\"3\" valign=\"top\" width=\"331\">K\u00f6p\u00fck giderici<\/td>\n<td valign=\"top\" width=\"331\">2<\/td>\n<\/tr>\n<tr>\n<td colspan=\"3\" valign=\"top\" width=\"331\">Dinamik y\u00fczey gerilimi<\/td>\n<td valign=\"top\" width=\"331\">4<\/td>\n<\/tr>\n<tr>\n<td colspan=\"3\" valign=\"top\" width=\"331\">Statik y\u00fczey gerilimi<\/td>\n<td valign=\"top\" width=\"331\">3.5<\/td>\n<\/tr>\n<tr>\n<td colspan=\"3\" valign=\"top\" width=\"331\">Kayma<\/td>\n<td valign=\"top\" width=\"331\">5<\/td>\n<\/tr>\n<\/tbody>\n<\/table>\n<p>0=mevcut de\u011fil 5=\u00e7ok etkili<\/p>\n<p><strong>paket<\/strong><\/p>\n<p>25KG \/ 180KG<\/p>\n<p><strong><b>Depolama:<\/b><\/strong><\/p>\n<div>\n<p>Kuru, temiz ve iyi havaland\u0131r\u0131lan bir depoda muhafaza edilecektir.<\/p>\n<p>I\u015f\u0131\u011fa ve \u0131s\u0131ya maruz b\u0131rakmaktan ka\u00e7\u0131n\u0131n.<\/p>\n<p>\u00dcr\u00fcn\u00fc nakliye s\u0131ras\u0131nda s\u0131z\u0131nt\u0131, ya\u011fmur ve g\u00fcne\u015ften korumak.<\/p>\n<\/div>","protected":false},"excerpt":{"rendered":"<p>\u00dcr\u00fcn tan\u0131m\u0131: Florokarbon kopolimer \u00e7\u00f6zeltisi<\/p>\n<p>E\u015fde\u011fer alternatifler: BASF EFKA 3650<\/p>\n<p>Uygulama sistemi: Solvent bazl\u0131 \/UV k\u00fcrleme<\/p>\n<p>\u00c7\u00f6z\u00fcc\u00fc: Dibazik ester<\/p>\n<p>Viskozite: 6-40s (Tu-4 viskozimetre) (25\u00b10,2)\u2103<\/p>\n<p>Paket: 25KG veya 180KG\/davul<\/p>","protected":false},"featured_media":6294,"comment_status":"closed","ping_status":"closed","template":"","meta":[],"product_brand":[],"product_cat":[138,147],"product_tag":[],"class_list":{"0":"post-6195","1":"product","2":"type-product","3":"status-publish","4":"has-post-thumbnail","6":"product_cat-coating-and-ink-additives","7":"product_cat-fluorine-surfactant","9":"first","10":"instock","11":"shipping-taxable","12":"product-type-simple"},"yoast_head":"<!-- This site is optimized with the Yoast SEO plugin v25.3.1 - https:\/\/yoast.com\/wordpress\/plugins\/seo\/ -->\n<title>China CHLUMICRYL\u00ae FS-D8950BR Manufacturer - Longchang Chemical<\/title>\n<meta name=\"description\" content=\"CHLUMICRYL\u00ae FS-D8950BR is a key product of Longchang Chemical. We provide the best price. We are the leading manufacturer in China with the best quality and competitive price.\" \/>\n<meta name=\"robots\" content=\"index, follow, max-snippet:-1, max-image-preview:large, max-video-preview:-1\" \/>\n<link rel=\"canonical\" href=\"https:\/\/longchangchemical.com\/tr\/product\/agesinfs-d8950br\/\" \/>\n<meta property=\"og:locale\" content=\"tr_TR\" \/>\n<meta property=\"og:type\" content=\"article\" \/>\n<meta property=\"og:title\" content=\"China CHLUMICRYL\u00ae FS-D8950BR Manufacturer - Longchang Chemical\" \/>\n<meta property=\"og:description\" content=\"CHLUMICRYL\u00ae FS-D8950BR is a key product of Longchang Chemical. We provide the best price. We are the leading manufacturer in China with the best quality and competitive price.\" \/>\n<meta property=\"og:url\" content=\"https:\/\/longchangchemical.com\/tr\/product\/agesinfs-d8950br\/\" \/>\n<meta property=\"og:site_name\" content=\"Longchang Chemical\" \/>\n<meta property=\"article:modified_time\" content=\"2025-04-01T07:07:46+00:00\" \/>\n<meta property=\"og:image\" content=\"https:\/\/longchangchemical.com\/wp-content\/uploads\/2023\/07\/-FS-D8950BR.jpg\" \/>\n\t<meta property=\"og:image:width\" content=\"800\" \/>\n\t<meta property=\"og:image:height\" content=\"800\" \/>\n\t<meta property=\"og:image:type\" content=\"image\/jpeg\" \/>\n<meta name=\"twitter:card\" content=\"summary_large_image\" \/>\n<script type=\"application\/ld+json\" class=\"yoast-schema-graph\">{\"@context\":\"https:\/\/schema.org\",\"@graph\":[{\"@type\":\"WebPage\",\"@id\":\"https:\/\/longchangchemical.com\/product\/agesinfs-d8950br\/\",\"url\":\"https:\/\/longchangchemical.com\/product\/agesinfs-d8950br\/\",\"name\":\"China CHLUMICRYL\u00ae FS-D8950BR Manufacturer - Longchang Chemical\",\"isPartOf\":{\"@id\":\"https:\/\/longchangchemical.com\/#website\"},\"primaryImageOfPage\":{\"@id\":\"https:\/\/longchangchemical.com\/product\/agesinfs-d8950br\/#primaryimage\"},\"image\":{\"@id\":\"https:\/\/longchangchemical.com\/product\/agesinfs-d8950br\/#primaryimage\"},\"thumbnailUrl\":\"https:\/\/longchangchemical.com\/wp-content\/uploads\/2023\/07\/-FS-D8950BR.jpg\",\"datePublished\":\"2023-07-28T07:17:59+00:00\",\"dateModified\":\"2025-04-01T07:07:46+00:00\",\"description\":\"CHLUMICRYL\u00ae FS-D8950BR is a key product of Longchang Chemical. We provide the best price. We are the leading manufacturer in China with the best quality and competitive price.\",\"breadcrumb\":{\"@id\":\"https:\/\/longchangchemical.com\/product\/agesinfs-d8950br\/#breadcrumb\"},\"inLanguage\":\"tr\",\"potentialAction\":[{\"@type\":\"ReadAction\",\"target\":[\"https:\/\/longchangchemical.com\/product\/agesinfs-d8950br\/\"]}]},{\"@type\":\"ImageObject\",\"inLanguage\":\"tr\",\"@id\":\"https:\/\/longchangchemical.com\/product\/agesinfs-d8950br\/#primaryimage\",\"url\":\"https:\/\/longchangchemical.com\/wp-content\/uploads\/2023\/07\/-FS-D8950BR.jpg\",\"contentUrl\":\"https:\/\/longchangchemical.com\/wp-content\/uploads\/2023\/07\/-FS-D8950BR.jpg\",\"width\":800,\"height\":800,\"caption\":\"FS-D8950BR\"},{\"@type\":\"BreadcrumbList\",\"@id\":\"https:\/\/longchangchemical.com\/product\/agesinfs-d8950br\/#breadcrumb\",\"itemListElement\":[{\"@type\":\"ListItem\",\"position\":1,\"name\":\"Home\",\"item\":\"https:\/\/longchangchemical.com\/\"},{\"@type\":\"ListItem\",\"position\":2,\"name\":\"Products Longchang\",\"item\":\"https:\/\/longchangchemical.com\/product\/\"},{\"@type\":\"ListItem\",\"position\":3,\"name\":\"CHLUMICRYL\u00ae FS-D8950BR\"}]},{\"@type\":\"WebSite\",\"@id\":\"https:\/\/longchangchemical.com\/#website\",\"url\":\"https:\/\/longchangchemical.com\/\",\"name\":\"Longchang Chemical\",\"description\":\"China chemical manufacturer \uff06 supplier\",\"publisher\":{\"@id\":\"https:\/\/longchangchemical.com\/#organization\"},\"potentialAction\":[{\"@type\":\"SearchAction\",\"target\":{\"@type\":\"EntryPoint\",\"urlTemplate\":\"https:\/\/longchangchemical.com\/?s={search_term_string}\"},\"query-input\":{\"@type\":\"PropertyValueSpecification\",\"valueRequired\":true,\"valueName\":\"search_term_string\"}}],\"inLanguage\":\"tr\"},{\"@type\":\"Organization\",\"@id\":\"https:\/\/longchangchemical.com\/#organization\",\"name\":\"Longchang Chemical\",\"url\":\"https:\/\/longchangchemical.com\/\",\"logo\":{\"@type\":\"ImageObject\",\"inLanguage\":\"tr\",\"@id\":\"https:\/\/longchangchemical.com\/#\/schema\/logo\/image\/\",\"url\":\"https:\/\/longchangchemical.com\/wp-content\/uploads\/2020\/08\/cropped-longchang-logo.png\",\"contentUrl\":\"https:\/\/longchangchemical.com\/wp-content\/uploads\/2020\/08\/cropped-longchang-logo.png\",\"width\":512,\"height\":512,\"caption\":\"Longchang Chemical\"},\"image\":{\"@id\":\"https:\/\/longchangchemical.com\/#\/schema\/logo\/image\/\"}}]}<\/script>\n<!-- \/ Yoast SEO plugin. -->","yoast_head_json":{"title":"\u00c7in CHLUMICRYL\u00ae FS-D8950BR \u00dcretici - Longchang Chemical","description":"CHLUMICRYL\u00ae FS-D8950BR, Longchang Chemical'\u0131n \u00f6nemli bir \u00fcr\u00fcn\u00fcd\u00fcr. En iyi fiyat\u0131 sa\u011fl\u0131yoruz. En iyi kalite ve rekabet\u00e7i fiyat ile \u00c7in'de lider \u00fcreticiyiz.","robots":{"index":"index","follow":"follow","max-snippet":"max-snippet:-1","max-image-preview":"max-image-preview:large","max-video-preview":"max-video-preview:-1"},"canonical":"https:\/\/longchangchemical.com\/tr\/product\/agesinfs-d8950br\/","og_locale":"tr_TR","og_type":"article","og_title":"China CHLUMICRYL\u00ae FS-D8950BR Manufacturer - Longchang Chemical","og_description":"CHLUMICRYL\u00ae FS-D8950BR is a key product of Longchang Chemical. We provide the best price. We are the leading manufacturer in China with the best quality and competitive price.","og_url":"https:\/\/longchangchemical.com\/tr\/product\/agesinfs-d8950br\/","og_site_name":"Longchang Chemical","article_modified_time":"2025-04-01T07:07:46+00:00","og_image":[{"width":800,"height":800,"url":"https:\/\/longchangchemical.com\/wp-content\/uploads\/2023\/07\/-FS-D8950BR.jpg","type":"image\/jpeg"}],"twitter_card":"summary_large_image","schema":{"@context":"https:\/\/schema.org","@graph":[{"@type":"WebPage","@id":"https:\/\/longchangchemical.com\/product\/agesinfs-d8950br\/","url":"https:\/\/longchangchemical.com\/product\/agesinfs-d8950br\/","name":"\u00c7in CHLUMICRYL\u00ae FS-D8950BR \u00dcretici - Longchang Chemical","isPartOf":{"@id":"https:\/\/longchangchemical.com\/#website"},"primaryImageOfPage":{"@id":"https:\/\/longchangchemical.com\/product\/agesinfs-d8950br\/#primaryimage"},"image":{"@id":"https:\/\/longchangchemical.com\/product\/agesinfs-d8950br\/#primaryimage"},"thumbnailUrl":"https:\/\/longchangchemical.com\/wp-content\/uploads\/2023\/07\/-FS-D8950BR.jpg","datePublished":"2023-07-28T07:17:59+00:00","dateModified":"2025-04-01T07:07:46+00:00","description":"CHLUMICRYL\u00ae FS-D8950BR, Longchang Chemical'\u0131n \u00f6nemli bir \u00fcr\u00fcn\u00fcd\u00fcr. En iyi fiyat\u0131 sa\u011fl\u0131yoruz. En iyi kalite ve rekabet\u00e7i fiyat ile \u00c7in'de lider \u00fcreticiyiz.","breadcrumb":{"@id":"https:\/\/longchangchemical.com\/product\/agesinfs-d8950br\/#breadcrumb"},"inLanguage":"tr","potentialAction":[{"@type":"ReadAction","target":["https:\/\/longchangchemical.com\/product\/agesinfs-d8950br\/"]}]},{"@type":"ImageObject","inLanguage":"tr","@id":"https:\/\/longchangchemical.com\/product\/agesinfs-d8950br\/#primaryimage","url":"https:\/\/longchangchemical.com\/wp-content\/uploads\/2023\/07\/-FS-D8950BR.jpg","contentUrl":"https:\/\/longchangchemical.com\/wp-content\/uploads\/2023\/07\/-FS-D8950BR.jpg","width":800,"height":800,"caption":"FS-D8950BR"},{"@type":"BreadcrumbList","@id":"https:\/\/longchangchemical.com\/product\/agesinfs-d8950br\/#breadcrumb","itemListElement":[{"@type":"ListItem","position":1,"name":"Home","item":"https:\/\/longchangchemical.com\/"},{"@type":"ListItem","position":2,"name":"Products Longchang","item":"https:\/\/longchangchemical.com\/product\/"},{"@type":"ListItem","position":3,"name":"CHLUMICRYL\u00ae FS-D8950BR"}]},{"@type":"WebSite","@id":"https:\/\/longchangchemical.com\/#website","url":"https:\/\/longchangchemical.com\/","name":"Longchang Kimya","description":"\u00c7in kimyasal \u00fcreticisi \uff06 tedarik\u00e7isi","publisher":{"@id":"https:\/\/longchangchemical.com\/#organization"},"potentialAction":[{"@type":"SearchAction","target":{"@type":"EntryPoint","urlTemplate":"https:\/\/longchangchemical.com\/?s={search_term_string}"},"query-input":{"@type":"PropertyValueSpecification","valueRequired":true,"valueName":"search_term_string"}}],"inLanguage":"tr"},{"@type":"Organization","@id":"https:\/\/longchangchemical.com\/#organization","name":"Longchang Kimya","url":"https:\/\/longchangchemical.com\/","logo":{"@type":"ImageObject","inLanguage":"tr","@id":"https:\/\/longchangchemical.com\/#\/schema\/logo\/image\/","url":"https:\/\/longchangchemical.com\/wp-content\/uploads\/2020\/08\/cropped-longchang-logo.png","contentUrl":"https:\/\/longchangchemical.com\/wp-content\/uploads\/2020\/08\/cropped-longchang-logo.png","width":512,"height":512,"caption":"Longchang Chemical"},"image":{"@id":"https:\/\/longchangchemical.com\/#\/schema\/logo\/image\/"}}]}},"_links":{"self":[{"href":"https:\/\/longchangchemical.com\/tr\/wp-json\/wp\/v2\/product\/6195","targetHints":{"allow":["GET"]}}],"collection":[{"href":"https:\/\/longchangchemical.com\/tr\/wp-json\/wp\/v2\/product"}],"about":[{"href":"https:\/\/longchangchemical.com\/tr\/wp-json\/wp\/v2\/types\/product"}],"replies":[{"embeddable":true,"href":"https:\/\/longchangchemical.com\/tr\/wp-json\/wp\/v2\/comments?post=6195"}],"wp:featuredmedia":[{"embeddable":true,"href":"https:\/\/longchangchemical.com\/tr\/wp-json\/wp\/v2\/media\/6294"}],"wp:attachment":[{"href":"https:\/\/longchangchemical.com\/tr\/wp-json\/wp\/v2\/media?parent=6195"}],"wp:term":[{"taxonomy":"product_brand","embeddable":true,"href":"https:\/\/longchangchemical.com\/tr\/wp-json\/wp\/v2\/product_brand?post=6195"},{"taxonomy":"product_cat","embeddable":true,"href":"https:\/\/longchangchemical.com\/tr\/wp-json\/wp\/v2\/product_cat?post=6195"},{"taxonomy":"product_tag","embeddable":true,"href":"https:\/\/longchangchemical.com\/tr\/wp-json\/wp\/v2\/product_tag?post=6195"}],"curies":[{"name":"wp","href":"https:\/\/api.w.org\/{rel}","templated":true}]}}