{"id":6186,"date":"2023-07-18T04:03:41","date_gmt":"2023-07-18T04:03:41","guid":{"rendered":"https:\/\/longchangchemical.com\/?post_type=product&#038;p=6186"},"modified":"2025-04-01T07:08:10","modified_gmt":"2025-04-01T07:08:10","slug":"agesin-wd-d547-wetting-agent","status":"publish","type":"product","link":"https:\/\/longchangchemical.com\/tr\/product\/agesin-wd-d547-wetting-agent\/","title":{"rendered":"CHLUMICRYL\u00ae WD-D547 \/ Islat\u0131c\u0131 madde"},"content":{"rendered":"<h1>Polieter modifiye polidimetil siloksan<\/h1>\n<p><strong>\u00dcr\u00fcn Numaras\u0131<\/strong>: WD-D547<\/p>\n<p><strong>E\u015fde\u011fer alternatifler-<\/strong>\u00a0BYK-346; Tego Islak 270<\/p>\n<p><strong><b>\u015eartname<\/b><\/strong><strong><b>:<\/b><\/strong><\/p>\n<table>\n<tbody>\n<tr>\n<td width=\"177\">Kompozisyon<\/td>\n<td width=\"448\">Polieter modifiye polidimetil siloksan<\/td>\n<\/tr>\n<tr>\n<td width=\"177\">G\u00f6r\u00fcn\u00fc\u015f<\/td>\n<td width=\"448\">Hafif sar\u0131ms\u0131 berrak s\u0131v\u0131<\/td>\n<\/tr>\n<tr>\n<td width=\"177\">Solvent<\/td>\n<td width=\"448\">--<\/td>\n<\/tr>\n<tr>\n<td width=\"177\">Yo\u011funluk (g\/ml) (25\u00b11)\u2103<\/td>\n<td width=\"448\">0.96-1.00<\/td>\n<\/tr>\n<tr>\n<td width=\"177\">Viskozite(s) (25\u00b10,2)\u2103<\/td>\n<td width=\"448\">7-24 (T-4 viskozimetre)<\/td>\n<\/tr>\n<tr>\n<td width=\"177\">Etkin madde %<\/td>\n<td width=\"448\">100<\/td>\n<\/tr>\n<\/tbody>\n<\/table>\n<p><em><i>Not: Bu veriler<\/i><\/em><em><i>\u00a0<\/i><\/em><em><i>sayfa standart de\u011fil, tipik sonu\u00e7lar vermek \u00fczere tasarlanm\u0131\u015ft\u0131r.COA'ya tabidir.<\/i><\/em><\/p>\n<p><strong><b>Uygulama sistemi<\/b><\/strong><strong><b>:<\/b><\/strong><\/p>\n<p>Su bazl\u0131 boya, solventli ve solventsiz boya, UV Cure boya.<\/p>\n<p><strong><b>M\u00fclkler<\/b><\/strong><strong><b>:<\/b><\/strong><\/p>\n<ul>\n<li>Su sistemindeki y\u00fczey gerilimini en etkili \u015fekilde azalt\u0131r.<\/li>\n<li>M\u00fckemmel \u0131slatma ve yay\u0131lma kabiliyeti.<\/li>\n<li>\u0130yi krater \u00f6nleme, yeniden kaplama, k\u00f6p\u00fck giderme ve tesviye performans\u0131.<\/li>\n<\/ul>\n<p><strong><b>\u015eirketle\u015fme<\/b><\/strong><strong><b>:<\/b><\/strong><\/p>\n<p>Katk\u0131 maddeleri do\u011frudan dahil edilebilir veya ilave edilmeden \u00f6nce seyreltilebilir.<\/p>\n<p><strong><b>Ekleme \u00f6nerisi<\/b><\/strong>:0.1-0.5%<\/p>\n<p><strong><b>Tavsiye ba\u015fvurusu<\/b><\/strong><\/p>\n<table>\n<tbody>\n<tr>\n<td width=\"232\">Vernikte \u015feffafl\u0131k<\/td>\n<td width=\"147\">1<\/td>\n<\/tr>\n<tr>\n<td width=\"232\">K\u00f6p\u00fck giderici<\/td>\n<td width=\"147\">3<\/td>\n<\/tr>\n<tr>\n<td width=\"232\">Dinamik y\u00fczey gerilimi<\/td>\n<td width=\"147\">3<\/td>\n<\/tr>\n<tr>\n<td width=\"232\">Statik y\u00fczey gerilimi<\/td>\n<td width=\"147\">4<\/td>\n<\/tr>\n<tr>\n<td width=\"232\">Kayma<\/td>\n<td width=\"147\">0<\/td>\n<\/tr>\n<\/tbody>\n<\/table>\n<p>0=mevcut de\u011fil 5=\u00e7ok etkili<\/p>\n<p><strong>paket<\/strong><\/p>\n<p>25KG \/ 180KG<\/p>\n<p><strong><b>Depolama:<\/b><\/strong><\/p>\n<div>\n<p>Kuru, temiz ve iyi havaland\u0131r\u0131lan bir depoda muhafaza edilecektir.<\/p>\n<p>I\u015f\u0131\u011fa ve \u0131s\u0131ya maruz b\u0131rakmaktan ka\u00e7\u0131n\u0131n.<\/p>\n<p>\u00dcr\u00fcn\u00fc nakliye s\u0131ras\u0131nda s\u0131z\u0131nt\u0131, ya\u011fmur ve g\u00fcne\u015ften korumak.<\/p>\n<h2><strong><b>\u015eimdi Bize Ula\u015f\u0131n!<\/b><\/strong><\/h2>\n<h4><strong><b>COA, MSDS veya TDS'ye ihtiyac\u0131n\u0131z varsa, l\u00fctfen a\u015fa\u011f\u0131daki forma ileti\u015fim bilgilerinizi girin, genellikle 24 saat i\u00e7inde sizinle ileti\u015fime ge\u00e7ece\u011fiz. Bana e-posta da g\u00f6nderebilirsiniz<span style=\"color: #00ccff;\"> <a style=\"color: #00ccff;\" href=\"mailto:info@longchangchemical.com\">info@longchangchemical.com<\/a><\/span> \u00c7al\u0131\u015fma saatleri i\u00e7inde (8:30 - 6:00 UTC+8 Pzt.~Sat.) veya h\u0131zl\u0131 yan\u0131t almak i\u00e7in web sitesi canl\u0131 sohbetini kullan\u0131n.<\/b><\/strong><\/h4>\n<\/div>","protected":false},"excerpt":{"rendered":"<p>\u00dcr\u00fcn tan\u0131m\u0131: Polieter modifiye polidimetil siloksan<\/p>\n<p>E\u015fde\u011fer alternatifler: BYK-346; Tego Islak 270<\/p>\n<p>Uygulama sistemi: Su bazl\u0131 \/ solventli ve solventsiz \/ UV K\u00fcr<\/p>\n<p>Viskozite: 7-24 (T-4 viskozimetre)<\/p>\n<p>Paket: 25KG veya 180KG\/davul<\/p>","protected":false},"featured_media":0,"comment_status":"closed","ping_status":"closed","template":"","meta":[],"product_brand":[],"product_cat":[138,145],"product_tag":[],"class_list":{"0":"post-6186","1":"product","2":"type-product","3":"status-publish","5":"product_cat-coating-and-ink-additives","6":"product_cat-wetting-agent","8":"first","9":"instock","10":"shipping-taxable","11":"product-type-simple"},"yoast_head":"<!-- This site is optimized with the Yoast SEO plugin v25.3.1 - https:\/\/yoast.com\/wordpress\/plugins\/seo\/ -->\n<title>China CHLUMICRYL\u00ae WD-D547 \/ Wetting agent Manufacturer - Longchang Chemical<\/title>\n<meta name=\"description\" content=\"CHLUMICRYL\u00ae WD-D547 \/ Wetting agent is a key product of Longchang Chemical. We provide the best price. We are the leading manufacturer in China with the best quality and competitive price.\" \/>\n<meta name=\"robots\" content=\"index, follow, max-snippet:-1, max-image-preview:large, max-video-preview:-1\" \/>\n<link rel=\"canonical\" href=\"https:\/\/longchangchemical.com\/tr\/product\/agesin-wd-d547-wetting-agent\/\" \/>\n<meta property=\"og:locale\" content=\"tr_TR\" \/>\n<meta property=\"og:type\" content=\"article\" \/>\n<meta property=\"og:title\" content=\"China CHLUMICRYL\u00ae WD-D547 \/ Wetting agent Manufacturer - Longchang Chemical\" \/>\n<meta property=\"og:description\" content=\"CHLUMICRYL\u00ae WD-D547 \/ Wetting agent is a key product of Longchang Chemical. We provide the best price. We are the leading manufacturer in China with the best quality and competitive price.\" \/>\n<meta property=\"og:url\" content=\"https:\/\/longchangchemical.com\/tr\/product\/agesin-wd-d547-wetting-agent\/\" \/>\n<meta property=\"og:site_name\" content=\"Longchang Chemical\" \/>\n<meta property=\"article:modified_time\" content=\"2025-04-01T07:08:10+00:00\" \/>\n<meta property=\"og:image\" content=\"https:\/\/longchangchemical.com\/wp-content\/uploads\/2024\/02\/logo-jpeg.jpg\" \/>\n\t<meta property=\"og:image:width\" content=\"1000\" \/>\n\t<meta property=\"og:image:height\" content=\"1000\" \/>\n\t<meta property=\"og:image:type\" content=\"image\/jpeg\" \/>\n<meta name=\"twitter:card\" content=\"summary_large_image\" \/>\n<script type=\"application\/ld+json\" class=\"yoast-schema-graph\">{\"@context\":\"https:\/\/schema.org\",\"@graph\":[{\"@type\":\"WebPage\",\"@id\":\"https:\/\/longchangchemical.com\/product\/agesin-wd-d547-wetting-agent\/\",\"url\":\"https:\/\/longchangchemical.com\/product\/agesin-wd-d547-wetting-agent\/\",\"name\":\"China CHLUMICRYL\u00ae WD-D547 \/ Wetting agent Manufacturer - Longchang Chemical\",\"isPartOf\":{\"@id\":\"https:\/\/longchangchemical.com\/#website\"},\"datePublished\":\"2023-07-18T04:03:41+00:00\",\"dateModified\":\"2025-04-01T07:08:10+00:00\",\"description\":\"CHLUMICRYL\u00ae WD-D547 \/ Wetting agent is a key product of Longchang Chemical. We provide the best price. We are the leading manufacturer in China with the best quality and competitive price.\",\"breadcrumb\":{\"@id\":\"https:\/\/longchangchemical.com\/product\/agesin-wd-d547-wetting-agent\/#breadcrumb\"},\"inLanguage\":\"tr\",\"potentialAction\":[{\"@type\":\"ReadAction\",\"target\":[\"https:\/\/longchangchemical.com\/product\/agesin-wd-d547-wetting-agent\/\"]}]},{\"@type\":\"BreadcrumbList\",\"@id\":\"https:\/\/longchangchemical.com\/product\/agesin-wd-d547-wetting-agent\/#breadcrumb\",\"itemListElement\":[{\"@type\":\"ListItem\",\"position\":1,\"name\":\"Home\",\"item\":\"https:\/\/longchangchemical.com\/\"},{\"@type\":\"ListItem\",\"position\":2,\"name\":\"Products Longchang\",\"item\":\"https:\/\/longchangchemical.com\/product\/\"},{\"@type\":\"ListItem\",\"position\":3,\"name\":\"CHLUMICRYL\u00ae WD-D547 \/ Wetting agent\"}]},{\"@type\":\"WebSite\",\"@id\":\"https:\/\/longchangchemical.com\/#website\",\"url\":\"https:\/\/longchangchemical.com\/\",\"name\":\"Longchang Chemical\",\"description\":\"China chemical manufacturer \uff06 supplier\",\"publisher\":{\"@id\":\"https:\/\/longchangchemical.com\/#organization\"},\"potentialAction\":[{\"@type\":\"SearchAction\",\"target\":{\"@type\":\"EntryPoint\",\"urlTemplate\":\"https:\/\/longchangchemical.com\/?s={search_term_string}\"},\"query-input\":{\"@type\":\"PropertyValueSpecification\",\"valueRequired\":true,\"valueName\":\"search_term_string\"}}],\"inLanguage\":\"tr\"},{\"@type\":\"Organization\",\"@id\":\"https:\/\/longchangchemical.com\/#organization\",\"name\":\"Longchang Chemical\",\"url\":\"https:\/\/longchangchemical.com\/\",\"logo\":{\"@type\":\"ImageObject\",\"inLanguage\":\"tr\",\"@id\":\"https:\/\/longchangchemical.com\/#\/schema\/logo\/image\/\",\"url\":\"https:\/\/longchangchemical.com\/wp-content\/uploads\/2020\/08\/cropped-longchang-logo.png\",\"contentUrl\":\"https:\/\/longchangchemical.com\/wp-content\/uploads\/2020\/08\/cropped-longchang-logo.png\",\"width\":512,\"height\":512,\"caption\":\"Longchang Chemical\"},\"image\":{\"@id\":\"https:\/\/longchangchemical.com\/#\/schema\/logo\/image\/\"}}]}<\/script>\n<!-- \/ Yoast SEO plugin. -->","yoast_head_json":{"title":"\u00c7in CHLUMICRYL\u00ae WD-D547 \/ Islatma maddesi \u00dcreticisi - Longchang Chemical","description":"CHLUMICRYL\u00ae WD-D547 \/ Wetting agent, Longchang Chemical'\u0131n \u00f6nemli bir \u00fcr\u00fcn\u00fcd\u00fcr. En iyi fiyat\u0131 sa\u011fl\u0131yoruz. En iyi kalite ve rekabet\u00e7i fiyat ile \u00c7in'in \u00f6nde gelen \u00fcreticisiyiz.","robots":{"index":"index","follow":"follow","max-snippet":"max-snippet:-1","max-image-preview":"max-image-preview:large","max-video-preview":"max-video-preview:-1"},"canonical":"https:\/\/longchangchemical.com\/tr\/product\/agesin-wd-d547-wetting-agent\/","og_locale":"tr_TR","og_type":"article","og_title":"China CHLUMICRYL\u00ae WD-D547 \/ Wetting agent Manufacturer - Longchang Chemical","og_description":"CHLUMICRYL\u00ae WD-D547 \/ Wetting agent is a key product of Longchang Chemical. We provide the best price. We are the leading manufacturer in China with the best quality and competitive price.","og_url":"https:\/\/longchangchemical.com\/tr\/product\/agesin-wd-d547-wetting-agent\/","og_site_name":"Longchang Chemical","article_modified_time":"2025-04-01T07:08:10+00:00","og_image":[{"width":1000,"height":1000,"url":"https:\/\/longchangchemical.com\/wp-content\/uploads\/2024\/02\/logo-jpeg.jpg","type":"image\/jpeg"}],"twitter_card":"summary_large_image","schema":{"@context":"https:\/\/schema.org","@graph":[{"@type":"WebPage","@id":"https:\/\/longchangchemical.com\/product\/agesin-wd-d547-wetting-agent\/","url":"https:\/\/longchangchemical.com\/product\/agesin-wd-d547-wetting-agent\/","name":"\u00c7in CHLUMICRYL\u00ae WD-D547 \/ Islatma maddesi \u00dcreticisi - Longchang Chemical","isPartOf":{"@id":"https:\/\/longchangchemical.com\/#website"},"datePublished":"2023-07-18T04:03:41+00:00","dateModified":"2025-04-01T07:08:10+00:00","description":"CHLUMICRYL\u00ae WD-D547 \/ Wetting agent, Longchang Chemical'\u0131n \u00f6nemli bir \u00fcr\u00fcn\u00fcd\u00fcr. En iyi fiyat\u0131 sa\u011fl\u0131yoruz. En iyi kalite ve rekabet\u00e7i fiyat ile \u00c7in'in \u00f6nde gelen \u00fcreticisiyiz.","breadcrumb":{"@id":"https:\/\/longchangchemical.com\/product\/agesin-wd-d547-wetting-agent\/#breadcrumb"},"inLanguage":"tr","potentialAction":[{"@type":"ReadAction","target":["https:\/\/longchangchemical.com\/product\/agesin-wd-d547-wetting-agent\/"]}]},{"@type":"BreadcrumbList","@id":"https:\/\/longchangchemical.com\/product\/agesin-wd-d547-wetting-agent\/#breadcrumb","itemListElement":[{"@type":"ListItem","position":1,"name":"Home","item":"https:\/\/longchangchemical.com\/"},{"@type":"ListItem","position":2,"name":"Products Longchang","item":"https:\/\/longchangchemical.com\/product\/"},{"@type":"ListItem","position":3,"name":"CHLUMICRYL\u00ae WD-D547 \/ Wetting agent"}]},{"@type":"WebSite","@id":"https:\/\/longchangchemical.com\/#website","url":"https:\/\/longchangchemical.com\/","name":"Longchang Kimya","description":"\u00c7in kimyasal \u00fcreticisi \uff06 tedarik\u00e7isi","publisher":{"@id":"https:\/\/longchangchemical.com\/#organization"},"potentialAction":[{"@type":"SearchAction","target":{"@type":"EntryPoint","urlTemplate":"https:\/\/longchangchemical.com\/?s={search_term_string}"},"query-input":{"@type":"PropertyValueSpecification","valueRequired":true,"valueName":"search_term_string"}}],"inLanguage":"tr"},{"@type":"Organization","@id":"https:\/\/longchangchemical.com\/#organization","name":"Longchang Kimya","url":"https:\/\/longchangchemical.com\/","logo":{"@type":"ImageObject","inLanguage":"tr","@id":"https:\/\/longchangchemical.com\/#\/schema\/logo\/image\/","url":"https:\/\/longchangchemical.com\/wp-content\/uploads\/2020\/08\/cropped-longchang-logo.png","contentUrl":"https:\/\/longchangchemical.com\/wp-content\/uploads\/2020\/08\/cropped-longchang-logo.png","width":512,"height":512,"caption":"Longchang Chemical"},"image":{"@id":"https:\/\/longchangchemical.com\/#\/schema\/logo\/image\/"}}]}},"_links":{"self":[{"href":"https:\/\/longchangchemical.com\/tr\/wp-json\/wp\/v2\/product\/6186","targetHints":{"allow":["GET"]}}],"collection":[{"href":"https:\/\/longchangchemical.com\/tr\/wp-json\/wp\/v2\/product"}],"about":[{"href":"https:\/\/longchangchemical.com\/tr\/wp-json\/wp\/v2\/types\/product"}],"replies":[{"embeddable":true,"href":"https:\/\/longchangchemical.com\/tr\/wp-json\/wp\/v2\/comments?post=6186"}],"wp:attachment":[{"href":"https:\/\/longchangchemical.com\/tr\/wp-json\/wp\/v2\/media?parent=6186"}],"wp:term":[{"taxonomy":"product_brand","embeddable":true,"href":"https:\/\/longchangchemical.com\/tr\/wp-json\/wp\/v2\/product_brand?post=6186"},{"taxonomy":"product_cat","embeddable":true,"href":"https:\/\/longchangchemical.com\/tr\/wp-json\/wp\/v2\/product_cat?post=6186"},{"taxonomy":"product_tag","embeddable":true,"href":"https:\/\/longchangchemical.com\/tr\/wp-json\/wp\/v2\/product_tag?post=6186"}],"curies":[{"name":"wp","href":"https:\/\/api.w.org\/{rel}","templated":true}]}}