{"id":6123,"date":"2023-05-30T06:19:00","date_gmt":"2023-05-30T06:19:00","guid":{"rendered":"https:\/\/longchangchemical.com\/?post_type=product&#038;p=6123"},"modified":"2025-04-01T07:18:55","modified_gmt":"2025-04-01T07:18:55","slug":"lcflex-p-23","status":"publish","type":"product","link":"https:\/\/longchangchemical.com\/tr\/product\/lcflex-p-23\/","title":{"rendered":"CHLUMIFLEX\u00ae P-23 \/ \u00c7ekirdekle\u015ftirici ajan P-23"},"content":{"rendered":"<p>&nbsp;<\/p>\n<p>\u00c7ekirdekle\u015ftirici ajan P-23, polimerlerin kristalle\u015fmesini h\u0131zland\u0131ran bir bile\u015fik \u00e7ekirdekle\u015ftiricidir. Polyester (PET, PBT) ve ayr\u0131ca naylon (PA6, PA66, PA11, PA12, kopolimer PA) i\u00e7in uygundur. P-23 polimer eriyi\u011fine eklendi\u011finde, \u00e7ok ince partik\u00fcller halinde kolayca da\u011f\u0131l\u0131r ve daha sonra \u00e7ok etkili bir \u00e7ekirdeklenme rol\u00fc oynar ve ince bir kristal yap\u0131 olu\u015fturur.<\/p>\n<h2><strong>CHLUMIFLEX\u00ae P-23 Kullan\u0131m\u0131<\/strong><\/h2>\n<p>Enjeksiyon kal\u0131plama i\u015fleminde a\u015fa\u011f\u0131daki avantajlara sahiptir:<\/p>\n<p>\u25c6Kal\u0131plama d\u00f6ng\u00fcs\u00fcn\u00fc k\u0131salt\u0131n ve \u00fcretkenli\u011fi art\u0131r\u0131n.<\/p>\n<p>\u25c6 Kal\u0131ptan \u00e7\u0131karmay\u0131 geli\u015ftirin.<\/p>\n<p>\u00dcr\u00fcnlerin boyutsal stabilitesini geli\u015ftirin.<\/p>\n<p>\u00dcr\u00fcnlerin sonradan b\u00fcz\u00fclmesini azalt\u0131n.<\/p>\n<p>\u00dcr\u00fcnlerin stres \u00e7atlamas\u0131n\u0131 \u00f6nleme.<\/p>\n<p>Mekanik \u00f6zellikleri iyile\u015ftirin (gerilme mukavemetini ve sertli\u011fi art\u0131r\u0131n).<\/p>\n<p>\u25c6Y\u00fczey parlakl\u0131\u011f\u0131n\u0131 art\u0131r\u0131n.<\/p>\n<p>Bu geli\u015ftirilmi\u015f \u00f6zellikler sadece takviyesiz malzemelerde mevcut de\u011fildir, ayn\u0131 zamanda takviyeli malzemelerde de etkilidir ve \u00f6zellikle cam elyaf takviyeli malzemeler i\u00e7in uygundur. Bu etkilerin nedeni, cam elyaflara k\u0131yasla naylon matris i\u00e7inde daha detayl\u0131 ve d\u00fczg\u00fcn bir kristal yap\u0131 olu\u015fturma kabiliyetidir.<\/p>\n<p>Kullan\u0131m:<\/p>\n<p>\u00c7ekirdekle\u015ftirici ajan P-23'\u00fcn optimum ilavesi, polimerin t\u00fcr\u00fcne ve nihai \u00fcr\u00fcn\u00fcn elde etmesi ama\u00e7lanan \u00f6zelliklere ba\u011fl\u0131 olarak yakla\u015f\u0131k 0,2-0,5%'dir. Do\u011frudan eklenebilir veya masterbatch olarak kullan\u0131labilir.<\/p>\n<p>Paketleme:<\/p>\n<p>\u00dcr\u00fcn, torba ba\u015f\u0131na net a\u011f\u0131rl\u0131\u011f\u0131 25 kg olan ka\u011f\u0131t torbalarda paketlenmi\u015ftir.<\/p>\n<p>&nbsp;<\/p>\n<h2><strong><b>\u015eimdi Bize Ula\u015f\u0131n!<\/b><\/strong><\/h2>\n<h4><strong><b>COA, MSDS veya TDS'ye ihtiyac\u0131n\u0131z varsa, l\u00fctfen a\u015fa\u011f\u0131daki forma ileti\u015fim bilgilerinizi girin, genellikle 24 saat i\u00e7inde sizinle ileti\u015fime ge\u00e7ece\u011fiz.<\/b><\/strong> Bana e-posta da g\u00f6nderebilirsiniz <a href=\"mailto:info@longchangchemical.com\"><span style=\"color: #0000ff;\">info@longchangchemical.com<\/span><\/a> \u00c7al\u0131\u015fma saatleri i\u00e7inde (8:30 - 6:00 UTC+8 Pzt.~Sat.) veya h\u0131zl\u0131 yan\u0131t almak i\u00e7in web sitesi canl\u0131 sohbetini kullan\u0131n.<\/h4>","protected":false},"excerpt":{"rendered":"<p>&nbsp; \u00c7ekirdekle\u015ftirici ajan P-23, polimerlerin kristalle\u015fmesini h\u0131zland\u0131ran bir bile\u015fik \u00e7ekirdekle\u015ftiricidir. Polyester (PET, PBT) ve ayr\u0131ca naylon (PA6, PA66, PA11, PA12, kopolimer PA) i\u00e7in uygundur. P-23 polimer eriyi\u011fine eklendi\u011finde, \u00e7ok ince par\u00e7ac\u0131klara kolayca da\u011f\u0131l\u0131r ve daha sonra \u00e7ok etkili bir \u00e7ekirdeklenme [...]<\/p>","protected":false},"featured_media":0,"comment_status":"open","ping_status":"closed","template":"","meta":[],"product_brand":[],"product_cat":[141],"product_tag":[],"class_list":{"0":"post-6123","1":"product","2":"type-product","3":"status-publish","5":"product_cat-nucleating-agent","7":"first","8":"instock","9":"shipping-taxable","10":"product-type-simple"},"yoast_head":"<!-- This site is optimized with the Yoast SEO plugin v25.3.1 - https:\/\/yoast.com\/wordpress\/plugins\/seo\/ -->\n<title>China CHLUMIFLEX\u00ae P-23 \/ Nucleating agent P-23 Manufacturer - Longchang Chemical<\/title>\n<meta name=\"description\" content=\"CHLUMIFLEX\u00ae P-23 \/ Nucleating agent P-23 is a key product of Longchang Chemical. We provide the best price. We are the leading manufacturer in China with the best quality and competitive price.\" \/>\n<meta name=\"robots\" content=\"index, follow, max-snippet:-1, max-image-preview:large, max-video-preview:-1\" \/>\n<link rel=\"canonical\" href=\"https:\/\/longchangchemical.com\/tr\/product\/lcflex-p-23\/\" \/>\n<meta property=\"og:locale\" content=\"tr_TR\" \/>\n<meta property=\"og:type\" content=\"article\" \/>\n<meta property=\"og:title\" content=\"China CHLUMIFLEX\u00ae P-23 \/ Nucleating agent P-23 Manufacturer - Longchang Chemical\" \/>\n<meta property=\"og:description\" content=\"CHLUMIFLEX\u00ae P-23 \/ Nucleating agent P-23 is a key product of Longchang Chemical. We provide the best price. We are the leading manufacturer in China with the best quality and competitive price.\" \/>\n<meta property=\"og:url\" content=\"https:\/\/longchangchemical.com\/tr\/product\/lcflex-p-23\/\" \/>\n<meta property=\"og:site_name\" content=\"Longchang Chemical\" \/>\n<meta property=\"article:modified_time\" content=\"2025-04-01T07:18:55+00:00\" \/>\n<meta property=\"og:image\" content=\"https:\/\/longchangchemical.com\/wp-content\/uploads\/2024\/02\/logo-jpeg.jpg\" \/>\n\t<meta property=\"og:image:width\" content=\"1000\" \/>\n\t<meta property=\"og:image:height\" content=\"1000\" \/>\n\t<meta property=\"og:image:type\" content=\"image\/jpeg\" \/>\n<meta name=\"twitter:card\" content=\"summary_large_image\" \/>\n<script type=\"application\/ld+json\" class=\"yoast-schema-graph\">{\"@context\":\"https:\/\/schema.org\",\"@graph\":[{\"@type\":\"WebPage\",\"@id\":\"https:\/\/longchangchemical.com\/product\/lcflex-p-23\/\",\"url\":\"https:\/\/longchangchemical.com\/product\/lcflex-p-23\/\",\"name\":\"China CHLUMIFLEX\u00ae P-23 \/ Nucleating agent P-23 Manufacturer - Longchang Chemical\",\"isPartOf\":{\"@id\":\"https:\/\/longchangchemical.com\/#website\"},\"datePublished\":\"2023-05-30T06:19:00+00:00\",\"dateModified\":\"2025-04-01T07:18:55+00:00\",\"description\":\"CHLUMIFLEX\u00ae P-23 \/ Nucleating agent P-23 is a key product of Longchang Chemical. We provide the best price. We are the leading manufacturer in China with the best quality and competitive price.\",\"breadcrumb\":{\"@id\":\"https:\/\/longchangchemical.com\/product\/lcflex-p-23\/#breadcrumb\"},\"inLanguage\":\"tr\",\"potentialAction\":[{\"@type\":\"ReadAction\",\"target\":[\"https:\/\/longchangchemical.com\/product\/lcflex-p-23\/\"]}]},{\"@type\":\"BreadcrumbList\",\"@id\":\"https:\/\/longchangchemical.com\/product\/lcflex-p-23\/#breadcrumb\",\"itemListElement\":[{\"@type\":\"ListItem\",\"position\":1,\"name\":\"Home\",\"item\":\"https:\/\/longchangchemical.com\/\"},{\"@type\":\"ListItem\",\"position\":2,\"name\":\"Products Longchang\",\"item\":\"https:\/\/longchangchemical.com\/product\/\"},{\"@type\":\"ListItem\",\"position\":3,\"name\":\"CHLUMIFLEX\u00ae P-23 \/ Nucleating agent P-23\"}]},{\"@type\":\"WebSite\",\"@id\":\"https:\/\/longchangchemical.com\/#website\",\"url\":\"https:\/\/longchangchemical.com\/\",\"name\":\"Longchang Chemical\",\"description\":\"China chemical manufacturer \uff06 supplier\",\"publisher\":{\"@id\":\"https:\/\/longchangchemical.com\/#organization\"},\"potentialAction\":[{\"@type\":\"SearchAction\",\"target\":{\"@type\":\"EntryPoint\",\"urlTemplate\":\"https:\/\/longchangchemical.com\/?s={search_term_string}\"},\"query-input\":{\"@type\":\"PropertyValueSpecification\",\"valueRequired\":true,\"valueName\":\"search_term_string\"}}],\"inLanguage\":\"tr\"},{\"@type\":\"Organization\",\"@id\":\"https:\/\/longchangchemical.com\/#organization\",\"name\":\"Longchang Chemical\",\"url\":\"https:\/\/longchangchemical.com\/\",\"logo\":{\"@type\":\"ImageObject\",\"inLanguage\":\"tr\",\"@id\":\"https:\/\/longchangchemical.com\/#\/schema\/logo\/image\/\",\"url\":\"https:\/\/longchangchemical.com\/wp-content\/uploads\/2020\/08\/cropped-longchang-logo.png\",\"contentUrl\":\"https:\/\/longchangchemical.com\/wp-content\/uploads\/2020\/08\/cropped-longchang-logo.png\",\"width\":512,\"height\":512,\"caption\":\"Longchang Chemical\"},\"image\":{\"@id\":\"https:\/\/longchangchemical.com\/#\/schema\/logo\/image\/\"}}]}<\/script>\n<!-- \/ Yoast SEO plugin. -->","yoast_head_json":{"title":"\u00c7in CHLUMIFLEX\u00ae P-23 \/ \u00c7ekirdekle\u015ftirici ajan P-23 \u00dcretici - Longchang Chemical","description":"CHLUMIFLEX\u00ae P-23 \/ Nucleating agent P-23, Longchang Chemical'\u0131n \u00f6nemli bir \u00fcr\u00fcn\u00fcd\u00fcr. En iyi fiyat\u0131 sa\u011fl\u0131yoruz. En iyi kalite ve rekabet\u00e7i fiyat ile \u00c7in'in \u00f6nde gelen \u00fcreticisiyiz.","robots":{"index":"index","follow":"follow","max-snippet":"max-snippet:-1","max-image-preview":"max-image-preview:large","max-video-preview":"max-video-preview:-1"},"canonical":"https:\/\/longchangchemical.com\/tr\/product\/lcflex-p-23\/","og_locale":"tr_TR","og_type":"article","og_title":"China CHLUMIFLEX\u00ae P-23 \/ Nucleating agent P-23 Manufacturer - Longchang Chemical","og_description":"CHLUMIFLEX\u00ae P-23 \/ Nucleating agent P-23 is a key product of Longchang Chemical. We provide the best price. We are the leading manufacturer in China with the best quality and competitive price.","og_url":"https:\/\/longchangchemical.com\/tr\/product\/lcflex-p-23\/","og_site_name":"Longchang Chemical","article_modified_time":"2025-04-01T07:18:55+00:00","og_image":[{"width":1000,"height":1000,"url":"https:\/\/longchangchemical.com\/wp-content\/uploads\/2024\/02\/logo-jpeg.jpg","type":"image\/jpeg"}],"twitter_card":"summary_large_image","schema":{"@context":"https:\/\/schema.org","@graph":[{"@type":"WebPage","@id":"https:\/\/longchangchemical.com\/product\/lcflex-p-23\/","url":"https:\/\/longchangchemical.com\/product\/lcflex-p-23\/","name":"\u00c7in CHLUMIFLEX\u00ae P-23 \/ \u00c7ekirdekle\u015ftirici ajan P-23 \u00dcretici - Longchang Chemical","isPartOf":{"@id":"https:\/\/longchangchemical.com\/#website"},"datePublished":"2023-05-30T06:19:00+00:00","dateModified":"2025-04-01T07:18:55+00:00","description":"CHLUMIFLEX\u00ae P-23 \/ Nucleating agent P-23, Longchang Chemical'\u0131n \u00f6nemli bir \u00fcr\u00fcn\u00fcd\u00fcr. En iyi fiyat\u0131 sa\u011fl\u0131yoruz. En iyi kalite ve rekabet\u00e7i fiyat ile \u00c7in'in \u00f6nde gelen \u00fcreticisiyiz.","breadcrumb":{"@id":"https:\/\/longchangchemical.com\/product\/lcflex-p-23\/#breadcrumb"},"inLanguage":"tr","potentialAction":[{"@type":"ReadAction","target":["https:\/\/longchangchemical.com\/product\/lcflex-p-23\/"]}]},{"@type":"BreadcrumbList","@id":"https:\/\/longchangchemical.com\/product\/lcflex-p-23\/#breadcrumb","itemListElement":[{"@type":"ListItem","position":1,"name":"Home","item":"https:\/\/longchangchemical.com\/"},{"@type":"ListItem","position":2,"name":"Products Longchang","item":"https:\/\/longchangchemical.com\/product\/"},{"@type":"ListItem","position":3,"name":"CHLUMIFLEX\u00ae P-23 \/ Nucleating agent P-23"}]},{"@type":"WebSite","@id":"https:\/\/longchangchemical.com\/#website","url":"https:\/\/longchangchemical.com\/","name":"Longchang Kimya","description":"\u00c7in kimyasal \u00fcreticisi \uff06 tedarik\u00e7isi","publisher":{"@id":"https:\/\/longchangchemical.com\/#organization"},"potentialAction":[{"@type":"SearchAction","target":{"@type":"EntryPoint","urlTemplate":"https:\/\/longchangchemical.com\/?s={search_term_string}"},"query-input":{"@type":"PropertyValueSpecification","valueRequired":true,"valueName":"search_term_string"}}],"inLanguage":"tr"},{"@type":"Organization","@id":"https:\/\/longchangchemical.com\/#organization","name":"Longchang Kimya","url":"https:\/\/longchangchemical.com\/","logo":{"@type":"ImageObject","inLanguage":"tr","@id":"https:\/\/longchangchemical.com\/#\/schema\/logo\/image\/","url":"https:\/\/longchangchemical.com\/wp-content\/uploads\/2020\/08\/cropped-longchang-logo.png","contentUrl":"https:\/\/longchangchemical.com\/wp-content\/uploads\/2020\/08\/cropped-longchang-logo.png","width":512,"height":512,"caption":"Longchang Chemical"},"image":{"@id":"https:\/\/longchangchemical.com\/#\/schema\/logo\/image\/"}}]}},"_links":{"self":[{"href":"https:\/\/longchangchemical.com\/tr\/wp-json\/wp\/v2\/product\/6123","targetHints":{"allow":["GET"]}}],"collection":[{"href":"https:\/\/longchangchemical.com\/tr\/wp-json\/wp\/v2\/product"}],"about":[{"href":"https:\/\/longchangchemical.com\/tr\/wp-json\/wp\/v2\/types\/product"}],"replies":[{"embeddable":true,"href":"https:\/\/longchangchemical.com\/tr\/wp-json\/wp\/v2\/comments?post=6123"}],"wp:attachment":[{"href":"https:\/\/longchangchemical.com\/tr\/wp-json\/wp\/v2\/media?parent=6123"}],"wp:term":[{"taxonomy":"product_brand","embeddable":true,"href":"https:\/\/longchangchemical.com\/tr\/wp-json\/wp\/v2\/product_brand?post=6123"},{"taxonomy":"product_cat","embeddable":true,"href":"https:\/\/longchangchemical.com\/tr\/wp-json\/wp\/v2\/product_cat?post=6123"},{"taxonomy":"product_tag","embeddable":true,"href":"https:\/\/longchangchemical.com\/tr\/wp-json\/wp\/v2\/product_tag?post=6123"}],"curies":[{"name":"wp","href":"https:\/\/api.w.org\/{rel}","templated":true}]}}