{"id":6121,"date":"2023-05-29T07:25:53","date_gmt":"2023-05-29T07:25:53","guid":{"rendered":"https:\/\/longchangchemical.com\/?post_type=product&#038;p=6121"},"modified":"2026-05-08T08:26:21","modified_gmt":"2026-05-08T08:26:21","slug":"chlumiflex-na-21-cas-151841-65-5","status":"publish","type":"product","link":"https:\/\/longchangchemical.com\/tr\/product\/chlumiflex-na-21-cas-151841-65-5\/","title":{"rendered":"CHLUMIFLEX\u00ae NA-21 CAS 151841-65-5"},"content":{"rendered":"<h2><strong>CHLUMIFLEX\u00ae NA-21 CAS 151841-65-5<\/strong><\/h2>\n<p>N\u00fckleasyon ajan\u0131 NA-21, kristal polimerler i\u00e7in \u00fc\u00e7\u00fcnc\u00fc nesil bir organofosfat n\u00fckleasyon ajan\u0131d\u0131r ve d\u00fcnyadaki en etkili ve en g\u00fcvenli PP sertle\u015ftirici ve ge\u00e7irgenlik modifikasyon katk\u0131s\u0131d\u0131r. Y\u00fcksek sertlik, y\u00fcksek \u0131s\u0131 direnci, y\u00fcksek \u015feffafl\u0131k, y\u00fcksek sertlik ve dengeli yatay ve dikey b\u00fcz\u00fclme vb. \u00f6zelliklere sahiptir. Bu arada, kal\u0131plama d\u00f6ng\u00fcs\u00fcn\u00fc b\u00fcy\u00fck \u00f6l\u00e7\u00fcde k\u0131saltabilen ve \u00fcr\u00fcnlerin \u00fcretim verimlili\u011fini art\u0131rabilen y\u00fcksek kristalle\u015fme oran\u0131na sahiptir. \u00d6nerilen ilave miktar\u0131 0.03-0.1% olup, belirgin sertle\u015ftirme ve yar\u0131 saydam etkiye sahiptir.<\/p>\n<h2><strong>CHLUMIFLEX\u00ae NA-21 Kullan\u0131m\u0131<\/strong><\/h2>\n<p>NA-21 sertle\u015ftirici ajan olarak kullan\u0131l\u0131r: \u00e7o\u011funlukla homopolimer polipropilen ve rastgele kopolimer polipropilende, \u00f6rne\u011fin y\u00fcksek kristalli, y\u00fcksek sertlikte, \u0131s\u0131ya dayan\u0131kl\u0131 \u0131s\u0131ya dayan\u0131kl\u0131 modifiye polipropilen \u00fcr\u00fcnlerin \u00fcretiminde kullan\u0131l\u0131r. \u00dcr\u00fcn a\u011f\u0131rl\u0131kl\u0131 olarak otomobil tamponlar\u0131, otomobil i\u00e7 panelleri, g\u00f6sterge panelleri, k\u00fc\u00e7\u00fck ev aletleri kabu\u011fu (elektrikli \u00fct\u00fc, sa\u00e7 kurutma makinesi, pirin\u00e7 pi\u015firici, elektrikli buharl\u0131 pi\u015firici vb.) \u00dcr\u00fcnler a\u011f\u0131rl\u0131kl\u0131 olarak otomobil tamponlar\u0131, otomobil i\u00e7 panelleri, g\u00f6sterge panelleri, k\u00fc\u00e7\u00fck ev aletleri (elektrikli \u00fct\u00fcler, sa\u00e7 kurutma makineleri, pirin\u00e7 ocaklar\u0131, elektrikli buharl\u0131 pi\u015firiciler) vb. gibi polipropilen \u00fcr\u00fcnlerin \u00fcretiminde kullan\u0131lmaktad\u0131r.<\/p>\n<p>NA-21 ge\u00e7irgenlik artt\u0131r\u0131c\u0131 olarak kullan\u0131l\u0131r: \u00c7o\u011funlukla rastgele kopolimer polipropilende kullan\u0131l\u0131r, bu da ge\u00e7irgenli\u011fi art\u0131r\u0131rken sertli\u011fi art\u0131rabilir, \u00f6rne\u011fin \u015feffaf modifiye polipropilen \u00fcr\u00fcnler \u00fcretmek i\u00e7in kullan\u0131labilir. Bu \u00fcr\u00fcn esas olarak tek kullan\u0131ml\u0131k inf\u00fczyon setleri, tek kullan\u0131ml\u0131k \u015f\u0131r\u0131ngalar, tek kullan\u0131ml\u0131k \u015f\u0131r\u0131ngalar vb. gibi t\u0131bbi cihazlar\u0131n \u00fcretiminde kullan\u0131l\u0131r. Ayr\u0131ca \u015feffaf modifiye polipropilen \u00fcr\u00fcnlerin \u00fcretiminde de kullan\u0131l\u0131r. Ayr\u0131ca s\u0131cak dolum i\u00e7ecek \u015fi\u015feleri, s\u00fctl\u00fc \u00e7ay bardaklar\u0131 ve di\u011fer g\u0131da kaplar\u0131 \u00fcretmek i\u00e7in de kullan\u0131labilir.<\/p>\n<h2><strong>CHLUMIFLEX\u00ae NA-21 Uygulama Notlar\u0131<\/strong><\/h2>\n<p>\u00dcr\u00fcn\u00fcn 0. 03% ila 0. 1%'sini eklemenizi \u00f6neririz. Homojen hale getirmek i\u00e7in y\u00fcksek h\u0131zda kar\u0131\u015ft\u0131rma \u00f6nerilir.<\/p>\n<h2><strong>CHLUMIFLEX\u00ae NA-21 Paketleme ve Depolama<\/strong><\/h2>\n<p>Plastik film torba ile kapl\u0131 bir karton i\u00e7inde paketlenmi\u015f, her paketin net i\u00e7eri\u011fi 10kg veya 20kg'd\u0131r. Ta\u015f\u0131ma s\u0131ras\u0131nda su ve nem ge\u00e7irmez olmal\u0131d\u0131r; Kuru ve havaland\u0131r\u0131lm\u0131\u015f bir depoda, ate\u015f kayna\u011f\u0131ndan uzakta depolanmal\u0131d\u0131r; depolama s\u00fcresi 24 ayd\u0131r.<\/p>\n<h2><strong><b>\u015eimdi Bize Ula\u015f\u0131n!<\/b><\/strong><\/h2>\n<h4><strong><b>COA, MSDS veya TDS'ye ihtiyac\u0131n\u0131z varsa, l\u00fctfen a\u015fa\u011f\u0131daki forma ileti\u015fim bilgilerinizi girin, genellikle 24 saat i\u00e7inde sizinle ileti\u015fime ge\u00e7ece\u011fiz.<\/b><\/strong> Bana e-posta da g\u00f6nderebilirsiniz <a href=\"mailto:info@longchangchemical.com\"><span style=\"color: #0000ff;\">info@longchangchemical.com<\/span><\/a> \u00c7al\u0131\u015fma saatleri i\u00e7inde (8:30 - 6:00 UTC+8 Pzt.~Sat.) veya h\u0131zl\u0131 yan\u0131t almak i\u00e7in web sitesi canl\u0131 sohbetini kullan\u0131n.<\/h4>","protected":false},"excerpt":{"rendered":"<p>NA-21 CAS 151841-65-5 is used in industrial processing and formulation applications. Typical use includes characteristics of high rigidity, high heat resistance, high transparency.<\/p>","protected":false},"featured_media":0,"comment_status":"open","ping_status":"closed","template":"","meta":[],"product_brand":[],"product_cat":[141],"product_tag":[],"class_list":{"0":"post-6121","1":"product","2":"type-product","3":"status-publish","5":"product_cat-nucleating-agent","7":"first","8":"instock","9":"shipping-taxable","10":"product-type-simple"},"yoast_head":"<!-- This site is optimized with the Yoast SEO plugin v25.3.1 - https:\/\/yoast.com\/wordpress\/plugins\/seo\/ -->\n<title>China PET nucleating agent NA-21 CAS 151841-65-5 Manufacturer - Longchang Chemical<\/title>\n<meta name=\"description\" content=\"PET nucleating agent NA-21 CAS 151841-65-5 is a key product of Longchang Chemical. We provide the best price. We are the leading manufacturer in China with the best quality and competitive price.\" \/>\n<meta name=\"robots\" content=\"index, follow, max-snippet:-1, max-image-preview:large, max-video-preview:-1\" \/>\n<link rel=\"canonical\" href=\"https:\/\/longchangchemical.com\/tr\/product\/chlumiflex-na-21-cas-151841-65-5\/\" \/>\n<meta property=\"og:locale\" content=\"tr_TR\" \/>\n<meta property=\"og:type\" content=\"article\" \/>\n<meta property=\"og:title\" content=\"China PET nucleating agent NA-21 CAS 151841-65-5 Manufacturer - Longchang Chemical\" \/>\n<meta property=\"og:description\" content=\"PET nucleating agent NA-21 CAS 151841-65-5 is a key product of Longchang Chemical. We provide the best price. We are the leading manufacturer in China with the best quality and competitive price.\" \/>\n<meta property=\"og:url\" content=\"https:\/\/longchangchemical.com\/tr\/product\/chlumiflex-na-21-cas-151841-65-5\/\" \/>\n<meta property=\"og:site_name\" content=\"Longchang Chemical\" \/>\n<meta property=\"article:modified_time\" content=\"2026-05-08T08:26:21+00:00\" \/>\n<meta property=\"og:image\" content=\"https:\/\/longchangchemical.com\/wp-content\/uploads\/2024\/02\/logo-jpeg.jpg\" \/>\n\t<meta property=\"og:image:width\" content=\"1000\" \/>\n\t<meta property=\"og:image:height\" content=\"1000\" \/>\n\t<meta property=\"og:image:type\" content=\"image\/jpeg\" \/>\n<meta name=\"twitter:card\" content=\"summary_large_image\" \/>\n<script type=\"application\/ld+json\" class=\"yoast-schema-graph\">{\"@context\":\"https:\/\/schema.org\",\"@graph\":[{\"@type\":\"WebPage\",\"@id\":\"https:\/\/longchangchemical.com\/product\/chlumiflex-na-21-cas-151841-65-5\/\",\"url\":\"https:\/\/longchangchemical.com\/product\/chlumiflex-na-21-cas-151841-65-5\/\",\"name\":\"China PET nucleating agent NA-21 CAS 151841-65-5 Manufacturer - Longchang Chemical\",\"isPartOf\":{\"@id\":\"https:\/\/longchangchemical.com\/#website\"},\"datePublished\":\"2023-05-29T07:25:53+00:00\",\"dateModified\":\"2026-05-08T08:26:21+00:00\",\"description\":\"PET nucleating agent NA-21 CAS 151841-65-5 is a key product of Longchang Chemical. We provide the best price. We are the leading manufacturer in China with the best quality and competitive price.\",\"breadcrumb\":{\"@id\":\"https:\/\/longchangchemical.com\/product\/chlumiflex-na-21-cas-151841-65-5\/#breadcrumb\"},\"inLanguage\":\"tr\",\"potentialAction\":[{\"@type\":\"ReadAction\",\"target\":[\"https:\/\/longchangchemical.com\/product\/chlumiflex-na-21-cas-151841-65-5\/\"]}]},{\"@type\":\"BreadcrumbList\",\"@id\":\"https:\/\/longchangchemical.com\/product\/chlumiflex-na-21-cas-151841-65-5\/#breadcrumb\",\"itemListElement\":[{\"@type\":\"ListItem\",\"position\":1,\"name\":\"Home\",\"item\":\"https:\/\/longchangchemical.com\/\"},{\"@type\":\"ListItem\",\"position\":2,\"name\":\"Products Longchang\",\"item\":\"https:\/\/longchangchemical.com\/product\/\"},{\"@type\":\"ListItem\",\"position\":3,\"name\":\"CHLUMIFLEX\u00ae NA-21 CAS 151841-65-5\"}]},{\"@type\":\"WebSite\",\"@id\":\"https:\/\/longchangchemical.com\/#website\",\"url\":\"https:\/\/longchangchemical.com\/\",\"name\":\"Longchang Chemical\",\"description\":\"China chemical manufacturer \uff06 supplier\",\"publisher\":{\"@id\":\"https:\/\/longchangchemical.com\/#organization\"},\"potentialAction\":[{\"@type\":\"SearchAction\",\"target\":{\"@type\":\"EntryPoint\",\"urlTemplate\":\"https:\/\/longchangchemical.com\/?s={search_term_string}\"},\"query-input\":{\"@type\":\"PropertyValueSpecification\",\"valueRequired\":true,\"valueName\":\"search_term_string\"}}],\"inLanguage\":\"tr\"},{\"@type\":\"Organization\",\"@id\":\"https:\/\/longchangchemical.com\/#organization\",\"name\":\"Longchang Chemical\",\"url\":\"https:\/\/longchangchemical.com\/\",\"logo\":{\"@type\":\"ImageObject\",\"inLanguage\":\"tr\",\"@id\":\"https:\/\/longchangchemical.com\/#\/schema\/logo\/image\/\",\"url\":\"https:\/\/longchangchemical.com\/wp-content\/uploads\/2020\/08\/cropped-longchang-logo.png\",\"contentUrl\":\"https:\/\/longchangchemical.com\/wp-content\/uploads\/2020\/08\/cropped-longchang-logo.png\",\"width\":512,\"height\":512,\"caption\":\"Longchang Chemical\"},\"image\":{\"@id\":\"https:\/\/longchangchemical.com\/#\/schema\/logo\/image\/\"}}]}<\/script>\n<!-- \/ Yoast SEO plugin. -->","yoast_head_json":{"title":"\u00c7in PET \u00e7ekirdekle\u015ftirici ajan NA-21 CAS 151841-65-5 \u00dcretici - Longchang Chemical","description":"PET \u00e7ekirdekle\u015ftirici ajan NA-21 CAS 151841-65-5, Longchang Chemical'\u0131n \u00f6nemli bir \u00fcr\u00fcn\u00fcd\u00fcr. En iyi fiyat\u0131 sa\u011fl\u0131yoruz. En iyi kalite ve rekabet\u00e7i fiyat ile \u00c7in'in \u00f6nde gelen \u00fcreticisiyiz.","robots":{"index":"index","follow":"follow","max-snippet":"max-snippet:-1","max-image-preview":"max-image-preview:large","max-video-preview":"max-video-preview:-1"},"canonical":"https:\/\/longchangchemical.com\/tr\/product\/chlumiflex-na-21-cas-151841-65-5\/","og_locale":"tr_TR","og_type":"article","og_title":"China PET nucleating agent NA-21 CAS 151841-65-5 Manufacturer - Longchang Chemical","og_description":"PET nucleating agent NA-21 CAS 151841-65-5 is a key product of Longchang Chemical. We provide the best price. We are the leading manufacturer in China with the best quality and competitive price.","og_url":"https:\/\/longchangchemical.com\/tr\/product\/chlumiflex-na-21-cas-151841-65-5\/","og_site_name":"Longchang Chemical","article_modified_time":"2026-05-08T08:26:21+00:00","og_image":[{"width":1000,"height":1000,"url":"https:\/\/longchangchemical.com\/wp-content\/uploads\/2024\/02\/logo-jpeg.jpg","type":"image\/jpeg"}],"twitter_card":"summary_large_image","schema":{"@context":"https:\/\/schema.org","@graph":[{"@type":"WebPage","@id":"https:\/\/longchangchemical.com\/product\/chlumiflex-na-21-cas-151841-65-5\/","url":"https:\/\/longchangchemical.com\/product\/chlumiflex-na-21-cas-151841-65-5\/","name":"\u00c7in PET \u00e7ekirdekle\u015ftirici ajan NA-21 CAS 151841-65-5 \u00dcretici - Longchang Chemical","isPartOf":{"@id":"https:\/\/longchangchemical.com\/#website"},"datePublished":"2023-05-29T07:25:53+00:00","dateModified":"2026-05-08T08:26:21+00:00","description":"PET \u00e7ekirdekle\u015ftirici ajan NA-21 CAS 151841-65-5, Longchang Chemical'\u0131n \u00f6nemli bir \u00fcr\u00fcn\u00fcd\u00fcr. En iyi fiyat\u0131 sa\u011fl\u0131yoruz. En iyi kalite ve rekabet\u00e7i fiyat ile \u00c7in'in \u00f6nde gelen \u00fcreticisiyiz.","breadcrumb":{"@id":"https:\/\/longchangchemical.com\/product\/chlumiflex-na-21-cas-151841-65-5\/#breadcrumb"},"inLanguage":"tr","potentialAction":[{"@type":"ReadAction","target":["https:\/\/longchangchemical.com\/product\/chlumiflex-na-21-cas-151841-65-5\/"]}]},{"@type":"BreadcrumbList","@id":"https:\/\/longchangchemical.com\/product\/chlumiflex-na-21-cas-151841-65-5\/#breadcrumb","itemListElement":[{"@type":"ListItem","position":1,"name":"Home","item":"https:\/\/longchangchemical.com\/"},{"@type":"ListItem","position":2,"name":"Products Longchang","item":"https:\/\/longchangchemical.com\/product\/"},{"@type":"ListItem","position":3,"name":"CHLUMIFLEX\u00ae NA-21 CAS 151841-65-5"}]},{"@type":"WebSite","@id":"https:\/\/longchangchemical.com\/#website","url":"https:\/\/longchangchemical.com\/","name":"Longchang Kimya","description":"\u00c7in kimyasal \u00fcreticisi \uff06 tedarik\u00e7isi","publisher":{"@id":"https:\/\/longchangchemical.com\/#organization"},"potentialAction":[{"@type":"SearchAction","target":{"@type":"EntryPoint","urlTemplate":"https:\/\/longchangchemical.com\/?s={search_term_string}"},"query-input":{"@type":"PropertyValueSpecification","valueRequired":true,"valueName":"search_term_string"}}],"inLanguage":"tr"},{"@type":"Organization","@id":"https:\/\/longchangchemical.com\/#organization","name":"Longchang Kimya","url":"https:\/\/longchangchemical.com\/","logo":{"@type":"ImageObject","inLanguage":"tr","@id":"https:\/\/longchangchemical.com\/#\/schema\/logo\/image\/","url":"https:\/\/longchangchemical.com\/wp-content\/uploads\/2020\/08\/cropped-longchang-logo.png","contentUrl":"https:\/\/longchangchemical.com\/wp-content\/uploads\/2020\/08\/cropped-longchang-logo.png","width":512,"height":512,"caption":"Longchang Chemical"},"image":{"@id":"https:\/\/longchangchemical.com\/#\/schema\/logo\/image\/"}}]}},"_links":{"self":[{"href":"https:\/\/longchangchemical.com\/tr\/wp-json\/wp\/v2\/product\/6121","targetHints":{"allow":["GET"]}}],"collection":[{"href":"https:\/\/longchangchemical.com\/tr\/wp-json\/wp\/v2\/product"}],"about":[{"href":"https:\/\/longchangchemical.com\/tr\/wp-json\/wp\/v2\/types\/product"}],"replies":[{"embeddable":true,"href":"https:\/\/longchangchemical.com\/tr\/wp-json\/wp\/v2\/comments?post=6121"}],"wp:attachment":[{"href":"https:\/\/longchangchemical.com\/tr\/wp-json\/wp\/v2\/media?parent=6121"}],"wp:term":[{"taxonomy":"product_brand","embeddable":true,"href":"https:\/\/longchangchemical.com\/tr\/wp-json\/wp\/v2\/product_brand?post=6121"},{"taxonomy":"product_cat","embeddable":true,"href":"https:\/\/longchangchemical.com\/tr\/wp-json\/wp\/v2\/product_cat?post=6121"},{"taxonomy":"product_tag","embeddable":true,"href":"https:\/\/longchangchemical.com\/tr\/wp-json\/wp\/v2\/product_tag?post=6121"}],"curies":[{"name":"wp","href":"https:\/\/api.w.org\/{rel}","templated":true}]}}