{"id":6115,"date":"2023-05-27T05:00:46","date_gmt":"2023-05-27T05:00:46","guid":{"rendered":"https:\/\/longchangchemical.com\/?post_type=product&#038;p=6115"},"modified":"2025-12-15T07:01:09","modified_gmt":"2025-12-15T07:01:09","slug":"chlumiflex-na-11-cas-85208-91-2","status":"publish","type":"product","link":"https:\/\/longchangchemical.com\/tr\/product\/chlumiflex-na-11-cas-85208-91-2\/","title":{"rendered":"CHLUMIFLEX\u00ae NA-11 CAS 85208-91-2"},"content":{"rendered":"<table style=\"border-collapse: collapse; width: 267.02pt;\" border=\"0\" width=\"356\" cellspacing=\"0\" cellpadding=\"0\">\n<tbody>\n<tr style=\"height: 15.00pt;\">\n<td class=\"et2\" style=\"height: 15.00pt; width: 145.50pt;\" width=\"194\" height=\"20\">CAS<\/td>\n<td class=\"et3\" style=\"width: 121.50pt;\" width=\"162\">85209-91-2<\/td>\n<\/tr>\n<tr style=\"height: 15.00pt;\">\n<td class=\"et2\" style=\"height: 15.00pt; width: 145.50pt;\" width=\"194\" height=\"20\">Molek\u00fcler a\u011f\u0131rl\u0131k<\/td>\n<td class=\"et3\">508.6<\/td>\n<\/tr>\n<tr style=\"height: 15.00pt;\">\n<td class=\"et2\" style=\"height: 15.00pt; width: 145.50pt;\" width=\"194\" height=\"20\">G\u00f6r\u00fcn\u00fc\u015f<\/td>\n<td class=\"et3\">Beyaz toz<\/td>\n<\/tr>\n<tr style=\"height: 15.00pt;\">\n<td class=\"et2\" style=\"height: 15.00pt; width: 145.50pt;\" width=\"194\" height=\"20\">PH de\u011feri<\/td>\n<td class=\"et3\">8<\/td>\n<\/tr>\n<tr style=\"height: 15.00pt;\">\n<td class=\"et2\" style=\"height: 15.00pt; width: 145.50pt;\" width=\"194\" height=\"20\">Safl\u0131k<\/td>\n<td class=\"et3\">\u226599.0%<span class=\"font0\">\uff08<\/span><span class=\"font2\">GC<\/span><span class=\"font0\">\uff09<\/span><\/td>\n<\/tr>\n<tr style=\"height: 15.00pt;\">\n<td class=\"et2\" style=\"height: 15.00pt; width: 145.50pt;\" width=\"194\" height=\"20\">Kurutma a\u011f\u0131rl\u0131k kayb\u0131<\/td>\n<td class=\"et3\">\u22640,5%<\/td>\n<\/tr>\n<tr style=\"height: 15.00pt;\">\n<td class=\"et2\" style=\"height: 15.00pt; width: 145.50pt;\" width=\"194\" height=\"20\">K\u00fcl<\/td>\n<td class=\"et3\">\u22640,1%<\/td>\n<\/tr>\n<\/tbody>\n<\/table>\n<p>&nbsp;<\/p>\n<p>NA-11 yeni nesil bir aril fosfat tuzu \u00e7ekirdekle\u015ftirici ajand\u0131r. Polimerin toplam kristalle\u015fme oran\u0131n\u0131 art\u0131rabilir ve eriyik yeniden kristalle\u015fme s\u0131ras\u0131nda ortalama k\u00fcresel kristal boyutunu azaltmak i\u00e7in k\u00fcresel kristal boyutunu de\u011fi\u015ftirebilir. Polimerin fiziksel ve mekanik \u00f6zelliklerini \u00f6nemli \u00f6l\u00e7\u00fcde iyile\u015ftirir ve geli\u015ftirir.<\/p>\n<p>Performans:<\/p>\n<p>1) Polimerin kristalle\u015fme oran\u0131n\u0131 \u00f6nemli \u00f6l\u00e7\u00fcde art\u0131r\u0131r<\/p>\n<p>2) Polimerin kristalle\u015fme s\u0131cakl\u0131\u011f\u0131n\u0131 \u00f6nemli \u00f6l\u00e7\u00fcde art\u0131r\u0131r<\/p>\n<p>3) Polimerin darbe dayan\u0131m\u0131n\u0131 \u00f6nemli \u00f6l\u00e7\u00fcde art\u0131r\u0131r<\/p>\n<p>4) Polimerin e\u011filme mod\u00fcl\u00fcn\u00fc \u00f6nemli \u00f6l\u00e7\u00fcde art\u0131r\u0131r<\/p>\n<p>5) Polimerin termal denat\u00fcrasyon s\u0131cakl\u0131\u011f\u0131n\u0131 \u00f6nemli \u00f6l\u00e7\u00fcde art\u0131r\u0131r<\/p>\n<p>6) Polimerin Rockwell sertli\u011fini \u00f6nemli \u00f6l\u00e7\u00fcde iyile\u015ftirir<\/p>\n<p>7) Polimerin geli\u015ftirilmi\u015f \u0131\u015f\u0131k ge\u00e7irgenli\u011fi ve \u015feffafl\u0131\u011f\u0131<\/p>\n<p>&nbsp;<\/p>\n<p>G\u0131da ile temas: FDA (ABD), BGA (Almanya), JHOSPA (Japonya) taraf\u0131ndan onaylanm\u0131\u015ft\u0131r.<\/p>\n<p>Ekleme miktar\u0131 0,3%.<\/p>\n<p>Uygulama: Polipropilende yayg\u0131n olarak kullan\u0131l\u0131r.<\/p>\n<p>&nbsp;<\/p>\n<p>\u00d6nerilen ekleme miktar\u0131: 0.1%-0.3%.<\/p>\n<p>&nbsp;<\/p>\n<p>Depolama: Serin, \u0131\u015f\u0131k ge\u00e7irmez ve havaland\u0131r\u0131lm\u0131\u015f bir yerde saklay\u0131n. Depolama s\u00fcresi: 12 ay.<\/p>\n<h2><strong><b>\u015eimdi Bize Ula\u015f\u0131n!<\/b><\/strong><\/h2>\n<h4><strong><b>COA, MSDS veya TDS'ye ihtiyac\u0131n\u0131z varsa, l\u00fctfen a\u015fa\u011f\u0131daki forma ileti\u015fim bilgilerinizi girin, genellikle 24 saat i\u00e7inde sizinle ileti\u015fime ge\u00e7ece\u011fiz.<\/b><\/strong> Bana e-posta da g\u00f6nderebilirsiniz <a href=\"mailto:info@longchangchemical.com\"><span style=\"color: #0000ff;\">info@longchangchemical.com<\/span><\/a> \u00c7al\u0131\u015fma saatleri i\u00e7inde (8:30 - 6:00 UTC+8 Pzt.~Sat.) veya h\u0131zl\u0131 yan\u0131t almak i\u00e7in web sitesi canl\u0131 sohbetini kullan\u0131n.<\/h4>","protected":false},"excerpt":{"rendered":"<p>CAS 85209-91-2 Molek\u00fcl a\u011f\u0131rl\u0131\u011f\u0131 508.6 G\u00f6r\u00fcn\u00fcm Beyaz toz PH de\u011feri 8 Safl\u0131k \u226599.0%\uff08GC\uff09 Kurutma a\u011f\u0131rl\u0131k kayb\u0131 \u22640.5% K\u00fcl \u22640.1% NA-11, yeni nesil bir aril fosfat tuzu \u00e7ekirdekle\u015ftirici ajand\u0131r. Polimerin toplam kristalle\u015fme oran\u0131n\u0131 art\u0131rabilir ve ortalama k\u00fcresel kristal boyutunu azaltmak i\u00e7in k\u00fcresel kristal boyutunu de\u011fi\u015ftirebilir [...]<\/p>","protected":false},"featured_media":0,"comment_status":"open","ping_status":"closed","template":"","meta":[],"product_brand":[],"product_cat":[141],"product_tag":[],"class_list":{"0":"post-6115","1":"product","2":"type-product","3":"status-publish","5":"product_cat-nucleating-agent","7":"first","8":"instock","9":"shipping-taxable","10":"product-type-simple"},"yoast_head":"<!-- This site is optimized with the Yoast SEO plugin v25.3.1 - https:\/\/yoast.com\/wordpress\/plugins\/seo\/ -->\n<title>China PET Nucleating agent NA-11 Manufacturer - Longchang Chemical<\/title>\n<meta name=\"description\" content=\"PET Nucleating agent NA-11 is a key product of Longchang Chemical. We provide the best price. We are the leading manufacturer in China with the best quality and competitive price.\" \/>\n<meta name=\"robots\" content=\"index, follow, max-snippet:-1, max-image-preview:large, max-video-preview:-1\" \/>\n<link rel=\"canonical\" href=\"https:\/\/longchangchemical.com\/tr\/product\/chlumiflex-na-11-cas-85208-91-2\/\" \/>\n<meta property=\"og:locale\" content=\"tr_TR\" \/>\n<meta property=\"og:type\" content=\"article\" \/>\n<meta property=\"og:title\" content=\"China PET Nucleating agent NA-11 Manufacturer - Longchang Chemical\" \/>\n<meta property=\"og:description\" content=\"PET Nucleating agent NA-11 is a key product of Longchang Chemical. We provide the best price. We are the leading manufacturer in China with the best quality and competitive price.\" \/>\n<meta property=\"og:url\" content=\"https:\/\/longchangchemical.com\/tr\/product\/chlumiflex-na-11-cas-85208-91-2\/\" \/>\n<meta property=\"og:site_name\" content=\"Longchang Chemical\" \/>\n<meta property=\"article:modified_time\" content=\"2025-12-15T07:01:09+00:00\" \/>\n<meta property=\"og:image\" content=\"https:\/\/longchangchemical.com\/wp-content\/uploads\/2024\/02\/logo-jpeg.jpg\" \/>\n\t<meta property=\"og:image:width\" content=\"1000\" \/>\n\t<meta property=\"og:image:height\" content=\"1000\" \/>\n\t<meta property=\"og:image:type\" content=\"image\/jpeg\" \/>\n<meta name=\"twitter:card\" content=\"summary_large_image\" \/>\n<script type=\"application\/ld+json\" class=\"yoast-schema-graph\">{\"@context\":\"https:\/\/schema.org\",\"@graph\":[{\"@type\":\"WebPage\",\"@id\":\"https:\/\/longchangchemical.com\/product\/chlumiflex-na-11-cas-85208-91-2\/\",\"url\":\"https:\/\/longchangchemical.com\/product\/chlumiflex-na-11-cas-85208-91-2\/\",\"name\":\"China PET Nucleating agent NA-11 Manufacturer - Longchang Chemical\",\"isPartOf\":{\"@id\":\"https:\/\/longchangchemical.com\/#website\"},\"datePublished\":\"2023-05-27T05:00:46+00:00\",\"dateModified\":\"2025-12-15T07:01:09+00:00\",\"description\":\"PET Nucleating agent NA-11 is a key product of Longchang Chemical. We provide the best price. We are the leading manufacturer in China with the best quality and competitive price.\",\"breadcrumb\":{\"@id\":\"https:\/\/longchangchemical.com\/product\/chlumiflex-na-11-cas-85208-91-2\/#breadcrumb\"},\"inLanguage\":\"tr\",\"potentialAction\":[{\"@type\":\"ReadAction\",\"target\":[\"https:\/\/longchangchemical.com\/product\/chlumiflex-na-11-cas-85208-91-2\/\"]}]},{\"@type\":\"BreadcrumbList\",\"@id\":\"https:\/\/longchangchemical.com\/product\/chlumiflex-na-11-cas-85208-91-2\/#breadcrumb\",\"itemListElement\":[{\"@type\":\"ListItem\",\"position\":1,\"name\":\"Home\",\"item\":\"https:\/\/longchangchemical.com\/\"},{\"@type\":\"ListItem\",\"position\":2,\"name\":\"Products Longchang\",\"item\":\"https:\/\/longchangchemical.com\/product\/\"},{\"@type\":\"ListItem\",\"position\":3,\"name\":\"CHLUMIFLEX\u00ae NA-11 CAS 85208-91-2\"}]},{\"@type\":\"WebSite\",\"@id\":\"https:\/\/longchangchemical.com\/#website\",\"url\":\"https:\/\/longchangchemical.com\/\",\"name\":\"Longchang Chemical\",\"description\":\"China chemical manufacturer \uff06 supplier\",\"publisher\":{\"@id\":\"https:\/\/longchangchemical.com\/#organization\"},\"potentialAction\":[{\"@type\":\"SearchAction\",\"target\":{\"@type\":\"EntryPoint\",\"urlTemplate\":\"https:\/\/longchangchemical.com\/?s={search_term_string}\"},\"query-input\":{\"@type\":\"PropertyValueSpecification\",\"valueRequired\":true,\"valueName\":\"search_term_string\"}}],\"inLanguage\":\"tr\"},{\"@type\":\"Organization\",\"@id\":\"https:\/\/longchangchemical.com\/#organization\",\"name\":\"Longchang Chemical\",\"url\":\"https:\/\/longchangchemical.com\/\",\"logo\":{\"@type\":\"ImageObject\",\"inLanguage\":\"tr\",\"@id\":\"https:\/\/longchangchemical.com\/#\/schema\/logo\/image\/\",\"url\":\"https:\/\/longchangchemical.com\/wp-content\/uploads\/2020\/08\/cropped-longchang-logo.png\",\"contentUrl\":\"https:\/\/longchangchemical.com\/wp-content\/uploads\/2020\/08\/cropped-longchang-logo.png\",\"width\":512,\"height\":512,\"caption\":\"Longchang Chemical\"},\"image\":{\"@id\":\"https:\/\/longchangchemical.com\/#\/schema\/logo\/image\/\"}}]}<\/script>\n<!-- \/ Yoast SEO plugin. -->","yoast_head_json":{"title":"\u00c7in PET \u00c7ekirdekle\u015ftirici ajan NA-11 \u00dcretici - Longchang Chemical","description":"PET \u00c7ekirdekle\u015ftirici ajan NA-11, Longchang Chemical'\u0131n \u00f6nemli bir \u00fcr\u00fcn\u00fcd\u00fcr. En iyi fiyat\u0131 sa\u011fl\u0131yoruz. En iyi kalite ve rekabet\u00e7i fiyat ile \u00c7in'in \u00f6nde gelen \u00fcreticisiyiz.","robots":{"index":"index","follow":"follow","max-snippet":"max-snippet:-1","max-image-preview":"max-image-preview:large","max-video-preview":"max-video-preview:-1"},"canonical":"https:\/\/longchangchemical.com\/tr\/product\/chlumiflex-na-11-cas-85208-91-2\/","og_locale":"tr_TR","og_type":"article","og_title":"China PET Nucleating agent NA-11 Manufacturer - Longchang Chemical","og_description":"PET Nucleating agent NA-11 is a key product of Longchang Chemical. We provide the best price. We are the leading manufacturer in China with the best quality and competitive price.","og_url":"https:\/\/longchangchemical.com\/tr\/product\/chlumiflex-na-11-cas-85208-91-2\/","og_site_name":"Longchang Chemical","article_modified_time":"2025-12-15T07:01:09+00:00","og_image":[{"width":1000,"height":1000,"url":"https:\/\/longchangchemical.com\/wp-content\/uploads\/2024\/02\/logo-jpeg.jpg","type":"image\/jpeg"}],"twitter_card":"summary_large_image","schema":{"@context":"https:\/\/schema.org","@graph":[{"@type":"WebPage","@id":"https:\/\/longchangchemical.com\/product\/chlumiflex-na-11-cas-85208-91-2\/","url":"https:\/\/longchangchemical.com\/product\/chlumiflex-na-11-cas-85208-91-2\/","name":"\u00c7in PET \u00c7ekirdekle\u015ftirici ajan NA-11 \u00dcretici - Longchang Chemical","isPartOf":{"@id":"https:\/\/longchangchemical.com\/#website"},"datePublished":"2023-05-27T05:00:46+00:00","dateModified":"2025-12-15T07:01:09+00:00","description":"PET \u00c7ekirdekle\u015ftirici ajan NA-11, Longchang Chemical'\u0131n \u00f6nemli bir \u00fcr\u00fcn\u00fcd\u00fcr. En iyi fiyat\u0131 sa\u011fl\u0131yoruz. En iyi kalite ve rekabet\u00e7i fiyat ile \u00c7in'in \u00f6nde gelen \u00fcreticisiyiz.","breadcrumb":{"@id":"https:\/\/longchangchemical.com\/product\/chlumiflex-na-11-cas-85208-91-2\/#breadcrumb"},"inLanguage":"tr","potentialAction":[{"@type":"ReadAction","target":["https:\/\/longchangchemical.com\/product\/chlumiflex-na-11-cas-85208-91-2\/"]}]},{"@type":"BreadcrumbList","@id":"https:\/\/longchangchemical.com\/product\/chlumiflex-na-11-cas-85208-91-2\/#breadcrumb","itemListElement":[{"@type":"ListItem","position":1,"name":"Home","item":"https:\/\/longchangchemical.com\/"},{"@type":"ListItem","position":2,"name":"Products Longchang","item":"https:\/\/longchangchemical.com\/product\/"},{"@type":"ListItem","position":3,"name":"CHLUMIFLEX\u00ae NA-11 CAS 85208-91-2"}]},{"@type":"WebSite","@id":"https:\/\/longchangchemical.com\/#website","url":"https:\/\/longchangchemical.com\/","name":"Longchang Kimya","description":"\u00c7in kimyasal \u00fcreticisi \uff06 tedarik\u00e7isi","publisher":{"@id":"https:\/\/longchangchemical.com\/#organization"},"potentialAction":[{"@type":"SearchAction","target":{"@type":"EntryPoint","urlTemplate":"https:\/\/longchangchemical.com\/?s={search_term_string}"},"query-input":{"@type":"PropertyValueSpecification","valueRequired":true,"valueName":"search_term_string"}}],"inLanguage":"tr"},{"@type":"Organization","@id":"https:\/\/longchangchemical.com\/#organization","name":"Longchang Kimya","url":"https:\/\/longchangchemical.com\/","logo":{"@type":"ImageObject","inLanguage":"tr","@id":"https:\/\/longchangchemical.com\/#\/schema\/logo\/image\/","url":"https:\/\/longchangchemical.com\/wp-content\/uploads\/2020\/08\/cropped-longchang-logo.png","contentUrl":"https:\/\/longchangchemical.com\/wp-content\/uploads\/2020\/08\/cropped-longchang-logo.png","width":512,"height":512,"caption":"Longchang Chemical"},"image":{"@id":"https:\/\/longchangchemical.com\/#\/schema\/logo\/image\/"}}]}},"_links":{"self":[{"href":"https:\/\/longchangchemical.com\/tr\/wp-json\/wp\/v2\/product\/6115","targetHints":{"allow":["GET"]}}],"collection":[{"href":"https:\/\/longchangchemical.com\/tr\/wp-json\/wp\/v2\/product"}],"about":[{"href":"https:\/\/longchangchemical.com\/tr\/wp-json\/wp\/v2\/types\/product"}],"replies":[{"embeddable":true,"href":"https:\/\/longchangchemical.com\/tr\/wp-json\/wp\/v2\/comments?post=6115"}],"wp:attachment":[{"href":"https:\/\/longchangchemical.com\/tr\/wp-json\/wp\/v2\/media?parent=6115"}],"wp:term":[{"taxonomy":"product_brand","embeddable":true,"href":"https:\/\/longchangchemical.com\/tr\/wp-json\/wp\/v2\/product_brand?post=6115"},{"taxonomy":"product_cat","embeddable":true,"href":"https:\/\/longchangchemical.com\/tr\/wp-json\/wp\/v2\/product_cat?post=6115"},{"taxonomy":"product_tag","embeddable":true,"href":"https:\/\/longchangchemical.com\/tr\/wp-json\/wp\/v2\/product_tag?post=6115"}],"curies":[{"name":"wp","href":"https:\/\/api.w.org\/{rel}","templated":true}]}}