{"id":6076,"date":"2023-05-04T11:53:55","date_gmt":"2023-05-04T11:53:55","guid":{"rendered":"https:\/\/longchangchemical.com\/?post_type=product&#038;p=6076"},"modified":"2026-01-09T08:44:45","modified_gmt":"2026-01-09T08:44:45","slug":"lcsorb-uv-3035-cas-5232-99-5","status":"publish","type":"product","link":"https:\/\/longchangchemical.com\/tr\/product\/lcsorb-uv-3035-cas-5232-99-5\/","title":{"rendered":"CHLUMIUV\u00ae UV-3035 \/ Etocrilene CAS 5232-99-5"},"content":{"rendered":"<h1><strong>UV-3035 \/ Etocrilene CAS 5232-99-5<\/strong><\/h1>\n<table style=\"border-collapse: collapse; width: 108.03pt;\" border=\"0\" width=\"144\" cellspacing=\"0\" cellpadding=\"0\">\n<tbody>\n<tr style=\"height: 38.25pt;\">\n<td class=\"et2\" style=\"height: 38.25pt; width: 54.00pt;\" width=\"72\" height=\"51\">G\u00f6r\u00fcn\u00fc\u015f<\/td>\n<td class=\"et2\" style=\"width: 54.00pt;\" width=\"72\">Beyaz kristal toz<\/td>\n<\/tr>\n<tr style=\"height: 25.50pt;\">\n<td class=\"et2\" style=\"height: 25.50pt; width: 54.00pt;\" width=\"72\" height=\"34\">Molek\u00fcler a\u011f\u0131rl\u0131k<\/td>\n<td class=\"et2\" style=\"width: 54.00pt;\" width=\"72\">277.3<\/td>\n<\/tr>\n<tr style=\"height: 13.50pt;\">\n<td class=\"et2\" style=\"height: 13.50pt; width: 54.00pt;\" width=\"72\" height=\"18\">\u0130\u00e7erik<\/td>\n<td class=\"et2\" style=\"width: 54.00pt;\" width=\"72\">\u226599.0%<\/td>\n<\/tr>\n<tr style=\"height: 25.50pt;\">\n<td class=\"et2\" style=\"height: 25.50pt; width: 54.00pt;\" width=\"72\" height=\"34\">Erime noktas\u0131<\/td>\n<td class=\"et2\" style=\"width: 54.00pt;\" width=\"72\">96-98<span class=\"font2\">\u2103<\/span><\/td>\n<\/tr>\n<tr style=\"height: 13.50pt;\">\n<td class=\"et2\" style=\"height: 13.50pt; width: 54.00pt;\" width=\"72\" height=\"18\">Parlama noktas\u0131<\/td>\n<td class=\"et2\" style=\"width: 54.00pt;\" width=\"72\">199.4\u00b0C<\/td>\n<\/tr>\n<tr style=\"height: 25.50pt;\">\n<td class=\"et2\" style=\"height: 25.50pt; width: 54.00pt;\" width=\"72\" height=\"34\">Yo\u011funluk@20<span class=\"font2\">\u2103<\/span><\/td>\n<td class=\"et2\" style=\"width: 54.00pt;\" width=\"72\">1.16g\/cm3<\/td>\n<\/tr>\n<tr style=\"height: 13.50pt;\">\n<td class=\"et2\" style=\"height: 13.50pt; width: 54.00pt;\" width=\"72\" height=\"18\">K\u00fcl<\/td>\n<td class=\"et2\" style=\"width: 54.00pt;\" width=\"72\">\u22640,1%<\/td>\n<\/tr>\n<tr style=\"height: 13.50pt;\">\n<td class=\"et2\" style=\"height: 13.50pt; width: 54.00pt;\" width=\"72\" height=\"18\">Volatilite<\/td>\n<td class=\"et2\" style=\"width: 54.00pt;\" width=\"72\">\u22640,5%<\/td>\n<\/tr>\n<\/tbody>\n<\/table>\n<p>&nbsp;<\/p>\n<h2><strong>UV-3035 \/ Etocrilene Kullan\u0131m\u0131<\/strong><\/h2>\n<p>1. UV emici UV-3035, 302 nm'lik bir tepe emilimi ile 270-340 nm UV \u0131\u015f\u0131\u011f\u0131n\u0131 emebilen bir siyanoakrilat UV emicidir. Molek\u00fcler yap\u0131s\u0131 fenolik hidroksil gruplar\u0131 i\u00e7ermez ve ester gruplar\u0131ndaki yap\u0131sal de\u011fi\u015fiklikler yoluyla m\u00fckemmel kimyasal stabiliteye ve kaplama re\u00e7ineleri ile m\u00fckemmel uyumlulu\u011fa sahiptir. Polivinil klor\u00fcr, polistiren, stiren kopolimer, polikarbonat, akrilat kaplamalar, poli\u00fcretan kaplamalar, vernik kaplamalar, jel kaplamalar, konteyner kaplamalar, akrilik ve vinil yap\u0131\u015ft\u0131r\u0131c\u0131lar i\u00e7in uygundur.<\/p>\n<p>2. UV emici UV-3035, MEK'te iyi \u00e7\u00f6z\u00fcn\u00fcrl\u00fc\u011fe sahiptir, MEK akrilik re\u00e7ine ile iyi uyumlulu\u011fa sahiptir ve kaplaman\u0131n dayan\u0131kl\u0131l\u0131\u011f\u0131n\u0131 art\u0131rmak i\u00e7in boyan\u0131n \u00fcst kaplamas\u0131nda kullan\u0131l\u0131r. I\u015f\u0131k stabilizat\u00f6r\u00fc ile kullan\u0131ld\u0131\u011f\u0131nda sinerjik etki dikkat \u00e7ekicidir. Genel dozaj 0.1-0.5%'dir.<\/p>\n<p>3. UV emici UV-3035, plastik ve kaplama \u00fcr\u00fcnlerini g\u00fcne\u015fteki UV radyasyonundan korumak i\u00e7in kullan\u0131l\u0131r. Bu \u00fcr\u00fcn m\u00fckemmel UV absorpsiyon performans\u0131 ve termal stabilite sa\u011flar.<\/p>\n<h2><strong>\u015eimdi Bize Ula\u015f\u0131n!<\/strong><\/h2>\n<p><strong>COA, MSDS veya TDS'ye ihtiyac\u0131n\u0131z varsa <span style=\"color: #00ccff;\"><a style=\"color: #00ccff;\" href=\"https:\/\/longchangchemical.com\/tr\/product-category\/lcsorb-uv-absorber\/\">UV Emici<\/a><\/span>l\u00fctfen ileti\u015fim bilgilerinizi a\u015fa\u011f\u0131daki forma doldurun, genellikle 24 saat i\u00e7inde sizinle ileti\u015fime ge\u00e7ece\u011fiz. Bana e-posta da g\u00f6nderebilirsiniz <span style=\"color: #00ccff;\"><a style=\"color: #00ccff;\" href=\"mailto:info@longchangchemical.com\">info@longchangchemical.com<\/a> <\/span>\u00c7al\u0131\u015fma saatleri i\u00e7inde (8:30 - 6:00 UTC+8 Pzt.~Sat.) veya h\u0131zl\u0131 yan\u0131t almak i\u00e7in web sitesi canl\u0131 sohbetini kullan\u0131n.<\/strong><\/p>","protected":false},"excerpt":{"rendered":"<p>UV-3035 \/ Etocrilene CAS 5232-99-5 G\u00f6r\u00fcn\u00fcm Beyaz kristal toz Molek\u00fcl a\u011f\u0131rl\u0131\u011f\u0131 277.3 \u0130\u00e7erik \u226599.0% Erime noktas\u0131 96-98\u2103 Parlama noktas\u0131 199.4\u00b0C Yo\u011funluk@20\u2103 1.16g\/cm3 K\u00fcl \u22640.1% U\u00e7uculuk \u22640.5% UV-3035 \/ Etocrilene Kullan\u0131m 1. UV emici UV emici UV-3035, 302 nm'lik bir tepe emilimi ile 270-340 nm UV \u0131\u015f\u0131\u011f\u0131n\u0131 emebilen bir siyanoakrilat UV emicidir. Bu [...]<\/p>","protected":false},"featured_media":7949,"comment_status":"closed","ping_status":"closed","template":"","meta":[],"product_brand":[],"product_cat":[139],"product_tag":[],"class_list":{"0":"post-6076","1":"product","2":"type-product","3":"status-publish","4":"has-post-thumbnail","6":"product_cat-lcsorb-uv-absorber","8":"first","9":"instock","10":"shipping-taxable","11":"product-type-simple"},"yoast_head":"<!-- This site is optimized with the Yoast SEO plugin v25.3.1 - https:\/\/yoast.com\/wordpress\/plugins\/seo\/ -->\n<title>China CHLUMIUV\u00ae UV-3035 \/ Etocrilene CAS 5232-99-5 Manufacturer - Longchang Chemical<\/title>\n<meta name=\"description\" content=\"CHLUMIUV\u00ae UV-3035 \/ Etocrilene CAS 5232-99-5 is a key product of Longchang Chemical. We provide the best price. We are the leading manufacturer in China with the best quality and competitive price.\" \/>\n<meta name=\"robots\" content=\"index, follow, max-snippet:-1, max-image-preview:large, max-video-preview:-1\" \/>\n<link rel=\"canonical\" href=\"https:\/\/longchangchemical.com\/tr\/product\/lcsorb-uv-3035-cas-5232-99-5\/\" \/>\n<meta property=\"og:locale\" content=\"tr_TR\" \/>\n<meta property=\"og:type\" content=\"article\" \/>\n<meta property=\"og:title\" content=\"China CHLUMIUV\u00ae UV-3035 \/ Etocrilene CAS 5232-99-5 Manufacturer - Longchang Chemical\" \/>\n<meta property=\"og:description\" content=\"CHLUMIUV\u00ae UV-3035 \/ Etocrilene CAS 5232-99-5 is a key product of Longchang Chemical. We provide the best price. We are the leading manufacturer in China with the best quality and competitive price.\" \/>\n<meta property=\"og:url\" content=\"https:\/\/longchangchemical.com\/tr\/product\/lcsorb-uv-3035-cas-5232-99-5\/\" \/>\n<meta property=\"og:site_name\" content=\"Longchang Chemical\" \/>\n<meta property=\"article:modified_time\" content=\"2026-01-09T08:44:45+00:00\" \/>\n<meta property=\"og:image\" content=\"https:\/\/longchangchemical.com\/wp-content\/uploads\/2023\/05\/5232-99-5.jpg\" \/>\n\t<meta property=\"og:image:width\" content=\"600\" \/>\n\t<meta property=\"og:image:height\" content=\"600\" \/>\n\t<meta property=\"og:image:type\" content=\"image\/jpeg\" \/>\n<meta name=\"twitter:card\" content=\"summary_large_image\" \/>\n<script type=\"application\/ld+json\" class=\"yoast-schema-graph\">{\"@context\":\"https:\/\/schema.org\",\"@graph\":[{\"@type\":\"WebPage\",\"@id\":\"https:\/\/longchangchemical.com\/product\/lcsorb-uv-3035-cas-5232-99-5\/\",\"url\":\"https:\/\/longchangchemical.com\/product\/lcsorb-uv-3035-cas-5232-99-5\/\",\"name\":\"China CHLUMIUV\u00ae UV-3035 \/ Etocrilene CAS 5232-99-5 Manufacturer - Longchang Chemical\",\"isPartOf\":{\"@id\":\"https:\/\/longchangchemical.com\/#website\"},\"primaryImageOfPage\":{\"@id\":\"https:\/\/longchangchemical.com\/product\/lcsorb-uv-3035-cas-5232-99-5\/#primaryimage\"},\"image\":{\"@id\":\"https:\/\/longchangchemical.com\/product\/lcsorb-uv-3035-cas-5232-99-5\/#primaryimage\"},\"thumbnailUrl\":\"https:\/\/longchangchemical.com\/wp-content\/uploads\/2023\/05\/5232-99-5.jpg\",\"datePublished\":\"2023-05-04T11:53:55+00:00\",\"dateModified\":\"2026-01-09T08:44:45+00:00\",\"description\":\"CHLUMIUV\u00ae UV-3035 \/ Etocrilene CAS 5232-99-5 is a key product of Longchang Chemical. We provide the best price. We are the leading manufacturer in China with the best quality and competitive price.\",\"breadcrumb\":{\"@id\":\"https:\/\/longchangchemical.com\/product\/lcsorb-uv-3035-cas-5232-99-5\/#breadcrumb\"},\"inLanguage\":\"tr\",\"potentialAction\":[{\"@type\":\"ReadAction\",\"target\":[\"https:\/\/longchangchemical.com\/product\/lcsorb-uv-3035-cas-5232-99-5\/\"]}]},{\"@type\":\"ImageObject\",\"inLanguage\":\"tr\",\"@id\":\"https:\/\/longchangchemical.com\/product\/lcsorb-uv-3035-cas-5232-99-5\/#primaryimage\",\"url\":\"https:\/\/longchangchemical.com\/wp-content\/uploads\/2023\/05\/5232-99-5.jpg\",\"contentUrl\":\"https:\/\/longchangchemical.com\/wp-content\/uploads\/2023\/05\/5232-99-5.jpg\",\"width\":600,\"height\":600},{\"@type\":\"BreadcrumbList\",\"@id\":\"https:\/\/longchangchemical.com\/product\/lcsorb-uv-3035-cas-5232-99-5\/#breadcrumb\",\"itemListElement\":[{\"@type\":\"ListItem\",\"position\":1,\"name\":\"Home\",\"item\":\"https:\/\/longchangchemical.com\/\"},{\"@type\":\"ListItem\",\"position\":2,\"name\":\"Products Longchang\",\"item\":\"https:\/\/longchangchemical.com\/product\/\"},{\"@type\":\"ListItem\",\"position\":3,\"name\":\"CHLUMIUV\u00ae UV-3035 \/ Etocrilene CAS 5232-99-5\"}]},{\"@type\":\"WebSite\",\"@id\":\"https:\/\/longchangchemical.com\/#website\",\"url\":\"https:\/\/longchangchemical.com\/\",\"name\":\"Longchang Chemical\",\"description\":\"China chemical manufacturer \uff06 supplier\",\"publisher\":{\"@id\":\"https:\/\/longchangchemical.com\/#organization\"},\"potentialAction\":[{\"@type\":\"SearchAction\",\"target\":{\"@type\":\"EntryPoint\",\"urlTemplate\":\"https:\/\/longchangchemical.com\/?s={search_term_string}\"},\"query-input\":{\"@type\":\"PropertyValueSpecification\",\"valueRequired\":true,\"valueName\":\"search_term_string\"}}],\"inLanguage\":\"tr\"},{\"@type\":\"Organization\",\"@id\":\"https:\/\/longchangchemical.com\/#organization\",\"name\":\"Longchang Chemical\",\"url\":\"https:\/\/longchangchemical.com\/\",\"logo\":{\"@type\":\"ImageObject\",\"inLanguage\":\"tr\",\"@id\":\"https:\/\/longchangchemical.com\/#\/schema\/logo\/image\/\",\"url\":\"https:\/\/longchangchemical.com\/wp-content\/uploads\/2020\/08\/cropped-longchang-logo.png\",\"contentUrl\":\"https:\/\/longchangchemical.com\/wp-content\/uploads\/2020\/08\/cropped-longchang-logo.png\",\"width\":512,\"height\":512,\"caption\":\"Longchang Chemical\"},\"image\":{\"@id\":\"https:\/\/longchangchemical.com\/#\/schema\/logo\/image\/\"}}]}<\/script>\n<!-- \/ Yoast SEO plugin. -->","yoast_head_json":{"title":"\u00c7in CHLUMIUV\u00ae UV-3035 \/ Etocrilene CAS 5232-99-5 \u00dcretici - Longchang Chemical","description":"CHLUMIUV\u00ae UV-3035 \/ Etocrilene CAS 5232-99-5, Longchang Chemical'\u0131n \u00f6nemli bir \u00fcr\u00fcn\u00fcd\u00fcr. En iyi fiyat\u0131 sa\u011fl\u0131yoruz. En iyi kalite ve rekabet\u00e7i fiyat ile \u00c7in'in \u00f6nde gelen \u00fcreticisiyiz.","robots":{"index":"index","follow":"follow","max-snippet":"max-snippet:-1","max-image-preview":"max-image-preview:large","max-video-preview":"max-video-preview:-1"},"canonical":"https:\/\/longchangchemical.com\/tr\/product\/lcsorb-uv-3035-cas-5232-99-5\/","og_locale":"tr_TR","og_type":"article","og_title":"China CHLUMIUV\u00ae UV-3035 \/ Etocrilene CAS 5232-99-5 Manufacturer - Longchang Chemical","og_description":"CHLUMIUV\u00ae UV-3035 \/ Etocrilene CAS 5232-99-5 is a key product of Longchang Chemical. We provide the best price. We are the leading manufacturer in China with the best quality and competitive price.","og_url":"https:\/\/longchangchemical.com\/tr\/product\/lcsorb-uv-3035-cas-5232-99-5\/","og_site_name":"Longchang Chemical","article_modified_time":"2026-01-09T08:44:45+00:00","og_image":[{"width":600,"height":600,"url":"https:\/\/longchangchemical.com\/wp-content\/uploads\/2023\/05\/5232-99-5.jpg","type":"image\/jpeg"}],"twitter_card":"summary_large_image","schema":{"@context":"https:\/\/schema.org","@graph":[{"@type":"WebPage","@id":"https:\/\/longchangchemical.com\/product\/lcsorb-uv-3035-cas-5232-99-5\/","url":"https:\/\/longchangchemical.com\/product\/lcsorb-uv-3035-cas-5232-99-5\/","name":"\u00c7in CHLUMIUV\u00ae UV-3035 \/ Etocrilene CAS 5232-99-5 \u00dcretici - Longchang Chemical","isPartOf":{"@id":"https:\/\/longchangchemical.com\/#website"},"primaryImageOfPage":{"@id":"https:\/\/longchangchemical.com\/product\/lcsorb-uv-3035-cas-5232-99-5\/#primaryimage"},"image":{"@id":"https:\/\/longchangchemical.com\/product\/lcsorb-uv-3035-cas-5232-99-5\/#primaryimage"},"thumbnailUrl":"https:\/\/longchangchemical.com\/wp-content\/uploads\/2023\/05\/5232-99-5.jpg","datePublished":"2023-05-04T11:53:55+00:00","dateModified":"2026-01-09T08:44:45+00:00","description":"CHLUMIUV\u00ae UV-3035 \/ Etocrilene CAS 5232-99-5, Longchang Chemical'\u0131n \u00f6nemli bir \u00fcr\u00fcn\u00fcd\u00fcr. En iyi fiyat\u0131 sa\u011fl\u0131yoruz. En iyi kalite ve rekabet\u00e7i fiyat ile \u00c7in'in \u00f6nde gelen \u00fcreticisiyiz.","breadcrumb":{"@id":"https:\/\/longchangchemical.com\/product\/lcsorb-uv-3035-cas-5232-99-5\/#breadcrumb"},"inLanguage":"tr","potentialAction":[{"@type":"ReadAction","target":["https:\/\/longchangchemical.com\/product\/lcsorb-uv-3035-cas-5232-99-5\/"]}]},{"@type":"ImageObject","inLanguage":"tr","@id":"https:\/\/longchangchemical.com\/product\/lcsorb-uv-3035-cas-5232-99-5\/#primaryimage","url":"https:\/\/longchangchemical.com\/wp-content\/uploads\/2023\/05\/5232-99-5.jpg","contentUrl":"https:\/\/longchangchemical.com\/wp-content\/uploads\/2023\/05\/5232-99-5.jpg","width":600,"height":600},{"@type":"BreadcrumbList","@id":"https:\/\/longchangchemical.com\/product\/lcsorb-uv-3035-cas-5232-99-5\/#breadcrumb","itemListElement":[{"@type":"ListItem","position":1,"name":"Home","item":"https:\/\/longchangchemical.com\/"},{"@type":"ListItem","position":2,"name":"Products Longchang","item":"https:\/\/longchangchemical.com\/product\/"},{"@type":"ListItem","position":3,"name":"CHLUMIUV\u00ae UV-3035 \/ Etocrilene CAS 5232-99-5"}]},{"@type":"WebSite","@id":"https:\/\/longchangchemical.com\/#website","url":"https:\/\/longchangchemical.com\/","name":"Longchang Kimya","description":"\u00c7in kimyasal \u00fcreticisi \uff06 tedarik\u00e7isi","publisher":{"@id":"https:\/\/longchangchemical.com\/#organization"},"potentialAction":[{"@type":"SearchAction","target":{"@type":"EntryPoint","urlTemplate":"https:\/\/longchangchemical.com\/?s={search_term_string}"},"query-input":{"@type":"PropertyValueSpecification","valueRequired":true,"valueName":"search_term_string"}}],"inLanguage":"tr"},{"@type":"Organization","@id":"https:\/\/longchangchemical.com\/#organization","name":"Longchang Kimya","url":"https:\/\/longchangchemical.com\/","logo":{"@type":"ImageObject","inLanguage":"tr","@id":"https:\/\/longchangchemical.com\/#\/schema\/logo\/image\/","url":"https:\/\/longchangchemical.com\/wp-content\/uploads\/2020\/08\/cropped-longchang-logo.png","contentUrl":"https:\/\/longchangchemical.com\/wp-content\/uploads\/2020\/08\/cropped-longchang-logo.png","width":512,"height":512,"caption":"Longchang Chemical"},"image":{"@id":"https:\/\/longchangchemical.com\/#\/schema\/logo\/image\/"}}]}},"_links":{"self":[{"href":"https:\/\/longchangchemical.com\/tr\/wp-json\/wp\/v2\/product\/6076","targetHints":{"allow":["GET"]}}],"collection":[{"href":"https:\/\/longchangchemical.com\/tr\/wp-json\/wp\/v2\/product"}],"about":[{"href":"https:\/\/longchangchemical.com\/tr\/wp-json\/wp\/v2\/types\/product"}],"replies":[{"embeddable":true,"href":"https:\/\/longchangchemical.com\/tr\/wp-json\/wp\/v2\/comments?post=6076"}],"wp:featuredmedia":[{"embeddable":true,"href":"https:\/\/longchangchemical.com\/tr\/wp-json\/wp\/v2\/media\/7949"}],"wp:attachment":[{"href":"https:\/\/longchangchemical.com\/tr\/wp-json\/wp\/v2\/media?parent=6076"}],"wp:term":[{"taxonomy":"product_brand","embeddable":true,"href":"https:\/\/longchangchemical.com\/tr\/wp-json\/wp\/v2\/product_brand?post=6076"},{"taxonomy":"product_cat","embeddable":true,"href":"https:\/\/longchangchemical.com\/tr\/wp-json\/wp\/v2\/product_cat?post=6076"},{"taxonomy":"product_tag","embeddable":true,"href":"https:\/\/longchangchemical.com\/tr\/wp-json\/wp\/v2\/product_tag?post=6076"}],"curies":[{"name":"wp","href":"https:\/\/api.w.org\/{rel}","templated":true}]}}