{"id":6056,"date":"2023-04-29T14:03:39","date_gmt":"2023-04-29T14:03:39","guid":{"rendered":"https:\/\/longchangchemical.com\/?post_type=product&#038;p=6056"},"modified":"2026-01-09T08:56:01","modified_gmt":"2026-01-09T08:56:01","slug":"lcsorb-360-cas-103597-45-1","status":"publish","type":"product","link":"https:\/\/longchangchemical.com\/tr\/product\/lcsorb-360-cas-103597-45-1\/","title":{"rendered":"CHLUMIUV\u00ae 360 CAS 103597-45-1"},"content":{"rendered":"<h1><strong>360 CAS 103597-45-1<\/strong><\/h1>\n<table style=\"border-collapse: collapse; width: 232.53pt;\" border=\"0\" width=\"310\" cellspacing=\"0\" cellpadding=\"0\">\n<tbody>\n<tr style=\"height: 28.50pt;\">\n<td class=\"et2\" style=\"height: 28.50pt; width: 97.50pt;\" width=\"130\" height=\"38\">G\u00f6r\u00fcn\u00fc\u015f<\/td>\n<td class=\"et2\" style=\"width: 135.00pt;\" width=\"180\">A\u00e7\u0131k sar\u0131 toz<\/td>\n<\/tr>\n<tr style=\"height: 28.50pt;\">\n<td class=\"et2\" style=\"height: 28.50pt; width: 97.50pt;\" width=\"130\" height=\"38\">Molek\u00fcler a\u011f\u0131rl\u0131k<\/td>\n<td class=\"et2\" style=\"width: 135.00pt;\" width=\"180\">658.9<\/td>\n<\/tr>\n<tr style=\"height: 14.25pt;\">\n<td class=\"et2\" style=\"height: 14.25pt; width: 97.50pt;\" width=\"130\" height=\"19\">\u0130\u00e7erik<\/td>\n<td class=\"et2\" style=\"width: 135.00pt;\" width=\"180\">\u226599.0%<\/td>\n<\/tr>\n<tr style=\"height: 28.50pt;\">\n<td class=\"et2\" style=\"height: 28.50pt; width: 97.50pt;\" width=\"130\" height=\"38\">Erime noktas\u0131<\/td>\n<td class=\"et2\" style=\"width: 135.00pt;\" width=\"180\">195-198\u00b0C<\/td>\n<\/tr>\n<tr style=\"height: 28.50pt;\">\n<td class=\"et2\" style=\"height: 28.50pt; width: 97.50pt;\" width=\"130\" height=\"38\">Parlama noktas\u0131<\/td>\n<td class=\"et2\" style=\"width: 135.00pt;\" width=\"180\">420.5\u00b0C<\/td>\n<\/tr>\n<tr style=\"height: 28.50pt;\">\n<td class=\"et2\" style=\"height: 28.50pt; width: 97.50pt;\" width=\"130\" height=\"38\">Yo\u011funluk@20\u00b0C<\/td>\n<td class=\"et2\" style=\"width: 135.00pt;\" width=\"180\">1.16g\/cm3<\/td>\n<\/tr>\n<tr style=\"height: 14.25pt;\">\n<td class=\"et2\" style=\"height: 14.25pt; width: 97.50pt;\" width=\"130\" height=\"19\">K\u00fcl<\/td>\n<td class=\"et2\" style=\"width: 135.00pt;\" width=\"180\">\u22640,1%<\/td>\n<\/tr>\n<tr style=\"height: 14.25pt;\">\n<td class=\"et2\" style=\"height: 14.25pt; width: 97.50pt;\" width=\"130\" height=\"19\">U\u00e7ucu Maddeler<\/td>\n<td class=\"et2\" style=\"width: 135.00pt;\" width=\"180\">\u22640,3%<\/td>\n<\/tr>\n<tr style=\"height: 14.25pt;\">\n<td class=\"et4\" style=\"height: 28.50pt; width: 97.50pt; border-bottom: .5pt solid #000000;\" rowspan=\"2\" width=\"130\" height=\"38\">I\u015f\u0131k iletimi<\/td>\n<td class=\"et2\" style=\"width: 135.00pt;\" width=\"180\">460nm\u226597%<\/td>\n<\/tr>\n<tr style=\"height: 14.25pt;\">\n<td class=\"et2\" style=\"width: 135.00pt;\" width=\"180\">500nm\u226598%<\/td>\n<\/tr>\n<\/tbody>\n<\/table>\n<h2><strong>360 Kullan\u0131m\u0131<\/strong><\/h2>\n<p>1. Bu \u00fcr\u00fcn ayn\u0131 zamanda \u00e7ok d\u00fc\u015f\u00fck bir u\u00e7uculu\u011fa sahiptir, di\u011fer \u0131\u015f\u0131k stabilizat\u00f6rleri veya antioksidanlarla birlikte kullan\u0131labilir, \u00f6zellikle i\u015fleme, y\u00fcksek s\u0131cakl\u0131k ortam\u0131nda ya\u015flanma i\u00e7in uygundur, toz, \u00e7\u00f6zelti veya eriyik ekstr\u00fczyon olarak kal\u0131planabilir, kristal s\u0131z\u0131nt\u0131s\u0131n\u0131 ve s\u00fcblimasyonu \u00f6nleyebilir, d\u00f6k\u00fcm, ince tabaka yap\u0131m\u0131 i\u00e7in uygundur. lifler, ka\u011f\u0131t ve duvar ka\u011f\u0131d\u0131 vb.Bu \u00fcr\u00fcn akrilat, polyester, polikarbonat, poliformaldehit, poliamid, poliolefin, Stiren polimerler, elastomerler, yap\u0131\u015ft\u0131r\u0131c\u0131lar vb. i\u00e7in uygundur.<\/p>\n<p>2. UV-360, 300-400nm UV \u0131\u015f\u0131\u011f\u0131n\u0131 emebilen, 353nm'lik bir tepe emilimi olan benzotriazol tipi bir UV emicidir. Y\u00fcksek s\u0131cakl\u0131k direncine, ekstraksiyon direncine, d\u00fc\u015f\u00fck u\u00e7uculu\u011fa, d\u00fc\u015f\u00fck migrasyona, iyi termal stabiliteye, y\u00fcksek absorpsiyon verimlili\u011fine ve anti-oksidasyon \u00f6zelliklerine vb. sahiptir. Akrilik re\u00e7ine, polikarbonat, polistiren, polifenilen s\u00fclfit, polifenilen eter, poliamid, poliformaldehit, stiren kopolimer i\u00e7in uygundur. \u00c7\u0131k\u0131\u015f noktas\u0131nda s\u00fcblimasyonu azalt\u0131rken ve kal\u0131plar ve so\u011futma silindirleri \u00fczerinde birikmeyi \u00f6nlerken y\u00fcksek UV y\u00fckleme performans\u0131 elde etmek i\u00e7in y\u00fcksek katk\u0131 seviyeleri, y\u00fcksek uyumluluk, y\u00fcksek UV y\u00fcklemesi, d\u00fc\u015f\u00fck u\u00e7uculuk ve d\u00fc\u015f\u00fck migrasyonun gerekli oldu\u011fu y\u00fcksek s\u0131cakl\u0131k i\u015fleme ko\u015fullar\u0131 i\u00e7in \u00f6zellikle uygundur. \u00d6zellikle \u00e7ift katmanlar, yap\u0131\u015fkan katmanlar, laminasyon veya birlikte ekstr\u00fczyon katmanlar\u0131, \u00fc\u00e7\u00fcnc\u00fc bir katman kullanmadan pullar\u0131n do\u011frudan \u00e7ift katmanl\u0131 ekstr\u00fczyonu, y\u00fcksek s\u0131cakl\u0131kta kanama ve y\u00fczey kristalle\u015fmesini \u00f6nleme, s\u00fcblimasyonu ve y\u00fcksek UV y\u00fck\u00fc birikimini \u00f6nleme i\u00e7in uygundur. Tipik dozaj 0.1-0.5%'dir.<\/p>\n<p>3. \u015eunlar i\u00e7in uygundur: y\u00fcksek UV y\u00fcklemesi, d\u00fc\u015f\u00fck u\u00e7uculuk ve iyi uyumluluk ko\u015fullar\u0131n\u0131n gerekli oldu\u011fu i\u015flemler. Ama\u00e7, m\u00fckemmel UV korumas\u0131 elde etmek, havaland\u0131rma s\u0131ras\u0131nda s\u00fcblimle\u015fmeyi azaltmak ve ayn\u0131 zamanda kal\u0131plar, so\u011futma silindirleri ve kalibrat\u00f6rler \u00fczerinde birikintileri \u00f6nlemektir. \u0130\u015fleme veya y\u00fcksek servis s\u0131cakl\u0131klar\u0131 s\u0131ras\u0131nda par\u00e7an\u0131n d\u0131\u015f\u0131nda kanama veya kristalle\u015fmeyi \u00f6nleyebilir. Bu \u00f6zellikler \u00f6zellikle lamine film par\u00e7alar\u0131, elyaflar, pullar, \u00e7ift pullar, yap\u0131\u015fkan tabakalar ve lamine veya birlikte ekstr\u00fcde edilmi\u015f yar\u0131 mamul par\u00e7alar \u00fczerinde kullan\u0131m i\u00e7in uygundur.<\/p>\n<h2><strong>\u015eimdi Bize Ula\u015f\u0131n!<\/strong><\/h2>\n<p><strong>COA, MSDS veya TDS'ye ihtiyac\u0131n\u0131z varsa <span style=\"color: #00ccff;\"><a style=\"color: #00ccff;\" href=\"https:\/\/longchangchemical.com\/tr\/product-category\/lcsorb-uv-absorber\/\">UV Emici<\/a><\/span>l\u00fctfen ileti\u015fim bilgilerinizi a\u015fa\u011f\u0131daki forma doldurun, genellikle 24 saat i\u00e7inde sizinle ileti\u015fime ge\u00e7ece\u011fiz. Bana e-posta da g\u00f6nderebilirsiniz <span style=\"color: #00ccff;\"><a style=\"color: #00ccff;\" href=\"mailto:info@longchangchemical.com\">info@longchangchemical.com<\/a> <\/span>\u00c7al\u0131\u015fma saatleri i\u00e7inde (8:30 - 6:00 UTC+8 Pzt.~Sat.) veya h\u0131zl\u0131 yan\u0131t almak i\u00e7in web sitesi canl\u0131 sohbetini kullan\u0131n.<\/strong><\/p>","protected":false},"excerpt":{"rendered":"<p>360 CAS 103597-45-1 G\u00f6r\u00fcn\u00fcm A\u00e7\u0131k sar\u0131 toz Molek\u00fcl a\u011f\u0131rl\u0131\u011f\u0131 658.9 \u0130\u00e7erik \u226599.0% Erime noktas\u0131 195-198\u00b0C Parlama noktas\u0131 420.5\u00b0C Yo\u011funluk@20\u00b0C 1.16g\/cm3 K\u00fcl \u22640.1% U\u00e7ucular \u22640.3% I\u015f\u0131k ge\u00e7irgenli\u011fi 460nm\u226597% 500nm\u226598% 360 Kullan\u0131m 1. Bu \u00fcr\u00fcn ayn\u0131 zamanda \u00e7ok d\u00fc\u015f\u00fck u\u00e7uculu\u011fa sahiptir. Bu \u00fcr\u00fcn ayn\u0131 zamanda \u00e7ok d\u00fc\u015f\u00fck bir u\u00e7uculu\u011fa sahiptir, di\u011fer \u0131\u015f\u0131k stabilizat\u00f6rleri veya antioksidanlarla birlikte kullan\u0131labilir, \u00f6zellikle i\u015fleme, [...] i\u00e7inde ya\u015flanma i\u00e7in uygundur.<\/p>","protected":false},"featured_media":7952,"comment_status":"closed","ping_status":"closed","template":"","meta":[],"product_brand":[],"product_cat":[139],"product_tag":[],"class_list":{"0":"post-6056","1":"product","2":"type-product","3":"status-publish","4":"has-post-thumbnail","6":"product_cat-lcsorb-uv-absorber","8":"first","9":"instock","10":"shipping-taxable","11":"product-type-simple"},"yoast_head":"<!-- This site is optimized with the Yoast SEO plugin v25.3.1 - https:\/\/yoast.com\/wordpress\/plugins\/seo\/ -->\n<title>China CHLUMIUV\u00ae 360 CAS 103597-45-1 Manufacturer - Longchang Chemical<\/title>\n<meta name=\"description\" content=\"CHLUMIUV\u00ae 360 CAS 103597-45-1 is a key product of Longchang Chemical. We provide the best price. We are the leading manufacturer in China with the best quality and competitive price.\" \/>\n<meta name=\"robots\" content=\"index, follow, max-snippet:-1, max-image-preview:large, max-video-preview:-1\" \/>\n<link rel=\"canonical\" href=\"https:\/\/longchangchemical.com\/tr\/product\/lcsorb-360-cas-103597-45-1\/\" \/>\n<meta property=\"og:locale\" content=\"tr_TR\" \/>\n<meta property=\"og:type\" content=\"article\" \/>\n<meta property=\"og:title\" content=\"China CHLUMIUV\u00ae 360 CAS 103597-45-1 Manufacturer - Longchang Chemical\" \/>\n<meta property=\"og:description\" content=\"CHLUMIUV\u00ae 360 CAS 103597-45-1 is a key product of Longchang Chemical. We provide the best price. We are the leading manufacturer in China with the best quality and competitive price.\" \/>\n<meta property=\"og:url\" content=\"https:\/\/longchangchemical.com\/tr\/product\/lcsorb-360-cas-103597-45-1\/\" \/>\n<meta property=\"og:site_name\" content=\"Longchang Chemical\" \/>\n<meta property=\"article:modified_time\" content=\"2026-01-09T08:56:01+00:00\" \/>\n<meta property=\"og:image\" content=\"https:\/\/longchangchemical.com\/wp-content\/uploads\/2023\/04\/103597-45-1.jpg\" \/>\n\t<meta property=\"og:image:width\" content=\"600\" \/>\n\t<meta property=\"og:image:height\" content=\"600\" \/>\n\t<meta property=\"og:image:type\" content=\"image\/jpeg\" \/>\n<meta name=\"twitter:card\" content=\"summary_large_image\" \/>\n<script type=\"application\/ld+json\" class=\"yoast-schema-graph\">{\"@context\":\"https:\/\/schema.org\",\"@graph\":[{\"@type\":\"WebPage\",\"@id\":\"https:\/\/longchangchemical.com\/product\/lcsorb-360-cas-103597-45-1\/\",\"url\":\"https:\/\/longchangchemical.com\/product\/lcsorb-360-cas-103597-45-1\/\",\"name\":\"China CHLUMIUV\u00ae 360 CAS 103597-45-1 Manufacturer - Longchang Chemical\",\"isPartOf\":{\"@id\":\"https:\/\/longchangchemical.com\/#website\"},\"primaryImageOfPage\":{\"@id\":\"https:\/\/longchangchemical.com\/product\/lcsorb-360-cas-103597-45-1\/#primaryimage\"},\"image\":{\"@id\":\"https:\/\/longchangchemical.com\/product\/lcsorb-360-cas-103597-45-1\/#primaryimage\"},\"thumbnailUrl\":\"https:\/\/longchangchemical.com\/wp-content\/uploads\/2023\/04\/103597-45-1.jpg\",\"datePublished\":\"2023-04-29T14:03:39+00:00\",\"dateModified\":\"2026-01-09T08:56:01+00:00\",\"description\":\"CHLUMIUV\u00ae 360 CAS 103597-45-1 is a key product of Longchang Chemical. We provide the best price. We are the leading manufacturer in China with the best quality and competitive price.\",\"breadcrumb\":{\"@id\":\"https:\/\/longchangchemical.com\/product\/lcsorb-360-cas-103597-45-1\/#breadcrumb\"},\"inLanguage\":\"tr\",\"potentialAction\":[{\"@type\":\"ReadAction\",\"target\":[\"https:\/\/longchangchemical.com\/product\/lcsorb-360-cas-103597-45-1\/\"]}]},{\"@type\":\"ImageObject\",\"inLanguage\":\"tr\",\"@id\":\"https:\/\/longchangchemical.com\/product\/lcsorb-360-cas-103597-45-1\/#primaryimage\",\"url\":\"https:\/\/longchangchemical.com\/wp-content\/uploads\/2023\/04\/103597-45-1.jpg\",\"contentUrl\":\"https:\/\/longchangchemical.com\/wp-content\/uploads\/2023\/04\/103597-45-1.jpg\",\"width\":600,\"height\":600},{\"@type\":\"BreadcrumbList\",\"@id\":\"https:\/\/longchangchemical.com\/product\/lcsorb-360-cas-103597-45-1\/#breadcrumb\",\"itemListElement\":[{\"@type\":\"ListItem\",\"position\":1,\"name\":\"Home\",\"item\":\"https:\/\/longchangchemical.com\/\"},{\"@type\":\"ListItem\",\"position\":2,\"name\":\"Products Longchang\",\"item\":\"https:\/\/longchangchemical.com\/product\/\"},{\"@type\":\"ListItem\",\"position\":3,\"name\":\"CHLUMIUV\u00ae 360 CAS 103597-45-1\"}]},{\"@type\":\"WebSite\",\"@id\":\"https:\/\/longchangchemical.com\/#website\",\"url\":\"https:\/\/longchangchemical.com\/\",\"name\":\"Longchang Chemical\",\"description\":\"China chemical manufacturer \uff06 supplier\",\"publisher\":{\"@id\":\"https:\/\/longchangchemical.com\/#organization\"},\"potentialAction\":[{\"@type\":\"SearchAction\",\"target\":{\"@type\":\"EntryPoint\",\"urlTemplate\":\"https:\/\/longchangchemical.com\/?s={search_term_string}\"},\"query-input\":{\"@type\":\"PropertyValueSpecification\",\"valueRequired\":true,\"valueName\":\"search_term_string\"}}],\"inLanguage\":\"tr\"},{\"@type\":\"Organization\",\"@id\":\"https:\/\/longchangchemical.com\/#organization\",\"name\":\"Longchang Chemical\",\"url\":\"https:\/\/longchangchemical.com\/\",\"logo\":{\"@type\":\"ImageObject\",\"inLanguage\":\"tr\",\"@id\":\"https:\/\/longchangchemical.com\/#\/schema\/logo\/image\/\",\"url\":\"https:\/\/longchangchemical.com\/wp-content\/uploads\/2020\/08\/cropped-longchang-logo.png\",\"contentUrl\":\"https:\/\/longchangchemical.com\/wp-content\/uploads\/2020\/08\/cropped-longchang-logo.png\",\"width\":512,\"height\":512,\"caption\":\"Longchang Chemical\"},\"image\":{\"@id\":\"https:\/\/longchangchemical.com\/#\/schema\/logo\/image\/\"}}]}<\/script>\n<!-- \/ Yoast SEO plugin. -->","yoast_head_json":{"title":"\u00c7in CHLUMIUV\u00ae 360 CAS 103597-45-1 \u00dcretici - Longchang Chemical","description":"CHLUMIUV\u00ae 360 CAS 103597-45-1, Longchang Chemical'\u0131n \u00f6nemli bir \u00fcr\u00fcn\u00fcd\u00fcr. En iyi fiyat\u0131 sa\u011fl\u0131yoruz. En iyi kalite ve rekabet\u00e7i fiyat ile \u00c7in'in \u00f6nde gelen \u00fcreticisiyiz.","robots":{"index":"index","follow":"follow","max-snippet":"max-snippet:-1","max-image-preview":"max-image-preview:large","max-video-preview":"max-video-preview:-1"},"canonical":"https:\/\/longchangchemical.com\/tr\/product\/lcsorb-360-cas-103597-45-1\/","og_locale":"tr_TR","og_type":"article","og_title":"China CHLUMIUV\u00ae 360 CAS 103597-45-1 Manufacturer - Longchang Chemical","og_description":"CHLUMIUV\u00ae 360 CAS 103597-45-1 is a key product of Longchang Chemical. We provide the best price. We are the leading manufacturer in China with the best quality and competitive price.","og_url":"https:\/\/longchangchemical.com\/tr\/product\/lcsorb-360-cas-103597-45-1\/","og_site_name":"Longchang Chemical","article_modified_time":"2026-01-09T08:56:01+00:00","og_image":[{"width":600,"height":600,"url":"https:\/\/longchangchemical.com\/wp-content\/uploads\/2023\/04\/103597-45-1.jpg","type":"image\/jpeg"}],"twitter_card":"summary_large_image","schema":{"@context":"https:\/\/schema.org","@graph":[{"@type":"WebPage","@id":"https:\/\/longchangchemical.com\/product\/lcsorb-360-cas-103597-45-1\/","url":"https:\/\/longchangchemical.com\/product\/lcsorb-360-cas-103597-45-1\/","name":"\u00c7in CHLUMIUV\u00ae 360 CAS 103597-45-1 \u00dcretici - Longchang Chemical","isPartOf":{"@id":"https:\/\/longchangchemical.com\/#website"},"primaryImageOfPage":{"@id":"https:\/\/longchangchemical.com\/product\/lcsorb-360-cas-103597-45-1\/#primaryimage"},"image":{"@id":"https:\/\/longchangchemical.com\/product\/lcsorb-360-cas-103597-45-1\/#primaryimage"},"thumbnailUrl":"https:\/\/longchangchemical.com\/wp-content\/uploads\/2023\/04\/103597-45-1.jpg","datePublished":"2023-04-29T14:03:39+00:00","dateModified":"2026-01-09T08:56:01+00:00","description":"CHLUMIUV\u00ae 360 CAS 103597-45-1, Longchang Chemical'\u0131n \u00f6nemli bir \u00fcr\u00fcn\u00fcd\u00fcr. En iyi fiyat\u0131 sa\u011fl\u0131yoruz. En iyi kalite ve rekabet\u00e7i fiyat ile \u00c7in'in \u00f6nde gelen \u00fcreticisiyiz.","breadcrumb":{"@id":"https:\/\/longchangchemical.com\/product\/lcsorb-360-cas-103597-45-1\/#breadcrumb"},"inLanguage":"tr","potentialAction":[{"@type":"ReadAction","target":["https:\/\/longchangchemical.com\/product\/lcsorb-360-cas-103597-45-1\/"]}]},{"@type":"ImageObject","inLanguage":"tr","@id":"https:\/\/longchangchemical.com\/product\/lcsorb-360-cas-103597-45-1\/#primaryimage","url":"https:\/\/longchangchemical.com\/wp-content\/uploads\/2023\/04\/103597-45-1.jpg","contentUrl":"https:\/\/longchangchemical.com\/wp-content\/uploads\/2023\/04\/103597-45-1.jpg","width":600,"height":600},{"@type":"BreadcrumbList","@id":"https:\/\/longchangchemical.com\/product\/lcsorb-360-cas-103597-45-1\/#breadcrumb","itemListElement":[{"@type":"ListItem","position":1,"name":"Home","item":"https:\/\/longchangchemical.com\/"},{"@type":"ListItem","position":2,"name":"Products Longchang","item":"https:\/\/longchangchemical.com\/product\/"},{"@type":"ListItem","position":3,"name":"CHLUMIUV\u00ae 360 CAS 103597-45-1"}]},{"@type":"WebSite","@id":"https:\/\/longchangchemical.com\/#website","url":"https:\/\/longchangchemical.com\/","name":"Longchang Kimya","description":"\u00c7in kimyasal \u00fcreticisi \uff06 tedarik\u00e7isi","publisher":{"@id":"https:\/\/longchangchemical.com\/#organization"},"potentialAction":[{"@type":"SearchAction","target":{"@type":"EntryPoint","urlTemplate":"https:\/\/longchangchemical.com\/?s={search_term_string}"},"query-input":{"@type":"PropertyValueSpecification","valueRequired":true,"valueName":"search_term_string"}}],"inLanguage":"tr"},{"@type":"Organization","@id":"https:\/\/longchangchemical.com\/#organization","name":"Longchang Kimya","url":"https:\/\/longchangchemical.com\/","logo":{"@type":"ImageObject","inLanguage":"tr","@id":"https:\/\/longchangchemical.com\/#\/schema\/logo\/image\/","url":"https:\/\/longchangchemical.com\/wp-content\/uploads\/2020\/08\/cropped-longchang-logo.png","contentUrl":"https:\/\/longchangchemical.com\/wp-content\/uploads\/2020\/08\/cropped-longchang-logo.png","width":512,"height":512,"caption":"Longchang Chemical"},"image":{"@id":"https:\/\/longchangchemical.com\/#\/schema\/logo\/image\/"}}]}},"_links":{"self":[{"href":"https:\/\/longchangchemical.com\/tr\/wp-json\/wp\/v2\/product\/6056","targetHints":{"allow":["GET"]}}],"collection":[{"href":"https:\/\/longchangchemical.com\/tr\/wp-json\/wp\/v2\/product"}],"about":[{"href":"https:\/\/longchangchemical.com\/tr\/wp-json\/wp\/v2\/types\/product"}],"replies":[{"embeddable":true,"href":"https:\/\/longchangchemical.com\/tr\/wp-json\/wp\/v2\/comments?post=6056"}],"wp:featuredmedia":[{"embeddable":true,"href":"https:\/\/longchangchemical.com\/tr\/wp-json\/wp\/v2\/media\/7952"}],"wp:attachment":[{"href":"https:\/\/longchangchemical.com\/tr\/wp-json\/wp\/v2\/media?parent=6056"}],"wp:term":[{"taxonomy":"product_brand","embeddable":true,"href":"https:\/\/longchangchemical.com\/tr\/wp-json\/wp\/v2\/product_brand?post=6056"},{"taxonomy":"product_cat","embeddable":true,"href":"https:\/\/longchangchemical.com\/tr\/wp-json\/wp\/v2\/product_cat?post=6056"},{"taxonomy":"product_tag","embeddable":true,"href":"https:\/\/longchangchemical.com\/tr\/wp-json\/wp\/v2\/product_tag?post=6056"}],"curies":[{"name":"wp","href":"https:\/\/api.w.org\/{rel}","templated":true}]}}