{"id":6048,"date":"2023-04-21T08:11:04","date_gmt":"2023-04-21T08:11:04","guid":{"rendered":"https:\/\/longchangchemical.com\/?post_type=product&#038;p=6048"},"modified":"2026-01-09T09:06:29","modified_gmt":"2026-01-09T09:06:29","slug":"lcsorb-uv-3638-cas-18600-59-4","status":"publish","type":"product","link":"https:\/\/longchangchemical.com\/tr\/product\/lcsorb-uv-3638-cas-18600-59-4\/","title":{"rendered":"CHLUMIUV\u00ae UV-3638 CAS 18600-59-4"},"content":{"rendered":"<h1><strong>UV-3638 CAS 18600-59-4<\/strong><\/h1>\n<table style=\"border-collapse: collapse; width: 232.53pt;\" border=\"0\" width=\"310\" cellspacing=\"0\" cellpadding=\"0\">\n<tbody>\n<tr style=\"height: 17.25pt;\">\n<td class=\"et2\" style=\"height: 17.25pt; width: 106.50pt;\" width=\"142\" height=\"23\">G\u00f6r\u00fcn\u00fc\u015f<\/td>\n<td class=\"et3\" style=\"width: 126.00pt;\" width=\"168\">Beyaz benzeri toz<\/td>\n<\/tr>\n<tr style=\"height: 17.25pt;\">\n<td class=\"et2\" style=\"height: 17.25pt; width: 106.50pt;\" width=\"142\" height=\"23\">Molek\u00fcler a\u011f\u0131rl\u0131k<\/td>\n<td class=\"et4\" style=\"width: 126.00pt;\" width=\"168\">368.3<\/td>\n<\/tr>\n<tr style=\"height: 17.25pt;\">\n<td class=\"et2\" style=\"height: 17.25pt; width: 106.50pt;\" width=\"142\" height=\"23\">\u0130\u00e7erik<\/td>\n<td class=\"et3\" style=\"width: 126.00pt;\" width=\"168\">\u226599.0%<\/td>\n<\/tr>\n<tr style=\"height: 18.00pt;\">\n<td class=\"et2\" style=\"height: 18.00pt; width: 106.50pt;\" width=\"142\" height=\"24\">Erime noktas\u0131<\/td>\n<td class=\"et3\" style=\"width: 126.00pt;\" width=\"168\">310-315<span class=\"font0\">\u2103<\/span><\/td>\n<\/tr>\n<tr style=\"height: 17.25pt;\">\n<td class=\"et2\" style=\"height: 17.25pt; width: 106.50pt;\" width=\"142\" height=\"23\">Kaynama noktas\u0131<\/td>\n<td class=\"et3\" style=\"width: 126.00pt;\" width=\"168\">522.8\u00b0C<\/td>\n<\/tr>\n<tr style=\"height: 17.25pt;\">\n<td class=\"et2\" style=\"height: 17.25pt; width: 106.50pt;\" width=\"142\" height=\"23\">Yo\u011funluk@20\u00b0C<\/td>\n<td class=\"et3\" style=\"width: 126.00pt;\" width=\"168\">1.41g\/cm3<\/td>\n<\/tr>\n<tr style=\"height: 17.25pt;\">\n<td class=\"et2\" style=\"height: 17.25pt; width: 106.50pt;\" width=\"142\" height=\"23\">K\u00fcl<\/td>\n<td class=\"et3\" style=\"width: 126.00pt;\" width=\"168\">\u22640,1%<\/td>\n<\/tr>\n<tr style=\"height: 17.25pt;\">\n<td class=\"et2\" style=\"height: 17.25pt; width: 106.50pt;\" width=\"142\" height=\"23\">U\u00e7ucu Maddeler<\/td>\n<td class=\"et3\" style=\"width: 126.00pt;\" width=\"168\">\u22640,3%<\/td>\n<\/tr>\n<tr style=\"height: 17.25pt;\">\n<td class=\"et5\" style=\"height: 34.50pt; width: 106.50pt;\" rowspan=\"2\" width=\"142\" height=\"46\">I\u015f\u0131k iletimi<\/td>\n<td class=\"et3\" style=\"width: 126.00pt;\" width=\"168\">460 nm\u226596%<\/td>\n<\/tr>\n<tr style=\"height: 17.25pt;\">\n<td class=\"et3\" style=\"width: 126.00pt;\" width=\"168\">500 nm\u226599%<\/td>\n<\/tr>\n<\/tbody>\n<\/table>\n<h2><\/h2>\n<h2>UV-3638 Kullan\u0131m\u0131<\/h2>\n<p>1. UV-3638 etkili bir UV emicidir: \u00e7ok geni\u015f bir UV emilimine, y\u00fcksek s\u0131cakl\u0131kta i\u015fleme direncine sahiptir; y\u00fcksek bas\u0131n\u00e7 direnci; asit ve alkali direnci; ayr\u0131\u015fma yok; \u00e7\u00f6kelme yok; g\u00f6\u00e7 yok; koku de\u011fi\u015fimi yok. \u00c7ok d\u00fc\u015f\u00fck u\u00e7uculuk, g\u00fc\u00e7l\u00fc absorpsiyon verimlili\u011fi, s\u0131radan UV absorpsiyonunun birka\u00e7 kat\u0131, substrat\u0131n rengi \u00fczerinde hi\u00e7bir etkisi yoktur, re\u00e7ine ile iyi uyumluluk, polimerizasyon i\u015flemi reaksiyonuna dahil de\u011fildir. \u00d6zellikle pet ve pc i\u00e7in m\u00fckemmel stabiliteye sahiptir. Esas olarak pet elyaflarda kullan\u0131l\u0131r; pet filmler; pet \u015fi\u015fe dilimleri, pet \u015fi\u015felerin i\u00e7eri\u011fini UV hasar\u0131ndan korumak i\u00e7in. pc ko-ekstr\u00fcde g\u00fcne\u015f \u0131\u015f\u0131\u011f\u0131 panelleri.<\/p>\n<p>2. UV emici UV-3638, 200-400 nm UV \u0131\u015f\u0131\u011f\u0131n\u0131 emebilen bir benzoksazinon UV emicidir. Emilim aral\u0131\u011f\u0131 UVA, UVB ve UVC'yi kapsar ve 350 nm'lik bir tepe emilimi vard\u0131r. Emilim verimlili\u011fi, 371 santigrat dereceye kadar \u0131s\u0131 kayb\u0131 s\u0131cakl\u0131\u011f\u0131 ile yayg\u0131n olarak kullan\u0131lan UV emicilerin birka\u00e7 kat\u0131d\u0131r. Y\u00fcksek s\u0131cakl\u0131k dayan\u0131m\u0131, ekstraksiyon direnci, d\u00fc\u015f\u00fck u\u00e7uculuk, d\u00fc\u015f\u00fck migrasyon, geni\u015f absorpsiyon aral\u0131\u011f\u0131 ve y\u00fcksek absorpsiyon verimlili\u011finin yan\u0131 s\u0131ra renk sararmas\u0131n\u0131 geciktirme ve fiziksel kayb\u0131 engelleme \u00f6zelliklerine sahiptir. PET, PBT, PAR, PES, PSU, PPO, PPS, PC, PA i\u00e7in y\u00fcksek s\u0131cakl\u0131kta i\u015fleme alt\u0131nda, \u00f6zellikle \u015feffaf PET film, levha ve plaka, \u015feffaf PC film, levha ve plaka, optik film, optik lens, \u0131\u015f\u0131k dif\u00fczyon plakas\u0131 i\u00e7in uygundur. Genel dozaj 0.1-0.5%'dir.<\/p>\n<p>&nbsp;<\/p>\n<h2><strong>\u015eimdi Bize Ula\u015f\u0131n!<\/strong><\/h2>\n<p><strong>COA, MSDS veya TDS'ye ihtiyac\u0131n\u0131z varsa <span style=\"color: #00ccff;\"><a style=\"color: #00ccff;\" href=\"https:\/\/longchangchemical.com\/tr\/product-category\/lcsorb-uv-absorber\/\">UV Emici<\/a><\/span>l\u00fctfen ileti\u015fim bilgilerinizi a\u015fa\u011f\u0131daki forma doldurun, genellikle 24 saat i\u00e7inde sizinle ileti\u015fime ge\u00e7ece\u011fiz. Bana e-posta da g\u00f6nderebilirsiniz <span style=\"color: #00ccff;\"><a style=\"color: #00ccff;\" href=\"mailto:info@longchangchemical.com\">info@longchangchemical.com<\/a> <\/span>\u00c7al\u0131\u015fma saatleri i\u00e7inde (8:30 - 6:00 UTC+8 Pzt.~Sat.) veya h\u0131zl\u0131 yan\u0131t almak i\u00e7in web sitesi canl\u0131 sohbetini kullan\u0131n.<\/strong><\/p>","protected":false},"excerpt":{"rendered":"<p>UV-3638 CAS 18600-59-4 G\u00f6r\u00fcn\u00fcm Beyaz benzeri toz Molek\u00fcl a\u011f\u0131rl\u0131\u011f\u0131 368.3 \u0130\u00e7erik \u226599.0% Erime noktas\u0131 310-315\u2103 Kaynama noktas\u0131 522.8\u00b0C Yo\u011funluk@20\u00b0C 1.41g\/cm3 K\u00fcl \u22640.1% U\u00e7ucular \u22640.3% I\u015f\u0131k ge\u00e7irgenli\u011fi 460 nm\u226596% 500 nm\u226599% UV-3638 Kullan\u0131m\u0131 1. UV-3638, UV emicidir. UV-3638 etkili bir UV emicidir: \u00e7ok geni\u015f bir UV emilimine, y\u00fcksek s\u0131cakl\u0131kta i\u015fleme direncine sahiptir; y\u00fcksek bas\u0131n\u00e7 direnci; asit ve alkali [...]<\/p>","protected":false},"featured_media":7954,"comment_status":"closed","ping_status":"closed","template":"","meta":[],"product_brand":[],"product_cat":[139],"product_tag":[],"class_list":{"0":"post-6048","1":"product","2":"type-product","3":"status-publish","4":"has-post-thumbnail","6":"product_cat-lcsorb-uv-absorber","8":"first","9":"instock","10":"shipping-taxable","11":"product-type-simple"},"yoast_head":"<!-- This site is optimized with the Yoast SEO plugin v25.3.1 - https:\/\/yoast.com\/wordpress\/plugins\/seo\/ -->\n<title>China CHLUMIUV\u00ae UV-3638 CAS 18600-59-4 Manufacturer - Longchang Chemical<\/title>\n<meta name=\"description\" content=\"CHLUMIUV\u00ae UV-3638 CAS 18600-59-4 is a key product of Longchang Chemical. We provide the best price. We are the leading manufacturer in China with the best quality and competitive price.\" \/>\n<meta name=\"robots\" content=\"index, follow, max-snippet:-1, max-image-preview:large, max-video-preview:-1\" \/>\n<link rel=\"canonical\" href=\"https:\/\/longchangchemical.com\/tr\/product\/lcsorb-uv-3638-cas-18600-59-4\/\" \/>\n<meta property=\"og:locale\" content=\"tr_TR\" \/>\n<meta property=\"og:type\" content=\"article\" \/>\n<meta property=\"og:title\" content=\"China CHLUMIUV\u00ae UV-3638 CAS 18600-59-4 Manufacturer - Longchang Chemical\" \/>\n<meta property=\"og:description\" content=\"CHLUMIUV\u00ae UV-3638 CAS 18600-59-4 is a key product of Longchang Chemical. We provide the best price. We are the leading manufacturer in China with the best quality and competitive price.\" \/>\n<meta property=\"og:url\" content=\"https:\/\/longchangchemical.com\/tr\/product\/lcsorb-uv-3638-cas-18600-59-4\/\" \/>\n<meta property=\"og:site_name\" content=\"Longchang Chemical\" \/>\n<meta property=\"article:modified_time\" content=\"2026-01-09T09:06:29+00:00\" \/>\n<meta property=\"og:image\" content=\"https:\/\/longchangchemical.com\/wp-content\/uploads\/2023\/04\/18600-59-4.jpg\" \/>\n\t<meta property=\"og:image:width\" content=\"600\" \/>\n\t<meta property=\"og:image:height\" content=\"600\" \/>\n\t<meta property=\"og:image:type\" content=\"image\/jpeg\" \/>\n<meta name=\"twitter:card\" content=\"summary_large_image\" \/>\n<script type=\"application\/ld+json\" class=\"yoast-schema-graph\">{\"@context\":\"https:\/\/schema.org\",\"@graph\":[{\"@type\":\"WebPage\",\"@id\":\"https:\/\/longchangchemical.com\/product\/lcsorb-uv-3638-cas-18600-59-4\/\",\"url\":\"https:\/\/longchangchemical.com\/product\/lcsorb-uv-3638-cas-18600-59-4\/\",\"name\":\"China CHLUMIUV\u00ae UV-3638 CAS 18600-59-4 Manufacturer - Longchang Chemical\",\"isPartOf\":{\"@id\":\"https:\/\/longchangchemical.com\/#website\"},\"primaryImageOfPage\":{\"@id\":\"https:\/\/longchangchemical.com\/product\/lcsorb-uv-3638-cas-18600-59-4\/#primaryimage\"},\"image\":{\"@id\":\"https:\/\/longchangchemical.com\/product\/lcsorb-uv-3638-cas-18600-59-4\/#primaryimage\"},\"thumbnailUrl\":\"https:\/\/longchangchemical.com\/wp-content\/uploads\/2023\/04\/18600-59-4.jpg\",\"datePublished\":\"2023-04-21T08:11:04+00:00\",\"dateModified\":\"2026-01-09T09:06:29+00:00\",\"description\":\"CHLUMIUV\u00ae UV-3638 CAS 18600-59-4 is a key product of Longchang Chemical. We provide the best price. We are the leading manufacturer in China with the best quality and competitive price.\",\"breadcrumb\":{\"@id\":\"https:\/\/longchangchemical.com\/product\/lcsorb-uv-3638-cas-18600-59-4\/#breadcrumb\"},\"inLanguage\":\"tr\",\"potentialAction\":[{\"@type\":\"ReadAction\",\"target\":[\"https:\/\/longchangchemical.com\/product\/lcsorb-uv-3638-cas-18600-59-4\/\"]}]},{\"@type\":\"ImageObject\",\"inLanguage\":\"tr\",\"@id\":\"https:\/\/longchangchemical.com\/product\/lcsorb-uv-3638-cas-18600-59-4\/#primaryimage\",\"url\":\"https:\/\/longchangchemical.com\/wp-content\/uploads\/2023\/04\/18600-59-4.jpg\",\"contentUrl\":\"https:\/\/longchangchemical.com\/wp-content\/uploads\/2023\/04\/18600-59-4.jpg\",\"width\":600,\"height\":600},{\"@type\":\"BreadcrumbList\",\"@id\":\"https:\/\/longchangchemical.com\/product\/lcsorb-uv-3638-cas-18600-59-4\/#breadcrumb\",\"itemListElement\":[{\"@type\":\"ListItem\",\"position\":1,\"name\":\"Home\",\"item\":\"https:\/\/longchangchemical.com\/\"},{\"@type\":\"ListItem\",\"position\":2,\"name\":\"Products Longchang\",\"item\":\"https:\/\/longchangchemical.com\/product\/\"},{\"@type\":\"ListItem\",\"position\":3,\"name\":\"CHLUMIUV\u00ae UV-3638 CAS 18600-59-4\"}]},{\"@type\":\"WebSite\",\"@id\":\"https:\/\/longchangchemical.com\/#website\",\"url\":\"https:\/\/longchangchemical.com\/\",\"name\":\"Longchang Chemical\",\"description\":\"China chemical manufacturer \uff06 supplier\",\"publisher\":{\"@id\":\"https:\/\/longchangchemical.com\/#organization\"},\"potentialAction\":[{\"@type\":\"SearchAction\",\"target\":{\"@type\":\"EntryPoint\",\"urlTemplate\":\"https:\/\/longchangchemical.com\/?s={search_term_string}\"},\"query-input\":{\"@type\":\"PropertyValueSpecification\",\"valueRequired\":true,\"valueName\":\"search_term_string\"}}],\"inLanguage\":\"tr\"},{\"@type\":\"Organization\",\"@id\":\"https:\/\/longchangchemical.com\/#organization\",\"name\":\"Longchang Chemical\",\"url\":\"https:\/\/longchangchemical.com\/\",\"logo\":{\"@type\":\"ImageObject\",\"inLanguage\":\"tr\",\"@id\":\"https:\/\/longchangchemical.com\/#\/schema\/logo\/image\/\",\"url\":\"https:\/\/longchangchemical.com\/wp-content\/uploads\/2020\/08\/cropped-longchang-logo.png\",\"contentUrl\":\"https:\/\/longchangchemical.com\/wp-content\/uploads\/2020\/08\/cropped-longchang-logo.png\",\"width\":512,\"height\":512,\"caption\":\"Longchang Chemical\"},\"image\":{\"@id\":\"https:\/\/longchangchemical.com\/#\/schema\/logo\/image\/\"}}]}<\/script>\n<!-- \/ Yoast SEO plugin. -->","yoast_head_json":{"title":"\u00c7in CHLUMIUV\u00ae UV-3638 CAS 18600-59-4 \u00dcretici - Longchang Chemical","description":"CHLUMIUV\u00ae UV-3638 CAS 18600-59-4, Longchang Chemical'\u0131n \u00f6nemli bir \u00fcr\u00fcn\u00fcd\u00fcr. En iyi fiyat\u0131 sa\u011fl\u0131yoruz. En iyi kalite ve rekabet\u00e7i fiyat ile \u00c7in'in \u00f6nde gelen \u00fcreticisiyiz.","robots":{"index":"index","follow":"follow","max-snippet":"max-snippet:-1","max-image-preview":"max-image-preview:large","max-video-preview":"max-video-preview:-1"},"canonical":"https:\/\/longchangchemical.com\/tr\/product\/lcsorb-uv-3638-cas-18600-59-4\/","og_locale":"tr_TR","og_type":"article","og_title":"China CHLUMIUV\u00ae UV-3638 CAS 18600-59-4 Manufacturer - Longchang Chemical","og_description":"CHLUMIUV\u00ae UV-3638 CAS 18600-59-4 is a key product of Longchang Chemical. We provide the best price. We are the leading manufacturer in China with the best quality and competitive price.","og_url":"https:\/\/longchangchemical.com\/tr\/product\/lcsorb-uv-3638-cas-18600-59-4\/","og_site_name":"Longchang Chemical","article_modified_time":"2026-01-09T09:06:29+00:00","og_image":[{"width":600,"height":600,"url":"https:\/\/longchangchemical.com\/wp-content\/uploads\/2023\/04\/18600-59-4.jpg","type":"image\/jpeg"}],"twitter_card":"summary_large_image","schema":{"@context":"https:\/\/schema.org","@graph":[{"@type":"WebPage","@id":"https:\/\/longchangchemical.com\/product\/lcsorb-uv-3638-cas-18600-59-4\/","url":"https:\/\/longchangchemical.com\/product\/lcsorb-uv-3638-cas-18600-59-4\/","name":"\u00c7in CHLUMIUV\u00ae UV-3638 CAS 18600-59-4 \u00dcretici - Longchang Chemical","isPartOf":{"@id":"https:\/\/longchangchemical.com\/#website"},"primaryImageOfPage":{"@id":"https:\/\/longchangchemical.com\/product\/lcsorb-uv-3638-cas-18600-59-4\/#primaryimage"},"image":{"@id":"https:\/\/longchangchemical.com\/product\/lcsorb-uv-3638-cas-18600-59-4\/#primaryimage"},"thumbnailUrl":"https:\/\/longchangchemical.com\/wp-content\/uploads\/2023\/04\/18600-59-4.jpg","datePublished":"2023-04-21T08:11:04+00:00","dateModified":"2026-01-09T09:06:29+00:00","description":"CHLUMIUV\u00ae UV-3638 CAS 18600-59-4, Longchang Chemical'\u0131n \u00f6nemli bir \u00fcr\u00fcn\u00fcd\u00fcr. En iyi fiyat\u0131 sa\u011fl\u0131yoruz. En iyi kalite ve rekabet\u00e7i fiyat ile \u00c7in'in \u00f6nde gelen \u00fcreticisiyiz.","breadcrumb":{"@id":"https:\/\/longchangchemical.com\/product\/lcsorb-uv-3638-cas-18600-59-4\/#breadcrumb"},"inLanguage":"tr","potentialAction":[{"@type":"ReadAction","target":["https:\/\/longchangchemical.com\/product\/lcsorb-uv-3638-cas-18600-59-4\/"]}]},{"@type":"ImageObject","inLanguage":"tr","@id":"https:\/\/longchangchemical.com\/product\/lcsorb-uv-3638-cas-18600-59-4\/#primaryimage","url":"https:\/\/longchangchemical.com\/wp-content\/uploads\/2023\/04\/18600-59-4.jpg","contentUrl":"https:\/\/longchangchemical.com\/wp-content\/uploads\/2023\/04\/18600-59-4.jpg","width":600,"height":600},{"@type":"BreadcrumbList","@id":"https:\/\/longchangchemical.com\/product\/lcsorb-uv-3638-cas-18600-59-4\/#breadcrumb","itemListElement":[{"@type":"ListItem","position":1,"name":"Home","item":"https:\/\/longchangchemical.com\/"},{"@type":"ListItem","position":2,"name":"Products Longchang","item":"https:\/\/longchangchemical.com\/product\/"},{"@type":"ListItem","position":3,"name":"CHLUMIUV\u00ae UV-3638 CAS 18600-59-4"}]},{"@type":"WebSite","@id":"https:\/\/longchangchemical.com\/#website","url":"https:\/\/longchangchemical.com\/","name":"Longchang Kimya","description":"\u00c7in kimyasal \u00fcreticisi \uff06 tedarik\u00e7isi","publisher":{"@id":"https:\/\/longchangchemical.com\/#organization"},"potentialAction":[{"@type":"SearchAction","target":{"@type":"EntryPoint","urlTemplate":"https:\/\/longchangchemical.com\/?s={search_term_string}"},"query-input":{"@type":"PropertyValueSpecification","valueRequired":true,"valueName":"search_term_string"}}],"inLanguage":"tr"},{"@type":"Organization","@id":"https:\/\/longchangchemical.com\/#organization","name":"Longchang Kimya","url":"https:\/\/longchangchemical.com\/","logo":{"@type":"ImageObject","inLanguage":"tr","@id":"https:\/\/longchangchemical.com\/#\/schema\/logo\/image\/","url":"https:\/\/longchangchemical.com\/wp-content\/uploads\/2020\/08\/cropped-longchang-logo.png","contentUrl":"https:\/\/longchangchemical.com\/wp-content\/uploads\/2020\/08\/cropped-longchang-logo.png","width":512,"height":512,"caption":"Longchang Chemical"},"image":{"@id":"https:\/\/longchangchemical.com\/#\/schema\/logo\/image\/"}}]}},"_links":{"self":[{"href":"https:\/\/longchangchemical.com\/tr\/wp-json\/wp\/v2\/product\/6048","targetHints":{"allow":["GET"]}}],"collection":[{"href":"https:\/\/longchangchemical.com\/tr\/wp-json\/wp\/v2\/product"}],"about":[{"href":"https:\/\/longchangchemical.com\/tr\/wp-json\/wp\/v2\/types\/product"}],"replies":[{"embeddable":true,"href":"https:\/\/longchangchemical.com\/tr\/wp-json\/wp\/v2\/comments?post=6048"}],"wp:featuredmedia":[{"embeddable":true,"href":"https:\/\/longchangchemical.com\/tr\/wp-json\/wp\/v2\/media\/7954"}],"wp:attachment":[{"href":"https:\/\/longchangchemical.com\/tr\/wp-json\/wp\/v2\/media?parent=6048"}],"wp:term":[{"taxonomy":"product_brand","embeddable":true,"href":"https:\/\/longchangchemical.com\/tr\/wp-json\/wp\/v2\/product_brand?post=6048"},{"taxonomy":"product_cat","embeddable":true,"href":"https:\/\/longchangchemical.com\/tr\/wp-json\/wp\/v2\/product_cat?post=6048"},{"taxonomy":"product_tag","embeddable":true,"href":"https:\/\/longchangchemical.com\/tr\/wp-json\/wp\/v2\/product_tag?post=6048"}],"curies":[{"name":"wp","href":"https:\/\/api.w.org\/{rel}","templated":true}]}}