{"id":6044,"date":"2023-04-20T06:53:49","date_gmt":"2023-04-20T06:53:49","guid":{"rendered":"https:\/\/longchangchemical.com\/?post_type=product&#038;p=6044"},"modified":"2026-01-09T09:09:26","modified_gmt":"2026-01-09T09:09:26","slug":"lcsorb-uv-1-cas-57834-33-0","status":"publish","type":"product","link":"https:\/\/longchangchemical.com\/tr\/product\/lcsorb-uv-1-cas-57834-33-0\/","title":{"rendered":"CHLUMIUV\u00ae UV-1 CAS 57834-33-0"},"content":{"rendered":"<h1><strong>UV-1 CAS 57834-33-0<\/strong><\/h1>\n<table style=\"border-collapse: collapse; width: 203.28pt;\" border=\"0\" width=\"271\" cellspacing=\"0\" cellpadding=\"0\">\n<tbody>\n<tr style=\"height: 28.50pt;\">\n<td class=\"et2\" style=\"height: 28.50pt; width: 109.50pt;\" width=\"146\" height=\"38\">G\u00f6r\u00fcn\u00fc\u015f<\/td>\n<td class=\"et3\" style=\"width: 93.75pt;\" width=\"125\">Soluk sar\u0131 s\u0131v\u0131<\/td>\n<\/tr>\n<tr style=\"height: 28.50pt;\">\n<td class=\"et2\" style=\"height: 28.50pt; width: 109.50pt;\" width=\"146\" height=\"38\">Molek\u00fcler a\u011f\u0131rl\u0131k<\/td>\n<td class=\"et4\" style=\"width: 93.75pt;\" width=\"125\">282.3<\/td>\n<\/tr>\n<tr style=\"height: 14.25pt;\">\n<td class=\"et2\" style=\"height: 14.25pt; width: 109.50pt;\" width=\"146\" height=\"19\">\u0130\u00e7erik<\/td>\n<td class=\"et2\" style=\"width: 93.75pt;\" width=\"125\">\u226599.0%<\/td>\n<\/tr>\n<tr style=\"height: 28.50pt;\">\n<td class=\"et2\" style=\"height: 28.50pt; width: 109.50pt;\" width=\"146\" height=\"38\">Donma noktas\u0131<\/td>\n<td class=\"et2\" style=\"width: 93.75pt;\" width=\"125\">\u22640,5%<\/td>\n<\/tr>\n<tr style=\"height: 28.50pt;\">\n<td class=\"et2\" style=\"height: 28.50pt; width: 109.50pt;\" width=\"146\" height=\"38\">Parlama noktas\u0131<\/td>\n<td class=\"et2\" style=\"width: 93.75pt;\" width=\"125\">206\u00b0C<\/td>\n<\/tr>\n<tr style=\"height: 28.50pt;\">\n<td class=\"et2\" style=\"height: 28.50pt; width: 109.50pt;\" width=\"146\" height=\"38\">Yo\u011funluk@20\u00b0C<\/td>\n<td class=\"et2\" style=\"width: 93.75pt;\" width=\"125\">1.05g\/cm3<\/td>\n<\/tr>\n<tr style=\"height: 28.50pt;\">\n<td class=\"et2\" style=\"height: 28.50pt; width: 109.50pt;\" width=\"146\" height=\"38\">Su i\u00e7eri\u011fi<\/td>\n<td class=\"et2\" style=\"width: 93.75pt;\" width=\"125\">\u22640,5%<\/td>\n<\/tr>\n<tr style=\"height: 14.25pt;\">\n<td class=\"et2\" style=\"height: 14.25pt; width: 109.50pt;\" width=\"146\" height=\"19\">U\u00e7ucu Maddeler<\/td>\n<td class=\"et2\" style=\"width: 93.75pt;\" width=\"125\">\u22640,5%<\/td>\n<\/tr>\n<tr style=\"height: 14.25pt;\">\n<td class=\"et4\" style=\"height: 28.50pt; width: 109.50pt;\" rowspan=\"2\" width=\"146\" height=\"38\">I\u015f\u0131k iletimi<\/td>\n<td class=\"et2\" style=\"width: 93.75pt;\" width=\"125\">460nm\u226590%<\/td>\n<\/tr>\n<tr style=\"height: 14.25pt;\">\n<td class=\"et2\" style=\"width: 93.75pt;\" width=\"125\">500nm\u226595%<\/td>\n<\/tr>\n<\/tbody>\n<\/table>\n<h2>UV-1 Kullan\u0131m\u0131<\/h2>\n<p>UV emici UV-1(101) s\u0131v\u0131 fenil metakrilat UV emicidir, 280-350 nm UV \u0131\u015f\u0131\u011f\u0131n\u0131 absorbe edebilir ve 308 nm'lik bir tepe absorpsiyonu vard\u0131r. 300-330 nm UV \u0131\u015f\u0131\u011f\u0131 neredeyse tamamen absorbe edilir.<\/p>\n<p>\u0130yi uyumluluk, d\u00fc\u015f\u00fck u\u00e7uculuk, iyi termal stabilite ve y\u00fcksek absorpsiyon verimlili\u011fine sahiptir ve polyester poliol, polieter poliol, epoksi re\u00e7ine ve izosiyanat i\u00e7inde kolayca \u00e7\u00f6z\u00fcn\u00fcr. Yap\u0131\u015ft\u0131r\u0131c\u0131lar, saks\u0131 yap\u0131\u015ft\u0131r\u0131c\u0131lar\u0131, kristal damla yap\u0131\u015ft\u0131r\u0131c\u0131lar\u0131, \u00f6zellikle poli\u00fcretan, sert k\u00f6p\u00fck, yumu\u015fak k\u00f6p\u00fck, yap\u0131\u015ft\u0131r\u0131c\u0131lar, elastomerler, kuma\u015f kaplamalar, PVC, akrilik re\u00e7ineler i\u00e7in uygundur. Genel dozaj 0.3-0.5%'dir.<\/p>\n<p>Mikro h\u00fccreli k\u00f6p\u00fck, geleneksel sert k\u00f6p\u00fck, yar\u0131 sert k\u00f6p\u00fck, esnek k\u00f6p\u00fck, kuma\u015f kaplama, baz\u0131 yap\u0131\u015ft\u0131r\u0131c\u0131lar, s\u0131zd\u0131rmazl\u0131k malzemeleri ve elastomerlerin yan\u0131 s\u0131ra polivinil klor\u00fcr, akrilik re\u00e7ineler ve m\u00fckemmel \u0131\u015f\u0131k stabilitesi \u00f6zelliklerine sahip di\u011fer polimerler gibi poli\u00fcretan \u00fcr\u00fcnlerde kullan\u0131m i\u00e7in uygundur.<\/p>\n<p>&nbsp;<\/p>\n<h2><strong>\u015eimdi Bize Ula\u015f\u0131n!<\/strong><\/h2>\n<p><strong>COA, MSDS veya TDS'ye ihtiyac\u0131n\u0131z varsa <span style=\"color: #00ccff;\"><a style=\"color: #00ccff;\" href=\"https:\/\/longchangchemical.com\/tr\/product-category\/lcsorb-uv-absorber\/\">UV Emici<\/a><\/span>l\u00fctfen ileti\u015fim bilgilerinizi a\u015fa\u011f\u0131daki forma doldurun, genellikle 24 saat i\u00e7inde sizinle ileti\u015fime ge\u00e7ece\u011fiz. Bana e-posta da g\u00f6nderebilirsiniz <span style=\"color: #00ccff;\"><a style=\"color: #00ccff;\" href=\"mailto:info@longchangchemical.com\">info@longchangchemical.com<\/a> <\/span>\u00c7al\u0131\u015fma saatleri i\u00e7inde (8:30 - 6:00 UTC+8 Pzt.~Sat.) veya h\u0131zl\u0131 yan\u0131t almak i\u00e7in web sitesi canl\u0131 sohbetini kullan\u0131n.<\/strong><\/p>","protected":false},"excerpt":{"rendered":"<p>UV-1 CAS 57834-33-0 G\u00f6r\u00fcn\u00fcm Soluk sar\u0131 s\u0131v\u0131 Molek\u00fcl a\u011f\u0131rl\u0131\u011f\u0131 282.3 \u0130\u00e7erik \u226599.0% Donma noktas\u0131 \u22640.5% Parlama noktas\u0131 206\u00b0C Yo\u011funluk@20\u00b0C 1.05g\/cm3 Su i\u00e7eri\u011fi \u22640.5% U\u00e7ucular \u22640.5% I\u015f\u0131k iletimi 460nm\u226590% 500nm\u226595% UV-1 Kullan\u0131m UV emici UV-1 (101), 280-350 nm UV \u0131\u015f\u0131\u011f\u0131n\u0131 emebilen, 308 nm'lik bir tepe emilimine sahip s\u0131v\u0131 bir fenil metakrilat UV emicidir. [...]<\/p>","protected":false},"featured_media":7955,"comment_status":"closed","ping_status":"closed","template":"","meta":[],"product_brand":[],"product_cat":[139],"product_tag":[],"class_list":{"0":"post-6044","1":"product","2":"type-product","3":"status-publish","4":"has-post-thumbnail","6":"product_cat-lcsorb-uv-absorber","8":"first","9":"instock","10":"shipping-taxable","11":"product-type-simple"},"yoast_head":"<!-- This site is optimized with the Yoast SEO plugin v25.3.1 - https:\/\/yoast.com\/wordpress\/plugins\/seo\/ -->\n<title>China CHLUMIUV\u00ae UV-1 CAS 57834-33-0 Manufacturer - Longchang Chemical<\/title>\n<meta name=\"description\" content=\"CHLUMIUV\u00ae UV-1 CAS 57834-33-0 is a key product of Longchang Chemical. We provide the best price. We are the leading manufacturer in China with the best quality and competitive price.\" \/>\n<meta name=\"robots\" content=\"index, follow, max-snippet:-1, max-image-preview:large, max-video-preview:-1\" \/>\n<link rel=\"canonical\" href=\"https:\/\/longchangchemical.com\/tr\/product\/lcsorb-uv-1-cas-57834-33-0\/\" \/>\n<meta property=\"og:locale\" content=\"tr_TR\" \/>\n<meta property=\"og:type\" content=\"article\" \/>\n<meta property=\"og:title\" content=\"China CHLUMIUV\u00ae UV-1 CAS 57834-33-0 Manufacturer - Longchang Chemical\" \/>\n<meta property=\"og:description\" content=\"CHLUMIUV\u00ae UV-1 CAS 57834-33-0 is a key product of Longchang Chemical. We provide the best price. We are the leading manufacturer in China with the best quality and competitive price.\" \/>\n<meta property=\"og:url\" content=\"https:\/\/longchangchemical.com\/tr\/product\/lcsorb-uv-1-cas-57834-33-0\/\" \/>\n<meta property=\"og:site_name\" content=\"Longchang Chemical\" \/>\n<meta property=\"article:modified_time\" content=\"2026-01-09T09:09:26+00:00\" \/>\n<meta property=\"og:image\" content=\"https:\/\/longchangchemical.com\/wp-content\/uploads\/2023\/04\/57834-33-0.jpg\" \/>\n\t<meta property=\"og:image:width\" content=\"600\" \/>\n\t<meta property=\"og:image:height\" content=\"600\" \/>\n\t<meta property=\"og:image:type\" content=\"image\/jpeg\" \/>\n<meta name=\"twitter:card\" content=\"summary_large_image\" \/>\n<script type=\"application\/ld+json\" class=\"yoast-schema-graph\">{\"@context\":\"https:\/\/schema.org\",\"@graph\":[{\"@type\":\"WebPage\",\"@id\":\"https:\/\/longchangchemical.com\/product\/lcsorb-uv-1-cas-57834-33-0\/\",\"url\":\"https:\/\/longchangchemical.com\/product\/lcsorb-uv-1-cas-57834-33-0\/\",\"name\":\"China CHLUMIUV\u00ae UV-1 CAS 57834-33-0 Manufacturer - Longchang Chemical\",\"isPartOf\":{\"@id\":\"https:\/\/longchangchemical.com\/#website\"},\"primaryImageOfPage\":{\"@id\":\"https:\/\/longchangchemical.com\/product\/lcsorb-uv-1-cas-57834-33-0\/#primaryimage\"},\"image\":{\"@id\":\"https:\/\/longchangchemical.com\/product\/lcsorb-uv-1-cas-57834-33-0\/#primaryimage\"},\"thumbnailUrl\":\"https:\/\/longchangchemical.com\/wp-content\/uploads\/2023\/04\/57834-33-0.jpg\",\"datePublished\":\"2023-04-20T06:53:49+00:00\",\"dateModified\":\"2026-01-09T09:09:26+00:00\",\"description\":\"CHLUMIUV\u00ae UV-1 CAS 57834-33-0 is a key product of Longchang Chemical. We provide the best price. We are the leading manufacturer in China with the best quality and competitive price.\",\"breadcrumb\":{\"@id\":\"https:\/\/longchangchemical.com\/product\/lcsorb-uv-1-cas-57834-33-0\/#breadcrumb\"},\"inLanguage\":\"tr\",\"potentialAction\":[{\"@type\":\"ReadAction\",\"target\":[\"https:\/\/longchangchemical.com\/product\/lcsorb-uv-1-cas-57834-33-0\/\"]}]},{\"@type\":\"ImageObject\",\"inLanguage\":\"tr\",\"@id\":\"https:\/\/longchangchemical.com\/product\/lcsorb-uv-1-cas-57834-33-0\/#primaryimage\",\"url\":\"https:\/\/longchangchemical.com\/wp-content\/uploads\/2023\/04\/57834-33-0.jpg\",\"contentUrl\":\"https:\/\/longchangchemical.com\/wp-content\/uploads\/2023\/04\/57834-33-0.jpg\",\"width\":600,\"height\":600},{\"@type\":\"BreadcrumbList\",\"@id\":\"https:\/\/longchangchemical.com\/product\/lcsorb-uv-1-cas-57834-33-0\/#breadcrumb\",\"itemListElement\":[{\"@type\":\"ListItem\",\"position\":1,\"name\":\"Home\",\"item\":\"https:\/\/longchangchemical.com\/\"},{\"@type\":\"ListItem\",\"position\":2,\"name\":\"Products Longchang\",\"item\":\"https:\/\/longchangchemical.com\/product\/\"},{\"@type\":\"ListItem\",\"position\":3,\"name\":\"CHLUMIUV\u00ae UV-1 CAS 57834-33-0\"}]},{\"@type\":\"WebSite\",\"@id\":\"https:\/\/longchangchemical.com\/#website\",\"url\":\"https:\/\/longchangchemical.com\/\",\"name\":\"Longchang Chemical\",\"description\":\"China chemical manufacturer \uff06 supplier\",\"publisher\":{\"@id\":\"https:\/\/longchangchemical.com\/#organization\"},\"potentialAction\":[{\"@type\":\"SearchAction\",\"target\":{\"@type\":\"EntryPoint\",\"urlTemplate\":\"https:\/\/longchangchemical.com\/?s={search_term_string}\"},\"query-input\":{\"@type\":\"PropertyValueSpecification\",\"valueRequired\":true,\"valueName\":\"search_term_string\"}}],\"inLanguage\":\"tr\"},{\"@type\":\"Organization\",\"@id\":\"https:\/\/longchangchemical.com\/#organization\",\"name\":\"Longchang Chemical\",\"url\":\"https:\/\/longchangchemical.com\/\",\"logo\":{\"@type\":\"ImageObject\",\"inLanguage\":\"tr\",\"@id\":\"https:\/\/longchangchemical.com\/#\/schema\/logo\/image\/\",\"url\":\"https:\/\/longchangchemical.com\/wp-content\/uploads\/2020\/08\/cropped-longchang-logo.png\",\"contentUrl\":\"https:\/\/longchangchemical.com\/wp-content\/uploads\/2020\/08\/cropped-longchang-logo.png\",\"width\":512,\"height\":512,\"caption\":\"Longchang Chemical\"},\"image\":{\"@id\":\"https:\/\/longchangchemical.com\/#\/schema\/logo\/image\/\"}}]}<\/script>\n<!-- \/ Yoast SEO plugin. -->","yoast_head_json":{"title":"\u00c7in CHLUMIUV\u00ae UV-1 CAS 57834-33-0 \u00dcretici - Longchang Chemical","description":"CHLUMIUV\u00ae UV-1 CAS 57834-33-0, Longchang Chemical'\u0131n \u00f6nemli bir \u00fcr\u00fcn\u00fcd\u00fcr. En iyi fiyat\u0131 sa\u011fl\u0131yoruz. En iyi kalite ve rekabet\u00e7i fiyat ile \u00c7in'in \u00f6nde gelen \u00fcreticisiyiz.","robots":{"index":"index","follow":"follow","max-snippet":"max-snippet:-1","max-image-preview":"max-image-preview:large","max-video-preview":"max-video-preview:-1"},"canonical":"https:\/\/longchangchemical.com\/tr\/product\/lcsorb-uv-1-cas-57834-33-0\/","og_locale":"tr_TR","og_type":"article","og_title":"China CHLUMIUV\u00ae UV-1 CAS 57834-33-0 Manufacturer - Longchang Chemical","og_description":"CHLUMIUV\u00ae UV-1 CAS 57834-33-0 is a key product of Longchang Chemical. We provide the best price. We are the leading manufacturer in China with the best quality and competitive price.","og_url":"https:\/\/longchangchemical.com\/tr\/product\/lcsorb-uv-1-cas-57834-33-0\/","og_site_name":"Longchang Chemical","article_modified_time":"2026-01-09T09:09:26+00:00","og_image":[{"width":600,"height":600,"url":"https:\/\/longchangchemical.com\/wp-content\/uploads\/2023\/04\/57834-33-0.jpg","type":"image\/jpeg"}],"twitter_card":"summary_large_image","schema":{"@context":"https:\/\/schema.org","@graph":[{"@type":"WebPage","@id":"https:\/\/longchangchemical.com\/product\/lcsorb-uv-1-cas-57834-33-0\/","url":"https:\/\/longchangchemical.com\/product\/lcsorb-uv-1-cas-57834-33-0\/","name":"\u00c7in CHLUMIUV\u00ae UV-1 CAS 57834-33-0 \u00dcretici - Longchang Chemical","isPartOf":{"@id":"https:\/\/longchangchemical.com\/#website"},"primaryImageOfPage":{"@id":"https:\/\/longchangchemical.com\/product\/lcsorb-uv-1-cas-57834-33-0\/#primaryimage"},"image":{"@id":"https:\/\/longchangchemical.com\/product\/lcsorb-uv-1-cas-57834-33-0\/#primaryimage"},"thumbnailUrl":"https:\/\/longchangchemical.com\/wp-content\/uploads\/2023\/04\/57834-33-0.jpg","datePublished":"2023-04-20T06:53:49+00:00","dateModified":"2026-01-09T09:09:26+00:00","description":"CHLUMIUV\u00ae UV-1 CAS 57834-33-0, Longchang Chemical'\u0131n \u00f6nemli bir \u00fcr\u00fcn\u00fcd\u00fcr. En iyi fiyat\u0131 sa\u011fl\u0131yoruz. En iyi kalite ve rekabet\u00e7i fiyat ile \u00c7in'in \u00f6nde gelen \u00fcreticisiyiz.","breadcrumb":{"@id":"https:\/\/longchangchemical.com\/product\/lcsorb-uv-1-cas-57834-33-0\/#breadcrumb"},"inLanguage":"tr","potentialAction":[{"@type":"ReadAction","target":["https:\/\/longchangchemical.com\/product\/lcsorb-uv-1-cas-57834-33-0\/"]}]},{"@type":"ImageObject","inLanguage":"tr","@id":"https:\/\/longchangchemical.com\/product\/lcsorb-uv-1-cas-57834-33-0\/#primaryimage","url":"https:\/\/longchangchemical.com\/wp-content\/uploads\/2023\/04\/57834-33-0.jpg","contentUrl":"https:\/\/longchangchemical.com\/wp-content\/uploads\/2023\/04\/57834-33-0.jpg","width":600,"height":600},{"@type":"BreadcrumbList","@id":"https:\/\/longchangchemical.com\/product\/lcsorb-uv-1-cas-57834-33-0\/#breadcrumb","itemListElement":[{"@type":"ListItem","position":1,"name":"Home","item":"https:\/\/longchangchemical.com\/"},{"@type":"ListItem","position":2,"name":"Products Longchang","item":"https:\/\/longchangchemical.com\/product\/"},{"@type":"ListItem","position":3,"name":"CHLUMIUV\u00ae UV-1 CAS 57834-33-0"}]},{"@type":"WebSite","@id":"https:\/\/longchangchemical.com\/#website","url":"https:\/\/longchangchemical.com\/","name":"Longchang Kimya","description":"\u00c7in kimyasal \u00fcreticisi \uff06 tedarik\u00e7isi","publisher":{"@id":"https:\/\/longchangchemical.com\/#organization"},"potentialAction":[{"@type":"SearchAction","target":{"@type":"EntryPoint","urlTemplate":"https:\/\/longchangchemical.com\/?s={search_term_string}"},"query-input":{"@type":"PropertyValueSpecification","valueRequired":true,"valueName":"search_term_string"}}],"inLanguage":"tr"},{"@type":"Organization","@id":"https:\/\/longchangchemical.com\/#organization","name":"Longchang Kimya","url":"https:\/\/longchangchemical.com\/","logo":{"@type":"ImageObject","inLanguage":"tr","@id":"https:\/\/longchangchemical.com\/#\/schema\/logo\/image\/","url":"https:\/\/longchangchemical.com\/wp-content\/uploads\/2020\/08\/cropped-longchang-logo.png","contentUrl":"https:\/\/longchangchemical.com\/wp-content\/uploads\/2020\/08\/cropped-longchang-logo.png","width":512,"height":512,"caption":"Longchang Chemical"},"image":{"@id":"https:\/\/longchangchemical.com\/#\/schema\/logo\/image\/"}}]}},"_links":{"self":[{"href":"https:\/\/longchangchemical.com\/tr\/wp-json\/wp\/v2\/product\/6044","targetHints":{"allow":["GET"]}}],"collection":[{"href":"https:\/\/longchangchemical.com\/tr\/wp-json\/wp\/v2\/product"}],"about":[{"href":"https:\/\/longchangchemical.com\/tr\/wp-json\/wp\/v2\/types\/product"}],"replies":[{"embeddable":true,"href":"https:\/\/longchangchemical.com\/tr\/wp-json\/wp\/v2\/comments?post=6044"}],"wp:featuredmedia":[{"embeddable":true,"href":"https:\/\/longchangchemical.com\/tr\/wp-json\/wp\/v2\/media\/7955"}],"wp:attachment":[{"href":"https:\/\/longchangchemical.com\/tr\/wp-json\/wp\/v2\/media?parent=6044"}],"wp:term":[{"taxonomy":"product_brand","embeddable":true,"href":"https:\/\/longchangchemical.com\/tr\/wp-json\/wp\/v2\/product_brand?post=6044"},{"taxonomy":"product_cat","embeddable":true,"href":"https:\/\/longchangchemical.com\/tr\/wp-json\/wp\/v2\/product_cat?post=6044"},{"taxonomy":"product_tag","embeddable":true,"href":"https:\/\/longchangchemical.com\/tr\/wp-json\/wp\/v2\/product_tag?post=6044"}],"curies":[{"name":"wp","href":"https:\/\/api.w.org\/{rel}","templated":true}]}}