{"id":6038,"date":"2023-04-18T13:05:55","date_gmt":"2023-04-18T13:05:55","guid":{"rendered":"https:\/\/longchangchemical.com\/?post_type=product&#038;p=6038"},"modified":"2026-01-09T09:19:45","modified_gmt":"2026-01-09T09:19:45","slug":"lcsorb-uv-p-cas-2440-22-4","status":"publish","type":"product","link":"https:\/\/longchangchemical.com\/tr\/product\/lcsorb-uv-p-cas-2440-22-4\/","title":{"rendered":"CHLUMIUV\u00ae UV-P \/ Tinuvin P CAS 2440-22-4"},"content":{"rendered":"<h1><strong>UV-P \/ Tinuvin P CAS 2440-22-4<\/strong><\/h1>\n<table style=\"border-collapse: collapse; width: 282.77pt;\" border=\"0\" width=\"377\" cellspacing=\"0\" cellpadding=\"0\">\n<tbody>\n<tr style=\"height: 15.00pt;\">\n<td class=\"et2\" style=\"height: 15.00pt; width: 135.00pt;\" width=\"180\" height=\"20\">G\u00f6r\u00fcn\u00fc\u015f<span class=\"font2\">\uff1a<\/span><\/td>\n<td class=\"et3\" style=\"width: 147.75pt;\" width=\"197\">A\u00e7\u0131k sar\u0131 kristaller<\/td>\n<\/tr>\n<tr style=\"height: 15.00pt;\">\n<td class=\"et2\" style=\"height: 15.00pt; width: 135.00pt;\" width=\"180\" height=\"20\">Safl\u0131k (HPLC)<span class=\"font2\">\uff1a<\/span><\/td>\n<td class=\"et3\">99.0% min<\/td>\n<\/tr>\n<tr style=\"height: 30.00pt;\">\n<td class=\"et2\" style=\"height: 30.00pt; width: 135.00pt;\" width=\"180\" height=\"40\">Ge\u00e7irgenlik<span class=\"font2\">\uff1a<\/span><\/td>\n<td class=\"et2\" style=\"width: 147.75pt;\" width=\"197\">440nm: 97,0% dak<br \/>\n500nm: 98,0% dak<\/td>\n<\/tr>\n<tr style=\"height: 15.00pt;\">\n<td class=\"et2\" style=\"height: 15.00pt; width: 135.00pt;\" width=\"180\" height=\"20\">Erime Noktas\u0131<span class=\"font2\">\uff1a<\/span><\/td>\n<td class=\"et3\">128.0<span class=\"font2\">\u2103<\/span><span class=\"font1\">~132.0<\/span><span class=\"font2\">\u2103<\/span><\/td>\n<\/tr>\n<tr style=\"height: 15.00pt;\">\n<td class=\"et2\" style=\"height: 15.00pt; width: 135.00pt;\" width=\"180\" height=\"20\">U\u00e7ucu Maddeler<span class=\"font2\">\uff1a<\/span><\/td>\n<td class=\"et3\">0,50% maks.<\/td>\n<\/tr>\n<tr style=\"height: 15.00pt;\">\n<td class=\"et2\" style=\"height: 15.00pt; width: 135.00pt;\" width=\"180\" height=\"20\">K\u00fcl i\u00e7eri\u011fi<span class=\"font2\">\uff1a<\/span><\/td>\n<td class=\"et3\">0.10% maks.<\/td>\n<\/tr>\n<tr style=\"height: 15.00pt;\">\n<td class=\"et2\" style=\"height: 15.00pt; width: 135.00pt;\" width=\"180\" height=\"20\">\u00c7\u00f6z\u00fcm\u00fcn Netli\u011fi<span class=\"font2\">\uff1a<\/span><\/td>\n<td class=\"et3\">Temiz<\/td>\n<\/tr>\n<\/tbody>\n<\/table>\n<h2><strong>UV-P Uygulamas\u0131\uff1a<\/strong><\/h2>\n<p>Bu \u00fcr\u00fcn y\u00fcksek verimli bir UV emicidir, 270-380nm UV \u0131\u015f\u0131\u011f\u0131n\u0131 etkili bir \u015fekilde emebilir; kokusuz, y\u00fcksek s\u0131cakl\u0131k direnci, iyi \u0131s\u0131 dengeleyici; yan\u0131c\u0131 olmayan, patlay\u0131c\u0131 olmayan, toksik olmayan, g\u00fcvenli ve kullan\u0131m\u0131 zarars\u0131z; bu \u00fcr\u00fcn, \u00f6zellikle renksiz \u015feffaf ve a\u00e7\u0131k renkli \u00fcr\u00fcnler i\u00e7in g\u00f6r\u00fcn\u00fcr \u0131\u015f\u0131\u011f\u0131 neredeyse emmez; esas olarak PVC, polistiren, polikarbonat, polimetil metakrilat, AS re\u00e7ine, ABS re\u00e7ine, polipropilen ve polietilende kullan\u0131l\u0131r.<\/p>\n<p>&nbsp;<\/p>\n<p>- Konsantrasyon\uff1a0,2-2,0%<\/p>\n<p>&nbsp;<\/p>\n<h2><strong>UV-P Depolama:<\/strong><\/h2>\n<p>Kuru, temiz ve iyi havaland\u0131r\u0131lan bir depoda muhafaza edilecektir.<br \/>\nOksitlenmeyi \u00f6nlemek i\u00e7in \u0131\u015f\u0131\u011fa ve \u0131s\u0131tmaya maruz b\u0131rakmaktan ka\u00e7\u0131n\u0131n.<br \/>\n\u00dcr\u00fcn\u00fc nakliye s\u0131ras\u0131nda s\u0131z\u0131nt\u0131, ya\u011fmur ve g\u00fcne\u015ften korumak.<\/p>\n<p>&nbsp;<\/p>\n<h2><strong>\u015eimdi Bize Ula\u015f\u0131n!<\/strong><\/h2>\n<p><strong>COA, MSDS veya TDS'ye ihtiyac\u0131n\u0131z varsa <span style=\"color: #00ccff;\"><a style=\"color: #00ccff;\" href=\"https:\/\/longchangchemical.com\/tr\/product-category\/lcsorb-uv-absorber\/\">UV Emici<\/a><\/span>l\u00fctfen ileti\u015fim bilgilerinizi a\u015fa\u011f\u0131daki forma doldurun, genellikle 24 saat i\u00e7inde sizinle ileti\u015fime ge\u00e7ece\u011fiz. Bana e-posta da g\u00f6nderebilirsiniz <span style=\"color: #00ccff;\"><a style=\"color: #00ccff;\" href=\"mailto:info@longchangchemical.com\">info@longchangchemical.com<\/a> <\/span>\u00c7al\u0131\u015fma saatleri i\u00e7inde (8:30 - 6:00 UTC+8 Pzt.~Sat.) veya h\u0131zl\u0131 yan\u0131t almak i\u00e7in web sitesi canl\u0131 sohbetini kullan\u0131n.<\/strong><\/p>","protected":false},"excerpt":{"rendered":"<p>Kimyasal Ad\u0131: 2-(2\u2032-Hidroksi-5\u2032-metilfenil)benzotriazol<\/p>\n<p>Cas No: 2440-22-4<\/p>\n<p>E\u015fanlaml\u0131:Drometrizol; Drometrizolum; LOTSORB UV P; Tinuvin P; 2-(2\u2032-Hidroksi-5\u2032-metilfenil)benzotriazol; 2-Benzotriazolil-4-metilfenol; UV emici-1; Porex P; Benazol P; Sumisorb 200; ADK Stab LA 32; Arelite BT10; Cyasorb UV5365; Eversorb 71; Lowilite 55; Seikalizer AZ; Uvasorb SV; Uvinul 3033P; Viosorb 520<\/p>\n<p>MF: C13H11N3O<\/p>\n<p>Safl\u0131k: 99,0% min<\/p>","protected":false},"featured_media":7957,"comment_status":"closed","ping_status":"closed","template":"","meta":[],"product_brand":[],"product_cat":[139],"product_tag":[],"class_list":{"0":"post-6038","1":"product","2":"type-product","3":"status-publish","4":"has-post-thumbnail","6":"product_cat-lcsorb-uv-absorber","8":"first","9":"instock","10":"shipping-taxable","11":"product-type-simple"},"yoast_head":"<!-- This site is optimized with the Yoast SEO plugin v25.3.1 - https:\/\/yoast.com\/wordpress\/plugins\/seo\/ -->\n<title>China CHLUMIUV\u00ae UV-P \/ Tinuvin P CAS 2440-22-4 Manufacturer - Longchang Chemical<\/title>\n<meta name=\"description\" content=\"CHLUMIUV\u00ae UV-P \/ Tinuvin P CAS 2440-22-4 is a key product of Longchang Chemical. We provide the best price. We are the leading manufacturer in China with the best quality and competitive price.\" \/>\n<meta name=\"robots\" content=\"index, follow, max-snippet:-1, max-image-preview:large, max-video-preview:-1\" \/>\n<link rel=\"canonical\" href=\"https:\/\/longchangchemical.com\/tr\/product\/lcsorb-uv-p-cas-2440-22-4\/\" \/>\n<meta property=\"og:locale\" content=\"tr_TR\" \/>\n<meta property=\"og:type\" content=\"article\" \/>\n<meta property=\"og:title\" content=\"China CHLUMIUV\u00ae UV-P \/ Tinuvin P CAS 2440-22-4 Manufacturer - Longchang Chemical\" \/>\n<meta property=\"og:description\" content=\"CHLUMIUV\u00ae UV-P \/ Tinuvin P CAS 2440-22-4 is a key product of Longchang Chemical. We provide the best price. We are the leading manufacturer in China with the best quality and competitive price.\" \/>\n<meta property=\"og:url\" content=\"https:\/\/longchangchemical.com\/tr\/product\/lcsorb-uv-p-cas-2440-22-4\/\" \/>\n<meta property=\"og:site_name\" content=\"Longchang Chemical\" \/>\n<meta property=\"article:modified_time\" content=\"2026-01-09T09:19:45+00:00\" \/>\n<meta property=\"og:image\" content=\"https:\/\/longchangchemical.com\/wp-content\/uploads\/2023\/04\/2440-22-4.jpg\" \/>\n\t<meta property=\"og:image:width\" content=\"600\" \/>\n\t<meta property=\"og:image:height\" content=\"600\" \/>\n\t<meta property=\"og:image:type\" content=\"image\/jpeg\" \/>\n<meta name=\"twitter:card\" content=\"summary_large_image\" \/>\n<script type=\"application\/ld+json\" class=\"yoast-schema-graph\">{\"@context\":\"https:\/\/schema.org\",\"@graph\":[{\"@type\":\"WebPage\",\"@id\":\"https:\/\/longchangchemical.com\/product\/lcsorb-uv-p-cas-2440-22-4\/\",\"url\":\"https:\/\/longchangchemical.com\/product\/lcsorb-uv-p-cas-2440-22-4\/\",\"name\":\"China CHLUMIUV\u00ae UV-P \/ Tinuvin P CAS 2440-22-4 Manufacturer - Longchang Chemical\",\"isPartOf\":{\"@id\":\"https:\/\/longchangchemical.com\/#website\"},\"primaryImageOfPage\":{\"@id\":\"https:\/\/longchangchemical.com\/product\/lcsorb-uv-p-cas-2440-22-4\/#primaryimage\"},\"image\":{\"@id\":\"https:\/\/longchangchemical.com\/product\/lcsorb-uv-p-cas-2440-22-4\/#primaryimage\"},\"thumbnailUrl\":\"https:\/\/longchangchemical.com\/wp-content\/uploads\/2023\/04\/2440-22-4.jpg\",\"datePublished\":\"2023-04-18T13:05:55+00:00\",\"dateModified\":\"2026-01-09T09:19:45+00:00\",\"description\":\"CHLUMIUV\u00ae UV-P \/ Tinuvin P CAS 2440-22-4 is a key product of Longchang Chemical. We provide the best price. We are the leading manufacturer in China with the best quality and competitive price.\",\"breadcrumb\":{\"@id\":\"https:\/\/longchangchemical.com\/product\/lcsorb-uv-p-cas-2440-22-4\/#breadcrumb\"},\"inLanguage\":\"tr\",\"potentialAction\":[{\"@type\":\"ReadAction\",\"target\":[\"https:\/\/longchangchemical.com\/product\/lcsorb-uv-p-cas-2440-22-4\/\"]}]},{\"@type\":\"ImageObject\",\"inLanguage\":\"tr\",\"@id\":\"https:\/\/longchangchemical.com\/product\/lcsorb-uv-p-cas-2440-22-4\/#primaryimage\",\"url\":\"https:\/\/longchangchemical.com\/wp-content\/uploads\/2023\/04\/2440-22-4.jpg\",\"contentUrl\":\"https:\/\/longchangchemical.com\/wp-content\/uploads\/2023\/04\/2440-22-4.jpg\",\"width\":600,\"height\":600},{\"@type\":\"BreadcrumbList\",\"@id\":\"https:\/\/longchangchemical.com\/product\/lcsorb-uv-p-cas-2440-22-4\/#breadcrumb\",\"itemListElement\":[{\"@type\":\"ListItem\",\"position\":1,\"name\":\"Home\",\"item\":\"https:\/\/longchangchemical.com\/\"},{\"@type\":\"ListItem\",\"position\":2,\"name\":\"Products Longchang\",\"item\":\"https:\/\/longchangchemical.com\/product\/\"},{\"@type\":\"ListItem\",\"position\":3,\"name\":\"CHLUMIUV\u00ae UV-P \/ Tinuvin P CAS 2440-22-4\"}]},{\"@type\":\"WebSite\",\"@id\":\"https:\/\/longchangchemical.com\/#website\",\"url\":\"https:\/\/longchangchemical.com\/\",\"name\":\"Longchang Chemical\",\"description\":\"China chemical manufacturer \uff06 supplier\",\"publisher\":{\"@id\":\"https:\/\/longchangchemical.com\/#organization\"},\"potentialAction\":[{\"@type\":\"SearchAction\",\"target\":{\"@type\":\"EntryPoint\",\"urlTemplate\":\"https:\/\/longchangchemical.com\/?s={search_term_string}\"},\"query-input\":{\"@type\":\"PropertyValueSpecification\",\"valueRequired\":true,\"valueName\":\"search_term_string\"}}],\"inLanguage\":\"tr\"},{\"@type\":\"Organization\",\"@id\":\"https:\/\/longchangchemical.com\/#organization\",\"name\":\"Longchang Chemical\",\"url\":\"https:\/\/longchangchemical.com\/\",\"logo\":{\"@type\":\"ImageObject\",\"inLanguage\":\"tr\",\"@id\":\"https:\/\/longchangchemical.com\/#\/schema\/logo\/image\/\",\"url\":\"https:\/\/longchangchemical.com\/wp-content\/uploads\/2020\/08\/cropped-longchang-logo.png\",\"contentUrl\":\"https:\/\/longchangchemical.com\/wp-content\/uploads\/2020\/08\/cropped-longchang-logo.png\",\"width\":512,\"height\":512,\"caption\":\"Longchang Chemical\"},\"image\":{\"@id\":\"https:\/\/longchangchemical.com\/#\/schema\/logo\/image\/\"}}]}<\/script>\n<!-- \/ Yoast SEO plugin. -->","yoast_head_json":{"title":"\u00c7in CHLUMIUV\u00ae UV-P \/ Tinuvin P CAS 2440-22-4 \u00dcretici - Longchang Chemical","description":"CHLUMIUV\u00ae UV-P \/ Tinuvin P CAS 2440-22-4, Longchang Chemical'\u0131n \u00f6nemli bir \u00fcr\u00fcn\u00fcd\u00fcr. En iyi fiyat\u0131 sa\u011fl\u0131yoruz. En iyi kalite ve rekabet\u00e7i fiyat ile \u00c7in'in \u00f6nde gelen \u00fcreticisiyiz.","robots":{"index":"index","follow":"follow","max-snippet":"max-snippet:-1","max-image-preview":"max-image-preview:large","max-video-preview":"max-video-preview:-1"},"canonical":"https:\/\/longchangchemical.com\/tr\/product\/lcsorb-uv-p-cas-2440-22-4\/","og_locale":"tr_TR","og_type":"article","og_title":"China CHLUMIUV\u00ae UV-P \/ Tinuvin P CAS 2440-22-4 Manufacturer - Longchang Chemical","og_description":"CHLUMIUV\u00ae UV-P \/ Tinuvin P CAS 2440-22-4 is a key product of Longchang Chemical. We provide the best price. We are the leading manufacturer in China with the best quality and competitive price.","og_url":"https:\/\/longchangchemical.com\/tr\/product\/lcsorb-uv-p-cas-2440-22-4\/","og_site_name":"Longchang Chemical","article_modified_time":"2026-01-09T09:19:45+00:00","og_image":[{"width":600,"height":600,"url":"https:\/\/longchangchemical.com\/wp-content\/uploads\/2023\/04\/2440-22-4.jpg","type":"image\/jpeg"}],"twitter_card":"summary_large_image","schema":{"@context":"https:\/\/schema.org","@graph":[{"@type":"WebPage","@id":"https:\/\/longchangchemical.com\/product\/lcsorb-uv-p-cas-2440-22-4\/","url":"https:\/\/longchangchemical.com\/product\/lcsorb-uv-p-cas-2440-22-4\/","name":"\u00c7in CHLUMIUV\u00ae UV-P \/ Tinuvin P CAS 2440-22-4 \u00dcretici - Longchang Chemical","isPartOf":{"@id":"https:\/\/longchangchemical.com\/#website"},"primaryImageOfPage":{"@id":"https:\/\/longchangchemical.com\/product\/lcsorb-uv-p-cas-2440-22-4\/#primaryimage"},"image":{"@id":"https:\/\/longchangchemical.com\/product\/lcsorb-uv-p-cas-2440-22-4\/#primaryimage"},"thumbnailUrl":"https:\/\/longchangchemical.com\/wp-content\/uploads\/2023\/04\/2440-22-4.jpg","datePublished":"2023-04-18T13:05:55+00:00","dateModified":"2026-01-09T09:19:45+00:00","description":"CHLUMIUV\u00ae UV-P \/ Tinuvin P CAS 2440-22-4, Longchang Chemical'\u0131n \u00f6nemli bir \u00fcr\u00fcn\u00fcd\u00fcr. En iyi fiyat\u0131 sa\u011fl\u0131yoruz. En iyi kalite ve rekabet\u00e7i fiyat ile \u00c7in'in \u00f6nde gelen \u00fcreticisiyiz.","breadcrumb":{"@id":"https:\/\/longchangchemical.com\/product\/lcsorb-uv-p-cas-2440-22-4\/#breadcrumb"},"inLanguage":"tr","potentialAction":[{"@type":"ReadAction","target":["https:\/\/longchangchemical.com\/product\/lcsorb-uv-p-cas-2440-22-4\/"]}]},{"@type":"ImageObject","inLanguage":"tr","@id":"https:\/\/longchangchemical.com\/product\/lcsorb-uv-p-cas-2440-22-4\/#primaryimage","url":"https:\/\/longchangchemical.com\/wp-content\/uploads\/2023\/04\/2440-22-4.jpg","contentUrl":"https:\/\/longchangchemical.com\/wp-content\/uploads\/2023\/04\/2440-22-4.jpg","width":600,"height":600},{"@type":"BreadcrumbList","@id":"https:\/\/longchangchemical.com\/product\/lcsorb-uv-p-cas-2440-22-4\/#breadcrumb","itemListElement":[{"@type":"ListItem","position":1,"name":"Home","item":"https:\/\/longchangchemical.com\/"},{"@type":"ListItem","position":2,"name":"Products Longchang","item":"https:\/\/longchangchemical.com\/product\/"},{"@type":"ListItem","position":3,"name":"CHLUMIUV\u00ae UV-P \/ Tinuvin P CAS 2440-22-4"}]},{"@type":"WebSite","@id":"https:\/\/longchangchemical.com\/#website","url":"https:\/\/longchangchemical.com\/","name":"Longchang Kimya","description":"\u00c7in kimyasal \u00fcreticisi \uff06 tedarik\u00e7isi","publisher":{"@id":"https:\/\/longchangchemical.com\/#organization"},"potentialAction":[{"@type":"SearchAction","target":{"@type":"EntryPoint","urlTemplate":"https:\/\/longchangchemical.com\/?s={search_term_string}"},"query-input":{"@type":"PropertyValueSpecification","valueRequired":true,"valueName":"search_term_string"}}],"inLanguage":"tr"},{"@type":"Organization","@id":"https:\/\/longchangchemical.com\/#organization","name":"Longchang Kimya","url":"https:\/\/longchangchemical.com\/","logo":{"@type":"ImageObject","inLanguage":"tr","@id":"https:\/\/longchangchemical.com\/#\/schema\/logo\/image\/","url":"https:\/\/longchangchemical.com\/wp-content\/uploads\/2020\/08\/cropped-longchang-logo.png","contentUrl":"https:\/\/longchangchemical.com\/wp-content\/uploads\/2020\/08\/cropped-longchang-logo.png","width":512,"height":512,"caption":"Longchang Chemical"},"image":{"@id":"https:\/\/longchangchemical.com\/#\/schema\/logo\/image\/"}}]}},"_links":{"self":[{"href":"https:\/\/longchangchemical.com\/tr\/wp-json\/wp\/v2\/product\/6038","targetHints":{"allow":["GET"]}}],"collection":[{"href":"https:\/\/longchangchemical.com\/tr\/wp-json\/wp\/v2\/product"}],"about":[{"href":"https:\/\/longchangchemical.com\/tr\/wp-json\/wp\/v2\/types\/product"}],"replies":[{"embeddable":true,"href":"https:\/\/longchangchemical.com\/tr\/wp-json\/wp\/v2\/comments?post=6038"}],"wp:featuredmedia":[{"embeddable":true,"href":"https:\/\/longchangchemical.com\/tr\/wp-json\/wp\/v2\/media\/7957"}],"wp:attachment":[{"href":"https:\/\/longchangchemical.com\/tr\/wp-json\/wp\/v2\/media?parent=6038"}],"wp:term":[{"taxonomy":"product_brand","embeddable":true,"href":"https:\/\/longchangchemical.com\/tr\/wp-json\/wp\/v2\/product_brand?post=6038"},{"taxonomy":"product_cat","embeddable":true,"href":"https:\/\/longchangchemical.com\/tr\/wp-json\/wp\/v2\/product_cat?post=6038"},{"taxonomy":"product_tag","embeddable":true,"href":"https:\/\/longchangchemical.com\/tr\/wp-json\/wp\/v2\/product_tag?post=6038"}],"curies":[{"name":"wp","href":"https:\/\/api.w.org\/{rel}","templated":true}]}}