{"id":6037,"date":"2024-01-10T07:32:27","date_gmt":"2024-01-10T07:32:27","guid":{"rendered":"https:\/\/longchangchemical.com\/?post_type=product&#038;p=6037"},"modified":"2025-12-16T07:37:50","modified_gmt":"2025-12-16T07:37:50","slug":"melamine-cyanurate-cas-37640-57-6","status":"publish","type":"product","link":"https:\/\/longchangchemical.com\/tr\/product\/melamine-cyanurate-cas-37640-57-6\/","title":{"rendered":"Melamin siyan\u00fcrat CAS 37640-57-6"},"content":{"rendered":"<h2><strong>Melamin siyan\u00fcrat CAS 37640-57-6<\/strong><\/h2>\n<table class=\"table-1\" cellspacing=\"0\">\n<tbody>\n<tr>\n<td>\u00d6\u011fe<\/td>\n<td>Standart<\/td>\n<\/tr>\n<tr>\n<td>Test %<\/td>\n<td>\u226599.5<\/td>\n<\/tr>\n<tr>\n<td>Beyazl\u0131k<\/td>\n<td>\u226596<\/td>\n<\/tr>\n<tr>\n<td>Kal\u0131nt\u0131 siyan\u00fcrik asit %<\/td>\n<td>\u22640.2<\/td>\n<\/tr>\n<tr>\n<td>Ortalama par\u00e7ac\u0131k boyutu \u03bcm<\/td>\n<td>\u22644<\/td>\n<\/tr>\n<tr>\n<td>PH DE\u011eER\u0130<\/td>\n<td>5-7<\/td>\n<\/tr>\n<tr>\n<td>U\u00e7ucu % \u2264<\/td>\n<td>0.2<\/td>\n<\/tr>\n<\/tbody>\n<\/table>\n<h2><strong>Melamin siyan\u00fcratKullan\u0131m<\/strong><\/h2>\n<p>Naylon i\u00e7in halojensiz alev geciktirici olarak son derece d\u00fc\u015f\u00fck uygulama maliyetine, \u00fcst\u00fcn elektriksel \u00f6zelliklere, mekanik \u00f6zelliklere ve renklendirme \u00f6zelliklerine sahiptir.<\/p>\n<ol>\n<li><strong>Alev Geciktirici Katk\u0131 Maddesi:<\/strong> CAS numaras\u0131 37640-57-6 olan Melamin Siyan\u00fcrat, genellikle alev geciktirici bir katk\u0131 maddesi olarak kullan\u0131l\u0131r. Plastikler ve polimerler de dahil olmak \u00fczere \u00e7e\u015fitli malzemelerde yang\u0131na dayan\u0131kl\u0131l\u0131k \u00f6zelliklerini artt\u0131rmak i\u00e7in kullan\u0131l\u0131r.<\/li>\n<li><strong>Polimer End\u00fcstrisi:<\/strong> Bu bile\u015fik polimer end\u00fcstrisinde kullan\u0131lmaktad\u0131r. Melamin Siyan\u00fcrat, alev geciktiricili\u011fini art\u0131rmak i\u00e7in polimerlerin \u00fcretimine dahil edilebilir, bu da onlar\u0131 in\u015faat ve elektronik alan\u0131ndaki uygulamalar i\u00e7in uygun hale getirir.<\/li>\n<li><strong>Tekstil ve D\u00f6\u015feme:<\/strong> Melamin Siyan\u00fcrat tekstil ve d\u00f6\u015feme end\u00fcstrisinde kullan\u0131labilir. \u00d6zellikle perde ve d\u00f6\u015feme gibi \u00fcr\u00fcnlerde alev geciktirici \u00f6zelliklerini geli\u015ftirmek i\u00e7in kuma\u015flar\u0131n i\u015flenmesinde kullan\u0131l\u0131r.<\/li>\n<li><strong>Kaplamalar ve Boyalar:<\/strong> Kaplama ve boya end\u00fcstrisinde, Melamin Siyan\u00fcrat alev geciktirici olarak kullan\u0131l\u0131r. Y\u00fczeylere ve alt tabakalara yang\u0131n direnci sa\u011flamak i\u00e7in kaplamalara ve boyalara eklenebilir.<\/li>\n<\/ol>\n<h2><strong>Melamin siyan\u00fcratPaketleme ve Nakliye<\/strong><\/h2>\n<p>Ambalaj: 25kg\/torba veya m\u00fc\u015fterilerin istedi\u011fi gibi<\/p>\n<h2><strong>Melamin siyan\u00fcratDepolama<\/strong><\/h2>\n<p>2-8\u00b0C s\u0131cakl\u0131kta saklan\u0131r.<\/p>\n<h2><strong>\u015eimdi Bize Ula\u015f\u0131n!<\/strong><\/h2>\n<p><strong>COA, MSDS veya TDS'ye ihtiyac\u0131n\u0131z varsa, l\u00fctfen a\u015fa\u011f\u0131daki forma ileti\u015fim bilgilerinizi girin, genellikle 24 saat i\u00e7inde sizinle ileti\u015fime ge\u00e7ece\u011fiz. Bana e-posta da g\u00f6nderebilirsiniz <span style=\"color: #00ccff;\"><a style=\"color: #00ccff;\" href=\"mailto:info@longchangchemical.com\">info@longchangchemical.com<\/a> <\/span>\u00c7al\u0131\u015fma saatleri i\u00e7inde (8:30 - 6:00 UTC+8 Pzt.~Sat.) veya h\u0131zl\u0131 yan\u0131t almak i\u00e7in web sitesi canl\u0131 sohbetini kullan\u0131n.<\/strong><\/p>","protected":false},"excerpt":{"rendered":"<p>Kimyasal Ad\u0131: Melamin siyan\u00fcrat<\/p>\n<p>CAS No: 37640-57-6<\/p>\n<p>Molek\u00fcler Form\u00fcl: C6H9N9O3<\/p>\n<p>Molek\u00fcler A\u011f\u0131rl\u0131k: 255.19<\/p>\n<p>Molek\u00fcler Yap\u0131:<img decoding=\"async\" title=\"Melamin siyan\u00fcrat Yap\u0131s\u0131\" src=\"https:\/\/www.longchangchemical.com\/wp-content\/uploads\/product-details\/20200610231237.png\" alt=\"Melamin siyan\u00fcrat Yap\u0131s\u0131\" width=\"187\" height=\"85\" border=\"0\" vspace=\"0\" \/><\/p>\n<p>G\u00f6r\u00fcn\u00fcm: beyaz toz<\/p>","protected":false},"featured_media":6385,"comment_status":"open","ping_status":"closed","template":"","meta":[],"product_brand":[],"product_cat":[153],"product_tag":[],"class_list":{"0":"post-6037","1":"product","2":"type-product","3":"status-publish","4":"has-post-thumbnail","6":"product_cat-Lcflare-flame-retardant","8":"first","9":"instock","10":"shipping-taxable","11":"product-type-simple"},"yoast_head":"<!-- This site is optimized with the Yoast SEO plugin v25.3.1 - https:\/\/yoast.com\/wordpress\/plugins\/seo\/ -->\n<title>China Melamine cyanurate CAS 37640-57-6 Manufacturer-Longchang Chemical<\/title>\n<meta name=\"description\" content=\"Melamine cyanurate CAS 37640-57-6 is key product of Longchang Chemical. We provide best price. We are the leading manufacturer and supplier in China with the best quanlity and competitive price.\" \/>\n<meta name=\"robots\" content=\"index, follow, max-snippet:-1, max-image-preview:large, max-video-preview:-1\" \/>\n<link rel=\"canonical\" href=\"https:\/\/longchangchemical.com\/tr\/product\/melamine-cyanurate-cas-37640-57-6\/\" \/>\n<meta property=\"og:locale\" content=\"tr_TR\" \/>\n<meta property=\"og:type\" content=\"article\" \/>\n<meta property=\"og:title\" content=\"China Melamine cyanurate CAS 37640-57-6 Manufacturer-Longchang Chemical\" \/>\n<meta property=\"og:description\" content=\"Melamine cyanurate CAS 37640-57-6 is key product of Longchang Chemical. We provide best price. We are the leading manufacturer and supplier in China with the best quanlity and competitive price.\" \/>\n<meta property=\"og:url\" content=\"https:\/\/longchangchemical.com\/tr\/product\/melamine-cyanurate-cas-37640-57-6\/\" \/>\n<meta property=\"og:site_name\" content=\"Longchang Chemical\" \/>\n<meta property=\"article:modified_time\" content=\"2025-12-16T07:37:50+00:00\" \/>\n<meta property=\"og:image\" content=\"https:\/\/longchangchemical.com\/wp-content\/uploads\/2023\/04\/6.jpg\" \/>\n\t<meta property=\"og:image:width\" content=\"800\" \/>\n\t<meta property=\"og:image:height\" content=\"800\" \/>\n\t<meta property=\"og:image:type\" content=\"image\/jpeg\" \/>\n<meta name=\"twitter:card\" content=\"summary_large_image\" \/>\n<script type=\"application\/ld+json\" class=\"yoast-schema-graph\">{\"@context\":\"https:\/\/schema.org\",\"@graph\":[{\"@type\":\"WebPage\",\"@id\":\"https:\/\/longchangchemical.com\/product\/melamine-cyanurate-cas-37640-57-6\/\",\"url\":\"https:\/\/longchangchemical.com\/product\/melamine-cyanurate-cas-37640-57-6\/\",\"name\":\"China Melamine cyanurate CAS 37640-57-6 Manufacturer-Longchang Chemical\",\"isPartOf\":{\"@id\":\"https:\/\/longchangchemical.com\/#website\"},\"primaryImageOfPage\":{\"@id\":\"https:\/\/longchangchemical.com\/product\/melamine-cyanurate-cas-37640-57-6\/#primaryimage\"},\"image\":{\"@id\":\"https:\/\/longchangchemical.com\/product\/melamine-cyanurate-cas-37640-57-6\/#primaryimage\"},\"thumbnailUrl\":\"https:\/\/longchangchemical.com\/wp-content\/uploads\/2023\/04\/6.jpg\",\"datePublished\":\"2024-01-10T07:32:27+00:00\",\"dateModified\":\"2025-12-16T07:37:50+00:00\",\"description\":\"Melamine cyanurate CAS 37640-57-6 is key product of Longchang Chemical. We provide best price. We are the leading manufacturer and supplier in China with the best quanlity and competitive price.\",\"breadcrumb\":{\"@id\":\"https:\/\/longchangchemical.com\/product\/melamine-cyanurate-cas-37640-57-6\/#breadcrumb\"},\"inLanguage\":\"tr\",\"potentialAction\":[{\"@type\":\"ReadAction\",\"target\":[\"https:\/\/longchangchemical.com\/product\/melamine-cyanurate-cas-37640-57-6\/\"]}]},{\"@type\":\"ImageObject\",\"inLanguage\":\"tr\",\"@id\":\"https:\/\/longchangchemical.com\/product\/melamine-cyanurate-cas-37640-57-6\/#primaryimage\",\"url\":\"https:\/\/longchangchemical.com\/wp-content\/uploads\/2023\/04\/6.jpg\",\"contentUrl\":\"https:\/\/longchangchemical.com\/wp-content\/uploads\/2023\/04\/6.jpg\",\"width\":800,\"height\":800,\"caption\":\"Melamine cyanurate CAS 37640-57-6\"},{\"@type\":\"BreadcrumbList\",\"@id\":\"https:\/\/longchangchemical.com\/product\/melamine-cyanurate-cas-37640-57-6\/#breadcrumb\",\"itemListElement\":[{\"@type\":\"ListItem\",\"position\":1,\"name\":\"Home\",\"item\":\"https:\/\/longchangchemical.com\/\"},{\"@type\":\"ListItem\",\"position\":2,\"name\":\"Products Longchang\",\"item\":\"https:\/\/longchangchemical.com\/product\/\"},{\"@type\":\"ListItem\",\"position\":3,\"name\":\"Melamine cyanurate CAS 37640-57-6\"}]},{\"@type\":\"WebSite\",\"@id\":\"https:\/\/longchangchemical.com\/#website\",\"url\":\"https:\/\/longchangchemical.com\/\",\"name\":\"Longchang Chemical\",\"description\":\"China chemical manufacturer \uff06 supplier\",\"publisher\":{\"@id\":\"https:\/\/longchangchemical.com\/#organization\"},\"potentialAction\":[{\"@type\":\"SearchAction\",\"target\":{\"@type\":\"EntryPoint\",\"urlTemplate\":\"https:\/\/longchangchemical.com\/?s={search_term_string}\"},\"query-input\":{\"@type\":\"PropertyValueSpecification\",\"valueRequired\":true,\"valueName\":\"search_term_string\"}}],\"inLanguage\":\"tr\"},{\"@type\":\"Organization\",\"@id\":\"https:\/\/longchangchemical.com\/#organization\",\"name\":\"Longchang Chemical\",\"url\":\"https:\/\/longchangchemical.com\/\",\"logo\":{\"@type\":\"ImageObject\",\"inLanguage\":\"tr\",\"@id\":\"https:\/\/longchangchemical.com\/#\/schema\/logo\/image\/\",\"url\":\"https:\/\/longchangchemical.com\/wp-content\/uploads\/2020\/08\/cropped-longchang-logo.png\",\"contentUrl\":\"https:\/\/longchangchemical.com\/wp-content\/uploads\/2020\/08\/cropped-longchang-logo.png\",\"width\":512,\"height\":512,\"caption\":\"Longchang Chemical\"},\"image\":{\"@id\":\"https:\/\/longchangchemical.com\/#\/schema\/logo\/image\/\"}}]}<\/script>\n<!-- \/ Yoast SEO plugin. -->","yoast_head_json":{"title":"\u00c7in Melamin siyan\u00fcrat CAS 37640-57-6 \u00dcretici-Longchang Kimyasal","description":"Melamin siyan\u00fcrat CAS 37640-57-6, Longchang Chemical'\u0131n temel \u00fcr\u00fcn\u00fcd\u00fcr. En iyi fiyat\u0131 sa\u011fl\u0131yoruz. Biz en iyi quanlity ve rekabet\u00e7i fiyat ile \u00c7in'de lider \u00fcreticisi ve tedarik\u00e7isi vard\u0131r.","robots":{"index":"index","follow":"follow","max-snippet":"max-snippet:-1","max-image-preview":"max-image-preview:large","max-video-preview":"max-video-preview:-1"},"canonical":"https:\/\/longchangchemical.com\/tr\/product\/melamine-cyanurate-cas-37640-57-6\/","og_locale":"tr_TR","og_type":"article","og_title":"China Melamine cyanurate CAS 37640-57-6 Manufacturer-Longchang Chemical","og_description":"Melamine cyanurate CAS 37640-57-6 is key product of Longchang Chemical. We provide best price. We are the leading manufacturer and supplier in China with the best quanlity and competitive price.","og_url":"https:\/\/longchangchemical.com\/tr\/product\/melamine-cyanurate-cas-37640-57-6\/","og_site_name":"Longchang Chemical","article_modified_time":"2025-12-16T07:37:50+00:00","og_image":[{"width":800,"height":800,"url":"https:\/\/longchangchemical.com\/wp-content\/uploads\/2023\/04\/6.jpg","type":"image\/jpeg"}],"twitter_card":"summary_large_image","schema":{"@context":"https:\/\/schema.org","@graph":[{"@type":"WebPage","@id":"https:\/\/longchangchemical.com\/product\/melamine-cyanurate-cas-37640-57-6\/","url":"https:\/\/longchangchemical.com\/product\/melamine-cyanurate-cas-37640-57-6\/","name":"\u00c7in Melamin siyan\u00fcrat CAS 37640-57-6 \u00dcretici-Longchang Kimyasal","isPartOf":{"@id":"https:\/\/longchangchemical.com\/#website"},"primaryImageOfPage":{"@id":"https:\/\/longchangchemical.com\/product\/melamine-cyanurate-cas-37640-57-6\/#primaryimage"},"image":{"@id":"https:\/\/longchangchemical.com\/product\/melamine-cyanurate-cas-37640-57-6\/#primaryimage"},"thumbnailUrl":"https:\/\/longchangchemical.com\/wp-content\/uploads\/2023\/04\/6.jpg","datePublished":"2024-01-10T07:32:27+00:00","dateModified":"2025-12-16T07:37:50+00:00","description":"Melamin siyan\u00fcrat CAS 37640-57-6, Longchang Chemical'\u0131n temel \u00fcr\u00fcn\u00fcd\u00fcr. En iyi fiyat\u0131 sa\u011fl\u0131yoruz. Biz en iyi quanlity ve rekabet\u00e7i fiyat ile \u00c7in'de lider \u00fcreticisi ve tedarik\u00e7isi vard\u0131r.","breadcrumb":{"@id":"https:\/\/longchangchemical.com\/product\/melamine-cyanurate-cas-37640-57-6\/#breadcrumb"},"inLanguage":"tr","potentialAction":[{"@type":"ReadAction","target":["https:\/\/longchangchemical.com\/product\/melamine-cyanurate-cas-37640-57-6\/"]}]},{"@type":"ImageObject","inLanguage":"tr","@id":"https:\/\/longchangchemical.com\/product\/melamine-cyanurate-cas-37640-57-6\/#primaryimage","url":"https:\/\/longchangchemical.com\/wp-content\/uploads\/2023\/04\/6.jpg","contentUrl":"https:\/\/longchangchemical.com\/wp-content\/uploads\/2023\/04\/6.jpg","width":800,"height":800,"caption":"Melamine cyanurate CAS 37640-57-6"},{"@type":"BreadcrumbList","@id":"https:\/\/longchangchemical.com\/product\/melamine-cyanurate-cas-37640-57-6\/#breadcrumb","itemListElement":[{"@type":"ListItem","position":1,"name":"Home","item":"https:\/\/longchangchemical.com\/"},{"@type":"ListItem","position":2,"name":"Products Longchang","item":"https:\/\/longchangchemical.com\/product\/"},{"@type":"ListItem","position":3,"name":"Melamine cyanurate CAS 37640-57-6"}]},{"@type":"WebSite","@id":"https:\/\/longchangchemical.com\/#website","url":"https:\/\/longchangchemical.com\/","name":"Longchang Kimya","description":"\u00c7in kimyasal \u00fcreticisi \uff06 tedarik\u00e7isi","publisher":{"@id":"https:\/\/longchangchemical.com\/#organization"},"potentialAction":[{"@type":"SearchAction","target":{"@type":"EntryPoint","urlTemplate":"https:\/\/longchangchemical.com\/?s={search_term_string}"},"query-input":{"@type":"PropertyValueSpecification","valueRequired":true,"valueName":"search_term_string"}}],"inLanguage":"tr"},{"@type":"Organization","@id":"https:\/\/longchangchemical.com\/#organization","name":"Longchang Kimya","url":"https:\/\/longchangchemical.com\/","logo":{"@type":"ImageObject","inLanguage":"tr","@id":"https:\/\/longchangchemical.com\/#\/schema\/logo\/image\/","url":"https:\/\/longchangchemical.com\/wp-content\/uploads\/2020\/08\/cropped-longchang-logo.png","contentUrl":"https:\/\/longchangchemical.com\/wp-content\/uploads\/2020\/08\/cropped-longchang-logo.png","width":512,"height":512,"caption":"Longchang Chemical"},"image":{"@id":"https:\/\/longchangchemical.com\/#\/schema\/logo\/image\/"}}]}},"_links":{"self":[{"href":"https:\/\/longchangchemical.com\/tr\/wp-json\/wp\/v2\/product\/6037","targetHints":{"allow":["GET"]}}],"collection":[{"href":"https:\/\/longchangchemical.com\/tr\/wp-json\/wp\/v2\/product"}],"about":[{"href":"https:\/\/longchangchemical.com\/tr\/wp-json\/wp\/v2\/types\/product"}],"replies":[{"embeddable":true,"href":"https:\/\/longchangchemical.com\/tr\/wp-json\/wp\/v2\/comments?post=6037"}],"wp:featuredmedia":[{"embeddable":true,"href":"https:\/\/longchangchemical.com\/tr\/wp-json\/wp\/v2\/media\/6385"}],"wp:attachment":[{"href":"https:\/\/longchangchemical.com\/tr\/wp-json\/wp\/v2\/media?parent=6037"}],"wp:term":[{"taxonomy":"product_brand","embeddable":true,"href":"https:\/\/longchangchemical.com\/tr\/wp-json\/wp\/v2\/product_brand?post=6037"},{"taxonomy":"product_cat","embeddable":true,"href":"https:\/\/longchangchemical.com\/tr\/wp-json\/wp\/v2\/product_cat?post=6037"},{"taxonomy":"product_tag","embeddable":true,"href":"https:\/\/longchangchemical.com\/tr\/wp-json\/wp\/v2\/product_tag?post=6037"}],"curies":[{"name":"wp","href":"https:\/\/api.w.org\/{rel}","templated":true}]}}