{"id":6029,"date":"2023-04-12T13:30:19","date_gmt":"2023-04-12T13:30:19","guid":{"rendered":"https:\/\/longchangchemical.com\/?post_type=product&#038;p=6029"},"modified":"2026-05-08T02:59:52","modified_gmt":"2026-05-08T02:59:52","slug":"sinosurf-hsa-2na-cas-29736-24-1","status":"publish","type":"product","link":"https:\/\/longchangchemical.com\/tr\/product\/sinosurf-hsa-2na-cas-29736-24-1\/","title":{"rendered":"Sinosurf \u00aeHSA-2NA \/ Disodyum hidroksi (s\u00fclfonato) asetat CAS 29736-24-1"},"content":{"rendered":"<h2><strong>Sinosurf \u00aeHSA-2NA \/ Disodyum hidroksi (s\u00fclfonato) asetat CAS 29736-24-1<\/strong><\/h2>\n<table>\n<tbody>\n<tr>\n<td width=\"221\">G\u00f6r\u00fcn\u00fc\u015f<\/td>\n<td width=\"268\">Beyaz kristal toz<\/td>\n<\/tr>\n<tr>\n<td width=\"221\">\u0130\u00e7erik (a\u011f\u0131rl\u0131k\u00e7a)<\/td>\n<td width=\"268\">\u226595.0%<\/td>\n<\/tr>\n<tr>\n<td width=\"221\">pH De\u011feri<\/td>\n<td width=\"268\">6-8.5<\/td>\n<\/tr>\n<tr>\n<td width=\"221\">Elek kal\u0131nt\u0131s\u0131<\/td>\n<td width=\"268\">\u22641%<\/td>\n<\/tr>\n<tr>\n<td width=\"221\">Nem (K.F)<\/td>\n<td width=\"268\">\u22641%<\/td>\n<\/tr>\n<\/tbody>\n<\/table>\n<p><strong>Paketleme<\/strong>: 25kg bidon veya Karton.<\/p>\n<p><strong><b>A<\/b><\/strong><strong><b>Uygulama:<\/b><\/strong><\/p>\n<p>\u00c7ocuk bezi ve di\u011fer \u00fcr\u00fcnler gibi s\u00fcper emici polimer olarak kullan\u0131l\u0131r.<\/p>\n<p><strong><b>Depolama:<\/b><\/strong><\/p>\n<p>Kuru, temiz ve iyi havaland\u0131r\u0131lan bir depoda muhafaza edilecektir.<\/p>\n<p>I\u015f\u0131\u011fa ve \u0131s\u0131ya maruz b\u0131rakmaktan ka\u00e7\u0131n\u0131n.<\/p>\n<p>\u00dcr\u00fcn\u00fc nakliye s\u0131ras\u0131nda s\u0131z\u0131nt\u0131, ya\u011fmur ve g\u00fcne\u015ften korumak.<\/p>\n<h2><strong><b>\u015eimdi Bize Ula\u015f\u0131n!<\/b><\/strong><\/h2>\n<h4><strong><b>Fiyata ihtiyac\u0131n\u0131z varsa, l\u00fctfen a\u015fa\u011f\u0131daki forma ileti\u015fim bilgilerinizi doldurun, genellikle 24 saat i\u00e7inde sizinle ileti\u015fime ge\u00e7ece\u011fiz. Bana e-posta da g\u00f6nderebilirsiniz<span style=\"color: #00ccff;\"> <a style=\"color: #00ccff;\" href=\"mailto:info@longchangchemical.com\">info@longchangchemical.com<\/a><\/span> \u00c7al\u0131\u015fma saatleri i\u00e7inde (8:30 - 6:00 UTC+8 Pzt.~Sat.) veya h\u0131zl\u0131 yan\u0131t almak i\u00e7in web sitesi canl\u0131 sohbetini kullan\u0131n.<\/b><\/strong><\/h4>","protected":false},"excerpt":{"rendered":"<p>Kimyasal Ad\u0131: Disodyum hidroksi (s\u00fclfonato) asetat<\/p>\n<p>Cas No: 29736-24-1<\/p>\n<p>M.F: C2H2Na2O6S<\/p>\n<p>Paket:25kgs\/Davul veya Karton<\/p>","protected":false},"featured_media":0,"comment_status":"closed","ping_status":"closed","template":"","meta":[],"product_brand":[],"product_cat":[109],"product_tag":[],"class_list":{"0":"post-6029","1":"product","2":"type-product","3":"status-publish","5":"product_cat-water-treatment","7":"first","8":"instock","9":"shipping-taxable","10":"product-type-simple"},"yoast_head":"<!-- This site is optimized with the Yoast SEO plugin v25.3.1 - https:\/\/yoast.com\/wordpress\/plugins\/seo\/ -->\n<title>Disodium hydroxy(sulfonato)acetate Manufacturer Cas 29736-24-1 - Longchang Chemical<\/title>\n<meta name=\"description\" content=\"Sinosurf \u00ae HSA-2NA can be used as superabsorbent polymer, such as diapers and other products..Synonym: Disodium hydroxy(sulfonato)acetate;Acetic acid, 2-hydroxy-2-sulfo-, sodium salt, Which is the key product of Longchang Chemical. We are the leading addtives manufacturer and supplier in China with the best quanlity and competitive price. BLANCOLEN HP\" \/>\n<meta name=\"robots\" content=\"index, follow, max-snippet:-1, max-image-preview:large, max-video-preview:-1\" \/>\n<link rel=\"canonical\" href=\"https:\/\/longchangchemical.com\/tr\/product\/sinosurf-hsa-2na-cas-29736-24-1\/\" \/>\n<meta property=\"og:locale\" content=\"tr_TR\" \/>\n<meta property=\"og:type\" content=\"article\" \/>\n<meta property=\"og:title\" content=\"Disodium hydroxy(sulfonato)acetate Manufacturer Cas 29736-24-1 - Longchang Chemical\" \/>\n<meta property=\"og:description\" content=\"Sinosurf \u00ae HSA-2NA can be used as superabsorbent polymer, such as diapers and other products..Synonym: Disodium hydroxy(sulfonato)acetate;Acetic acid, 2-hydroxy-2-sulfo-, sodium salt, Which is the key product of Longchang Chemical. We are the leading addtives manufacturer and supplier in China with the best quanlity and competitive price. BLANCOLEN HP\" \/>\n<meta property=\"og:url\" content=\"https:\/\/longchangchemical.com\/tr\/product\/sinosurf-hsa-2na-cas-29736-24-1\/\" \/>\n<meta property=\"og:site_name\" content=\"Longchang Chemical\" \/>\n<meta property=\"article:modified_time\" content=\"2026-05-08T02:59:52+00:00\" \/>\n<meta property=\"og:image\" content=\"https:\/\/longchangchemical.com\/wp-content\/uploads\/2024\/02\/logo-jpeg.jpg\" \/>\n\t<meta property=\"og:image:width\" content=\"1000\" \/>\n\t<meta property=\"og:image:height\" content=\"1000\" \/>\n\t<meta property=\"og:image:type\" content=\"image\/jpeg\" \/>\n<meta name=\"twitter:card\" content=\"summary_large_image\" \/>\n<script type=\"application\/ld+json\" class=\"yoast-schema-graph\">{\"@context\":\"https:\/\/schema.org\",\"@graph\":[{\"@type\":\"WebPage\",\"@id\":\"https:\/\/longchangchemical.com\/product\/sinosurf-hsa-2na-cas-29736-24-1\/\",\"url\":\"https:\/\/longchangchemical.com\/product\/sinosurf-hsa-2na-cas-29736-24-1\/\",\"name\":\"Disodium hydroxy(sulfonato)acetate Manufacturer Cas 29736-24-1 - Longchang Chemical\",\"isPartOf\":{\"@id\":\"https:\/\/longchangchemical.com\/#website\"},\"datePublished\":\"2023-04-12T13:30:19+00:00\",\"dateModified\":\"2026-05-08T02:59:52+00:00\",\"description\":\"Sinosurf \u00ae HSA-2NA can be used as superabsorbent polymer, such as diapers and other products..Synonym: Disodium hydroxy(sulfonato)acetate;Acetic acid, 2-hydroxy-2-sulfo-, sodium salt, Which is the key product of Longchang Chemical. We are the leading addtives manufacturer and supplier in China with the best quanlity and competitive price. BLANCOLEN HP\",\"breadcrumb\":{\"@id\":\"https:\/\/longchangchemical.com\/product\/sinosurf-hsa-2na-cas-29736-24-1\/#breadcrumb\"},\"inLanguage\":\"tr\",\"potentialAction\":[{\"@type\":\"ReadAction\",\"target\":[\"https:\/\/longchangchemical.com\/product\/sinosurf-hsa-2na-cas-29736-24-1\/\"]}]},{\"@type\":\"BreadcrumbList\",\"@id\":\"https:\/\/longchangchemical.com\/product\/sinosurf-hsa-2na-cas-29736-24-1\/#breadcrumb\",\"itemListElement\":[{\"@type\":\"ListItem\",\"position\":1,\"name\":\"Home\",\"item\":\"https:\/\/longchangchemical.com\/\"},{\"@type\":\"ListItem\",\"position\":2,\"name\":\"Products Longchang\",\"item\":\"https:\/\/longchangchemical.com\/product\/\"},{\"@type\":\"ListItem\",\"position\":3,\"name\":\"Sinosurf \u00aeHSA-2NA \/ Disodium hydroxy(sulfonato)acetate CAS 29736-24-1\"}]},{\"@type\":\"WebSite\",\"@id\":\"https:\/\/longchangchemical.com\/#website\",\"url\":\"https:\/\/longchangchemical.com\/\",\"name\":\"Longchang Chemical\",\"description\":\"China chemical manufacturer \uff06 supplier\",\"publisher\":{\"@id\":\"https:\/\/longchangchemical.com\/#organization\"},\"potentialAction\":[{\"@type\":\"SearchAction\",\"target\":{\"@type\":\"EntryPoint\",\"urlTemplate\":\"https:\/\/longchangchemical.com\/?s={search_term_string}\"},\"query-input\":{\"@type\":\"PropertyValueSpecification\",\"valueRequired\":true,\"valueName\":\"search_term_string\"}}],\"inLanguage\":\"tr\"},{\"@type\":\"Organization\",\"@id\":\"https:\/\/longchangchemical.com\/#organization\",\"name\":\"Longchang Chemical\",\"url\":\"https:\/\/longchangchemical.com\/\",\"logo\":{\"@type\":\"ImageObject\",\"inLanguage\":\"tr\",\"@id\":\"https:\/\/longchangchemical.com\/#\/schema\/logo\/image\/\",\"url\":\"https:\/\/longchangchemical.com\/wp-content\/uploads\/2020\/08\/cropped-longchang-logo.png\",\"contentUrl\":\"https:\/\/longchangchemical.com\/wp-content\/uploads\/2020\/08\/cropped-longchang-logo.png\",\"width\":512,\"height\":512,\"caption\":\"Longchang Chemical\"},\"image\":{\"@id\":\"https:\/\/longchangchemical.com\/#\/schema\/logo\/image\/\"}}]}<\/script>\n<!-- \/ Yoast SEO plugin. -->","yoast_head_json":{"title":"Disodyum hidroksi (s\u00fclfonato) asetat \u00dcreticisi Cas 29736-24-1 - Longchang Chemical","description":"Sinosurf \u00ae HSA-2NA, \u00e7ocuk bezi ve di\u011fer \u00fcr\u00fcnler gibi s\u00fcper emici polimer olarak kullan\u0131labilir: Disodyum hidroksi (s\u00fclfonato) asetat; Asetik asit, 2-hidroksi-2-s\u00fclfo, sodyum tuzu, Longchang Chemical'\u0131n anahtar \u00fcr\u00fcn\u00fcd\u00fcr. Biz en iyi quanlity ve rekabet\u00e7i fiyat ile \u00c7in'in \u00f6nde gelen katk\u0131 maddeleri \u00fcreticisi ve tedarik\u00e7isi vard\u0131r. BLANCOLEN HP","robots":{"index":"index","follow":"follow","max-snippet":"max-snippet:-1","max-image-preview":"max-image-preview:large","max-video-preview":"max-video-preview:-1"},"canonical":"https:\/\/longchangchemical.com\/tr\/product\/sinosurf-hsa-2na-cas-29736-24-1\/","og_locale":"tr_TR","og_type":"article","og_title":"Disodium hydroxy(sulfonato)acetate Manufacturer Cas 29736-24-1 - Longchang Chemical","og_description":"Sinosurf \u00ae HSA-2NA can be used as superabsorbent polymer, such as diapers and other products..Synonym: Disodium hydroxy(sulfonato)acetate;Acetic acid, 2-hydroxy-2-sulfo-, sodium salt, Which is the key product of Longchang Chemical. We are the leading addtives manufacturer and supplier in China with the best quanlity and competitive price. BLANCOLEN HP","og_url":"https:\/\/longchangchemical.com\/tr\/product\/sinosurf-hsa-2na-cas-29736-24-1\/","og_site_name":"Longchang Chemical","article_modified_time":"2026-05-08T02:59:52+00:00","og_image":[{"width":1000,"height":1000,"url":"https:\/\/longchangchemical.com\/wp-content\/uploads\/2024\/02\/logo-jpeg.jpg","type":"image\/jpeg"}],"twitter_card":"summary_large_image","schema":{"@context":"https:\/\/schema.org","@graph":[{"@type":"WebPage","@id":"https:\/\/longchangchemical.com\/product\/sinosurf-hsa-2na-cas-29736-24-1\/","url":"https:\/\/longchangchemical.com\/product\/sinosurf-hsa-2na-cas-29736-24-1\/","name":"Disodyum hidroksi (s\u00fclfonato) asetat \u00dcreticisi Cas 29736-24-1 - Longchang Chemical","isPartOf":{"@id":"https:\/\/longchangchemical.com\/#website"},"datePublished":"2023-04-12T13:30:19+00:00","dateModified":"2026-05-08T02:59:52+00:00","description":"Sinosurf \u00ae HSA-2NA, \u00e7ocuk bezi ve di\u011fer \u00fcr\u00fcnler gibi s\u00fcper emici polimer olarak kullan\u0131labilir: Disodyum hidroksi (s\u00fclfonato) asetat; Asetik asit, 2-hidroksi-2-s\u00fclfo, sodyum tuzu, Longchang Chemical'\u0131n anahtar \u00fcr\u00fcn\u00fcd\u00fcr. Biz en iyi quanlity ve rekabet\u00e7i fiyat ile \u00c7in'in \u00f6nde gelen katk\u0131 maddeleri \u00fcreticisi ve tedarik\u00e7isi vard\u0131r. BLANCOLEN HP","breadcrumb":{"@id":"https:\/\/longchangchemical.com\/product\/sinosurf-hsa-2na-cas-29736-24-1\/#breadcrumb"},"inLanguage":"tr","potentialAction":[{"@type":"ReadAction","target":["https:\/\/longchangchemical.com\/product\/sinosurf-hsa-2na-cas-29736-24-1\/"]}]},{"@type":"BreadcrumbList","@id":"https:\/\/longchangchemical.com\/product\/sinosurf-hsa-2na-cas-29736-24-1\/#breadcrumb","itemListElement":[{"@type":"ListItem","position":1,"name":"Home","item":"https:\/\/longchangchemical.com\/"},{"@type":"ListItem","position":2,"name":"Products Longchang","item":"https:\/\/longchangchemical.com\/product\/"},{"@type":"ListItem","position":3,"name":"Sinosurf \u00aeHSA-2NA \/ Disodium hydroxy(sulfonato)acetate CAS 29736-24-1"}]},{"@type":"WebSite","@id":"https:\/\/longchangchemical.com\/#website","url":"https:\/\/longchangchemical.com\/","name":"Longchang Kimya","description":"\u00c7in kimyasal \u00fcreticisi \uff06 tedarik\u00e7isi","publisher":{"@id":"https:\/\/longchangchemical.com\/#organization"},"potentialAction":[{"@type":"SearchAction","target":{"@type":"EntryPoint","urlTemplate":"https:\/\/longchangchemical.com\/?s={search_term_string}"},"query-input":{"@type":"PropertyValueSpecification","valueRequired":true,"valueName":"search_term_string"}}],"inLanguage":"tr"},{"@type":"Organization","@id":"https:\/\/longchangchemical.com\/#organization","name":"Longchang Kimya","url":"https:\/\/longchangchemical.com\/","logo":{"@type":"ImageObject","inLanguage":"tr","@id":"https:\/\/longchangchemical.com\/#\/schema\/logo\/image\/","url":"https:\/\/longchangchemical.com\/wp-content\/uploads\/2020\/08\/cropped-longchang-logo.png","contentUrl":"https:\/\/longchangchemical.com\/wp-content\/uploads\/2020\/08\/cropped-longchang-logo.png","width":512,"height":512,"caption":"Longchang Chemical"},"image":{"@id":"https:\/\/longchangchemical.com\/#\/schema\/logo\/image\/"}}]}},"_links":{"self":[{"href":"https:\/\/longchangchemical.com\/tr\/wp-json\/wp\/v2\/product\/6029","targetHints":{"allow":["GET"]}}],"collection":[{"href":"https:\/\/longchangchemical.com\/tr\/wp-json\/wp\/v2\/product"}],"about":[{"href":"https:\/\/longchangchemical.com\/tr\/wp-json\/wp\/v2\/types\/product"}],"replies":[{"embeddable":true,"href":"https:\/\/longchangchemical.com\/tr\/wp-json\/wp\/v2\/comments?post=6029"}],"wp:attachment":[{"href":"https:\/\/longchangchemical.com\/tr\/wp-json\/wp\/v2\/media?parent=6029"}],"wp:term":[{"taxonomy":"product_brand","embeddable":true,"href":"https:\/\/longchangchemical.com\/tr\/wp-json\/wp\/v2\/product_brand?post=6029"},{"taxonomy":"product_cat","embeddable":true,"href":"https:\/\/longchangchemical.com\/tr\/wp-json\/wp\/v2\/product_cat?post=6029"},{"taxonomy":"product_tag","embeddable":true,"href":"https:\/\/longchangchemical.com\/tr\/wp-json\/wp\/v2\/product_tag?post=6029"}],"curies":[{"name":"wp","href":"https:\/\/api.w.org\/{rel}","templated":true}]}}