{"id":6006,"date":"2023-03-24T13:04:16","date_gmt":"2023-03-24T13:04:16","guid":{"rendered":"https:\/\/longchangchemical.com\/?post_type=product&#038;p=6006"},"modified":"2025-04-01T07:08:37","modified_gmt":"2025-04-01T07:08:37","slug":"agesin-dp-d265r","status":"publish","type":"product","link":"https:\/\/longchangchemical.com\/tr\/product\/agesin-dp-d265r\/","title":{"rendered":"CHLUMICRYL\u00ae DP-D265R \/ Dispersan"},"content":{"rendered":"<h1>DP-D265R \/ Dispersan<\/h1>\n<table style=\"border-collapse: collapse; width: 278.27pt;\" border=\"0\" width=\"371\" cellspacing=\"0\" cellpadding=\"0\">\n<tbody>\n<tr style=\"height: 24.75pt;\">\n<td class=\"et2\" style=\"height: 24.75pt; width: 129.75pt;\" width=\"173\" height=\"33\">Kompozisyon<\/td>\n<td class=\"et2\" style=\"width: 148.50pt;\" width=\"198\">Pigment afinite gruplar\u0131na sahip polimerik blok kopolimer \u00e7\u00f6zeltisi<\/td>\n<\/tr>\n<tr style=\"height: 24.75pt;\">\n<td class=\"et2\" style=\"height: 24.75pt; width: 129.75pt;\" width=\"173\" height=\"33\">G\u00f6r\u00fcn\u00fc\u015f<\/td>\n<td class=\"et2\" style=\"width: 148.50pt;\" width=\"198\">Sar\u0131 ila k\u0131rm\u0131z\u0131ms\u0131 kahverengi \u015feffaf s\u0131v\u0131<\/td>\n<\/tr>\n<tr style=\"height: 13.50pt;\">\n<td class=\"et2\" style=\"height: 13.50pt; width: 129.75pt;\" width=\"173\" height=\"18\">Solvent<\/td>\n<td class=\"et2\" style=\"width: 148.50pt;\" width=\"198\">Dibazik ester<\/td>\n<\/tr>\n<tr style=\"height: 13.50pt;\">\n<td class=\"et2\" style=\"height: 13.50pt; width: 129.75pt;\" width=\"173\" height=\"18\">Yo\u011funluk<\/td>\n<td class=\"et2\" style=\"width: 148.50pt;\" width=\"198\">1,04-1,08 g\/ml (25\u00b11)<span class=\"font2\">\u2103<\/span><\/td>\n<\/tr>\n<tr style=\"height: 24.75pt;\">\n<td class=\"et2\" style=\"height: 24.75pt; width: 129.75pt;\" width=\"173\" height=\"33\">Viskozite<\/td>\n<td class=\"et2\" style=\"width: 148.50pt;\" width=\"198\">6-30 sn (kaplamal\u0131-4 kap y\u00f6ntemi) (25\u00b10,2)\u00b0C<\/td>\n<\/tr>\n<tr style=\"height: 13.50pt;\">\n<td class=\"et2\" style=\"height: 13.50pt; width: 129.75pt;\" width=\"173\" height=\"18\">Aktif madde i\u00e7eri\u011fi<\/td>\n<td class=\"et4\" style=\"width: 148.50pt;\" width=\"198\">45%<\/td>\n<\/tr>\n<tr style=\"height: 13.50pt;\">\n<td class=\"et2\" style=\"height: 13.50pt; width: 129.75pt;\" width=\"173\" height=\"18\">Parlama noktas\u0131<\/td>\n<td class=\"et2\" style=\"width: 148.50pt;\" width=\"198\">&gt;100\u2103<\/td>\n<\/tr>\n<\/tbody>\n<\/table>\n<h2><strong>Uygulama alanlar\u0131<\/strong><\/h2>\n<p>Solvent bazl\u0131 kaplamalar M\u00fcrekkepler<\/p>\n<h2><strong>Temel \u00f6zellikler<\/strong><\/h2>\n<p>1\u3001Dispers organik pigment y\u00fcksek renk yay\u0131l\u0131m\u0131na sahiptir, dispers y\u00fcksek pigment karbon siyah\u0131 m\u00fckemmel siyahl\u0131\u011fa, m\u00fckemmel viskozite azaltma etkisine sahiptir.<br \/>\n2\u3001Termoplastik akrilik re\u00e7ine sisteminde kullan\u0131labilir.<\/p>\n<h2><strong>Kullan\u0131m y\u00f6ntemi<\/strong><\/h2>\n<p>Dispersan \u00f6\u011f\u00fctme malzemesine eklenmeli ve iyice kar\u0131\u015ft\u0131r\u0131lmal\u0131, ard\u0131ndan \u00f6\u011f\u00fctmek ve da\u011f\u0131tmak i\u00e7in pigment eklenmelidir.<\/p>\n<h2><strong>\u00d6nerilen dozaj<\/strong><\/h2>\n<table style=\"border-collapse: collapse; width: 108.03pt;\" border=\"0\" width=\"144\" cellspacing=\"0\" cellpadding=\"0\">\n<tbody>\n<tr style=\"height: 24.75pt;\">\n<td class=\"et2\" style=\"height: 24.75pt; width: 54.00pt;\" width=\"72\" height=\"33\">\u0130norganik pigmentler<\/td>\n<td class=\"et2\" style=\"width: 54.00pt;\" width=\"72\">1-10%<\/td>\n<\/tr>\n<tr style=\"height: 24.75pt;\">\n<td class=\"et2\" style=\"height: 24.75pt; width: 54.00pt;\" width=\"72\" height=\"33\">Organik pigmentler<\/td>\n<td class=\"et2\" style=\"width: 54.00pt;\" width=\"72\">15-35%<\/td>\n<\/tr>\n<tr style=\"height: 24.75pt;\">\n<td class=\"et2\" style=\"height: 24.75pt; width: 54.00pt;\" width=\"72\" height=\"33\">Karbon Siyah\u0131<\/td>\n<td class=\"et2\" style=\"width: 54.00pt;\" width=\"72\">30-100%<\/td>\n<\/tr>\n<\/tbody>\n<\/table>\n<h2><strong>Depolama kararl\u0131l\u0131\u011f\u0131<\/strong><\/h2>\n<p>A\u00e7\u0131lmam\u0131\u015f orijinal ambalaj\u0131nda 24 ay saklay\u0131n\u0131z. S\u0131cakl\u0131k 5\u00b0C'nin alt\u0131nda oldu\u011funda tabakala\u015fma ve bulan\u0131kl\u0131k olu\u015fabilir. Kullanmadan \u00f6nce \u0131s\u0131tmak ve iyice kar\u0131\u015ft\u0131rmak \u00fcr\u00fcn kalitesini etkilemeyecektir. Depolama s\u00fcresini a\u015fan \u00fcr\u00fcn, kontrolden ge\u00e7tikten sonra kullan\u0131lmaya devam edilebilir. Kap tamamen bo\u015falmadan \u00f6nce, kullan\u0131mdan hemen sonra s\u0131k\u0131ca kapat\u0131lmal\u0131d\u0131r.<\/p>\n<h2><strong>Paketleme<\/strong><\/h2>\n<p>25KG \/ 180KG<\/p>\n<p>&nbsp;<\/p>\n<p><!--more--><\/p>\n<p>S: Neden orta kaplama kaplamas\u0131n\u0131n elektrostatik p\u00fcsk\u00fcrt\u00fclmesi ve ard\u0131ndan \u00fcst kat\u0131n elektrostatik p\u00fcsk\u00fcrt\u00fclmesi, \u00fcst kat film kal\u0131nl\u0131\u011f\u0131 ya\u011f \u00fczerinde \u00e7ok ince k\u00f6t\u00fc g\u00f6r\u00fcnecek, orta kaplaman\u0131n rakibi daha kal\u0131n bir \u00fcst kat filmi olabilir ya\u011f \u00fczerinde \u00e7ok iyi? Polyester re\u00e7ine klor sirke re\u00e7inesi ile de\u011fi\u015ftirilirse iletken m\u00fcrekkep neden \u00e7ok azal\u0131r?<\/p>\n<p>&nbsp;<\/p>\n<p>C: Yukar\u0131daki sorular boya m\u00fcrekkep kaplamas\u0131n\u0131n iletkenli\u011fi ile ilgilidir. \u00d6rne\u011fin, ilk soru i\u015fareti, m\u00fc\u015fterinin dikkatli bir \u015fekilde sorgulanmas\u0131ndan sonra, orta kaplama kaplamas\u0131ndaki rakibin hidrofilikli\u011finin iyi olmas\u0131, orta kaplama kaplamas\u0131nda su damlas\u0131, rakibin yay\u0131lmas\u0131 i\u00e7in h\u0131zla nemlendirilecek ve m\u00fc\u015fterinin su boncuklar\u0131 olacak, bu da kaplaman\u0131n hidrofilikli\u011finin daha iyi iletkenli\u011fin daha iyi olaca\u011f\u0131n\u0131 g\u00f6sterir.<\/p>\n<p>\u0130kinci soru i\u015fareti PET iletken m\u00fcrekkep \u00fcr\u00fcnleridir, genellikle bu iletken m\u00fcrekkepler yapmak i\u00e7in \u00fc\u00e7l\u00fc klor asetat re\u00e7inesi kullan\u0131l\u0131r, iletkenlik gereksinimleri kar\u015f\u0131lamak i\u00e7indir, ancak daha sonra klor asetat re\u00e7inesi kullan\u0131m\u0131n\u0131 s\u0131n\u0131rlamak i\u00e7in end\u00fcstri halojensiz gereksinimleri, makromolek\u00fcl do\u011frusal polyester re\u00e7inelere de\u011fi\u015ftirilir, sonu\u00e7 iletkenli\u011fin b\u00fcy\u00fck \u00f6l\u00e7\u00fcde azalmas\u0131d\u0131r. Neden mi? Bunun nedenlerinden biri, klor sirkesi re\u00e7ine yap\u0131s\u0131n\u0131n klor i\u00e7ermesi ve klordan ar\u0131nd\u0131r\u0131lacak olmas\u0131d\u0131r, polarite a\u00e7\u0131s\u0131ndan ve boya filmi kal\u0131nt\u0131s\u0131 inorganik asit a\u00e7\u0131s\u0131ndan, elektrik iletkenli\u011fi klor sirkesi re\u00e7inesi polyester re\u00e7ineden \u00e7ok daha iyidir. Daha sonra iletken m\u00fcrekkep iletkenli\u011finin polyester sisteminin nas\u0131l iyile\u015ftirilece\u011fi ve geli\u015ftirilece\u011fi bir\u00e7ok m\u00fc\u015fteri haline geldi ve m\u00fchendisler acilen sorunu \u00e7\u00f6zmek istiyor, uygun katk\u0131 maddelerine kat\u0131lmak i\u00e7in yap\u0131lan bir\u00e7ok testten sonra iletkenli\u011fi b\u00fcy\u00fck \u00f6l\u00e7\u00fcde art\u0131rabilir, m\u00fcrekkebe eklenen \u00f6zel katk\u0131 maddelerinin tan\u0131t\u0131m\u0131, 0.5% ekleyin, diren\u00e7 de\u011feri 5-10% azalt\u0131labilir, m\u00fcrekkebin iletkenli\u011fini art\u0131rabilir.<\/p>","protected":false},"excerpt":{"rendered":"<p><strong>E\u015fde\u011fer alternatifler-<\/strong>\u00a0Elementis Disponer 9850; BYK163<\/p>","protected":false},"featured_media":0,"comment_status":"closed","ping_status":"closed","template":"","meta":[],"product_brand":[],"product_cat":[138],"product_tag":[],"class_list":{"0":"post-6006","1":"product","2":"type-product","3":"status-publish","5":"product_cat-coating-and-ink-additives","7":"first","8":"instock","9":"shipping-taxable","10":"product-type-simple"},"yoast_head":"<!-- This site is optimized with the Yoast SEO plugin v25.3.1 - https:\/\/yoast.com\/wordpress\/plugins\/seo\/ -->\n<title>China CHLUMICRYL\u00ae DP-D265R \/ Dispersant Manufacturer - Longchang Chemical<\/title>\n<meta name=\"description\" content=\"Equivalent alternatives\u2013 Elementis Disponer 9850;BYK163\" \/>\n<meta name=\"robots\" content=\"index, follow, max-snippet:-1, max-image-preview:large, max-video-preview:-1\" \/>\n<link rel=\"canonical\" href=\"https:\/\/longchangchemical.com\/tr\/product\/agesin-dp-d265r\/\" \/>\n<meta property=\"og:locale\" content=\"tr_TR\" \/>\n<meta property=\"og:type\" content=\"article\" \/>\n<meta property=\"og:title\" content=\"China CHLUMICRYL\u00ae DP-D265R \/ Dispersant Manufacturer - Longchang Chemical\" \/>\n<meta property=\"og:description\" content=\"Equivalent alternatives\u2013 Elementis Disponer 9850;BYK163\" \/>\n<meta property=\"og:url\" content=\"https:\/\/longchangchemical.com\/tr\/product\/agesin-dp-d265r\/\" \/>\n<meta property=\"og:site_name\" content=\"Longchang Chemical\" \/>\n<meta property=\"article:modified_time\" content=\"2025-04-01T07:08:37+00:00\" \/>\n<meta property=\"og:image\" content=\"https:\/\/longchangchemical.com\/wp-content\/uploads\/2024\/02\/logo-jpeg.jpg\" \/>\n\t<meta property=\"og:image:width\" content=\"1000\" \/>\n\t<meta property=\"og:image:height\" content=\"1000\" \/>\n\t<meta property=\"og:image:type\" content=\"image\/jpeg\" \/>\n<meta name=\"twitter:card\" content=\"summary_large_image\" \/>\n<script type=\"application\/ld+json\" class=\"yoast-schema-graph\">{\"@context\":\"https:\/\/schema.org\",\"@graph\":[{\"@type\":\"WebPage\",\"@id\":\"https:\/\/longchangchemical.com\/product\/agesin-dp-d265r\/\",\"url\":\"https:\/\/longchangchemical.com\/product\/agesin-dp-d265r\/\",\"name\":\"China CHLUMICRYL\u00ae DP-D265R \/ Dispersant Manufacturer - Longchang Chemical\",\"isPartOf\":{\"@id\":\"https:\/\/longchangchemical.com\/#website\"},\"datePublished\":\"2023-03-24T13:04:16+00:00\",\"dateModified\":\"2025-04-01T07:08:37+00:00\",\"description\":\"Equivalent alternatives\u2013 Elementis Disponer 9850;BYK163\",\"breadcrumb\":{\"@id\":\"https:\/\/longchangchemical.com\/product\/agesin-dp-d265r\/#breadcrumb\"},\"inLanguage\":\"tr\",\"potentialAction\":[{\"@type\":\"ReadAction\",\"target\":[\"https:\/\/longchangchemical.com\/product\/agesin-dp-d265r\/\"]}]},{\"@type\":\"BreadcrumbList\",\"@id\":\"https:\/\/longchangchemical.com\/product\/agesin-dp-d265r\/#breadcrumb\",\"itemListElement\":[{\"@type\":\"ListItem\",\"position\":1,\"name\":\"Home\",\"item\":\"https:\/\/longchangchemical.com\/\"},{\"@type\":\"ListItem\",\"position\":2,\"name\":\"Products Longchang\",\"item\":\"https:\/\/longchangchemical.com\/product\/\"},{\"@type\":\"ListItem\",\"position\":3,\"name\":\"CHLUMICRYL\u00ae DP-D265R \/ Dispersant\"}]},{\"@type\":\"WebSite\",\"@id\":\"https:\/\/longchangchemical.com\/#website\",\"url\":\"https:\/\/longchangchemical.com\/\",\"name\":\"Longchang Chemical\",\"description\":\"China chemical manufacturer \uff06 supplier\",\"publisher\":{\"@id\":\"https:\/\/longchangchemical.com\/#organization\"},\"potentialAction\":[{\"@type\":\"SearchAction\",\"target\":{\"@type\":\"EntryPoint\",\"urlTemplate\":\"https:\/\/longchangchemical.com\/?s={search_term_string}\"},\"query-input\":{\"@type\":\"PropertyValueSpecification\",\"valueRequired\":true,\"valueName\":\"search_term_string\"}}],\"inLanguage\":\"tr\"},{\"@type\":\"Organization\",\"@id\":\"https:\/\/longchangchemical.com\/#organization\",\"name\":\"Longchang Chemical\",\"url\":\"https:\/\/longchangchemical.com\/\",\"logo\":{\"@type\":\"ImageObject\",\"inLanguage\":\"tr\",\"@id\":\"https:\/\/longchangchemical.com\/#\/schema\/logo\/image\/\",\"url\":\"https:\/\/longchangchemical.com\/wp-content\/uploads\/2020\/08\/cropped-longchang-logo.png\",\"contentUrl\":\"https:\/\/longchangchemical.com\/wp-content\/uploads\/2020\/08\/cropped-longchang-logo.png\",\"width\":512,\"height\":512,\"caption\":\"Longchang Chemical\"},\"image\":{\"@id\":\"https:\/\/longchangchemical.com\/#\/schema\/logo\/image\/\"}}]}<\/script>\n<!-- \/ Yoast SEO plugin. -->","yoast_head_json":{"title":"\u00c7in CHLUMICRYL\u00ae DP-D265R \/ Dispersant \u00dcreticisi - Longchang Chemical","description":"E\u015fde\u011fer alternatifler- Elementis Disponer 9850;BYK163","robots":{"index":"index","follow":"follow","max-snippet":"max-snippet:-1","max-image-preview":"max-image-preview:large","max-video-preview":"max-video-preview:-1"},"canonical":"https:\/\/longchangchemical.com\/tr\/product\/agesin-dp-d265r\/","og_locale":"tr_TR","og_type":"article","og_title":"China CHLUMICRYL\u00ae DP-D265R \/ Dispersant Manufacturer - Longchang Chemical","og_description":"Equivalent alternatives\u2013 Elementis Disponer 9850;BYK163","og_url":"https:\/\/longchangchemical.com\/tr\/product\/agesin-dp-d265r\/","og_site_name":"Longchang Chemical","article_modified_time":"2025-04-01T07:08:37+00:00","og_image":[{"width":1000,"height":1000,"url":"https:\/\/longchangchemical.com\/wp-content\/uploads\/2024\/02\/logo-jpeg.jpg","type":"image\/jpeg"}],"twitter_card":"summary_large_image","schema":{"@context":"https:\/\/schema.org","@graph":[{"@type":"WebPage","@id":"https:\/\/longchangchemical.com\/product\/agesin-dp-d265r\/","url":"https:\/\/longchangchemical.com\/product\/agesin-dp-d265r\/","name":"\u00c7in CHLUMICRYL\u00ae DP-D265R \/ Dispersant \u00dcreticisi - Longchang Chemical","isPartOf":{"@id":"https:\/\/longchangchemical.com\/#website"},"datePublished":"2023-03-24T13:04:16+00:00","dateModified":"2025-04-01T07:08:37+00:00","description":"E\u015fde\u011fer alternatifler- Elementis Disponer 9850;BYK163","breadcrumb":{"@id":"https:\/\/longchangchemical.com\/product\/agesin-dp-d265r\/#breadcrumb"},"inLanguage":"tr","potentialAction":[{"@type":"ReadAction","target":["https:\/\/longchangchemical.com\/product\/agesin-dp-d265r\/"]}]},{"@type":"BreadcrumbList","@id":"https:\/\/longchangchemical.com\/product\/agesin-dp-d265r\/#breadcrumb","itemListElement":[{"@type":"ListItem","position":1,"name":"Home","item":"https:\/\/longchangchemical.com\/"},{"@type":"ListItem","position":2,"name":"Products Longchang","item":"https:\/\/longchangchemical.com\/product\/"},{"@type":"ListItem","position":3,"name":"CHLUMICRYL\u00ae DP-D265R \/ Dispersant"}]},{"@type":"WebSite","@id":"https:\/\/longchangchemical.com\/#website","url":"https:\/\/longchangchemical.com\/","name":"Longchang Kimya","description":"\u00c7in kimyasal \u00fcreticisi \uff06 tedarik\u00e7isi","publisher":{"@id":"https:\/\/longchangchemical.com\/#organization"},"potentialAction":[{"@type":"SearchAction","target":{"@type":"EntryPoint","urlTemplate":"https:\/\/longchangchemical.com\/?s={search_term_string}"},"query-input":{"@type":"PropertyValueSpecification","valueRequired":true,"valueName":"search_term_string"}}],"inLanguage":"tr"},{"@type":"Organization","@id":"https:\/\/longchangchemical.com\/#organization","name":"Longchang Kimya","url":"https:\/\/longchangchemical.com\/","logo":{"@type":"ImageObject","inLanguage":"tr","@id":"https:\/\/longchangchemical.com\/#\/schema\/logo\/image\/","url":"https:\/\/longchangchemical.com\/wp-content\/uploads\/2020\/08\/cropped-longchang-logo.png","contentUrl":"https:\/\/longchangchemical.com\/wp-content\/uploads\/2020\/08\/cropped-longchang-logo.png","width":512,"height":512,"caption":"Longchang Chemical"},"image":{"@id":"https:\/\/longchangchemical.com\/#\/schema\/logo\/image\/"}}]}},"_links":{"self":[{"href":"https:\/\/longchangchemical.com\/tr\/wp-json\/wp\/v2\/product\/6006","targetHints":{"allow":["GET"]}}],"collection":[{"href":"https:\/\/longchangchemical.com\/tr\/wp-json\/wp\/v2\/product"}],"about":[{"href":"https:\/\/longchangchemical.com\/tr\/wp-json\/wp\/v2\/types\/product"}],"replies":[{"embeddable":true,"href":"https:\/\/longchangchemical.com\/tr\/wp-json\/wp\/v2\/comments?post=6006"}],"wp:attachment":[{"href":"https:\/\/longchangchemical.com\/tr\/wp-json\/wp\/v2\/media?parent=6006"}],"wp:term":[{"taxonomy":"product_brand","embeddable":true,"href":"https:\/\/longchangchemical.com\/tr\/wp-json\/wp\/v2\/product_brand?post=6006"},{"taxonomy":"product_cat","embeddable":true,"href":"https:\/\/longchangchemical.com\/tr\/wp-json\/wp\/v2\/product_cat?post=6006"},{"taxonomy":"product_tag","embeddable":true,"href":"https:\/\/longchangchemical.com\/tr\/wp-json\/wp\/v2\/product_tag?post=6006"}],"curies":[{"name":"wp","href":"https:\/\/api.w.org\/{rel}","templated":true}]}}