{"id":5999,"date":"2023-03-22T12:31:11","date_gmt":"2023-03-22T12:31:11","guid":{"rendered":"https:\/\/longchangchemical.com\/?post_type=product&#038;p=5999"},"modified":"2026-05-08T08:26:18","modified_gmt":"2026-05-08T08:26:18","slug":"agesin-dp-d264r","status":"publish","type":"product","link":"https:\/\/longchangchemical.com\/tr\/product\/agesin-dp-d264r\/","title":{"rendered":"CHLUMICRYL\u00ae DP-D264R \/ Dispersan"},"content":{"rendered":"<h2><strong> DP-D264R \/ Dispersan<\/strong><\/h2>\n<table style=\"border-collapse: collapse; width: 215.28pt;\" border=\"0\" width=\"287\" cellspacing=\"0\" cellpadding=\"0\">\n<tbody>\n<tr style=\"height: 36.75pt;\">\n<td class=\"et2\" style=\"height: 36.75pt; width: 74.25pt;\" width=\"99\" height=\"49\">Kompozisyon<\/td>\n<td class=\"et3\" style=\"width: 141.00pt;\" width=\"188\">Pigment afinite gruplar\u0131na sahip polimerik blok kopolimer \u00e7\u00f6zeltisi<\/td>\n<\/tr>\n<tr style=\"height: 24.75pt;\">\n<td class=\"et2\" style=\"height: 24.75pt; width: 74.25pt;\" width=\"99\" height=\"33\">G\u00f6r\u00fcn\u00fc\u015f<\/td>\n<td class=\"et3\" style=\"width: 141.00pt;\" width=\"188\">Renksiz ila hafif sar\u0131 \u015feffaf s\u0131v\u0131<\/td>\n<\/tr>\n<tr style=\"height: 14.25pt;\">\n<td class=\"et2\" style=\"height: 14.25pt; width: 74.25pt;\" width=\"99\" height=\"19\">Solvent<\/td>\n<td class=\"et3\" style=\"width: 141.00pt;\" width=\"188\">Dibazik ester<\/td>\n<\/tr>\n<tr style=\"height: 14.25pt;\">\n<td class=\"et2\" style=\"height: 14.25pt; width: 74.25pt;\" width=\"99\" height=\"19\">Yo\u011funluk<\/td>\n<td class=\"et3\" style=\"width: 141.00pt;\" width=\"188\">1,10-1,14 g\/ml (25\u00b11)\u2103<\/td>\n<\/tr>\n<tr style=\"height: 24.75pt;\">\n<td class=\"et2\" style=\"height: 24.75pt; width: 74.25pt;\" width=\"99\" height=\"33\">Viskozite<\/td>\n<td class=\"et3\" style=\"width: 141.00pt;\" width=\"188\">\u2265Q (kabarc\u0131k viskozimetre y\u00f6ntemi) (25\u00b10,2)\u2103<\/td>\n<\/tr>\n<tr style=\"height: 36.75pt;\">\n<td class=\"et2\" style=\"height: 36.75pt; width: 74.25pt;\" width=\"99\" height=\"49\">Aktif madde i\u00e7eri\u011fi<\/td>\n<td class=\"et4\" style=\"width: 141.00pt;\" width=\"188\">63%<\/td>\n<\/tr>\n<tr style=\"height: 14.25pt;\">\n<td class=\"et2\" style=\"height: 14.25pt; width: 74.25pt;\" width=\"99\" height=\"19\">Parlama noktas\u0131<\/td>\n<td class=\"et3\" style=\"width: 141.00pt;\" width=\"188\">&gt;100\u2103<\/td>\n<\/tr>\n<\/tbody>\n<\/table>\n<h2><strong> DP-D264R Uygulama Alanlar\u0131<\/strong><\/h2>\n<p>Solvent bazl\u0131 sistemler<\/p>\n<h2><strong> DP-D264R Ana \u00f6zellikler<\/strong><\/h2>\n<p>1\u3001Blok tipi polimer dispersan, pro-pigment grubu ve dispersanda pigment y\u00fczey adsorpsiyonu ve pro-medya segmenti olarak d\u00fc\u015f\u00fck molek\u00fcler a\u011f\u0131rl\u0131kl\u0131 kopolimerden olu\u015fur.<br \/>\n2\u3001D\u00fc\u015f\u00fck molek\u00fcler a\u011f\u0131rl\u0131kl\u0131 kopolimer, pigment partik\u00fclleri aras\u0131ndaki \u00e7ekimi azaltan ve iyi bir dispersiyon stabilitesi elde eden belirli bir kal\u0131nl\u0131kta engel tabakas\u0131 olu\u015fturur.<br \/>\n3\u3001Dispers karbon siyah\u0131 \u00e7ok iyi renk yay\u0131l\u0131m\u0131na ve parlakl\u0131\u011fa sahiptir.<br \/>\n4\u3001\u0130ki bile\u015fenli ve termoset sistemde kullan\u0131labilir, termoplastik akrilik sisteme uygulanamaz.<\/p>\n<h2><strong> DP-D264R Kullan\u0131m y\u00f6ntemi<\/strong><\/h2>\n<p>Dispersan \u00f6\u011f\u00fctme malzemesine eklenmeli ve iyice kar\u0131\u015ft\u0131r\u0131lmal\u0131, ard\u0131ndan \u00f6\u011f\u00fctmek ve da\u011f\u0131tmak i\u00e7in pigment eklenmelidir.<\/p>\n<h2><strong> DP-D264R \u00d6nerilen dozaj<\/strong><\/h2>\n<table style=\"border-collapse: collapse; width: 108.03pt;\" border=\"0\" width=\"144\" cellspacing=\"0\" cellpadding=\"0\">\n<tbody>\n<tr style=\"height: 24.75pt;\">\n<td class=\"et2\" style=\"height: 24.75pt; width: 54.00pt;\" width=\"72\" height=\"33\">\u0130norganik pigmentler<\/td>\n<td class=\"et2\" style=\"width: 54.00pt;\" width=\"72\">1-10%<\/td>\n<\/tr>\n<tr style=\"height: 24.75pt;\">\n<td class=\"et2\" style=\"height: 24.75pt; width: 54.00pt;\" width=\"72\" height=\"33\">Organik pigmentler<\/td>\n<td class=\"et2\" style=\"width: 54.00pt;\" width=\"72\">15-35%<\/td>\n<\/tr>\n<tr style=\"height: 24.75pt;\">\n<td class=\"et2\" style=\"height: 24.75pt; width: 54.00pt;\" width=\"72\" height=\"33\">Karbon Siyah\u0131<\/td>\n<td class=\"et2\" style=\"width: 54.00pt;\" width=\"72\">25-100%<\/td>\n<\/tr>\n<\/tbody>\n<\/table>\n<h2><strong> DP-D264R Depolama kararl\u0131l\u0131\u011f\u0131<\/strong><\/h2>\n<p>A\u00e7\u0131lmam\u0131\u015f orijinal ambalaj\u0131nda 24 ay saklay\u0131n\u0131z. S\u0131cakl\u0131k 5\u00b0C'nin alt\u0131nda oldu\u011funda tabakala\u015fma ve bulan\u0131kl\u0131k olu\u015fabilir. Kullanmadan \u00f6nce \u0131s\u0131tmak ve iyice kar\u0131\u015ft\u0131rmak \u00fcr\u00fcn kalitesini etkilemeyecektir. Depolama s\u00fcresini a\u015fan \u00fcr\u00fcn, kontrolden ge\u00e7tikten sonra kullan\u0131lmaya devam edilebilir. Kap tamamen bo\u015falmadan \u00f6nce, kullan\u0131mdan hemen sonra s\u0131k\u0131ca kapat\u0131lmal\u0131d\u0131r.<\/p>\n<h2><strong> DP-D264R Paketleme<\/strong><\/h2>\n<p>25KG \/ 180KG.<\/p>\n<h2><strong>\u015eimdi Bize Ula\u015f\u0131n!<\/strong><\/h2>\n<h4><strong><b>COA, MSDS veya TDS'ye ihtiyac\u0131n\u0131z varsa, l\u00fctfen a\u015fa\u011f\u0131daki forma ileti\u015fim bilgilerinizi girin, genellikle 24 saat i\u00e7inde sizinle ileti\u015fime ge\u00e7ece\u011fiz. Bana e-posta da g\u00f6nderebilirsiniz <span style=\"color: #0000ff;\"><a style=\"color: #0000ff;\" href=\"mailto:info@longchangchemical.com\">info@longchangchemical.com<\/a><\/span> \u00c7al\u0131\u015fma saatleri i\u00e7inde (8:30 - 6:00 UTC+8 Pzt.~Sat.) veya h\u0131zl\u0131 yan\u0131t almak i\u00e7in web sitesi canl\u0131 sohbetini kullan\u0131n.<\/b><\/strong><\/h4>\n<p>&nbsp;<\/p>","protected":false},"excerpt":{"rendered":"<p>DP-D264R Dispersant Coating Additive is a coating additive for coatings, inks and specialty surface modification. Key benefits include not applicable to thermoplastic acrylic system. DP-D264R Use method Dispersant should be added to the grinding material and stirred well and then add pigment to grind and disperse. DP-D264R Recommended dosage Inorganic pigments 1-10% Organic pigments 15-35% Carbon Black 25-100%<\/p>","protected":false},"featured_media":0,"comment_status":"closed","ping_status":"closed","template":"","meta":[],"product_brand":[],"product_cat":[138],"product_tag":[],"class_list":{"0":"post-5999","1":"product","2":"type-product","3":"status-publish","5":"product_cat-coating-and-ink-additives","7":"first","8":"instock","9":"shipping-taxable","10":"product-type-simple"},"yoast_head":"<!-- This site is optimized with the Yoast SEO plugin v25.3.1 - https:\/\/yoast.com\/wordpress\/plugins\/seo\/ -->\n<title>DP-D264R Dispersant Coating Additive | Longchang Chemical<\/title>\n<meta name=\"description\" content=\"DP-D264R Dispersant Coating Additive is a coating additive for coatings, inks and specialty surface modification. Key benefits include not applicable to\" \/>\n<meta name=\"robots\" content=\"index, follow, max-snippet:-1, max-image-preview:large, max-video-preview:-1\" \/>\n<link rel=\"canonical\" href=\"https:\/\/longchangchemical.com\/tr\/product\/agesin-dp-d264r\/\" \/>\n<meta property=\"og:locale\" content=\"tr_TR\" \/>\n<meta property=\"og:type\" content=\"article\" \/>\n<meta property=\"og:title\" content=\"DP-D264R Dispersant Coating Additive | Longchang Chemical\" \/>\n<meta property=\"og:description\" content=\"DP-D264R Dispersant Coating Additive is a coating additive for coatings, inks and specialty surface modification. Key benefits include not applicable to\" \/>\n<meta property=\"og:url\" content=\"https:\/\/longchangchemical.com\/tr\/product\/agesin-dp-d264r\/\" \/>\n<meta property=\"og:site_name\" content=\"Longchang Chemical\" \/>\n<meta property=\"article:modified_time\" content=\"2026-05-08T08:26:18+00:00\" \/>\n<meta property=\"og:image\" content=\"https:\/\/longchangchemical.com\/wp-content\/uploads\/2024\/02\/logo-jpeg.jpg\" \/>\n\t<meta property=\"og:image:width\" content=\"1000\" \/>\n\t<meta property=\"og:image:height\" content=\"1000\" \/>\n\t<meta property=\"og:image:type\" content=\"image\/jpeg\" \/>\n<meta name=\"twitter:card\" content=\"summary_large_image\" \/>\n<script type=\"application\/ld+json\" class=\"yoast-schema-graph\">{\"@context\":\"https:\/\/schema.org\",\"@graph\":[{\"@type\":\"WebPage\",\"@id\":\"https:\/\/longchangchemical.com\/product\/agesin-dp-d264r\/\",\"url\":\"https:\/\/longchangchemical.com\/product\/agesin-dp-d264r\/\",\"name\":\"DP-D264R Dispersant Coating Additive | Longchang Chemical\",\"isPartOf\":{\"@id\":\"https:\/\/longchangchemical.com\/#website\"},\"datePublished\":\"2023-03-22T12:31:11+00:00\",\"dateModified\":\"2026-05-08T08:26:18+00:00\",\"description\":\"DP-D264R Dispersant Coating Additive is a coating additive for coatings, inks and specialty surface modification. Key benefits include not applicable to\",\"breadcrumb\":{\"@id\":\"https:\/\/longchangchemical.com\/product\/agesin-dp-d264r\/#breadcrumb\"},\"inLanguage\":\"tr\",\"potentialAction\":[{\"@type\":\"ReadAction\",\"target\":[\"https:\/\/longchangchemical.com\/product\/agesin-dp-d264r\/\"]}]},{\"@type\":\"BreadcrumbList\",\"@id\":\"https:\/\/longchangchemical.com\/product\/agesin-dp-d264r\/#breadcrumb\",\"itemListElement\":[{\"@type\":\"ListItem\",\"position\":1,\"name\":\"Home\",\"item\":\"https:\/\/longchangchemical.com\/\"},{\"@type\":\"ListItem\",\"position\":2,\"name\":\"Products Longchang\",\"item\":\"https:\/\/longchangchemical.com\/product\/\"},{\"@type\":\"ListItem\",\"position\":3,\"name\":\"CHLUMICRYL\u00ae DP-D264R \/ Dispersant\"}]},{\"@type\":\"WebSite\",\"@id\":\"https:\/\/longchangchemical.com\/#website\",\"url\":\"https:\/\/longchangchemical.com\/\",\"name\":\"Longchang Chemical\",\"description\":\"China chemical manufacturer \uff06 supplier\",\"publisher\":{\"@id\":\"https:\/\/longchangchemical.com\/#organization\"},\"potentialAction\":[{\"@type\":\"SearchAction\",\"target\":{\"@type\":\"EntryPoint\",\"urlTemplate\":\"https:\/\/longchangchemical.com\/?s={search_term_string}\"},\"query-input\":{\"@type\":\"PropertyValueSpecification\",\"valueRequired\":true,\"valueName\":\"search_term_string\"}}],\"inLanguage\":\"tr\"},{\"@type\":\"Organization\",\"@id\":\"https:\/\/longchangchemical.com\/#organization\",\"name\":\"Longchang Chemical\",\"url\":\"https:\/\/longchangchemical.com\/\",\"logo\":{\"@type\":\"ImageObject\",\"inLanguage\":\"tr\",\"@id\":\"https:\/\/longchangchemical.com\/#\/schema\/logo\/image\/\",\"url\":\"https:\/\/longchangchemical.com\/wp-content\/uploads\/2020\/08\/cropped-longchang-logo.png\",\"contentUrl\":\"https:\/\/longchangchemical.com\/wp-content\/uploads\/2020\/08\/cropped-longchang-logo.png\",\"width\":512,\"height\":512,\"caption\":\"Longchang Chemical\"},\"image\":{\"@id\":\"https:\/\/longchangchemical.com\/#\/schema\/logo\/image\/\"}}]}<\/script>\n<!-- \/ Yoast SEO plugin. -->","yoast_head_json":{"title":"DP-D264R Dispersant Coating Additive | Longchang Chemical","description":"DP-D264R Dispersant Coating Additive is a coating additive for coatings, inks and specialty surface modification. Key benefits include not applicable to","robots":{"index":"index","follow":"follow","max-snippet":"max-snippet:-1","max-image-preview":"max-image-preview:large","max-video-preview":"max-video-preview:-1"},"canonical":"https:\/\/longchangchemical.com\/tr\/product\/agesin-dp-d264r\/","og_locale":"tr_TR","og_type":"article","og_title":"DP-D264R Dispersant Coating Additive | Longchang Chemical","og_description":"DP-D264R Dispersant Coating Additive is a coating additive for coatings, inks and specialty surface modification. Key benefits include not applicable to","og_url":"https:\/\/longchangchemical.com\/tr\/product\/agesin-dp-d264r\/","og_site_name":"Longchang Chemical","article_modified_time":"2026-05-08T08:26:18+00:00","og_image":[{"width":1000,"height":1000,"url":"https:\/\/longchangchemical.com\/wp-content\/uploads\/2024\/02\/logo-jpeg.jpg","type":"image\/jpeg"}],"twitter_card":"summary_large_image","schema":{"@context":"https:\/\/schema.org","@graph":[{"@type":"WebPage","@id":"https:\/\/longchangchemical.com\/product\/agesin-dp-d264r\/","url":"https:\/\/longchangchemical.com\/product\/agesin-dp-d264r\/","name":"DP-D264R Dispersant Coating Additive | Longchang Chemical","isPartOf":{"@id":"https:\/\/longchangchemical.com\/#website"},"datePublished":"2023-03-22T12:31:11+00:00","dateModified":"2026-05-08T08:26:18+00:00","description":"DP-D264R Dispersant Coating Additive is a coating additive for coatings, inks and specialty surface modification. Key benefits include not applicable to","breadcrumb":{"@id":"https:\/\/longchangchemical.com\/product\/agesin-dp-d264r\/#breadcrumb"},"inLanguage":"tr","potentialAction":[{"@type":"ReadAction","target":["https:\/\/longchangchemical.com\/product\/agesin-dp-d264r\/"]}]},{"@type":"BreadcrumbList","@id":"https:\/\/longchangchemical.com\/product\/agesin-dp-d264r\/#breadcrumb","itemListElement":[{"@type":"ListItem","position":1,"name":"Home","item":"https:\/\/longchangchemical.com\/"},{"@type":"ListItem","position":2,"name":"Products Longchang","item":"https:\/\/longchangchemical.com\/product\/"},{"@type":"ListItem","position":3,"name":"CHLUMICRYL\u00ae DP-D264R \/ Dispersant"}]},{"@type":"WebSite","@id":"https:\/\/longchangchemical.com\/#website","url":"https:\/\/longchangchemical.com\/","name":"Longchang Kimya","description":"\u00c7in kimyasal \u00fcreticisi \uff06 tedarik\u00e7isi","publisher":{"@id":"https:\/\/longchangchemical.com\/#organization"},"potentialAction":[{"@type":"SearchAction","target":{"@type":"EntryPoint","urlTemplate":"https:\/\/longchangchemical.com\/?s={search_term_string}"},"query-input":{"@type":"PropertyValueSpecification","valueRequired":true,"valueName":"search_term_string"}}],"inLanguage":"tr"},{"@type":"Organization","@id":"https:\/\/longchangchemical.com\/#organization","name":"Longchang Kimya","url":"https:\/\/longchangchemical.com\/","logo":{"@type":"ImageObject","inLanguage":"tr","@id":"https:\/\/longchangchemical.com\/#\/schema\/logo\/image\/","url":"https:\/\/longchangchemical.com\/wp-content\/uploads\/2020\/08\/cropped-longchang-logo.png","contentUrl":"https:\/\/longchangchemical.com\/wp-content\/uploads\/2020\/08\/cropped-longchang-logo.png","width":512,"height":512,"caption":"Longchang Chemical"},"image":{"@id":"https:\/\/longchangchemical.com\/#\/schema\/logo\/image\/"}}]}},"_links":{"self":[{"href":"https:\/\/longchangchemical.com\/tr\/wp-json\/wp\/v2\/product\/5999","targetHints":{"allow":["GET"]}}],"collection":[{"href":"https:\/\/longchangchemical.com\/tr\/wp-json\/wp\/v2\/product"}],"about":[{"href":"https:\/\/longchangchemical.com\/tr\/wp-json\/wp\/v2\/types\/product"}],"replies":[{"embeddable":true,"href":"https:\/\/longchangchemical.com\/tr\/wp-json\/wp\/v2\/comments?post=5999"}],"wp:attachment":[{"href":"https:\/\/longchangchemical.com\/tr\/wp-json\/wp\/v2\/media?parent=5999"}],"wp:term":[{"taxonomy":"product_brand","embeddable":true,"href":"https:\/\/longchangchemical.com\/tr\/wp-json\/wp\/v2\/product_brand?post=5999"},{"taxonomy":"product_cat","embeddable":true,"href":"https:\/\/longchangchemical.com\/tr\/wp-json\/wp\/v2\/product_cat?post=5999"},{"taxonomy":"product_tag","embeddable":true,"href":"https:\/\/longchangchemical.com\/tr\/wp-json\/wp\/v2\/product_tag?post=5999"}],"curies":[{"name":"wp","href":"https:\/\/api.w.org\/{rel}","templated":true}]}}